{"id":111,"date":"2020-06-10T20:37:38","date_gmt":"2020-06-10T18:37:38","guid":{"rendered":"http:\/\/viennatouristinformation.com\/en\/?page_id=111"},"modified":"2023-06-14T10:58:22","modified_gmt":"2023-06-14T08:58:22","slug":"plan","status":"publish","type":"page","link":"https:\/\/viennatouristinformation.com\/en\/plan\/","title":{"rendered":"Travel Planning: Plan Your Trip to Vienna"},"content":{"rendered":"<h1 style=\"\">Plan Your Trip to Vienna<\/h1>\n<p>This is about easy arrival, central districts, sights, general travel tips and the most important questions before your trip to Vienna.<\/p>\n<h2 style=\"text-align: center;\" id=\"t-1601911056482\">How Do I Get to Vienna?<\/h2>\n<p style=\"text-align: center;\">Train, Bus, Car and Airplane<\/p>\n<h3 style=\"\" id=\"t-1601911056457\"><span data-attr-css=\"tve-u-172a53df671\" data-attr-link=\"1\" data-attr-rel=\"0\" data-attr-target=\"0\" data-extra_key=\"\" data-option-inline=\"1\" data-shortcode=\"tcb_post_title\" data-shortcode-name=\"Post title\" data-attr-static-link=\"{&quot;className&quot;:&quot;&quot;,&quot;href&quot;:&quot;https:\/\/viennatouristinformation.com\/en\/plan\/arrival\/&quot;,&quot;title&quot;:&quot;Arrival in Vienna&quot;,&quot;data-css&quot;:&quot;tve-u-172a53df671&quot;,&quot;class&quot;:&quot;&quot;}\" style=\"\"><a href=\"https:\/\/viennatouristinformation.com\/en\/plan\/arrival\/\" title=\"Arrival in Vienna\">Arrival in Vienna<\/a><\/span><\/h3>\n<p><a href=\"https:\/\/viennatouristinformation.com\/en\/plan\/arrival\/park-and-ride\/\" dynamic-postlink=\"tcb_post_the_permalink\" data-shortcode-id=\"1276\"><\/a><\/p>\n<h3 style=\"text-align: center; padding-top: 0px !important; margin-top: 0px !important;\" id=\"t-1601911056458\"><span data-attr-link=\"1\" data-attr-rel=\"0\" data-attr-target=\"0\" data-extra_key=\"\" data-option-inline=\"1\" data-shortcode=\"tcb_post_title\" data-shortcode-name=\"Post title\" data-attr-css=\"\" data-attr-static-link=\"{&quot;className&quot;:&quot;&quot;,&quot;href&quot;:&quot;https:\/\/viennatouristinformation.com\/en\/plan\/arrival\/park-and-ride\/&quot;,&quot;title&quot;:&quot;Park and Ride in Vienna&quot;,&quot;class&quot;:&quot;&quot;}\"><a href=\"https:\/\/viennatouristinformation.com\/en\/plan\/arrival\/park-and-ride\/\" title=\"Park and Ride in Vienna\" data-css=\"\">Park and Ride in Vienna<\/a><\/span><\/h3>\n<p>So viele Sehensw\u00fcrdigkeiten es in Wien gibt, so <a href=\"https:\/\/viennatouristinformation.com\/en\/plan\/arrival\/park-and-ride\/#more-1276\">&#8230;<\/a><\/p>\n<p><a href=\"https:\/\/viennatouristinformation.com\/en\/plan\/arrival\/park-and-ride\/\" style=\"\"><span style=\"\"><span style=\"\"><strong>Read More<\/strong><\/span><\/span><\/a><a href=\"https:\/\/viennatouristinformation.com\/en\/plan\/arrival\/parking\/\" dynamic-postlink=\"tcb_post_the_permalink\" data-shortcode-id=\"1276\"><\/a><\/p>\n<h3 style=\"text-align: center; padding-top: 0px !important; margin-top: 0px !important;\" id=\"t-1601911056458\"><span data-attr-link=\"1\" data-attr-rel=\"0\" data-attr-target=\"0\" data-extra_key=\"\" data-option-inline=\"1\" data-shortcode=\"tcb_post_title\" data-shortcode-name=\"Post title\" data-attr-css=\"\" data-attr-static-link=\"{&quot;className&quot;:&quot;&quot;,&quot;href&quot;:&quot;https:\/\/viennatouristinformation.com\/en\/plan\/arrival\/park-and-ride\/&quot;,&quot;title&quot;:&quot;Park and Ride in Vienna&quot;,&quot;class&quot;:&quot;&quot;}\"><a href=\"https:\/\/viennatouristinformation.com\/en\/plan\/arrival\/parking\/\" title=\"Parking in Vienna\" data-css=\"\">Parking in Vienna<\/a><\/span><\/h3>\n<p>Wenn es auch manchmal ein etwas erh\u00f6htes Verkehrsaufkommen <a href=\"https:\/\/viennatouristinformation.com\/en\/plan\/arrival\/parking\/#more-216\">&#8230;<\/a><\/p>\n<p><a href=\"https:\/\/viennatouristinformation.com\/en\/plan\/arrival\/parking\/\" style=\"\"><span style=\"\"><span style=\"\"><strong>Read More<\/strong><\/span><\/span><\/a><a href=\"https:\/\/viennatouristinformation.com\/en\/plan\/arrival\/taxi\/\" dynamic-postlink=\"tcb_post_the_permalink\" data-shortcode-id=\"1276\"><\/a><\/p>\n<h3 style=\"text-align: center; padding-top: 0px !important; margin-top: 0px !important;\" id=\"t-1601911056458\"><span data-attr-link=\"1\" data-attr-rel=\"0\" data-attr-target=\"0\" data-extra_key=\"\" data-option-inline=\"1\" data-shortcode=\"tcb_post_title\" data-shortcode-name=\"Post title\" data-attr-css=\"\" data-attr-static-link=\"{&quot;className&quot;:&quot;&quot;,&quot;href&quot;:&quot;https:\/\/viennatouristinformation.com\/en\/plan\/arrival\/park-and-ride\/&quot;,&quot;title&quot;:&quot;Park and Ride in Vienna&quot;,&quot;class&quot;:&quot;&quot;}\"><a href=\"https:\/\/viennatouristinformation.com\/en\/plan\/arrival\/taxi\/\" title=\"Taxis in Vienna\" data-css=\"\">Taxis in Vienna<\/a><\/span><\/h3>\n<p>Rund 4500 Taxis gibt es in Wien. Entweder <a href=\"https:\/\/viennatouristinformation.com\/en\/plan\/arrival\/taxi\/#more-220\">&#8230;<\/a><\/p>\n<p><a href=\"https:\/\/viennatouristinformation.com\/en\/plan\/arrival\/taxi\/\" style=\"\"><span style=\"\"><span style=\"\"><strong>Read More<\/strong><\/span><\/span><\/a><a href=\"https:\/\/viennatouristinformation.com\/en\/plan\/arrival\/central-station\/\" dynamic-postlink=\"tcb_post_the_permalink\" data-shortcode-id=\"1276\"><\/a><\/p>\n<h3 style=\"text-align: center; padding-top: 0px !important; margin-top: 0px !important;\" id=\"t-1601911056458\"><span data-attr-link=\"1\" data-attr-rel=\"0\" data-attr-target=\"0\" data-extra_key=\"\" data-option-inline=\"1\" data-shortcode=\"tcb_post_title\" data-shortcode-name=\"Post title\" data-attr-css=\"\" data-attr-static-link=\"{&quot;className&quot;:&quot;&quot;,&quot;href&quot;:&quot;https:\/\/viennatouristinformation.com\/en\/plan\/arrival\/park-and-ride\/&quot;,&quot;title&quot;:&quot;Park and Ride in Vienna&quot;,&quot;class&quot;:&quot;&quot;}\"><a href=\"https:\/\/viennatouristinformation.com\/en\/plan\/arrival\/central-station\/\" title=\"Vienna Central Station\" data-css=\"\">Vienna Central Station<\/a><\/span><\/h3>\n<p>Der Wiener Hauptbahnhof, der fr\u00fchere S\u00fcdbahnhof, liegt im <a href=\"https:\/\/viennatouristinformation.com\/en\/plan\/arrival\/central-station\/#more-169\">&#8230;<\/a><\/p>\n<p><a href=\"https:\/\/viennatouristinformation.com\/en\/plan\/arrival\/central-station\/\" style=\"\"><span style=\"\"><span style=\"\"><strong>Read More<\/strong><\/span><\/span><\/a><a href=\"https:\/\/viennatouristinformation.com\/en\/plan\/arrival\/vib-bus-station\/\" dynamic-postlink=\"tcb_post_the_permalink\" data-shortcode-id=\"1276\"><\/a><\/p>\n<h3 style=\"text-align: center; padding-top: 0px !important; margin-top: 0px !important;\" id=\"t-1601911056458\"><span data-attr-link=\"1\" data-attr-rel=\"0\" data-attr-target=\"0\" data-extra_key=\"\" data-option-inline=\"1\" data-shortcode=\"tcb_post_title\" data-shortcode-name=\"Post title\" data-attr-css=\"\" data-attr-static-link=\"{&quot;className&quot;:&quot;&quot;,&quot;href&quot;:&quot;https:\/\/viennatouristinformation.com\/en\/plan\/arrival\/park-and-ride\/&quot;,&quot;title&quot;:&quot;Park and Ride in Vienna&quot;,&quot;class&quot;:&quot;&quot;}\"><a href=\"https:\/\/viennatouristinformation.com\/en\/plan\/arrival\/vib-bus-station\/\" title=\"Vienna International Bus Terminal (VIB)\" data-css=\"\">Vienna International Bus Terminal (VIB)<\/a><\/span><\/h3>\n<p>Der Busbahnhof Wien Erdberg ist \u00d6sterreichs gr\u00f6\u00dfter Busbahnhof. <a href=\"https:\/\/viennatouristinformation.com\/en\/plan\/arrival\/vib-bus-station\/#more-167\">&#8230;<\/a><\/p>\n<p><a href=\"https:\/\/viennatouristinformation.com\/en\/plan\/arrival\/vib-bus-station\/\" style=\"\"><span style=\"\"><span style=\"\"><strong>Read More<\/strong><\/span><\/span><\/a><a href=\"https:\/\/viennatouristinformation.com\/en\/plan\/arrival\/schwechat-airport\/\" dynamic-postlink=\"tcb_post_the_permalink\" data-shortcode-id=\"1276\"><\/a><\/p>\n<h3 style=\"text-align: center; padding-top: 0px !important; margin-top: 0px !important;\" id=\"t-1601911056458\"><span data-attr-link=\"1\" data-attr-rel=\"0\" data-attr-target=\"0\" data-extra_key=\"\" data-option-inline=\"1\" data-shortcode=\"tcb_post_title\" data-shortcode-name=\"Post title\" data-attr-css=\"\" data-attr-static-link=\"{&quot;className&quot;:&quot;&quot;,&quot;href&quot;:&quot;https:\/\/viennatouristinformation.com\/en\/plan\/arrival\/park-and-ride\/&quot;,&quot;title&quot;:&quot;Park and Ride in Vienna&quot;,&quot;class&quot;:&quot;&quot;}\"><a href=\"https:\/\/viennatouristinformation.com\/en\/plan\/arrival\/schwechat-airport\/\" title=\"Vienna Schwechat Airport\" data-css=\"\">Vienna Schwechat Airport<\/a><\/span><\/h3>\n<p>Der Flughafen Schwechat liegt s\u00fcd\u00f6stlich von Wien in <a href=\"https:\/\/viennatouristinformation.com\/en\/plan\/arrival\/schwechat-airport\/#more-163\">&#8230;<\/a><\/p>\n<p><a href=\"https:\/\/viennatouristinformation.com\/en\/plan\/arrival\/schwechat-airport\/\" style=\"\"><span style=\"\"><span style=\"\"><strong>Read More<\/strong><\/span><\/span><\/a><a href=\"javascript:void(0)\" style=\"\"><span style=\"\"><span style=\"\">Load More<\/span><\/span><\/a><\/p>\n<h3 style=\"\" id=\"t-1601911056464\">Vienna Guide<\/h3>\n<p>The audio guide app with more than 100 sights, guided tours and tickets.<\/p>\n<h2 style=\"text-align: center;\" id=\"t-1601911056483\">Where Should I Stay in Vienna?<\/h2>\n<p style=\"text-align: center;\">Districts, Hotels, Apartments and more&#8230;<\/p>\n<p style=\"padding: 0px !important; margin: 0px !important; text-align: center;\">1.9&nbsp;<\/p>\n<p style=\"padding: 0px !important; margin: 0px !important; text-align: center;\">Million People<\/p>\n<p style=\"padding: 0px !important; margin: 0px !important; line-height: 1.4em !important; text-align: center;\">23<\/p>\n<p style=\"padding: 0px !important; margin: 0px !important; text-align: center;\">Districts<\/p>\n<p style=\"padding: 0px !important; margin: 0px !important; line-height: 1.4em !important; text-align: center;\">96<\/p>\n<p style=\"padding: 0px !important; margin: 0px !important; text-align: center;\">Neighborhoods<\/p>\n<p style=\"padding: 0px !important; margin: 0px !important; line-height: 1.4em !important; text-align: center;\">3.700+<\/p>\n<p style=\"padding: 0px !important; margin: 0px !important; text-align: center;\">Hotels<\/p>\n<h3 style=\"\" id=\"t-1601911056465\"><span data-attr-css=\"tve-u-172a53ab909\" data-attr-link=\"1\" data-attr-rel=\"0\" data-attr-target=\"0\" data-extra_key=\"\" data-option-inline=\"1\" data-shortcode=\"tcb_post_title\" data-shortcode-name=\"Post title\" data-attr-static-link=\"{&quot;className&quot;:&quot;&quot;,&quot;href&quot;:&quot;https:\/\/viennatouristinformation.com\/en\/hotels\/&quot;,&quot;title&quot;:&quot;Recommended Hotels&quot;,&quot;data-css&quot;:&quot;tve-u-172a53ab909&quot;,&quot;class&quot;:&quot;&quot;}\" style=\"\"><a href=\"https:\/\/viennatouristinformation.com\/en\/hotels\/\" title=\"Recommended Hotels\">Recommended Hotels<\/a><\/span><\/h3>\n<p><a href=\"https:\/\/viennatouristinformation.com\/en\/hotels\/5-star\/\" dynamic-postlink=\"tcb_post_the_permalink\" data-shortcode-id=\"890\"><\/a><\/p>\n<h3 style=\"text-align: center; padding-top: 0px !important; margin-top: 0px !important;\" id=\"t-1601911056466\"><span data-attr-link=\"1\" data-attr-rel=\"0\" data-attr-target=\"0\" data-extra_key=\"\" data-option-inline=\"1\" data-shortcode=\"tcb_post_title\" data-shortcode-name=\"Post title\" data-attr-css=\"\" data-attr-static-link=\"{&quot;className&quot;:&quot;&quot;,&quot;href&quot;:&quot;https:\/\/viennatouristinformation.com\/en\/hotels\/5-star\/&quot;,&quot;title&quot;:&quot;21 Best 5-Star Hotels in Vienna&quot;,&quot;class&quot;:&quot;&quot;}\"><a href=\"https:\/\/viennatouristinformation.com\/en\/hotels\/5-star\/\" title=\"21 Best 5-Star Hotels in Vienna\" data-css=\"\">21 Best 5-Star Hotels in Vienna<\/a><\/span><\/h3>\n<p>Wo kann ich in Wien gut schlafen? Hier <a href=\"https:\/\/viennatouristinformation.com\/en\/hotels\/5-star\/#more-890\">&#8230;<\/a><\/p>\n<p><a href=\"https:\/\/viennatouristinformation.com\/en\/hotels\/5-star\/\" style=\"\"><span style=\"\"><span style=\"\"><strong>Read More<\/strong><\/span><\/span><\/a><a href=\"https:\/\/viennatouristinformation.com\/en\/hotels\/3-star\/\" dynamic-postlink=\"tcb_post_the_permalink\" data-shortcode-id=\"890\"><\/a><\/p>\n<h3 style=\"text-align: center; padding-top: 0px !important; margin-top: 0px !important;\" id=\"t-1601911056466\"><span data-attr-link=\"1\" data-attr-rel=\"0\" data-attr-target=\"0\" data-extra_key=\"\" data-option-inline=\"1\" data-shortcode=\"tcb_post_title\" data-shortcode-name=\"Post title\" data-attr-css=\"\" data-attr-static-link=\"{&quot;className&quot;:&quot;&quot;,&quot;href&quot;:&quot;https:\/\/viennatouristinformation.com\/en\/hotels\/5-star\/&quot;,&quot;title&quot;:&quot;21 Best 5-Star Hotels in Vienna&quot;,&quot;class&quot;:&quot;&quot;}\"><a href=\"https:\/\/viennatouristinformation.com\/en\/hotels\/3-star\/\" title=\"22 Good 3-Star Hotels in Vienna\" data-css=\"\">22 Good 3-Star Hotels in Vienna<\/a><\/span><\/h3>\n<p>Hier ist eine Liste mit guten 3 Sterne <a href=\"https:\/\/viennatouristinformation.com\/en\/hotels\/3-star\/#more-896\">&#8230;<\/a><\/p>\n<p><a href=\"https:\/\/viennatouristinformation.com\/en\/hotels\/3-star\/\" style=\"\"><span style=\"\"><span style=\"\"><strong>Read More<\/strong><\/span><\/span><\/a><a href=\"https:\/\/viennatouristinformation.com\/en\/hotels\/4-star\/\" dynamic-postlink=\"tcb_post_the_permalink\" data-shortcode-id=\"890\"><\/a><\/p>\n<h3 style=\"text-align: center; padding-top: 0px !important; margin-top: 0px !important;\" id=\"t-1601911056466\"><span data-attr-link=\"1\" data-attr-rel=\"0\" data-attr-target=\"0\" data-extra_key=\"\" data-option-inline=\"1\" data-shortcode=\"tcb_post_title\" data-shortcode-name=\"Post title\" data-attr-css=\"\" data-attr-static-link=\"{&quot;className&quot;:&quot;&quot;,&quot;href&quot;:&quot;https:\/\/viennatouristinformation.com\/en\/hotels\/5-star\/&quot;,&quot;title&quot;:&quot;21 Best 5-Star Hotels in Vienna&quot;,&quot;class&quot;:&quot;&quot;}\"><a href=\"https:\/\/viennatouristinformation.com\/en\/hotels\/4-star\/\" title=\"28 Good 4-Star Hotels in the Center of Vienna\" data-css=\"\">28 Good 4-Star Hotels in the Center of Vienna<\/a><\/span><\/h3>\n<p>Welche guten 4 Sterne Hotels gibt es im <a href=\"https:\/\/viennatouristinformation.com\/en\/hotels\/4-star\/#more-817\">&#8230;<\/a><\/p>\n<p><a href=\"https:\/\/viennatouristinformation.com\/en\/hotels\/4-star\/\" style=\"\"><span style=\"\"><span style=\"\"><strong>Read More<\/strong><\/span><\/span><\/a><a href=\"javascript:void(0)\" style=\"\"><span style=\"\"><span style=\"\">Load More<\/span><\/span><\/a><\/p>\n<h3 style=\"\" id=\"t-1601911056469\"><span style=\"\">Full Service M.I.C.E.&nbsp;<\/span><\/h3>\n<p>The complete supporting program from a single source, from incentives to conference hotels with 24-hour support.<\/p>\n<h2 style=\"text-align: center;\" id=\"t-1601911056484\">What Can I Do in Vienna?<\/h2>\n<p style=\"text-align: center;\">Landmarks, Sights &amp; Attractions&#8230;<\/p>\n<h3 style=\"\" id=\"t-1601911056470\"><span data-attr-css=\"tve-u-172a5436fb6\" data-attr-link=\"1\" data-attr-rel=\"0\" data-attr-target=\"0\" data-extra_key=\"\" data-option-inline=\"1\" data-shortcode=\"tcb_post_title\" data-shortcode-name=\"Post title\" data-attr-static-link=\"{&quot;className&quot;:&quot;&quot;,&quot;href&quot;:&quot;https:\/\/viennatouristinformation.com\/en\/things-to-do\/&quot;,&quot;title&quot;:&quot;100 Things to Do in Vienna&quot;,&quot;data-css&quot;:&quot;tve-u-172a5436fb6&quot;,&quot;class&quot;:&quot;&quot;}\"><a href=\"https:\/\/viennatouristinformation.com\/en\/things-to-do\/\" title=\"100 Things to Do in Vienna\">100 Things to Do in Vienna<\/a><\/span><\/h3>\n<p><a href=\"https:\/\/viennatouristinformation.com\/en\/things-to-do\/view-points\/\" dynamic-postlink=\"tcb_post_the_permalink\" data-shortcode-id=\"1253\"><\/a><\/p>\n<h3 style=\"text-align: center; padding-top: 0px !important; margin-top: 0px !important;\" id=\"t-1601911056471\"><span data-attr-link=\"1\" data-attr-rel=\"0\" data-attr-target=\"0\" data-extra_key=\"\" data-option-inline=\"1\" data-shortcode=\"tcb_post_title\" data-shortcode-name=\"Post title\" data-attr-css=\"\" data-attr-static-link=\"{&quot;className&quot;:&quot;&quot;,&quot;href&quot;:&quot;https:\/\/viennatouristinformation.com\/en\/things-to-do\/view-points\/&quot;,&quot;title&quot;:&quot;10 Best View Points in Vienna&quot;,&quot;class&quot;:&quot;&quot;}\"><a href=\"https:\/\/viennatouristinformation.com\/en\/things-to-do\/view-points\/\" title=\"10 Best View Points in Vienna\" data-css=\"\">10 Best View Points in Vienna<\/a><\/span><\/h3>\n<p>Welche Aussichtspunkte gibt es in Wien? Hier ist <a href=\"https:\/\/viennatouristinformation.com\/en\/things-to-do\/view-points\/#more-1253\">&#8230;<\/a><\/p>\n<p><a href=\"https:\/\/viennatouristinformation.com\/en\/things-to-do\/view-points\/\" style=\"\"><span style=\"\"><span style=\"\"><strong>Read More<\/strong><\/span><\/span><\/a><a href=\"https:\/\/viennatouristinformation.com\/en\/things-to-do\/palaces\/\" dynamic-postlink=\"tcb_post_the_permalink\" data-shortcode-id=\"1253\"><\/a><\/p>\n<h3 style=\"text-align: center; padding-top: 0px !important; margin-top: 0px !important;\" id=\"t-1601911056471\"><span data-attr-link=\"1\" data-attr-rel=\"0\" data-attr-target=\"0\" data-extra_key=\"\" data-option-inline=\"1\" data-shortcode=\"tcb_post_title\" data-shortcode-name=\"Post title\" data-attr-css=\"\" data-attr-static-link=\"{&quot;className&quot;:&quot;&quot;,&quot;href&quot;:&quot;https:\/\/viennatouristinformation.com\/en\/things-to-do\/view-points\/&quot;,&quot;title&quot;:&quot;10 Best View Points in Vienna&quot;,&quot;class&quot;:&quot;&quot;}\"><a href=\"https:\/\/viennatouristinformation.com\/en\/things-to-do\/palaces\/\" title=\"10 Most Beautiful Palaces in Vienna\" data-css=\"\">10 Most Beautiful Palaces in Vienna<\/a><\/span><\/h3>\n<p>Hier ist eine Liste mit den wichtigsten Schl\u00f6ssern <a href=\"https:\/\/viennatouristinformation.com\/en\/things-to-do\/palaces\/#more-1247\">&#8230;<\/a><\/p>\n<p><a href=\"https:\/\/viennatouristinformation.com\/en\/things-to-do\/palaces\/\" style=\"\"><span style=\"\"><span style=\"\"><strong>Read More<\/strong><\/span><\/span><\/a><a href=\"https:\/\/viennatouristinformation.com\/en\/things-to-do\/attractions\/\" dynamic-postlink=\"tcb_post_the_permalink\" data-shortcode-id=\"1253\"><\/a><\/p>\n<h3 style=\"text-align: center; padding-top: 0px !important; margin-top: 0px !important;\" id=\"t-1601911056471\"><span data-attr-link=\"1\" data-attr-rel=\"0\" data-attr-target=\"0\" data-extra_key=\"\" data-option-inline=\"1\" data-shortcode=\"tcb_post_title\" data-shortcode-name=\"Post title\" data-attr-css=\"\" data-attr-static-link=\"{&quot;className&quot;:&quot;&quot;,&quot;href&quot;:&quot;https:\/\/viennatouristinformation.com\/en\/things-to-do\/view-points\/&quot;,&quot;title&quot;:&quot;10 Best View Points in Vienna&quot;,&quot;class&quot;:&quot;&quot;}\"><a href=\"https:\/\/viennatouristinformation.com\/en\/things-to-do\/attractions\/\" title=\"20 Attractions in Vienna\" data-css=\"\">20 Attractions in Vienna<\/a><\/span><\/h3>\n<p>Are you looking for exciting attractions in Vienna?Here <a href=\"https:\/\/viennatouristinformation.com\/en\/things-to-do\/attractions\/#more-138\">&#8230;<\/a><\/p>\n<p><a href=\"https:\/\/viennatouristinformation.com\/en\/things-to-do\/attractions\/\" style=\"\"><span style=\"\"><span style=\"\"><strong>Read More<\/strong><\/span><\/span><\/a><a href=\"https:\/\/viennatouristinformation.com\/en\/things-to-do\/with-kids\/\" dynamic-postlink=\"tcb_post_the_permalink\" data-shortcode-id=\"1253\"><\/a><\/p>\n<h3 style=\"text-align: center; padding-top: 0px !important; margin-top: 0px !important;\" id=\"t-1601911056471\"><span data-attr-link=\"1\" data-attr-rel=\"0\" data-attr-target=\"0\" data-extra_key=\"\" data-option-inline=\"1\" data-shortcode=\"tcb_post_title\" data-shortcode-name=\"Post title\" data-attr-css=\"\" data-attr-static-link=\"{&quot;className&quot;:&quot;&quot;,&quot;href&quot;:&quot;https:\/\/viennatouristinformation.com\/en\/things-to-do\/view-points\/&quot;,&quot;title&quot;:&quot;10 Best View Points in Vienna&quot;,&quot;class&quot;:&quot;&quot;}\"><a href=\"https:\/\/viennatouristinformation.com\/en\/things-to-do\/with-kids\/\" title=\"25 Things to Do with Kids in Vienna\" data-css=\"\">25 Things to Do with Kids in Vienna<\/a><\/span><\/h3>\n<p>Here is our list of attractions for the <a href=\"https:\/\/viennatouristinformation.com\/en\/things-to-do\/with-kids\/#more-136\">&#8230;<\/a><\/p>\n<p><a href=\"https:\/\/viennatouristinformation.com\/en\/things-to-do\/with-kids\/\" style=\"\"><span style=\"\"><span style=\"\"><strong>Read More<\/strong><\/span><\/span><\/a><a href=\"https:\/\/viennatouristinformation.com\/en\/things-to-do\/museum\/\" dynamic-postlink=\"tcb_post_the_permalink\" data-shortcode-id=\"1253\"><\/a><\/p>\n<h3 style=\"text-align: center; padding-top: 0px !important; margin-top: 0px !important;\" id=\"t-1601911056471\"><span data-attr-link=\"1\" data-attr-rel=\"0\" data-attr-target=\"0\" data-extra_key=\"\" data-option-inline=\"1\" data-shortcode=\"tcb_post_title\" data-shortcode-name=\"Post title\" data-attr-css=\"\" data-attr-static-link=\"{&quot;className&quot;:&quot;&quot;,&quot;href&quot;:&quot;https:\/\/viennatouristinformation.com\/en\/things-to-do\/view-points\/&quot;,&quot;title&quot;:&quot;10 Best View Points in Vienna&quot;,&quot;class&quot;:&quot;&quot;}\"><a href=\"https:\/\/viennatouristinformation.com\/en\/things-to-do\/museum\/\" title=\"The Best 30 Museums in Vienna\" data-css=\"\">The Best 30 Museums in Vienna<\/a><\/span><\/h3>\n<p>What are the must-see museums in Vienna?Due to <a href=\"https:\/\/viennatouristinformation.com\/en\/things-to-do\/museum\/#more-133\">&#8230;<\/a><\/p>\n<p><a href=\"https:\/\/viennatouristinformation.com\/en\/things-to-do\/museum\/\" style=\"\"><span style=\"\"><span style=\"\"><strong>Read More<\/strong><\/span><\/span><\/a><a href=\"https:\/\/viennatouristinformation.com\/en\/things-to-do\/in-the-rain\/\" dynamic-postlink=\"tcb_post_the_permalink\" data-shortcode-id=\"1253\"><\/a><\/p>\n<h3 style=\"text-align: center; padding-top: 0px !important; margin-top: 0px !important;\" id=\"t-1601911056471\"><span data-attr-link=\"1\" data-attr-rel=\"0\" data-attr-target=\"0\" data-extra_key=\"\" data-option-inline=\"1\" data-shortcode=\"tcb_post_title\" data-shortcode-name=\"Post title\" data-attr-css=\"\" data-attr-static-link=\"{&quot;className&quot;:&quot;&quot;,&quot;href&quot;:&quot;https:\/\/viennatouristinformation.com\/en\/things-to-do\/view-points\/&quot;,&quot;title&quot;:&quot;10 Best View Points in Vienna&quot;,&quot;class&quot;:&quot;&quot;}\"><a href=\"https:\/\/viennatouristinformation.com\/en\/things-to-do\/in-the-rain\/\" title=\"Vienna in the Rain: 25 Bad Weather Activities\" data-css=\"\">Vienna in the Rain: 25 Bad Weather Activities<\/a><\/span><\/h3>\n<p>What can I do in Vienna when the <a href=\"https:\/\/viennatouristinformation.com\/en\/things-to-do\/in-the-rain\/#more-1287\">&#8230;<\/a><\/p>\n<p><a href=\"https:\/\/viennatouristinformation.com\/en\/things-to-do\/in-the-rain\/\" style=\"\"><span style=\"\"><span style=\"\"><strong>Read More<\/strong><\/span><\/span><\/a><a href=\"javascript:void(0)\" style=\"\"><span style=\"\"><span style=\"\">Load More<\/span><\/span><\/a><\/p>\n<h3 style=\"\" id=\"t-1601911056477\"><span style=\"\">Ticket Shop<\/span><\/h3>\n","protected":false},"excerpt":{"rendered":"<p>Plan Your Trip to Vienna This is about easy arrival, central districts, sights, general travel tips and the most important questions before your trip to Vienna. How Do I Get to Vienna? Train, Bus, Car and Airplane Arrival in Vienna Park and Ride in Vienna So viele Sehensw\u00fcrdigkeiten es in Wien gibt, so &#8230; Read [&hellip;]<\/p>\n","protected":false},"author":16,"featured_media":3003,"parent":0,"menu_order":0,"comment_status":"closed","ping_status":"closed","template":"","meta":{"footnotes":""},"tags":[],"class_list":["post-111","page","type-page","status-publish","has-post-thumbnail","hentry","post-wrapper","thrv_wrapper"],"wp-worthy-pixel":{"ignored":false,"public":null,"server":null,"url":null},"wp-worthy-type":"normal","_links":{"self":[{"href":"https:\/\/viennatouristinformation.com\/en\/wp-json\/wp\/v2\/pages\/111","targetHints":{"allow":["GET"]}}],"collection":[{"href":"https:\/\/viennatouristinformation.com\/en\/wp-json\/wp\/v2\/pages"}],"about":[{"href":"https:\/\/viennatouristinformation.com\/en\/wp-json\/wp\/v2\/types\/page"}],"author":[{"embeddable":true,"href":"https:\/\/viennatouristinformation.com\/en\/wp-json\/wp\/v2\/users\/16"}],"replies":[{"embeddable":true,"href":"https:\/\/viennatouristinformation.com\/en\/wp-json\/wp\/v2\/comments?post=111"}],"version-history":[{"count":0,"href":"https:\/\/viennatouristinformation.com\/en\/wp-json\/wp\/v2\/pages\/111\/revisions"}],"wp:featuredmedia":[{"embeddable":true,"href":"https:\/\/viennatouristinformation.com\/en\/wp-json\/wp\/v2\/media\/3003"}],"wp:attachment":[{"href":"https:\/\/viennatouristinformation.com\/en\/wp-json\/wp\/v2\/media?parent=111"}],"wp:term":[{"taxonomy":"post_tag","embeddable":true,"href":"https:\/\/viennatouristinformation.com\/en\/wp-json\/wp\/v2\/tags?post=111"}],"curies":[{"name":"wp","href":"https:\/\/api.w.org\/{rel}","templated":true}]}}