{"id":1225,"date":"2020-08-14T13:21:44","date_gmt":"2020-08-14T11:21:44","guid":{"rendered":"http:\/\/viennatouristinformation.com\/en\/?page_id=1225"},"modified":"2024-05-03T17:50:02","modified_gmt":"2024-05-03T15:50:02","slug":"danube-tower","status":"publish","type":"page","link":"https:\/\/viennatouristinformation.com\/en\/things-to-do\/attractions\/danube-tower\/","title":{"rendered":"Guide to Danube Tower: Highlights, Food &#038; Admission"},"content":{"rendered":"<p data-hide=\"true\" id=\"t-1666264944848\"><span style=\"font-size: 20px !important;\">Danube Tower is located in the 22nd district in the middle of Danube Park, in the immediate vicinity of UNO City and Danube Island.<\/span><\/p>\n<p>With a height of 252 meters, the observation tower is the tallest building in Austria and a landmark in Vienna.<\/p>\n<p>Here you will find all important information about Danube Tower.<\/p>\n<h2 id=\"t-1666264944849\">What Can I Do at Danube Tower?<\/h2>\n<p><span><img decoding=\"async\" alt=\"Was kann ich im Donauturm machen\" data-id=\"1932\" width=\"884\" data-init-width=\"1000\" height=\"590\" data-init-height=\"667\" title=\"Was kann ich im Donauturm machen\" src=\"\/\/viennatouristinformation.com\/en\/wp-content\/uploads\/2020\/09\/Was-kann-ich-im-Donauturm-machen.jpg\" data-width=\"884\" data-height=\"590\" data-pin-media=\"https:\/\/viennatouristinformation.com\/en\/wp-content\/uploads\/2021\/01\/wien_pinterest_donauturm-2.jpg\" data-pin-description=\"Danube Tower in Vienna: Sightseeing, Food &amp; History\" data-pin-url=\"https:\/\/viennatouristinformation.com\/en\/things-to-do\/attractions\/danube-tower\/?tve=true&amp;tcbf=eefa47dbe4\" data-pinpro-key=\"tmjd25wpy\" loading=\"lazy\" style=\"aspect-ratio: auto 1000 \/ 667;\"><\/span><\/p>\n<p>You can look forward to a spectacular 360\u00b0 experience at Danube Tower.<\/p>\n<p>The lift takes you in just 35 seconds to the 150 meter high viewing terrace, where you will be rewarded with what is possibly the most beautiful panoramic view of Vienna. Interactive panorama screens provide information about the surrounding attractions in eight languages.<\/p>\n<p>In addition to the sensational view, there is also a first-class gastronomic offerings. Three gastronomy levels &#8211; the tower caf\u00e9 at 160 meters, the revolving tower restaurant at 170 meters and Donaubr\u00e4u at the foot of the tower, spoil the palate with a wide range of dishes. &nbsp;<\/p>\n<h2 id=\"t-1666264944850\">Admission, Tickets and Prices<\/h2>\n<p><span><img decoding=\"async\" alt=\"Eintritt, Ticket und Preis\" data-id=\"1933\" width=\"884\" data-init-width=\"1000\" height=\"590\" data-init-height=\"667\" title=\"Eintritt, Ticket und Preis\" src=\"\/\/viennatouristinformation.com\/en\/wp-content\/uploads\/2020\/09\/Eintritt-Ticket-und-Preis.jpg\" data-width=\"884\" data-height=\"590\" data-pin-media=\"https:\/\/viennatouristinformation.com\/en\/wp-content\/uploads\/2021\/01\/wien_pinterest_donauturm-2.jpg\" data-pin-description=\"Danube Tower in Vienna: Sightseeing, Food &amp; History\" data-pin-url=\"https:\/\/viennatouristinformation.com\/en\/things-to-do\/attractions\/danube-tower\/?tve=true&amp;tcbf=eefa47dbe4\" data-pinpro-key=\"zbm63jhrm\" loading=\"lazy\" style=\"aspect-ratio: auto 1000 \/ 667;\"><\/span><\/p>\n<ul>\n<li><strong>Admission:<\/strong> The single ticket entitles you to entry and a lift ride to the open viewing terrace at a height of 150 meters and to the central floor at a height of 165 meters. Access to the indoor terrace, the tower restaurant and the tower caf\u00e9 is subject to availability. Admission for adults costs \u20ac14.50. Children from 6 to 14 years pay \u20ac9.90. Children under the age of 6 enjoy free entry in combination with an adult or senior ticket.<\/li>\n<li><strong>Tickets<\/strong>: You can buy your&nbsp;<a href=\"https:\/\/gyg.me\/PIor2dir\" rel=\"nofollow noopener\" target=\"_blank\" style=\"outline: none;\" data-lt-tmp-id=\"lt-527906\" spellcheck=\"false\">Skip-the-Line Entrance Ticket to the Danube Tower here!<\/a>\u200b<\/li>\n<li><strong>Combo Ticket:<\/strong> The following combination tickets are available: \u201cTower &amp; Wheel\u201d, \u201cTower &amp; Zoo\u201d, \u201cTower &amp; Donauparkbahn\u201d, \u201cTower &amp; Stift\u201d, \u201cTower &amp; Ship\u201d and \u201cTower &amp; Time Travel\u201d. A popular option is the city pass:&nbsp;<a href=\"https:\/\/gyg.me\/c9lVl1uR\" rel=\"nofollow noopener\" target=\"_blank\" style=\"outline: none;\">Flexipass for 2, 3, 4 or 5 top sights (Danube Tower selectable)<\/a><\/li>\n<\/ul>\n<p>A current overview of the ticket offer can be found <a href=\"https:\/\/www.donauturm.at\/de\/tickets\/\" target=\"_blank\" style=\"outline: none;\" rel=\"noopener\">here<\/a>.<\/p>\n<h2 id=\"t-1666264944851\">Eating in the Restaurant<\/h2>\n<p>A special experience is the exclusive revolving restaurant, which is located at 170 meters.<\/p>\n<p>The tower restaurant gradually rotates on its own axis, giving visitors a breathtaking 360\u00b0 panoramic view.<\/p>\n<p>Culinary delights are provided by the upscale Austrian cuisine, which serves traditional classics such as Wiener Schnitzel, boiled fillet and fried chicken as well as seasonal specialties at lofty heights. The unique atmosphere is also particularly suitable for a <a href=\"https:\/\/www.donauturm.at\/de\/news-and-events\/detail\/dinner-fuer-verliebte\" target=\"_blank\" style=\"outline: none;\" rel=\"noopener\">romantic dinner<\/a> with a view of Vienna&#8217;s evening lights.<\/p>\n<p><a href=\"https:\/\/www.donauturm.at\/assets\/Uploads\/3f77ff7f81\/Karte_Turmrestaurant-08_20.pdf\" target=\"_blank\" rel=\"noopener\">Here<\/a> is the link to the menu of the tower restaurant.<\/p>\n<p>Please note that a reservation is required for the tower restaurant.&nbsp;<\/p>\n<h2 id=\"t-1666264944852\">Danube Tower Cafe<\/h2>\n<p>Also housed in the top of the tower is the rotating tower <strong>caf\u00e9<\/strong>.<\/p>\n<p>Traditional Viennese coffee house culture in the style of the 1960s awaits you here at an altitude of 160 meters. Enjoy Viennese pastries such as Sachertorte, apple strudel or Kaisergugelhupf and at the same time admire the magnificent view of the Austrian capital and the surrounding area.<\/p>\n<p>On Saturdays, Sundays and selected public holidays, the Tower Caf\u00e9 also offers a delicious brunch.&nbsp;Please note that due to the high demand for brunch, prior reservation is required.<\/p>\n<p><a href=\"https:\/\/www.donauturm.at\/assets\/Uploads\/d236c5f1f8\/Speise-und-Getraenkekarte-Turmcafe_dt_en-v4.pdf\" target=\"_blank\" rel=\"noopener\">Here<\/a>&nbsp;is the link to the Tower caf\u00e9 menu. &nbsp;<\/p>\n<p>Another caf\u00e9 is also located at the foot of the tower: the <strong>Donaucaf\u00e9<\/strong>.&nbsp;Delicious pastries and the Viennese coffee house culture should not be missing here either.<\/p>\n<p><a href=\"https:\/\/www.donauturm.at\/assets\/Uploads\/eeb821f5d5\/Speise-und-Getraenkekarte-Donaucafe.pdf\" target=\"_blank\" rel=\"noopener\">Here<\/a>&nbsp;is the link to the Donaucaf\u00e9 menu.<\/p>\n<h2 id=\"t-1666264944853\">Donaubr\u00e4u at the Foot of the Tower<\/h2>\n<p>Donaubr\u00e4u welcomes you at the foot of Danube Tower.<\/p>\n<p>The hearty Viennese cuisine takes care of your physical well-being. The specialty of the house is the specially brewed tower beer. Enjoy it best in the spacious guest garden in the middle of Danube Park, which was awarded Austria&#8217;s best beer garden in 2019.&nbsp;The fried chicken and the brewmaster schnitzel are also highly recommended.<\/p>\n<p><a href=\"https:\/\/www.donauturm.at\/assets\/Uploads\/Donau-Braeu-Gastro\/209573f8e8\/Donaubraeu-Karte-Stand-07_2020.pdf\" target=\"_blank\" rel=\"noopener\">Here<\/a> is the link to the Donaubr\u00e4u menu.<\/p>\n<h2 id=\"t-1666264944854\">Events in the Danube Tower<\/h2>\n<ul>\n<li><strong>Christmas:<\/strong> So that your Christmas will be remembered for a long time, the event team of the Danube Tower conjures up Christmassy menus and an atmospheric atmosphere. More <a href=\"https:\/\/www.donauturm.at\/assets\/Uploads\/Diverse\/6a5e438e43\/Donauturm_Weihnachtsfeiern-Angebot-v2.pdf\" target=\"_blank\" style=\"outline: none;\" rel=\"noopener\">here<\/a>.<\/li>\n<li><strong>New Year:<\/strong> The Danube Tower is also the ideal venue for an unforgettable <a href=\"https:\/\/www.donauturm.at\/assets\/Uploads\/57af011223\/DON_Silvestermenu_181130.pdf\" target=\"_blank\" style=\"outline: none;\" rel=\"noopener\">New Year&#8217;s Eve celebration.<\/a><\/li>\n<li><strong>Birthday Parties:<\/strong> The perfect birthday surprise is a <a href=\"https:\/\/www.donauturm.at\/de\/news-and-events\/detail\/geburtstagsfest-am-donauturm\" target=\"_blank\" style=\"outline: none;\" rel=\"noopener\">birthday party in the tower restaurant<\/a> of the Danube Tower. Every birthday becomes something very special here.<\/li>\n<\/ul>\n<p><strong>Your Events:<\/strong> The unique ambience of the Danube Tower offers the perfect setting for special occasions. The five event locations &#8211; tower restaurant, tower caf\u00e9, indoor terrace, Donaubr\u00e4u and Donaucaf\u00e9 &#8211; are also suitable for your own event. More about this <a href=\"https:\/\/www.donauturm.at\/de\/news-and-events\/ihr-event\/\" target=\"_blank\" style=\"outline: none;\" rel=\"noopener\">here<\/a>.<\/p>\n<h2 id=\"t-1666264944855\">Technical Specifications of&nbsp;Danube Tower<\/h2>\n<ul>\n<li><strong>Total Height:<\/strong> 252 m<\/li>\n<li><strong>Total Mass:<\/strong> 17,600 t<\/li>\n<li><strong>How Many Stairs are there?&nbsp;<\/strong>A staircase with 779 steps and 60 platforms leads up to the viewing terrace of the Danube Tower.<\/li>\n<li><strong>How Fast Does the Danube Tower Rotate?&nbsp;<\/strong>A complete rotation of the rotating restaurants of the Danube Tower takes either 26, 39 or 52 minutes, depending on the setting selected.<\/li>\n<\/ul>\n<h2 id=\"t-1666264944856\"><strong>Bungee Jumping<\/strong><\/h2>\n<p>During the renovation work in 2018, the bungee jumping ramp was dismantled. Bungee jumping is therefore no longer offered.<\/p>\n<h2 id=\"t-1666264944857\">History of the \u200bDanube Tower<\/h2>\n<p><span><img decoding=\"async\" alt=\"Geschichte in Vienna in Austria\" data-id=\"1934\" width=\"884\" data-init-width=\"1000\" height=\"590\" data-init-height=\"667\" title=\"Geschichte in Vienna in Austria\" src=\"\/\/viennatouristinformation.com\/en\/wp-content\/uploads\/2020\/09\/Geschichte-3.jpg\" data-width=\"884\" data-height=\"590\" data-pin-media=\"https:\/\/viennatouristinformation.com\/en\/wp-content\/uploads\/2021\/01\/wien_pinterest_donauturm-2.jpg\" data-pin-description=\"Danube Tower in Vienna: Sightseeing, Food &amp; History\" data-pin-url=\"https:\/\/viennatouristinformation.com\/en\/things-to-do\/attractions\/danube-tower\/?tve=true&amp;tcbf=eefa47dbe4\" data-pinpro-key=\"gn8dl944m\" loading=\"lazy\" style=\"aspect-ratio: auto 1000 \/ 667;\"><\/span><\/p>\n<p>The Danube Tower was built between 1962 and 1964 for the &#8220;Vienna International Garden Show&#8221;..&nbsp;Danube Park was also laid out with it, the heart of which was the 252 meter high tower.<\/p>\n<p>With its height, the tower replaced St. Stephen&#8217;s Cathedral as Austria&#8217;s tallest structure. Extensive conversion and renovation work took place in 2018 and 2019, with which, among other things, the tower restaurant and tower caf\u00e9 were restored to the style of the 1960s.<\/p>\n<p>Today, Danube Tower is not only a symbol of the style of the 1960s, but also a Viennese landmark and a popular destination.&nbsp;Since its opening, the tower has attracted over 420,000 visitors a year.<\/p>\n<h2 id=\"t-1666264944858\">Contact<\/h2>\n<ul>\n<li><strong>Address:<\/strong> Donauturmplatz 1, 1220 Vienna<\/li>\n<li><strong>Subway:<\/strong> U1 Alte Donau or U6 Neue Donau<\/li>\n<li><strong>Parking:<\/strong> Paid parking spaces are located directly at the Danube Tower. However, these are available in limited numbers. There is also public parking on Arbeiterstrandbadstra\u00dfe, just a few minutes&#8217; walk away.<\/li>\n<li><strong>Opening times:<\/strong> You can find the current opening times on the Donauturm <a href=\"https:\/\/www.donauturm.at\/de\/ihr-besuch\/#arrival\" target=\"_blank\" style=\"outline: none;\" rel=\"noopener\">website .<\/a><\/li>\n<\/ul>\n<h3 style=\"\">Related Articles:<\/h3>\n<p><a href=\"https:\/\/viennatouristinformation.com\/en\/things-to-do\/museum\/\" dynamic-postlink=\"tcb_post_the_permalink\" data-shortcode-id=\"133\"><\/a><\/p>\n<h2 style=\"padding-top: 0px !important; margin-top: 0px !important; text-align: center;\" id=\"t-1714748864680\"><span data-shortcode=\"tcb_post_title\" data-shortcode-name=\"Post title\" data-extra_key=\"\" data-attr-link=\"1\" data-attr-target=\"0\" data-attr-rel=\"0\" data-option-inline=\"1\" data-attr-static-link=\"{&quot;className&quot;:&quot;&quot;,&quot;href&quot;:&quot;https:\/\/viennatouristinformation.com\/en\/things-to-do\/museum\/&quot;,&quot;title&quot;:&quot;30 Best Museums in Vienna ((with Tickets &amp; Map))&quot;,&quot;class&quot;:&quot;&quot;}\" data-attr-css=\"\"><a href=\"https:\/\/viennatouristinformation.com\/en\/things-to-do\/museum\/\" title=\"30 Best Museums in Vienna [with Tickets &amp; Map]\" data-css=\"\">30 Best Museums in Vienna [with Tickets &amp; Map]<\/a><\/span><\/h2>\n<p><a href=\"https:\/\/viennatouristinformation.com\/en\/things-to-do\/with-kids\/\" dynamic-postlink=\"tcb_post_the_permalink\" data-shortcode-id=\"133\"><\/a><\/p>\n<h2 style=\"padding-top: 0px !important; margin-top: 0px !important; text-align: center;\" id=\"t-1714748864680\"><span data-shortcode=\"tcb_post_title\" data-shortcode-name=\"Post title\" data-extra_key=\"\" data-attr-link=\"1\" data-attr-target=\"0\" data-attr-rel=\"0\" data-option-inline=\"1\" data-attr-static-link=\"{&quot;className&quot;:&quot;&quot;,&quot;href&quot;:&quot;https:\/\/viennatouristinformation.com\/en\/things-to-do\/museum\/&quot;,&quot;title&quot;:&quot;30 Best Museums in Vienna ((with Tickets &amp; Map))&quot;,&quot;class&quot;:&quot;&quot;}\" data-attr-css=\"\"><a href=\"https:\/\/viennatouristinformation.com\/en\/things-to-do\/with-kids\/\" title=\"25 Best Things to Do with Kids in Vienna [with Tickets &amp; Map]\" data-css=\"\">25 Best Things to Do with Kids in Vienna [with Tickets &amp; Map]<\/a><\/span><\/h2>\n<p><a href=\"https:\/\/viennatouristinformation.com\/en\/things-to-do\/attractions\/\" dynamic-postlink=\"tcb_post_the_permalink\" data-shortcode-id=\"133\"><\/a><\/p>\n<h2 style=\"padding-top: 0px !important; margin-top: 0px !important; text-align: center;\" id=\"t-1714748864680\"><span data-shortcode=\"tcb_post_title\" data-shortcode-name=\"Post title\" data-extra_key=\"\" data-attr-link=\"1\" data-attr-target=\"0\" data-attr-rel=\"0\" data-option-inline=\"1\" data-attr-static-link=\"{&quot;className&quot;:&quot;&quot;,&quot;href&quot;:&quot;https:\/\/viennatouristinformation.com\/en\/things-to-do\/museum\/&quot;,&quot;title&quot;:&quot;30 Best Museums in Vienna ((with Tickets &amp; Map))&quot;,&quot;class&quot;:&quot;&quot;}\" data-attr-css=\"\"><a href=\"https:\/\/viennatouristinformation.com\/en\/things-to-do\/attractions\/\" title=\"20 Exceptional Attractions in Vienna [with Map]\" data-css=\"\">20 Exceptional Attractions in Vienna [with Map]<\/a><\/span><\/h2>\n<p><a href=\"https:\/\/viennatouristinformation.com\/en\/shopping\/markets\/\" dynamic-postlink=\"tcb_post_the_permalink\" data-shortcode-id=\"133\"><\/a><\/p>\n<h2 style=\"padding-top: 0px !important; margin-top: 0px !important; text-align: center;\" id=\"t-1714748864680\"><span data-shortcode=\"tcb_post_title\" data-shortcode-name=\"Post title\" data-extra_key=\"\" data-attr-link=\"1\" data-attr-target=\"0\" data-attr-rel=\"0\" data-option-inline=\"1\" data-attr-static-link=\"{&quot;className&quot;:&quot;&quot;,&quot;href&quot;:&quot;https:\/\/viennatouristinformation.com\/en\/things-to-do\/museum\/&quot;,&quot;title&quot;:&quot;30 Best Museums in Vienna ((with Tickets &amp; Map))&quot;,&quot;class&quot;:&quot;&quot;}\" data-attr-css=\"\"><a href=\"https:\/\/viennatouristinformation.com\/en\/shopping\/markets\/\" title=\"10 Best Markets in Vienna: From Food to Flea Markets [with Hours]\" data-css=\"\">10 Best Markets in Vienna: From Food to Flea Markets [with Hours]<\/a><\/span><\/h2>\n","protected":false},"excerpt":{"rendered":"<p>Danube Tower is located in the 22nd district in the middle of Danube Park, in the immediate vicinity of UNO City and Danube Island. With a height of 252 meters, the observation tower is the tallest building in Austria and a landmark in Vienna. Here you will find all important information about Danube Tower. What [&hellip;]<\/p>\n","protected":false},"author":3,"featured_media":1931,"parent":138,"menu_order":0,"comment_status":"open","ping_status":"closed","template":"","meta":{"footnotes":""},"tags":[],"class_list":["post-1225","page","type-page","status-publish","has-post-thumbnail","hentry","post-wrapper","thrv_wrapper"],"wp-worthy-pixel":{"ignored":false,"public":null,"server":null,"url":null},"wp-worthy-type":"normal","_links":{"self":[{"href":"https:\/\/viennatouristinformation.com\/en\/wp-json\/wp\/v2\/pages\/1225","targetHints":{"allow":["GET"]}}],"collection":[{"href":"https:\/\/viennatouristinformation.com\/en\/wp-json\/wp\/v2\/pages"}],"about":[{"href":"https:\/\/viennatouristinformation.com\/en\/wp-json\/wp\/v2\/types\/page"}],"author":[{"embeddable":true,"href":"https:\/\/viennatouristinformation.com\/en\/wp-json\/wp\/v2\/users\/3"}],"replies":[{"embeddable":true,"href":"https:\/\/viennatouristinformation.com\/en\/wp-json\/wp\/v2\/comments?post=1225"}],"version-history":[{"count":0,"href":"https:\/\/viennatouristinformation.com\/en\/wp-json\/wp\/v2\/pages\/1225\/revisions"}],"up":[{"embeddable":true,"href":"https:\/\/viennatouristinformation.com\/en\/wp-json\/wp\/v2\/pages\/138"}],"wp:featuredmedia":[{"embeddable":true,"href":"https:\/\/viennatouristinformation.com\/en\/wp-json\/wp\/v2\/media\/1931"}],"wp:attachment":[{"href":"https:\/\/viennatouristinformation.com\/en\/wp-json\/wp\/v2\/media?parent=1225"}],"wp:term":[{"taxonomy":"post_tag","embeddable":true,"href":"https:\/\/viennatouristinformation.com\/en\/wp-json\/wp\/v2\/tags?post=1225"}],"curies":[{"name":"wp","href":"https:\/\/api.w.org\/{rel}","templated":true}]}}