{"id":1559,"date":"2020-09-09T08:05:40","date_gmt":"2020-09-09T06:05:40","guid":{"rendered":"http:\/\/viennatouristinformation.com\/en\/?page_id=1559"},"modified":"2023-07-12T13:48:54","modified_gmt":"2023-07-12T11:48:54","slug":"souvenirs","status":"publish","type":"page","link":"https:\/\/viennatouristinformation.com\/en\/shopping\/souvenirs\/","title":{"rendered":"16 Must-Have Souvenirs from Vienna: What and where to buy"},"content":{"rendered":"<h2 id=\"t-1666869634800\" data-hide=\"true\">What would a holiday be without a souvenir?<\/h2>\n<p>In Vienna the selection is huge and the abundance inexhaustible.&nbsp;You can find everything from classic to traditional souvenirs.<\/p>\n<p>Of course, all landmarks in every form as a souvenir are also available in Vienna.&nbsp;These include mugs, plates, glass, postcards, posters, t-shirts, bags, magnets, key rings and much more.<\/p>\n<p>But there are also souvenirs that tell something about Vienna and are typical of the city.<\/p>\n<p style=\"\">We have put together a few ideas for typical and unusual souvenirs, some with interesting histories.<\/p>\n<p><span><a href=\"https:\/\/viennatouristinformation.com\/en\/tours-and-tickets\/#tve-jump-188dd028c50\" jump-animation=\"smooth\"><img decoding=\"async\" alt=\"\" data-id=\"5710\" width=\"702\" data-init-width=\"728\" height=\"87\" data-init-height=\"90\" title=\"08-ENG-DESKTOP\" loading=\"lazy\" src=\"https:\/\/viennatouristinformation.com\/en\/wp-content\/uploads\/2023\/07\/08-ENG-DESKTOP.png\" data-width=\"702\" data-height=\"87\" data-link-wrap=\"true\" style=\"aspect-ratio: auto 728 \/ 90;\"><\/a><\/span><span><a href=\"https:\/\/viennatouristinformation.com\/en\/tours-and-tickets\/#tve-jump-188dd028c50\" jump-animation=\"smooth\"><img decoding=\"async\" alt=\"\" data-id=\"5711\" width=\"702\" data-init-width=\"1080\" height=\"585\" data-init-height=\"900\" title=\"08-ENG-MOBILE\" loading=\"lazy\" src=\"https:\/\/viennatouristinformation.com\/en\/wp-content\/uploads\/2023\/07\/08-ENG-MOBILE.png\" data-width=\"702\" data-height=\"585\" data-link-wrap=\"true\" style=\"aspect-ratio: auto 1080 \/ 900;\"><\/a><\/span><\/p>\n<h2 id=\"t-1666869634801\" style=\"\">1.Mozartkugeln<\/h2>\n<p><span><img decoding=\"async\" alt=\"Mozartkugeln in Vienna in Austria\" data-id=\"2266\" width=\"884\" data-init-width=\"1000\" height=\"590\" data-init-height=\"667\" title=\"Mozartkugeln in Vienna in Austria\" loading=\"lazy\" src=\"\/\/viennatouristinformation.com\/en\/wp-content\/uploads\/2020\/10\/Mozartkugeln.jpg\" data-width=\"884\" data-height=\"590\" data-pin-media=\"https:\/\/viennatouristinformation.com\/en\/wp-content\/uploads\/2021\/01\/wien_pinterest_16_souvenirs-2.jpg\" data-pin-description=\"16 Must-Have Souvenirs from Vienna: What and where to buy\" data-pin-url=\"https:\/\/viennatouristinformation.com\/en\/shopping\/souvenirs\/?tve=true&amp;tcbf=da9f75c71f\" data-pinpro-key=\"7cmq4iheh\" style=\"aspect-ratio: auto 1000 \/ 667;\"><\/span><\/p>\n<p>This ball made of chocolate, pistachios, marzipan and nougat was first made in 1890 by the Salzburg confectioner, Paul F\u00fcrst.&nbsp;He named it after the famous composer Wolfgang Amadeus Mozart 100 years after his death.&nbsp;The Mozart balls were originally called Mozart Bonbon.<\/p>\n<p>Real Mozartkugeln are completely round, have no flattened side and are wrapped in golden red.<\/p>\n<p>They are manufactured under the Mirabell brand. According to their own information, more than 90 million Mozartkugeln are industrially produced and exported to over 30 countries every year.<\/p>\n<p>Mozartkugeln are cheaper in the supermarket than in the souvenir shops.<\/p>\n<h2 id=\"t-1666869634802\">2. Sachertorte<\/h2>\n<p><span><img decoding=\"async\" alt=\"Sachertorte in Vienna in Austria\" data-id=\"2267\" width=\"884\" data-init-width=\"1000\" height=\"590\" data-init-height=\"667\" title=\"Sachertorte in Vienna in Austria\" loading=\"lazy\" src=\"\/\/viennatouristinformation.com\/en\/wp-content\/uploads\/2020\/10\/Sachertorte.jpg\" data-width=\"884\" data-height=\"590\" data-pin-media=\"https:\/\/viennatouristinformation.com\/en\/wp-content\/uploads\/2021\/01\/wien_pinterest_16_souvenirs-2.jpg\" data-pin-description=\"16 Must-Have Souvenirs from Vienna: What and where to buy\" data-pin-url=\"https:\/\/viennatouristinformation.com\/en\/shopping\/souvenirs\/?tve=true&amp;tcbf=da9f75c71f\" data-pinpro-key=\"9vvx8ccda\" style=\"aspect-ratio: auto 1000 \/ 667;\"><\/span><\/p>\n<p>Sachertorte was invented in 1832 by the baker&#8217;s apprentice Franz Sacher, when Prince Metternich&#8217;s head chef fell ill and the apprentice had to make the special dessert requested by the prince himself.&nbsp;Sachertorte was later perfected by his son Eduard Sacher.<\/p>\n<p>The ingredients are not very spectacular, a dough made of butter, sugar, eggs, chocolate, flour and vanilla is divided in the middle after baking, spread with apricot jam and covered with chocolate icing.<\/p>\n<p>The traditional Caf\u00e9 Sacher in the hotel of the same name produces around 300,000 Sachertortes every year, which requires 70 tons of apricot jam per year.<\/p>\n<p>A nice souvenir for all those with a sweet tooth.<\/p>\n<h2 id=\"t-1666869634803\">3. Candied Violets<\/h2>\n<p>It is amazing that Empress Elisabeth ate sweets at all with a traditional waist measurement of 51 centimeters, but Sissi regularly had candidate violets from KuK Hofzuckerb\u00e4ckerei Demel delivered to the Imperial Palace personally by Mr. Demel.<\/p>\n<p>Even today, the Demel Shop in Kohlmarkt still stocks candied violets, for which natural, hand-picked violet petals are candied with sugar.<\/p>\n<p>A sweet temptation&#8230;<\/p>\n<h2 id=\"t-1666869634804\">4. Viennese Wine<\/h2>\n<p><span><img decoding=\"async\" alt=\"Wiener Wein\" data-id=\"2269\" width=\"884\" data-init-width=\"1000\" height=\"590\" data-init-height=\"667\" title=\"Wiener Wein\" loading=\"lazy\" src=\"\/\/viennatouristinformation.com\/en\/wp-content\/uploads\/2020\/10\/Wiener-Wein.jpg\" data-width=\"884\" data-height=\"590\" data-pin-media=\"https:\/\/viennatouristinformation.com\/en\/wp-content\/uploads\/2021\/01\/wien_pinterest_16_souvenirs-2.jpg\" data-pin-description=\"16 Must-Have Souvenirs from Vienna: What and where to buy\" data-pin-url=\"https:\/\/viennatouristinformation.com\/en\/shopping\/souvenirs\/?tve=true&amp;tcbf=da9f75c71f\" data-pinpro-key=\"xrpwr4u7v\" style=\"aspect-ratio: auto 1000 \/ 667;\"><\/span><\/p>\n<p>Vienna is the only metropolis in the world that has significant viticulture within the city limits. Viennese wines are grown on the 332 meter high Nussberg and the 484 meter high Kahlenberg in the 19th district of Vienna. There are a total of 700 hectares of vineyards in Vienna.<\/p>\n<p>Because of its special cultural significance, the Viennese Heurigen culture was included in the national UNESCO list of Austria&#8217;s intangible cultural heritage in 2019.<\/p>\n<p>Wine from the current vintage is called a heuriger. Heurigen wines are light and tasty.<\/p>\n<p>A nice souvenir for all wine lovers and those who want to become one&#8230;<\/p>\n<h2 id=\"t-1666869634805\">5. Manner Wafers<\/h2>\n<p>Manner is the surname of the company founder of Josef Manner &amp; Comp. AG &#8211; a Viennese confectionery factory. Almost everyone knows the advertising slogan \u201cYou just like men\u201d and the sweet waffle slices with hazelnut cream even more so.<\/p>\n<p>A real Manner wafer is 49 \u00d7 17 \u00d7 17 millimeters in size and therefore bite-sized. Four layers of spread between five layers of waffle, the total weight is 7.5 grams per slice.<\/p>\n<p>In the beginning, the slices were sold loose so that every citizen could at least afford a slice every now and then. Since 1924 the Manner wafers have been offered in the well-known two rows of five, of course in pink foil.<\/p>\n<p>The large Manner shop is in Vienna near the central factory in the 17th district, but you can also find Manner wafers in every supermarket in Vienna.<\/p>\n<h2 id=\"t-1666869634806\">6. Coffee<\/h2>\n<p><span><img decoding=\"async\" alt=\"Kaffee in Vienna in Austria\" data-id=\"2270\" width=\"884\" data-init-width=\"1000\" height=\"590\" data-init-height=\"667\" title=\"Kaffee in Vienna in Austria\" loading=\"lazy\" src=\"\/\/viennatouristinformation.com\/en\/wp-content\/uploads\/2020\/10\/Kaffee.jpg\" data-width=\"884\" data-height=\"590\" data-pin-media=\"https:\/\/viennatouristinformation.com\/en\/wp-content\/uploads\/2021\/01\/wien_pinterest_16_souvenirs-2.jpg\" data-pin-description=\"16 Must-Have Souvenirs from Vienna: What and where to buy\" data-pin-url=\"https:\/\/viennatouristinformation.com\/en\/shopping\/souvenirs\/?tve=true&amp;tcbf=da9f75c71f\" data-pinpro-key=\"5hgeqnj0o\" style=\"aspect-ratio: auto 1000 \/ 667;\"><\/span><\/p>\n<p>In addition to its sweets, Vienna is of course also known for its coffee culture. One of the best-known coffee brands in Vienna is Julius Meinl. The brand dates back to 1862 when the business was established in the 1st District.&nbsp;Originally only green coffee beans were sold here, freshly roasted coffee was only added later.<\/p>\n<p>The main branch in Vienna is Meinl am Graben, which opened in 1950, and is now run as a flagship store.<\/p>\n<h2 id=\"t-1666869634807\">7. Cheese and Sausage from Naschmarkt<\/h2>\n<p><span><img decoding=\"async\" alt=\"K\u00e4se und Wurst vom Naschmarkt\" data-id=\"2271\" width=\"884\" data-init-width=\"1000\" height=\"590\" data-init-height=\"667\" title=\"K\u00e4se und Wurst vom Naschmarkt\" loading=\"lazy\" src=\"\/\/viennatouristinformation.com\/en\/wp-content\/uploads\/2020\/10\/K\u00e4se-und-Wurst-vom-Naschmarkt.jpg\" data-width=\"884\" data-height=\"590\" data-pin-media=\"https:\/\/viennatouristinformation.com\/en\/wp-content\/uploads\/2021\/01\/wien_pinterest_16_souvenirs-2.jpg\" data-pin-description=\"16 Must-Have Souvenirs from Vienna: What and where to buy\" data-pin-url=\"https:\/\/viennatouristinformation.com\/en\/shopping\/souvenirs\/?tve=true&amp;tcbf=da9f75c71f\" data-pinpro-key=\"f2quw6yef\" style=\"aspect-ratio: auto 1000 \/ 667;\"><\/span><\/p>\n<p>The stalls at <a href=\"https:\/\/viennatouristinformation.com\/en\/things-to-do\/attractions\/naschmarkt\/\">Naschmarkt<\/a> offer their goods Monday to Friday from 6 a.m. to 9 p.m. and Saturday from 6 a.m. to 6 p.m.&nbsp;In addition to fruit, vegetables and meat, spices, cheese and sausages from different countries and regions are also sold. Naschmarkt is the most important market in Vienna.<\/p>\n<p>Those who stayed at home will certainly be happy about a nice piece of original Viennese style cheese or a fine sausage that was bought from Naschmarkt.<\/p>\n<h2 id=\"t-1666869634808\">8. Gustav Klimt<\/h2>\n<p><span><img decoding=\"async\" alt=\"Gustav Klimt\" data-id=\"2272\" width=\"884\" data-init-width=\"1000\" height=\"590\" data-init-height=\"667\" title=\"Gustav Klimt\" loading=\"lazy\" src=\"\/\/viennatouristinformation.com\/en\/wp-content\/uploads\/2020\/10\/Gustav-Klimt.jpg\" data-width=\"884\" data-height=\"590\" data-pin-media=\"https:\/\/viennatouristinformation.com\/en\/wp-content\/uploads\/2021\/01\/wien_pinterest_16_souvenirs-2.jpg\" data-pin-description=\"16 Must-Have Souvenirs from Vienna: What and where to buy\" data-pin-url=\"https:\/\/viennatouristinformation.com\/en\/shopping\/souvenirs\/?tve=true&amp;tcbf=da9f75c71f\" data-pinpro-key=\"o7byfc4hl\" style=\"aspect-ratio: auto 1000 \/ 667;\"><\/span><\/p>\n<p>Gustav Klimt was an important Austrian painter (1862 \u2013 1918) and one of the best-known representatives of Art Nouveau. His most famous painting &#8220;The Kiss&#8221; was created between 1908 &#8211; 1909, which is considered to be Klimt&#8217;s golden phase.<\/p>\n<p>Numerous reproductions of the painting and other motifs by Gustav Klimt are sold in Vienna. The largest selection can be found in Klimt souvenir shops.<\/p>\n<h2 id=\"t-1666869634809\">9. Classical Music<\/h2>\n<p><span><img decoding=\"async\" alt=\"Klassische Musik\" data-id=\"2273\" width=\"884\" data-init-width=\"1000\" height=\"590\" data-init-height=\"667\" title=\"Klassische Musik\" loading=\"lazy\" src=\"\/\/viennatouristinformation.com\/en\/wp-content\/uploads\/2020\/10\/Klassische-Musik.jpg\" data-width=\"884\" data-height=\"590\" data-pin-media=\"https:\/\/viennatouristinformation.com\/en\/wp-content\/uploads\/2021\/01\/wien_pinterest_16_souvenirs-2.jpg\" data-pin-description=\"16 Must-Have Souvenirs from Vienna: What and where to buy\" data-pin-url=\"https:\/\/viennatouristinformation.com\/en\/shopping\/souvenirs\/?tve=true&amp;tcbf=da9f75c71f\" data-pinpro-key=\"xxst6kuwj\" style=\"aspect-ratio: auto 1000 \/ 667;\"><\/span><\/p>\n<p>Austria has produced many famous composers. Wolfgang Amadeus Mozart is probably the best known of them, but also Joseph Haydn, Johann Strauss and Franz Schubert came from Austria.&nbsp;Although Ludwig van Beethoven was born in Bonn, he lived in Vienna from the age of 22, where he also composed his most famous works.<\/p>\n<p>CD&#8217;s with the corresponding compositions are a good souvenir for all music-loving guests.<\/p>\n<h2 id=\"t-1666869634810\">10. M\u00fchlbauer Hats<\/h2>\n<p>In 1903 Julianna M\u00fchlbauer founded a small millinery in Seilergasse in the center of Vienna.&nbsp;Today the grandson of the founder, Klaus M\u00fchlbacher, is a fourth generation hat maker.&nbsp;The shop is still family run and all hats are made by hand. Every hat from the M\u00fchlbauer hat manufactory is adorned with a curved silver M, the hat&#8217;s trademark and quality mark.<\/p>\n<p>A truly typical Austrian souvenir is the Tyrolean hat, made of soft felt and decorated with a brush or feather.<\/p>\n<h2 id=\"t-1666869634811\">11. Handmade Shoes<\/h2>\n<p>If you&#8217;re looking for exclusive shoes, you&#8217;ve come to the right place at Ludwig Reiter Schuhmanufaktur. The company was founded in 1885 and is now a fourth generation family-run business.&nbsp;In the Viennese manufactory, handmade shoes are made using the traditional Goodyear method. Around 30,000 shoes are manufactured annually.<\/p>\n<p>The manufactory is located in the 22nd district of Vienna, S\u00fc\u00dfenbrunn. There are shops in the city center on F\u00fchrichgasse and on M\u00f6lkersteig.<\/p>\n<h2 id=\"t-1666869634812\">12. J &amp; L Lobmeyr<\/h2>\n<p>The master glazier Josef Lobmeyr opened his first shop in 1823, and in 1860 the J&amp;L Lobmeyr Company became a court glassware dealer and supplied crystal chandeliers for the <a href=\"https:\/\/viennatouristinformation.com\/en\/things-to-do\/hofburg-imperial-palace\/\" style=\"outline: none;\">Imperial Palace<\/a>, <a href=\"https:\/\/viennatouristinformation.com\/en\/things-to-do\/schonbrunn\/\">Sch\u00f6nbrunn Palace<\/a>&nbsp;and Bavarian royal palaces, among other things.<\/p>\n<p>The parent company on K\u00e4rntner Strasse is still family-owned and offers mouth-blown and hand-cut glasses, jugs, vases, chandeliers and lamps for sale.<\/p>\n<h2 id=\"t-1666869634813\">13. Porcelain<\/h2>\n<p>The Viennese Augarten Porcelain Manufactory is named after the garden in which its manufactory buildings are located.&nbsp;It was founded in its current form in 1923. All pieces are still made by hand today. Augarten porcelain is the most expensive Austrian porcelain and is also used for state purposes such as in the <a href=\"https:\/\/viennatouristinformation.com\/en\/things-to-do\/hofburg-imperial-palace\/\">Imperial Palace<\/a>, the Federal Chancellery and the Austrian embassies.<\/p>\n<p>Among other things, vases, dinner and tea services, figures, lamps and much more are sold. The designs come from different epochs and include different motifs. In addition to flower bouquets, hunting and nature motifs, there is a choice of Classicism, Biedermeier, Art Deco and Modernism.<\/p>\n<p>The flagship store of Augarten Porcelain Manufactory is located in the city center at Spiegelgasse 3.<\/p>\n<p>Not a cheap souvenir, but guaranteed handmade.<\/p>\n<h2 id=\"t-1666869634814\">14. Swabian Jungfrau<\/h2>\n<p>If you are looking for exquisite table, bed and bath linen, go to the Swabian Jungfrau in Vienna. It is the oldest linen shop in Europe, founded in 1720 by a linen merchant from Swabia. Since the man had three daughters, the business was given the name Zur Schw\u00e4bische Jungfrau.<\/p>\n<p>Custom-made products with your own monograms can also be made on request. The shop has already been awarded the Austrian national coat of arms.<\/p>\n<h2 id=\"t-1666869634815\">15. T-Shirt: No Kangaroo in Austria<\/h2>\n<p>It happens again and again that Austria and Australia are confused by English-speaking guests.<\/p>\n<p>This is why these t-shirts were invented, which clearly clarify and prove the facts.<\/p>\n<p>Pauli and Johann, who recently left a kangaroo farm in Austria, could be brought back to their places&#8230;<\/p>\n<h2 id=\"t-1666869634816\">16. Wilhelm Jungmann &amp; Neffe<\/h2>\n<p>Wilhelm Jungmann &amp; Neffe is a clothes maker in the 1st district of Vienna at Albertina Platz. The company was founded in 1866 and had been supplier to the Imperial and Royal Court and Chamber since 1881. Today, Jungmann &amp; Neffe is one of the few originally preserved shops from the Wilhelminian period. The shop directly opposite Vienna&#8217;s <a href=\"https:\/\/viennatouristinformation.com\/en\/things-to-do\/museum\/albertina\/\" style=\"outline: none;\">Albertina Museum<\/a>&nbsp;is a historical landmark and has no central heating so as not to damage the valuable wood paneling.<\/p>\n<p>Fine fabrics and exclusive accessories are offered.<\/p>\n<p>Not a cheap souvenir, but very original.<\/p>\n","protected":false},"excerpt":{"rendered":"<p>What would a holiday be without a souvenir? In Vienna the selection is huge and the abundance inexhaustible.&nbsp;You can find everything from classic to traditional souvenirs. Of course, all landmarks in every form as a souvenir are also available in Vienna.&nbsp;These include mugs, plates, glass, postcards, posters, t-shirts, bags, magnets, key rings and much more. [&hellip;]<\/p>\n","protected":false},"author":16,"featured_media":2265,"parent":1464,"menu_order":0,"comment_status":"closed","ping_status":"closed","template":"","meta":{"footnotes":""},"tags":[],"class_list":["post-1559","page","type-page","status-publish","has-post-thumbnail","hentry","post-wrapper","thrv_wrapper"],"wp-worthy-pixel":{"ignored":false,"public":null,"server":null,"url":null},"wp-worthy-type":"normal","_links":{"self":[{"href":"https:\/\/viennatouristinformation.com\/en\/wp-json\/wp\/v2\/pages\/1559","targetHints":{"allow":["GET"]}}],"collection":[{"href":"https:\/\/viennatouristinformation.com\/en\/wp-json\/wp\/v2\/pages"}],"about":[{"href":"https:\/\/viennatouristinformation.com\/en\/wp-json\/wp\/v2\/types\/page"}],"author":[{"embeddable":true,"href":"https:\/\/viennatouristinformation.com\/en\/wp-json\/wp\/v2\/users\/16"}],"replies":[{"embeddable":true,"href":"https:\/\/viennatouristinformation.com\/en\/wp-json\/wp\/v2\/comments?post=1559"}],"version-history":[{"count":0,"href":"https:\/\/viennatouristinformation.com\/en\/wp-json\/wp\/v2\/pages\/1559\/revisions"}],"up":[{"embeddable":true,"href":"https:\/\/viennatouristinformation.com\/en\/wp-json\/wp\/v2\/pages\/1464"}],"wp:featuredmedia":[{"embeddable":true,"href":"https:\/\/viennatouristinformation.com\/en\/wp-json\/wp\/v2\/media\/2265"}],"wp:attachment":[{"href":"https:\/\/viennatouristinformation.com\/en\/wp-json\/wp\/v2\/media?parent=1559"}],"wp:term":[{"taxonomy":"post_tag","embeddable":true,"href":"https:\/\/viennatouristinformation.com\/en\/wp-json\/wp\/v2\/tags?post=1559"}],"curies":[{"name":"wp","href":"https:\/\/api.w.org\/{rel}","templated":true}]}}