{"id":2311,"date":"2020-10-07T10:00:40","date_gmt":"2020-10-07T08:00:40","guid":{"rendered":"http:\/\/viennatouristinformation.com\/en\/?page_id=2311"},"modified":"2023-06-07T11:06:34","modified_gmt":"2023-06-07T09:06:34","slug":"cemetery","status":"publish","type":"page","link":"https:\/\/viennatouristinformation.com\/en\/things-to-do\/parks\/cemetery\/","title":{"rendered":"Central Cemetery in Vienna: Info, Graves of Honor &#038; Admission"},"content":{"rendered":"<h2 id=\"t-1666524741347\" data-hide=\"true\">An extraordinary&nbsp;sight&nbsp;in Vienna is the Central Cemetery with honorary graves, monuments and natural atmosphere.<\/h2>\n<p>In our guide to the Central Cemetery you will find all the important information, including what you can do here, a map of the cemetery, its history and information about how to get there, admission and guided tours.<\/p>\n<h2 id=\"t-1666524741348\">What Can I Do in Vienna Central Cemetery?<\/h2>\n<p><span><img decoding=\"async\" alt=\"Was kann ich im Zentralfriedhof machen\" data-id=\"2771\" width=\"884\" data-init-width=\"1000\" height=\"590\" data-init-height=\"667\" title=\"Was kann ich im Zentralfriedhof machen\" loading=\"lazy\" src=\"\/\/viennatouristinformation.com\/en\/wp-content\/uploads\/2020\/10\/Was-kann-ich-im-Zentralfriedhof-machen.jpg\" data-width=\"884\" data-height=\"590\"><\/span><\/p>\n<p>The Vienna Central Cemetery is the most important burial ground in Vienna and the second largest cemetery in Europe. People of all denominations are buried here. Countless famous personalities find their final resting place among the approximately three million deceased. These include world-famous composers, important artists as well as politicians and public figures.<\/p>\n<p>But also numerous historical monuments, architectural sights and an idyllic nature can be explored during a walk in the central cemetery.&nbsp;<\/p>\n<p>Below we describe in more detail what you can do in the Central Cemetery.<\/p>\n<h3 id=\"t-1666524741349\">1. Go For a Walk and Look for Deer<\/h3>\n<p><span><img decoding=\"async\" alt=\"Spazieren gehen und Rehe suchen\" data-id=\"2772\" width=\"884\" data-init-width=\"1000\" height=\"590\" data-init-height=\"667\" title=\"Spazieren gehen und Rehe suchen\" loading=\"lazy\" src=\"\/\/viennatouristinformation.com\/en\/wp-content\/uploads\/2020\/10\/Spazieren-gehen-und-Rehe-suchen.jpg\" data-width=\"884\" data-height=\"590\"><\/span><\/p>\n<p>Due to its spaciousness and nature, the central cemetery is one of the most beautiful parks in Vienna, which is why it is a popular place for walking.<\/p>\n<p>On a walk through the extensive area, you can not only discover artistically designed graves and crypts, but also take a look at the unique flora and fauna. These attract both locals and tourists to the cemetery and provide an oasis of calm and relaxation.<\/p>\n<p>Delightful mile-long walks lined with trees lead through the cemetery and offer wonderful nature experiences. Numerous plant and animal species can be found in particular in the approximately 40,000 m\u00b2 natural garden (between groups 91 and 97).<\/p>\n<p>As you stroll through the cemetery, look for roaming deer, or head to the Park of Tranquility and Strength (3rd Gate), a place to meditate and recharge your batteries.<\/p>\n<p>The many sculptures and Art Nouveau buildings such as the Karl Borrom\u00e4us Church also cast a spell over visitors.<\/p>\n<h3 id=\"t-1666524741350\">2. Graves of Honor<\/h3>\n<p><span><img decoding=\"async\" alt=\"Ehrengr\u00e4ber\" data-id=\"2773\" width=\"884\" data-init-width=\"1000\" height=\"590\" data-init-height=\"667\" title=\"Ehrengr\u00e4ber\" loading=\"lazy\" src=\"\/\/viennatouristinformation.com\/en\/wp-content\/uploads\/2020\/10\/Ehrengr\u00e4ber.jpg\" data-width=\"884\" data-height=\"590\"><\/span><\/p>\n<p>Numerous graves of honor are maintained at the central cemetery. The nomination as a grave of honor represents a special distinction of the City of Vienna, which is bestowed on famous personalities.<\/p>\n<p>Here are some of the famous personalities:<\/p>\n<ul>\n<li><strong>Musicians:<\/strong> Ludwig van Beethoven, Franz Schubert, Johann Strauss<\/li>\n<li><strong>Federal Presidents in the Presidential Crypt:<\/strong> Karl Renner, Theodor K\u00f6rner, Adolf Sch\u00e4rf, Franz Jonas, Rudolf Kirchschl\u00e4ger, Thomas Klestil and Kurt Waldheim<\/li>\n<li>Falco (pop singer)<\/li>\n<li>Curd Jurgens (actor)<\/li>\n<li>Arthur Schnitzler (writer)<\/li>\n<\/ul>\n<h3 id=\"t-1666524741351\">3. Borromeo Church<\/h3>\n<p><span><img decoding=\"async\" alt=\"Borrom\u00e4us Kirche\" data-id=\"2775\" width=\"884\" data-init-width=\"1000\" height=\"590\" data-init-height=\"667\" title=\"Borrom\u00e4us Kirche\" loading=\"lazy\" src=\"\/\/viennatouristinformation.com\/en\/wp-content\/uploads\/2020\/10\/Borrom\u00e4us-Kirche.jpg\" data-width=\"884\" data-height=\"590\"><\/span><\/p>\n<p>A popular attraction is the Cemetery Church of Saint Charles Borromeo is a masterpiece of Viennese Art Nouveau.<\/p>\n<p>The architectural gem is also known as the Karl Lueger Memorial Church because the former mayor of Vienna is buried here.<\/p>\n<h3 id=\"t-1666524741352\">4. Funeral Museum<\/h3>\n<p><span><img decoding=\"async\" alt=\"Bestattungsmuseum\" data-id=\"2776\" width=\"884\" data-init-width=\"1000\" height=\"590\" data-init-height=\"667\" title=\"Bestattungsmuseum\" loading=\"lazy\" src=\"\/\/viennatouristinformation.com\/en\/wp-content\/uploads\/2020\/10\/Bestattungsmuseum.jpg\" data-width=\"884\" data-height=\"590\"><\/span><\/p>\n<p>There is an interactive funeral museum on the grounds of the cemetery. It is in the basement of mortuary 2.<\/p>\n<p>More than 250 exhibits offer an insight into the Viennese burial and cemetery culture of the past centuries.<\/p>\n<h3 id=\"t-1666524741353\">5. Graveyard of the Nameless<\/h3>\n<p><span><img decoding=\"async\" alt=\"Friedhof der Namenlosen\" data-id=\"2777\" width=\"884\" data-init-width=\"1000\" height=\"590\" data-init-height=\"667\" title=\"Friedhof der Namenlosen\" loading=\"lazy\" src=\"\/\/viennatouristinformation.com\/en\/wp-content\/uploads\/2020\/10\/Friedhof-der-Namenlosen.jpg\" data-width=\"884\" data-height=\"590\"><\/span><\/p>\n<p>The Cemetery of the Nameless is not part of the Central Cemetery!<\/p>\n<p>It is 5.2 km from Gate 4 of the Central Cemetery. It stands on the banks of the Danube at Alberner Hafen. From the central cemetery you can reach it with line 11 to Kaiserebersdorf-Zinnergasse and then change to line 76B to Alberner Hafen.<\/p>\n<p>The unknown dead who were washed ashore by the Danube in the port area between 1840 and 1940 rest in the Cemetery of the Nameless. The cemetery is often listed as an insider tip, which could be due to the mystical ambience of this place.<\/p>\n<p><span><img decoding=\"async\" alt=\"Eintritt und F\u00fchrungen\" data-id=\"2778\" width=\"884\" data-init-width=\"1000\" height=\"590\" data-init-height=\"667\" title=\"Eintritt und F\u00fchrungen\" loading=\"lazy\" src=\"\/\/viennatouristinformation.com\/en\/wp-content\/uploads\/2020\/10\/Eintritt-und-F\u00fchrungen-1.jpg\" data-width=\"884\" data-height=\"590\"><\/span><\/p>\n<h2 id=\"t-1666524741354\">Admission and Guided Tours<\/h2>\n<ul>\n<li><strong>Admission:<\/strong> Admission to the Central Cemetery is free.<\/li>\n<li><strong>Opening Hours:<\/strong> You can find the current opening hours of the Central Cemetery <a href=\"https:\/\/www.friedhoefewien.at\/eportal3\/ep\/channelView.do\/pageTypeId\/75472\/channelId\/-54304\" target=\"_blank\" style=\"outline: none;\" rel=\"noopener\">here<\/a>.<\/li>\n<li><strong>Guided Tours:<\/strong>&nbsp;The Central Cemetery can also be explored as part of a guided tour, which takes you to the graves of honor, special graves and the cemetery church.&nbsp;You can find out more about this <a href=\"https:\/\/www.friedhoefewien.at\/eportal3\/ep\/contentView.do\/pageTypeId\/75472\/programId\/80951\/contentTypeId\/1001\/channelId\/-54304\/contentId\/77684\" target=\"_blank\" style=\"outline: none;\" rel=\"noopener\">here<\/a>.&nbsp;Fiaker tours and events such as crime thriller nights are also offered<\/li>\n<li><strong>Audio Guides:<\/strong> An audio guide is also available on site for a fee.<\/li>\n<\/ul>\n<p><span><img decoding=\"async\" alt=\"Wie komme ich zum Zentralfriedhof\" data-id=\"2779\" width=\"884\" data-init-width=\"1000\" height=\"590\" data-init-height=\"667\" title=\"Wie komme ich zum Zentralfriedhof\" loading=\"lazy\" src=\"\/\/viennatouristinformation.com\/en\/wp-content\/uploads\/2020\/10\/Wie-komme-ich-zum-Zentralfriedhof.jpg\" data-width=\"884\" data-height=\"590\"><\/span><\/p>\n<h2 id=\"t-1666524741355\">How Do I Get to the Central Cemetery?<\/h2>\n<p>The Central Cemetery is located in the 11th district of Vienna, Simmering, on the eastern city limits of Vienna.<\/p>\n<p>You can reach it with the tram lines 71 and 11 (gates 1, 2, 3 and 4) or with the S-Bahn S7 (gate 11).<\/p>\n<p>Take the U3 subway to the Simmering end station and then change to tram line 71 or 11.<\/p>\n<h2 id=\"t-1666524741356\">Plan of the Cemetery<\/h2>\n<p>https:\/\/www.friedhoefewien.at\/media\/files\/2013\/wiener%20zentral%20orientierungsplan_90109.pdf<span style=\"color: var(--tcb-skin-color-4); font-family: Literata; font-size: 26px; font-weight: var(--g-bold-weight,bold);\">Grave Search<\/span><\/p>\n<p>If you want to search for specific graves in the Central Cemetery or another cemetery in Vienna, you can do so with the help <a href=\"https:\/\/www.friedhoefewien.at\/eportal3\/\" target=\"_blank\" style=\"outline: none;\" rel=\"noopener\">of this website<\/a>.<\/p>\n<p><span><img decoding=\"async\" alt=\"Geschichte des Friedhofs\" data-id=\"2780\" width=\"884\" data-init-width=\"1000\" height=\"590\" data-init-height=\"667\" title=\"Geschichte des Friedhofs\" loading=\"lazy\" src=\"\/\/viennatouristinformation.com\/en\/wp-content\/uploads\/2020\/10\/Geschichte-des-Friedhofs.jpg\" data-width=\"884\" data-height=\"590\"><\/span><\/p>\n<h2 id=\"t-1666524741358\">History of Vienna Central Cemetery<\/h2>\n<p>After the number of inhabitants and thus the number of dead grew steadily in the 19th century, it was decided in 1863 to build a new cemetery.<\/p>\n<p>Finally, in 1874, the Vienna Central Cemetery was opened as the first interdenominational cemetery. At the time it was considered the largest cemetery in Europe. Since it opened, it has been expanded a total of seven times, most recently in 1921.<\/p>\n<p>The Central Cemetery was not spared from the Second World War either. Bombing raids hit him hard. Around 12,000 graves and hundreds of tombs were completely destroyed. All the buildings were also damaged, including Karl Borrom\u00e4us Church, whose dome was destroyed by an incendiary bomb.<\/p>\n<p>Today, the Central Cemetery is not only one of the largest cemeteries in the world and the most important in the city, but also a popular destination and a place of reflection.<\/p>\n<h2 id=\"t-1666524741359\">Contact<\/h2>\n<ul>\n<li><strong>Address:<\/strong> &nbsp;Main entrance gate 2, Simmeringer Hauptstra\u00dfe 234, 1110 Vienna<\/li>\n<li><strong>U-Bahn:<\/strong> &nbsp; U3 to Simmering terminus + line 71 or 11<\/li>\n<li><strong>Opening Hours:<\/strong> You can find the current opening hours of the Central Cemetery <a href=\"https:\/\/www.friedhoefewien.at\/eportal3\/ep\/channelView.do\/pageTypeId\/75472\/channelId\/-54304\" target=\"_blank\" rel=\"noopener\">here<\/a> .<\/li>\n<\/ul>\n","protected":false},"excerpt":{"rendered":"<p>An extraordinary&nbsp;sight&nbsp;in Vienna is the Central Cemetery with honorary graves, monuments and natural atmosphere. In our guide to the Central Cemetery you will find all the important information, including what you can do here, a map of the cemetery, its history and information about how to get there, admission and guided tours. What Can I [&hellip;]<\/p>\n","protected":false},"author":3,"featured_media":2769,"parent":1257,"menu_order":0,"comment_status":"closed","ping_status":"closed","template":"","meta":{"footnotes":""},"tags":[],"class_list":["post-2311","page","type-page","status-publish","has-post-thumbnail","hentry","post-wrapper","thrv_wrapper"],"wp-worthy-pixel":{"ignored":false,"public":null,"server":null,"url":null},"wp-worthy-type":"normal","_links":{"self":[{"href":"https:\/\/viennatouristinformation.com\/en\/wp-json\/wp\/v2\/pages\/2311","targetHints":{"allow":["GET"]}}],"collection":[{"href":"https:\/\/viennatouristinformation.com\/en\/wp-json\/wp\/v2\/pages"}],"about":[{"href":"https:\/\/viennatouristinformation.com\/en\/wp-json\/wp\/v2\/types\/page"}],"author":[{"embeddable":true,"href":"https:\/\/viennatouristinformation.com\/en\/wp-json\/wp\/v2\/users\/3"}],"replies":[{"embeddable":true,"href":"https:\/\/viennatouristinformation.com\/en\/wp-json\/wp\/v2\/comments?post=2311"}],"version-history":[{"count":0,"href":"https:\/\/viennatouristinformation.com\/en\/wp-json\/wp\/v2\/pages\/2311\/revisions"}],"up":[{"embeddable":true,"href":"https:\/\/viennatouristinformation.com\/en\/wp-json\/wp\/v2\/pages\/1257"}],"wp:featuredmedia":[{"embeddable":true,"href":"https:\/\/viennatouristinformation.com\/en\/wp-json\/wp\/v2\/media\/2769"}],"wp:attachment":[{"href":"https:\/\/viennatouristinformation.com\/en\/wp-json\/wp\/v2\/media?parent=2311"}],"wp:term":[{"taxonomy":"post_tag","embeddable":true,"href":"https:\/\/viennatouristinformation.com\/en\/wp-json\/wp\/v2\/tags?post=2311"}],"curies":[{"name":"wp","href":"https:\/\/api.w.org\/{rel}","templated":true}]}}