{"id":2361,"date":"2020-10-08T18:35:47","date_gmt":"2020-10-08T16:35:47","guid":{"rendered":"http:\/\/viennatouristinformation.com\/en\/?page_id=2361"},"modified":"2024-06-14T10:10:51","modified_gmt":"2024-06-14T08:10:51","slug":"schonbrunn","status":"publish","type":"page","link":"https:\/\/viennatouristinformation.com\/en\/things-to-do\/schonbrunn\/","title":{"rendered":"Guide to Sch\u00f6nbrunn Palace: Admission, Things to Do &#038; Zoo"},"content":{"rendered":"<h1>Sch\u00f6nbrunn Palace in Vienna<\/h1>\n<p>The Sch\u00f6nbrunn Palace complex is so large that you can spend the whole day there.<\/p>\n<h2>What Can I Do in Sch\u00f6nbrunn Palace?<\/h2>\n<p>The impressive Sch\u00f6nbrunn Palace is also referred to as the Versailles of Austria and is one of the most visited <a href=\"https:\/\/viennatouristinformation.com\/en\/things-to-do\/\" style=\"outline: none;\">sights in Vienna<\/a>.<\/p>\n<p>The former summer residence of the Habsburg imperial family is one of the most beautiful baroque palace complexes in Europe. Along with the entire garden, Sch\u00f6nbrunn Palace is part of the UNESCO World Cultural Heritage as a baroque work of art. &nbsp;&nbsp;<\/p>\n<p>The palace complex includes&nbsp;<a href=\"https:\/\/viennatouristinformation.com\/en\/things-to-do\/attractions\/schoenbrunn-zoo\/\" style=\"outline: none;\">Sch\u00f6nbrunn Zoo<\/a>, the oldest zoo in the world, the Palm House, &nbsp;maze and the Desert House. &nbsp;<\/p>\n<p>We have collected the most beautiful and interesting things to do in Sch\u00f6nbrunn for you.<\/p>\n<h3>Highlights in the Palace Park<\/h3>\n<p>The most important sights in the palace park include Sch\u00f6nbrunn Palace, the zoo, the Gloriette, the Desert House and the Neptune Fountain.&nbsp;The Sch\u00f6nbrunn Children&#8217;s Museum is also particularly worth mentioning.<\/p>\n<p><strong><span style=\"color: var(--tcb-skin-color-3);\">Admission:<\/span><span style=\"color: var(ca1c1);\"> <\/span><\/strong> There are various museums in the palace complex, with separate admission and different opening times. Further details can be found in this&nbsp;<a data-lt-tmp-id=\"lt-586963\" href=\"https:\/\/www.headout.com\/r\/most-amazing-placesrecommends-sK1cw\/\" rel=\"nofollow noopener\" spellcheck=\"false\" target=\"_blank\" style=\"outline: none;\">Overview of the available ticket options for Sch\u00f6nbrunn Palace<\/a><\/p>\n<p style=\"text-align: center;\">Palace, Zoo and Concerts<\/p>\n<p style=\"text-align: center;\">Sch\u00f6nbrunn Palace, Children&#8217;s Museum, Imperial Carriage and Sch\u00f6nbrunn Zoo<\/p>\n<p><a href=\"https:\/\/viennatouristinformation.com\/en\/shopping\/christmas-markets\/\" dynamic-postlink=\"tcb_post_the_permalink\" data-shortcode-id=\"1245\"><\/a><\/p>\n<h3 style=\"text-align: center; padding-top: 0px !important; margin-top: 0px !important;\"><span data-attr-link=\"1\" data-attr-rel=\"0\" data-attr-target=\"0\" data-extra_key=\"\" data-option-inline=\"1\" data-shortcode=\"tcb_post_title\" data-shortcode-name=\"Post title\" data-attr-css=\"\" data-attr-static-link=\"{&quot;className&quot;:&quot;&quot;,&quot;href&quot;:&quot;https:\/\/viennatouristinformation.com\/en\/shopping\/christmas-markets\/&quot;,&quot;title&quot;:&quot;10 Most Beautiful Christmas Markets in Vienna ((with Map))&quot;,&quot;class&quot;:&quot;&quot;}\"><a href=\"https:\/\/viennatouristinformation.com\/en\/shopping\/christmas-markets\/\" title=\"10 Most Beautiful Christmas Markets in Vienna [with Map]\" data-css=\"\">10 Most Beautiful Christmas Markets in Vienna [with Map]<\/a><\/span><\/h3>\n<p>Vienna is a city of Christmas markets.Starting in <a href=\"https:\/\/viennatouristinformation.com\/en\/shopping\/christmas-markets\/#more-1245\"><\/a><\/p>\n<p><a href=\"https:\/\/viennatouristinformation.com\/en\/shopping\/christmas-markets\/\"><span style=\"\"><span style=\"\">Read More<\/span><\/span><\/a><a href=\"https:\/\/viennatouristinformation.com\/en\/things-to-do\/attractions\/schoenbrunn-zoo\/\" dynamic-postlink=\"tcb_post_the_permalink\" data-shortcode-id=\"1245\"><\/a><\/p>\n<h3 style=\"text-align: center; padding-top: 0px !important; margin-top: 0px !important;\"><span data-attr-link=\"1\" data-attr-rel=\"0\" data-attr-target=\"0\" data-extra_key=\"\" data-option-inline=\"1\" data-shortcode=\"tcb_post_title\" data-shortcode-name=\"Post title\" data-attr-css=\"\" data-attr-static-link=\"{&quot;className&quot;:&quot;&quot;,&quot;href&quot;:&quot;https:\/\/viennatouristinformation.com\/en\/shopping\/christmas-markets\/&quot;,&quot;title&quot;:&quot;10 Most Beautiful Christmas Markets in Vienna ((with Map))&quot;,&quot;class&quot;:&quot;&quot;}\"><a href=\"https:\/\/viennatouristinformation.com\/en\/things-to-do\/attractions\/schoenbrunn-zoo\/\" title=\"Guide to Sch\u00f6nbrunn Zoo in Vienna: Animals, Admission &amp; Travel Tips\" data-css=\"\">Guide to Sch\u00f6nbrunn Zoo in Vienna: Animals, Admission &amp; Travel Tips<\/a><\/span><\/h3>\n<p>The Sch\u00f6nbrunn Zoo in the palace park, on <a href=\"https:\/\/viennatouristinformation.com\/en\/things-to-do\/attractions\/schoenbrunn-zoo\/#more-917\"><\/a><\/p>\n<p><a href=\"https:\/\/viennatouristinformation.com\/en\/things-to-do\/attractions\/schoenbrunn-zoo\/\"><span style=\"\"><span style=\"\">Read More<\/span><\/span><\/a><a href=\"https:\/\/viennatouristinformation.com\/en\/shopping\/markets\/\" dynamic-postlink=\"tcb_post_the_permalink\" data-shortcode-id=\"1245\"><\/a><\/p>\n<h3 style=\"text-align: center; padding-top: 0px !important; margin-top: 0px !important;\"><span data-attr-link=\"1\" data-attr-rel=\"0\" data-attr-target=\"0\" data-extra_key=\"\" data-option-inline=\"1\" data-shortcode=\"tcb_post_title\" data-shortcode-name=\"Post title\" data-attr-css=\"\" data-attr-static-link=\"{&quot;className&quot;:&quot;&quot;,&quot;href&quot;:&quot;https:\/\/viennatouristinformation.com\/en\/shopping\/christmas-markets\/&quot;,&quot;title&quot;:&quot;10 Most Beautiful Christmas Markets in Vienna ((with Map))&quot;,&quot;class&quot;:&quot;&quot;}\"><a href=\"https:\/\/viennatouristinformation.com\/en\/shopping\/markets\/\" title=\"10 Best Markets in Vienna: From Food to Flea Markets [with Hours]\" data-css=\"\">10 Best Markets in Vienna: From Food to Flea Markets [with Hours]<\/a><\/span><\/h3>\n<p>In Vienna, markets of all kinds are held <a href=\"https:\/\/viennatouristinformation.com\/en\/shopping\/markets\/#more-225\"><\/a><\/p>\n<p><a href=\"https:\/\/viennatouristinformation.com\/en\/shopping\/markets\/\"><span style=\"\"><span style=\"\">Read More<\/span><\/span><\/a><a href=\"https:\/\/viennatouristinformation.com\/en\/things-to-do\/attractions\/\" dynamic-postlink=\"tcb_post_the_permalink\" data-shortcode-id=\"1245\"><\/a><\/p>\n<h3 style=\"text-align: center; padding-top: 0px !important; margin-top: 0px !important;\"><span data-attr-link=\"1\" data-attr-rel=\"0\" data-attr-target=\"0\" data-extra_key=\"\" data-option-inline=\"1\" data-shortcode=\"tcb_post_title\" data-shortcode-name=\"Post title\" data-attr-css=\"\" data-attr-static-link=\"{&quot;className&quot;:&quot;&quot;,&quot;href&quot;:&quot;https:\/\/viennatouristinformation.com\/en\/shopping\/christmas-markets\/&quot;,&quot;title&quot;:&quot;10 Most Beautiful Christmas Markets in Vienna ((with Map))&quot;,&quot;class&quot;:&quot;&quot;}\"><a href=\"https:\/\/viennatouristinformation.com\/en\/things-to-do\/attractions\/\" title=\"20 Exceptional Attractions in Vienna [with Map]\" data-css=\"\">20 Exceptional Attractions in Vienna [with Map]<\/a><\/span><\/h3>\n<p>Are you looking for exciting attractions in Vienna?Here <a href=\"https:\/\/viennatouristinformation.com\/en\/things-to-do\/attractions\/#more-138\"><\/a><\/p>\n<p><a href=\"https:\/\/viennatouristinformation.com\/en\/things-to-do\/attractions\/\"><span style=\"\"><span style=\"\">Read More<\/span><\/span><\/a><a href=\"javascript:void(0)\"><span style=\"\"><span style=\"\">Load More<\/span><\/span><\/a><span><img decoding=\"async\" alt=\"Sch\u00f6nbrunn Palace in Vienna in Austria\" data-id=\"1793\" data-init-width=\"1000\" data-init-height=\"667\" title=\"Sch\u00f6nbrunn Palace in Vienna in Austria\" src=\"\/\/viennatouristinformation.com\/en\/wp-content\/uploads\/2020\/09\/Schloss-Sch\u00f6nbrunn.jpg\" data-width=\"1000\" data-height=\"667\" width=\"1000\" height=\"667\" data-pin-media=\"https:\/\/viennatouristinformation.com\/en\/wp-content\/uploads\/2021\/02\/prag_50_sehenswuerdigkeiten_pinterest-3.jpg\" data-pin-description=\"Schloss Sch\u00f6nbrunn: Eintritt, Park &amp;amp; Sehensw\u00fcrdigkeiten\" data-pin-url=\"https:\/\/viennatouristinformation.com\/en\/things-to-do\/schonbrunn\/?tve=true&amp;tcbf=9cc77a3616\" style=\"aspect-ratio: auto 1000 \/ 667;\" loading=\"lazy\"><\/span><\/p>\n<h2>Sch\u00f6nbrunn Palace<\/h2>\n<p>The history of Sch\u00f6nbrunn Palace and its predecessors goes back to the Middle Ages. In 1569, the Habsburg Maximilian II acquired the property of Katterburg. &nbsp;<\/p>\n<p>Various changes were made over the years, the castle was badly damaged during the Turkish sieges and had to be rebuilt.<\/p>\n<p>It was not until 1743 that the complex, which was originally built as a small hunting lodge, and the palace park were rebuilt under Empress Maria Theresa to what it is today, one of the most beautiful baroque palace complexes in Europe.<\/p>\n<p style=\"color:var(--tcb-skin-color-3)                     !important; --tcb-applied-color:var$(--tcb-skin-color-3)                     !important;\"><strong><span style=\"color: var(--tcb-skin-color-3);\">Imperial Tour: <\/span><span style=\"color: var(--tcb-skin-color-0)  ;\">&nbsp;<\/span><\/strong><span style=\"font-weight: normal;\"><span style=\"color:var(--tcb-skin-color-16);\">With the Imperial Tour, 22 of the 1441 rooms in the palace can be visited with an audio guide and a tour description.<\/span><\/span><\/p>\n<p><strong><span style=\"color: var(--tcb-skin-color-3);\">Grand Tour:<\/span><span style=\"color: var(ca1c1);\"> <\/span><\/strong>&nbsp;During the Grand Tour, a total of 40 of the 1441 rooms in the palace complex can be visited.&nbsp;The tour lasts around 50 minutes.<\/p>\n<p><strong><span style=\"color: var(--tcb-skin-color-3);\">Children&#8217;s Museum:<\/span><span style=\"color: var(ca1c1);\"> <\/span><\/strong>&nbsp;Dressed up as a princess or prince, children can experience court life from back then, up close and true to the original in the 12 rooms on the ground floor.<\/p>\n<p><strong><span style=\"color: var(--tcb-skin-color-3);\">Guided Tours:<\/span><span style=\"color: var(ca1c1);\">&nbsp;<\/span><\/strong> There are various guided tours through the castle and the gardens. Details can be found here. <a href=\"https:\/\/www.headout.com\/r\/most-amazing-placesrecommends-sK1cw\/\" target=\"_blank\" rel=\"nofollow noopener\">Tickets can be bought quickly and conveniently online.<\/a><\/p>\n<p><span><img decoding=\"async\" alt=\"Sch\u00f6nbrunn Zoo in Vienna in Austria\" data-id=\"1954\" data-init-width=\"1200\" data-init-height=\"630\" title=\"Sch\u00f6nbrunn Zoo in Vienna in Austria\" src=\"\/\/viennatouristinformation.com\/en\/wp-content\/uploads\/2020\/09\/Tiergarten-Sch\u00f6nbrunn.jpg\" data-width=\"1080\" data-height=\"567\" style=\"aspect-ratio: auto 1200 \/ 630;\" width=\"1080\" height=\"567\" data-pin-media=\"https:\/\/viennatouristinformation.com\/en\/wp-content\/uploads\/2021\/02\/prag_50_sehenswuerdigkeiten_pinterest-3.jpg\" data-pin-description=\"Schloss Sch\u00f6nbrunn: Eintritt, Park &amp;amp; Sehensw\u00fcrdigkeiten\" data-pin-url=\"https:\/\/viennatouristinformation.com\/en\/things-to-do\/schonbrunn\/?tve=true&amp;tcbf=9cc77a3616\" loading=\"lazy\"><\/span><\/p>\n<h2>Sch\u00f6nbrunn Zoo<\/h2>\n<p>The oldest zoo in the world was opened in 1752 by Emperor Franz I Stephan von Lorraine, Maria Theresa&#8217;s husband, as an imperial menagerie. Today, 700 animal species, some of them endangered, live on an area of 17 hectares. These include pandas, tigers, orangutans, polar bears, koalas and elephants. &nbsp;A train commutes in the Zoo between the Emperor&#8217;s breakfast pavilion, the elephant house and the Tyrolean Court.&nbsp;The Tyrolean Court is a farm from 1772 that was demolished and rebuilt true to the original in the zoo.&nbsp;There is even fresh milk from the cow to drink.&nbsp;<\/p>\n<p>Sch\u00f6nbrunn Zoo is not only part of the Sch\u00f6nbrunn UNESCO World Heritage Site, but has also been named \u201cBest Zoo in Europe\u201d five times in a row.<\/p>\n<p>For more information, read our complete&nbsp;<a href=\"https:\/\/viennatouristinformation.com\/en\/things-to-do\/attractions\/schoenbrunn-zoo\/\" style=\"outline: none;\" data-lt-tmp-id=\"lt-297833\" spellcheck=\"false\">guide to Sch\u00f6nbrunn Zoo<\/a>.<\/p>\n<h3>Highlights in the Zoo<\/h3>\n<p>The highlights are the panda bears, which are particularly difficult to keep, the rainforest house, which is a huge glass house stretched over a mountain slope, and the ORANG.erie, the home of the Viennese orangutans.<span><\/span><\/p>\n<p><strong><span style=\"color: var(--tcb-skin-color-3);\">Admission:<\/span><span style=\"color: var(ca1c1);\"> <\/span><\/strong>&nbsp;With over 2 million visitors a year, it is advisable to buy tickets online and avoid long lines at the ticket offices.&nbsp;<a data-lt-tmp-id=\"lt-693475\" href=\"https:\/\/gyg.me\/XwAR1w4A\" rel=\"nofollow noopener\" spellcheck=\"false\" target=\"_blank\" style=\"outline: none;\">Buy Your Skip-the-line Tickets for Sch\u00f6nbrunn Zoo here.<\/a><\/p>\n<\/p>\n<p style=\"text-align: center;\">More Sights in the Sch\u00f6nbrunn Palace Park<\/p>\n<p style=\"text-align: center;\">What Else Can I Do?<\/p>\n<p><a href=\"javascript:void(0)\"><span style=\"\"><span style=\"\">Load More<\/span><\/span><\/a><\/p>\n<h3 style=\"\">1. Gloriette<\/h3>\n<p>The Gloriette, built in 1775, stands on the summit of the Sch\u00f6nbrunn Palace Park. From the viewing terrace you have a spectacular view over the palace complex. It is also famous for its Kaiserschmarrn, which is one of the best.<\/p>\n<h3 style=\"\">2. Castle Park<\/h3>\n<p>With a size of 160 hectares, the castle park is a huge area with numerous green areas, fountains, statues and monuments. It is freely accessible and a popular recreation area. The museums in the park have different opening hours and entrance fees.<\/p>\n<h3 style=\"\">3. Sch\u00f6nbrunner Pool<\/h3>\n<p>The outdoor pool in the castle park is close to the Gloriette. The absolute highlight is the 50 meter sports pool with Olympic dimensions and 8 lanes. There is also a restaurant and its own fitness and wellness area. In the summer months you can swim in the evenings under floodlights.<\/p>\n<h3 style=\"\">4. Maze<\/h3>\n<p>The maze was laid out between 1698 and 1740. Those who carefully walk through it can even discover the 12 signs of the zodiac. Right next to it is the labyrinth and the Labyrinth Icon playground with 14 play stations.<\/p>\n<\/p>\n<h3 style=\"\">5. Crown Prince Garden<\/h3>\n<p>The Crown Prince Garden is located on the east facade of Sch\u00f6nbrunn Palace. It got its name because of its location right next to the apartment of Crown Prince Rudolf. Until 1918 it was the private garden of the imperial family. The broderie fields are an impressive example of baroque garden art.<\/p>\n<h3 style=\"\">6. Desert House<\/h3>\n<p>More than 35 percent of the earth is covered by deserts. Real conditions prevail in the desert house, which is also known as the sun house because of the sundial south of the building. The adventure trail leads through authentically designed desert landscapes from different countries of the world.<\/p>\n<h3 style=\"\">7. Palm House<\/h3>\n<p>The Palm House is directly opposite the Desert House.&nbsp;One climate zone is shown in each of the three pavilions. With a glass area of 4,900 square meters, it is the largest of its kind in Europe. Among other things, the largest water lily in the world can be seen here. It has a leaf circumference of 1.20 meters.<\/p>\n<h3 style=\"\">8. Marionette Theater<\/h3>\n<p>The marionette theater founded by Prince Esterh\u00e1zy was already playing here during Mozart&#8217;s lifetime at the invitation of Empress Maria Theresa. The handmade figures measure 80 cm and are made in our own workshops. Today, theatrical performances and operas for adults and children are held here.<\/p>\n<h3 style=\"\">9. Fountain of Neptune<\/h3>\n<p>The Neptune fountain is located between the palace and the Gloriette. In its center rises a rocky landscape with the sea god Neptune, who is in a shell with a trident in his hand.&nbsp;In the art of the 16th to 18th centuries, the depiction of Neptune was considered a parable for the prince who ruled his country with sovereignty.<\/p>\n<h3 style=\"\">10. Pigeon House<\/h3>\n<p>The Pigeon House was built around 1750.&nbsp;The high, round aviary made of wire mesh is rounded off by a copper dome-like roof, which is crowned by a knob. Four brick niches were added to the airy rotunda to offer the birds places to sleep.<\/p>\n<p><span><img decoding=\"async\" alt=\"Sch\u00f6nbrunn Palace Christmas market\" data-id=\"2255\" data-init-width=\"1000\" data-init-height=\"667\" title=\"Sch\u00f6nbrunn Palace Christmas market\" src=\"\/\/viennatouristinformation.com\/en\/wp-content\/uploads\/2020\/10\/Weihnachtsmarkt-Schloss-Sch\u00f6nbrunn.jpg\" data-width=\"1000\" data-height=\"667\" style=\"aspect-ratio: auto 1000 \/ 667;\" width=\"1000\" height=\"667\" data-pin-media=\"https:\/\/viennatouristinformation.com\/en\/wp-content\/uploads\/2021\/02\/prag_50_sehenswuerdigkeiten_pinterest-3.jpg\" data-pin-description=\"Schloss Sch\u00f6nbrunn: Eintritt, Park &amp;amp; Sehensw\u00fcrdigkeiten\" data-pin-url=\"https:\/\/viennatouristinformation.com\/en\/things-to-do\/schonbrunn\/?tve=true&amp;tcbf=9cc77a3616\" loading=\"lazy\"><\/span><\/p>\n<p style=\"text-align: center;\">Special Events<\/p>\n<p style=\"text-align: center;\">Annual Events<\/p>\n<p><a href=\"javascript:void(0)\"><span style=\"\"><span style=\"\">Load More<\/span><\/span><\/a><\/p>\n<h3 style=\"text-align: center;\">Christmas Market<\/h3>\n<p>Every year at Christmas time, the romantically illuminated Sch\u00f6nbrunn Palace offers an impressive background for the Christmas market, which invites you to stroll through the 80 wooden stalls on the palace square. Christmas carols and gospels are sung daily on the stage in front of the Christmas tree. For children there is the children&#8217;s museum and Christmas workshops.&nbsp;<\/p>\n<h3 style=\"text-align: center;\">Summer Night Concert<\/h3>\n<p>In summer, the castle is an impressive backdrop for the annual summer night concert of the Vienna Philharmonic. The stage for the open-air concert is set up in front of the castle, the concert begins at dusk and is freely accessible. Classical works from the concert, film, ballet, opera and operetta sectors are played. The concert will be broadcast in over 80 countries worldwide.<\/p>\n<p><span><img decoding=\"async\" alt=\"Gloriette in Sch\u00f6nbrunn Palace Park in Vienna in Austria\" data-id=\"1843\" data-init-width=\"1000\" data-init-height=\"667\" title=\"Gloriette in Sch\u00f6nbrunn Palace Park in Vienna in Austria\" src=\"\/\/viennatouristinformation.com\/en\/wp-content\/uploads\/2020\/09\/Gloriette-im-Schlosspark-Sch\u00f6nbrunn.jpg\" data-width=\"1000\" data-height=\"667\" style=\"aspect-ratio: auto 1000 \/ 667;\" width=\"1000\" height=\"667\" data-pin-media=\"https:\/\/viennatouristinformation.com\/en\/wp-content\/uploads\/2021\/02\/prag_50_sehenswuerdigkeiten_pinterest-3.jpg\" data-pin-description=\"Schloss Sch\u00f6nbrunn: Eintritt, Park &amp;amp; Sehensw\u00fcrdigkeiten\" data-pin-url=\"https:\/\/viennatouristinformation.com\/en\/things-to-do\/schonbrunn\/?tve=true&amp;tcbf=9cc77a3616\" loading=\"lazy\"><\/span><\/p>\n<h2>History of Sch\u00f6nbrunn Palace<\/h2>\n<p>The history of Sch\u00f6brunn Palace goes back to the Middle Ages, since 1569 it was owned by the Habsburgs. The castle owes its name to Emperor Matthias, who saw a spring here in 1619 and is said to have exclaimed &#8220;What a beautiful fountain&#8221; when he saw it. In the years 1638 to 1643 a palace was built as a residence for the second wife of Emperor Ferdinand II, which was badly damaged during the Turkish siege of Vienna. This was followed by numerous new buildings and conversions. In 1743, under Empress Maira Theresia, the conversion of the palace and the palace park to its current form began. The castle and the huge park have been part of the UNESCO World Heritage since 1996. One of the biggest attractions in the castle park is the oldest existing zoo in the world,&nbsp;<a href=\"https:\/\/viennatouristinformation.com\/en\/sehenswuerdigkeiten\/attraktionen\/tiergarten-schoenbrunn\/\" style=\"outline: none;\">Sch\u00f6nbrunn Zoo<\/a>.&nbsp;The palace and park are among the <a href=\"https:\/\/viennatouristinformation.com\/en\/things-to-do\/\" style=\"outline: none;\">main tourist attractions in Vienna<\/a>.<\/p>\n<h3>The Three Main Periods<\/h3>\n<ul>\n<li style=\"\"><span style=\"\"><strong>Hunting Lodge:<\/strong> In 1569, Emperor Maximilian II acquired the extensive property and stocked it with feathered deer, red deer and wild boar to use for hunting. In 1570 he had a hunting lodge built here.<\/span><\/li>\n<li><span><strong>Empress Maria-Theresa:<\/strong> In 1743, under Empress Maria Theresa, the conversion of the palace and the palace park to its current form began.&nbsp;<\/span><\/li>\n<li><span><strong>Emperor Franz Joseph:<\/strong> Emperor Franz Joseph was born in Sch\u00f6nbrunn, he also died in Sch\u00f6nbrunn. He was connected to the castle in a special way, which he rarely left in old age.<\/span><\/li>\n<\/ul>\n<h2 style=\"\">Contact the Palace Administration<\/h2>\n<p style=\"\"><strong>Address: <\/strong><span style=\"font-weight: normal;\">Sch\u00f6nbrunner Schlo\u00dfstrasse 47, 1130 Vienna<\/span><\/p>\n<p style=\"\"><strong>E-Mail:&nbsp;<\/strong><span style=\"font-weight: normal;\">info@schoenbrunn.at<\/span><\/p>\n<p style=\"\"><strong>Phone: <\/strong><span style=\"font-weight: normal;\">(+43) 1 8111 32 39<\/span><\/p>\n<p style=\"\"><strong>Website:&nbsp; <\/strong><a href=\"http:\/\/www.schoenbrunn.at\" target=\"_blank\" style=\"outline: none;\" rel=\"noopener\">www.schoenbrunn.at<\/a><\/p>\n","protected":false},"excerpt":{"rendered":"<p>Sch\u00f6nbrunn Palace in Vienna The Sch\u00f6nbrunn Palace complex is so large that you can spend the whole day there. What Can I Do in Sch\u00f6nbrunn Palace? The impressive Sch\u00f6nbrunn Palace is also referred to as the Versailles of Austria and is one of the most visited sights in Vienna. The former summer residence of the [&hellip;]<\/p>\n","protected":false},"author":16,"featured_media":3032,"parent":109,"menu_order":0,"comment_status":"closed","ping_status":"closed","template":"","meta":{"footnotes":""},"tags":[],"class_list":["post-2361","page","type-page","status-publish","has-post-thumbnail","hentry","post-wrapper","thrv_wrapper"],"wp-worthy-pixel":{"ignored":false,"public":null,"server":null,"url":null},"wp-worthy-type":"normal","_links":{"self":[{"href":"https:\/\/viennatouristinformation.com\/en\/wp-json\/wp\/v2\/pages\/2361","targetHints":{"allow":["GET"]}}],"collection":[{"href":"https:\/\/viennatouristinformation.com\/en\/wp-json\/wp\/v2\/pages"}],"about":[{"href":"https:\/\/viennatouristinformation.com\/en\/wp-json\/wp\/v2\/types\/page"}],"author":[{"embeddable":true,"href":"https:\/\/viennatouristinformation.com\/en\/wp-json\/wp\/v2\/users\/16"}],"replies":[{"embeddable":true,"href":"https:\/\/viennatouristinformation.com\/en\/wp-json\/wp\/v2\/comments?post=2361"}],"version-history":[{"count":2,"href":"https:\/\/viennatouristinformation.com\/en\/wp-json\/wp\/v2\/pages\/2361\/revisions"}],"predecessor-version":[{"id":6327,"href":"https:\/\/viennatouristinformation.com\/en\/wp-json\/wp\/v2\/pages\/2361\/revisions\/6327"}],"up":[{"embeddable":true,"href":"https:\/\/viennatouristinformation.com\/en\/wp-json\/wp\/v2\/pages\/109"}],"wp:featuredmedia":[{"embeddable":true,"href":"https:\/\/viennatouristinformation.com\/en\/wp-json\/wp\/v2\/media\/3032"}],"wp:attachment":[{"href":"https:\/\/viennatouristinformation.com\/en\/wp-json\/wp\/v2\/media?parent=2361"}],"wp:term":[{"taxonomy":"post_tag","embeddable":true,"href":"https:\/\/viennatouristinformation.com\/en\/wp-json\/wp\/v2\/tags?post=2361"}],"curies":[{"name":"wp","href":"https:\/\/api.w.org\/{rel}","templated":true}]}}