{"id":111,"date":"2020-06-10T20:37:38","date_gmt":"2020-06-10T18:37:38","guid":{"rendered":"http:\/\/viennatouristinformation.com\/es\/?page_id=111"},"modified":"2023-06-01T16:29:22","modified_gmt":"2023-06-01T14:29:22","slug":"plan","status":"publish","type":"page","link":"https:\/\/viennatouristinformation.com\/es\/plan\/","title":{"rendered":"Planifica tu viaje"},"content":{"rendered":"<h1 style=\"\">Planeando un viaje a Viena:<\/h1>\n<p>Se trata de llegar f\u00e1cilmente, distritos centrales, lugares de inter\u00e9s, consejos generales de viaje y las preguntas m\u00e1s importantes antes de un viaje a Viena. &nbsp;<\/p>\n<h2 style=\"text-align: center;\" id=\"t-1601911056482\">\u00bfC\u00f3mo llego a Viena?<\/h2>\n<p style=\"text-align: center;\">tren, autob\u00fas, coche y avi\u00f3n<\/p>\n<h3 style=\"\" id=\"t-1601911056457\"><span data-attr-css=\"tve-u-172a53df671\" data-attr-link=\"1\" data-attr-rel=\"0\" data-attr-target=\"0\" data-extra_key=\"\" data-option-inline=\"1\" data-shortcode=\"tcb_post_title\" data-shortcode-name=\"Post title\" data-attr-static-link=\"{&quot;className&quot;:&quot;&quot;,&quot;href&quot;:&quot;https:\/\/viennatouristinformation.com\/es\/plan\/llegar\/&quot;,&quot;title&quot;:&quot;llegar all\u00ed&quot;,&quot;data-css&quot;:&quot;tve-u-172a53df671&quot;,&quot;class&quot;:&quot;&quot;}\" style=\"\"><a href=\"https:\/\/viennatouristinformation.com\/es\/plan\/llegar\/\" title=\"llegar all\u00ed\">llegar all\u00ed<\/a><\/span><\/h3>\n<p><a href=\"https:\/\/viennatouristinformation.com\/es\/plan\/llegar\/aeropuerto-schwechat\/\" dynamic-postlink=\"tcb_post_the_permalink\" data-shortcode-id=\"167\"><\/a><\/p>\n<h3 style=\"text-align: center; padding-top: 0px !important; margin-top: 0px !important;\" id=\"t-1601911056458\"><span data-attr-link=\"1\" data-attr-rel=\"0\" data-attr-target=\"0\" data-extra_key=\"\" data-option-inline=\"1\" data-shortcode=\"tcb_post_title\" data-shortcode-name=\"Post title\" data-attr-css=\"\" data-attr-static-link=\"{&quot;className&quot;:&quot;&quot;,&quot;href&quot;:&quot;https:\/\/viennatouristinformation.com\/es\/plan\/llegar\/aeropuerto-schwechat\/&quot;,&quot;title&quot;:&quot;Aeropuerto Viena-Schwechat&quot;,&quot;class&quot;:&quot;&quot;}\"><a href=\"https:\/\/viennatouristinformation.com\/es\/plan\/llegar\/aeropuerto-schwechat\/\" title=\"Aeropuerto Viena-Schwechat\" data-css=\"\">Aeropuerto Viena-Schwechat<\/a><\/span><\/h3>\n<p>Der Flughafen Schwechat liegt s\u00fcd\u00f6stlich von Wien in <a href=\"https:\/\/viennatouristinformation.com\/es\/plan\/llegar\/aeropuerto-schwechat\/#more-163\">&#8230;<\/a><\/p>\n<p><a href=\"https:\/\/viennatouristinformation.com\/es\/plan\/llegar\/aeropuerto-schwechat\/\" style=\"\"><span style=\"\"><span style=\"\"><strong>sigue leyendo<\/strong><\/span><\/span><\/a><a href=\"https:\/\/viennatouristinformation.com\/es\/plan\/llegar\/estacion-central\/\" dynamic-postlink=\"tcb_post_the_permalink\" data-shortcode-id=\"167\"><\/a><\/p>\n<h3 style=\"text-align: center; padding-top: 0px !important; margin-top: 0px !important;\" id=\"t-1601911056458\"><span data-attr-link=\"1\" data-attr-rel=\"0\" data-attr-target=\"0\" data-extra_key=\"\" data-option-inline=\"1\" data-shortcode=\"tcb_post_title\" data-shortcode-name=\"Post title\" data-attr-css=\"\" data-attr-static-link=\"{&quot;className&quot;:&quot;&quot;,&quot;href&quot;:&quot;https:\/\/viennatouristinformation.com\/es\/plan\/llegar\/aeropuerto-schwechat\/&quot;,&quot;title&quot;:&quot;Aeropuerto Viena-Schwechat&quot;,&quot;class&quot;:&quot;&quot;}\"><a href=\"https:\/\/viennatouristinformation.com\/es\/plan\/llegar\/estacion-central\/\" title=\"Estaci\u00f3n central de Viena\" data-css=\"\">Estaci\u00f3n central de Viena<\/a><\/span><\/h3>\n<p>Der Wiener Hauptbahnhof, der fr\u00fchere S\u00fcdbahnhof, liegt im <a href=\"https:\/\/viennatouristinformation.com\/es\/plan\/llegar\/estacion-central\/#more-169\">&#8230;<\/a><\/p>\n<p><a href=\"https:\/\/viennatouristinformation.com\/es\/plan\/llegar\/estacion-central\/\" style=\"\"><span style=\"\"><span style=\"\"><strong>sigue leyendo<\/strong><\/span><\/span><\/a><a href=\"https:\/\/viennatouristinformation.com\/es\/plan\/llegar\/estacion-de-autobuses-vib\/\" dynamic-postlink=\"tcb_post_the_permalink\" data-shortcode-id=\"167\"><\/a><\/p>\n<h3 style=\"text-align: center; padding-top: 0px !important; margin-top: 0px !important;\" id=\"t-1601911056458\"><span data-attr-link=\"1\" data-attr-rel=\"0\" data-attr-target=\"0\" data-extra_key=\"\" data-option-inline=\"1\" data-shortcode=\"tcb_post_title\" data-shortcode-name=\"Post title\" data-attr-css=\"\" data-attr-static-link=\"{&quot;className&quot;:&quot;&quot;,&quot;href&quot;:&quot;https:\/\/viennatouristinformation.com\/es\/plan\/llegar\/aeropuerto-schwechat\/&quot;,&quot;title&quot;:&quot;Aeropuerto Viena-Schwechat&quot;,&quot;class&quot;:&quot;&quot;}\"><a href=\"https:\/\/viennatouristinformation.com\/es\/plan\/llegar\/estacion-de-autobuses-vib\/\" title=\"Estaci\u00f3n de autobuses de Viena: VIB Vienna International Bus Terminal\" data-css=\"\">Estaci\u00f3n de autobuses de Viena: VIB Vienna International Bus Terminal<\/a><\/span><\/h3>\n<p>Der Busbahnhof Wien Erdberg ist \u00d6sterreichs gr\u00f6\u00dfter Busbahnhof. <a href=\"https:\/\/viennatouristinformation.com\/es\/plan\/llegar\/estacion-de-autobuses-vib\/#more-167\">&#8230;<\/a><\/p>\n<p><a href=\"https:\/\/viennatouristinformation.com\/es\/plan\/llegar\/estacion-de-autobuses-vib\/\" style=\"\"><span style=\"\"><span style=\"\"><strong>sigue leyendo<\/strong><\/span><\/span><\/a><a href=\"https:\/\/viennatouristinformation.com\/es\/plan\/llegar\/aparcamiento\/\" dynamic-postlink=\"tcb_post_the_permalink\" data-shortcode-id=\"167\"><\/a><\/p>\n<h3 style=\"text-align: center; padding-top: 0px !important; margin-top: 0px !important;\" id=\"t-1601911056458\"><span data-attr-link=\"1\" data-attr-rel=\"0\" data-attr-target=\"0\" data-extra_key=\"\" data-option-inline=\"1\" data-shortcode=\"tcb_post_title\" data-shortcode-name=\"Post title\" data-attr-css=\"\" data-attr-static-link=\"{&quot;className&quot;:&quot;&quot;,&quot;href&quot;:&quot;https:\/\/viennatouristinformation.com\/es\/plan\/llegar\/aeropuerto-schwechat\/&quot;,&quot;title&quot;:&quot;Aeropuerto Viena-Schwechat&quot;,&quot;class&quot;:&quot;&quot;}\"><a href=\"https:\/\/viennatouristinformation.com\/es\/plan\/llegar\/aparcamiento\/\" title=\"Estacionar en Viena\" data-css=\"\">Estacionar en Viena<\/a><\/span><\/h3>\n<p>Wenn es auch manchmal ein etwas erh\u00f6htes Verkehrsaufkommen <a href=\"https:\/\/viennatouristinformation.com\/es\/plan\/llegar\/aparcamiento\/#more-216\">&#8230;<\/a><\/p>\n<p><a href=\"https:\/\/viennatouristinformation.com\/es\/plan\/llegar\/aparcamiento\/\" style=\"\"><span style=\"\"><span style=\"\"><strong>sigue leyendo<\/strong><\/span><\/span><\/a><a href=\"https:\/\/viennatouristinformation.com\/es\/plan\/llegar\/aparcamiento-disuasorio\/\" dynamic-postlink=\"tcb_post_the_permalink\" data-shortcode-id=\"167\"><\/a><\/p>\n<h3 style=\"text-align: center; padding-top: 0px !important; margin-top: 0px !important;\" id=\"t-1601911056458\"><span data-attr-link=\"1\" data-attr-rel=\"0\" data-attr-target=\"0\" data-extra_key=\"\" data-option-inline=\"1\" data-shortcode=\"tcb_post_title\" data-shortcode-name=\"Post title\" data-attr-css=\"\" data-attr-static-link=\"{&quot;className&quot;:&quot;&quot;,&quot;href&quot;:&quot;https:\/\/viennatouristinformation.com\/es\/plan\/llegar\/aeropuerto-schwechat\/&quot;,&quot;title&quot;:&quot;Aeropuerto Viena-Schwechat&quot;,&quot;class&quot;:&quot;&quot;}\"><a href=\"https:\/\/viennatouristinformation.com\/es\/plan\/llegar\/aparcamiento-disuasorio\/\" title=\"Park and Ride en Viena\" data-css=\"\">Park and Ride en Viena<\/a><\/span><\/h3>\n<p>So viele Sehensw\u00fcrdigkeiten es in Wien gibt, so <a href=\"https:\/\/viennatouristinformation.com\/es\/plan\/llegar\/aparcamiento-disuasorio\/#more-1276\">&#8230;<\/a><\/p>\n<p><a href=\"https:\/\/viennatouristinformation.com\/es\/plan\/llegar\/aparcamiento-disuasorio\/\" style=\"\"><span style=\"\"><span style=\"\"><strong>sigue leyendo<\/strong><\/span><\/span><\/a><a href=\"https:\/\/viennatouristinformation.com\/es\/plan\/llegar\/taxi\/\" dynamic-postlink=\"tcb_post_the_permalink\" data-shortcode-id=\"167\"><\/a><\/p>\n<h3 style=\"text-align: center; padding-top: 0px !important; margin-top: 0px !important;\" id=\"t-1601911056458\"><span data-attr-link=\"1\" data-attr-rel=\"0\" data-attr-target=\"0\" data-extra_key=\"\" data-option-inline=\"1\" data-shortcode=\"tcb_post_title\" data-shortcode-name=\"Post title\" data-attr-css=\"\" data-attr-static-link=\"{&quot;className&quot;:&quot;&quot;,&quot;href&quot;:&quot;https:\/\/viennatouristinformation.com\/es\/plan\/llegar\/aeropuerto-schwechat\/&quot;,&quot;title&quot;:&quot;Aeropuerto Viena-Schwechat&quot;,&quot;class&quot;:&quot;&quot;}\"><a href=\"https:\/\/viennatouristinformation.com\/es\/plan\/llegar\/taxi\/\" title=\"Taxi en Viena\" data-css=\"\">Taxi en Viena<\/a><\/span><\/h3>\n<p>Rund 4500 Taxis gibt es in Wien. Entweder <a href=\"https:\/\/viennatouristinformation.com\/es\/plan\/llegar\/taxi\/#more-220\">&#8230;<\/a><\/p>\n<p><a href=\"https:\/\/viennatouristinformation.com\/es\/plan\/llegar\/taxi\/\" style=\"\"><span style=\"\"><span style=\"\"><strong>sigue leyendo<\/strong><\/span><\/span><\/a><a href=\"javascript:void(0)\" style=\"\"><span style=\"\"><span style=\"\">Load More<\/span><\/span><\/a><\/p>\n<h3 style=\"\" id=\"t-1601911056464\">Gu\u00eda de Viena<\/h3>\n<p>La aplicaci\u00f3n de audiogu\u00eda con m\u00e1s de 100 lugares de inter\u00e9s, visitas guiadas y entradas.<\/p>\n<h2 style=\"text-align: center;\" id=\"t-1601911056483\">\u00bfD\u00f3nde deber\u00eda vivir en Viena?<\/h2>\n<p style=\"text-align: center;\">Barrios, Hoteles, Apartamentos y m\u00e1s&#8230;<\/p>\n<p style=\"padding: 0px !important; margin: 0px !important; text-align: center;\">1,9&nbsp;<\/p>\n<p style=\"padding: 0px !important; margin: 0px !important; text-align: center;\">millones de personas<\/p>\n<p style=\"padding: 0px !important; margin: 0px !important; line-height: 1.4em !important; text-align: center;\">23<\/p>\n<p style=\"padding: 0px !important; margin: 0px !important; text-align: center;\">distritos<\/p>\n<p style=\"padding: 0px !important; margin: 0px !important; line-height: 1.4em !important; text-align: center;\">96<\/p>\n<p style=\"padding: 0px !important; margin: 0px !important; text-align: center;\">distritos<\/p>\n<p style=\"padding: 0px !important; margin: 0px !important; line-height: 1.4em !important; text-align: center;\">3.700+<\/p>\n<p style=\"padding: 0px !important; margin: 0px !important; text-align: center;\">Alojamientos<\/p>\n<h3 style=\"\" id=\"t-1601911056465\"><span data-attr-css=\"tve-u-172a53ab909\" data-attr-link=\"1\" data-attr-rel=\"0\" data-attr-target=\"0\" data-extra_key=\"\" data-option-inline=\"1\" data-shortcode=\"tcb_post_title\" data-shortcode-name=\"Post title\" data-attr-static-link=\"{&quot;className&quot;:&quot;&quot;,&quot;href&quot;:&quot;https:\/\/viennatouristinformation.com\/es\/hoteles\/&quot;,&quot;title&quot;:&quot;Hoteles recomendados&quot;,&quot;data-css&quot;:&quot;tve-u-172a53ab909&quot;,&quot;class&quot;:&quot;&quot;}\" style=\"\"><a href=\"https:\/\/viennatouristinformation.com\/es\/hoteles\/\" title=\"Hoteles recomendados\">Hoteles recomendados<\/a><\/span><\/h3>\n<p><a href=\"https:\/\/viennatouristinformation.com\/es\/hoteles\/3-estrellas\/\" dynamic-postlink=\"tcb_post_the_permalink\" data-shortcode-id=\"890\"><\/a><\/p>\n<h3 style=\"text-align: center; padding-top: 0px !important; margin-top: 0px !important;\" id=\"t-1601911056466\"><span data-attr-link=\"1\" data-attr-rel=\"0\" data-attr-target=\"0\" data-extra_key=\"\" data-option-inline=\"1\" data-shortcode=\"tcb_post_title\" data-shortcode-name=\"Post title\" data-attr-css=\"\" data-attr-static-link=\"{&quot;className&quot;:&quot;&quot;,&quot;href&quot;:&quot;https:\/\/viennatouristinformation.com\/es\/hoteles\/3-estrellas\/&quot;,&quot;title&quot;:&quot;22 buenos hoteles de 3 estrellas en Viena&quot;,&quot;class&quot;:&quot;&quot;}\"><a href=\"https:\/\/viennatouristinformation.com\/es\/hoteles\/3-estrellas\/\" title=\"22 buenos hoteles de 3 estrellas en Viena\" data-css=\"\">22 buenos hoteles de 3 estrellas en Viena<\/a><\/span><\/h3>\n<p>Hier ist eine Liste mit guten 3 Sterne <a href=\"https:\/\/viennatouristinformation.com\/es\/hoteles\/3-estrellas\/#more-896\">&#8230;<\/a><\/p>\n<p><a href=\"https:\/\/viennatouristinformation.com\/es\/hoteles\/3-estrellas\/\" style=\"\"><span style=\"\"><span style=\"\"><strong>sigue leyendo<\/strong><\/span><\/span><\/a><a href=\"https:\/\/viennatouristinformation.com\/es\/hoteles\/4-estrellas\/\" dynamic-postlink=\"tcb_post_the_permalink\" data-shortcode-id=\"890\"><\/a><\/p>\n<h3 style=\"text-align: center; padding-top: 0px !important; margin-top: 0px !important;\" id=\"t-1601911056466\"><span data-attr-link=\"1\" data-attr-rel=\"0\" data-attr-target=\"0\" data-extra_key=\"\" data-option-inline=\"1\" data-shortcode=\"tcb_post_title\" data-shortcode-name=\"Post title\" data-attr-css=\"\" data-attr-static-link=\"{&quot;className&quot;:&quot;&quot;,&quot;href&quot;:&quot;https:\/\/viennatouristinformation.com\/es\/hoteles\/3-estrellas\/&quot;,&quot;title&quot;:&quot;22 buenos hoteles de 3 estrellas en Viena&quot;,&quot;class&quot;:&quot;&quot;}\"><a href=\"https:\/\/viennatouristinformation.com\/es\/hoteles\/4-estrellas\/\" title=\"28 buenos hoteles de 4 estrellas en el centro de Viena\" data-css=\"\">28 buenos hoteles de 4 estrellas en el centro de Viena<\/a><\/span><\/h3>\n<p>Welche guten 4 Sterne Hotels gibt es im <a href=\"https:\/\/viennatouristinformation.com\/es\/hoteles\/4-estrellas\/#more-817\">&#8230;<\/a><\/p>\n<p><a href=\"https:\/\/viennatouristinformation.com\/es\/hoteles\/4-estrellas\/\" style=\"\"><span style=\"\"><span style=\"\"><strong>sigue leyendo<\/strong><\/span><\/span><\/a><a href=\"https:\/\/viennatouristinformation.com\/es\/hoteles\/5-estrellas\/\" dynamic-postlink=\"tcb_post_the_permalink\" data-shortcode-id=\"890\"><\/a><\/p>\n<h3 style=\"text-align: center; padding-top: 0px !important; margin-top: 0px !important;\" id=\"t-1601911056466\"><span data-attr-link=\"1\" data-attr-rel=\"0\" data-attr-target=\"0\" data-extra_key=\"\" data-option-inline=\"1\" data-shortcode=\"tcb_post_title\" data-shortcode-name=\"Post title\" data-attr-css=\"\" data-attr-static-link=\"{&quot;className&quot;:&quot;&quot;,&quot;href&quot;:&quot;https:\/\/viennatouristinformation.com\/es\/hoteles\/3-estrellas\/&quot;,&quot;title&quot;:&quot;22 buenos hoteles de 3 estrellas en Viena&quot;,&quot;class&quot;:&quot;&quot;}\"><a href=\"https:\/\/viennatouristinformation.com\/es\/hoteles\/5-estrellas\/\" title=\"Los 21 mejores hoteles de 5 estrellas de Viena\" data-css=\"\">Los 21 mejores hoteles de 5 estrellas de Viena<\/a><\/span><\/h3>\n<p>Wo kann ich in Wien gut schlafen? Hier <a href=\"https:\/\/viennatouristinformation.com\/es\/hoteles\/5-estrellas\/#more-890\">&#8230;<\/a><\/p>\n<p><a href=\"https:\/\/viennatouristinformation.com\/es\/hoteles\/5-estrellas\/\" style=\"\"><span style=\"\"><span style=\"\"><strong>sigue leyendo<\/strong><\/span><\/span><\/a><a href=\"javascript:void(0)\" style=\"\"><span style=\"\"><span style=\"\">Load More<\/span><\/span><\/a><\/p>\n<h3 style=\"\" id=\"t-1601911056469\"><span style=\"\">MICE de servicio completo&nbsp;<\/span><\/h3>\n<p>El programa de soporte completo de una sola fuente, desde incentivos hasta hoteles para conferencias con soporte las 24 horas.&nbsp;<\/p>\n<h2 style=\"text-align: center;\" id=\"t-1601911056484\">\u00bfQu\u00e9 puedo hacer en Viena?<\/h2>\n<p style=\"text-align: center;\">Monumentos, monumentos y atracciones&#8230;<\/p>\n<h3 style=\"\" id=\"t-1601911056470\"><span data-attr-css=\"tve-u-172a5436fb6\" data-attr-link=\"1\" data-attr-rel=\"0\" data-attr-target=\"0\" data-extra_key=\"\" data-option-inline=\"1\" data-shortcode=\"tcb_post_title\" data-shortcode-name=\"Post title\" data-attr-static-link=\"{&quot;className&quot;:&quot;&quot;,&quot;href&quot;:&quot;https:\/\/viennatouristinformation.com\/es\/cosas-que-hacer\/&quot;,&quot;title&quot;:&quot;100 cosas que hacer en Viena&quot;,&quot;data-css&quot;:&quot;tve-u-172a5436fb6&quot;,&quot;class&quot;:&quot;&quot;}\"><a href=\"https:\/\/viennatouristinformation.com\/es\/cosas-que-hacer\/\" title=\"100 cosas que hacer en Viena\">100 cosas que hacer en Viena<\/a><\/span><\/h3>\n<p><a href=\"https:\/\/viennatouristinformation.com\/es\/cosas-que-hacer\/atracciones\/\" dynamic-postlink=\"tcb_post_the_permalink\" data-shortcode-id=\"1253\"><\/a><\/p>\n<h3 style=\"text-align: center; padding-top: 0px !important; margin-top: 0px !important;\" id=\"t-1601911056471\"><span data-attr-link=\"1\" data-attr-rel=\"0\" data-attr-target=\"0\" data-extra_key=\"\" data-option-inline=\"1\" data-shortcode=\"tcb_post_title\" data-shortcode-name=\"Post title\" data-attr-css=\"\" data-attr-static-link=\"{&quot;className&quot;:&quot;&quot;,&quot;href&quot;:&quot;https:\/\/viennatouristinformation.com\/es\/cosas-que-hacer\/atracciones\/&quot;,&quot;title&quot;:&quot;20 atracciones en Viena&quot;,&quot;class&quot;:&quot;&quot;}\"><a href=\"https:\/\/viennatouristinformation.com\/es\/cosas-que-hacer\/atracciones\/\" title=\"20 atracciones en Viena\" data-css=\"\">20 atracciones en Viena<\/a><\/span><\/h3>\n<p>\u00bfEst\u00e1 buscando emocionantes atracciones en Viena?Aqu\u00ed hemos compilado <a href=\"https:\/\/viennatouristinformation.com\/es\/cosas-que-hacer\/atracciones\/#more-138\">&#8230;<\/a><\/p>\n<p><a href=\"https:\/\/viennatouristinformation.com\/es\/cosas-que-hacer\/atracciones\/\" style=\"\"><span style=\"\"><span style=\"\"><strong>sigue leyendo<\/strong><\/span><\/span><\/a><a href=\"https:\/\/viennatouristinformation.com\/es\/cosas-que-hacer\/para-los-ninos\/\" dynamic-postlink=\"tcb_post_the_permalink\" data-shortcode-id=\"1253\"><\/a><\/p>\n<h3 style=\"text-align: center; padding-top: 0px !important; margin-top: 0px !important;\" id=\"t-1601911056471\"><span data-attr-link=\"1\" data-attr-rel=\"0\" data-attr-target=\"0\" data-extra_key=\"\" data-option-inline=\"1\" data-shortcode=\"tcb_post_title\" data-shortcode-name=\"Post title\" data-attr-css=\"\" data-attr-static-link=\"{&quot;className&quot;:&quot;&quot;,&quot;href&quot;:&quot;https:\/\/viennatouristinformation.com\/es\/cosas-que-hacer\/atracciones\/&quot;,&quot;title&quot;:&quot;20 atracciones en Viena&quot;,&quot;class&quot;:&quot;&quot;}\"><a href=\"https:\/\/viennatouristinformation.com\/es\/cosas-que-hacer\/para-los-ninos\/\" title=\"25 cosas que hacer para los ni\u00f1os en Viena\" data-css=\"\">25 cosas que hacer para los ni\u00f1os en Viena<\/a><\/span><\/h3>\n<p>Aqu\u00ed est\u00e1 nuestra lista de atracciones para toda <a href=\"https:\/\/viennatouristinformation.com\/es\/cosas-que-hacer\/para-los-ninos\/#more-136\">&#8230;<\/a><\/p>\n<p><a href=\"https:\/\/viennatouristinformation.com\/es\/cosas-que-hacer\/para-los-ninos\/\" style=\"\"><span style=\"\"><span style=\"\"><strong>sigue leyendo<\/strong><\/span><\/span><\/a><a href=\"https:\/\/viennatouristinformation.com\/es\/cosas-que-hacer\/museo\/\" dynamic-postlink=\"tcb_post_the_permalink\" data-shortcode-id=\"1253\"><\/a><\/p>\n<h3 style=\"text-align: center; padding-top: 0px !important; margin-top: 0px !important;\" id=\"t-1601911056471\"><span data-attr-link=\"1\" data-attr-rel=\"0\" data-attr-target=\"0\" data-extra_key=\"\" data-option-inline=\"1\" data-shortcode=\"tcb_post_title\" data-shortcode-name=\"Post title\" data-attr-css=\"\" data-attr-static-link=\"{&quot;className&quot;:&quot;&quot;,&quot;href&quot;:&quot;https:\/\/viennatouristinformation.com\/es\/cosas-que-hacer\/atracciones\/&quot;,&quot;title&quot;:&quot;20 atracciones en Viena&quot;,&quot;class&quot;:&quot;&quot;}\"><a href=\"https:\/\/viennatouristinformation.com\/es\/cosas-que-hacer\/museo\/\" title=\"30 museos m\u00e1s importantes de Viena\" data-css=\"\">30 museos m\u00e1s importantes de Viena<\/a><\/span><\/h3>\n<p>\u00bfQu\u00e9 museos de Viena tienes que ver?Debido a <a href=\"https:\/\/viennatouristinformation.com\/es\/cosas-que-hacer\/museo\/#more-133\">&#8230;<\/a><\/p>\n<p><a href=\"https:\/\/viennatouristinformation.com\/es\/cosas-que-hacer\/museo\/\" style=\"\"><span style=\"\"><span style=\"\"><strong>sigue leyendo<\/strong><\/span><\/span><\/a><a href=\"https:\/\/viennatouristinformation.com\/es\/cosas-que-hacer\/castillos\/\" dynamic-postlink=\"tcb_post_the_permalink\" data-shortcode-id=\"1253\"><\/a><\/p>\n<h3 style=\"text-align: center; padding-top: 0px !important; margin-top: 0px !important;\" id=\"t-1601911056471\"><span data-attr-link=\"1\" data-attr-rel=\"0\" data-attr-target=\"0\" data-extra_key=\"\" data-option-inline=\"1\" data-shortcode=\"tcb_post_title\" data-shortcode-name=\"Post title\" data-attr-css=\"\" data-attr-static-link=\"{&quot;className&quot;:&quot;&quot;,&quot;href&quot;:&quot;https:\/\/viennatouristinformation.com\/es\/cosas-que-hacer\/atracciones\/&quot;,&quot;title&quot;:&quot;20 atracciones en Viena&quot;,&quot;class&quot;:&quot;&quot;}\"><a href=\"https:\/\/viennatouristinformation.com\/es\/cosas-que-hacer\/castillos\/\" title=\"Los 10 castillos m\u00e1s bonitos de Viena\" data-css=\"\">Los 10 castillos m\u00e1s bonitos de Viena<\/a><\/span><\/h3>\n<p>Hier ist eine Liste mit den wichtigsten Schl\u00f6ssern <a href=\"https:\/\/viennatouristinformation.com\/es\/cosas-que-hacer\/castillos\/#more-1247\">&#8230;<\/a><\/p>\n<p><a href=\"https:\/\/viennatouristinformation.com\/es\/cosas-que-hacer\/castillos\/\" style=\"\"><span style=\"\"><span style=\"\"><strong>sigue leyendo<\/strong><\/span><\/span><\/a><a href=\"https:\/\/viennatouristinformation.com\/es\/cosas-que-hacer\/puntos-de-vista\/\" dynamic-postlink=\"tcb_post_the_permalink\" data-shortcode-id=\"1253\"><\/a><\/p>\n<h3 style=\"text-align: center; padding-top: 0px !important; margin-top: 0px !important;\" id=\"t-1601911056471\"><span data-attr-link=\"1\" data-attr-rel=\"0\" data-attr-target=\"0\" data-extra_key=\"\" data-option-inline=\"1\" data-shortcode=\"tcb_post_title\" data-shortcode-name=\"Post title\" data-attr-css=\"\" data-attr-static-link=\"{&quot;className&quot;:&quot;&quot;,&quot;href&quot;:&quot;https:\/\/viennatouristinformation.com\/es\/cosas-que-hacer\/atracciones\/&quot;,&quot;title&quot;:&quot;20 atracciones en Viena&quot;,&quot;class&quot;:&quot;&quot;}\"><a href=\"https:\/\/viennatouristinformation.com\/es\/cosas-que-hacer\/puntos-de-vista\/\" title=\"Los 10 mejores miradores de Viena\" data-css=\"\">Los 10 mejores miradores de Viena<\/a><\/span><\/h3>\n<p>Welche Aussichtspunkte gibt es in Wien? Hier ist <a href=\"https:\/\/viennatouristinformation.com\/es\/cosas-que-hacer\/puntos-de-vista\/#more-1253\">&#8230;<\/a><\/p>\n<p><a href=\"https:\/\/viennatouristinformation.com\/es\/cosas-que-hacer\/puntos-de-vista\/\" style=\"\"><span style=\"\"><span style=\"\"><strong>sigue leyendo<\/strong><\/span><\/span><\/a><a href=\"https:\/\/viennatouristinformation.com\/es\/cosas-que-hacer\/dia-de-lluvia\/\" dynamic-postlink=\"tcb_post_the_permalink\" data-shortcode-id=\"1253\"><\/a><\/p>\n<h3 style=\"text-align: center; padding-top: 0px !important; margin-top: 0px !important;\" id=\"t-1601911056471\"><span data-attr-link=\"1\" data-attr-rel=\"0\" data-attr-target=\"0\" data-extra_key=\"\" data-option-inline=\"1\" data-shortcode=\"tcb_post_title\" data-shortcode-name=\"Post title\" data-attr-css=\"\" data-attr-static-link=\"{&quot;className&quot;:&quot;&quot;,&quot;href&quot;:&quot;https:\/\/viennatouristinformation.com\/es\/cosas-que-hacer\/atracciones\/&quot;,&quot;title&quot;:&quot;20 atracciones en Viena&quot;,&quot;class&quot;:&quot;&quot;}\"><a href=\"https:\/\/viennatouristinformation.com\/es\/cosas-que-hacer\/dia-de-lluvia\/\" title=\"Viena cuando llueve: 25 actividades con mal tiempo\" data-css=\"\">Viena cuando llueve: 25 actividades con mal tiempo<\/a><\/span><\/h3>\n<p>\u00bfQu\u00e9 puedo hacer en Viena cuando hace mal <a href=\"https:\/\/viennatouristinformation.com\/es\/cosas-que-hacer\/dia-de-lluvia\/#more-1287\">&#8230;<\/a><\/p>\n<p><a href=\"https:\/\/viennatouristinformation.com\/es\/cosas-que-hacer\/dia-de-lluvia\/\" style=\"\"><span style=\"\"><span style=\"\"><strong>sigue leyendo<\/strong><\/span><\/span><\/a><a href=\"javascript:void(0)\" style=\"\"><span style=\"\"><span style=\"\">Load More<\/span><\/span><\/a><\/p>\n<h3 style=\"\" id=\"t-1601911056477\"><span style=\"\">Tienda de boletos<\/span><\/h3>\n","protected":false},"excerpt":{"rendered":"<p>Planeando un viaje a Viena: Se trata de llegar f\u00e1cilmente, distritos centrales, lugares de inter\u00e9s, consejos generales de viaje y las preguntas m\u00e1s importantes antes de un viaje a Viena. &nbsp; \u00bfC\u00f3mo llego a Viena? tren, autob\u00fas, coche y avi\u00f3n llegar all\u00ed Aeropuerto Viena-Schwechat Der Flughafen Schwechat liegt s\u00fcd\u00f6stlich von Wien in &#8230; sigue leyendo [&hellip;]<\/p>\n","protected":false},"author":17,"featured_media":3003,"parent":0,"menu_order":0,"comment_status":"closed","ping_status":"closed","template":"","meta":{"footnotes":""},"tags":[],"class_list":["post-111","page","type-page","status-publish","has-post-thumbnail","hentry","post-wrapper","thrv_wrapper"],"_links":{"self":[{"href":"https:\/\/viennatouristinformation.com\/es\/wp-json\/wp\/v2\/pages\/111","targetHints":{"allow":["GET"]}}],"collection":[{"href":"https:\/\/viennatouristinformation.com\/es\/wp-json\/wp\/v2\/pages"}],"about":[{"href":"https:\/\/viennatouristinformation.com\/es\/wp-json\/wp\/v2\/types\/page"}],"author":[{"embeddable":true,"href":"https:\/\/viennatouristinformation.com\/es\/wp-json\/wp\/v2\/users\/17"}],"replies":[{"embeddable":true,"href":"https:\/\/viennatouristinformation.com\/es\/wp-json\/wp\/v2\/comments?post=111"}],"version-history":[{"count":0,"href":"https:\/\/viennatouristinformation.com\/es\/wp-json\/wp\/v2\/pages\/111\/revisions"}],"wp:featuredmedia":[{"embeddable":true,"href":"https:\/\/viennatouristinformation.com\/es\/wp-json\/wp\/v2\/media\/3003"}],"wp:attachment":[{"href":"https:\/\/viennatouristinformation.com\/es\/wp-json\/wp\/v2\/media?parent=111"}],"wp:term":[{"taxonomy":"post_tag","embeddable":true,"href":"https:\/\/viennatouristinformation.com\/es\/wp-json\/wp\/v2\/tags?post=111"}],"curies":[{"name":"wp","href":"https:\/\/api.w.org\/{rel}","templated":true}]}}