{"id":1211,"date":"2020-08-13T08:14:55","date_gmt":"2020-08-13T06:14:55","guid":{"rendered":"http:\/\/viennatouristinformation.com\/es\/?page_id=1211"},"modified":"2023-06-01T14:56:02","modified_gmt":"2023-06-01T12:56:02","slug":"historico-del-arte","status":"publish","type":"page","link":"https:\/\/viennatouristinformation.com\/es\/cosas-que-hacer\/museo\/historico-del-arte\/","title":{"rendered":"Museo de Historia del Arte: Entrada, boleto y precio"},"content":{"rendered":"<h2 id=\"t-1669919092483\" data-hide=\"true\">El majestuoso Museo Kunsthistorisches en Maria-Theresien-Platz se encuentra frente al <a href=\"https:\/\/viennatouristinformation.com\/es\/cosas-que-hacer\/museo\/historia-natural\/\" style=\"outline: none;\">Museo de Historia Natural<\/a> como un espejo arquitect\u00f3nico.<\/h2>\n<p>Con 1,5 millones de visitantes anuales, no solo es uno de los <a href=\"https:\/\/viennatouristinformation.com\/es\/cosas-que-hacer\/museo\/\" style=\"outline: none;\">museos m\u00e1s importantes de Viena<\/a> , sino tambi\u00e9n uno de los m\u00e1s importantes del mundo.<\/p>\n<p>El museo, con uno de los interiores m\u00e1s magn\u00edficos de Viena, alberga preciosos tesoros art\u00edsticos de siete milenios, desde la \u00e9poca del Antiguo Egipto hasta finales del siglo XVIII.<\/p>\n<p>Entre ellos se encuentra la \u00abSaliera\u00bb, valorada en m\u00e1s de 50 millones de euros, que fue robada en 2003. Desde que se encontr\u00f3 la celda de sal dorada en un bosque y se trajo de vuelta en 2006, ha sido una de las exhibiciones m\u00e1s famosas del museo.<\/p>\n<h2 id=\"t-1669919092484\">colecciones en el museo<\/h2>\n<p><span><img decoding=\"async\" alt=\"Sammlungen im Museum in Vienna in Austria\" data-id=\"2094\" width=\"885\" data-init-width=\"1000\" height=\"590\" data-init-height=\"667\" title=\"Sammlungen im Museum in Vienna in Austria\" loading=\"lazy\" src=\"\/\/viennatouristinformation.com\/es\/wp-content\/uploads\/2020\/09\/Sammlungen-im-Museum.jpg\" data-width=\"885\" data-height=\"590\"><\/span><\/p>\n<p>Creado a partir de las propiedades de los Habsburgo, el Kunsthistorisches Museum, con su colecci\u00f3n de obras importantes y la colecci\u00f3n de Bruegel m\u00e1s grande del mundo, es una de las colecciones de arte m\u00e1s extensas e importantes del mundo.<\/p>\n<h3 id=\"t-1669919092485\">Exposici\u00f3n permanente en el museo:<\/h3>\n<ol type=\"1\">\n<li><strong>Colecci\u00f3n Egipcia-Oriental:<\/strong> Marav\u00edllate con una de las colecciones de antig\u00fcedades egipcias m\u00e1s importantes del mundo. M\u00e1s de 17.000 objetos que abarcan 4.500 a\u00f1os tratan las \u00e1reas del culto a la muerte, la historia cultural, las bellas artes y el desarrollo de la escritura. Los puntos destacados incluyen sarc\u00f3fagos, momias, la c\u00e1mara de culto ricamente decorada de Ka-ni-nisut del Reino Antiguo, as\u00ed como estelas faciales de la antigua Arabia del Sur y una representaci\u00f3n de un le\u00f3n de la Puerta de Ishtar de Babilonia.<\/li>\n<li><strong>Antikensammlung:<\/strong> Rund 2500 Exponate aus drei Jahrtausenden entf\u00fchren den Besucher in die faszinierende Welt der klassischen Antike. Hervorzuheben sind vor allem die Schatzfunde aus der V\u00f6lkerwanderungszeit und dem Fr\u00fchmittelalter, die einzigartigen antiken Prunkkameen sowie die Vasensammlung mit Meisterwerken wie dem Brygos-Skyphos.<\/li>\n<li><strong>Gem\u00e4ldegalerie:<\/strong> Neben der weltgr\u00f6\u00dften Bruegel-Sammlung zeigt die Gem\u00e4ldegalerie viele Hauptwerke der abendl\u00e4ndischen Kunst, darunter Meisterwerke von Rembrandt, Rubens, Tizian, D\u00fcrer und&nbsp;Tintoretto. Erw\u00e4hnenswert sind vor allem Raffaels \u00abMadonna im Gr\u00fcnen\u00bb, die Infantinnen-Bilder von Velazquez und Vermeers \u00abMalkunst\u00bb.<\/li>\n<li><strong>Kunstkammer Wien:<\/strong> Como uno de los Kunstkammern m\u00e1s importantes del mundo, presenta exhibiciones raras del antiguo tesoro y gabinete de curiosidades de los Habsburgo. La obra maestra es la ya mencionada Saliera de Benvenuto Cellini. Tambi\u00e9n vale la pena ver el Kunstkammer del emperador Rodolfo II y el ex\u00f3tico complejo.<\/li>\n<li><strong>Gabinete de monedas:<\/strong> esta colecci\u00f3n con alrededor de 600,000 objetos de tres milenios es una de las cinco colecciones de monedas m\u00e1s grandes e importantes del mundo. Se remonta a la colecci\u00f3n imperial de los Habsburgo.<\/li>\n<\/ol>\n<p>Exposiciones temporales completan la oferta de primer nivel. <a href=\"https:\/\/www.khm.at\/besuchen\/ausstellungen\/\" rel=\"noopener\" target=\"_blank\">Aqu\u00ed<\/a> encontrar\u00e1 las exposiciones especiales actuales.<\/p>\n<h2 id=\"t-1669919092486\">Ubicaciones del Museo<\/h2>\n<p><span><img decoding=\"async\" alt=\"Weltmuseum Wien\" data-id=\"2090\" width=\"885\" data-init-width=\"1000\" height=\"519\" data-init-height=\"587\" title=\"Weltmuseum Wien\" loading=\"lazy\" src=\"\/\/viennatouristinformation.com\/es\/wp-content\/uploads\/2020\/09\/Weltmuseum-Wien-1.jpg\" data-width=\"885\" data-height=\"519\"><\/span><\/p>\n<p>La Asociaci\u00f3n de Museos KHM comprende las siguientes 7 ubicaciones:<\/p>\n<ul>\n<li><strong>Kunsthistorisches Museum Viena:<\/strong> El Kunsthistorisches Museum es el edificio principal y alberga la galer\u00eda de im\u00e1genes, la colecci\u00f3n egipcio-oriental, la colecci\u00f3n de antig\u00fcedades, el Kunstkammer y el gabinete de monedas.<\/li>\n<li><strong><a href=\"https:\/\/viennatouristinformation.com\/es\/cosas-que-hacer\/castillos\/palacio-imperial\/museo-del-mundo\/\" style=\"outline: none;\">Museo del Mundo de Viena:<\/a><\/strong> &nbsp; El Museo del Mundo se encuentra en el Hofburg de Viena, a solo 6 minutos a pie del edificio principal. Con 250.000 objetos etnogr\u00e1ficos y una importante colecci\u00f3n fotogr\u00e1fica con alrededor de 140.000 fotograf\u00edas y alrededor de 146.000 objetos impresos, es el museo etnogr\u00e1fico m\u00e1s grande de Austria.<\/li>\n<li><strong><a href=\"https:\/\/viennatouristinformation.com\/es\/cosas-que-hacer\/castillos\/palacio-imperial\/tesoro-imperial-de-viena\/\" style=\"outline: none;\">Tesoro imperial de Viena:<\/a><\/strong> se encuentra en el ala suiza, la parte m\u00e1s antigua del Hofburg de Viena, a solo 5 minutos a pie del edificio principal. El tesoro alberga tesoros de los Habsburgo, incluida la corona imperial y la corona imperial austr\u00edaca.<\/li>\n<li><strong>Templo de Teseo Viena:<\/strong> El Templo de Teseo es un templo de estilo griego de 1823 que exhibe obras de arte excepcionales. Est\u00e1 en el Volksgarten, a 8 minutos a pie del edificio principal.<\/li>\n<li><strong>Kaiserliche Wagenburg Viena:<\/strong> &nbsp; El Imperial Wagenburg se encuentra en el <a href=\"https:\/\/viennatouristinformation.com\/es\/cosas-que-hacer\/castillos\/schoenbrunn\/\" style=\"outline: none;\">complejo del palacio de Sch\u00f6nbrunn<\/a> . Presenta carruajes y prendas extraordinarias de la familia imperial austr\u00edaca.<\/li>\n<li><strong>Museo del Teatro:<\/strong> El museo en el Palais Lobkowitz se encuentra a 12 minutos a pie del edificio principal. Est\u00e1 dedicado a la historia del teatro desde finales del siglo XV hasta los experimentos contempor\u00e1neos y muestra la diversidad del teatro.<\/li>\n<li><strong>Castillo de Ambras Innsbruck:<\/strong> este castillo medieval se encuentra en Innsbruck. El museo de arte en el castillo inferior se considera el museo m\u00e1s antiguo del mundo y presenta las colecciones del pr\u00edncipe y cliente renacentista Archiduque Fernando II, uno de los coleccionistas m\u00e1s importantes del Imperio de los Habsburgo.<\/li>\n<\/ul>\n<h2 id=\"t-1669919092487\">Admisi\u00f3n, boletos y precio<\/h2>\n<ul>\n<li><strong>Entrada :<\/strong> La entrada para adultos es de 16 \u20ac. Los ni\u00f1os y j\u00f3venes menores de 19 a\u00f1os tienen entrada gratuita.<\/li>\n<li><strong>Entrada combinada:<\/strong> Con la entrada combinada \u00abTesoros de los Habsburgo\u00bb por 22 \u20ac, obtienes acceso al Kunsthistorisches Museum y al Tesoro Imperial de Viena. El \u00abMasterticket\u00bb de 24 \u20ac, por otro lado, te da derecho a visitar el Kunsthistorisches Museum y el <a href=\"https:\/\/viennatouristinformation.com\/es\/cosas-que-hacer\/museo\/leopold\/\" style=\"outline: none;\">Leopold Museum<\/a> .<\/li>\n<li><strong>Abono anual:<\/strong> Tambi\u00e9n est\u00e1 disponible un abono anual. Esta tarjeta le da acceso a los siguientes siete museos durante un a\u00f1o: Museo de Historia del Arte de Viena, <a href=\"https:\/\/viennatouristinformation.com\/es\/cosas-que-hacer\/castillos\/palacio-imperial\/tesoro-imperial-de-viena\/\" style=\"outline: none;\">Tesoro Imperial<\/a> de Viena, Museo de Carruajes Imperiales de Viena, Museo del Teatro, Museo <a href=\"https:\/\/viennatouristinformation.com\/es\/cosas-que-hacer\/castillos\/palacio-imperial\/museo-del-mundo\/\" style=\"outline: none;\">del Mundo de Viena<\/a> con caza de la corte y armer\u00eda y una colecci\u00f3n de instrumentos musicales antiguos, Castillo de Ambras Innsbruck y el Templo de Teseo.<\/li>\n<li><strong>Amigos del KHM:<\/strong> si desea apoyar el Kunsthistorisches Museum, puede solicitar la afiliaci\u00f3n a la Asociaci\u00f3n de Amigos del KHM por 70 \u20ac. La membres\u00eda es v\u00e1lida por 12 meses a partir de la fecha de inscripci\u00f3n. M\u00e1s sobre esto <a href=\"https:\/\/www.khm.at\/unterstuetzen\/freundeskreise\/freunde-des-khm\/werden-sie-mitglied\/\" rel=\"noopener\" target=\"_blank\">aqu\u00ed<\/a> .<\/li>\n<li><strong>Visitas guiadas:<\/strong> Los interesados pueden participar en las visitas guiadas p\u00fablicas del Kunsthistorisches Museum. No es necesario registrarse. La gama actual de visitas guiadas y los precios respectivos se pueden encontrar en la p\u00e1gina de <a href=\"https:\/\/www.khm.at\/erfahren\/kunstvermittlung\/oeffentliche-fuehrungen\/\" rel=\"noopener\" target=\"_blank\">inicio<\/a> del museo .<\/li>\n<li><strong>Audiogu\u00eda<\/strong> : una audiogu\u00eda en siete idiomas est\u00e1 disponible por una tarifa de alquiler.<\/li>\n<\/ul>\n<p><a href=\"https:\/\/shop.khm.at\/tickets\/\" rel=\"noopener\" target=\"_blank\">Aqu\u00ed<\/a> encontrar\u00e1 una descripci\u00f3n detallada del programa de entradas actual.<\/p>\n<h2 id=\"t-1669919092488\">Caf\u00e9 en el museo<\/h2>\n<p>Los amantes del arte pueden tomar un delicioso respiro en el caf\u00e9-restaurante del hotel.<\/p>\n<p>El caf\u00e9-restaurante extremadamente fotog\u00e9nico en la impresionante sala abovedada con su magn\u00edfico tel\u00f3n de fondo es un motivo fotogr\u00e1fico muy popular, especialmente entre la comunidad de Instagram.<\/p>\n<p>Disfrute de las especialidades tradicionales en un interior elegante y un ambiente hist\u00f3rico.<\/p>\n<p>Se requiere una entrada de museo v\u00e1lida para visitar el restaurante.<\/p>\n<h2 id=\"t-1669919092489\">historia<\/h2>\n<p><span><img decoding=\"async\" alt=\"Geschichte\" data-id=\"2095\" width=\"885\" data-init-width=\"1000\" height=\"590\" data-init-height=\"667\" title=\"Geschichte\" loading=\"lazy\" src=\"\/\/viennatouristinformation.com\/es\/wp-content\/uploads\/2020\/09\/Geschichte-9.jpg\" data-width=\"885\" data-height=\"590\"><\/span><\/p>\n<p>El Kunsthistorisches Museum fue construido en 1891 bajo el emperador Franz Joseph para las colecciones de arte imperial. Hizo reunir y exhibir las colecciones imperiales de los Habsburgo, el emperador Rodolfo II, Fernando de Tirol y el archiduque Leopoldo Guillermo en un edificio especialmente construido en Ringstrasse.<\/p>\n<p>Los arquitectos Gottfried Semper y Baron Karl von Hasenauer, quienes iniciaron la construcci\u00f3n en 1871 , recibieron el encargo de \u00e9sta y la construcci\u00f3n simult\u00e1nea del Museo de <a href=\"https:\/\/viennatouristinformation.com\/es\/cosas-que-hacer\/museo\/historia-natural\/\" style=\"outline: none;\">Historia Natural .<\/a><\/p>\n<p>Los dos museos palaciegos se enfrentan como un espejo en Maria-Theresien-Platz.<\/p>\n<p>De acuerdo con las obras de arte de clase mundial que se exhiben, el magn\u00edfico interior del museo tambi\u00e9n impresiona con sus interiores ricamente decorados, c\u00fapulas y escaleras neocl\u00e1sicas.<\/p>\n<h2 id=\"t-1669919092490\">Contacto<\/h2>\n<ul>\n<li><strong>Direcci\u00f3n:<\/strong> Maria-Theresien-Platz, 1010 Viena<\/li>\n<li><strong>Metro:<\/strong> U3 Volkstheater<\/li>\n<li><strong>Horario de apertura:<\/strong> Los horarios de apertura actuales se pueden encontrar en la p\u00e1gina de <a href=\"https:\/\/www.khm.at\/besuchen\/besucherinformation\/oeffnungszeiten-eintrittspreise\/\" rel=\"noopener\" target=\"_blank\">inicio<\/a> del museo &nbsp; .<\/li>\n<\/ul>\n","protected":false},"excerpt":{"rendered":"<p>El majestuoso Museo Kunsthistorisches en Maria-Theresien-Platz se encuentra frente al Museo de Historia Natural como un espejo arquitect\u00f3nico. Con 1,5 millones de visitantes anuales, no solo es uno de los museos m\u00e1s importantes de Viena , sino tambi\u00e9n uno de los m\u00e1s importantes del mundo. El museo, con uno de los interiores m\u00e1s magn\u00edficos de [&hellip;]<\/p>\n","protected":false},"author":3,"featured_media":2092,"parent":133,"menu_order":0,"comment_status":"open","ping_status":"closed","template":"","meta":{"footnotes":""},"tags":[],"class_list":["post-1211","page","type-page","status-publish","has-post-thumbnail","hentry","post-wrapper","thrv_wrapper"],"_links":{"self":[{"href":"https:\/\/viennatouristinformation.com\/es\/wp-json\/wp\/v2\/pages\/1211","targetHints":{"allow":["GET"]}}],"collection":[{"href":"https:\/\/viennatouristinformation.com\/es\/wp-json\/wp\/v2\/pages"}],"about":[{"href":"https:\/\/viennatouristinformation.com\/es\/wp-json\/wp\/v2\/types\/page"}],"author":[{"embeddable":true,"href":"https:\/\/viennatouristinformation.com\/es\/wp-json\/wp\/v2\/users\/3"}],"replies":[{"embeddable":true,"href":"https:\/\/viennatouristinformation.com\/es\/wp-json\/wp\/v2\/comments?post=1211"}],"version-history":[{"count":0,"href":"https:\/\/viennatouristinformation.com\/es\/wp-json\/wp\/v2\/pages\/1211\/revisions"}],"up":[{"embeddable":true,"href":"https:\/\/viennatouristinformation.com\/es\/wp-json\/wp\/v2\/pages\/133"}],"wp:featuredmedia":[{"embeddable":true,"href":"https:\/\/viennatouristinformation.com\/es\/wp-json\/wp\/v2\/media\/2092"}],"wp:attachment":[{"href":"https:\/\/viennatouristinformation.com\/es\/wp-json\/wp\/v2\/media?parent=1211"}],"wp:term":[{"taxonomy":"post_tag","embeddable":true,"href":"https:\/\/viennatouristinformation.com\/es\/wp-json\/wp\/v2\/tags?post=1211"}],"curies":[{"name":"wp","href":"https:\/\/api.w.org\/{rel}","templated":true}]}}