{"id":1213,"date":"2020-08-13T14:19:00","date_gmt":"2020-08-13T12:19:00","guid":{"rendered":"http:\/\/viennatouristinformation.com\/es\/?page_id=1213"},"modified":"2023-06-01T16:59:26","modified_gmt":"2023-06-01T14:59:26","slug":"historia-natural","status":"publish","type":"page","link":"https:\/\/viennatouristinformation.com\/es\/cosas-que-hacer\/museo\/historia-natural\/","title":{"rendered":"Museo de Historia Natural de Viena: Exposici\u00f3n y entrada"},"content":{"rendered":"<h2 id=\"t-1669963740352\" data-hide=\"true\">El Museo de Historia Natural es uno de los museos de historia natural m\u00e1s importantes del mundo.<\/h2>\n<p>Se encuentra en Maria-Theresien-Platz frente a su imagen especular arquitect\u00f3nica, el <a href=\"https:\/\/viennatouristinformation.com\/es\/cosas-que-hacer\/museo\/historico-del-arte\/\" style=\"outline: none;\">Museo de Historia del Arte<\/a> .<\/p>\n<p>Las colecciones de ciencias naturales del museo incluyen la colecci\u00f3n m\u00e1s grande del mundo de meteoritos, artefactos prehist\u00f3ricos, piedras preciosas, f\u00f3siles, huesos de dinosaurios y la estatua de Venus von Willendorf.<\/p>\n<p>Aqu\u00ed encontrar\u00e1s la informaci\u00f3n m\u00e1s importante sobre las exposiciones, los precios de las entradas y la historia.<\/p>\n<h2 id=\"t-1669963740353\">Exposici\u00f3n en el museo<\/h2>\n<p><span><img decoding=\"async\" alt=\"Ausstellung im Museum in Vienna in Austria\" data-id=\"2122\" width=\"885\" data-init-width=\"1000\" height=\"590\" data-init-height=\"667\" title=\"Ausstellung im Museum in Vienna in Austria\" loading=\"lazy\" src=\"\/\/viennatouristinformation.com\/es\/wp-content\/uploads\/2020\/09\/Ausstellung-im-Museum.jpg\" data-width=\"885\" data-height=\"590\"><\/span><\/p>\n<p>El Museo de Historia Natural alberga alrededor de 30 millones de objetos y artefactos. M\u00e1s de 100,000 exhibiciones se presentan en 39 salas de exhibici\u00f3n tem\u00e1ticas.<\/p>\n<p>Estas son algunas de las salas y exhibiciones m\u00e1s emocionantes:<\/p>\n<ul>\n<li><strong>Sala de meteoritos:<\/strong> los visitantes pueden maravillarse con la colecci\u00f3n de meteoritos m\u00e1s grande y antigua del mundo, incluido el llamativo meteorito \u00abTissint\u00bb de Marte, en la Sala de meteoritos. Un simulador tambi\u00e9n muestra el impacto de un meteorito masivo en 3D.<\/li>\n<li><strong>Dinosaur Hall:<\/strong> enormes esqueletos y restos de dinosaurios brindan informaci\u00f3n sobre los poderosos animales primitivos. Lo m\u00e1s destacado es un alosaurio realista y en movimiento.&nbsp;<\/li>\n<li><strong>Gabinete de Venus: Lo<\/strong> m\u00e1s destacado de toda la colecci\u00f3n y uno de los hallazgos arqueol\u00f3gicos m\u00e1s famosos del mundo es la \u00abVenus de Willendorf\u00bb, de 29.500 a\u00f1os de antig\u00fcedad.&nbsp;<\/li>\n<li><strong>Planetario Digital:<\/strong> El Planetario Digital es una de las principales atracciones del museo con su c\u00fapula interior que mide alrededor de 8,5 metros de di\u00e1metro. Demostraciones en vivo sobre temas como la astronom\u00eda, la prehistoria, la biolog\u00eda y las profundidades marinas se llevan a cabo aqu\u00ed varias veces al d\u00eda. Tenga en cuenta que el planetario digital no est\u00e1 incluido en la tarifa de entrada.<\/li>\n<li><strong>Zoolog\u00eda:<\/strong> esta secci\u00f3n presenta animales de peluche, incluidas especies raras y extintas.<\/li>\n<li><strong>Colecci\u00f3n de gemas:<\/strong> aqu\u00ed se exhiben gemas preciosas como esmeraldas, cristales y cuarzos, que atraen a los visitantes con su esplendor.<\/li>\n<\/ul>\n<p>Adem\u00e1s, la oferta muse\u00edstica se complementa con exposiciones itinerantes. Las exhibiciones especiales actuales se pueden encontrar <a href=\"https:\/\/www.nhm-wien.ac.at\/ausstellung\/sonderausstellungen\" rel=\"noopener\" target=\"_blank\">aqu\u00ed<\/a> .<\/p>\n<h2 id=\"t-1669963740354\">Admisi\u00f3n, boletos y precio<\/h2>\n<p><span><img decoding=\"async\" alt=\"Eintritt, Tickets und Preis\" data-id=\"2123\" width=\"885\" data-init-width=\"1000\" height=\"590\" data-init-height=\"667\" title=\"Eintritt, Tickets und Preis\" loading=\"lazy\" src=\"\/\/viennatouristinformation.com\/es\/wp-content\/uploads\/2020\/09\/Eintritt-Tickets-und-Preis.jpg\" data-width=\"885\" data-height=\"590\"><\/span><\/p>\n<ul>\n<li><strong>Entrada :<\/strong> La entrada para adultos es de 12\u20ac. Los ni\u00f1os y j\u00f3venes menores de 19 a\u00f1os tienen entrada gratuita. La entrada al planetario digital no est\u00e1 incluida en el precio de la entrada.<\/li>\n<li><strong>Abono anual:<\/strong> Los adultos pagan 33\u20ac por abono anual.<\/li>\n<li><strong>Partidarios y patrocinadores:<\/strong> cualquier persona que desee apoyar al Museo de Historia Natural puede solicitar ser miembro de la Asociaci\u00f3n de Amigos del NHM. La cuota anual de socio para socios individuales es de 33 \u20ac. Los patrocinadores pagan 330\u20ac. M\u00e1s sobre esto <a href=\"https:\/\/freunde.nhm-wien.ac.at\/mitgliedschaft\/item\/47-arten-der-mitgliedschaft\" rel=\"noopener\" target=\"_blank\">aqu\u00ed<\/a> .<\/li>\n<li><strong>Visitas guiadas:<\/strong> Los interesados pueden adentrarse en el fascinante mundo de la naturaleza en una visita guiada. M\u00e1s sobre esto <a href=\"https:\/\/www.nhm-wien.ac.at\/fuehrungen_willkommen\" rel=\"noopener\" target=\"_blank\" style=\"outline: none;\">aqu\u00ed<\/a> .<\/li>\n<li><strong>Audiogu\u00eda: &nbsp;<\/strong> una audiogu\u00eda en seis idiomas est\u00e1 disponible por una tarifa de alquiler en el mostrador de informaci\u00f3n del museo.<\/li>\n<\/ul>\n<p><a href=\"https:\/\/www.nhm-wien.ac.at\/information\" rel=\"noopener\" target=\"_blank\">Aqu\u00ed<\/a> encontrar\u00e1 una descripci\u00f3n detallada del programa de entradas actual.<\/p>\n<h2 id=\"t-1669963740355\">Noche en el museo de los ni\u00f1os<\/h2>\n<p><span><img decoding=\"async\" alt=\"Nacht im Museum f\u00fcr Kinder in Vienna in Austria\" data-id=\"2124\" width=\"885\" data-init-width=\"1000\" height=\"590\" data-init-height=\"667\" title=\"Nacht im Museum f\u00fcr Kinder in Vienna in Austria\" loading=\"lazy\" src=\"\/\/viennatouristinformation.com\/es\/wp-content\/uploads\/2020\/09\/Nacht-im-Museum-f\u00fcr-Kinder.jpg\" data-width=\"885\" data-height=\"590\"><\/span><\/p>\n<p>Un punto culminante muy especial del Museo de Historia Natural es la \u00abNoche en el Museo\u00bb.<\/p>\n<p>Los peque\u00f1os exploradores no solo pernoctan en el Museo de Historia Natural, gracias a un interesante programa pueden vivir una verdadera noche de aventuras.<\/p>\n<p>Los m\u00e1s peque\u00f1os no olvidar\u00e1n pronto la noche llena de emocionantes actividades como un recorrido con antorchas, golosinas antes de dormir, proyecci\u00f3n de una pel\u00edcula en el planetario digital, dormir en la sala de los dinosaurios y bolsas de desayuno.<\/p>\n<h2 id=\"t-1669963740356\">Caf\u00e9 en el museo<\/h2>\n<p>El caf\u00e9-restaurante est\u00e1 ubicado en la impresionante sala abovedada del Museo de Historia Natural. Deleite su paladar con especialidades vienesas mientras disfruta del ambiente hist\u00f3rico del magn\u00edfico sal\u00f3n abovedado. Este es tambi\u00e9n un motivo fotogr\u00e1fico popular.<\/p>\n<p>En la llamada \u00abGenussdinner\u00bb, que se lleva a cabo todos los mi\u00e9rcoles de octubre a junio inclusive, a las 7:00 p. m., los visitantes pueden disfrutar de lo mejor de la cocina en el impresionante escenario de la sala del domo.<\/p>\n<p>Lo m\u00e1s destacado es la oferta adicional de la gira \u00abSobre los tejados de Viena\u00bb. Este tour nocturno por 8\u20ac tambi\u00e9n se ofrece por separado y ofrece a los visitantes una mirada exclusiva entre bastidores y la historia de la casa. El paseo por el museo termina en el techo del Museo de Historia Natural, donde ser\u00e1s recompensado con una vista sensacional de los tejados de Viena.<\/p>\n<h2 id=\"t-1669963740357\"><strong>historia<\/strong><\/h2>\n<p><span><img decoding=\"async\" alt=\"Geschichte\" data-id=\"2125\" width=\"885\" data-init-width=\"1000\" height=\"590\" data-init-height=\"667\" title=\"Geschichte\" loading=\"lazy\" src=\"\/\/viennatouristinformation.com\/es\/wp-content\/uploads\/2020\/09\/Geschichte-11.jpg\" data-width=\"885\" data-height=\"590\"><\/span><\/p>\n<p>La primera piedra del Museo de Historia Natural se coloc\u00f3 cuando el emperador Francisco I compr\u00f3 lo que entonces era la colecci\u00f3n de historia natural m\u00e1s grande y famosa del mundo en 1750. En ese momento las colecciones se almacenaban en el Hofburg.<\/p>\n<p>Con la constante expansi\u00f3n del inventario, hubo una gran falta de espacio y se hizo necesario un nuevo edificio para el museo. Los arquitectos Gottfried Semper y Baron Karl von Hasenauer, que comenzaron a construir los edificios en 1871, recibieron el encargo de este edificio y la construcci\u00f3n simult\u00e1nea del Kunsthistorisches Museum.<\/p>\n<p>En 1789, el emperador Francisco Jos\u00e9 I complet\u00f3 e inaugur\u00f3 el Museo de Historia Natural. Los dos imponentes museos se enfrentan como un espejo en Maria-Theresien-Platz.<\/p>\n<p>Ambos museos se encuentran ahora entre los lugares m\u00e1s importantes de Viena.<\/p>\n<h2 id=\"t-1669963740358\">Contacto<\/h2>\n<ul>\n<li><strong>Direcci\u00f3n:<\/strong> Maria-Theresien-Platz, 1010 Viena<\/li>\n<li><strong>Metro:<\/strong> U2 o U3 Volkstheater<\/li>\n<li><strong>Horario de apertura:<\/strong> Los horarios de apertura actuales se pueden encontrar en la p\u00e1gina de <a href=\"https:\/\/www.nhm-wien.ac.at\/jart\/prj3\/nhm-resp\/main.jart?rel=de&amp;content-id=1285316666641\" rel=\"noopener\" target=\"_blank\">inicio<\/a> del museo &nbsp;&nbsp; .<\/li>\n<\/ul>\n","protected":false},"excerpt":{"rendered":"<p>El Museo de Historia Natural es uno de los museos de historia natural m\u00e1s importantes del mundo. Se encuentra en Maria-Theresien-Platz frente a su imagen especular arquitect\u00f3nica, el Museo de Historia del Arte . Las colecciones de ciencias naturales del museo incluyen la colecci\u00f3n m\u00e1s grande del mundo de meteoritos, artefactos prehist\u00f3ricos, piedras preciosas, f\u00f3siles, [&hellip;]<\/p>\n","protected":false},"author":3,"featured_media":2121,"parent":133,"menu_order":0,"comment_status":"open","ping_status":"closed","template":"","meta":{"footnotes":""},"tags":[],"class_list":["post-1213","page","type-page","status-publish","has-post-thumbnail","hentry","post-wrapper","thrv_wrapper"],"_links":{"self":[{"href":"https:\/\/viennatouristinformation.com\/es\/wp-json\/wp\/v2\/pages\/1213","targetHints":{"allow":["GET"]}}],"collection":[{"href":"https:\/\/viennatouristinformation.com\/es\/wp-json\/wp\/v2\/pages"}],"about":[{"href":"https:\/\/viennatouristinformation.com\/es\/wp-json\/wp\/v2\/types\/page"}],"author":[{"embeddable":true,"href":"https:\/\/viennatouristinformation.com\/es\/wp-json\/wp\/v2\/users\/3"}],"replies":[{"embeddable":true,"href":"https:\/\/viennatouristinformation.com\/es\/wp-json\/wp\/v2\/comments?post=1213"}],"version-history":[{"count":0,"href":"https:\/\/viennatouristinformation.com\/es\/wp-json\/wp\/v2\/pages\/1213\/revisions"}],"up":[{"embeddable":true,"href":"https:\/\/viennatouristinformation.com\/es\/wp-json\/wp\/v2\/pages\/133"}],"wp:featuredmedia":[{"embeddable":true,"href":"https:\/\/viennatouristinformation.com\/es\/wp-json\/wp\/v2\/media\/2121"}],"wp:attachment":[{"href":"https:\/\/viennatouristinformation.com\/es\/wp-json\/wp\/v2\/media?parent=1213"}],"wp:term":[{"taxonomy":"post_tag","embeddable":true,"href":"https:\/\/viennatouristinformation.com\/es\/wp-json\/wp\/v2\/tags?post=1213"}],"curies":[{"name":"wp","href":"https:\/\/api.w.org\/{rel}","templated":true}]}}