{"id":1215,"date":"2020-08-13T11:10:27","date_gmt":"2020-08-13T09:10:27","guid":{"rendered":"http:\/\/viennatouristinformation.com\/es\/?page_id=1215"},"modified":"2023-06-01T14:49:57","modified_gmt":"2023-06-01T12:49:57","slug":"tumba-de-los-capuchinos","status":"publish","type":"page","link":"https:\/\/viennatouristinformation.com\/es\/cosas-que-hacer\/museo\/tumba-de-los-capuchinos\/","title":{"rendered":"Cripta Imperial (Tumba de los Capuchinos) Viena: Entradas y horarios"},"content":{"rendered":"<h2 id=\"t-1669906073538\" data-hide=\"true\">La Cripta Imperial, tambi\u00e9n conocida como la Cripta de los Capuchinos, se encuentra en el s\u00f3tano de la Iglesia de los Capuchinos en el casco antiguo de Viena.<\/h2>\n<p>Ha sido el lugar de enterramiento de los Habsburgo desde 1617. La familia Habsburgo todav\u00eda los usa hasta el d\u00eda de hoy.<\/p>\n<p>Aqu\u00ed encontrar\u00e1s la informaci\u00f3n m\u00e1s importante sobre las personalidades enterradas, los precios de las entradas y la historia.<\/p>\n<h2 id=\"t-1669906073539\">\u00bfQu\u00e9 puedo ver en la Cripta Imperial?<\/h2>\n<p><span><img decoding=\"async\" alt=\"Was kann ich in der Kaisergruft sehen\" data-id=\"2077\" width=\"885\" data-init-width=\"1000\" height=\"590\" data-init-height=\"667\" title=\"Was kann ich in der Kaisergruft sehen\" loading=\"lazy\" src=\"\/\/viennatouristinformation.com\/es\/wp-content\/uploads\/2020\/09\/Was-kann-ich-in-der-Kaisergruft-sehen.jpg\" data-width=\"885\" data-height=\"590\"><\/span><\/p>\n<p>Los restos mortales de 12 emperadores y 19 emperatrices y reinas de la Casa de los Habsburgo y sus familiares, as\u00ed como una mujer que no es de los Habsburgo, descansan en la Cripta Imperial. Es el lugar de descanso final de un total de 150 fallecidos, incluida la emperatriz Elisabeth (Sisi), el emperador Francisco Jos\u00e9, la emperatriz Mar\u00eda Teresa y el emperador Leopoldo.<\/p>\n<p>Los visitantes pueden ver sarc\u00f3fagos ricamente decorados y sencillos, runas del coraz\u00f3n y monumentos funerarios de los Habsburgo en el extraordinario sistema de b\u00f3vedas de diez salas.<\/p>\n<p>Las habitaciones individuales se pueden dividir en 9 tumbas diferentes y cada una refleja la \u00e9poca de su creaci\u00f3n.<\/p>\n<p>Merece la pena ver la cripta de Carlos y la cripta de Mar\u00eda Teresa, magn\u00edficamente decorada. Ambos se caracterizan por un elegante estilo rococ\u00f3.<\/p>\n<p>En su paseo por 400 a\u00f1os de historia austriaca y europea, tambi\u00e9n podr\u00e1 aprender m\u00e1s sobre el pasado de la famosa Casa de los Habsburgo.<\/p>\n<h2 id=\"t-1669906073540\">Sarc\u00f3fagos famosos<\/h2>\n<p><span><img decoding=\"async\" alt=\"Ber\u00fchmte Sarkophage in Vienna in Austria\" data-id=\"2078\" width=\"885\" data-init-width=\"1000\" height=\"590\" data-init-height=\"667\" title=\"Ber\u00fchmte Sarkophage in Vienna in Austria\" loading=\"lazy\" src=\"\/\/viennatouristinformation.com\/es\/wp-content\/uploads\/2020\/09\/Ber\u00fchmte-Sarkophage.jpg\" data-width=\"885\" data-height=\"590\"><\/span><\/p>\n<ul>\n<li><strong>Emperatriz Elisabeth \u00abSisi\u00bb:<\/strong> La emperatriz de corazones se encuentra en la \u00abCripta de Francisco Jos\u00e9\u00bb, justo al lado de los sarc\u00f3fagos de su marido y su hijo Rodolfo. Su ata\u00fad siempre est\u00e1 decorado con flores.<\/li>\n<li><strong>Emperador Francisco Jos\u00e9 I:<\/strong> El sarc\u00f3fago del emperador Francisco Jos\u00e9 I en la \u00abCripta de Francisco Jos\u00e9\u00bb act\u00faa como s\u00edmbolo de inviolabilidad y soledad humana. Descansa sobre una base de m\u00e1rmol blanco y se eleva sobre los sarc\u00f3fagos de su esposa Sisi y su hijo Rodolfo. La sobriedad de esta tumba corresponde al secesionismo, el per\u00edodo art\u00edstico de la \u00e9poca.<\/li>\n<li><strong>Emperatriz Mar\u00eda Teresa:<\/strong> El sarc\u00f3fago doble de la emperatriz Mar\u00eda Teresa, en el que descansa junto con su marido, el emperador Francisco I Esteban de Lorena, es particularmente magn\u00edfico. Numerosas figuras de pl\u00e1stico adornan el ata\u00fad. En los laterales hay relieves que representan acontecimientos pol\u00edticos y militares de la vida de la pareja imperial. El sarc\u00f3fago se encuentra en la cripta relativamente pomposa de Mar\u00eda Teresa, que se mantuvo en estilo rococ\u00f3.<\/li>\n<\/ul>\n<h2 id=\"t-1669906073541\">Admisi\u00f3n, boleto y precio<\/h2>\n<p><span><img decoding=\"async\" alt=\"Eintritt, Ticket &amp; Preis\" data-id=\"2079\" width=\"885\" data-init-width=\"1000\" height=\"590\" data-init-height=\"667\" title=\"Eintritt, Ticket &amp; Preis\" loading=\"lazy\" src=\"\/\/viennatouristinformation.com\/es\/wp-content\/uploads\/2020\/09\/Eintritt-Ticket-Preis.jpg\" data-width=\"885\" data-height=\"590\"><\/span><\/p>\n<ul>\n<li><strong>Entrada :<\/strong> La entrada para adultos es de 7,50 \u20ac. Los j\u00f3venes menores de 18 a\u00f1os pagan 4,50 \u20ac. Los ni\u00f1os menores de 6 a\u00f1os disfrutan de entrada gratuita. Puede encontrar una descripci\u00f3n general detallada y actualizada de los boletos <a href=\"https:\/\/kapuzinergruft.com\/site\/de\/fuehrungen\/preise\" target=\"_blank\" style=\"outline: none;\" rel=\"noopener\">aqu\u00ed<\/a> .<\/li>\n<li><strong>Pase anual:<\/strong> un pase anual est\u00e1 disponible por 26,50 \u20ac. Los j\u00f3venes pagan 16\u20ac por el abono anual.<\/li>\n<li><strong>Visita guiada:<\/strong> Los interesados pueden realizar una visita guiada para conocer m\u00e1s sobre la cripta de los capuchinos y la historia de los Habsburgo. Los recorridos suelen durar una hora. Todos los tours actuales se pueden encontrar <a href=\"https:\/\/kapuzinergruft.com\/fuehrungen\" target=\"_blank\" rel=\"noopener\">aqu\u00ed<\/a> .<\/li>\n<\/ul>\n<h2 id=\"t-1669906073542\">Ritual funerario de los Habsburgo<\/h2>\n<h3 id=\"t-1669906073543\">ceremonia de golpe<\/h3>\n<p>Un ritual funerario especial se desarroll\u00f3 con el tiempo en los entierros de los Habsburgo: la llamada ceremonia de golpe. Incluso si ning\u00fan protocolo de entierro escrito de los Habsburgo documenta el ritual, la emperatriz Zita y sus dos hijos fueron enterrados por \u00faltima vez de acuerdo con esta ceremonia en 1989.<\/p>\n<p>Cuando el cortejo f\u00fanebre lleg\u00f3 frente a la Iglesia de los Capuchinos, tuvo lugar la siguiente ceremonia de golpeteo:<\/p>\n<p>El maestro de ceremonias llam\u00f3 tres veces a la puerta de la Iglesia de los Capuchinos, a lo que el custodio de la cripta imperial respondi\u00f3: \u00ab\u00bfQui\u00e9n quiere entrar?\u00bb El maestro de ceremonias nombr\u00f3 entonces al respectivo emperador, archiduque o emperatriz o archiduquesa de la familia de los Habsburgo. La respuesta desde adentro fue: \u00abNo lo conocemos\u00bb, despu\u00e9s de lo cual el ritual se repiti\u00f3 dos veces m\u00e1s. La tercera vez, sin embargo, cuando se le pregunt\u00f3 qui\u00e9n querr\u00eda ser admitido, el maestro de ceremonias respondi\u00f3 solo con el primer nombre y el sufijo \u00abun hombre pecador mortal\u00bb. S\u00f3lo entonces lleg\u00f3 la respuesta: \u201c\u00a1Pasa, \u00e9l\/ella!\u201d, con lo que se abri\u00f3 la puerta y el f\u00e9retro fue depositado en la cripta imperial.<\/p>\n<p>El trasfondo de este ceremonial es la creencia de que el hombre se presenta ante Dios sin t\u00edtulo, dignidad, honores o premios, sino s\u00f3lo con su fe y las buenas obras que de ella resultan.<\/p>\n<h3 id=\"t-1669906073544\">entierro separado<\/h3>\n<p>Otro ritual de los Habsburgo es que el cuerpo, las entra\u00f1as y el coraz\u00f3n de los Habsburgo fueran enterrados por separado.<\/p>\n<p>Desde 1654 hasta 1878, los corazones de los Habsburgo fueron enterrados en recipientes de plata en la cripta del coraz\u00f3n de la iglesia agustina. Las entra\u00f1as fueron enterradas temporalmente en la cripta ducal de la Catedral de San Esteban.<\/p>\n<h2 id=\"t-1669906073545\">historia<\/h2>\n<p><span><img decoding=\"async\" alt=\"Geschichte\" data-id=\"2080\" width=\"885\" data-init-width=\"1000\" height=\"590\" data-init-height=\"667\" title=\"Geschichte\" loading=\"lazy\" src=\"\/\/viennatouristinformation.com\/es\/wp-content\/uploads\/2020\/09\/Geschichte-8.jpg\" data-width=\"885\" data-height=\"590\"><\/span><\/p>\n<p>La construcci\u00f3n del monasterio capuchino y la cripta asociada se remonta a un decreto de la emperatriz Anna en 1617. La construcci\u00f3n de la cripta se retras\u00f3 debido a la Guerra de los Treinta A\u00f1os y solo pudo completarse en 1633.<\/p>\n<p>La emperatriz Anna y su esposo Mathias recibieron las primeras tumbas en la cripta en el mismo a\u00f1o.<\/p>\n<p>En el transcurso de las siguientes d\u00e9cadas y siglos, la cripta se ampli\u00f3 cada vez m\u00e1s. En total, fue ampliado y modernizado ocho veces. En 1909 la Cripta Imperial recibi\u00f3 luz el\u00e9ctrica. Tambi\u00e9n se ha a\u00f1adido aire acondicionado.<\/p>\n<p>No todos los sarc\u00f3fagos han sobrevivido a lo largo de los a\u00f1os. Algunos de los enterrados tuvieron que ser enterrados de nuevo.<\/p>\n<p>M\u00e1s recientemente, en 2011, Otto von Habsburg, hijo del \u00faltimo emperador Carlos I, fue enterrado en la cripta imperial. Hoy solo queda espacio para una tumba m\u00e1s en la cripta. La familia Habsburgo decide qui\u00e9n lo recibir\u00e1.<\/p>\n<h2 id=\"t-1669906073546\">Contacto<\/h2>\n<ul>\n<li><strong>Direcci\u00f3n:<\/strong> Tegetthoffstrasse 2, 1010 Viena<\/li>\n<li><strong>Metro:<\/strong> U1, U3 Stephansplatz, U1, U2, U4 Karlsplatz<\/li>\n<li><strong>\u00d6ffnungszeit:<\/strong> Die aktuellen \u00d6ffnungszeiten finden Sie auf der <a href=\"https:\/\/kapuzinergruft.com\/site\/de\/fuehrungen\/oeffnungszeiten\" target=\"_blank\" rel=\"noopener\">Homepage<\/a> der Kaisergruft. &nbsp;&nbsp;<\/li>\n<\/ul>\n","protected":false},"excerpt":{"rendered":"<p>La Cripta Imperial, tambi\u00e9n conocida como la Cripta de los Capuchinos, se encuentra en el s\u00f3tano de la Iglesia de los Capuchinos en el casco antiguo de Viena. Ha sido el lugar de enterramiento de los Habsburgo desde 1617. La familia Habsburgo todav\u00eda los usa hasta el d\u00eda de hoy. Aqu\u00ed encontrar\u00e1s la informaci\u00f3n m\u00e1s [&hellip;]<\/p>\n","protected":false},"author":3,"featured_media":2076,"parent":133,"menu_order":0,"comment_status":"open","ping_status":"closed","template":"","meta":{"footnotes":""},"tags":[],"class_list":["post-1215","page","type-page","status-publish","has-post-thumbnail","hentry","post-wrapper","thrv_wrapper"],"_links":{"self":[{"href":"https:\/\/viennatouristinformation.com\/es\/wp-json\/wp\/v2\/pages\/1215","targetHints":{"allow":["GET"]}}],"collection":[{"href":"https:\/\/viennatouristinformation.com\/es\/wp-json\/wp\/v2\/pages"}],"about":[{"href":"https:\/\/viennatouristinformation.com\/es\/wp-json\/wp\/v2\/types\/page"}],"author":[{"embeddable":true,"href":"https:\/\/viennatouristinformation.com\/es\/wp-json\/wp\/v2\/users\/3"}],"replies":[{"embeddable":true,"href":"https:\/\/viennatouristinformation.com\/es\/wp-json\/wp\/v2\/comments?post=1215"}],"version-history":[{"count":0,"href":"https:\/\/viennatouristinformation.com\/es\/wp-json\/wp\/v2\/pages\/1215\/revisions"}],"up":[{"embeddable":true,"href":"https:\/\/viennatouristinformation.com\/es\/wp-json\/wp\/v2\/pages\/133"}],"wp:featuredmedia":[{"embeddable":true,"href":"https:\/\/viennatouristinformation.com\/es\/wp-json\/wp\/v2\/media\/2076"}],"wp:attachment":[{"href":"https:\/\/viennatouristinformation.com\/es\/wp-json\/wp\/v2\/media?parent=1215"}],"wp:term":[{"taxonomy":"post_tag","embeddable":true,"href":"https:\/\/viennatouristinformation.com\/es\/wp-json\/wp\/v2\/tags?post=1215"}],"curies":[{"name":"wp","href":"https:\/\/api.w.org\/{rel}","templated":true}]}}