{"id":1220,"date":"2020-07-30T07:43:16","date_gmt":"2020-07-30T05:43:16","guid":{"rendered":"http:\/\/viennatouristinformation.com\/es\/?page_id=1220"},"modified":"2023-06-01T15:39:51","modified_gmt":"2023-06-01T13:39:51","slug":"museo-del-mundo","status":"publish","type":"page","link":"https:\/\/viennatouristinformation.com\/es\/cosas-que-hacer\/castillos\/palacio-imperial\/museo-del-mundo\/","title":{"rendered":"Museo mundial de Viena: Exposici\u00f3n, entrada e historia"},"content":{"rendered":"<h2 id=\"t-1669973258599\" data-hide=\"true\">El Weltmuseum Wien est\u00e1 ubicado en el Neue Burg en el <a href=\"https:\/\/viennatouristinformation.com\/es\/cosas-que-hacer\/castillos\/palacio-imperial\/\" style=\"outline: none;\">Hofburg<\/a> .<\/h2>\n<p>Fue fundado en 1928 como el \u00abMuseo de Etnolog\u00eda\u00bb.<\/p>\n<p>Con sus tesoros culturales de primer nivel de todos los continentes, es uno de los museos etnogr\u00e1ficos m\u00e1s importantes del mundo.<\/p>\n<p>La entrada al Museo del Mundo tambi\u00e9n le da derecho a visitar la <strong>Sala de Caza y Armer\u00eda<\/strong> de la Corte y la <strong>Colecci\u00f3n de Instrumentos Musicales Antiguos<\/strong> .<\/p>\n<h2 id=\"t-1669973258600\">Exposiciones en el Museo del Mundo<\/h2>\n<p><span><img decoding=\"async\" alt=\"Ausstellungen im Weltmuseum in Vienna in Austria\" data-id=\"2133\" width=\"885\" data-init-width=\"1000\" height=\"590\" data-init-height=\"667\" title=\"Ausstellungen im Weltmuseum in Vienna in Austria\" loading=\"lazy\" src=\"\/\/viennatouristinformation.com\/es\/wp-content\/uploads\/2020\/09\/Ausstellungen-im-Weltmuseum.jpg\" data-width=\"885\" data-height=\"590\"><\/span><\/p>\n<p>Con 250.000 objetos etnogr\u00e1ficos, una importante colecci\u00f3n de fotograf\u00edas con alrededor de 140.000 fotograf\u00edas y alrededor de 146.000 objetos impresos, el Weltmuseum es el museo etnogr\u00e1fico m\u00e1s grande de Austria.<\/p>\n<p>Entre los tesoros culturales m\u00e1s fascinantes se encuentran la colecci\u00f3n del navegante James Cook y las obras \u00fanicas de tocados de plumas de la \u00e9poca anterior al descubrimiento de Am\u00e9rica, incluida la \u00faltima corona de plumas existente de la \u00e9poca de Moctezuma.<\/p>\n<p>La colecci\u00f3n de exhibici\u00f3n de nuevo dise\u00f1o se presenta en 14 salas de exhibici\u00f3n, dispuestas tem\u00e1ticamente.<\/p>\n<h3 id=\"t-1669973258601\">Los salones se dividen en las siguientes \u00e1reas tem\u00e1ticas:<\/h3>\n<ul>\n<li>Ben\u00edn y Etiop\u00eda: arte, poder, resistencia<\/li>\n<li>Kulturkampf en Viena<\/li>\n<li>Un mosaico austr\u00edaco de Brasil<\/li>\n<li>A la sombra del colonialismo<\/li>\n<li>La nueva percepci\u00f3n: la visi\u00f3n de China<\/li>\n<li>1873 &#8211; Jap\u00f3n llega a Europa<\/li>\n<li>man\u00eda de coleccionista. \u00a1Sufro de man\u00eda de museo!<\/li>\n<li>Mares del Sur: Encuentros con el Para\u00edso Perdido<\/li>\n<li>Fascinado por Indonesia<\/li>\n<li>mundo en movimiento<\/li>\n<li>en un nuevo mundo<\/li>\n<li>Oriente a la vuelta de la esquina<\/li>\n<li>Historias de Mesoam\u00e9rica<\/li>\n<li>Un pueblo en las monta\u00f1as<\/li>\n<\/ul>\n<p>La oferta del museo tambi\u00e9n se complementa regularmente con exposiciones especiales cambiantes que examinan diferentes temas con mayor intensidad. Puede encontrar una descripci\u00f3n general y una vista previa de las exhibiciones cambiantes <a href=\"https:\/\/www.weltmuseumwien.at\/ausstellungen\/\" target=\"_blank\" rel=\"noopener\">aqu\u00ed<\/a> .<\/p>\n<h2 id=\"t-1669973258602\">Parte del Museo del Mundo<\/h2>\n<ul>\n<li><strong>Caza y armer\u00eda de la corte:<\/strong> la colecci\u00f3n presenta armaduras elaboradas y armas ceremoniales que hablan de la vida de los caballeros y los eventos importantes en la corte. La colecci\u00f3n vienesa se considera la armer\u00eda cortesana mejor documentada de Occidente.<\/li>\n<li><strong>Colecci\u00f3n de instrumentos musicales antiguos:<\/strong> Esta colecci\u00f3n contiene el inventario de instrumentos barrocos y renacentistas m\u00e1s importante del mundo. Tambi\u00e9n puedes ver instrumentos originales de grandes compositores, incluidos Beethoven, Mozart y Haydn.<\/li>\n<\/ul>\n<h2 id=\"t-1669973258603\">Admisi\u00f3n, boleto y precio<\/h2>\n<p><span><img decoding=\"async\" alt=\"Eintritt, Ticket und Preis\" data-id=\"2134\" width=\"885\" data-init-width=\"1000\" height=\"590\" data-init-height=\"667\" title=\"Eintritt, Ticket und Preis\" loading=\"lazy\" src=\"\/\/viennatouristinformation.com\/es\/wp-content\/uploads\/2020\/09\/Eintritt-Ticket-und-Preis-1.jpg\" data-width=\"885\" data-height=\"590\"><\/span><\/p>\n<ul>\n<li><strong>Entrada:<\/strong> La entrada al Museo del Mundo tambi\u00e9n da derecho a visitar la sala de caza y armer\u00eda de la corte y la colecci\u00f3n de instrumentos musicales antiguos. El precio de la entrada para adultos es de 12\u20ac. Los ni\u00f1os y j\u00f3venes menores de 19 a\u00f1os disfrutan de entrada gratuita.<\/li>\n<li><strong>Boleto anual:<\/strong> Con el boleto anual, los titulares reciben un boleto de admisi\u00f3n para visitas ilimitadas al Museo de Historia del Arte de Viena, el Tesoro Imperial de Viena, los Carruajes Imperiales de Viena, el Castillo de Ambras Innsbruck, el Museo del Mundo de Viena con la caza y la armer\u00eda de la corte y la colecci\u00f3n. de instrumentos musicales antiguos y el Museo del Teatro con la galer\u00eda de im\u00e1genes de la Academia de las artes visuales de Viena los 365 d\u00edas del a\u00f1o.<\/li>\n<\/ul>\n<p>Puede encontrar una descripci\u00f3n general de los precios actuales de las entradas en el sitio <a href=\"https:\/\/www.weltmuseumwien.at\/information\/#eintrittspreise\" target=\"_blank\" rel=\"noopener\">web<\/a> del Weltmuseum <strong>.<\/strong><\/p>\n<ul>\n<li><strong>Visita guiada:<\/strong> los visitantes interesados pueden obtener m\u00e1s informaci\u00f3n sobre temas seleccionados, exposiciones especiales o salas como parte de una visita guiada. Puede encontrar una descripci\u00f3n general actualizada <a href=\"https:\/\/www.weltmuseumwien.at\/programm\/themenfuehrung\/\" target=\"_blank\" style=\"outline: none;\" rel=\"noopener\">aqu\u00ed<\/a> .<\/li>\n<\/ul>\n<h2 id=\"t-1669973258604\">Caf\u00e9 en el museo<\/h2>\n<p>En el impresionante p\u00f3rtico del museo se encuentra el caf\u00e9 <strong>cook caf\u00e9 &amp; bistro<\/strong> , que lleva el nombre del navegante brit\u00e1nico James Cook.<\/p>\n<p>Disfrute del estilo grandioso y de una creativa selecci\u00f3n de especialidades internacionales y austriacas.&nbsp;<\/p>\n<p>La cafeter\u00eda del museo tambi\u00e9n se puede visitar sin entrada.<\/p>\n<h2 id=\"t-1669973258605\">historia<\/h2>\n<p><span><img decoding=\"async\" alt=\"Geschichte\" data-id=\"2135\" width=\"885\" data-init-width=\"1000\" height=\"590\" data-init-height=\"667\" title=\"Geschichte\" loading=\"lazy\" src=\"\/\/viennatouristinformation.com\/es\/wp-content\/uploads\/2020\/09\/Geschichte-12.jpg\" data-width=\"885\" data-height=\"590\"><\/span><\/p>\n<p>El Weltmuseum Wien en el Corps de Logis en Neue Burg fue fundado el 25 de mayo de 1928 con el nombre de \u00abMuseo de Etnolog\u00eda\u00bb. El museo solo se llama \u00abWeltmuseum Wien\u00bb desde 2013.<\/p>\n<p>Sin embargo, sus or\u00edgenes se remontan a principios del siglo XVI, cuando se recogieron las primeras piezas etnogr\u00e1ficas en el llamado Kunst- und Wunderkammern.<\/p>\n<p>En 1806, con la compra de parte de las \u00abColecciones Cook\u00bb, se estableci\u00f3 una \u00abColecci\u00f3n Etnogr\u00e1fica kk\u00bb separada en el gabinete de historia natural de la corte imperial. La colecci\u00f3n del navegante James Cook sigue siendo uno de los puntos destacados del museo.<\/p>\n<p>En 1876 se decidi\u00f3 que las existencias en r\u00e1pido crecimiento ser\u00edan administradas por el departamento antropol\u00f3gico-etnogr\u00e1fico del Museo de Historia Natural.<\/p>\n<p>Hoy, el Weltmuseum Wien, con sus colecciones no europeas m\u00e1s importantes a nivel mundial, es uno de los museos etnogr\u00e1ficos m\u00e1s importantes del mundo.<\/p>\n<h2 id=\"t-1669973258606\">Contacto<\/h2>\n<ul>\n<li><strong>Direcci\u00f3n:<\/strong> Heldenplatz, 1010 Viena, Austria<\/li>\n<li><strong>Metro:<\/strong> &nbsp; U2 y U3 Volkstheater<\/li>\n<li><strong>Horario de apertura:<\/strong> Los horarios de apertura actuales se pueden encontrar en la p\u00e1gina de <a href=\"https:\/\/www.weltmuseumwien.at\/information\/#oeffnungszeiten\" target=\"_blank\" rel=\"noopener\">inicio<\/a> del museo .<\/li>\n<\/ul>\n","protected":false},"excerpt":{"rendered":"<p>El Weltmuseum Wien est\u00e1 ubicado en el Neue Burg en el Hofburg . Fue fundado en 1928 como el \u00abMuseo de Etnolog\u00eda\u00bb. Con sus tesoros culturales de primer nivel de todos los continentes, es uno de los museos etnogr\u00e1ficos m\u00e1s importantes del mundo. La entrada al Museo del Mundo tambi\u00e9n le da derecho a visitar [&hellip;]<\/p>\n","protected":false},"author":3,"featured_media":2132,"parent":1666,"menu_order":0,"comment_status":"open","ping_status":"closed","template":"","meta":{"footnotes":""},"tags":[],"class_list":["post-1220","page","type-page","status-publish","has-post-thumbnail","hentry","post-wrapper","thrv_wrapper"],"_links":{"self":[{"href":"https:\/\/viennatouristinformation.com\/es\/wp-json\/wp\/v2\/pages\/1220","targetHints":{"allow":["GET"]}}],"collection":[{"href":"https:\/\/viennatouristinformation.com\/es\/wp-json\/wp\/v2\/pages"}],"about":[{"href":"https:\/\/viennatouristinformation.com\/es\/wp-json\/wp\/v2\/types\/page"}],"author":[{"embeddable":true,"href":"https:\/\/viennatouristinformation.com\/es\/wp-json\/wp\/v2\/users\/3"}],"replies":[{"embeddable":true,"href":"https:\/\/viennatouristinformation.com\/es\/wp-json\/wp\/v2\/comments?post=1220"}],"version-history":[{"count":0,"href":"https:\/\/viennatouristinformation.com\/es\/wp-json\/wp\/v2\/pages\/1220\/revisions"}],"up":[{"embeddable":true,"href":"https:\/\/viennatouristinformation.com\/es\/wp-json\/wp\/v2\/pages\/1666"}],"wp:featuredmedia":[{"embeddable":true,"href":"https:\/\/viennatouristinformation.com\/es\/wp-json\/wp\/v2\/media\/2132"}],"wp:attachment":[{"href":"https:\/\/viennatouristinformation.com\/es\/wp-json\/wp\/v2\/media?parent=1220"}],"wp:term":[{"taxonomy":"post_tag","embeddable":true,"href":"https:\/\/viennatouristinformation.com\/es\/wp-json\/wp\/v2\/tags?post=1220"}],"curies":[{"name":"wp","href":"https:\/\/api.w.org\/{rel}","templated":true}]}}