{"id":1222,"date":"2020-08-12T08:44:18","date_gmt":"2020-08-12T06:44:18","guid":{"rendered":"http:\/\/viennatouristinformation.com\/es\/?page_id=1222"},"modified":"2023-06-01T15:06:21","modified_gmt":"2023-06-01T13:06:21","slug":"san-carlos","status":"publish","type":"page","link":"https:\/\/viennatouristinformation.com\/es\/cosas-que-hacer\/iglesias\/san-carlos\/","title":{"rendered":"Iglesia de San Carlos Viena: Visita, Entrada e Historia"},"content":{"rendered":"<h2 id=\"t-1669889445195\" data-hide=\"true\">La Karlskirche en el distrito 4 se considera una de las iglesias barrocas m\u00e1s bellas e importantes de Europa debido a su impresionante arquitectura.<\/h2>\n<p>El magn\u00edfico edificio abovedado de Karlsplatz es la obra maestra y la \u00faltima gran obra del arquitecto estrella Johann Fischer von Erlach.<\/p>\n<p>Aqu\u00ed encontrar\u00e1 toda la informaci\u00f3n importante para una visita a la Iglesia de San Carlos de Viena.<\/p>\n<h2 id=\"t-1669889445196\">\u00bfQu\u00e9 puedo ver en la Iglesia de San Carlos?<\/h2>\n<p><span><img decoding=\"async\" alt=\"Karlskirche in Vienna in Austria\" data-id=\"665\" width=\"885\" data-init-width=\"1000\" height=\"590\" data-init-height=\"667\" title=\"Karlskirche in Vienna in Austria\" loading=\"lazy\" src=\"\/\/viennatouristinformation.com\/es\/wp-content\/uploads\/2020\/06\/Karlskirche-in-Vienna-in-Austria.jpg\" data-width=\"885\" data-height=\"590\"><\/span><\/p>\n<p>Cuando te acerques a la magn\u00edfica Karlskirche, primero te cautivar\u00e1 la imponente c\u00fapula turquesa. Tiene un di\u00e1metro de 25 metros y una altura de 72 metros.<\/p>\n<p>Llaman la atenci\u00f3n los dos pilares de 33 metros de altura que flanquean el portal de entrada. Recuerdan a la Columna de Trajano en Roma y muestran escenas de la vida de Karl Barrom\u00e4us. El relieve sobre la entrada tambi\u00e9n representa a Barromeo y muestra c\u00f3mo Viena, asolada por la peste, se salva tras la intercesi\u00f3n del santo.&nbsp;<\/p>\n<p>Igualmente impresionante es el interior del edificio sagrado, que est\u00e1 decorado con frescos magistrales, valiosos adornos de m\u00e1rmol y oro. Los frescos ornamentados de Johannes Michael Rottmayr, que se encuentran en la c\u00fapula y representan la gloria de San Carlos Borromeo, son particularmente dignos de ver.&nbsp;<\/p>\n<p>Tambi\u00e9n son dignos de menci\u00f3n el altar mayor dise\u00f1ado por Fischer von Erlach, el magn\u00edfico \u00f3rgano y el ascensor panor\u00e1mico, que lleva a los visitantes a una plataforma de 32 metros de altura. Desde aqu\u00ed puedes admirar los frescos de cerca y disfrutar de una vista impresionante del interior barroco de la iglesia.<\/p>\n<h2 id=\"t-1669889445197\">Admisi\u00f3n, boleto y precio<\/h2>\n<p><span><img decoding=\"async\" alt=\"\" data-id=\"2640\" width=\"885\" data-init-width=\"1000\" height=\"590\" data-init-height=\"667\" title=\"Eintritt-Ticket-und-Preis-2\" loading=\"lazy\" src=\"\/\/viennatouristinformation.com\/es\/wp-content\/uploads\/2020\/10\/Eintritt-Ticket-und-Preis-2.jpg\" data-width=\"885\" data-height=\"590\"><\/span><\/p>\n<ul>\n<li><strong>Entrada: La<\/strong> visita a la iglesia con uso del ascensor panor\u00e1mico cuesta 8\u20ac para adultos y 4\u20ac para escolares y estudiantes. Los ni\u00f1os hasta 10 a\u00f1os disfrutan de entrada gratuita.<\/li>\n<li><strong>Grupos:<\/strong> Grupos de 6 o m\u00e1s pagan 6\u20ac por persona. No es necesaria la inscripci\u00f3n previa.<\/li>\n<li><strong>Visitas guiadas :<\/strong> Actualmente, la Karlskirche no ofrece visitas guiadas. Sin embargo, se puede alquilar una gu\u00eda de audio por una tarifa, que lleva al visitante a trav\u00e9s de la iglesia con informaci\u00f3n interesante.<\/li>\n<\/ul>\n<h2 id=\"t-1669889445198\">Conciertos en la Iglesia de San Carlos<\/h2>\n<p><span><img decoding=\"async\" alt=\"Konzerte in der Karlskirche\" data-id=\"2160\" width=\"885\" data-init-width=\"1000\" height=\"590\" data-init-height=\"667\" title=\"Konzerte in der Karlskirche\" loading=\"lazy\" src=\"\/\/viennatouristinformation.com\/es\/wp-content\/uploads\/2020\/09\/Konzerte-in-der-Karlskirche.jpg\" data-width=\"885\" data-height=\"590\"><\/span><\/p>\n<p>Los visitantes de Viena que quieran vivir una velada de conciertos \u00fanica pueden visitar los conciertos de la iglesia en la Karlskirche, que tienen lugar aqu\u00ed con regularidad.<\/p>\n<p>La Orquesta de 1756, con sede en la Karlskirche, interpreta regularmente el \u00abR\u00e9quiem\u00bb de Mozart y las \u00abCuatro estaciones\u00bb de Vivaldi.<\/p>\n<p><strong>Por cierto:<\/strong> Antonio Vivaldi fue enterrado en 1741 en el cementerio cerca de Karlskirche.<\/p>\n<p><a href=\"https:\/\/www.konzert-wien.info\/\" target=\"_blank\" rel=\"noopener\">Puede<\/a> encontrar las fechas y precios actuales aqu\u00ed.<\/p>\n<h2 id=\"t-1669889445199\">Misa en la Iglesia de San Carlos<\/h2>\n<p><span><img decoding=\"async\" alt=\"Messe in der Karlskirche\" data-id=\"2161\" width=\"885\" data-init-width=\"1000\" height=\"590\" data-init-height=\"667\" title=\"Messe in der Karlskirche\" loading=\"lazy\" src=\"\/\/viennatouristinformation.com\/es\/wp-content\/uploads\/2020\/09\/Messe-in-der-Karlskirche.jpg\" data-width=\"885\" data-height=\"590\"><\/span><\/p>\n<p>Todav\u00eda se celebran misas en la Iglesia de San Carlos, a la que pueden asistir los visitantes.<\/p>\n<p>Se realizan de lunes a s\u00e1bado a las 18:00 horas y los domingos y festivos a las 9:30 y 11:00 horas.<\/p>\n<p>Puede obtener m\u00e1s informaci\u00f3n sobre esto <a href=\"https:\/\/www.karlskirche.info\/\" target=\"_blank\" rel=\"noopener\">aqu\u00ed<\/a> .<\/p>\n<h2 id=\"t-1669889445200\">Eventos en Karlsplatz<\/h2>\n<p><span><img decoding=\"async\" alt=\"Events am Karlsplatz\" data-id=\"2162\" width=\"885\" data-init-width=\"1000\" height=\"590\" data-init-height=\"667\" title=\"Events am Karlsplatz\" loading=\"lazy\" src=\"\/\/viennatouristinformation.com\/es\/wp-content\/uploads\/2020\/09\/Events-am-Karlsplatz.jpg\" data-width=\"885\" data-height=\"590\"><\/span><\/p>\n<ul>\n<li><strong>Mercado navide\u00f1o:<\/strong> \u00a1atm\u00f3sfera evocadora frente al tel\u00f3n de fondo barroco de la Karlskirche! Cada a\u00f1o, durante el Adviento, el mercado navide\u00f1o de Karlsplatz le invita a dar un paseo invernal y divertirse.<\/li>\n<li><strong>Cine de verano:<\/strong> El nuevo cine de verano Kaleidoskop frente a la Karlskirche inspira a sus visitantes como un cine al aire libre.<\/li>\n<li><strong>Popfest Wien:<\/strong> Cada verano, el Popfest Wien atrae a visitantes de todo el mundo a Karlsplatz. Grandes conciertos y actuaciones en vivo presentan la diversidad de la escena de la m\u00fasica pop de Viena.<\/li>\n<li><strong>Buskers Festival:<\/strong> El Buskers Festival es un festival internacional de arte callejero que se celebra anualmente en Karlsplatz desde 2001. El espect\u00e1culo gratuito al aire libre muestra una amplia gama de actuaciones durante tres d\u00edas, presentadas por artistas de todo el mundo.&nbsp;<\/li>\n<\/ul>\n<h2 id=\"t-1669889445201\">historia<\/h2>\n<p><span><img decoding=\"async\" alt=\"Geschichte\" data-id=\"2163\" width=\"885\" data-init-width=\"1000\" height=\"590\" data-init-height=\"667\" title=\"Geschichte\" loading=\"lazy\" src=\"\/\/viennatouristinformation.com\/es\/wp-content\/uploads\/2020\/09\/Geschichte-13.jpg\" data-width=\"885\" data-height=\"590\"><\/span><\/p>\n<p>La Iglesia de San Carlos cat\u00f3lica romana fue fundada por el emperador Carlos VI.&nbsp;en agradecimiento por el fin de la epidemia de peste, que cobr\u00f3 muchas vidas en Viena en 1713, y dedicada a San Carlos Borromeo.<\/p>\n<p>El edificio sagrado fue dise\u00f1ado por el arquitecto estrella barroco Johann Fischer von Erlach, quien gan\u00f3 el concurso de arquitectura. Dado que la Iglesia de San Carlos estaba destinada a crear una conexi\u00f3n entre Roma y Bizancio, von Erlach se orient\u00f3 hacia la arquitectura de Hagia Sophia.<\/p>\n<p>La construcci\u00f3n de Iglesia de San Carlos comenz\u00f3 en 1716. Dado que von Erlach muri\u00f3 en 1723, el trabajo de construcci\u00f3n se retras\u00f3.&nbsp;Su hijo Joseph Emanuel luego se hizo cargo y complet\u00f3 la iglesia en 1737, desvi\u00e1ndose parcialmente de los planes de su padre.<\/p>\n<p>Hoy la Iglesia de San Carlos est\u00e1 bajo protecci\u00f3n de monumento.&nbsp;Se considera uno de los edificios eclesi\u00e1sticos m\u00e1s importantes al norte de los Alpes y es uno de los s\u00edmbolos de Viena.<\/p>\n<h2 id=\"t-1669889445202\">Contacto<\/h2>\n<ul>\n<li><strong>Direcci\u00f3n:<\/strong> Kreuzherrengasse 1, 1040 Viena<\/li>\n<li><strong>Metro:<\/strong> U1, U2 o U4 Karlsplatz<\/li>\n<li><strong>Horario de apertura:<\/strong> Puede encontrar los horarios de apertura actuales en el <a href=\"http:\/\/www.karlskirche.at\/\" target=\"_blank\" rel=\"noopener\">sitio web<\/a>&nbsp;de Iglesia de San Carlos .<\/li>\n<\/ul>\n","protected":false},"excerpt":{"rendered":"<p>La Karlskirche en el distrito 4 se considera una de las iglesias barrocas m\u00e1s bellas e importantes de Europa debido a su impresionante arquitectura. El magn\u00edfico edificio abovedado de Karlsplatz es la obra maestra y la \u00faltima gran obra del arquitecto estrella Johann Fischer von Erlach. Aqu\u00ed encontrar\u00e1 toda la informaci\u00f3n importante para una visita [&hellip;]<\/p>\n","protected":false},"author":3,"featured_media":2157,"parent":1623,"menu_order":0,"comment_status":"open","ping_status":"closed","template":"","meta":{"footnotes":""},"tags":[],"class_list":["post-1222","page","type-page","status-publish","has-post-thumbnail","hentry","post-wrapper","thrv_wrapper"],"_links":{"self":[{"href":"https:\/\/viennatouristinformation.com\/es\/wp-json\/wp\/v2\/pages\/1222","targetHints":{"allow":["GET"]}}],"collection":[{"href":"https:\/\/viennatouristinformation.com\/es\/wp-json\/wp\/v2\/pages"}],"about":[{"href":"https:\/\/viennatouristinformation.com\/es\/wp-json\/wp\/v2\/types\/page"}],"author":[{"embeddable":true,"href":"https:\/\/viennatouristinformation.com\/es\/wp-json\/wp\/v2\/users\/3"}],"replies":[{"embeddable":true,"href":"https:\/\/viennatouristinformation.com\/es\/wp-json\/wp\/v2\/comments?post=1222"}],"version-history":[{"count":0,"href":"https:\/\/viennatouristinformation.com\/es\/wp-json\/wp\/v2\/pages\/1222\/revisions"}],"up":[{"embeddable":true,"href":"https:\/\/viennatouristinformation.com\/es\/wp-json\/wp\/v2\/pages\/1623"}],"wp:featuredmedia":[{"embeddable":true,"href":"https:\/\/viennatouristinformation.com\/es\/wp-json\/wp\/v2\/media\/2157"}],"wp:attachment":[{"href":"https:\/\/viennatouristinformation.com\/es\/wp-json\/wp\/v2\/media?parent=1222"}],"wp:term":[{"taxonomy":"post_tag","embeddable":true,"href":"https:\/\/viennatouristinformation.com\/es\/wp-json\/wp\/v2\/tags?post=1222"}],"curies":[{"name":"wp","href":"https:\/\/api.w.org\/{rel}","templated":true}]}}