{"id":1225,"date":"2020-08-14T13:21:44","date_gmt":"2020-08-14T11:21:44","guid":{"rendered":"http:\/\/viennatouristinformation.com\/es\/?page_id=1225"},"modified":"2023-06-01T14:29:16","modified_gmt":"2023-06-01T12:29:16","slug":"torre-del-danubio","status":"publish","type":"page","link":"https:\/\/viennatouristinformation.com\/es\/cosas-que-hacer\/atracciones\/torre-del-danubio\/","title":{"rendered":"Torre del Danubio en Viena: Turismo, comida e historia"},"content":{"rendered":"<h2 id=\"t-1669895306369\" data-hide=\"true\">La Torre del Danubio est\u00e1 ubicada en el distrito 22 en medio del parque Donaupark, en las inmediaciones de la Ciudad UNO y la Isla del Danubio.<\/h2>\n<p>Con una altura de 252 metros, la torre de observaci\u00f3n es el edificio m\u00e1s alto de Austria y un s\u00edmbolo de Viena.<\/p>\n<p>Aqu\u00ed encontrar\u00e1 toda la informaci\u00f3n importante sobre la Torre del Danubio.<\/p>\n<h2 id=\"t-1669895306370\">\u00bfQu\u00e9 puedo hacer en la Torre del Danubio?<\/h2>\n<p><span><img decoding=\"async\" alt=\"Was kann ich im Donauturm machen\" data-id=\"1932\" width=\"885\" data-init-width=\"1000\" height=\"590\" data-init-height=\"667\" title=\"Was kann ich im Donauturm machen\" loading=\"lazy\" src=\"\/\/viennatouristinformation.com\/es\/wp-content\/uploads\/2020\/09\/Was-kann-ich-im-Donauturm-machen.jpg\" data-width=\"885\" data-height=\"590\"><\/span><\/p>\n<p>Los visitantes pueden esperar una espectacular experiencia de 360\u00b0 en la Torre del Danubio.<\/p>\n<p>El ascensor te lleva en tan solo 35 segundos a la terraza mirador de 150 metros de altura, donde ser\u00e1s recompensado con la que posiblemente sea la vista panor\u00e1mica m\u00e1s hermosa de Viena. Las pantallas panor\u00e1micas interactivas brindan informaci\u00f3n sobre las atracciones de los alrededores en ocho idiomas.<\/p>\n<p>Adem\u00e1s de la sensacional vista, tambi\u00e9n hay una oferta gastron\u00f3mica de primer nivel. Tres niveles gastron\u00f3micos: el caf\u00e9 de la torre a 160 metros, el restaurante de la torre giratoria a 170 metros y el Donaubr\u00e4u al pie de la torre, miman el paladar con una amplia variedad de platos. &nbsp;<\/p>\n<h2 id=\"t-1669895306371\">Admisi\u00f3n, boleto y precio<\/h2>\n<p><span><img decoding=\"async\" alt=\"Eintritt, Ticket und Preis\" data-id=\"1933\" width=\"885\" data-init-width=\"1000\" height=\"590\" data-init-height=\"667\" title=\"Eintritt, Ticket und Preis\" loading=\"lazy\" src=\"\/\/viennatouristinformation.com\/es\/wp-content\/uploads\/2020\/09\/Eintritt-Ticket-und-Preis.jpg\" data-width=\"885\" data-height=\"590\"><\/span><\/p>\n<ul>\n<li><strong>Billete:<\/strong> El billete sencillo da derecho a la entrada y un viaje en ascensor a la terraza mirador abierta a una altura de 150 metros y al piso central a una altura de 165 metros. El acceso a la terraza interior, al restaurante de la torre y a la cafeter\u00eda de la torre est\u00e1 sujeto a disponibilidad. La entrada para adultos cuesta 14,50 \u20ac. Los ni\u00f1os de 6 a 14 a\u00f1os pagan 9,90 \u20ac. Los ni\u00f1os menores de 6 a\u00f1os disfrutan de entrada gratuita en combinaci\u00f3n con una entrada de adulto o s\u00e9nior.<\/li>\n<li><strong>Billete combinado:<\/strong> Est\u00e1n disponibles los siguientes billetes combinados: \u00abTower &amp; Wheel\u00bb, \u00abTower &amp; Zoo\u00bb, \u00abTower &amp; Donauparkbahn\u00bb, \u00abTower &amp; Stift\u00bb, \u00abTower &amp; Ship\u00bb y \u00abTower &amp; Time Travel\u00bb.<\/li>\n<\/ul>\n<p>Puede encontrar una descripci\u00f3n general actual de la oferta de boletos <a href=\"https:\/\/www.donauturm.at\/de\/tickets\/\" target=\"_blank\" rel=\"noopener\">aqu\u00ed<\/a> .<\/p>\n<h2 id=\"t-1669895306372\">Comer en el restaurante<\/h2>\n<p>Una experiencia especial es el exclusivo restaurante giratorio, que se encuentra a 170 metros.<\/p>\n<p>El restaurante de la torre rota gradualmente sobre su propio eje, brindando a los visitantes una impresionante vista panor\u00e1mica de 360\u00b0.<\/p>\n<p>Las delicias culinarias son proporcionadas por la cocina austriaca de primer nivel, que sirve cl\u00e1sicos tradicionales como Wiener Schnitzel, filete hervido y pollo frito, as\u00ed como especialidades de temporada a alturas elevadas. El ambiente \u00fanico tambi\u00e9n es especialmente adecuado para una <a href=\"https:\/\/www.donauturm.at\/de\/news-and-events\/detail\/dinner-fuer-verliebte\" target=\"_blank\" style=\"outline: none;\" rel=\"noopener\">cena rom\u00e1ntica<\/a> con vistas a las luces nocturnas de Viena.<\/p>\n<p><a href=\"https:\/\/www.donauturm.at\/assets\/Uploads\/3f77ff7f81\/Karte_Turmrestaurant-08_20.pdf\" target=\"_blank\" style=\"outline: none;\" rel=\"noopener\">Aqu\u00ed<\/a> est\u00e1 el enlace al men\u00fa del restaurante de la torre.<\/p>\n<p>Tenga en cuenta que es necesario reservar para el restaurante de la torre.&nbsp;<\/p>\n<h2 id=\"t-1669895306373\">Caf\u00e9 en la Torre del Danubio<\/h2>\n<p>En la parte superior de la torre tambi\u00e9n se encuentra el <strong>caf\u00e9<\/strong> de la torre giratoria .<\/p>\n<p>La cultura tradicional de los caf\u00e9s vieneses al estilo de los a\u00f1os 60 le espera aqu\u00ed a 160 metros de altura. Disfrute de pasteles vieneses como Sachertorte, strudel de manzana o Kaisergugelhupf y, al mismo tiempo, admire la magn\u00edfica vista de la capital austriaca y sus alrededores.<\/p>\n<p>Los s\u00e1bados, domingos y festivos seleccionados, el Turmcaf\u00e9 tambi\u00e9n ofrece un delicioso brunch. Tenga en cuenta que debido a la gran demanda de brunch, se requiere reserva previa.<\/p>\n<p><a href=\"https:\/\/www.donauturm.at\/assets\/Uploads\/d236c5f1f8\/Speise-und-Getraenkekarte-Turmcafe_dt_en-v4.pdf\" target=\"_blank\" rel=\"noopener\">Aqu\u00ed<\/a> est\u00e1 el enlace al men\u00fa de Turmcaf\u00e9. &nbsp;<\/p>\n<p>Otro caf\u00e9 tambi\u00e9n se encuentra al pie de la torre: el <strong>Donaucaf\u00e9<\/strong> . Deliciosos pasteles y la cultura del caf\u00e9 vien\u00e9s tampoco deben faltar aqu\u00ed.<\/p>\n<p><a href=\"https:\/\/www.donauturm.at\/assets\/Uploads\/eeb821f5d5\/Speise-und-Getraenkekarte-Donaucafe.pdf\" target=\"_blank\" rel=\"noopener\">Aqu\u00ed<\/a> est\u00e1 el enlace al men\u00fa del Donaucaf\u00e9.<\/p>\n<h2 id=\"t-1669895306374\">Donaubr\u00e4u al pie de la torre<\/h2>\n<p>El Donaubr\u00e4u da la bienvenida a sus hu\u00e9spedes al pie de la Torre del Danubio.<\/p>\n<p>La abundante cocina vienesa cuida de su bienestar f\u00edsico. La especialidad de la casa es la cerveza torre especialmente elaborada. Disfr\u00fatelo mejor en el espacioso jard\u00edn de invitados en medio del Donaupark, que fue galardonado como el mejor jard\u00edn de cerveza de Austria en 2019. El pollo frito y el escalope de maestro cervecero tambi\u00e9n son muy recomendables.<\/p>\n<p><a href=\"https:\/\/www.donauturm.at\/assets\/Uploads\/Donau-Braeu-Gastro\/209573f8e8\/Donaubraeu-Karte-Stand-07_2020.pdf\" target=\"_blank\" rel=\"noopener\">Aqu\u00ed<\/a> est\u00e1 el enlace al men\u00fa de Donaubr\u00e4u.<\/p>\n<h2 id=\"t-1669895306375\">Eventos en la torre<\/h2>\n<ul>\n<li><strong>Navidad:<\/strong> para que su Navidad sea recordada durante mucho tiempo, el equipo de eventos de la Torre del Danubio evoca men\u00fas navide\u00f1os y un ambiente evocador. M\u00e1s <a href=\"https:\/\/www.donauturm.at\/assets\/Uploads\/Diverse\/6a5e438e43\/Donauturm_Weihnachtsfeiern-Angebot-v2.pdf\" target=\"_blank\" rel=\"noopener\">aqu\u00ed<\/a> .<\/li>\n<li><strong>A\u00f1o Nuevo:<\/strong> La Torre del Danubio es tambi\u00e9n el lugar ideal para una inolvidable <a href=\"https:\/\/www.donauturm.at\/assets\/Uploads\/57af011223\/DON_Silvestermenu_181130.pdf\" target=\"_blank\" style=\"outline: none;\" rel=\"noopener\">celebraci\u00f3n de Nochevieja .<\/a><\/li>\n<li><strong>Cumplea\u00f1os:<\/strong> La sorpresa de cumplea\u00f1os perfecta es una <a href=\"https:\/\/www.donauturm.at\/de\/news-and-events\/detail\/geburtstagsfest-am-donauturm\" target=\"_blank\" style=\"outline: none;\" rel=\"noopener\">fiesta de cumplea\u00f1os en el restaurante<\/a> de la torre Danube Tower. Cada cumplea\u00f1os se convierte aqu\u00ed en algo muy especial.<\/li>\n<\/ul>\n<p><strong>Eventos propios:<\/strong> El ambiente \u00fanico de la Torre del Danubio ofrece el escenario perfecto para ocasiones especiales. Los cinco lugares para eventos (el restaurante de la torre, el caf\u00e9 de la torre, la terraza interior, Donaubr\u00e4u y Donaucaf\u00e9) tambi\u00e9n son adecuados para su propio evento. M\u00e1s sobre esto <a href=\"https:\/\/www.donauturm.at\/de\/news-and-events\/ihr-event\/\" target=\"_blank\" style=\"outline: none;\" rel=\"noopener\">aqu\u00ed<\/a> .<\/p>\n<h2 id=\"t-1669895306376\">Especificaciones t\u00e9cnicas<\/h2>\n<ul>\n<li><strong>Altura total:<\/strong> 252 m<\/li>\n<li><strong>Masa total:<\/strong> 17.600 t<\/li>\n<li><strong>\u00bfCu\u00e1ntas escaleras hay? <\/strong>Una escalera con 779 escalones y 60 plataformas conduce a la terraza de observaci\u00f3n de la Torre del Danubio.<\/li>\n<li><strong>\u00bfQu\u00e9 tan r\u00e1pido gira la Torre del Danubio? <\/strong>Una rotaci\u00f3n completa de los restaurantes giratorios de la Torre del Danubio toma 26, 39 o 52 minutos, seg\u00fan la configuraci\u00f3n seleccionada.<\/li>\n<\/ul>\n<h2 id=\"t-1669895306377\"><strong>Salto de puenting<\/strong><\/h2>\n<p>Durante los trabajos de renovaci\u00f3n en 2018, se desmantel\u00f3 la rampa de puenting. Por lo tanto, ya no se ofrece puenting.<\/p>\n<h2 id=\"t-1669895306378\">historia<\/h2>\n<p><span><img decoding=\"async\" alt=\"Geschichte in Vienna in Austria\" data-id=\"1934\" width=\"885\" data-init-width=\"1000\" height=\"590\" data-init-height=\"667\" title=\"Geschichte in Vienna in Austria\" loading=\"lazy\" src=\"\/\/viennatouristinformation.com\/es\/wp-content\/uploads\/2020\/09\/Geschichte-3.jpg\" data-width=\"885\" data-height=\"590\"><\/span><\/p>\n<p>La Torre del Danubio fue construida entre 1962 y 1964 para el \u00abExposici\u00f3n Internacional de Jardines de Viena\u00bb. Con \u00e9l tambi\u00e9n se dise\u00f1\u00f3 el Parque del Danubio, cuyo coraz\u00f3n era la torre de 252 metros de altura.<\/p>\n<p>Con su altura, la torre reemplaz\u00f3 a la Catedral de San Esteban como la estructura m\u00e1s alta de Austria. En 2018 y 2019 se llevaron a cabo extensos trabajos de conversi\u00f3n y renovaci\u00f3n, con los cuales, entre otras cosas, el restaurante de la torre y la cafeter\u00eda de la torre se restauraron al estilo de la d\u00e9cada de 1960.<\/p>\n<p>Hoy en d\u00eda, la Torre del Danubio no es solo un s\u00edmbolo del estilo de la d\u00e9cada de 1960, sino tambi\u00e9n un hito vien\u00e9s y un destino popular. Desde su apertura, la torre ha atra\u00eddo a m\u00e1s de 420.000 visitantes al a\u00f1o.<\/p>\n<h2 id=\"t-1669895306379\">Contacto<\/h2>\n<ul>\n<li><strong>Direcci\u00f3n:<\/strong> Donauturmplatz 1, 1220 Viena<\/li>\n<li><strong>Metro:<\/strong> U1 Alte Donau o U6 Neue Donau<\/li>\n<li><strong>Estacionamiento:<\/strong> los espacios de estacionamiento de pago se encuentran directamente en la Torre del Danubio. Sin embargo, estos est\u00e1n disponibles en cantidades limitadas. Tambi\u00e9n hay un aparcamiento p\u00fablico en Arbeiterstrandbadstra\u00dfe, a solo unos minutos a pie.<\/li>\n<li><strong>Horario de apertura:<\/strong> Puede encontrar los horarios de apertura actuales en el <a href=\"https:\/\/www.donauturm.at\/de\/ihr-besuch\/#arrival\" target=\"_blank\" rel=\"noopener\">sitio web<\/a> de Donauturm .<\/li>\n<\/ul>\n","protected":false},"excerpt":{"rendered":"<p>La Torre del Danubio est\u00e1 ubicada en el distrito 22 en medio del parque Donaupark, en las inmediaciones de la Ciudad UNO y la Isla del Danubio. Con una altura de 252 metros, la torre de observaci\u00f3n es el edificio m\u00e1s alto de Austria y un s\u00edmbolo de Viena. Aqu\u00ed encontrar\u00e1 toda la informaci\u00f3n importante [&hellip;]<\/p>\n","protected":false},"author":3,"featured_media":1931,"parent":138,"menu_order":0,"comment_status":"open","ping_status":"closed","template":"","meta":{"footnotes":""},"tags":[],"class_list":["post-1225","page","type-page","status-publish","has-post-thumbnail","hentry","post-wrapper","thrv_wrapper"],"_links":{"self":[{"href":"https:\/\/viennatouristinformation.com\/es\/wp-json\/wp\/v2\/pages\/1225","targetHints":{"allow":["GET"]}}],"collection":[{"href":"https:\/\/viennatouristinformation.com\/es\/wp-json\/wp\/v2\/pages"}],"about":[{"href":"https:\/\/viennatouristinformation.com\/es\/wp-json\/wp\/v2\/types\/page"}],"author":[{"embeddable":true,"href":"https:\/\/viennatouristinformation.com\/es\/wp-json\/wp\/v2\/users\/3"}],"replies":[{"embeddable":true,"href":"https:\/\/viennatouristinformation.com\/es\/wp-json\/wp\/v2\/comments?post=1225"}],"version-history":[{"count":0,"href":"https:\/\/viennatouristinformation.com\/es\/wp-json\/wp\/v2\/pages\/1225\/revisions"}],"up":[{"embeddable":true,"href":"https:\/\/viennatouristinformation.com\/es\/wp-json\/wp\/v2\/pages\/138"}],"wp:featuredmedia":[{"embeddable":true,"href":"https:\/\/viennatouristinformation.com\/es\/wp-json\/wp\/v2\/media\/1931"}],"wp:attachment":[{"href":"https:\/\/viennatouristinformation.com\/es\/wp-json\/wp\/v2\/media?parent=1225"}],"wp:term":[{"taxonomy":"post_tag","embeddable":true,"href":"https:\/\/viennatouristinformation.com\/es\/wp-json\/wp\/v2\/tags?post=1225"}],"curies":[{"name":"wp","href":"https:\/\/api.w.org\/{rel}","templated":true}]}}