{"id":1228,"date":"2020-08-10T13:14:28","date_gmt":"2020-08-10T11:14:28","guid":{"rendered":"http:\/\/viennatouristinformation.com\/es\/?page_id=1228"},"modified":"2023-06-01T15:02:09","modified_gmt":"2023-06-01T13:02:09","slug":"leopold","status":"publish","type":"page","link":"https:\/\/viennatouristinformation.com\/es\/cosas-que-hacer\/museo\/leopold\/","title":{"rendered":"Museo Leopold de Viena: Exposiciones, Entradas y Biletes"},"content":{"rendered":"<h2 id=\"t-1669923063702\" data-hide=\"true\">El Museo Leopold presenta una de las colecciones m\u00e1s extensas de arte austriaco moderno.<\/h2>\n<p>El museo de arte alberga m\u00e1s de 6000 tesoros. La atenci\u00f3n se centra en la colecci\u00f3n m\u00e1s grande del mundo del artista Egon Schiele y las principales obras de Gustav Klimt.<\/p>\n<p>Aqu\u00ed encontrar\u00e1 informaci\u00f3n importante sobre la exposici\u00f3n, la historia, los precios de admisi\u00f3n y m\u00e1s.<\/p>\n<h2 id=\"t-1669923063703\">Exposici\u00f3n en el Museo Leopoldo<\/h2>\n<p>En el extraordinario edificio del Museo Leopold, los visitantes pueden admirar obras de primer nivel del Modernismo vien\u00e9s, el Expresionismo austriaco y el Wiener Werkst\u00e4tte en un \u00e1rea de exposici\u00f3n de 5.400 m\u00b2 repartidos en cinco plantas.<\/p>\n<ul>\n<li><strong>Egon Schiele:<\/strong> La obra maestra del Museo Leopold es la colecci\u00f3n de Egon Schiele m\u00e1s grande e importante del mundo. M\u00e1s de 40 pinturas, 180 gr\u00e1ficos y numerosos aut\u00f3grafos dan testimonio del genio del expresionista austriaco. Se pueden ver obras maestras como \u00abAutorretrato con fruta de linterna\u00bb, \u00abErmita\u00f1os\u00bb y \u00abRetrato de Wally Neuzil\u00bb.<\/li>\n<li><strong>Gustav Klimt:<\/strong> Otro punto a destacar son las obras del fundador de la Secesi\u00f3n, Gustav Klimt. Los puntos destacados incluyen \u00abDeath and Life\u00bb, \u00abAm Attersee\u00bb y \u00abThe Big Poplar II (Rising Thunderstorm)\u00bb.<\/li>\n<li><strong>VIENA 1900. Los albores de la modernidad:<\/strong> esta exposici\u00f3n permanente muestra las brillantes obras maestras y la enorme variedad de esta \u00e9poca. Las aproximadamente 1300 exhibiciones no solo consisten en pinturas, gr\u00e1ficos y esculturas, sino tambi\u00e9n exhibiciones hechas de cer\u00e1mica, vidrio, textiles, metal y cuero, as\u00ed como artesan\u00edas y muebles de Wiener Werkst\u00e4tte y Art Nouveau.<\/li>\n<\/ul>\n<p>Adem\u00e1s, la oferta muse\u00edstica se complementa con exposiciones especiales itinerantes. Puede encontrar una descripci\u00f3n general y una vista previa de las exhibiciones cambiantes <a href=\"https:\/\/www.leopoldmuseum.org\/de\/ausstellungen\/aktuell\" rel=\"noopener\" target=\"_blank\">aqu\u00ed<\/a> .<\/p>\n<h2 id=\"t-1669923063704\">Admisi\u00f3n, boleto y visita guiada<\/h2>\n<p><span><img decoding=\"async\" alt=\"Eintritt, Ticket und F\u00fchrung\" data-id=\"2106\" width=\"885\" data-init-width=\"1000\" height=\"590\" data-init-height=\"667\" title=\"Eintritt, Ticket und F\u00fchrung\" loading=\"lazy\" src=\"\/\/viennatouristinformation.com\/es\/wp-content\/uploads\/2020\/09\/Eintritt-Ticket-und-F\u00fchrung.jpg\" data-width=\"885\" data-height=\"590\"><\/span><\/p>\n<ul>\n<li><strong>Entrada :<\/strong> El precio de la entrada para adultos es de 14 \u20ac. Alumnos y aprendices menores de 19 a\u00f1os, estudiantes, jubilados, desempleados y personas con necesidades especiales tienen entrada reducida (10 \u20ac) previa presentaci\u00f3n del DNI. Los ni\u00f1os menores de 7 a\u00f1os tienen entrada gratuita.<\/li>\n<li><strong>Entradas combinadas:<\/strong> Est\u00e1n disponibles las siguientes entradas combinadas: \u00abLeopold Museum + KHM\u00bb, \u00abLeopold Museum + MAK\u00bb, \u00abLeopold Museum + mumok\u00bb y \u00abLeopold Museum + KunstHausWien Museum Hundertwasser\u00bb.<\/li>\n<li><strong>Visitas guiadas :<\/strong> Varias veces a la semana se realizan <a href=\"https:\/\/www.leopoldmuseum.org\/de\/besuch\/programm\/202007\" rel=\"noopener\" target=\"_blank\" style=\"outline: none;\">visitas guiadas p\u00fablicas<\/a> en alem\u00e1n , que tratan con m\u00e1s detalle las exposiciones permanentes y especiales. Tambi\u00e9n se ofrecen visitas guiadas individuales. Estos se pueden reservar en varios idiomas.<\/li>\n<li><strong>Abono anual:<\/strong> Con el abono anual \u201cTarjeta Leopold\u201d por 49\u20ac, podr\u00e1s disfrutar de la entrada gratuita a todas las exposiciones del Museo Leopold durante un a\u00f1o, adem\u00e1s de otras ventajas. Tambi\u00e9n hay disponible un pase anual con descuento y un pase anual para estudiantes.<\/li>\n<\/ul>\n<p>Puede encontrar una descripci\u00f3n detallada con los precios actuales en el <a href=\"https:\/\/www.leopoldmuseum.org\/de\/besuch\/tickets-preise\" rel=\"noopener\" target=\"_blank\">sitio web<\/a> del Museo Leopold <strong>.<\/strong><\/p>\n<h2 id=\"t-1669923063705\">Caf\u00e9 Leopoldo<\/h2>\n<p>El Caf\u00e9 Leopold tambi\u00e9n se encuentra en el Museo Leopold. Es el lugar ideal para tomar un respiro y recargar energ\u00edas con platos vieneses o asi\u00e1ticos.<\/p>\n<p>El bar de agua con vistas al patio interior del MuseumsQuartier le invita a relajarse, especialmente en verano.<\/p>\n<p>El caf\u00e9 urbano en el segundo nivel del museo tambi\u00e9n se puede visitar sin boleto.<\/p>\n<h2 id=\"t-1669923063706\">Azotea con lib\u00e9lula MQ<\/h2>\n<p>Una atracci\u00f3n espectacular espera a los visitantes en el techo del Museo Leopold: la nueva terraza de observaci\u00f3n MQ Libelle.<\/p>\n<p>La azotea MQ Libelle de 970 m\u00b2 con sala de eventos recibe a sus visitantes con una de las vistas m\u00e1s hermosas de Viena. En la terraza tambi\u00e9n se encuentra un quiosco gastron\u00f3mico que ofrece bebidas refrescantes y aperitivos.<\/p>\n<p>La joya arquitect\u00f3nica, a la que se puede llegar a trav\u00e9s de un ascensor exterior y es de libre acceso, tambi\u00e9n cuenta con instalaciones interactivas.<\/p>\n<h2 id=\"t-1669923063707\">historia<\/h2>\n<p><span><img decoding=\"async\" alt=\"Geschichte\" data-id=\"2107\" width=\"885\" data-init-width=\"1000\" height=\"590\" data-init-height=\"667\" title=\"Geschichte\" loading=\"lazy\" src=\"\/\/viennatouristinformation.com\/es\/wp-content\/uploads\/2020\/09\/Geschichte-10.jpg\" data-width=\"885\" data-height=\"590\"><\/span><\/p>\n<p>El Museo Leopoldo fue inaugurado en 2001. El inventario del museo de arte fue compilado por los oftalm\u00f3logos vieneses y amantes del arte Rudolf y Elisabeth Leopold. Durante cinco d\u00e9cadas, a partir de la d\u00e9cada de 1950, la pareja coleccion\u00f3 alrededor de 5000 obras de arte, incluida la colecci\u00f3n de Egon Schiele m\u00e1s grande del mundo. Adem\u00e1s de su pasi\u00f3n por el arte, tambi\u00e9n demostraron un notable conocimiento. Las obras de artistas como Egon Schiele y Gustav Klimt, que en general estaban mal vistas hasta la d\u00e9cada de 1960, se encontraban entre los art\u00edculos de colecci\u00f3n y, por lo tanto, se adquirieron por sumas comparativamente peque\u00f1as.<\/p>\n<p>En 1994, Rudolf Leopold trajo parte de su considerable colecci\u00f3n de arte, que consta de 5200 obras, a la \u00abFundaci\u00f3n privada del Museo Leopold\u00bb. En 2001, esta colecci\u00f3n se traslad\u00f3 al Museo Leopold en el MuseumsQuartier, que lleva el nombre de la pareja Leopold.<\/p>\n<p>El edificio paralelep\u00edpedo dise\u00f1ado por los arquitectos Laurids y Manfred Ortner est\u00e1 revestido con piedra caliza de concha blanca e impresiona con sus habitaciones luminosas e inundadas de luz.<\/p>\n<p>Hoy, el Museo Leopold es el edificio m\u00e1s visitado del MuseumsQuartier y es considerado uno de los centros culturales m\u00e1s importantes de Viena.&nbsp;<\/p>\n<h2 id=\"t-1669923063708\">Contacto<\/h2>\n<ul>\n<li><strong>Direcci\u00f3n:<\/strong> MuseumsQuartier, Museumsplatz 1, 1070 Viena<\/li>\n<li><strong>Metro:<\/strong> &nbsp; U3 o U2 hasta Volkstheater \/ MuseumsQuartier<\/li>\n<li><strong>Horario de apertura:<\/strong> Los horarios de apertura actuales se pueden encontrar en el <a href=\"https:\/\/www.leopoldmuseum.org\/de\/besuch\/oeffnungszeiten\" rel=\"noopener\" target=\"_blank\">sitio web<\/a> del Museo Leopold .<\/li>\n<\/ul>\n","protected":false},"excerpt":{"rendered":"<p>El Museo Leopold presenta una de las colecciones m\u00e1s extensas de arte austriaco moderno. El museo de arte alberga m\u00e1s de 6000 tesoros. La atenci\u00f3n se centra en la colecci\u00f3n m\u00e1s grande del mundo del artista Egon Schiele y las principales obras de Gustav Klimt. Aqu\u00ed encontrar\u00e1 informaci\u00f3n importante sobre la exposici\u00f3n, la historia, los [&hellip;]<\/p>\n","protected":false},"author":3,"featured_media":2105,"parent":133,"menu_order":0,"comment_status":"open","ping_status":"closed","template":"","meta":{"footnotes":""},"tags":[],"class_list":["post-1228","page","type-page","status-publish","has-post-thumbnail","hentry","post-wrapper","thrv_wrapper"],"_links":{"self":[{"href":"https:\/\/viennatouristinformation.com\/es\/wp-json\/wp\/v2\/pages\/1228","targetHints":{"allow":["GET"]}}],"collection":[{"href":"https:\/\/viennatouristinformation.com\/es\/wp-json\/wp\/v2\/pages"}],"about":[{"href":"https:\/\/viennatouristinformation.com\/es\/wp-json\/wp\/v2\/types\/page"}],"author":[{"embeddable":true,"href":"https:\/\/viennatouristinformation.com\/es\/wp-json\/wp\/v2\/users\/3"}],"replies":[{"embeddable":true,"href":"https:\/\/viennatouristinformation.com\/es\/wp-json\/wp\/v2\/comments?post=1228"}],"version-history":[{"count":0,"href":"https:\/\/viennatouristinformation.com\/es\/wp-json\/wp\/v2\/pages\/1228\/revisions"}],"up":[{"embeddable":true,"href":"https:\/\/viennatouristinformation.com\/es\/wp-json\/wp\/v2\/pages\/133"}],"wp:featuredmedia":[{"embeddable":true,"href":"https:\/\/viennatouristinformation.com\/es\/wp-json\/wp\/v2\/media\/2105"}],"wp:attachment":[{"href":"https:\/\/viennatouristinformation.com\/es\/wp-json\/wp\/v2\/media?parent=1228"}],"wp:term":[{"taxonomy":"post_tag","embeddable":true,"href":"https:\/\/viennatouristinformation.com\/es\/wp-json\/wp\/v2\/tags?post=1228"}],"curies":[{"name":"wp","href":"https:\/\/api.w.org\/{rel}","templated":true}]}}