{"id":1230,"date":"2020-07-28T13:09:01","date_gmt":"2020-07-28T11:09:01","guid":{"rendered":"http:\/\/viennatouristinformation.com\/es\/?page_id=1230"},"modified":"2025-07-17T13:48:02","modified_gmt":"2025-07-17T11:48:02","slug":"haus-des-meeres","status":"publish","type":"page","link":"https:\/\/viennatouristinformation.com\/es\/cosas-que-hacer\/atracciones\/haus-des-meeres\/","title":{"rendered":"Zool\u00f3gico Haus des Meeres Aqua Terra"},"content":{"rendered":"<h2 id=\"t-1669895598647\" data-hide=\"true\">La Haus des Meeres es uno de los tres zool\u00f3gicos de Viena, junto con el zool\u00f3gico de Sch\u00f6nbrunn y el Lainzer Tiergarten.<\/h2>\n<p>Est\u00e1 alojado en una antigua torre antia\u00e9rea de la Segunda Guerra Mundial.<\/p>\n<p>Aqu\u00ed aprender\u00e1 todo lo que necesita saber sobre los habitantes del zool\u00f3gico, los precios de las entradas, las atracciones y la historia.<\/p>\n<h2 id=\"t-1669895598648\">\u00bfQu\u00e9 puedo ver en la Casa del Mar?<\/h2>\n<p>La Casa del Mar es un Aqua Terra Zoo. M\u00e1s de 10.000 animales viven en un \u00e1rea de aproximadamente 5.000 m\u00b2, repartidos en 11 plantas. Los residentes incluyen tiburones, rayas, tortugas, peces de agua dulce, cocodrilos, serpientes, monos, p\u00e1jaros e insectos de todo el mundo.<\/p>\n<p>Los siguientes aspectos destacados le esperan aqu\u00ed:<\/p>\n<h3 id=\"t-1669895598649\">1. Acuarios marinos<\/h3>\n<ul>\n<li><strong>Tanque de tiburones:<\/strong>&nbsp;el tanque de tiburones con su tanque de 300,000 litros es el hogar de tiburones de punta blanca, tiburones bamb\u00fa y la tortuga marina de m\u00e1s de 100 kg \u00abPuppi\u00bb.<\/li>\n<li><strong data-end=\"340\" data-start=\"311\">Tanque de tiburones 360\u00b0:<\/strong> Este acuario accesible en 360\u00b0 ofrece vistas desde todos los \u00e1ngulos. Alberga tiburones puntas negras y bamb\u00fa, adem\u00e1s de rayas como el pez guitarra y la raya azul punteada.<\/li>\n<li><strong>Piscina de tiburones martillo:<\/strong>&nbsp; La piscina de tiburones martillo te espera en el piso 10, donde los tiburones martillo, raya aguij\u00f3n del sur y compa\u00f1\u00eda retozan.&nbsp;<\/li>\n<li><strong>T\u00fanel del Atl\u00e1ntico:<\/strong> El t\u00fanel del Atl\u00e1ntico de 10 metros de largo con su tanque de 500 000 litros no solo es el acuario marino m\u00e1s grande de Austria, sino que gracias al tubo de vidrio que atraviesa el centro del tanque, los visitantes obtienen una vista espectacular del mundo de los peces del Atl\u00e1ntico .<\/li>\n<li><strong>Pacific Eye:<\/strong> este acuario especial es un hemisferio de plexigl\u00e1s de dos metros de di\u00e1metro que permite una vista de lupa en el raro mundo del bosque de algas marrones.<\/li>\n<li><strong>Surf Reef:<\/strong>&nbsp; &nbsp;El acuario de aventuras presenta un impresionante oleaje marino que alberga muchos coloridos peces tropicales y corales.<\/li>\n<\/ul>\n<h3 id=\"t-1669895598650\">2. Terrarios<\/h3>\n<ul>\n<li><strong>Secci\u00f3n de terrarios :<\/strong> La secci\u00f3n de terrarios alberga serpientes venenosas y gigantes, cocodrilos, tortugas, lagartijas, ranas y varias tar\u00e1ntulas.<\/li>\n<\/ul>\n<h3 id=\"t-1669895598651\">3. Glaszubauten<\/h3>\n<ul>\n<li><strong>Casa tropical:<\/strong> hay una sensaci\u00f3n pura de jungla en la casa tropical, donde m\u00e1s de 500 animales retozan. Con una superficie de 200 m\u00b2 y una altura de m\u00e1s de 20 metros, puedes observar monos deambulando, p\u00e1jaros tropicales volando en libertad y mucho m\u00e1s.<\/li>\n<li><strong>Krokipark:<\/strong> desde la zona de entrada, los visitantes ya pueden echar un vistazo al Krokibecken. Adem\u00e1s de los cocodrilos, en el parque de cocodrilos tambi\u00e9n Cocodrilo de \u00c1frica Occidental, varios peces, tortugas, p\u00e1jaros y monos.<\/li>\n<\/ul>\n<h2 id=\"t-1669895598652\">Admisi\u00f3n, boleto y visita guiada<\/h2>\n<ul>\n<li><strong>Entrada :<\/strong>&nbsp;La entrada para adultos es de 22,90 \u20ac.&nbsp;Los ni\u00f1os de 6 a 15 a\u00f1os pagan 9,80 \u20ac, mientras que los ni\u00f1os de 3 a 5 a\u00f1os pagan 6,50 \u20ac.<strong>&nbsp;&nbsp;<\/strong><\/li>\n<li><strong>Pase anual:<\/strong> Los pases anuales est\u00e1n disponibles tanto para adultos (39 \u20ac) como para ni\u00f1os (19 \u20ac). Son v\u00e1lidos de lunes a viernes. El fin de semana obtienes un 25% de descuento en la entrada.<\/li>\n<li><strong>Visitas guiadas:<\/strong>&nbsp;Con<a href=\"https:\/\/www.haus-des-meeres.at\/en\/zoo\/experience\/guided-tours\" target=\"_blank\" style=\"outline: none;\" rel=\"noopener\"> inscripci\u00f3n previa a trav\u00e9s del formulario en la p\u00e1gina oficial<\/a>, se pueden reservar tanto visitas privadas (1\u20138 personas) como visitas para grupos (a partir de 20 personas). Las visitas para personas mayores (lunes y martes, d\u00edas laborables fuera de vacaciones y festivos) para grupos de 15 o m\u00e1s, as\u00ed como las visitas escolares (lunes a viernes, d\u00edas laborables fuera de vacaciones y festivos), son gratuitas. Todas las dem\u00e1s visitas cuestan 100 euros (visitas privadas hasta 25 personas, visitas nocturnas hasta 10 personas). M\u00e1s informaci\u00f3n aqu\u00ed. <a href=\"https:\/\/www.haus-des-meeres.at\/en\/zoo\/experience\/guided-tours\" target=\"_blank\" style=\"outline: none;\" rel=\"noopener\">aqu\u00ed<\/a> .<\/li>\n<li><strong>Alimentaci\u00f3n:&nbsp;<\/strong><a href=\"https:\/\/www.haus-des-meeres.at\/en\/zoo\/experience\/feeding-times\" target=\"_blank\" style=\"outline: none;\" rel=\"noopener\">Aqu\u00ed<\/a> encontrar\u00e1 el programa de alimentaci\u00f3n actual.<\/li>\n<\/ul>\n<h2 id=\"t-1669895598653\">Azotea: <strong>360\u00b0<\/strong> Ocean Sky Cafe Bar<\/h2>\n<p>El restaurante en la azotea 360\u00b0 Ocean Sky en el piso 11 del edificio es la ubicaci\u00f3n en la azotea m\u00e1s alta en el centro de Viena.<\/p>\n<p>En la terraza panor\u00e1mica no solo puede disfrutar de una vista panor\u00e1mica espectacular sobre los tejados de Viena, sino tambi\u00e9n de comidas y bebidas exquisitas.<\/p>\n<p>Ya sea para tomar un respiro durante el d\u00eda o para terminar la noche, el reci\u00e9n inaugurado 360\u00b0 Ocean Sky promete ser uno de los mejores lugares de Viena con su magn\u00edfica vista.<\/p>\n<h2 id=\"t-1669895598654\">Casa del mar para ni\u00f1os<\/h2>\n<ul>\n<li><strong>Cuestionario:<\/strong> Para garantizar a los ni\u00f1os una visita educativa al zool\u00f3gico, la Haus des Meeres ofrece un cuestionario sobre sus residentes. Puedes descargarlo desde la <a href=\"https:\/\/www.haus-des-meeres.at\/en\/zoo\/experience\/school-and-zoo\" target=\"_blank\" style=\"outline: none;\" rel=\"noopener\">p\u00e1gina<\/a>&nbsp;de inicio<\/li>\n<li><strong>Tour digital para exploradores:<\/strong> Una app gratuita del Haus des Meeres, desarrollada junto a hublz, gu\u00eda ahora a los visitantes de forma interactiva y multimedia por el zool\u00f3gico. Los cuestionarios tradicionales se han modernizado y enriquecido con funciones novedosas \u2014 incluso el influencer de TikTok Jeff Schreiner participa. M\u00e1s informaci\u00f3n<a href=\"https:\/\/www.haus-des-meeres.at\/en\/zoo\/experience\/school-and-zoo\" target=\"_blank\" rel=\"noopener\"> en la p\u00e1gina web.<\/a><a href=\"https:\/\/www.haus-des-meeres.at\/en\/zoo\/experience\/school-and-zoo\" target=\"_blank\" style=\"outline: none;\" rel=\"noopener\">\u200b<\/a>\u200b\u200b<\/li>\n<li><strong>Cumplea\u00f1os infantil:<\/strong> Para un cumplea\u00f1os muy especial, puede dejar que sus hijos a partir de los 6 a\u00f1os lo celebren en la Haus des Meeres.Los m\u00e1s peque\u00f1os son atendidos por un gu\u00eda que los acompa\u00f1a en su b\u00fasqueda del tesoro por el zool\u00f3gico. Puede encontrar m\u00e1s informaci\u00f3n al respecto en la <a href=\"https:\/\/www.haus-des-meeres.at\/en\/zoo\/experience\/birthday-party\" target=\"_blank\" style=\"outline: none;\" rel=\"noopener\">p\u00e1gina<\/a> de inicio .&nbsp;Haus des Meeres ahora tambi\u00e9n permite a los adultos celebrar su cumplea\u00f1os all\u00ed. Encontrar\u00e1 m\u00e1s detalles <a href=\"https:\/\/www.haus-des-meeres.at\/en\/zoo\/experience\/birthday-adults\" target=\"_blank\" rel=\"noopener\">aqu\u00ed.<\/a><\/li>\n<\/ul>\n<h2 id=\"t-1669895598655\">Escalada en la casa del mar<\/h2>\n<p>Los entusiastas de la escalada pueden esperar una emocionante atracci\u00f3n en la Haus des Meeres. La instalaci\u00f3n de <strong><a href=\"https:\/\/www.flakturm-klettern.at\/\" target=\"_blank\" style=\"outline: none;\" rel=\"noopener\">escalada Flakturm<\/a><\/strong> , que ofrece una amplia gama de oportunidades de escalada, tambi\u00e9n se encuentra aqu\u00ed.<\/p>\n<p>El muro de escalada de 30 metros de altura en el campo no solo es adecuado para escaladores avanzados, sino que tambi\u00e9n los principiantes obtienen el valor de su dinero gracias a varios cursos de escalada.<\/p>\n<p>M\u00e1s de 20 variantes de ruta desde el 4\u00ba hasta el 9\u00ba nivel de dificultad conducen al techo de la torre antia\u00e9rea: \u00a1una grandiosa experiencia de escalada!<\/p>\n<h2 id=\"t-1669895598656\">historia<\/h2>\n<p>El 26 de noviembre de 1957 se fund\u00f3 la Asociaci\u00f3n <em>para la Biolog\u00eda Marina<\/em> , que en ese momento ya se hab\u00eda fijado el objetivo de crear la \u201cCasa del Mar\u201d en la antigua torre antia\u00e9rea de Esterh\u00e1zypark.<\/p>\n<p>En ese momento, la Haus des Meeres fue la primera exhibici\u00f3n de agua de mar en Austria y solo ocupaba un piso y medio de la torre antia\u00e9rea, que estaba casi vac\u00eda en ese momento.<\/p>\n<p>Esto se complet\u00f3 en julio de 1944 y funcion\u00f3 como una torre de control de incendios hasta el final de la guerra. En el techo de la torre estaba el llamado \u00abgigante de W\u00fcrzburg\u00bb. Este era un dispositivo de radar que estaba protegido de los ataques a\u00e9reos en el pozo por paredes de hormig\u00f3n armado de 3,5 metros de espesor.<\/p>\n<p>El hecho de que el zool\u00f3gico est\u00e9 alojado en una antigua torre antia\u00e9rea es una caracter\u00edstica especial y es el tema de la <strong>exposici\u00f3n permanente <em>\u00abRecordando adentro\u00bb<\/em><\/strong> .<\/p>\n<p>La exposici\u00f3n est\u00e1 ubicada en el antiguo centro de mando y arroja luz sobre el oscuro pasado de la torre antia\u00e9rea. Las exhibiciones incluyen exhibiciones originales y paneles de pared sobre la historia del edificio, que se pueden ver en la escalera, la mayor\u00eda de los cuales se han conservado en su estado original. La exposici\u00f3n permanente es accesible como parte de una visita guiada. Puede obtener m\u00e1s informaci\u00f3n sobre esto <a href=\"https:\/\/www.haus-des-meeres.at\/zoo\/erlebnis\/fuehrungen\" target=\"_blank\" style=\"outline: none;\" rel=\"noopener\">aqu\u00ed<\/a> .<\/p>\n<p>Hoy, la Haus des Meeres tiene una superficie de 8.000 m\u00b2, repartidos en 11 plantas, y ha sido visitada por m\u00e1s de 11,7 millones de hu\u00e9spedes desde su apertura en 1957.<\/p>\n<h2 id=\"t-1669895598657\">Contacto<\/h2>\n<ul>\n<li><strong data-end=\"58\" data-start=\"44\">Direcci\u00f3n:<\/strong> Fritz-Gr\u00fcnbaum-Platz 1 (Parque Esterh\u00e1zy), 1060 Viena<\/li>\n<li><strong data-end=\"125\" data-start=\"115\">Metro:<\/strong> U3 Neubaugasse<\/li>\n<li><strong data-end=\"163\" data-is-only-node=\"\" data-start=\"143\">Estacionamiento:<\/strong> En Windm\u00fchlgasse, muy cerca del Aqua Zoo, hay un estacionamiento Wipark. Los visitantes del Haus des Meeres pueden aparcar aqu\u00ed con una tarifa reducida. En la taquilla del Haus des Meeres pueden obtener una tarjeta de descuento.<\/li>\n<li><strong data-end=\"407\" data-start=\"395\">Horario:<\/strong> Los horarios actuales est\u00e1n disponibles <a href=\"https:\/\/www.haus-des-meeres.at\/de\/Besucherinfo\/Oeffnungszeiten.htm\" target=\"_blank\" style=\"outline: none;\" rel=\"noopener\">en la p\u00e1gina web <\/a>del Haus des Meeres.<\/li>\n<\/ul>\n<h3 style=\"\" id=\"t-1686571213368\"><strong>ART\u00cdCULOS RELACIONADOS<\/strong><\/h3>\n<p><a href=\"https:\/\/viennatouristinformation.com\/es\/cosas-que-hacer\/museo\/\" dynamic-postlink=\"tcb_post_the_permalink\" data-shortcode-id=\"133\"><\/a><\/p>\n<h2 style=\"padding-top: 0px !important; margin-top: 0px !important; text-align: center;\"><span data-shortcode=\"tcb_post_title\" data-shortcode-name=\"Post title\" data-extra_key=\"\" data-attr-link=\"1\" data-attr-target=\"0\" data-attr-rel=\"0\" data-option-inline=\"1\" data-attr-static-link=\"{&quot;className&quot;:&quot;&quot;,&quot;href&quot;:&quot;https:\/\/viennatouristinformation.com\/es\/cosas-que-hacer\/museo\/&quot;,&quot;title&quot;:&quot;30 Museos m\u00e1s importantes de Viena ((con entradas y mapa))&quot;,&quot;class&quot;:&quot;&quot;}\" data-attr-css=\"\"><a href=\"https:\/\/viennatouristinformation.com\/es\/cosas-que-hacer\/museo\/\" title=\"30 Museos m\u00e1s importantes de Viena [con entradas y mapa]\" data-css=\"\">30 Museos m\u00e1s importantes de Viena [con entradas y mapa]<\/a><\/span><\/h2>\n<p><a href=\"https:\/\/viennatouristinformation.com\/es\/cosas-que-hacer\/para-los-ninos\/\" dynamic-postlink=\"tcb_post_the_permalink\" data-shortcode-id=\"133\"><\/a><\/p>\n<h2 style=\"padding-top: 0px !important; margin-top: 0px !important; text-align: center;\"><span data-shortcode=\"tcb_post_title\" data-shortcode-name=\"Post title\" data-extra_key=\"\" data-attr-link=\"1\" data-attr-target=\"0\" data-attr-rel=\"0\" data-option-inline=\"1\" data-attr-static-link=\"{&quot;className&quot;:&quot;&quot;,&quot;href&quot;:&quot;https:\/\/viennatouristinformation.com\/es\/cosas-que-hacer\/museo\/&quot;,&quot;title&quot;:&quot;30 Museos m\u00e1s importantes de Viena ((con entradas y mapa))&quot;,&quot;class&quot;:&quot;&quot;}\" data-attr-css=\"\"><a href=\"https:\/\/viennatouristinformation.com\/es\/cosas-que-hacer\/para-los-ninos\/\" title=\"25 Exclente cosas que hacer para los ni\u00f1os en Viena [con entradas y mapa]\" data-css=\"\">25 Exclente cosas que hacer para los ni\u00f1os en Viena [con entradas y mapa]<\/a><\/span><\/h2>\n<p><a href=\"https:\/\/viennatouristinformation.com\/es\/cosas-que-hacer\/atracciones\/\" dynamic-postlink=\"tcb_post_the_permalink\" data-shortcode-id=\"133\"><\/a><\/p>\n<h2 style=\"padding-top: 0px !important; margin-top: 0px !important; text-align: center;\"><span data-shortcode=\"tcb_post_title\" data-shortcode-name=\"Post title\" data-extra_key=\"\" data-attr-link=\"1\" data-attr-target=\"0\" data-attr-rel=\"0\" data-option-inline=\"1\" data-attr-static-link=\"{&quot;className&quot;:&quot;&quot;,&quot;href&quot;:&quot;https:\/\/viennatouristinformation.com\/es\/cosas-que-hacer\/museo\/&quot;,&quot;title&quot;:&quot;30 Museos m\u00e1s importantes de Viena ((con entradas y mapa))&quot;,&quot;class&quot;:&quot;&quot;}\" data-attr-css=\"\"><a href=\"https:\/\/viennatouristinformation.com\/es\/cosas-que-hacer\/atracciones\/\" title=\"20 Atracciones en Viena\" data-css=\"\">20 Atracciones en Viena<\/a><\/span><\/h2>\n<p><a href=\"https:\/\/viennatouristinformation.com\/es\/cosas-que-hacer\/10-mejores\/\" dynamic-postlink=\"tcb_post_the_permalink\" data-shortcode-id=\"133\"><\/a><\/p>\n<h2 style=\"padding-top: 0px !important; margin-top: 0px !important; text-align: center;\"><span data-shortcode=\"tcb_post_title\" data-shortcode-name=\"Post title\" data-extra_key=\"\" data-attr-link=\"1\" data-attr-target=\"0\" data-attr-rel=\"0\" data-option-inline=\"1\" data-attr-static-link=\"{&quot;className&quot;:&quot;&quot;,&quot;href&quot;:&quot;https:\/\/viennatouristinformation.com\/es\/cosas-que-hacer\/museo\/&quot;,&quot;title&quot;:&quot;30 Museos m\u00e1s importantes de Viena ((con entradas y mapa))&quot;,&quot;class&quot;:&quot;&quot;}\" data-attr-css=\"\"><a href=\"https:\/\/viennatouristinformation.com\/es\/cosas-que-hacer\/10-mejores\/\" title=\"10 Mejores cosas que hacer\" data-css=\"\">10 Mejores cosas que hacer<\/a><\/span><\/h2>\n","protected":false},"excerpt":{"rendered":"<p>La Haus des Meeres es uno de los tres zool\u00f3gicos de Viena, junto con el zool\u00f3gico de Sch\u00f6nbrunn y el Lainzer Tiergarten. Est\u00e1 alojado en una antigua torre antia\u00e9rea de la Segunda Guerra Mundial. Aqu\u00ed aprender\u00e1 todo lo que necesita saber sobre los habitantes del zool\u00f3gico, los precios de las entradas, las atracciones y la [&hellip;]<\/p>\n","protected":false},"author":3,"featured_media":3885,"parent":138,"menu_order":0,"comment_status":"open","ping_status":"closed","template":"","meta":{"footnotes":""},"tags":[],"class_list":["post-1230","page","type-page","status-publish","has-post-thumbnail","hentry","post-wrapper","thrv_wrapper"],"_links":{"self":[{"href":"https:\/\/viennatouristinformation.com\/es\/wp-json\/wp\/v2\/pages\/1230","targetHints":{"allow":["GET"]}}],"collection":[{"href":"https:\/\/viennatouristinformation.com\/es\/wp-json\/wp\/v2\/pages"}],"about":[{"href":"https:\/\/viennatouristinformation.com\/es\/wp-json\/wp\/v2\/types\/page"}],"author":[{"embeddable":true,"href":"https:\/\/viennatouristinformation.com\/es\/wp-json\/wp\/v2\/users\/3"}],"replies":[{"embeddable":true,"href":"https:\/\/viennatouristinformation.com\/es\/wp-json\/wp\/v2\/comments?post=1230"}],"version-history":[{"count":9,"href":"https:\/\/viennatouristinformation.com\/es\/wp-json\/wp\/v2\/pages\/1230\/revisions"}],"predecessor-version":[{"id":5461,"href":"https:\/\/viennatouristinformation.com\/es\/wp-json\/wp\/v2\/pages\/1230\/revisions\/5461"}],"up":[{"embeddable":true,"href":"https:\/\/viennatouristinformation.com\/es\/wp-json\/wp\/v2\/pages\/138"}],"wp:featuredmedia":[{"embeddable":true,"href":"https:\/\/viennatouristinformation.com\/es\/wp-json\/wp\/v2\/media\/3885"}],"wp:attachment":[{"href":"https:\/\/viennatouristinformation.com\/es\/wp-json\/wp\/v2\/media?parent=1230"}],"wp:term":[{"taxonomy":"post_tag","embeddable":true,"href":"https:\/\/viennatouristinformation.com\/es\/wp-json\/wp\/v2\/tags?post=1230"}],"curies":[{"name":"wp","href":"https:\/\/api.w.org\/{rel}","templated":true}]}}