{"id":1234,"date":"2020-07-22T10:20:13","date_gmt":"2020-07-22T08:20:13","guid":{"rendered":"http:\/\/viennatouristinformation.com\/es\/?page_id=1234"},"modified":"2023-06-01T14:41:47","modified_gmt":"2023-06-01T12:41:47","slug":"casa-de-la-musica","status":"publish","type":"page","link":"https:\/\/viennatouristinformation.com\/es\/cosas-que-hacer\/museo\/casa-de-la-musica\/","title":{"rendered":"Casa de la M\u00fasica de Viena: Exposici\u00f3n, entrada e historia"},"content":{"rendered":"<h2 id=\"t-1669905957362\" data-hide=\"true\">La innovadora Casa de la M\u00fasica en el hist\u00f3rico Palacio del Archiduque Carlos en el distrito 1 es un museo sonoro interactivo.<\/h2>\n<p>Gracias a las instalaciones orientadas a la experiencia, los visitantes pueden desarrollar su creatividad musical componiendo su propio vals y dirigiendo virtualmente la Filarm\u00f3nica de Viena, entre otras cosas.<\/p>\n<h2 id=\"t-1669905957363\">\u00bfQu\u00e9 puedo hacer en la Casa de la M\u00fasica?<\/h2>\n<p>En sus cuatro plantas, la Haus der Musik lleva a los visitantes al fascinante mundo de los fen\u00f3menos tonales y sonoros. A continuaci\u00f3n describimos los pisos individuales en detalle.<\/p>\n<ol type=\"1\">\n<li><strong>Piso &#8211; Filarm\u00f3nica de Viena:<\/strong> La Filarm\u00f3nica de Viena se fund\u00f3 en este edificio y todav\u00eda se encuentra en el mismo edificio en la actualidad. En las salas del primer piso, los visitantes pueden visitar el museo de la orquesta de fama mundial y maravillarse con los tesoros musicales del archivo hist\u00f3rico, que representan la larga historia musical de la orquesta. Lo m\u00e1s destacado es el juego de dados de vals, con el que puedes componer tu propio vals.<\/li>\n<li><strong>Floor \u2013 SONOTOPIA:<\/strong> En este piso, el mundo de los sonidos se presenta de forma multimedia e interactiva, desde la creaci\u00f3n de un sonido, pasando por su propagaci\u00f3n hasta su procesamiento. Numerosas estaciones y experimentos sonoros esperan a los visitantes aqu\u00ed.<\/li>\n<li><strong>Piso \u2013 Los grandes maestros:<\/strong> el tercer piso est\u00e1 dedicado a los grandes compositores que trabajaron y vivieron en Viena. Estos incluyen a Haydn, Mozart, Beethoven, Schubert, Strauss, Mahler y Schoenberg. Aprende sobre los maestros del clasicismo vien\u00e9s a trav\u00e9s de documentos hist\u00f3ricos, disfraces y objetos personales. Lo m\u00e1s destacado es la instalaci\u00f3n interactiva \u00abNamadeus\u00bb con la que se puede escuchar su nombre como una composici\u00f3n de Mozart, as\u00ed como la obra de arte \u00abAlfombra sonora <em>\u00ab<\/em> .<\/li>\n<li><strong>Piso \u2013 The Virtual Conductor:<\/strong> Otro punto destacado del Museo del Sonido se encuentra en el cuarto piso. El llamado \u00abDirector virtual\u00bb permite a los visitantes probar su talento como director de la mundialmente famosa Filarm\u00f3nica de Viena.<\/li>\n<\/ol>\n<h2 id=\"t-1669905957364\">Admisi\u00f3n, boleto y visita guiada<\/h2>\n<ul>\n<li><strong>Entradas sencillas:<\/strong> La entrada cuesta 14 \u20ac para adultos y 6 \u20ac para ni\u00f1os de 3 a 11 a\u00f1os. Los ni\u00f1os menores de 3 a\u00f1os disfrutan de entrada gratuita.<\/li>\n<li><strong>Entrada familiar:<\/strong> Con la entrada familiar de 29\u20ac pueden visitar el museo dos adultos y un m\u00e1ximo de tres ni\u00f1os menores de 12 a\u00f1os.<\/li>\n<li><strong>Entradas de grupo:<\/strong> Las entradas de grupo est\u00e1n disponibles para grupos de 10 o m\u00e1s personas previa inscripci\u00f3n, el precio habitual es de 10\u20ac por persona. Los grupos escolares menores de 12 a\u00f1os pagan 6\u20ac y los grupos escolares mayores de 12 a\u00f1os pagan 7\u20ac por persona.<\/li>\n<li><strong>Entradas especiales:<\/strong> La <em>entrada nocturna<\/em> por 7\u20ac est\u00e1 disponible todos los d\u00edas a partir de las 20:00 horas. La \u00faltima entrada es a las 21.30 h.<\/li>\n<li><strong>Abono anual :<\/strong> Pagas 39\u20ac por el abono anual <em>HdM-Membercard . <\/em>La entrada anual para ni\u00f1os <em>del club infantil de Pauki Knaller<\/em> cuesta 5\u20ac.<\/li>\n<li><strong>Entradas combinadas:<\/strong> Tambi\u00e9n se encuentran a la venta entradas combinadas con la Mozarthaus de Viena. Adultos pagan 18\u20ac, ni\u00f1os menores de 12 a\u00f1os 8\u20ac.<\/li>\n<\/ul>\n<p>Puede encontrar una descripci\u00f3n detallada y actualizada de todas las entradas <a href=\"https:\/\/www.hausdermusik.com\/besuch\/tickets\/\" rel=\"noreferrer noopener\" target=\"_blank\">aqu\u00ed<\/a> .<\/p>\n<ul>\n<li><strong>Entradas para conciertos y eventos:<\/strong> Puede consultar los precios de las entradas para conciertos y eventos en la entrada correspondiente en el <a href=\"https:\/\/www.hausdermusik.com\/events\/\" rel=\"noreferrer noopener\" target=\"_blank\">calendario de eventos<\/a> .<\/li>\n<li><strong>Visitas guiadas:<\/strong> La Haus der Musik ofrece varias visitas tem\u00e1ticas, especiales e infantiles para los visitantes interesados. <a href=\"https:\/\/www.hausdermusik.com\/musikvermittlung\/fuehrungen\/\" rel=\"noreferrer noopener\" target=\"_blank\">Puedes<\/a> encontrar la oferta de visitas guiadas aqu\u00ed.<\/li>\n<\/ul>\n<h2 id=\"t-1669905957365\">Conciertos en la Casa de la M\u00fasica<\/h2>\n<p>Los llamados conciertos \u201cLive On Stage <strong>\u201d<\/strong> tienen lugar en la sala de conciertos en el \u00faltimo piso del museo. Suele haber 12 conciertos repartidos a lo largo del a\u00f1o.<\/p>\n<p>Puede encontrar una descripci\u00f3n general de los conciertos en el <a href=\"https:\/\/www.hausdermusik.com\/events\/\" rel=\"noreferrer noopener\" target=\"_blank\">calendario de eventos<\/a> del museo .<\/p>\n<h2 id=\"t-1669905957366\">Para ni\u00f1os<\/h2>\n<p>Un objetivo importante del museo es facilitar el acceso de ni\u00f1os y j\u00f3venes al mundo de la m\u00fasica y establecer nuevas medidas de educaci\u00f3n musical. Entre otras cosas, la instalaci\u00f3n virtual \u00abZookonzert\u00bb contribuye a esto: un emocionante cuento de hadas pr\u00e1ctico para ni\u00f1os.<\/p>\n<p>Adem\u00e1s, la Haus der Musik inspira a sus peque\u00f1os visitantes con numerosos <strong>conciertos para ni\u00f1os<\/strong> . Se ofrecen conciertos infantiles emocionantes, entretenidos y divertidos, que invitan a cantar y bailar.<\/p>\n<p><a href=\"https:\/\/www.hausdermusik.com\/events\/events-kinderkonzerte\/\" rel=\"noreferrer noopener\" target=\"_blank\">Aqu\u00ed<\/a> encontrar\u00e1 un resumen de los conciertos infantiles actuales en la Haus der Musik.<\/p>\n<h2 id=\"t-1669905957367\">Eventos en la Casa de la M\u00fasica<\/h2>\n<p>Adem\u00e1s de los conciertos \u00abLive On Stage\u00bb y los conciertos infantiles, en la Casa de la M\u00fasica hay otros eventos y exposiciones especiales temporales. Puede encontrar una descripci\u00f3n general actual y una vista previa <a href=\"https:\/\/www.hausdermusik.com\/events\/\" rel=\"noreferrer noopener\" target=\"_blank\">aqu\u00ed<\/a> .<\/p>\n<p><strong>Eventos propios:<\/strong> puede reservar la Haus der Musik como lugar de eventos. Ya sea un seminario, una recepci\u00f3n, un concierto, una cena, una presentaci\u00f3n de empresa o una fiesta de Navidad, el impresionante ambiente y la tecnolog\u00eda de la casa prometen el escenario perfecto para su exitoso evento. M\u00e1s sobre esto <a href=\"https:\/\/www.hausdermusik.com\/vermietung\/\" rel=\"noreferrer noopener\" target=\"_blank\">aqu\u00ed<\/a> .<\/p>\n<h2 id=\"t-1669905957368\">historia<\/h2>\n<p>La Casa de la M\u00fasica fue inaugurada en 2000. Est\u00e1 ubicado en el Palais Archiduke Carl, donde se encontraba la casa de fundici\u00f3n imperial en el siglo XVI.<\/p>\n<p>S\u00f3lo a principios del siglo XIX, cuando el edificio fue comprado y reconstruido por el general austr\u00edaco Archiduque Carlos de Austria-Hungr\u00eda, tom\u00f3 la forma de un palacio.<\/p>\n<p>En 1842, el compositor y director de orquesta Otto Nicolai se mud\u00f3 al edificio y fund\u00f3 aqu\u00ed los Conciertos Filarm\u00f3nicos de Viena. Por lo tanto, el Palais se considera el lugar de nacimiento de la mundialmente famosa Orquesta Filarm\u00f3nica de Viena, que se honra con el Museo de la Filarm\u00f3nica de Viena en el primer piso, el antiguo apartamento de Nicolai.<\/p>\n<p>Fundado en 2000, el Museo del Sonido recibi\u00f3 el Premio del Museo Austriaco por su concepto innovador.&nbsp;<\/p>\n<h2 id=\"t-1669905957369\">Contacto<\/h2>\n<ul>\n<li><strong>Direcci\u00f3n<\/strong> : Seilerst\u00e4tte 30, 1010 Viena<\/li>\n<li><strong>Metro:<\/strong> U1, U2 y U4 Karlsplatz o U1 y U3 Stephansplatz<\/li>\n<li><strong>Horario:<\/strong> La Casa de la M\u00fasica est\u00e1 abierta todos los d\u00edas. El horario de apertura actual se puede encontrar en el <a href=\"https:\/\/www.hausdermusik.com\/besuch\/oeffnungszeiten\/\" rel=\"noreferrer noopener\" target=\"_blank\">sitio web<\/a> de Haus der Musik .<\/li>\n<\/ul>\n","protected":false},"excerpt":{"rendered":"<p>La innovadora Casa de la M\u00fasica en el hist\u00f3rico Palacio del Archiduque Carlos en el distrito 1 es un museo sonoro interactivo. Gracias a las instalaciones orientadas a la experiencia, los visitantes pueden desarrollar su creatividad musical componiendo su propio vals y dirigiendo virtualmente la Filarm\u00f3nica de Viena, entre otras cosas. \u00bfQu\u00e9 puedo hacer en [&hellip;]<\/p>\n","protected":false},"author":3,"featured_media":2073,"parent":133,"menu_order":0,"comment_status":"open","ping_status":"closed","template":"","meta":{"footnotes":""},"tags":[],"class_list":["post-1234","page","type-page","status-publish","has-post-thumbnail","hentry","post-wrapper","thrv_wrapper"],"_links":{"self":[{"href":"https:\/\/viennatouristinformation.com\/es\/wp-json\/wp\/v2\/pages\/1234","targetHints":{"allow":["GET"]}}],"collection":[{"href":"https:\/\/viennatouristinformation.com\/es\/wp-json\/wp\/v2\/pages"}],"about":[{"href":"https:\/\/viennatouristinformation.com\/es\/wp-json\/wp\/v2\/types\/page"}],"author":[{"embeddable":true,"href":"https:\/\/viennatouristinformation.com\/es\/wp-json\/wp\/v2\/users\/3"}],"replies":[{"embeddable":true,"href":"https:\/\/viennatouristinformation.com\/es\/wp-json\/wp\/v2\/comments?post=1234"}],"version-history":[{"count":0,"href":"https:\/\/viennatouristinformation.com\/es\/wp-json\/wp\/v2\/pages\/1234\/revisions"}],"up":[{"embeddable":true,"href":"https:\/\/viennatouristinformation.com\/es\/wp-json\/wp\/v2\/pages\/133"}],"wp:featuredmedia":[{"embeddable":true,"href":"https:\/\/viennatouristinformation.com\/es\/wp-json\/wp\/v2\/media\/2073"}],"wp:attachment":[{"href":"https:\/\/viennatouristinformation.com\/es\/wp-json\/wp\/v2\/media?parent=1234"}],"wp:term":[{"taxonomy":"post_tag","embeddable":true,"href":"https:\/\/viennatouristinformation.com\/es\/wp-json\/wp\/v2\/tags?post=1234"}],"curies":[{"name":"wp","href":"https:\/\/api.w.org\/{rel}","templated":true}]}}