{"id":126,"date":"2020-06-10T20:39:57","date_gmt":"2020-06-10T18:39:57","guid":{"rendered":"http:\/\/viennatouristinformation.com\/es\/?page_id=126"},"modified":"2024-12-23T11:56:50","modified_gmt":"2024-12-23T10:56:50","slug":"contacto","status":"publish","type":"page","link":"https:\/\/viennatouristinformation.com\/es\/contacto\/","title":{"rendered":"Contacto"},"content":{"rendered":"<h1 style=\"text-align: left; font-size: 18px !important;\"><span style=\"font-weight: normal;\">\u00bfEst\u00e1s planeando un viaje a Viena?<\/span><\/h1>\n<h1 style=\"text-align: left;\">Contacto de la Oficina de Informaci\u00f3n Tur\u00edstica de Viena<\/h1>\n<p>Nuestro equipo dedicado est\u00e1 aqu\u00ed para hacer que su viaje a Viena sea inolvidable. Ya sea que necesite <strong>informaci\u00f3n<\/strong>, realizar&nbsp;<strong>reservas<\/strong>&nbsp;o recibir apoyo para&nbsp;<strong>viajes en grupo y eventos M.I.C.E.,&nbsp;<\/strong>estamos aqu\u00ed para ayudarle.<\/p>\n<p><span style=\"\"><a href=\"https:\/\/viennatouristinformation.com\/es\/wp-content\/uploads\/2020\/10\/Influencers-1.jpg\"><img decoding=\"async\" alt=\"Prater en Viena en Austria\" data-id=\"2050\" title=\"Prater en Viena en Austria\" src=\"\/\/viennatouristinformation.com\/es\/wp-content\/uploads\/2020\/09\/Prater.jpg\" style=\"aspect-ratio: auto 1000 \/ 667;\" ml-d=\"0\" data-width=\"480\" data-height=\"320\" data-init-width=\"1000\" data-init-height=\"667\" mt-d=\"0\" width=\"480\" height=\"320\" data-link-wrap=\"true\" loading=\"lazy\"><\/a><\/span><\/p>\n<p style=\"text-align: center;\">Contacta con <em>support@viennatouristinformation.com\/es<\/em> o formulario.<\/p>\n<h2 style=\"\">\u00bfC\u00f3mo podemos ayudar?<\/h2>\n<h3 style=\"\">1. Servicio de informaci\u00f3n<\/h3>\n<p>Obtenga respuestas a todas sus preguntas, ya sea antes de su viaje o durante su estancia en Viena. Estamos felices de ayudarle con cualquier consulta.<\/p>\n<h3 style=\"\">2. Servicio de reserva<\/h3>\n<p style=\"\">D\u00e9jenos encargarnos de los detalles:Reserva de hoteles, entradas, tours, hoteles para conferencias,&nbsp;&nbsp;<a href=\"https:\/\/viennatouristinformation.com\/es\/gruppenreisen-nach-wien-full-service-m-i-c-e\/\" style=\"outline: none;\"><span style=\"font-size: 16px;\">viajes en grupo<\/span><\/a>&nbsp;y reservas de restaurante.&nbsp;<\/p>\n<h3>3. \u200bViajes en Grupo&nbsp;y MICE<\/h3>\n<p><strong>Su socio para viajes en grupo a medida y eventos:<\/strong><\/p>\n<ul>\n<li><strong><span>Viajes en grupo<\/span><\/strong><span>: Ya sea que est\u00e9 organizando un peque\u00f1o tour o un evento de gran escala, nos encargamos de todos los detalles.<\/span><\/li>\n<li><span><strong>Servicios M.I.C.E.<\/strong>: Apoyo completo para reuniones, incentivos, conferencias y eventos. Trabajamos con proveedores locales y operadores tur\u00edsticos internacionales para asegurar que su evento en Viena sea un \u00e9xito.<\/span><\/li>\n<\/ul>\n<h2 style=\"text-align: center;\">Contacto para otras consultas<\/h2>\n<p style=\"text-align: center;\">Las consultas de cooperaci\u00f3n de los medios de comunicaci\u00f3n, operadores tur\u00edsticos, aerol\u00edneas, medios de comunicaci\u00f3n, televisi\u00f3n, peri\u00f3dicos y empresas se pueden realizar a trav\u00e9s de nuestro formulario de contacto.&nbsp;<\/p>\n","protected":false},"excerpt":{"rendered":"<p>\u00bfEst\u00e1s planeando un viaje a Viena? Contacto de la Oficina de Informaci\u00f3n Tur\u00edstica de Viena Nuestro equipo dedicado est\u00e1 aqu\u00ed para hacer que su viaje a Viena sea inolvidable. Ya sea que necesite informaci\u00f3n, realizar&nbsp;reservas&nbsp;o recibir apoyo para&nbsp;viajes en grupo y eventos M.I.C.E.,&nbsp;estamos aqu\u00ed para ayudarle. Contacta con support@viennatouristinformation.com\/es o formulario. \u00bfC\u00f3mo podemos ayudar? 1. [&hellip;]<\/p>\n","protected":false},"author":17,"featured_media":3562,"parent":0,"menu_order":0,"comment_status":"closed","ping_status":"closed","template":"","meta":{"footnotes":""},"tags":[],"class_list":["post-126","page","type-page","status-publish","has-post-thumbnail","hentry","post-wrapper","thrv_wrapper"],"_links":{"self":[{"href":"https:\/\/viennatouristinformation.com\/es\/wp-json\/wp\/v2\/pages\/126","targetHints":{"allow":["GET"]}}],"collection":[{"href":"https:\/\/viennatouristinformation.com\/es\/wp-json\/wp\/v2\/pages"}],"about":[{"href":"https:\/\/viennatouristinformation.com\/es\/wp-json\/wp\/v2\/types\/page"}],"author":[{"embeddable":true,"href":"https:\/\/viennatouristinformation.com\/es\/wp-json\/wp\/v2\/users\/17"}],"replies":[{"embeddable":true,"href":"https:\/\/viennatouristinformation.com\/es\/wp-json\/wp\/v2\/comments?post=126"}],"version-history":[{"count":0,"href":"https:\/\/viennatouristinformation.com\/es\/wp-json\/wp\/v2\/pages\/126\/revisions"}],"wp:featuredmedia":[{"embeddable":true,"href":"https:\/\/viennatouristinformation.com\/es\/wp-json\/wp\/v2\/media\/3562"}],"wp:attachment":[{"href":"https:\/\/viennatouristinformation.com\/es\/wp-json\/wp\/v2\/media?parent=126"}],"wp:term":[{"taxonomy":"post_tag","embeddable":true,"href":"https:\/\/viennatouristinformation.com\/es\/wp-json\/wp\/v2\/tags?post=126"}],"curies":[{"name":"wp","href":"https:\/\/api.w.org\/{rel}","templated":true}]}}