{"id":1262,"date":"2020-07-29T19:48:14","date_gmt":"2020-07-29T17:48:14","guid":{"rendered":"http:\/\/viennatouristinformation.com\/es\/?page_id=1262"},"modified":"2023-06-01T16:20:32","modified_gmt":"2023-06-01T14:20:32","slug":"cafeteria","status":"publish","type":"page","link":"https:\/\/viennatouristinformation.com\/es\/comida\/cafeteria\/","title":{"rendered":"10 aut\u00e9nticos cafeter\u00eda vieneses [con buenas valoraciones]"},"content":{"rendered":"<p>La cultura del caf\u00e9 vien\u00e9s es parte del Patrimonio Mundial de la UNESCO.<\/p>\n<p>Aqu\u00ed hay una lista de cafeter\u00edas vienesas tradicionales, con caf\u00e9 y comida t\u00edpica de Viena.<\/p>\n<p>Nuestra recomendaci\u00f3n es un Wiener Melange, un Einsp\u00e4nner o un Franziskaner para beber.<\/p>\n<p>Esto incluye una tarta Sacher, strudel de manzana o Kaiserschmarrn.&nbsp;<\/p>\n<h2>1. Caf\u00e9 Sacher<\/h2>\n<p>[tcb-script async=\u00bb\u00bb src=\u00bb\/\/www.instagram.com\/embed.js\u00bb][\/tcb-script]<\/p>\n<p>La famosa tarta Sacher se invent\u00f3 en 1832 cuando el pr\u00edncipe Metternich encarg\u00f3 a la cocina de la corte que cre\u00f3 un postre especial, pero el jefe de cocina se enferm\u00f3 y el aprendiz de panadero Franz Sacher tuvo que ocuparse de esta tarea con poca antelaci\u00f3n. Invent\u00f3 la tarta Sacher, que luego fue perfeccionada por su hijo Eduard Sacher.&nbsp;<\/p>\n<p>Despu\u00e9s del horneado, se divide por la mitad una masa hecha de mantequilla, az\u00facar, huevos, chocolate, harina y vainilla, se unta con mermelada de albaricoque y se cubre con glaseado de chocolate. El Caf\u00e9 Sacher tradicional produce alrededor de 300.000 pasteles Sacher al a\u00f1o, lo que requiere 70 clayadas de mermelada de albaricoque al a\u00f1o<\/p>\n<p>La famosa cafeter\u00eda vienesa con su ambiente elegante y elegante se encuentra justo enfrente de la <a href=\"https:\/\/viennatouristinformation.com\/es\/cosas-que-hacer\/theatros\/opera-estatal\/\" style=\"outline: none;\">\u00d3pera Estatal<\/a> .<\/p>\n<p><strong>Direcci\u00f3n:<\/strong> Philharmoniker Str. 4, A &#8211; 1010 Viena<\/p>\n<h2>2. Caf\u00e9 Imperial<\/h2>\n<blockquote data-instgrm-permalink=\"https:\/\/www.instagram.com\/p\/Bobt-fmnxTH\/?utm_source=ig_embed&amp;utm_campaign=loading\" data-instgrm-version=\"12\" style=\" background:#FFF; border:0; border-radius:3px; box-shadow:0 0 1px 0 rgba(0,0,0,0.5),0 1px 10px 0 rgba(0,0,0,0.15); margin: 1px; max-width:750px; min-width:326px; padding:0; width:99.375%; width:-webkit-calc(100% - 2px); width:calc(100% - 2px);\"><p> <a href=\"https:\/\/www.instagram.com\/p\/Bobt-fmnxTH\/?utm_source=ig_embed&amp;utm_campaign=loading\" style=\" background:#FFFFFF; line-height:0; padding:0 0; text-align:center; text-decoration:none; width:100%;\" target=\"_blank\" rel=\"noopener\">       Bu g\u00f6nderiyi Instagram&#8217;da g\u00f6r            <\/a><\/p>\n<p style=\" color:#c9c8cd; font-family:Arial,sans-serif; font-size:14px; line-height:17px; margin-bottom:0; margin-top:8px; overflow:hidden; padding:8px 0 7px; text-align:center; text-overflow:ellipsis; white-space:nowrap;\"><a href=\"https:\/\/www.instagram.com\/p\/Bobt-fmnxTH\/?utm_source=ig_embed&amp;utm_campaign=loading\" style=\" color:#c9c8cd; font-family:Arial,sans-serif; font-size:14px; font-style:normal; font-weight:normal; line-height:17px; text-decoration:none;\" target=\"_blank\" rel=\"noopener\">Noriki (@norynorykey)&#8217;in payla\u015ft\u0131\u011f\u0131 bir g\u00f6nderi<\/a> (2 de mayo de 2018 a las 6:53 \u00f6\u00f6 PDT)<\/p>\n<\/blockquote>\n<p>[tcb-script async=\u00bb\u00bb src=\u00bb\/\/www.instagram.com\/embed.js\u00bb][\/tcb-script]<\/p>\n<p>En el imponente Hotel Imperial se encuentra el Caf\u00e9 Imperial del mismo nombre, que encaja perfectamente en el ambiente con su mobiliario tradicional, sillas Thonet y l\u00e1mparas de ara\u00f1a. El caf\u00e9 existe desde 1873 y es un edificio protegido.<\/p>\n<p>Es conocida por la Torta Imperial, que fue inventada por el ayudante de cocina Xaver Loibner en honor al emperador Francisco Jos\u00e9 I y cuya receta siempre se ha mantenido en secreto. Sin embargo, definitivamente se incluyen almendras, mazap\u00e1n y crema de chocolate.<\/p>\n<p><strong>Direcci\u00f3n:<\/strong> K\u00e4rntner Ring 16, A \u2013 1015 Viena<\/p>\n<h2>3. Caf\u00e9 Central<\/h2>\n<blockquote data-instgrm-permalink=\"https:\/\/www.instagram.com\/p\/CF6eifuAwpk\/?utm_source=ig_embed&amp;utm_campaign=loading\" data-instgrm-version=\"12\" style=\" background:#FFF; border:0; border-radius:3px; box-shadow:0 0 1px 0 rgba(0,0,0,0.5),0 1px 10px 0 rgba(0,0,0,0.15); margin: 1px; max-width:750px; min-width:326px; padding:0; width:99.375%; width:-webkit-calc(100% - 2px); width:calc(100% - 2px);\"><p> <a href=\"https:\/\/www.instagram.com\/p\/CF6eifuAwpk\/?utm_source=ig_embed&amp;utm_campaign=loading\" style=\" background:#FFFFFF; line-height:0; padding:0 0; text-align:center; text-decoration:none; width:100%;\" target=\"_blank\" rel=\"noopener\">       Bu g\u00f6nderiyi Instagram&#8217;da g\u00f6r            <\/a><\/p>\n<p style=\" color:#c9c8cd; font-family:Arial,sans-serif; font-size:14px; line-height:17px; margin-bottom:0; margin-top:8px; overflow:hidden; padding:8px 0 7px; text-align:center; text-overflow:ellipsis; white-space:nowrap;\"><a href=\"https:\/\/www.instagram.com\/p\/CF6eifuAwpk\/?utm_source=ig_embed&amp;utm_campaign=loading\" style=\" color:#c9c8cd; font-family:Arial,sans-serif; font-size:14px; font-style:normal; font-weight:normal; line-height:17px; text-decoration:none;\" target=\"_blank\" rel=\"noopener\">Enzo Fontana (@fontana_enzo87)&#8217;in payla\u015ft\u0131\u011f\u0131 bir g\u00f6nderi<\/a> (4 de mayo de 2020 a las 12:45 PDT)<\/p>\n<\/blockquote>\n<p>[tcb-script async=\u00bb\u00bb src=\u00bb\/\/www.instagram.com\/embed.js\u00bb][\/tcb-script]<\/p>\n<p>El tradicional caf\u00e9 vien\u00e9s Caf\u00e9 Central est\u00e1 ubicado en el Palais Ferstel desde 1896 y fue un lugar de encuentro para poetas, pensadores y revolucionarios de la antigua Viena durante d\u00e9cadas. Sigmund Freud, Stefan Zweig, Leon Trotsky fueron a menudo invitados en lo que entonces era el Literature Caf\u00e9. Los pilares y el techo abovedado ricamente decorado en el interior le dan a la cafeter\u00eda un ambiente \u00fanico. En verano puede sentarse en el peque\u00f1o jard\u00edn frente a la cafeter\u00eda. Caf\u00e9 Imperial es una de las cafeter\u00edas m\u00e1s populares de la ciudad.<\/p>\n<p><strong>Direcci\u00f3n:<\/strong> Herrengasse 14, A-1010 Viena<\/p>\n<h2>4. Demel K. y K Hofzuckerb\u00e4cker<\/h2>\n<blockquote data-instgrm-permalink=\"https:\/\/www.instagram.com\/p\/B7f0HB-Kned\/?utm_source=ig_embed&amp;utm_campaign=loading\" data-instgrm-version=\"12\" style=\" background:#FFF; border:0; border-radius:3px; box-shadow:0 0 1px 0 rgba(0,0,0,0.5),0 1px 10px 0 rgba(0,0,0,0.15); margin: 1px; max-width:750px; min-width:326px; padding:0; width:99.375%; width:-webkit-calc(100% - 2px); width:calc(100% - 2px);\"><p> <a href=\"https:\/\/www.instagram.com\/p\/B7f0HB-Kned\/?utm_source=ig_embed&amp;utm_campaign=loading\" style=\" background:#FFFFFF; line-height:0; padding:0 0; text-align:center; text-decoration:none; width:100%;\" target=\"_blank\" rel=\"noopener\">       Bu g\u00f6nderiyi Instagram&#8217;da g\u00f6r            <\/a><\/p>\n<p style=\" color:#c9c8cd; font-family:Arial,sans-serif; font-size:14px; line-height:17px; margin-bottom:0; margin-top:8px; overflow:hidden; padding:8px 0 7px; text-align:center; text-overflow:ellipsis; white-space:nowrap;\"><a href=\"https:\/\/www.instagram.com\/p\/B7f0HB-Kned\/?utm_source=ig_embed&amp;utm_campaign=loading\" style=\" color:#c9c8cd; font-family:Arial,sans-serif; font-size:14px; font-style:normal; font-weight:normal; line-height:17px; text-decoration:none;\" target=\"_blank\" rel=\"noopener\">Demel KuK Hofzuckerb\u00e4ckerei (@demel_wien)&#8217;in payla\u015ft\u0131\u011f\u0131 bir g\u00f6nderi<\/a> (19 de octubre de 2020 a las 14:00 PST)<\/p>\n<\/blockquote>\n<p>[tcb-script async=\u00bb\u00bb src=\u00bb\/\/www.instagram.com\/embed.js\u00bb][\/tcb-script]<\/p>\n<p>Demel es uno de los caf\u00e9s m\u00e1s famosos de Viena, y la empresa todav\u00eda ostenta el t\u00edtulo de \u00abKuK Hofzuckerb\u00e4ckers\u00bb, un pastelero de la corte imperial y real. Demel fue fundada en 1786 por el pastelero Ludwig Dehne, cuyo hijo vendi\u00f3 el negocio a su oficial Christoph Demel en 1857.<\/p>\n<p>El interior est\u00e1 dise\u00f1ado tradicionalmente en un estilo neo-rococ\u00f3, con caoba y grandes espejos que definen el ambiente. Incluso la emperatriz Elisabeth, Sissi, fue una invitada aqu\u00ed. El Demel es conocido por su strudel de manzana, que se hace a mano. La masa es tan fina que se puede leer el peri\u00f3dico a trav\u00e9s de ella.<\/p>\n<p><strong>Direcci\u00f3n:<\/strong> Kohlmarkt 14, A \u2013 1010 Viena<\/p>\n<h2>5. Caf\u00e9 Landtmann<\/h2>\n<blockquote data-instgrm-permalink=\"https:\/\/www.instagram.com\/p\/CF9b8f0jEo8\/?utm_source=ig_embed&amp;utm_campaign=loading\" data-instgrm-version=\"12\" style=\" background:#FFF; border:0; border-radius:3px; box-shadow:0 0 1px 0 rgba(0,0,0,0.5),0 1px 10px 0 rgba(0,0,0,0.15); margin: 1px; max-width:750px; min-width:326px; padding:0; width:99.375%; width:-webkit-calc(100% - 2px); width:calc(100% - 2px);\"><p> <a href=\"https:\/\/www.instagram.com\/p\/CF9b8f0jEo8\/?utm_source=ig_embed&amp;utm_campaign=loading\" style=\" background:#FFFFFF; line-height:0; padding:0 0; text-align:center; text-decoration:none; width:100%;\" target=\"_blank\" rel=\"noopener\">       Bu g\u00f6nderiyi Instagram&#8217;da g\u00f6r            <\/a><\/p>\n<p style=\" color:#c9c8cd; font-family:Arial,sans-serif; font-size:14px; line-height:17px; margin-bottom:0; margin-top:8px; overflow:hidden; padding:8px 0 7px; text-align:center; text-overflow:ellipsis; white-space:nowrap;\"><a href=\"https:\/\/www.instagram.com\/p\/CF9b8f0jEo8\/?utm_source=ig_embed&amp;utm_campaign=loading\" style=\" color:#c9c8cd; font-family:Arial,sans-serif; font-size:14px; font-style:normal; font-weight:normal; line-height:17px; text-decoration:none;\" target=\"_blank\" rel=\"noopener\">KAWAI MARI (@kawai.mar)&#8217;in payla\u015ft\u0131\u011f\u0131 bir g\u00f6nderi<\/a> (5 de mayo de 2020, 4:20 \u00f6\u00f6 PDT)<\/p>\n<\/blockquote>\n<p>[tcb-script async=\u00bb\u00bb src=\u00bb\/\/www.instagram.com\/embed.js\u00bb][\/tcb-script]<\/p>\n<p>El 1 de octubre de 1873, Franz Landtmann abri\u00f3 el Kaffee y desde el principio iba a ser el mejor de la ciudad. Ha permanecido as\u00ed hasta el d\u00eda de hoy, el Landtmann la catalog\u00f3 como la cafeter\u00eda m\u00e1s elegante de Viena. El ambiente acogedor y elegante est\u00e1 subrayado por los sillones Thonet de la \u00e9poca imperial y los espejos de los a\u00f1os 20 dorados.<\/p>\n<p>Debido a su cerca del <a href=\"https:\/\/viennatouristinformation.com\/es\/cosas-que-hacer\/theatros\/teatro-del-castillo\/\" style=\"outline: none;\">Burgtheater<\/a> , el Ayuntamiento y la Canciller\u00eda Federal, el caf\u00e9 frecuentado por actores, pol\u00edticos, funcionarios p\u00fablicos y periodistas, ya menudo se celebran conferencias de prensa aqu\u00ed.&nbsp;<\/p>\n<p>Especialidades en caf\u00e9, pasteles, tartas y platos de la <a href=\"https:\/\/viennatouristinformation.com\/es\/comida\/cocina-vienesa\/\" style=\"outline: none;\">cocina vienesa<\/a> est\u00e1n en el men\u00fa.<\/p>\n<p><strong>Direcci\u00f3n:<\/strong> Universit\u00e4tsring 4 \u2013 1010 Viena<\/p>\n<h2>6. Caf\u00e9 Hawelka<\/h2>\n<blockquote data-instgrm-permalink=\"https:\/\/www.instagram.com\/p\/BvZHDSVAmTw\/?utm_source=ig_embed&amp;utm_campaign=loading\" data-instgrm-version=\"12\" style=\" background:#FFF; border:0; border-radius:3px; box-shadow:0 0 1px 0 rgba(0,0,0,0.5),0 1px 10px 0 rgba(0,0,0,0.15); margin: 1px; max-width:750px; min-width:326px; padding:0; width:99.375%; width:-webkit-calc(100% - 2px); width:calc(100% - 2px);\"><p> <a href=\"https:\/\/www.instagram.com\/p\/BvZHDSVAmTw\/?utm_source=ig_embed&amp;utm_campaign=loading\" style=\" background:#FFFFFF; line-height:0; padding:0 0; text-align:center; text-decoration:none; width:100%;\" target=\"_blank\" rel=\"noopener\">       Bu g\u00f6nderiyi Instagram&#8217;da g\u00f6r            <\/a><\/p>\n<p style=\" color:#c9c8cd; font-family:Arial,sans-serif; font-size:14px; line-height:17px; margin-bottom:0; margin-top:8px; overflow:hidden; padding:8px 0 7px; text-align:center; text-overflow:ellipsis; white-space:nowrap;\"><a href=\"https:\/\/www.instagram.com\/p\/BvZHDSVAmTw\/?utm_source=ig_embed&amp;utm_campaign=loading\" style=\" color:#c9c8cd; font-family:Arial,sans-serif; font-size:14px; font-style:normal; font-weight:normal; line-height:17px; text-decoration:none;\" target=\"_blank\" rel=\"noopener\">\u00a1\u00bfNo comes?! (@dontyoueatcom)&#8217;in payla\u015ft\u0131\u011f\u0131 bir g\u00f6nderi<\/a> (24 de marzo de 2019 a las 6:14 a. m. PDT)<\/p>\n<\/blockquote>\n<p>[tcb-script async=\u00bb\u00bb src=\u00bb\/\/www.instagram.com\/embed.js\u00bb][\/tcb-script]<\/p>\n<p>Caf\u00e9 Hawelka fue inaugurado en 1939 por Leopold Hawelka. La decoraci\u00f3n es tradicional, se dice que no ha sido renovada desde que abri\u00f3. El caf\u00e9 es un conocido punto de encuentro de la escena art\u00edstica vienesa, y el ambiente se caracteriz\u00f3 por artistas e individualistas, especialmente en las d\u00e9cadas de 1960 y 1970.<\/p>\n<p>La especialidad de Hawelka son los bollos, que se preparan seg\u00fan una receta original de Bohemia. Los buchteln son alb\u00f3ndigas de levadura dulces y rellenas.<\/p>\n<p><strong>Direcci\u00f3n:<\/strong> Dorotheergasse 6, A \u2013 1010 Viena<\/p>\n<h2>7. Gerstner K. &amp; K. Pastelero de la corte<\/h2>\n<blockquote data-instgrm-permalink=\"https:\/\/www.instagram.com\/p\/B5xVfdIDC9N\/?utm_source=ig_embed&amp;utm_campaign=loading\" data-instgrm-version=\"12\" style=\" background:#FFF; border:0; border-radius:3px; box-shadow:0 0 1px 0 rgba(0,0,0,0.5),0 1px 10px 0 rgba(0,0,0,0.15); margin: 1px; max-width:750px; min-width:326px; padding:0; width:99.375%; width:-webkit-calc(100% - 2px); width:calc(100% - 2px);\"><p> <a href=\"https:\/\/www.instagram.com\/p\/B5xVfdIDC9N\/?utm_source=ig_embed&amp;utm_campaign=loading\" style=\" background:#FFFFFF; line-height:0; padding:0 0; text-align:center; text-decoration:none; width:100%;\" target=\"_blank\" rel=\"noopener\">       Bu g\u00f6nderiyi Instagram&#8217;da g\u00f6r            <\/a><\/p>\n<p style=\" color:#c9c8cd; font-family:Arial,sans-serif; font-size:14px; line-height:17px; margin-bottom:0; margin-top:8px; overflow:hidden; padding:8px 0 7px; text-align:center; text-overflow:ellipsis; white-space:nowrap;\"><a href=\"https:\/\/www.instagram.com\/p\/B5xVfdIDC9N\/?utm_source=ig_embed&amp;utm_campaign=loading\" style=\" color:#c9c8cd; font-family:Arial,sans-serif; font-size:14px; font-style:normal; font-weight:normal; line-height:17px; text-decoration:none;\" target=\"_blank\" rel=\"noopener\"><img decoding=\"async\" role=\"img\" alt=\"\u2696\ufe0f\" src=\"https:\/\/s.w.org\/images\/core\/emoji\/13.0.1\/svg\/2696.svg\" data-pin-media=\"https:\/\/viennatouristinformation.com\/es\/wp-content\/uploads\/2021\/01\/wien_pinterest_10_kaffehaeuser-2.jpg\" data-pin-description=\"10 echte Wiener Kaffeeh\u00e4user [mit guten Bewertungen]\" data-pin-url=\"https:\/\/viennatouristinformation.com\/es\/essen\/kaffeehauser\/?tve=true&amp;tcbf=f32feeee42\">(@fvkhroo)&#8217;in payla\u015ft\u0131\u011f\u0131 bir g\u00f6nderi<\/a> (7 de abril de 2019 a las 4:16 PST)<\/p>\n<\/blockquote>\n<p>[tcb-script async=\u00bb\u00bb src=\u00bb\/\/www.instagram.com\/embed.js\u00bb][\/tcb-script]<\/p>\n<p>El Caf\u00e9 Gerstner K. u. K. se encuentra justo al lado de la \u00d3pera Estatal de Viena en el Palais Todesco. El ambiente tradicional se enfatiza con pinturas hist\u00f3ricas en el techo, paneles de madera con decoraci\u00f3n dorada y chimeneas.<\/p>\n<p>Una gran escalera de caracol curva conduce desde la tienda en la planta baja hasta el primer piso, donde puede disfrutar de la vista de la \u00d3pera Estatal de Viena en un ambiente de sala de estar. La cocina vienesa se sirve en el segundo piso. En verano puede sentarse en el jard\u00edn del patio interior cubierto de palmeras. El caf\u00e9 es conocido por sus pasteles hechos a mano.<\/p>\n<p><strong>Direcci\u00f3n:<\/strong> K\u00e4rntner Strasse 51, A \u2013 Viena<\/p>\n<h2>8. Caf\u00e9 Sperl<\/h2>\n<blockquote data-instgrm-permalink=\"https:\/\/www.instagram.com\/p\/CFh9EldpqXv\/?utm_source=ig_embed&amp;utm_campaign=loading\" data-instgrm-version=\"12\" style=\" background:#FFF; border:0; border-radius:3px; box-shadow:0 0 1px 0 rgba(0,0,0,0.5),0 1px 10px 0 rgba(0,0,0,0.15); margin: 1px; max-width:750px; min-width:326px; padding:0; width:99.375%; width:-webkit-calc(100% - 2px); width:calc(100% - 2px);\"><p> <a href=\"https:\/\/www.instagram.com\/p\/CFh9EldpqXv\/?utm_source=ig_embed&amp;utm_campaign=loading\" style=\" background:#FFFFFF; line-height:0; padding:0 0; text-align:center; text-decoration:none; width:100%;\" target=\"_blank\" rel=\"noopener\">       Bu g\u00f6nderiyi Instagram&#8217;da g\u00f6r            <\/a><\/p>\n<p style=\" color:#c9c8cd; font-family:Arial,sans-serif; font-size:14px; line-height:17px; margin-bottom:0; margin-top:8px; overflow:hidden; padding:8px 0 7px; text-align:center; text-overflow:ellipsis; white-space:nowrap;\"><a href=\"https:\/\/www.instagram.com\/p\/CFh9EldpqXv\/?utm_source=ig_embed&amp;utm_campaign=loading\" style=\" color:#c9c8cd; font-family:Arial,sans-serif; font-size:14px; font-style:normal; font-weight:normal; line-height:17px; text-decoration:none;\" target=\"_blank\" rel=\"noopener\">Lucia Malla (@luciamalla)&#8217;in payla\u015ft\u0131\u011f\u0131 bir g\u00f6nderi<\/a> (24 de mayo de 2020 a las 12:11 p. m. PDT)<\/p>\n<\/blockquote>\n<p>[tcb-script async=\u00bb\u00bb src=\u00bb\/\/www.instagram.com\/embed.js\u00bb][\/tcb-script]<\/p>\n<p>Fundado en 1880, el Caf\u00e9 Sperl cerca de Naschmarkt se considera un consejo para los lugare\u00f1os, durante mucho tiempo fue conocido como un caf\u00e9 de artistas y militares. Hoy en d\u00eda, muchos escritores y artistas est\u00e1n representados aqu\u00ed y tienen su mesa habitual en el Sperl. El caf\u00e9 fue completamente renovado en la d\u00e9cada de 1970, conservando el ambiente tradicional.<\/p>\n<p>Hay disponible una gran selecci\u00f3n de prensa diaria y, si le apetece, puede probar suerte en una de las tres mesas de billar. El piano se toca los domingos y en verano puedes sentarte en el jard\u00edn frente a la cafeter\u00eda. El caf\u00e9 es conocido por su cocina vienesa original y por sus pasteles caseros diarios.<\/p>\n<p><strong>Direcci\u00f3n:<\/strong> Gumpendorfer Strasse 11, A \u2013 1060 Viena<\/p>\n<h2>9. Caf\u00e9 Schwarzenberg<\/h2>\n<blockquote data-instgrm-permalink=\"https:\/\/www.instagram.com\/p\/CDs6OYbiD3i\/?utm_source=ig_embed&amp;utm_campaign=loading\" data-instgrm-version=\"12\" style=\" background:#FFF; border:0; border-radius:3px; box-shadow:0 0 1px 0 rgba(0,0,0,0.5),0 1px 10px 0 rgba(0,0,0,0.15); margin: 1px; max-width:750px; min-width:326px; padding:0; width:99.375%; width:-webkit-calc(100% - 2px); width:calc(100% - 2px);\"><p> <a href=\"https:\/\/www.instagram.com\/p\/CDs6OYbiD3i\/?utm_source=ig_embed&amp;utm_campaign=loading\" style=\" background:#FFFFFF; line-height:0; padding:0 0; text-align:center; text-decoration:none; width:100%;\" target=\"_blank\" rel=\"noopener\">       Bu g\u00f6nderiyi Instagram&#8217;da g\u00f6r            <\/a><\/p>\n<p style=\" color:#c9c8cd; font-family:Arial,sans-serif; font-size:14px; line-height:17px; margin-bottom:0; margin-top:8px; overflow:hidden; padding:8px 0 7px; text-align:center; text-overflow:ellipsis; white-space:nowrap;\"><a href=\"https:\/\/www.instagram.com\/p\/CDs6OYbiD3i\/?utm_source=ig_embed&amp;utm_campaign=loading\" style=\" color:#c9c8cd; font-family:Arial,sans-serif; font-size:14px; font-style:normal; font-weight:normal; line-height:17px; text-decoration:none;\" target=\"_blank\" rel=\"noopener\">Caf\u00e9 Schwarzenberg (@cafeschwarzenberg)&#8217;in payla\u015ft\u0131\u011f\u0131 bir g\u00f6nderi<\/a> (10 de agosto de 2020, 1:15 \u00f6\u00f6 PDT)<\/p>\n<\/blockquote>\n<p>[tcb-script async=\u00bb\u00bb src=\u00bb\/\/www.instagram.com\/embed.js\u00bb][\/tcb-script]<\/p>\n<p>Desde su apertura en el siglo XIX, el Caf\u00e9 Schwarzenberg no ha atra\u00eddo a artistas y escritores, sino a personalidades del mundo de los negocios. El interior del caf\u00e9 Ringstrasse m\u00e1s antiguo de Viena es muy tradicional. Maderas nobles, espejos de pared de cuerpo entero, peque\u00f1os azulejos en el alto techo abovedado e imponentes candelabros Art Deco, junto con los sillones semicirculares de cuero y el piso de piedra, transmiten un ambiente elegante.<\/p>\n<p>El caf\u00e9 es particularmente popular entre los turistas. A menudo se celebran vernissages, conciertos o lecturas. El men\u00fa ofrece pasteles reci\u00e9n hechos todos los d\u00edas, as\u00ed como varias especialidades vienesas.<\/p>\n<p><strong>Direcci\u00f3n:<\/strong> K\u00e4rntner Ring 17, A \u2013 1010 Viena<\/p>\n<h2>10. Caf\u00e9 Frauenhuber<\/h2>\n<blockquote data-instgrm-permalink=\"https:\/\/www.instagram.com\/p\/B0YMgt4ICZW\/?utm_source=ig_embed&amp;utm_campaign=loading\" data-instgrm-version=\"12\" style=\" background:#FFF; border:0; border-radius:3px; box-shadow:0 0 1px 0 rgba(0,0,0,0.5),0 1px 10px 0 rgba(0,0,0,0.15); margin: 1px; max-width:750px; min-width:326px; padding:0; width:99.375%; width:-webkit-calc(100% - 2px); width:calc(100% - 2px);\"><p> <a href=\"https:\/\/www.instagram.com\/p\/B0YMgt4ICZW\/?utm_source=ig_embed&amp;utm_campaign=loading\" style=\" background:#FFFFFF; line-height:0; padding:0 0; text-align:center; text-decoration:none; width:100%;\" target=\"_blank\" rel=\"noopener\">       Bu g\u00f6nderiyi Instagram&#8217;da g\u00f6r            <\/a><\/p>\n<p style=\" color:#c9c8cd; font-family:Arial,sans-serif; font-size:14px; line-height:17px; margin-bottom:0; margin-top:8px; overflow:hidden; padding:8px 0 7px; text-align:center; text-overflow:ellipsis; white-space:nowrap;\"><a href=\"https:\/\/www.instagram.com\/p\/B0YMgt4ICZW\/?utm_source=ig_embed&amp;utm_campaign=loading\" style=\" color:#c9c8cd; font-family:Arial,sans-serif; font-size:14px; font-style:normal; font-weight:normal; line-height:17px; text-decoration:none;\" target=\"_blank\" rel=\"noopener\">Caf\u00e9 Frauenhuber (@cafefrauenhuber)&#8217;in payla\u015ft\u0131\u011f\u0131 bir g\u00f6nderi<\/a> (26 de noviembre de 2019, 4:19 PDT)<\/p>\n<\/blockquote>\n<p>[tcb-script async=\u00bb\u00bb src=\u00bb\/\/www.instagram.com\/embed.js\u00bb][\/tcb-script]<\/p>\n<p>El edificio en que se encuentra la cafeter\u00eda tradicional Frauenhuber data de 1746. Wolfgang Amadeus Mozart y Ludwig van Beethoven tocaron personalmente m\u00fasica de mesa para los invitados aqu\u00ed en noviembre de 1788.<\/p>\n<p>El caf\u00e9 se ha administrado bajo el nombre de Frauenhuber desde 1891. Es uno de los m\u00e1s antiguos de su tipo en Viena y se considera que es el caf\u00e9 m\u00e1s antiguo que todav\u00eda funciona continuamente como una cafeter\u00eda vienesa. En verano, las sillas se instalan frente a la cafeter\u00eda.<\/p>\n<p><strong>Direcci\u00f3n:<\/strong> Himmelpfortgasse 6, A \u2013 1010 Viena<\/p>\n<p style=\"text-align: center;\"><a href=\"https:\/\/www.google.com\/maps\/d\/u\/1\/viewer?hl=en&amp;mid=1nEyFn-tVC2RuDvKwVGR22nYcsTgnledX&amp;ll=48.20569008490316%2C16.367441250000006&amp;z=16\" target=\"_blank\" rel=\"noopener\">(enlace al mapa)<\/a><\/p>\n","protected":false},"excerpt":{"rendered":"<p>La cultura del caf\u00e9 vien\u00e9s es parte del Patrimonio Mundial de la UNESCO. Aqu\u00ed hay una lista de cafeter\u00edas vienesas tradicionales, con caf\u00e9 y comida t\u00edpica de Viena. Nuestra recomendaci\u00f3n es un Wiener Melange, un Einsp\u00e4nner o un Franziskaner para beber. Esto incluye una tarta Sacher, strudel de manzana o Kaiserschmarrn.&nbsp; 1. Caf\u00e9 Sacher [tcb-script [&hellip;]<\/p>\n","protected":false},"author":17,"featured_media":2278,"parent":1467,"menu_order":0,"comment_status":"closed","ping_status":"closed","template":"","meta":{"footnotes":""},"tags":[],"class_list":["post-1262","page","type-page","status-publish","has-post-thumbnail","hentry","post-wrapper","thrv_wrapper"],"_links":{"self":[{"href":"https:\/\/viennatouristinformation.com\/es\/wp-json\/wp\/v2\/pages\/1262","targetHints":{"allow":["GET"]}}],"collection":[{"href":"https:\/\/viennatouristinformation.com\/es\/wp-json\/wp\/v2\/pages"}],"about":[{"href":"https:\/\/viennatouristinformation.com\/es\/wp-json\/wp\/v2\/types\/page"}],"author":[{"embeddable":true,"href":"https:\/\/viennatouristinformation.com\/es\/wp-json\/wp\/v2\/users\/17"}],"replies":[{"embeddable":true,"href":"https:\/\/viennatouristinformation.com\/es\/wp-json\/wp\/v2\/comments?post=1262"}],"version-history":[{"count":0,"href":"https:\/\/viennatouristinformation.com\/es\/wp-json\/wp\/v2\/pages\/1262\/revisions"}],"up":[{"embeddable":true,"href":"https:\/\/viennatouristinformation.com\/es\/wp-json\/wp\/v2\/pages\/1467"}],"wp:featuredmedia":[{"embeddable":true,"href":"https:\/\/viennatouristinformation.com\/es\/wp-json\/wp\/v2\/media\/2278"}],"wp:attachment":[{"href":"https:\/\/viennatouristinformation.com\/es\/wp-json\/wp\/v2\/media?parent=1262"}],"wp:term":[{"taxonomy":"post_tag","embeddable":true,"href":"https:\/\/viennatouristinformation.com\/es\/wp-json\/wp\/v2\/tags?post=1262"}],"curies":[{"name":"wp","href":"https:\/\/api.w.org\/{rel}","templated":true}]}}