{"id":1276,"date":"2020-07-29T20:13:41","date_gmt":"2020-07-29T18:13:41","guid":{"rendered":"http:\/\/viennatouristinformation.com\/es\/?page_id=1276"},"modified":"2023-06-13T13:27:56","modified_gmt":"2023-06-13T11:27:56","slug":"aparcamiento-disuasorio","status":"publish","type":"page","link":"https:\/\/viennatouristinformation.com\/es\/plan\/llegar\/aparcamiento-disuasorio\/","title":{"rendered":"Park and Ride\u00a0en Viena: Gu\u00eda completa de los parques"},"content":{"rendered":"<h2 id=\"t-1670064628519\" data-hide=\"true\">Hay tan pocas plazas de aparcamiento como lugares de inter\u00e9s en Viena.<\/h2>\n<p style=\"\">Para que pueda encontrar un asiento f\u00e1cilmente, hemos creado la siguiente descripci\u00f3n general para .<\/p>\n<p style=\"\">\u200b<\/p>\n<p><strong>Otros art\u00edculos recomendados:<\/strong><\/p>\n<ul>\n<li><a href=\"https:\/\/viennatouristinformation.com\/es\/cosas-que-hacer\/10-mejores\/\">Las 10 mejores cosas que hacer en Viena<\/a><\/li>\n<li><a href=\"https:\/\/viennatouristinformation.com\/es\/hoteles\/\">Los hoteles mejor recomendados en Viena<\/a><\/li>\n<li><a href=\"https:\/\/viennatouristinformation.com\/es\/cosas-que-hacer\/atracciones\/\">Atracciones excepcionales en Viena<\/a><\/li>\n<li><a href=\"https:\/\/viennatouristinformation.com\/es\/comida\/\" style=\"outline: none;\">Los mejores restaurantes de Viena<\/a><\/li>\n<li><a href=\"https:\/\/viennatouristinformation.com\/es\/compras\/\">Compras en Viena<\/a><\/li>\n<li><a href=\"https:\/\/viennatouristinformation.com\/es\/plan\/transporte-publico\/\" style=\"outline: none;\">Transporte p\u00fablico en Viena<\/a><\/li>\n<\/ul>\n<h2 id=\"t-1670064628520\" style=\"\">Aparcamientos Park and Ride (abiertos 24 horas)<\/h2>\n<p><span><img decoding=\"async\" alt=\"\" data-id=\"4153\" width=\"702\" data-init-width=\"1000\" height=\"473\" data-init-height=\"674\" title=\"Panorama,?f,Vienna.,Austria\" loading=\"lazy\" src=\"\/\/viennatouristinformation.com\/es\/wp-content\/uploads\/2022\/12\/park-and-ride-vienna-Austria2.jpg\" data-width=\"702\" data-height=\"473\" data-pin-media=\"https:\/\/viennatouristinformation.com\/es\/wp-content\/uploads\/2021\/02\/prag_50_sehenswuerdigkeiten_pinterest-7.jpg\" data-pin-description=\"Park and Ride in Wien\" data-pin-url=\"https:\/\/viennatouristinformation.com\/es\/plan\/llegar\/aparcamiento-disuasorio\/?tve=true&amp;tcbf=712562d2ea\" data-pinpro-key=\"6no11vlgn\" style=\"aspect-ratio: auto 1000 \/ 674;\"><\/span><\/p>\n<p>En las afueras de Viena hay instalaciones de Park &amp; Ride que est\u00e1n abiertas las 24 horas.<\/p>\n<p>Est\u00e1 conectado con todos los distritos de Viena por transporte p\u00fablico.<\/p>\n<h2 id=\"t-1670064628521\" style=\"\">Estos incluyen los siguientes garajes Park &amp; Ride:<\/h2>\n<ul>\n<li style=\"\">3er distrito: Erdberg (U3)<\/li>\n<\/ul>\n<ul>\n<li style=\"\">9. Bezirk: Spittelau (U4\/U6)<\/li>\n<\/ul>\n<ul>\n<li style=\"\">Distrito 14: H\u00fctteldorf (U4) (final de Westautobahn, viniendo de Salzburgo y Alemania)<\/li>\n<\/ul>\n<ul>\n<li style=\"\">Distrito 16: Ottakring (U3)<\/li>\n<\/ul>\n<ul>\n<li style=\"\">Distrito 21: Aderklaaer Strasse (U1)<\/li>\n<\/ul>\n<ul>\n<li style=\"\">Distrito 21: Leopoldau (U1)<\/li>\n<\/ul>\n<ul>\n<li style=\"\">Distrito 22: Donaustadtbr\u00fccke (U2)<\/li>\n<\/ul>\n<ul>\n<li style=\"\">Distrito 23: Siebenhirten (U6)<\/li>\n<\/ul>\n<ul>\n<li style=\"\">Distrito 23: mentira (S1)<\/li>\n<\/ul>\n<ul>\n<li style=\"\">23. Bezirk: Perfektastra\u00dfe (U6)<\/li>\n<\/ul>\n<h2 id=\"t-1670064628522\" style=\"\">Aparcamientos en el centro de la ciudad (abiertos las 24 horas)<\/h2>\n<p>Hay aparcamientos de pago de varios pisos por toda la ciudad, muchos de los cuales est\u00e1n cerca de estaciones de tren, atracciones tur\u00edsticas o centros comerciales. Los precios comienzan en 2,00 euros la hora y pueden subir hasta los 4,80 euros la hora.<\/p>\n<p style=\"\">Estos estacionamientos en el centro de la ciudad est\u00e1n abiertos las 24 horas:<\/p>\n<ul>\n<li style=\"\">Distrito 1: Freyung<\/li>\n<\/ul>\n<ul>\n<li style=\"\">1. Bezirk: Weihburggasse<\/li>\n<\/ul>\n<ul>\n<li style=\"\">Distrito 1: Am Morzinplatz (Franz-Josefs-Kai)<\/li>\n<\/ul>\n<ul>\n<li style=\"\">Distrito 1: Parque del Ayuntamiento (Ring \/ Stadiongasse)<\/li>\n<\/ul>\n<ul>\n<li style=\"\">Distrito 1: Operngarage (K\u00e4rntner Stra\u00dfe 51)<\/li>\n<\/ul>\n<ul>\n<li style=\"\">Distrito 1: Am Hof<\/li>\n<\/ul>\n<ul>\n<li style=\"\">Distrito 1: Beethovenplatz 3<\/li>\n<\/ul>\n<ul>\n<li style=\"\">Distrito 1: Cobdengasse 2<\/li>\n<\/ul>\n<ul>\n<li style=\"\">3er distrito: Landstrasser Hauptstrasse \/ Seidlgasse<\/li>\n<\/ul>\n<ul>\n<li style=\"\">Distrito 4: S\u00fcdbahnhof (Wiedner Guertel)<\/li>\n<\/ul>\n<ul>\n<li style=\"\">Distrito 5: Am Hundsturm 1<\/li>\n<\/ul>\n<ul>\n<li style=\"\">6. Bezirk: Windm\u00fchlgasse 22 \u2013 24<\/li>\n<\/ul>\n<ul>\n<li style=\"\">Distrito 7: Stiftgasse 5 &#8211; 9<\/li>\n<\/ul>\n<ul>\n<li style=\"\">Distrito 8: Trautsongasse 4<\/li>\n<\/ul>\n<ul>\n<li style=\"\">Distrito 9: W\u00e4hringer Gurtel 18 &#8211; 20<\/li>\n<\/ul>\n<ul>\n<li style=\"\">Distrito 15: Westbahnhof (Felberstrasse)<\/li>\n<\/ul>\n<ul>\n<li style=\"\">20. Bezirk: Wehlistra\u00dfe 23<\/li>\n<\/ul>\n<h2 id=\"t-1670064628523\" style=\"\">Mapa con m\u00e1s estacionamientos<\/h2>\n<h2 id=\"t-1670064628524\">Costo de Park and Ride en Viena<\/h2>\n<ul>\n<li style=\"\">Billete horario: desde 1,20 euros<\/li>\n<\/ul>\n<ul>\n<li style=\"\">Entrada de d\u00eda: desde 3,60 euros<\/li>\n<\/ul>\n<ul>\n<li style=\"\">Abono de semana: desde 18,30 euros<\/li>\n<\/ul>\n<ul>\n<li style=\"\">Abono mensual: desde 67,90 euros<\/li>\n<\/ul>\n<p>Los precios exactos dependen del estacionamiento elegido en Viena.<\/p>\n<h2 id=\"t-1670064628525\" style=\"\">Billetes de transporte p\u00fablico<\/h2>\n<p><span><img decoding=\"async\" alt=\"\" data-id=\"4151\" width=\"898\" data-init-width=\"1000\" height=\"599\" data-init-height=\"667\" title=\"Subway,Across,Water,Channel,With,Zollamtssteg,Bridge,In,Vienna\" loading=\"lazy\" src=\"\/\/viennatouristinformation.com\/es\/wp-content\/uploads\/2022\/12\/park-and-ride-vienna-Austria.jpg\" data-width=\"898\" data-height=\"599\" data-pin-media=\"https:\/\/viennatouristinformation.com\/es\/wp-content\/uploads\/2021\/02\/prag_50_sehenswuerdigkeiten_pinterest-7.jpg\" data-pin-description=\"Park and Ride in Wien\" data-pin-url=\"https:\/\/viennatouristinformation.com\/es\/plan\/llegar\/aparcamiento-disuasorio\/?tve=true&amp;tcbf=712562d2ea\" data-pinpro-key=\"alyh1bl22\" style=\"aspect-ratio: auto 1000 \/ 667;\"><\/span><\/p>\n<p>El <strong>billete sencillo \u00ab1 viaje VIENA<\/strong> \u00bb es v\u00e1lido para cualquier longitud de viaje en una direcci\u00f3n despu\u00e9s de la validaci\u00f3n y cuesta alrededor de 2,60 euros. Puedes cambiar de tren tantas veces como quieras, pero no debes interrumpir el viaje.<\/p>\n<p>Un <strong>billete de 24, 48 o 72 horas<\/strong> se puede utilizar exactamente durante el n\u00famero de horas especificado despu\u00e9s de la validaci\u00f3n.<\/p>\n<p>El billete de la red <strong>Vienna City Card<\/strong> , que tambi\u00e9n es v\u00e1lido durante 24, 48 o 72 horas, ofrece no solo el uso del transporte p\u00fablico, sino tambi\u00e9n entradas reducidas a museos y lugares de inter\u00e9s, teatros y conciertos, tiendas, cafeter\u00edas, restaurantes y Heurigen. El aparcamiento tambi\u00e9n tiene descuento con la Vienna City Card.<\/p>\n<p>Hay m\u00e1s en nuestra <a href=\"https:\/\/viennatouristinformation.com\/es\/plan\/transporte-publico\/\" style=\"outline: none;\">descripci\u00f3n general del transporte p\u00fablico en Viena<\/a> .<\/p>\n<h2 id=\"t-1670064628526\">Zonas de estacionamiento de corto plazo en Viena<\/h2>\n<p>Hay una amplia zona de estacionamiento a corto plazo en 19 distritos de Viena. All\u00ed el tiempo de estacionamiento es limitado, hay que pagar el estacionamiento y se necesita un ticket de estacionamiento (a partir de 1,10 euros la media hora) o una calcoman\u00eda de estacionamiento emitida por la ciudad, pero esto solo se aplica a los residentes del distrito respectivo.<\/p>\n<p>El estacionamiento en las zonas de estacionamiento de corto plazo suele ser gratuito los fines de semana.<\/p>\n<p>Por favor revise cuidadosamente las se\u00f1ales de tr\u00e1fico en el sitio.<\/p>\n<h2 id=\"t-1670064628527\">Venta de boletos de estacionamiento<\/h2>\n<p>Se puede comprar un ticket de aparcamiento en estancos, gasolineras, m\u00e1quinas expendedoras de cigarrillos, oficinas de correos, m\u00e1quinas expendedoras de billetes en todas las estaciones de metro de Viena, as\u00ed como en la caja principal de la ciudad y en todas las cajas de la ciudad.<\/p>\n<p>Algunas tiendas y hoteles tambi\u00e9n venden multas de estacionamiento.<\/p>\n<h2 id=\"t-1670064628528\">Validaci\u00f3n de boletos de estacionamiento<\/h2>\n<p>El ticket de aparcamiento adquirido debe validarse rellenando los apartados de mes, d\u00eda, hora, minuto y a\u00f1o y debe pegarse en el interior detr\u00e1s del parabrisas en un lugar bien visible.<\/p>\n<p>Si por error rellena el ticket de aparcamiento de forma incorrecta, debe tirarlo. No se permite la correcci\u00f3n.<\/p>\n<h2 id=\"t-1670064628529\">Aplicaciones pr\u00e1cticas<\/h2>\n<p>Las aplicaciones para tel\u00e9fonos m\u00f3viles como Park Now o Parkingplacesearch.at encuentran la pr\u00f3xima plaza de aparcamiento gratuita, le muestran c\u00f3mo llegar utilizando navegaci\u00f3n real y le informan con antelaci\u00f3n sobre los costes.<\/p>\n<p>En muchos casos, tambi\u00e9n es posible el pago por tel\u00e9fono m\u00f3vil, por ejemplo, con la aplicaci\u00f3n easypark.<\/p>\n<h2 id=\"t-1670064628530\">Estacionamiento gratis<\/h2>\n<p>El estacionamiento es gratuito fuera de las zonas de estacionamiento de corto plazo.<\/p>\n<p>Dado que las zonas de estacionamiento a corto plazo se aplican durante el d\u00eda, es posible estacionar gratis durante la noche de 22:00 a 09:00 y los fines de semana las 24 horas. Sin embargo, aseg\u00farese de observar las normas de estacionamiento los s\u00e1bados en las calles principales y comerciales.<\/p>\n<p>Adem\u00e1s, se puede aparcar de forma gratuita en los distritos 13 y 21 a 23.<\/p>\n<h2 id=\"t-1670064628531\">M\u00e1s garajes en Viena<\/h2>\n<p>APCOA PARKING Austria GmbH y WIPARK Garagen GmbH, fundadas en 1960, son otros operadores de garajes en Viena.<\/p>\n<p>Las ubicaciones de los espacios de estacionamiento se pueden encontrar en los sitios web relevantes o en la aplicaci\u00f3n de tel\u00e9fono m\u00f3vil.<\/p>\n<h2 id=\"t-1670064628532\">remolcar<\/h2>\n<p>Si el autom\u00f3vil ha sido remolcado, el centro de informaci\u00f3n de la polic\u00eda puede llamar al +43 1 760 43 para obtener informaci\u00f3n.<\/p>\n<p>Los gastos de remolque comienzan en 270,00 euros.<\/p>\n<h3 style=\"\" id=\"t-1686571213368\"><strong>ART\u00cdCULOS RELACIONADOS<\/strong><\/h3>\n<p><a href=\"https:\/\/viennatouristinformation.com\/es\/plan\/llegar\/estacion-de-autobuses-vib\/\" dynamic-postlink=\"tcb_post_the_permalink\" data-shortcode-id=\"167\"><\/a><\/p>\n<h2 style=\"padding-top: 0px !important; margin-top: 0px !important; text-align: center;\" id=\"t-1686644082761\" data-hide=\"true\"><span data-shortcode=\"tcb_post_title\" data-shortcode-name=\"Post title\" data-extra_key=\"\" data-attr-link=\"1\" data-attr-target=\"0\" data-attr-rel=\"0\" data-option-inline=\"1\" data-attr-static-link=\"{&quot;className&quot;:&quot;&quot;,&quot;href&quot;:&quot;https:\/\/viennatouristinformation.com\/es\/plan\/llegar\/estacion-de-autobuses-vib\/&quot;,&quot;title&quot;:&quot;Estaci\u00f3n de autobuses de Viena: VIB Vienna International Bus Terminal&quot;,&quot;class&quot;:&quot;&quot;}\" data-attr-css=\"\"><a href=\"https:\/\/viennatouristinformation.com\/es\/plan\/llegar\/estacion-de-autobuses-vib\/\" title=\"Estaci\u00f3n de autobuses de Viena: VIB Vienna International Bus Terminal\" data-css=\"\">Estaci\u00f3n de autobuses de Viena: VIB Vienna International Bus Terminal<\/a><\/span><\/h2>\n<p><a href=\"https:\/\/viennatouristinformation.com\/es\/plan\/llegar\/estacion-central\/\" dynamic-postlink=\"tcb_post_the_permalink\" data-shortcode-id=\"167\"><\/a><\/p>\n<h2 style=\"padding-top: 0px !important; margin-top: 0px !important; text-align: center;\" id=\"t-1686644082761\" data-hide=\"true\"><span data-shortcode=\"tcb_post_title\" data-shortcode-name=\"Post title\" data-extra_key=\"\" data-attr-link=\"1\" data-attr-target=\"0\" data-attr-rel=\"0\" data-option-inline=\"1\" data-attr-static-link=\"{&quot;className&quot;:&quot;&quot;,&quot;href&quot;:&quot;https:\/\/viennatouristinformation.com\/es\/plan\/llegar\/estacion-de-autobuses-vib\/&quot;,&quot;title&quot;:&quot;Estaci\u00f3n de autobuses de Viena: VIB Vienna International Bus Terminal&quot;,&quot;class&quot;:&quot;&quot;}\" data-attr-css=\"\"><a href=\"https:\/\/viennatouristinformation.com\/es\/plan\/llegar\/estacion-central\/\" title=\"Gu\u00eda de la estaci\u00f3n central de Viena\" data-css=\"\">Gu\u00eda de la estaci\u00f3n central de Viena<\/a><\/span><\/h2>\n<p><a href=\"https:\/\/viennatouristinformation.com\/es\/plan\/llegar\/aparcamiento\/\" dynamic-postlink=\"tcb_post_the_permalink\" data-shortcode-id=\"167\"><\/a><\/p>\n<h2 style=\"padding-top: 0px !important; margin-top: 0px !important; text-align: center;\" id=\"t-1686644082761\" data-hide=\"true\"><span data-shortcode=\"tcb_post_title\" data-shortcode-name=\"Post title\" data-extra_key=\"\" data-attr-link=\"1\" data-attr-target=\"0\" data-attr-rel=\"0\" data-option-inline=\"1\" data-attr-static-link=\"{&quot;className&quot;:&quot;&quot;,&quot;href&quot;:&quot;https:\/\/viennatouristinformation.com\/es\/plan\/llegar\/estacion-de-autobuses-vib\/&quot;,&quot;title&quot;:&quot;Estaci\u00f3n de autobuses de Viena: VIB Vienna International Bus Terminal&quot;,&quot;class&quot;:&quot;&quot;}\" data-attr-css=\"\"><a href=\"https:\/\/viennatouristinformation.com\/es\/plan\/llegar\/aparcamiento\/\" title=\"Estacionamiento en Viena: Zonas, estacionamiento a corto plazo, garajes y multas de estacionamiento\" data-css=\"\">Estacionamiento en Viena: Zonas, estacionamiento a corto plazo, garajes y multas de estacionamiento<\/a><\/span><\/h2>\n<p><a href=\"https:\/\/viennatouristinformation.com\/es\/plan\/llegar\/taxi\/\" dynamic-postlink=\"tcb_post_the_permalink\" data-shortcode-id=\"167\"><\/a><\/p>\n<h2 style=\"padding-top: 0px !important; margin-top: 0px !important; text-align: center;\" id=\"t-1686644082761\" data-hide=\"true\"><span data-shortcode=\"tcb_post_title\" data-shortcode-name=\"Post title\" data-extra_key=\"\" data-attr-link=\"1\" data-attr-target=\"0\" data-attr-rel=\"0\" data-option-inline=\"1\" data-attr-static-link=\"{&quot;className&quot;:&quot;&quot;,&quot;href&quot;:&quot;https:\/\/viennatouristinformation.com\/es\/plan\/llegar\/estacion-de-autobuses-vib\/&quot;,&quot;title&quot;:&quot;Estaci\u00f3n de autobuses de Viena: VIB Vienna International Bus Terminal&quot;,&quot;class&quot;:&quot;&quot;}\" data-attr-css=\"\"><a href=\"https:\/\/viennatouristinformation.com\/es\/plan\/llegar\/taxi\/\" title=\"Taxi en Viena: Tarifa, n\u00fameros y preguntas frecuentes\" data-css=\"\">Taxi en Viena: Tarifa, n\u00fameros y preguntas frecuentes<\/a><\/span><\/h2>\n","protected":false},"excerpt":{"rendered":"<p>Hay tan pocas plazas de aparcamiento como lugares de inter\u00e9s en Viena. Para que pueda encontrar un asiento f\u00e1cilmente, hemos creado la siguiente descripci\u00f3n general para . \u200b Otros art\u00edculos recomendados: Las 10 mejores cosas que hacer en Viena Los hoteles mejor recomendados en Viena Atracciones excepcionales en Viena Los mejores restaurantes de Viena Compras [&hellip;]<\/p>\n","protected":false},"author":17,"featured_media":2212,"parent":1465,"menu_order":0,"comment_status":"closed","ping_status":"closed","template":"","meta":{"footnotes":""},"tags":[],"class_list":["post-1276","page","type-page","status-publish","has-post-thumbnail","hentry","post-wrapper","thrv_wrapper"],"_links":{"self":[{"href":"https:\/\/viennatouristinformation.com\/es\/wp-json\/wp\/v2\/pages\/1276","targetHints":{"allow":["GET"]}}],"collection":[{"href":"https:\/\/viennatouristinformation.com\/es\/wp-json\/wp\/v2\/pages"}],"about":[{"href":"https:\/\/viennatouristinformation.com\/es\/wp-json\/wp\/v2\/types\/page"}],"author":[{"embeddable":true,"href":"https:\/\/viennatouristinformation.com\/es\/wp-json\/wp\/v2\/users\/17"}],"replies":[{"embeddable":true,"href":"https:\/\/viennatouristinformation.com\/es\/wp-json\/wp\/v2\/comments?post=1276"}],"version-history":[{"count":0,"href":"https:\/\/viennatouristinformation.com\/es\/wp-json\/wp\/v2\/pages\/1276\/revisions"}],"up":[{"embeddable":true,"href":"https:\/\/viennatouristinformation.com\/es\/wp-json\/wp\/v2\/pages\/1465"}],"wp:featuredmedia":[{"embeddable":true,"href":"https:\/\/viennatouristinformation.com\/es\/wp-json\/wp\/v2\/media\/2212"}],"wp:attachment":[{"href":"https:\/\/viennatouristinformation.com\/es\/wp-json\/wp\/v2\/media?parent=1276"}],"wp:term":[{"taxonomy":"post_tag","embeddable":true,"href":"https:\/\/viennatouristinformation.com\/es\/wp-json\/wp\/v2\/tags?post=1276"}],"curies":[{"name":"wp","href":"https:\/\/api.w.org\/{rel}","templated":true}]}}