{"id":1327,"date":"2020-08-17T09:18:02","date_gmt":"2020-08-17T07:18:02","guid":{"rendered":"http:\/\/viennatouristinformation.com\/es\/?page_id=1327"},"modified":"2023-06-01T16:41:50","modified_gmt":"2023-06-01T14:41:50","slug":"catering","status":"publish","type":"page","link":"https:\/\/viennatouristinformation.com\/es\/viaje-en-grupo\/catering\/","title":{"rendered":"Catering para ferias, eventos y grandes celebraciones privadas en Viena"},"content":{"rendered":"<h1 style=\"\">Catering para ferias, eventos y grandes celebraciones privadas en Viena<\/h1>\n<p>Juntos planificamos el catering para su evento en Viena. Despu\u00e9s de la consulta, verificaremos sus deseos sin compromiso y le enviaremos una oferta.&nbsp;<\/p>\n<h2>\u00bfQu\u00e9 es posible en Viena?<\/h2>\n<p>Hay una amplia gama de opciones para su evento. Como parte de su catering, podemos organizar desde un buffet caliente, un men\u00fa o servicio en la mesa hasta bocadillos.<\/p>\n<p>Adem\u00e1s, podemos proporcionar el ambiente (por ejemplo, con sillas), el equipo (cuberter\u00eda, vajilla) y el personal de servicio.&nbsp;<\/p>\n<p>Puede traer sus propias bebidas o dejar que las organicemos para usted. Tambi\u00e9n tenemos un mezclador de c\u00f3cteles, podemos montar un sal\u00f3n de whisky, seleccionar un DJ, planificar m\u00fasica en vivo o un concierto de m\u00fasica cl\u00e1sica para usted.&nbsp;<\/p>\n<p>La reserva es posible para ferias comerciales, las instalaciones de su propia empresa o un lugar de evento reservado en Viena.&nbsp;<\/p>\n<p>Para un catering de alta calidad, trabajamos junto con los mejores restaurantes, pasteler\u00edas y chocolateros de Viena. Tambi\u00e9n nos complace organizar mezcladores de c\u00f3cteles o un sal\u00f3n de whisky e implementar solicitudes inusuales.&nbsp;<\/p>\n<p>La opci\u00f3n de preparar su buffet vegano, vegetariano, halal, kosher o bajo en carbohidratos tampoco es un problema para nuestro equipo competente, encontraremos el catering adecuado.&nbsp;<\/p>\n<p><strong>Informaci\u00f3n:<\/strong> Si lo solicita, enviaremos todo lo que quede del catering a una organizaci\u00f3n ben\u00e9fica local.&nbsp;<\/p>\n<h3>agencia de servicio completo<\/h3>\n<p>Nuestro servicio completo incluye toda la log\u00edstica, catering, hoteles, incentivos, int\u00e9rpretes, gu\u00edas tur\u00edsticos y restaurantes.&nbsp;<\/p>\n<p>Para la conclusi\u00f3n de su evento, nos complace organizar espect\u00e1culos. Para ello estamos en contacto con tragafuegos, domadores, adivinos, magos, DJs&#8230;<\/p>\n<ul>\n<li style=\"\"><span><strong>soporte las 24 horas<\/strong><\/span><\/li>\n<li style=\"\"><span><strong>Kosher, halal a vegano<\/strong><\/span><\/li>\n<li style=\"\"><span><strong>Programa de apoyo completo<\/strong><\/span><\/li>\n<\/ul>\n<h2 style=\"\">Preguntas frecuentes antes de reservar:<\/h2>\n<h2 style=\"text-align: center;\">Tenemos el catering adecuado<\/h2>\n<p style=\"text-align: center;\">Aqu\u00ed encontrar\u00e1s nuestras ofertas de catering para cada ocasi\u00f3n. Tambi\u00e9n nos complace transmitir deseos individuales para su evento en Viena.&nbsp;<\/p>\n<h3>1. Catering para eventos corporativos en Viena<\/h3>\n<p style=\"\">Nos complace encargarnos del catering de su evento de empresa y convertirlo en una experiencia duradera <em>&nbsp;<\/em>para sus propios empleados, invitados y visitantes del evento.&nbsp;<\/p>\n<p style=\"\">El catering se puede llevar a cabo en las instalaciones de su propia empresa, en Messe Wien o en otro lugar del evento en Viena. A petici\u00f3n, podemos encargarnos de todo el proceso, desde el catering hasta el traslado y el programa de apoyo.&nbsp;<\/p>\n<h3>2. Catering para ferias en Viena<\/h3>\n<p>\u00bfLe gustar\u00eda atender a sus propios empleados oa los visitantes del stand? Con nuestro catering para ferias inspirar\u00e1 tanto a su personal como a los visitantes de su stand.&nbsp;<\/p>\n<p>Los eventos feriales son una figura decorativa y Messe Wien es uno de los principales recintos feriales de Europa. Para una presentaci\u00f3n exitosa en la feria, en la Oficina de Informaci\u00f3n Tur\u00edstica de Viena ofrecemos el catering adecuado.&nbsp;<\/p>\n<p>Las ferias comerciales a menudo toman mucho tiempo. Nos encargamos de una hospitalidad adecuada para sus empleados. Los peque\u00f1os refrigerios son una excelente manera de relajarse en el stand.&nbsp;<\/p>\n<h3>3. Grandes eventos privados en Viena<\/h3>\n<p style=\"\">\u00bfBoda? 50 cumplea\u00f1os? \u00bfO est\u00e1s planeando otra gran fiesta privada?&nbsp;<\/p>\n<p style=\"\">Independientemente de la ocasi\u00f3n, la Oficina de Informaci\u00f3n Tur\u00edstica de Viena es su contacto competente para grandes eventos privados en Viena.&nbsp;<\/p>\n<p style=\"\">Tambi\u00e9n nos complace ayudar con toda la organizaci\u00f3n, desde el catering y la transferencia hasta el programa de apoyo.&nbsp;<\/p>\n<h2>Wir planen das passende Catering:<\/h2>\n<p>Gemeinsam mit unseren Spezialisten setzen wir Ihre Vorstellungen auf h\u00f6chstem Niveau in die Tat um und planen das passende Catering f\u00fcr Sie. W\u00e4hrend einer kostenlosen Erstberatung besprechen wir zusammen mit Ihnen Ihre individuellen W\u00fcnsche und senden innerhalb von 24 bis 48 Stunden ein auf Sie zugeschnittenes Angebot zu.&nbsp;<\/p>\n<p>Gerne stellen wir Ihnen bei Ihrem Event in Wien das komplette Leistungs\u00adspektrum zur Auswahl &#8211; dazu z\u00e4hlt das gesamte Rahmenprogramm.<\/p>\n<p>Das ist auch f\u00fcr Gro\u00dfveranstaltungen mit mehr als 1.000 Teilnehmern m\u00f6glich.&nbsp;<\/p>\n<p>Wir w\u00fcnschen Ihnen jetzt schon eine sch\u00f6ne Feier.&nbsp;<\/p>\n<h3>Catering integral:<\/h3>\n<ul>\n<li style=\"\"><span style=\"\"><strong>Soporte 24 horas:<\/strong> Las mismas personas de contacto desde la planificaci\u00f3n hasta la implementaci\u00f3n con soporte 24 horas, incluso de noche.&nbsp;<\/span><\/li>\n<li><span><strong>Kosher, halal a vegano:&nbsp;<\/strong> Tenemos socios de catering para todos los deseos.&nbsp;<\/span><\/li>\n<li><span><strong>Programa de apoyo completo:<\/strong> Todo es posible entre la sala de conferencias, el autob\u00fas y los incentivos.&nbsp;<\/span><\/li>\n<\/ul>\n<h2 style=\"text-align: center;\">Consulta inicial gratuita<\/h2>\n<p style=\"text-align: center;\">Nos encantar\u00eda hablar sobre sus expectativas. El contacto es posible por tel\u00e9fono al&nbsp; <span data-shortcode=\"thrive_global_fields\" data-shortcode-name=\"[Company] MICE Telefonnummer\" data-extra_key=\"1\" data-attr-id=\"19\" data-option-inline=\"1\">0043124567890<\/span> , correo electr\u00f3nico a <em>support@viennatouristinformation.com\/es<\/em> o formulario de contacto.&nbsp;<\/p>\n","protected":false},"excerpt":{"rendered":"<p>Catering para ferias, eventos y grandes celebraciones privadas en Viena Juntos planificamos el catering para su evento en Viena. Despu\u00e9s de la consulta, verificaremos sus deseos sin compromiso y le enviaremos una oferta.&nbsp; \u00bfQu\u00e9 es posible en Viena? Hay una amplia gama de opciones para su evento. Como parte de su catering, podemos organizar desde [&hellip;]<\/p>\n","protected":false},"author":3,"featured_media":2866,"parent":1352,"menu_order":0,"comment_status":"closed","ping_status":"closed","template":"","meta":{"footnotes":""},"tags":[],"class_list":["post-1327","page","type-page","status-publish","has-post-thumbnail","hentry","post-wrapper","thrv_wrapper"],"_links":{"self":[{"href":"https:\/\/viennatouristinformation.com\/es\/wp-json\/wp\/v2\/pages\/1327","targetHints":{"allow":["GET"]}}],"collection":[{"href":"https:\/\/viennatouristinformation.com\/es\/wp-json\/wp\/v2\/pages"}],"about":[{"href":"https:\/\/viennatouristinformation.com\/es\/wp-json\/wp\/v2\/types\/page"}],"author":[{"embeddable":true,"href":"https:\/\/viennatouristinformation.com\/es\/wp-json\/wp\/v2\/users\/3"}],"replies":[{"embeddable":true,"href":"https:\/\/viennatouristinformation.com\/es\/wp-json\/wp\/v2\/comments?post=1327"}],"version-history":[{"count":0,"href":"https:\/\/viennatouristinformation.com\/es\/wp-json\/wp\/v2\/pages\/1327\/revisions"}],"up":[{"embeddable":true,"href":"https:\/\/viennatouristinformation.com\/es\/wp-json\/wp\/v2\/pages\/1352"}],"wp:featuredmedia":[{"embeddable":true,"href":"https:\/\/viennatouristinformation.com\/es\/wp-json\/wp\/v2\/media\/2866"}],"wp:attachment":[{"href":"https:\/\/viennatouristinformation.com\/es\/wp-json\/wp\/v2\/media?parent=1327"}],"wp:term":[{"taxonomy":"post_tag","embeddable":true,"href":"https:\/\/viennatouristinformation.com\/es\/wp-json\/wp\/v2\/tags?post=1327"}],"curies":[{"name":"wp","href":"https:\/\/api.w.org\/{rel}","templated":true}]}}