{"id":1392,"date":"2020-08-18T07:15:31","date_gmt":"2020-08-18T05:15:31","guid":{"rendered":"http:\/\/viennatouristinformation.com\/es\/?page_id=1392"},"modified":"2023-06-01T16:44:55","modified_gmt":"2023-06-01T14:44:55","slug":"traslado-ejecutivo","status":"publish","type":"page","link":"https:\/\/viennatouristinformation.com\/es\/viaje-en-grupo\/traslado-ejecutivo\/","title":{"rendered":"Traslado ejecutivo, limusina y traslado VIP"},"content":{"rendered":"<h1>Traslado ejecutivo desde el aeropuerto internacional de Viena [VIE]&nbsp;<\/h1>\n<p>Servicio de limusina 24 horas con tarifas fijas en Viena.&nbsp;<\/p>\n<h2>Est\u00e1s en buenas manos con nosotros.<\/h2>\n<p>El trato a los empleados hace que las empresas se destaquen.<\/p>\n<p>Estaremos encantados de organizar un traslado para usted desde el Aeropuerto Internacional de Viena [VIE], un aeropuerto privado, la estaci\u00f3n de tren, larga distancia, servicio de negocios o una ubicaci\u00f3n seleccionada individualmente.<\/p>\n<p>Garantizar un proceso fluido es parte de la idea b\u00e1sica de nuestro servicio de limusina en Viena las 24 horas.<\/p>\n<p>Como agencia de servicio completo, Vienna Tourist Information se ve a s\u00ed misma como un socio competente para todos los asuntos relacionados con los viajes de negocios. Nos encargamos del traslado ejecutivo hasta el programa de apoyo con el hotel de conferencias.<\/p>\n<h3>Servicio personalizado, limusinas exclusivas&nbsp;<\/h3>\n<p>Nuestros <span>confiables&nbsp;<\/span> conductores lo recibir\u00e1n con traje y con un cartel con su nombre frente a la salida del aeropuerto.&nbsp;<\/p>\n<p style=\"\">\n<p>El conductor llevar\u00e1 su equipaje a nuestras limusinas equipadas con WiFi.&nbsp;<\/p>\n<ul>\n<li><span style=\"\"><strong><span style=\"\">Tarifas fijas<\/span><\/strong><strong><span style=\"\"><\/span><\/strong><strong><span style=\"\"><\/span><\/strong><\/span><\/li>\n<li style=\"\"><span style=\"\"><strong><span style=\"\">atenci\u00f3n al cliente las 24 horas<\/span><\/strong><\/span><\/li>\n<li style=\"\"><span style=\"\"><strong><span style=\"\"><\/span><\/strong><strong><span style=\"\">Transferencia confiable<\/span><\/strong><\/span><\/li>\n<\/ul>\n<h2>\u00bfQu\u00e9 necesito saber antes de reservar?<\/h2>\n<h2 style=\"text-align: center;\">nuestros bestsellers<\/h2>\n<p><a href=\"#\"><span><span>Instancia 1<\/span><\/span><\/a><\/p>\n<h5 style=\"\">furgoneta de negocios<\/h5>\n<p>&nbsp;<span><img decoding=\"async\" alt=\"furgoneta de negocios\" data-id=\"2919\" width=\"284\" data-init-width=\"1000\" height=\"189\" data-init-height=\"667\" title=\"furgoneta de negocios\" src=\"\/\/viennatouristinformation.com\/es\/wp-content\/uploads\/2020\/10\/Business-Van.jpg\" data-width=\"284\" data-height=\"189\" style=\"\" loading=\"lazy\" data-pin-media=\"https:\/\/viennatouristinformation.com\/es\/wp-content\/uploads\/2021\/02\/prag_juedisches_viertel_pinterest-4.jpg\" data-pin-description=\"Executive Transfer in Wien\" data-pin-url=\"https:\/\/viennatouristinformation.com\/es\/gruppenreisen\/executive-transfer\/?tve=true&amp;tcbf=4c614afe8e\"><\/span><\/p>\n<p><em>Grupo de negocios<\/em><\/p>\n<p>abdominales&nbsp;<\/p>\n<p>&nbsp;<\/p>\n<p>79,00 \u20ac<\/p>\n<ul>\n<li><span>24 horas al dia<\/span><\/li>\n<li><span>m\u00e1ximo 8 pasajeros<\/span><\/li>\n<li><span>m\u00e1ximo 10 maletas<\/span><\/li>\n<li><span>ventanas tintadas<\/span><\/li>\n<li><span>Distancia entre ejes extralarga<\/span><\/li>\n<\/ul>\n<h5 style=\"\">Mercedes Clase E<\/h5>\n<p><span><img decoding=\"async\" alt=\"mercedes e\" data-id=\"2921\" width=\"284\" data-init-width=\"1000\" height=\"189\" data-init-height=\"667\" title=\"mercedes e\" src=\"\/\/viennatouristinformation.com\/es\/wp-content\/uploads\/2020\/10\/Mercedes-E.jpg\" data-width=\"284\" data-height=\"189\" style=\"\" loading=\"lazy\" data-pin-media=\"https:\/\/viennatouristinformation.com\/es\/wp-content\/uploads\/2021\/02\/prag_juedisches_viertel_pinterest-4.jpg\" data-pin-description=\"Executive Transfer in Wien\" data-pin-url=\"https:\/\/viennatouristinformation.com\/es\/gruppenreisen\/executive-transfer\/?tve=true&amp;tcbf=4c614afe8e\"><\/span><\/p>\n<p><em>Clase de negocios<\/em><\/p>\n<p>abdominales&nbsp;<\/p>\n<p>&nbsp;<\/p>\n<p>79,00 \u20ac<\/p>\n<ul>\n<li><span>24 horas al dia<\/span><\/li>\n<li><span>m\u00e1ximo 4 pasajeros<\/span><\/li>\n<li><span>m\u00e1ximo 3 maletas<\/span><\/li>\n<li><span>ventanas tintadas<\/span><\/li>\n<li><span>4-matic, distancia entre ejes larga<\/span><\/li>\n<li><span>Climatizado<\/span><\/li>\n<\/ul>\n<h5 style=\"\">BMW serie 7<\/h5>\n<p><span><img decoding=\"async\" alt=\"SERIE 7 BMW\" data-id=\"2922\" width=\"284\" data-init-width=\"1000\" height=\"189\" data-init-height=\"667\" title=\"SERIE 7 BMW\" src=\"\/\/viennatouristinformation.com\/es\/wp-content\/uploads\/2020\/10\/7ER-BMW.jpg\" data-width=\"284\" data-height=\"189\" style=\"\" loading=\"lazy\" data-pin-media=\"https:\/\/viennatouristinformation.com\/es\/wp-content\/uploads\/2021\/02\/prag_juedisches_viertel_pinterest-4.jpg\" data-pin-description=\"Executive Transfer in Wien\" data-pin-url=\"https:\/\/viennatouristinformation.com\/es\/gruppenreisen\/executive-transfer\/?tve=true&amp;tcbf=4c614afe8e\"><\/span><\/p>\n<p><em>Primera clase<\/em><\/p>\n<p>abdominales<\/p>\n<p>99,00 \u20ac<\/p>\n<ul>\n<li><span>24 Stunden pro Tag<\/span><\/li>\n<li><span>m\u00e1ximo 4 pasajeros<\/span><\/li>\n<li><span>m\u00e1ximo 3 maletas<\/span><\/li>\n<li><span>ventanas tintadas<\/span><\/li>\n<li><span>Ejecutivo-Conductor-Pro<\/span><\/li>\n<\/ul>\n<h2 style=\"text-align: center;\">\u00bfQu\u00e9 tipos de transferencias son posibles?<\/h2>\n<p style=\"text-align: center;\">Desde limusinas hasta veh\u00edculos blindados y autobuses para grupos, tenemos el veh\u00edculo adecuado para sus prop\u00f3sitos. Muchos de nuestros conductores tambi\u00e9n trabajan como guardaespaldas.&nbsp;<\/p>\n<h3 style=\"\">1. Servicio de limusina<\/h3>\n<p style=\"\">Disponemos de limusinas exclusivas, desde Mercedes Clase E pasando por BMW Serie 5 hasta veh\u00edculos ecol\u00f3gicos con motor el\u00e9ctrico.<\/p>\n<p style=\"\">Ning\u00fan coche tiene m\u00e1s de tres a\u00f1os. Los veh\u00edculos est\u00e1n completamente equipados y tienen un color oscuro. Pueden ser conspicuos o reservados. Nos enfocamos completamente en sus deseos.<\/p>\n<h3 style=\"\">2. Veh\u00edculos blindados<\/h3>\n<p style=\"\">Trabajamos con conductores que tambi\u00e9n trabajan para el Parlamento de Austria en Viena.<\/p>\n<p style=\"\">Es posible la colocaci\u00f3n de veh\u00edculos con los est\u00e1ndares de seguridad adecuados y protecci\u00f3n personal adicional.&nbsp;<\/p>\n<h3 style=\"\">3. Autobuses exclusivos o furgoneta ejecutiva para grupos<\/h3>\n<p style=\"\">Para las delegaciones tambi\u00e9n podemos organizar un traslado de grupo con autobuses o minibuses exclusivos. Los colegas tambi\u00e9n pueden explorar Viena con nuestro exclusivo traslado en autob\u00fas.&nbsp;<\/p>\n<p style=\"\">Al elegir un autob\u00fas, nos enfocamos completamente en sus necesidades, por ejemplo, con vidrios polarizados y asientos de cuero.<\/p>\n<h2>Proceso sin complicaciones con experiencia VIP<\/h2>\n<p>Los VIP deben estar all\u00ed a tiempo.<\/p>\n<p>Este factor es indispensable para el buen funcionamiento de conferencias, eventos y congresos. Nuestros ch\u00f3feres experimentados en Viena tambi\u00e9n dan la m\u00e1xima prioridad a la puntualidad.<\/p>\n<p>&nbsp;<\/p>\n<p>Als Full-Service-Agentur k\u00fcmmern wir uns um den gesamten Ablauf in Wien. Bei uns k\u00f6nnen Sie Tagungen, Events und Gesch\u00e4ftsreisen mit einem Ansprechpartner vor Ort koordinieren. Der Flug ist versp\u00e4tet? Kein Problem. Wir verschieben das Catering, k\u00fcmmern uns um den Saal oder geplante Incentives.&nbsp;<\/p>\n<p>Selbstverst\u00e4ndlich ist auch die einzelne Buchung von Transfers und Limousinen-Services in Wien m\u00f6glich.<\/p>\n<p>Die Abrechnung der Fahrzeuge erfolgt mit einer festen Rate pro Stunde oder Tag. Exklusive Busse stehen f\u00fcr den Transfer von Gruppen und in der Stadt bereit.&nbsp;<\/p>\n<p>F\u00fcr spezielle Anfragen ist eine kostenlose Erstberatung mit Pr\u00fcfung der Anforderungen der erste Schritt.&nbsp;<\/p>\n<h3>Servicio completo de una sola fuente:<\/h3>\n<ul>\n<li style=\"\"><span style=\"\"><strong>24 Stunden Support:<\/strong> 24 Stunden erreichbare Hotline, zum Beispiel f\u00fcr den Fall, dass sich ein Flug versp\u00e4tet.<\/span><\/li>\n<li><span><strong>Aus einer Hand:<\/strong> Mit uns haben Sie in Wien nur einen Ansprechpartner, der sich um alle weiteren Schritte k\u00fcmmert. Die Tagung verschiebt sich? Der Flug kommt sp\u00e4ter an? Der Transfer ist fr\u00fcher notwendig? Kein Problem. Wir k\u00fcmmern uns darum.<\/span><\/li>\n<li><span><strong>Consulta inicial gratuita:<\/strong> \u00bfEst\u00e1 buscando un traslado de grupo especial en Viena o le gustar\u00eda una oferta completa para el manejo de eventos?<\/span><\/li>\n<\/ul>\n<h2 style=\"text-align: center;\">Consulta inicial gratuita<\/h2>\n<p style=\"text-align: center;\">Nos encantar\u00eda hablar sobre sus expectativas. El contacto es posible por tel\u00e9fono al&nbsp; <span data-shortcode=\"thrive_global_fields\" data-shortcode-name=\"[Company] MICE Telefonnummer\" data-extra_key=\"1\" data-attr-id=\"19\" data-option-inline=\"1\">0043124567890<\/span> , correo electr\u00f3nico a <em>support@viennatouristinformation.com\/es<\/em> o formulario de contacto.&nbsp;<\/p>\n","protected":false},"excerpt":{"rendered":"<p>Traslado ejecutivo desde el aeropuerto internacional de Viena [VIE]&nbsp; Servicio de limusina 24 horas con tarifas fijas en Viena.&nbsp; Est\u00e1s en buenas manos con nosotros. El trato a los empleados hace que las empresas se destaquen. Estaremos encantados de organizar un traslado para usted desde el Aeropuerto Internacional de Viena [VIE], un aeropuerto privado, la [&hellip;]<\/p>\n","protected":false},"author":3,"featured_media":2924,"parent":1352,"menu_order":0,"comment_status":"closed","ping_status":"closed","template":"","meta":{"footnotes":""},"tags":[],"class_list":["post-1392","page","type-page","status-publish","has-post-thumbnail","hentry","post-wrapper","thrv_wrapper"],"_links":{"self":[{"href":"https:\/\/viennatouristinformation.com\/es\/wp-json\/wp\/v2\/pages\/1392","targetHints":{"allow":["GET"]}}],"collection":[{"href":"https:\/\/viennatouristinformation.com\/es\/wp-json\/wp\/v2\/pages"}],"about":[{"href":"https:\/\/viennatouristinformation.com\/es\/wp-json\/wp\/v2\/types\/page"}],"author":[{"embeddable":true,"href":"https:\/\/viennatouristinformation.com\/es\/wp-json\/wp\/v2\/users\/3"}],"replies":[{"embeddable":true,"href":"https:\/\/viennatouristinformation.com\/es\/wp-json\/wp\/v2\/comments?post=1392"}],"version-history":[{"count":0,"href":"https:\/\/viennatouristinformation.com\/es\/wp-json\/wp\/v2\/pages\/1392\/revisions"}],"up":[{"embeddable":true,"href":"https:\/\/viennatouristinformation.com\/es\/wp-json\/wp\/v2\/pages\/1352"}],"wp:featuredmedia":[{"embeddable":true,"href":"https:\/\/viennatouristinformation.com\/es\/wp-json\/wp\/v2\/media\/2924"}],"wp:attachment":[{"href":"https:\/\/viennatouristinformation.com\/es\/wp-json\/wp\/v2\/media?parent=1392"}],"wp:term":[{"taxonomy":"post_tag","embeddable":true,"href":"https:\/\/viennatouristinformation.com\/es\/wp-json\/wp\/v2\/tags?post=1392"}],"curies":[{"name":"wp","href":"https:\/\/api.w.org\/{rel}","templated":true}]}}