{"id":1421,"date":"2020-08-18T11:36:42","date_gmt":"2020-08-18T09:36:42","guid":{"rendered":"http:\/\/viennatouristinformation.com\/es\/?page_id=1421"},"modified":"2023-06-01T16:44:25","modified_gmt":"2023-06-01T14:44:25","slug":"sala-de-reuniones","status":"publish","type":"page","link":"https:\/\/viennatouristinformation.com\/es\/viaje-en-grupo\/sala-de-reuniones\/","title":{"rendered":"Sala de reuniones, sala de conferencias y sala de reuniones"},"content":{"rendered":"<h1 style=\"\">Sala de conferencias de servicio completo, sala de conferencias o sala de reuniones en Viena<\/h1>\n<p>En Informaci\u00f3n tur\u00edstica de Viena le ayudamos a encontrar, reservar y ejecutar todo el programa de apoyo en Viena.<\/p>\n<h2>\u00bfCu\u00e1l es la ubicaci\u00f3n correcta en Viena?<\/h2>\n<p>Estaremos encantados de ofrecerle salas para grupos peque\u00f1os y eventos para m\u00e1s de 1000 participantes.<\/p>\n<p>Las salas se pueden utilizar para presentaciones, citas con clientes, cursos de formaci\u00f3n y similares. Ya sea una conferencia, un seminario o una presentaci\u00f3n de productos, encontraremos la sala adecuada para sus necesidades individuales.<\/p>\n<p>Previa solicitud, tambi\u00e9n podemos encargarnos de la reserva de servicio completo de salas de conferencias con todo el programa de apoyo.<\/p>\n<p>Es posible sentarse seg\u00fan las especificaciones. La tecnolog\u00eda est\u00e1ndar incluye rotafolios y conexiones para presentaciones. Las salas de conferencias especiales en hoteles de 5 estrellas tienen t\u00e9cnicos en el lugar con micr\u00f3fonos, la tecnolog\u00eda de presentaci\u00f3n y el curso del evento.<\/p>\n<p>En tiempos de distanciamiento social, tambi\u00e9n podemos conectar reuniones de equipo en l\u00ednea en diferentes ciudades. \u00bfSu empresa tiene oficinas en Viena, Par\u00eds y San Francisco? Sus equipos se re\u00fanen en el sitio y est\u00e1n conectados en l\u00ednea.&nbsp;<\/p>\n<h3>comida y catering<\/h3>\n<p>Como opci\u00f3n, se puede reservar una asignaci\u00f3n para comidas, por ejemplo, con desayuno y caf\u00e9 por la ma\u00f1ana, un buffet libre a la hora del almuerzo y un descanso para tomar caf\u00e9 por la tarde.<\/p>\n<p>El descorche no es un problema. \u00bfLe gustar\u00eda traer su propio vino, whisky o champ\u00e1n? Podemos encargarnos de eso.<\/p>\n<ul>\n<li style=\"\"><span><strong>soporte las 24 horas<\/strong><\/span><\/li>\n<li style=\"\"><span><strong>R\u00e9gimen todo incluido<\/strong><\/span><\/li>\n<li><span><strong>Liquidaci\u00f3n completa<\/strong><strong><\/strong><\/span><\/li>\n<\/ul>\n<h2 style=\"\">Preguntas frecuentes antes de reservar:<\/h2>\n<h2 style=\"text-align: center;\">Encontramos la habitaci\u00f3n adecuada para cada ocasi\u00f3n.<\/h2>\n<p style=\"text-align: center;\">Una gran selecci\u00f3n de salas de conferencias, conferencias y reuniones est\u00e1 disponible para su evento en Viena.<\/p>\n<h3 style=\"\">Primera sala de conferencias en Viena<\/h3>\n<p style=\"\">Las salas de conferencias est\u00e1n equipadas con los asientos deseados. Las salas suelen contener toda la tecnolog\u00eda necesaria para conferencias o similares.<\/p>\n<p style=\"\">A pedido, tambi\u00e9n podemos encargarnos del programa de apoyo, el catering en el lugar y los eventos del equipo despu\u00e9s o durante el evento.&nbsp;<\/p>\n<h3 style=\"\">Segunda sala de conferencias en Viena<\/h3>\n<p style=\"\">\u00bfEst\u00e1s buscando una sala de conferencias? Encontraremos la sala adecuada para usted, ya sea una presentaci\u00f3n de productos, invitando a empleados de diferentes pa\u00edses o un congreso.&nbsp;<\/p>\n<p style=\"\">Como agencia de servicio completo, tambi\u00e9n podemos encargarnos del apoyo de los participantes, la transferencia ejecutiva, los profesores en formaci\u00f3n, el catering y todo el programa de apoyo.<\/p>\n<h3 style=\"\">3. Sala de reuniones en Viena<\/h3>\n<p style=\"\">Para su reuni\u00f3n en Viena, tenemos las instalaciones adecuadas en las inmediaciones de todos los lugares importantes.<\/p>\n<p style=\"\">\u00bfLe gustar\u00eda organizar una reuni\u00f3n despu\u00e9s de una feria? \u00bfReservar un lugar para reuniones internas? \u00bfReunirse con sus representantes de ventas?<\/p>\n<p style=\"\">\u00bfO est\u00e1 planeando un incentivo, un evento de formaci\u00f3n de equipos o simplemente una reuni\u00f3n?<\/p>\n<p style=\"\">Te ayudaremos a encontrar la habitaci\u00f3n adecuada.<\/p>\n<h2>Consulta inicial gratuita y programa de apoyo<\/h2>\n<p style=\"\">Previa solicitud, en la Oficina de Informaci\u00f3n Tur\u00edstica de Viena no solo nos ocupamos de la soluci\u00f3n de habitaci\u00f3n adecuada, sino tambi\u00e9n de todo el programa de apoyo.<\/p>\n<p style=\"\">Ya sea el autob\u00fas al lugar, catering, hoteles, restaurantes, soporte de oradores, traslado ejecutivo, incentivos, int\u00e9rpretes para \u00e1reas especializadas o gu\u00edas tur\u00edsticos, con nuestro servicio completo cubrimos todas sus necesidades y deseos.<\/p>\n<p style=\"\">Nos complace organizar eventos de equipo en salas cerradas despu\u00e9s de la conferencia para relajarse.<\/p>\n<p style=\"\">Por supuesto, tambi\u00e9n es posible reservar salas de conferencias individuales, salas de conferencias y salas de reuniones.<\/p>\n<p style=\"\">Le deseamos una conferencia agradable y exitosa en Viena.<\/p>\n<h3>Sala de reuniones de servicio completo<\/h3>\n<ul>\n<li style=\"\"><span style=\"\"><strong>Un solo contacto:<\/strong> con nosotros puede planificar todo el programa de soporte desde una sola fuente.&nbsp;<\/span><\/li>\n<li><span><strong>Condiciones especiales:<\/strong> Con 22 a\u00f1os de experiencia, disfrutamos de condiciones especiales, conocimientos t\u00e9cnicos y numerosos contactos en Viena.&nbsp;<\/span><\/li>\n<li><span><strong>Soporte 24 horas:<\/strong> desde la consulta hasta la implementaci\u00f3n, tiene las mismas personas de contacto que lo atienden. Nuestro soporte est\u00e1 disponible las 24 horas.<\/span><\/li>\n<\/ul>\n<h2 style=\"text-align: center;\">Consulta inicial gratuita<\/h2>\n<p style=\"text-align: center;\">Nos encantar\u00eda hablar sobre sus expectativas. El contacto es posible por tel\u00e9fono al&nbsp; <span data-shortcode=\"thrive_global_fields\" data-shortcode-name=\"[Company] MICE Telefonnummer\" data-extra_key=\"1\" data-attr-id=\"19\" data-option-inline=\"1\">0043124567890<\/span> , correo electr\u00f3nico a <em>support@viennatouristinformation.com\/es<\/em> o formulario de contacto.&nbsp;<\/p>\n","protected":false},"excerpt":{"rendered":"<p>Sala de conferencias de servicio completo, sala de conferencias o sala de reuniones en Viena En Informaci\u00f3n tur\u00edstica de Viena le ayudamos a encontrar, reservar y ejecutar todo el programa de apoyo en Viena. \u00bfCu\u00e1l es la ubicaci\u00f3n correcta en Viena? Estaremos encantados de ofrecerle salas para grupos peque\u00f1os y eventos para m\u00e1s de 1000 [&hellip;]<\/p>\n","protected":false},"author":3,"featured_media":2887,"parent":1352,"menu_order":0,"comment_status":"closed","ping_status":"closed","template":"","meta":{"footnotes":""},"tags":[],"class_list":["post-1421","page","type-page","status-publish","has-post-thumbnail","hentry","post-wrapper","thrv_wrapper"],"_links":{"self":[{"href":"https:\/\/viennatouristinformation.com\/es\/wp-json\/wp\/v2\/pages\/1421","targetHints":{"allow":["GET"]}}],"collection":[{"href":"https:\/\/viennatouristinformation.com\/es\/wp-json\/wp\/v2\/pages"}],"about":[{"href":"https:\/\/viennatouristinformation.com\/es\/wp-json\/wp\/v2\/types\/page"}],"author":[{"embeddable":true,"href":"https:\/\/viennatouristinformation.com\/es\/wp-json\/wp\/v2\/users\/3"}],"replies":[{"embeddable":true,"href":"https:\/\/viennatouristinformation.com\/es\/wp-json\/wp\/v2\/comments?post=1421"}],"version-history":[{"count":0,"href":"https:\/\/viennatouristinformation.com\/es\/wp-json\/wp\/v2\/pages\/1421\/revisions"}],"up":[{"embeddable":true,"href":"https:\/\/viennatouristinformation.com\/es\/wp-json\/wp\/v2\/pages\/1352"}],"wp:featuredmedia":[{"embeddable":true,"href":"https:\/\/viennatouristinformation.com\/es\/wp-json\/wp\/v2\/media\/2887"}],"wp:attachment":[{"href":"https:\/\/viennatouristinformation.com\/es\/wp-json\/wp\/v2\/media?parent=1421"}],"wp:term":[{"taxonomy":"post_tag","embeddable":true,"href":"https:\/\/viennatouristinformation.com\/es\/wp-json\/wp\/v2\/tags?post=1421"}],"curies":[{"name":"wp","href":"https:\/\/api.w.org\/{rel}","templated":true}]}}