{"id":1438,"date":"2020-08-19T07:30:16","date_gmt":"2020-08-19T05:30:16","guid":{"rendered":"http:\/\/viennatouristinformation.com\/es\/?page_id=1438"},"modified":"2023-06-01T16:43:38","modified_gmt":"2023-06-01T14:43:38","slug":"interpretes","status":"publish","type":"page","link":"https:\/\/viennatouristinformation.com\/es\/viaje-en-grupo\/interpretes\/","title":{"rendered":"Int\u00e9rpretes, azafatas y gu\u00edas de la ciudad de Viena."},"content":{"rendered":"<h1>Int\u00e9rpretes, azafatas y gu\u00edas de la ciudad de Viena.<\/h1>\n<p>Mediaci\u00f3n de int\u00e9rpretes jurados, azafatas y gu\u00edas de ciudad en todos los idiomas.&nbsp;<\/p>\n<h2 id=\"t-1594219921958\">Int\u00e9rpretes con experiencia<\/h2>\n<p>Se requieren int\u00e9rpretes calificados con conocimientos especializados para eventos en los sectores tecnol\u00f3gico, farmac\u00e9utico e inform\u00e1tico.<\/p>\n<p>Para garantizar que su evento sea todo un \u00e9xito, ofrecemos apoyo ling\u00fc\u00edstico para \u00e1reas tem\u00e1ticas especiales con nuestros int\u00e9rpretes jurados con licencia en Viena. Tambi\u00e9n es posible la traducci\u00f3n simult\u00e1nea de eventos en vivo.<\/p>\n<p>Tambi\u00e9n nos complace organizar azafatas multiling\u00fces que pueden asumir peque\u00f1as tareas de servicio y traducci\u00f3n y pueden utilizarse, por ejemplo, en el stand de exhibici\u00f3n, el mostrador de recepci\u00f3n o durante eventos. Por favor, h\u00e1ganos saber sus idiomas preferidos.<\/p>\n<p>Tambi\u00e9n ofrecemos gu\u00edas multiling\u00fces de la ciudad que le brindan a usted y a sus invitados informaci\u00f3n interesante y an\u00e9cdotas sobre los lugares de inter\u00e9s de Viena. Las gu\u00edas de la ciudad tambi\u00e9n se pueden reservar con atractivas tarifas diarias. Esto le permite organizar sus eventos con flexibilidad.<\/p>\n<h3 id=\"t-1594219921959\">Expertos en todos los idiomas<\/h3>\n<p>\u00bfNecesita un int\u00e9rprete para \u00e1reas especializadas como ingenier\u00eda, farmacia o derecho?<\/p>\n<p>Trabajamos en Viena con int\u00e9rpretes autorizados locales para \u00e1reas especiales. Esto tambi\u00e9n incluye la traducci\u00f3n simult\u00e1nea de eventos, conferencias y eventos en vivo.<\/p>\n<ul>\n<li><span><strong>soporte las 24 horas<\/strong><\/span><\/li>\n<li><span><strong>Servicio completo de una sola fuente<\/strong><\/span><\/li>\n<li><span><strong>Consulta inicial gratuita<\/strong><\/span><\/li>\n<\/ul>\n<h2 style=\"text-align: center;\" id=\"t-1594219921960\">\u00bfQu\u00e9 int\u00e9rpretes puede proporcionar?<\/h2>\n<p>Se pueden contratar int\u00e9rpretes desde 50 \u20ac netos por hora m\u00e1s IVA. El precio depende de la calificaci\u00f3n, la especialidad y el idioma.<\/p>\n<h3 id=\"t-1594219921961\" style=\"\">1. Int\u00e9rpretes autorizados<\/h3>\n<p style=\"\">En Viena, trabajamos junto con int\u00e9rpretes jurados.&nbsp;<\/p>\n<h3 id=\"t-1594219921962\" style=\"\">2. \u00c1reas de especializaci\u00f3n<\/h3>\n<p style=\"\">El conocimiento experto es a menudo indispensable para la traducci\u00f3n de \u00e1reas especializadas, por ejemplo, en pol\u00edtica, tecnolog\u00eda y ciencia. Tambi\u00e9n tenemos los int\u00e9rpretes adecuados en nuestra base de datos para \u00e1reas de especializaci\u00f3n.<\/p>\n<h3 id=\"t-1594219921963\" style=\"\">3. Traducci\u00f3n simult\u00e1nea<\/h3>\n<p style=\"\">Tambi\u00e9n es posible contratar int\u00e9rpretes para la traducci\u00f3n de discursos, eventos de empresa y otros eventos en vivo.<\/p>\n<h2 id=\"t-1594219921965\">243 + int\u00e9rpretes<\/h2>\n<p>P\u00f3ngase en contacto con int\u00e9rpretes certificados y jurados en Viena con conocimientos especializados.&nbsp;<\/p>\n<h2 style=\"text-align: center;\" id=\"t-1594219921966\">\u00bfQu\u00e9 azafatas puedes proporcionar?<\/h2>\n<p style=\"text-align: center;\">La colocaci\u00f3n de azafatas es posible desde 25 \u20ac la hora m\u00e1s IVA en Viena y alrededores.<\/p>\n<h3 id=\"t-1594219921967\" style=\"\">1. Para ferias en Viena<\/h3>\n<p style=\"\">Nuestras azafatas ayudan como personal de servicio en la recepci\u00f3n de su stand de exposici\u00f3n y pueden asumir peque\u00f1as funciones de interpretaci\u00f3n.<\/p>\n<h3 id=\"t-1594219921968\" style=\"\">2. Eventos en Viena<\/h3>\n<p style=\"\">Las tareas cl\u00e1sicas de nuestras azafatas incluyen la recepci\u00f3n, saludo y asiento de los clientes. Esto tambi\u00e9n incluye el registro de invitados.<\/p>\n<h2 id=\"t-1594219921969\">Agencias seleccionadas&nbsp;<\/h2>\n<p>Trabajamos con las mejores agencias en Viena. Realiza aqu\u00ed tu solicitud de azafatas para eventos, ferias y eventos en Viena.&nbsp;<\/p>\n<h2 style=\"text-align: center;\" id=\"t-1594219921970\">Gu\u00edas de ciudades multiling\u00fces<\/h2>\n<p style=\"text-align: center;\">Se pueden contratar gu\u00edas multiling\u00fces de la ciudad desde 40 \u20ac la hora m\u00e1s IVA. El precio depende de los idiomas y el tema.<\/p>\n<h3 id=\"t-1594219921971\" style=\"\">1. Tours privados en Viena<\/h3>\n<p style=\"\">\u00bfLe gustar\u00eda inspirar a sus invitados con los aspectos m\u00e1s destacados de Viena o lugares escondidos fuera de los caminos trillados? Nuestras gu\u00edas de la ciudad aseguran una experiencia de Viena que ser\u00e1 recordada durante mucho tiempo.<\/p>\n<h3 id=\"t-1594219921972\" style=\"\">2. Viajes en grupo en Viena<\/h3>\n<p style=\"\">Despu\u00e9s de un d\u00eda en la feria, puede recompensar a sus colegas con un emocionante recorrido grupal en Viena. Por supuesto, los hu\u00e9spedes que haya invitado a Viena tambi\u00e9n pueden disfrutar de visitas guiadas con gu\u00edas autorizados de la ciudad. Como agencia de servicio completo, tambi\u00e9n nos complace organizar autobuses, restaurantes y ubicaciones.<\/p>\n<h2 id=\"t-1594219921973\">Gu\u00eda de la ciudad de Viena<\/h2>\n<p>Nuestros servicios incluyen la gesti\u00f3n de entradas, visitas guiadas y visitas guiadas para particulares y empresas.<\/p>\n<p>Estaremos encantados de seleccionar una gu\u00eda de ciudades que se adapte a sus prop\u00f3sitos y que tenga las \u00e1reas de especializaci\u00f3n y los conocimientos ling\u00fc\u00edsticos pertinentes.&nbsp;<\/p>\n<h2 id=\"t-1594219921974\">\u00bfQu\u00e9 necesito saber antes de reservar?<\/h2>\n<h2>Un idioma, una persona. Dos idiomas, dos personas.&nbsp;<\/h2>\n<p>El ingl\u00e9s es ahora el idioma comercial indiscutible.<\/p>\n<p>Las traducciones precisas son esenciales, especialmente para la traducci\u00f3n de \u00e1reas especializadas, por ejemplo, un congreso m\u00e9dico, asuntos legales y eventos pol\u00edticos.<\/p>\n<p>En situaciones importantes uno debe ser capaz de expresarse en su mejor idioma.<\/p>\n<p>La tarea de encontrar el idioma correcto la lleva a cabo un int\u00e9rprete competente, que tambi\u00e9n est\u00e1 feliz de prestar juramento con las \u00e1reas de especializaci\u00f3n apropiadas.&nbsp;<\/p>\n<p>Con la Informaci\u00f3n tur\u00edstica de Viena, el manejo de conferencias, eventos de empresa y eventos es posible desde una sola fuente. Si lo desea, existe una \u00fanica persona de contacto para los int\u00e9rpretes, azafatas y todo el programa de apoyo, que se encarga de todos los pasos posteriores y est\u00e1 disponible las 24 horas del d\u00eda.<\/p>\n<p>El primer paso es una consulta inicial gratuita para verificar los requisitos.&nbsp;<\/p>\n<h3>Procesamiento desde una sola fuente<\/h3>\n<ul>\n<li style=\"\"><span style=\"\"><strong>Soporte 24 horas:<\/strong> durante la planificaci\u00f3n, preparaci\u00f3n e implementaci\u00f3n de eventos en Viena.&nbsp;<\/span><\/li>\n<li><span><strong>De una sola fuente:<\/strong> Tramitaci\u00f3n completa con una sola persona de contacto, desde el hotel de la conferencia, int\u00e9rpretes hasta el programa de apoyo.&nbsp;<\/span><\/li>\n<li><span><strong>Consulta inicial gratuita:<\/strong> Primer contacto con asesoramiento sobre las ofertas, examen de las necesidades y las posibilidades en Viena. &nbsp;<\/span><\/li>\n<\/ul>\n<h2 style=\"text-align: center;\">Consulta inicial gratuita<\/h2>\n<p style=\"text-align: center;\">Nos encantar\u00eda hablar sobre sus expectativas. El contacto es posible por tel\u00e9fono al&nbsp; <span data-shortcode=\"thrive_global_fields\" data-shortcode-name=\"[Company] MICE Telefonnummer\" data-extra_key=\"1\" data-attr-id=\"19\" data-option-inline=\"1\">0043124567890<\/span> , correo electr\u00f3nico a <em>support@viennatouristinformation.com\/es<\/em> o formulario de contacto.&nbsp;<\/p>\n","protected":false},"excerpt":{"rendered":"<p>Int\u00e9rpretes, azafatas y gu\u00edas de la ciudad de Viena. Mediaci\u00f3n de int\u00e9rpretes jurados, azafatas y gu\u00edas de ciudad en todos los idiomas.&nbsp; Int\u00e9rpretes con experiencia Se requieren int\u00e9rpretes calificados con conocimientos especializados para eventos en los sectores tecnol\u00f3gico, farmac\u00e9utico e inform\u00e1tico. Para garantizar que su evento sea todo un \u00e9xito, ofrecemos apoyo ling\u00fc\u00edstico para \u00e1reas [&hellip;]<\/p>\n","protected":false},"author":3,"featured_media":2909,"parent":1352,"menu_order":0,"comment_status":"closed","ping_status":"closed","template":"","meta":{"footnotes":""},"tags":[],"class_list":["post-1438","page","type-page","status-publish","has-post-thumbnail","hentry","post-wrapper","thrv_wrapper"],"_links":{"self":[{"href":"https:\/\/viennatouristinformation.com\/es\/wp-json\/wp\/v2\/pages\/1438","targetHints":{"allow":["GET"]}}],"collection":[{"href":"https:\/\/viennatouristinformation.com\/es\/wp-json\/wp\/v2\/pages"}],"about":[{"href":"https:\/\/viennatouristinformation.com\/es\/wp-json\/wp\/v2\/types\/page"}],"author":[{"embeddable":true,"href":"https:\/\/viennatouristinformation.com\/es\/wp-json\/wp\/v2\/users\/3"}],"replies":[{"embeddable":true,"href":"https:\/\/viennatouristinformation.com\/es\/wp-json\/wp\/v2\/comments?post=1438"}],"version-history":[{"count":0,"href":"https:\/\/viennatouristinformation.com\/es\/wp-json\/wp\/v2\/pages\/1438\/revisions"}],"up":[{"embeddable":true,"href":"https:\/\/viennatouristinformation.com\/es\/wp-json\/wp\/v2\/pages\/1352"}],"wp:featuredmedia":[{"embeddable":true,"href":"https:\/\/viennatouristinformation.com\/es\/wp-json\/wp\/v2\/media\/2909"}],"wp:attachment":[{"href":"https:\/\/viennatouristinformation.com\/es\/wp-json\/wp\/v2\/media?parent=1438"}],"wp:term":[{"taxonomy":"post_tag","embeddable":true,"href":"https:\/\/viennatouristinformation.com\/es\/wp-json\/wp\/v2\/tags?post=1438"}],"curies":[{"name":"wp","href":"https:\/\/api.w.org\/{rel}","templated":true}]}}