{"id":1464,"date":"2020-09-07T14:10:52","date_gmt":"2020-09-07T12:10:52","guid":{"rendered":"http:\/\/viennatouristinformation.com\/es\/?page_id=1464"},"modified":"2023-06-13T11:09:03","modified_gmt":"2023-06-13T09:09:03","slug":"compras","status":"publish","type":"page","link":"https:\/\/viennatouristinformation.com\/es\/compras\/","title":{"rendered":"Gu\u00eda de compras de Viena"},"content":{"rendered":"<h1 style=\"\">Gu\u00eda de compras de Viena<\/h1>\n<p style=\"\">\u00bfD\u00f3nde y en qu\u00e9 puedo comprar?<\/p>\n<p style=\"\">Aqu\u00ed est\u00e1 nuestra lista de las mejores calles comerciales, centros comerciales y mercados de Viena.&nbsp;<\/p>\n<h2 id=\"t-1594796653444\" style=\"\">Consejos de compras<\/h2>\n<p>Viena es la metr\u00f3poli comercial de Austria. Grandes almacenes, calles comerciales, peque\u00f1as boutiques y mercados se dan cita aqu\u00ed.&nbsp;<\/p>\n<p>Todo est\u00e1 incluido entre ideas freaky, moda de dise\u00f1ador y marcas de lujo.&nbsp;<\/p>\n<p>La milla comercial Mariahilferstra\u00dfe, el centro comercial sur y el Naschmarkt son famosos. Las marcas de lujo se han instalado en el Barrio Dorado de Graben en el distrito 1, donde la K\u00e4rtnerstrasse tambi\u00e9n invita a ir de compras.&nbsp;<\/p>\n<p>El centro comercial Wien Mitte se encuentra cerca del centro. Peque\u00f1as boutiques venden moda individual en el distrito 7 de Neubau, especialmente alrededor de Spittelberg.&nbsp;<\/p>\n<p style=\"\">El Naschmarkt es famoso por sus puestos, cafeter\u00edas y restaurantes.&nbsp;<\/p>\n<h3 id=\"t-1594796653445\">Horario de apertura en Viena<\/h3>\n<p>Las tiendas en Viena generalmente abren de lunes a s\u00e1bado, el domingo es un d\u00eda libre. Los supermercados abren desde las 7:00 horas, las tiendas de moda desde las 9:00 horas. Los supermercados cierran a las 20:30 como muy tarde, a veces hasta las 19:00. Las tiendas normales cierran a las 20:00 como muy tarde.&nbsp;<\/p>\n<p><strong><span style=\"color: var(ca1c1);\">Fin de semana:&nbsp;<\/span><\/strong> los domingos en Viena solo est\u00e1n abiertos los supermercados en las estaciones de tren, el aeropuerto y el distrito 1.&nbsp;<\/p>\n<h2 style=\"text-align: center;\" id=\"t-1594796653446\">Lugares t\u00edpicos para ir de compras<\/h2>\n<p style=\"text-align: center;\">Resumen de las calles comerciales, centros comerciales y mercados.<\/p>\n<p><a href=\"https:\/\/viennatouristinformation.com\/es\/compras\/mercadillos-navidenos\/\" dynamic-postlink=\"tcb_post_the_permalink\" data-shortcode-id=\"241\"><\/a><\/p>\n<h3 style=\"text-align: center; padding-top: 0px !important; margin-top: 0px !important;\"><span data-attr-link=\"1\" data-attr-rel=\"0\" data-attr-target=\"0\" data-extra_key=\"\" data-option-inline=\"1\" data-shortcode=\"tcb_post_title\" data-shortcode-name=\"Post title\" data-attr-css=\"\" style=\"\" data-attr-static-link=\"{&quot;className&quot;:&quot;&quot;,&quot;href&quot;:&quot;https:\/\/viennatouristinformation.com\/es\/compras\/mercadillos-navidenos\/&quot;,&quot;title&quot;:&quot;10 Mercados navide\u00f1os m\u00e1s bonitos de Viena&quot;,&quot;class&quot;:&quot;&quot;}\"><a href=\"https:\/\/viennatouristinformation.com\/es\/compras\/mercadillos-navidenos\/\" title=\"10 Mercados navide\u00f1os m\u00e1s bonitos de Viena\" data-css=\"\">10 Mercados navide\u00f1os m\u00e1s bonitos de Viena<\/a><\/span><\/h3>\n<p>Viena es una ciudad de mercados navide\u00f1os. Puntualmente a partir <a href=\"https:\/\/viennatouristinformation.com\/es\/compras\/mercadillos-navidenos\/#more-1245\">&#8230;<\/a><\/p>\n<p><a href=\"https:\/\/viennatouristinformation.com\/es\/compras\/mercadillos-navidenos\/\"><span style=\"\"><span style=\"\"><strong>sigue leyendo<\/strong><\/span><\/span><\/a><a href=\"https:\/\/viennatouristinformation.com\/es\/compras\/mercado\/\" dynamic-postlink=\"tcb_post_the_permalink\" data-shortcode-id=\"241\"><\/a><\/p>\n<h3 style=\"text-align: center; padding-top: 0px !important; margin-top: 0px !important;\"><span data-attr-link=\"1\" data-attr-rel=\"0\" data-attr-target=\"0\" data-extra_key=\"\" data-option-inline=\"1\" data-shortcode=\"tcb_post_title\" data-shortcode-name=\"Post title\" data-attr-css=\"\" style=\"\" data-attr-static-link=\"{&quot;className&quot;:&quot;&quot;,&quot;href&quot;:&quot;https:\/\/viennatouristinformation.com\/es\/compras\/mercadillos-navidenos\/&quot;,&quot;title&quot;:&quot;10 Mercados navide\u00f1os m\u00e1s bonitos de Viena&quot;,&quot;class&quot;:&quot;&quot;}\"><a href=\"https:\/\/viennatouristinformation.com\/es\/compras\/mercado\/\" title=\"10 Mejores mercados de Viena [desde la comida hasta el mercadillo]\" data-css=\"\">10 Mejores mercados de Viena [desde la comida hasta el mercadillo]<\/a><\/span><\/h3>\n<p>En Viena, se celebran mercados de todo tipo en numerosos <a href=\"https:\/\/viennatouristinformation.com\/es\/compras\/mercado\/#more-225\">&#8230;<\/a><\/p>\n<p><a href=\"https:\/\/viennatouristinformation.com\/es\/compras\/mercado\/\"><span style=\"\"><span style=\"\"><strong>sigue leyendo<\/strong><\/span><\/span><\/a><a href=\"https:\/\/viennatouristinformation.com\/es\/compras\/centro-comercial\/\" dynamic-postlink=\"tcb_post_the_permalink\" data-shortcode-id=\"241\"><\/a><\/p>\n<h3 style=\"text-align: center; padding-top: 0px !important; margin-top: 0px !important;\"><span data-attr-link=\"1\" data-attr-rel=\"0\" data-attr-target=\"0\" data-extra_key=\"\" data-option-inline=\"1\" data-shortcode=\"tcb_post_title\" data-shortcode-name=\"Post title\" data-attr-css=\"\" style=\"\" data-attr-static-link=\"{&quot;className&quot;:&quot;&quot;,&quot;href&quot;:&quot;https:\/\/viennatouristinformation.com\/es\/compras\/mercadillos-navidenos\/&quot;,&quot;title&quot;:&quot;10 Mercados navide\u00f1os m\u00e1s bonitos de Viena&quot;,&quot;class&quot;:&quot;&quot;}\"><a href=\"https:\/\/viennatouristinformation.com\/es\/compras\/centro-comercial\/\" title=\"10 Mejores centros comerciales de Viena\" data-css=\"\">10 Mejores centros comerciales de Viena<\/a><\/span><\/h3>\n<p>Hay m\u00e1s de 35 centros comerciales en Viena. Marcas internacionales <a href=\"https:\/\/viennatouristinformation.com\/es\/compras\/centro-comercial\/#more-241\">&#8230;<\/a><\/p>\n<p><a href=\"https:\/\/viennatouristinformation.com\/es\/compras\/centro-comercial\/\"><span style=\"\"><span style=\"\"><strong>sigue leyendo<\/strong><\/span><\/span><\/a><a href=\"https:\/\/viennatouristinformation.com\/es\/compras\/calles-comerciales\/\" dynamic-postlink=\"tcb_post_the_permalink\" data-shortcode-id=\"241\"><\/a><\/p>\n<h3 style=\"text-align: center; padding-top: 0px !important; margin-top: 0px !important;\"><span data-attr-link=\"1\" data-attr-rel=\"0\" data-attr-target=\"0\" data-extra_key=\"\" data-option-inline=\"1\" data-shortcode=\"tcb_post_title\" data-shortcode-name=\"Post title\" data-attr-css=\"\" style=\"\" data-attr-static-link=\"{&quot;className&quot;:&quot;&quot;,&quot;href&quot;:&quot;https:\/\/viennatouristinformation.com\/es\/compras\/mercadillos-navidenos\/&quot;,&quot;title&quot;:&quot;10 Mercados navide\u00f1os m\u00e1s bonitos de Viena&quot;,&quot;class&quot;:&quot;&quot;}\"><a href=\"https:\/\/viennatouristinformation.com\/es\/compras\/calles-comerciales\/\" title=\"10 Mejores calles comerciales de Viena\" data-css=\"\">10 Mejores calles comerciales de Viena<\/a><\/span><\/h3>\n<p>Las calles comerciales recorren todos los distritos de Viena. Aqu\u00ed <a href=\"https:\/\/viennatouristinformation.com\/es\/compras\/calles-comerciales\/#more-238\">&#8230;<\/a><\/p>\n<p><a href=\"https:\/\/viennatouristinformation.com\/es\/compras\/calles-comerciales\/\"><span style=\"\"><span style=\"\"><strong>sigue leyendo<\/strong><\/span><\/span><\/a><a href=\"javascript:void(0)\"><span style=\"\"><span style=\"\">Load More<\/span><\/span><\/a><\/p>\n<h2 style=\"text-align: center; font-size: 34px !important;\">Recuerdos de Viena<\/h2>\n<p style=\"text-align: center;\">\u00bfQu\u00e9 puedo llevarme a casa desde Viena?<\/p>\n<h3 id=\"t-1594796653443\" style=\"\"><span data-attr-css=\"tve-u-1735135c571\" data-attr-link=\"1\" data-attr-rel=\"0\" data-attr-target=\"0\" data-extra_key=\"\" data-option-inline=\"1\" data-shortcode=\"tcb_post_title\" data-shortcode-name=\"Post title\" data-attr-static-link=\"{&quot;className&quot;:&quot;&quot;,&quot;href&quot;:&quot;https:\/\/viennatouristinformation.com\/es\/compras\/recuerdos\/&quot;,&quot;title&quot;:&quot;16 Recuerdos de Viena&quot;,&quot;data-css&quot;:&quot;tve-u-1735135c571&quot;,&quot;class&quot;:&quot;&quot;}\" style=\"\"><a href=\"https:\/\/viennatouristinformation.com\/es\/compras\/recuerdos\/\" title=\"16 Recuerdos de Viena\">16 Recuerdos de Viena<\/a><\/span><\/h3>\n<p><a href=\"javascript:void(0)\"><span style=\"\"><span style=\"\">Load More<\/span><\/span><\/a><\/p>\n<h2 style=\"text-align: center; font-size: 34px !important;\" id=\"t-1594796653442\">Lugares conocidos para ir de compras.<\/h2>\n<p style=\"text-align: center;\">La calle comercial m\u00e1s grande. El centro comercial m\u00e1s famoso. El mercado principal.&nbsp;<\/p>\n<h4 style=\"\">Mariahilferstra\u00dfe<\/h4>\n<p>La calle comercial m\u00e1s importante <a href=\"https:\/\/viennatouristinformation.com\/es\/compras\/calles-comerciales\/\" style=\"outline: none;\">de Viena&nbsp;<\/a> con centros comerciales, tiendas de marcas internacionales y peque\u00f1as boutiques en las calles laterales.&nbsp;<\/p>\n<h4 style=\"\">Compras-Ciudad-S\u00fcd<\/h4>\n<p>Con 330 tiendas, el Shopping Center City S\u00fcd es el centro comercial m\u00e1s grande de Viena y tambi\u00e9n uno de los m\u00e1s grandes de Europa. Sucursales de cadenas conocidas se mezclan con boutiques m\u00e1s peque\u00f1as. Si te apetece, puedes ver una de las \u00faltimas superproducciones en el cine UCI despu\u00e9s de ir de compras.<a href=\"https:\/\/berlincitytrips.com\/shopping\/einkaufshauser\" style=\"outline: currentcolor none medium;\" target=\"_blank\" rel=\"noopener\"><\/a>&nbsp;<\/p>\n<h4>mercado de bocadillos<\/h4>\n<p>El <a href=\"https:\/\/viennatouristinformation.com\/es\/cosas-que-hacer\/atracciones\/naschmarkt\/\" style=\"outline: none;\">Naschmarkt<\/a> , cerca de la Catedral de San Esteban, es uno de los \u00aboriginales\u00bb de la capital. El animado ambiente de mercado, as\u00ed como las ofertas gastron\u00f3micas nacionales e internacionales atraen a visitantes de todo el mundo. El Naschmarkt tambi\u00e9n se puede combinar f\u00e1cilmente con las vistas. Los s\u00e1bados tambi\u00e9n hay un gran mercadillo con antig\u00fcedades, libros usados y discos.<\/p>\n<p><span><img decoding=\"async\" alt=\"Mercado semanal en Maybachufer en Berl\u00edn en Alemania\" data-id=\"884\" data-init-width=\"1000\" data-init-height=\"667\" title=\"Mercado semanal en Maybachufer en Berl\u00edn en Alemania\" src=\"https:\/\/viennatouristinformation.com\/es\/wp-content\/uploads\/2020\/09\/Wochenmarkt-am-Maybachufer-in-Berlin-in-Deutschland.jpg\" data-width=\"1080\" data-height=\"720\" width=\"1080\" height=\"720\" loading=\"lazy\" data-pin-media=\"https:\/\/viennatouristinformation.com\/es\/wp-content\/uploads\/2021\/01\/wien_pinterest_shopping-guide-2.png\" data-pin-description=\"Wien Shopping Guide: Wo, wann und wie lange?\" data-pin-url=\"https:\/\/viennatouristinformation.com\/es\/shopping\/?tve=true&amp;tcbf=c259d22f47\" style=\"aspect-ratio: auto 1000 \/ 667;\"><\/span><\/p>\n<h2 style=\"text-align: center;\">\u00bfQu\u00e9 puedo asociar con las compras?<\/h2>\n<p>Viena es una capital con casi 2 millones de habitantes. Es por eso que las calles comerciales, distritos y centros est\u00e1n repartidos por toda la ciudad, hay m\u00e1s de 100 zonas peatonales en Viena. Esto significa que una visita a los lugares de <a href=\"https:\/\/viennatouristinformation.com\/es\/cosas-que-hacer\/\" style=\"outline: none;\">inter\u00e9s m\u00e1s importantes<\/a> tambi\u00e9n se puede combinar f\u00e1cilmente con un breve descanso de las compras.&nbsp;<\/p>\n<\/p>\n<p>Algunos ejemplos son Mariahilferstrasse cerca del Museumsquartier y K\u00e4rnterstrasse con el famoso Hotel Sacher, que se extiende desde Wiener Staastoper hasta Stephansplatz.&nbsp;<\/p>\n<\/p>\n<p>Luego est\u00e1n los <a href=\"https:\/\/viennatouristinformation.com\/es\/compras\/mercado\/\" style=\"outline: none;\">mercados semanales vieneses<\/a> .&nbsp;<\/p>\n<h3>Lugares para comprar cerca de las atracciones<\/h3>\n<ul>\n<li style=\"\"><span style=\"\"><strong>Mariahilferstrasse y Kaerntnerstrasse:<\/strong> La ubicaci\u00f3n en el centro de la ciudad tambi\u00e9n hace que estas dos importantes calles comerciales de Viena sean el mejor lugar para comprar durante una escapada a la ciudad. Aquellos a los que les gusta buscar alternativas a las tiendas de marcas internacionales pueden pasear por las calles laterales.<\/span><\/li>\n<li><span><strong>Wien Mitte:<\/strong> Los grandes almacenes The Mall se encuentran a pocos minutos a pie de Stephansplatz. Est\u00e1 cerca de las principales atracciones del centro de Viena, lo que lo convierte en el lugar ideal para ir de compras a un centro comercial, especialmente cuando llueve.&nbsp;<\/span><\/li>\n<li><span><strong>Naschmarkt:<\/strong> Cerca de los lugares de inter\u00e9s de Wien Mitte y la Catedral de San Esteban, el Naschmarkt es un buen lugar para pasear entre artistas callejeros, comida callejera, puestos de artesan\u00eda y recuerdos t\u00edpicos vieneses.&nbsp;<\/span><\/li>\n<\/ul>\n<h2 style=\"text-align: center; font-size: 34px !important;\">M\u00e1s ideas<\/h2>\n<p style=\"text-align: center;\">\u00bfQue m\u00e1s puedo hacer?<\/p>\n<h3 style=\"\"><span data-attr-css=\"tve-u-173517fc1cb\" data-attr-link=\"1\" data-attr-rel=\"0\" data-attr-target=\"0\" data-extra_key=\"\" data-option-inline=\"1\" data-shortcode=\"tcb_post_title\" data-shortcode-name=\"Post title\" data-attr-static-link=\"{&quot;className&quot;:&quot;&quot;,&quot;href&quot;:&quot;https:\/\/viennatouristinformation.com\/es\/cosas-que-hacer\/&quot;,&quot;title&quot;:&quot;100 Cosas que hacer en Viena&quot;,&quot;data-css&quot;:&quot;tve-u-173517fc1cb&quot;,&quot;class&quot;:&quot;&quot;}\"><a href=\"https:\/\/viennatouristinformation.com\/es\/cosas-que-hacer\/\" title=\"100 Cosas que hacer en Viena\">100 Cosas que hacer en Viena<\/a><\/span><\/h3>\n<p><a href=\"https:\/\/viennatouristinformation.com\/es\/cosas-que-hacer\/museo\/\" dynamic-postlink=\"tcb_post_the_permalink\" data-shortcode-id=\"133\"><\/a><\/p>\n<h3 id=\"t-1594796653438\" style=\"text-align: center; padding-top: 0px !important; margin-top: 0px !important;\"><span data-attr-link=\"1\" data-attr-rel=\"0\" data-attr-target=\"0\" data-extra_key=\"\" data-option-inline=\"1\" data-shortcode=\"tcb_post_title\" data-shortcode-name=\"Post title\" data-attr-css=\"\" style=\"\" data-attr-static-link=\"{&quot;className&quot;:&quot;&quot;,&quot;href&quot;:&quot;https:\/\/viennatouristinformation.com\/es\/cosas-que-hacer\/museo\/&quot;,&quot;title&quot;:&quot;30 Museos m\u00e1s importantes de Viena&quot;,&quot;class&quot;:&quot;&quot;}\"><a href=\"https:\/\/viennatouristinformation.com\/es\/cosas-que-hacer\/museo\/\" title=\"30 Museos m\u00e1s importantes de Viena\" data-css=\"\">30 Museos m\u00e1s importantes de Viena<\/a><\/span><\/h3>\n<p>\u00bfQu\u00e9 museos de Viena tienes que ver?Debido a su rica <a href=\"https:\/\/viennatouristinformation.com\/es\/cosas-que-hacer\/museo\/#more-133\">&#8230;<\/a><\/p>\n<p><a href=\"https:\/\/viennatouristinformation.com\/es\/cosas-que-hacer\/museo\/\"><span style=\"\"><span style=\"\"><strong>sigue leyendo<\/strong><\/span><\/span><\/a><a href=\"https:\/\/viennatouristinformation.com\/es\/cosas-que-hacer\/para-los-ninos\/\" dynamic-postlink=\"tcb_post_the_permalink\" data-shortcode-id=\"133\"><\/a><\/p>\n<h3 id=\"t-1594796653438\" style=\"text-align: center; padding-top: 0px !important; margin-top: 0px !important;\"><span data-attr-link=\"1\" data-attr-rel=\"0\" data-attr-target=\"0\" data-extra_key=\"\" data-option-inline=\"1\" data-shortcode=\"tcb_post_title\" data-shortcode-name=\"Post title\" data-attr-css=\"\" style=\"\" data-attr-static-link=\"{&quot;className&quot;:&quot;&quot;,&quot;href&quot;:&quot;https:\/\/viennatouristinformation.com\/es\/cosas-que-hacer\/museo\/&quot;,&quot;title&quot;:&quot;30 Museos m\u00e1s importantes de Viena&quot;,&quot;class&quot;:&quot;&quot;}\"><a href=\"https:\/\/viennatouristinformation.com\/es\/cosas-que-hacer\/para-los-ninos\/\" title=\"25 Cosas que hacer para los ni\u00f1os en Viena\" data-css=\"\">25 Cosas que hacer para los ni\u00f1os en Viena<\/a><\/span><\/h3>\n<p>Aqu\u00ed est\u00e1 nuestra lista de atracciones para toda la familia.\u00a1Viena <a href=\"https:\/\/viennatouristinformation.com\/es\/cosas-que-hacer\/para-los-ninos\/#more-136\">&#8230;<\/a><\/p>\n<p><a href=\"https:\/\/viennatouristinformation.com\/es\/cosas-que-hacer\/para-los-ninos\/\"><span style=\"\"><span style=\"\"><strong>sigue leyendo<\/strong><\/span><\/span><\/a><a href=\"https:\/\/viennatouristinformation.com\/es\/cosas-que-hacer\/castillos\/\" dynamic-postlink=\"tcb_post_the_permalink\" data-shortcode-id=\"133\"><\/a><\/p>\n<h3 id=\"t-1594796653438\" style=\"text-align: center; padding-top: 0px !important; margin-top: 0px !important;\"><span data-attr-link=\"1\" data-attr-rel=\"0\" data-attr-target=\"0\" data-extra_key=\"\" data-option-inline=\"1\" data-shortcode=\"tcb_post_title\" data-shortcode-name=\"Post title\" data-attr-css=\"\" style=\"\" data-attr-static-link=\"{&quot;className&quot;:&quot;&quot;,&quot;href&quot;:&quot;https:\/\/viennatouristinformation.com\/es\/cosas-que-hacer\/museo\/&quot;,&quot;title&quot;:&quot;30 Museos m\u00e1s importantes de Viena&quot;,&quot;class&quot;:&quot;&quot;}\"><a href=\"https:\/\/viennatouristinformation.com\/es\/cosas-que-hacer\/castillos\/\" title=\"10 Castillos m\u00e1s bonitos de Viena\" data-css=\"\">10 Castillos m\u00e1s bonitos de Viena<\/a><\/span><\/h3>\n<p>Aqu\u00ed hay una lista de los castillos m\u00e1s importantes de <a href=\"https:\/\/viennatouristinformation.com\/es\/cosas-que-hacer\/castillos\/#more-1247\">&#8230;<\/a><\/p>\n<p><a href=\"https:\/\/viennatouristinformation.com\/es\/cosas-que-hacer\/castillos\/\"><span style=\"\"><span style=\"\"><strong>sigue leyendo<\/strong><\/span><\/span><\/a><a href=\"https:\/\/viennatouristinformation.com\/es\/comida\/cafeteria\/\" dynamic-postlink=\"tcb_post_the_permalink\" data-shortcode-id=\"133\"><\/a><\/p>\n<h3 id=\"t-1594796653438\" style=\"text-align: center; padding-top: 0px !important; margin-top: 0px !important;\"><span data-attr-link=\"1\" data-attr-rel=\"0\" data-attr-target=\"0\" data-extra_key=\"\" data-option-inline=\"1\" data-shortcode=\"tcb_post_title\" data-shortcode-name=\"Post title\" data-attr-css=\"\" style=\"\" data-attr-static-link=\"{&quot;className&quot;:&quot;&quot;,&quot;href&quot;:&quot;https:\/\/viennatouristinformation.com\/es\/cosas-que-hacer\/museo\/&quot;,&quot;title&quot;:&quot;30 Museos m\u00e1s importantes de Viena&quot;,&quot;class&quot;:&quot;&quot;}\"><a href=\"https:\/\/viennatouristinformation.com\/es\/comida\/cafeteria\/\" title=\"10 aut\u00e9nticos cafeter\u00eda vieneses [con buenas valoraciones]\" data-css=\"\">10 aut\u00e9nticos cafeter\u00eda vieneses [con buenas valoraciones]<\/a><\/span><\/h3>\n<p>La cultura del caf\u00e9 vien\u00e9s es parte del Patrimonio Mundial <a href=\"https:\/\/viennatouristinformation.com\/es\/comida\/cafeteria\/#more-1262\">&#8230;<\/a><\/p>\n<p><a href=\"https:\/\/viennatouristinformation.com\/es\/comida\/cafeteria\/\"><span style=\"\"><span style=\"\"><strong>sigue leyendo<\/strong><\/span><\/span><\/a><a href=\"javascript:void(0)\" style=\"\"><span style=\"\"><span style=\"\">Load More<\/span><\/span><\/a><\/p>\n<p style=\"text-align: center;\">Preguntas frecuentes sobre compras<\/p>\n","protected":false},"excerpt":{"rendered":"<p>Gu\u00eda de compras de Viena \u00bfD\u00f3nde y en qu\u00e9 puedo comprar? Aqu\u00ed est\u00e1 nuestra lista de las mejores calles comerciales, centros comerciales y mercados de Viena.&nbsp; Consejos de compras Viena es la metr\u00f3poli comercial de Austria. Grandes almacenes, calles comerciales, peque\u00f1as boutiques y mercados se dan cita aqu\u00ed.&nbsp; Todo est\u00e1 incluido entre ideas freaky, moda [&hellip;]<\/p>\n","protected":false},"author":17,"featured_media":2689,"parent":0,"menu_order":0,"comment_status":"closed","ping_status":"closed","template":"","meta":{"footnotes":""},"tags":[],"class_list":["post-1464","page","type-page","status-publish","has-post-thumbnail","hentry","post-wrapper","thrv_wrapper"],"_links":{"self":[{"href":"https:\/\/viennatouristinformation.com\/es\/wp-json\/wp\/v2\/pages\/1464","targetHints":{"allow":["GET"]}}],"collection":[{"href":"https:\/\/viennatouristinformation.com\/es\/wp-json\/wp\/v2\/pages"}],"about":[{"href":"https:\/\/viennatouristinformation.com\/es\/wp-json\/wp\/v2\/types\/page"}],"author":[{"embeddable":true,"href":"https:\/\/viennatouristinformation.com\/es\/wp-json\/wp\/v2\/users\/17"}],"replies":[{"embeddable":true,"href":"https:\/\/viennatouristinformation.com\/es\/wp-json\/wp\/v2\/comments?post=1464"}],"version-history":[{"count":0,"href":"https:\/\/viennatouristinformation.com\/es\/wp-json\/wp\/v2\/pages\/1464\/revisions"}],"wp:featuredmedia":[{"embeddable":true,"href":"https:\/\/viennatouristinformation.com\/es\/wp-json\/wp\/v2\/media\/2689"}],"wp:attachment":[{"href":"https:\/\/viennatouristinformation.com\/es\/wp-json\/wp\/v2\/media?parent=1464"}],"wp:term":[{"taxonomy":"post_tag","embeddable":true,"href":"https:\/\/viennatouristinformation.com\/es\/wp-json\/wp\/v2\/tags?post=1464"}],"curies":[{"name":"wp","href":"https:\/\/api.w.org\/{rel}","templated":true}]}}