{"id":1465,"date":"2020-09-07T07:36:08","date_gmt":"2020-09-07T05:36:08","guid":{"rendered":"http:\/\/viennatouristinformation.com\/es\/?page_id=1465"},"modified":"2023-06-01T16:31:36","modified_gmt":"2023-06-01T14:31:36","slug":"llegar","status":"publish","type":"page","link":"https:\/\/viennatouristinformation.com\/es\/plan\/llegar\/","title":{"rendered":"La gu\u00eda completa para llegar a Viena"},"content":{"rendered":"<h1>Gu\u00eda para llegar a Viena<\/h1>\n<p style=\"\">Se trata de un vuelo de ida, tren, autob\u00fas y conducir su propio autom\u00f3vil a Viena.&nbsp;<\/p>\n<p style=\"text-align: center;\">\u00bfC\u00f3mo llego a Viena?<\/p>\n<p style=\"text-align: center;\">&#8230; y como me muevo por la ciudad?<\/p>\n<h3 style=\"\"><span data-attr-css=\"tve-u-173e7860be8\" data-attr-link=\"1\" data-attr-rel=\"0\" data-attr-target=\"0\" data-extra_key=\"\" data-option-inline=\"1\" data-shortcode=\"tcb_post_title\" data-shortcode-name=\"Post title\" data-attr-static-link=\"{&quot;className&quot;:&quot;&quot;,&quot;href&quot;:&quot;https:\/\/viennatouristinformation.com\/es\/plan\/transporte-publico\/&quot;,&quot;title&quot;:&quot;transporte publico&quot;,&quot;data-css&quot;:&quot;tve-u-173e7860be8&quot;,&quot;class&quot;:&quot;&quot;}\" style=\"\"><a href=\"https:\/\/viennatouristinformation.com\/es\/plan\/transporte-publico\/\" title=\"Transporte p\u00fablico\">Transporte p\u00fablico<\/a><\/span><\/h3>\n<p><a href=\"https:\/\/viennatouristinformation.com\/es\/plan\/llegar\/aeropuerto-schwechat\/\" dynamic-postlink=\"tcb_post_the_permalink\" data-shortcode-id=\"167\"><\/a><\/p>\n<h3 style=\"text-align: center; padding-top: 0px !important; margin-top: 0px !important;\"><span data-attr-link=\"1\" data-attr-rel=\"0\" data-attr-target=\"0\" data-extra_key=\"\" data-option-inline=\"1\" data-shortcode=\"tcb_post_title\" data-shortcode-name=\"Post title\" data-attr-css=\"\" data-attr-static-link=\"{&quot;className&quot;:&quot;&quot;,&quot;href&quot;:&quot;https:\/\/viennatouristinformation.com\/es\/plan\/llegar\/aeropuerto-schwechat\/&quot;,&quot;title&quot;:&quot;Aeropuerto Viena-Schwechat&quot;,&quot;class&quot;:&quot;&quot;}\" style=\"\"><a href=\"https:\/\/viennatouristinformation.com\/es\/plan\/llegar\/aeropuerto-schwechat\/\" title=\"Aeropuerto Viena-Schwechat\" data-css=\"\">Aeropuerto Viena-Schwechat<\/a><\/span><\/h3>\n<p>El aeropuerto de Schwechat est\u00e1 ubicado al sureste <a href=\"https:\/\/viennatouristinformation.com\/es\/plan\/llegar\/aeropuerto-schwechat\/#more-163\">&#8230;<\/a><\/p>\n<p><a href=\"https:\/\/viennatouristinformation.com\/es\/plan\/llegar\/aeropuerto-schwechat\/\" style=\"\"><span style=\"\"><span style=\"\">sigue leyendo<\/span><\/span><\/a><a href=\"https:\/\/viennatouristinformation.com\/es\/plan\/llegar\/estacion-central\/\" dynamic-postlink=\"tcb_post_the_permalink\" data-shortcode-id=\"167\"><\/a><\/p>\n<h3 style=\"text-align: center; padding-top: 0px !important; margin-top: 0px !important;\"><span data-attr-link=\"1\" data-attr-rel=\"0\" data-attr-target=\"0\" data-extra_key=\"\" data-option-inline=\"1\" data-shortcode=\"tcb_post_title\" data-shortcode-name=\"Post title\" data-attr-css=\"\" data-attr-static-link=\"{&quot;className&quot;:&quot;&quot;,&quot;href&quot;:&quot;https:\/\/viennatouristinformation.com\/es\/plan\/llegar\/aeropuerto-schwechat\/&quot;,&quot;title&quot;:&quot;Aeropuerto Viena-Schwechat&quot;,&quot;class&quot;:&quot;&quot;}\" style=\"\"><a href=\"https:\/\/viennatouristinformation.com\/es\/plan\/llegar\/estacion-central\/\" title=\"Estaci\u00f3n central de Viena\" data-css=\"\">Estaci\u00f3n central de Viena<\/a><\/span><\/h3>\n<p>La Estaci\u00f3n Central de Viena, la antigua S\u00fcdbahnhof, <a href=\"https:\/\/viennatouristinformation.com\/es\/plan\/llegar\/estacion-central\/#more-169\">&#8230;<\/a><\/p>\n<p><a href=\"https:\/\/viennatouristinformation.com\/es\/plan\/llegar\/estacion-central\/\" style=\"\"><span style=\"\"><span style=\"\">sigue leyendo<\/span><\/span><\/a><a href=\"https:\/\/viennatouristinformation.com\/es\/plan\/llegar\/estacion-de-autobuses-vib\/\" dynamic-postlink=\"tcb_post_the_permalink\" data-shortcode-id=\"167\"><\/a><\/p>\n<h3 style=\"text-align: center; padding-top: 0px !important; margin-top: 0px !important;\"><span data-attr-link=\"1\" data-attr-rel=\"0\" data-attr-target=\"0\" data-extra_key=\"\" data-option-inline=\"1\" data-shortcode=\"tcb_post_title\" data-shortcode-name=\"Post title\" data-attr-css=\"\" data-attr-static-link=\"{&quot;className&quot;:&quot;&quot;,&quot;href&quot;:&quot;https:\/\/viennatouristinformation.com\/es\/plan\/llegar\/aeropuerto-schwechat\/&quot;,&quot;title&quot;:&quot;Aeropuerto Viena-Schwechat&quot;,&quot;class&quot;:&quot;&quot;}\" style=\"\"><a href=\"https:\/\/viennatouristinformation.com\/es\/plan\/llegar\/estacion-de-autobuses-vib\/\" title=\"Estaci\u00f3n de autobuses de Viena: VIB Vienna International Bus Terminal\" data-css=\"\">Estaci\u00f3n de autobuses de Viena: VIB Vienna International Bus Terminal<\/a><\/span><\/h3>\n<p>La estaci\u00f3n de autobuses de Viena Erdberg es <a href=\"https:\/\/viennatouristinformation.com\/es\/plan\/llegar\/estacion-de-autobuses-vib\/#more-167\">&#8230;<\/a><\/p>\n<p><a href=\"https:\/\/viennatouristinformation.com\/es\/plan\/llegar\/estacion-de-autobuses-vib\/\" style=\"\"><span style=\"\"><span style=\"\">sigue leyendo<\/span><\/span><\/a><a href=\"https:\/\/viennatouristinformation.com\/es\/plan\/llegar\/aparcamiento\/\" dynamic-postlink=\"tcb_post_the_permalink\" data-shortcode-id=\"167\"><\/a><\/p>\n<h3 style=\"text-align: center; padding-top: 0px !important; margin-top: 0px !important;\"><span data-attr-link=\"1\" data-attr-rel=\"0\" data-attr-target=\"0\" data-extra_key=\"\" data-option-inline=\"1\" data-shortcode=\"tcb_post_title\" data-shortcode-name=\"Post title\" data-attr-css=\"\" data-attr-static-link=\"{&quot;className&quot;:&quot;&quot;,&quot;href&quot;:&quot;https:\/\/viennatouristinformation.com\/es\/plan\/llegar\/aeropuerto-schwechat\/&quot;,&quot;title&quot;:&quot;Aeropuerto Viena-Schwechat&quot;,&quot;class&quot;:&quot;&quot;}\" style=\"\"><a href=\"https:\/\/viennatouristinformation.com\/es\/plan\/llegar\/aparcamiento\/\" title=\"Estacionar en Viena\" data-css=\"\">Estacionar en Viena<\/a><\/span><\/h3>\n<p>Incluso si a veces aumenta un poco el <a href=\"https:\/\/viennatouristinformation.com\/es\/plan\/llegar\/aparcamiento\/#more-216\">&#8230;<\/a><\/p>\n<p><a href=\"https:\/\/viennatouristinformation.com\/es\/plan\/llegar\/aparcamiento\/\" style=\"\"><span style=\"\"><span style=\"\">sigue leyendo<\/span><\/span><\/a><a href=\"https:\/\/viennatouristinformation.com\/es\/plan\/llegar\/aparcamiento-disuasorio\/\" dynamic-postlink=\"tcb_post_the_permalink\" data-shortcode-id=\"167\"><\/a><\/p>\n<h3 style=\"text-align: center; padding-top: 0px !important; margin-top: 0px !important;\"><span data-attr-link=\"1\" data-attr-rel=\"0\" data-attr-target=\"0\" data-extra_key=\"\" data-option-inline=\"1\" data-shortcode=\"tcb_post_title\" data-shortcode-name=\"Post title\" data-attr-css=\"\" data-attr-static-link=\"{&quot;className&quot;:&quot;&quot;,&quot;href&quot;:&quot;https:\/\/viennatouristinformation.com\/es\/plan\/llegar\/aeropuerto-schwechat\/&quot;,&quot;title&quot;:&quot;Aeropuerto Viena-Schwechat&quot;,&quot;class&quot;:&quot;&quot;}\" style=\"\"><a href=\"https:\/\/viennatouristinformation.com\/es\/plan\/llegar\/aparcamiento-disuasorio\/\" title=\"Park and Ride en Viena\" data-css=\"\">Park and Ride en Viena<\/a><\/span><\/h3>\n<p>Hay tan pocas plazas de aparcamiento como lugares <a href=\"https:\/\/viennatouristinformation.com\/es\/plan\/llegar\/aparcamiento-disuasorio\/#more-1276\">&#8230;<\/a><\/p>\n<p><a href=\"https:\/\/viennatouristinformation.com\/es\/plan\/llegar\/aparcamiento-disuasorio\/\" style=\"\"><span style=\"\"><span style=\"\">sigue leyendo<\/span><\/span><\/a><a href=\"https:\/\/viennatouristinformation.com\/es\/plan\/llegar\/taxi\/\" dynamic-postlink=\"tcb_post_the_permalink\" data-shortcode-id=\"167\"><\/a><\/p>\n<h3 style=\"text-align: center; padding-top: 0px !important; margin-top: 0px !important;\"><span data-attr-link=\"1\" data-attr-rel=\"0\" data-attr-target=\"0\" data-extra_key=\"\" data-option-inline=\"1\" data-shortcode=\"tcb_post_title\" data-shortcode-name=\"Post title\" data-attr-css=\"\" data-attr-static-link=\"{&quot;className&quot;:&quot;&quot;,&quot;href&quot;:&quot;https:\/\/viennatouristinformation.com\/es\/plan\/llegar\/aeropuerto-schwechat\/&quot;,&quot;title&quot;:&quot;Aeropuerto Viena-Schwechat&quot;,&quot;class&quot;:&quot;&quot;}\" style=\"\"><a href=\"https:\/\/viennatouristinformation.com\/es\/plan\/llegar\/taxi\/\" title=\"Taxi en Viena\" data-css=\"\">Taxi en Viena<\/a><\/span><\/h3>\n<p>Hay alrededor de 4.500 taxis en Viena.Puede pedir <a href=\"https:\/\/viennatouristinformation.com\/es\/plan\/llegar\/taxi\/#more-220\">&#8230;<\/a><\/p>\n<p><a href=\"https:\/\/viennatouristinformation.com\/es\/plan\/llegar\/taxi\/\" style=\"\"><span style=\"\"><span style=\"\">sigue leyendo<\/span><\/span><\/a><a href=\"javascript:void(0)\" style=\"\"><span style=\"\"><span style=\"\">Load More<\/span><\/span><\/a><\/p>\n<p style=\"text-align: center;\">Solo explora la ciudad<\/p>\n<p style=\"text-align: center;\">Entradas, visitas y audiogu\u00edas<\/p>\n<h3 style=\"\"><span data-attr-css=\"tve-u-173e7904c02\" data-attr-link=\"1\" data-attr-rel=\"0\" data-attr-target=\"0\" data-extra_key=\"\" data-option-inline=\"1\" data-shortcode=\"tcb_post_title\" data-shortcode-name=\"Post title\" data-attr-static-link=\"{&quot;className&quot;:&quot;&quot;,&quot;href&quot;:&quot;https:\/\/viennatouristinformation.com\/es\/entradas\/&quot;,&quot;title&quot;:&quot;Tienda pr\u00f3ximamente&quot;,&quot;data-css&quot;:&quot;tve-u-173e7904c02&quot;,&quot;class&quot;:&quot;&quot;}\" style=\"\"><a href=\"https:\/\/viennatouristinformation.com\/es\/entradas\/\" title=\"Tienda pr\u00f3ximamente\">Tienda pr\u00f3ximamente<\/a><\/span><\/h3>\n<p><a href=\"javascript:void(0)\" style=\"\"><span style=\"\"><span style=\"\">Load More<\/span><\/span><\/a><\/p>\n<h2>\u00bfCu\u00e1ndo se amortizan los billetes de escapada urbana?<\/h2>\n<p>La compra de un billete de un d\u00eda se amortiza en Viena a partir de tres viajes sencillos al precio normal. Esto se aplica a toda la red de transporte p\u00fablico.&nbsp;<\/p>\n<p>Un billete de un d\u00eda vale la pena incluso despu\u00e9s de 4 viajes con descuento en Viena.&nbsp;<\/p>\n<p>Los boletos especiales adicionales, como la Vienna Welcome Card, son una recomendaci\u00f3n para el transporte p\u00fablico en combinaci\u00f3n con descuentos en la entrada a lugares de inter\u00e9s, museos y atracciones.&nbsp;<\/p>\n<h3>transferir<\/h3>\n<ul>\n<li style=\"\"><span style=\"\"><strong>Aeropuerto de Viena Schwechat VIE:<\/strong> El aeropuerto de la capital est\u00e1 relativamente bien conectado con la ciudad por transporte p\u00fablico, la l\u00ednea S 7 S-Bahn ofrece una conexi\u00f3n con el centro de la ciudad. Adem\u00e1s, hay opciones para trenes regionales, Railjet, autobuses colectivos, proveedores de servicios de transferencia privada y ofertas de transferencia ejecutiva.&nbsp;<\/span><\/li>\n<li><span><strong><\/strong><strong>Estaci\u00f3n Central de Viena:<\/strong> La estaci\u00f3n de tren est\u00e1 ubicada directamente en el centro de la ciudad con una conexi\u00f3n a la red de metro de Viena. Los taxis suelen estar a la salida.<\/span><\/li>\n<li><span><strong>Terminal de autobuses:<\/strong> La terminal central de autobuses tambi\u00e9n est\u00e1 cerca de una estaci\u00f3n de metro y S-Bahn y se puede llegar f\u00e1cilmente en transporte p\u00fablico.<\/span><\/li>\n<\/ul>\n<p style=\"text-align: center;\">transferencia de aeropuerto<\/p>\n<p style=\"text-align: center;\">City Airport Train (CAT), autob\u00fas lanzadera y traslado privado<\/p>\n<h3 style=\"\"><span data-attr-css=\"tve-u-175028fc266\" data-attr-link=\"1\" data-attr-rel=\"0\" data-attr-target=\"0\" data-extra_key=\"\" data-option-inline=\"1\" data-shortcode=\"tcb_post_title\" data-shortcode-name=\"Post title\" data-attr-static-link=\"{&quot;className&quot;:&quot;&quot;,&quot;href&quot;:&quot;https:\/\/viennatouristinformation.com\/es\/entradas\/&quot;,&quot;title&quot;:&quot;Tienda pr\u00f3ximamente&quot;,&quot;data-css&quot;:&quot;tve-u-175028fc266&quot;,&quot;class&quot;:&quot;&quot;}\" style=\"\"><a href=\"https:\/\/viennatouristinformation.com\/es\/entradas\/\" title=\"Tienda pr\u00f3ximamente\">Tienda pr\u00f3ximamente<\/a><\/span><\/h3>\n<p><a href=\"javascript:void(0)\" style=\"\"><span style=\"\"><span style=\"\">Load More<\/span><\/span><\/a><\/p>\n<p style=\"text-align: center;\">Para viajes en grupo<\/p>\n<p style=\"text-align: center;\">Conferencias, reuniones, ferias comerciales, viajes de clubes y eventos<\/p>\n<h3 style=\"\"><span data-attr-css=\"tve-u-173e791164f\" data-attr-link=\"1\" data-attr-rel=\"0\" data-attr-target=\"0\" data-extra_key=\"\" data-option-inline=\"1\" data-shortcode=\"tcb_post_title\" data-shortcode-name=\"Post title\" data-attr-static-link=\"{&quot;className&quot;:&quot;&quot;,&quot;href&quot;:&quot;https:\/\/viennatouristinformation.com\/es\/viaje-en-grupo\/&quot;,&quot;title&quot;:&quot;Viajes en grupo a Viena: Full Service MICE&quot;,&quot;data-css&quot;:&quot;tve-u-173e791164f&quot;,&quot;class&quot;:&quot;&quot;}\" style=\"\"><a href=\"https:\/\/viennatouristinformation.com\/es\/viaje-en-grupo\/\" title=\"Viajes en grupo a Viena: Full Service M.I.C.E.\">Viajes en grupo a Viena: Full Service M.I.C.E.<\/a><\/span><\/h3>\n<p><a href=\"javascript:void(0)\" style=\"\"><span style=\"\"><span style=\"\">Load More<\/span><\/span><\/a><\/p>\n<h2>Congresos, ferias y viajes en grupo<\/h2>\n<p>Como agente de servicio completo, Viennatouristinformation.com organiza todas las \u00e1reas de viajes en grupo.&nbsp;<\/p>\n<p>Esto incluye hoteles de conferencias, autobuses para traslados de grupos desde el aeropuerto, traslados ejecutivos, catering, incentivos y, por supuesto, todo el programa de apoyo.&nbsp;<\/p>\n<p>En una consulta inicial gratuita, estaremos encantados de revisar sus requisitos para conferencias, viajes en grupo y eventos en Viena.&nbsp;<\/p>\n<h3>De una sola fuente<\/h3>\n<ul>\n<li style=\"\"><span style=\"\"><strong>Soporte 24 horas:<\/strong> Siempre disponible durante la planificaci\u00f3n, preparaci\u00f3n y ejecuci\u00f3n de viajes en grupo.&nbsp;<\/span><\/li>\n<li><span><strong>De una sola fuente:<\/strong> procesamiento completo, incluido el programa de soporte de una sola fuente con una persona de contacto.&nbsp;<\/span><\/li>\n<li><span><strong>Consulta inicial gratuita:<\/strong> Estaremos encantados de verificar en una consulta inicial gratuita si podemos cumplir con sus requisitos.&nbsp;<\/span><\/li>\n<\/ul>\n<h2 style=\"text-align: center;\">Consulta inicial gratuita para viajes en grupo<\/h2>\n<p style=\"text-align: center;\">Nos encantar\u00eda hablar sobre sus expectativas. El contacto es posible por tel\u00e9fono al&nbsp; <span data-shortcode=\"thrive_global_fields\" data-shortcode-name=\"[Company] MICE Telefonnummer\" data-extra_key=\"1\" data-attr-id=\"19\" data-option-inline=\"1\">0043124567890<\/span> , correo electr\u00f3nico a <em>support@viennatouristinformation.com\/es<\/em> o formulario de contacto.&nbsp;<\/p>\n","protected":false},"excerpt":{"rendered":"<p>Gu\u00eda para llegar a Viena Se trata de un vuelo de ida, tren, autob\u00fas y conducir su propio autom\u00f3vil a Viena.&nbsp; \u00bfC\u00f3mo llego a Viena? &#8230; y como me muevo por la ciudad? Transporte p\u00fablico Aeropuerto Viena-Schwechat El aeropuerto de Schwechat est\u00e1 ubicado al sureste &#8230; sigue leyendo Estaci\u00f3n central de Viena La Estaci\u00f3n Central [&hellip;]<\/p>\n","protected":false},"author":17,"featured_media":2740,"parent":111,"menu_order":0,"comment_status":"closed","ping_status":"closed","template":"","meta":{"footnotes":"","tve_updated_post":"","tve_custom_css":"","tve_user_custom_css":"","tve_globals":{},"tcb2_ready":1,"tcb_editor_enabled":1,"tve_landing_page":"tcb2-blank-page","_tve_header":"68","_tve_footer":"69"},"tags":[],"class_list":["post-1465","page","type-page","status-publish","has-post-thumbnail","hentry","post-wrapper","thrv_wrapper"],"_links":{"self":[{"href":"https:\/\/viennatouristinformation.com\/es\/wp-json\/wp\/v2\/pages\/1465","targetHints":{"allow":["GET"]}}],"collection":[{"href":"https:\/\/viennatouristinformation.com\/es\/wp-json\/wp\/v2\/pages"}],"about":[{"href":"https:\/\/viennatouristinformation.com\/es\/wp-json\/wp\/v2\/types\/page"}],"author":[{"embeddable":true,"href":"https:\/\/viennatouristinformation.com\/es\/wp-json\/wp\/v2\/users\/17"}],"replies":[{"embeddable":true,"href":"https:\/\/viennatouristinformation.com\/es\/wp-json\/wp\/v2\/comments?post=1465"}],"version-history":[{"count":0,"href":"https:\/\/viennatouristinformation.com\/es\/wp-json\/wp\/v2\/pages\/1465\/revisions"}],"up":[{"embeddable":true,"href":"https:\/\/viennatouristinformation.com\/es\/wp-json\/wp\/v2\/pages\/111"}],"wp:featuredmedia":[{"embeddable":true,"href":"https:\/\/viennatouristinformation.com\/es\/wp-json\/wp\/v2\/media\/2740"}],"wp:attachment":[{"href":"https:\/\/viennatouristinformation.com\/es\/wp-json\/wp\/v2\/media?parent=1465"}],"wp:term":[{"taxonomy":"post_tag","embeddable":true,"href":"https:\/\/viennatouristinformation.com\/es\/wp-json\/wp\/v2\/tags?post=1465"}],"curies":[{"name":"wp","href":"https:\/\/api.w.org\/{rel}","templated":true}]}}