{"id":1467,"date":"2020-09-07T15:25:53","date_gmt":"2020-09-07T13:25:53","guid":{"rendered":"http:\/\/viennatouristinformation.com\/es\/?page_id=1467"},"modified":"2023-06-13T11:10:45","modified_gmt":"2023-06-13T09:10:45","slug":"comida","status":"publish","type":"page","link":"https:\/\/viennatouristinformation.com\/es\/comida\/","title":{"rendered":"Comer en Viena: Restaurantes, cafeter\u00edas y platos t\u00edpicos"},"content":{"rendered":"<h1 style=\"\">Wien Restaurant Guide:&nbsp;<\/h1>\n<p>Aqu\u00ed hay restaurantes, cafeter\u00edas y platos t\u00edpicos vieneses para cada ocasi\u00f3n.<\/p>\n<h2 style=\"text-align: center;\">\u00bfD\u00f3nde puedo comer en Viena?<\/h2>\n<p><a href=\"https:\/\/viennatouristinformation.com\/es\/comida\/restaurantes-seleccionados\/\" dynamic-postlink=\"tcb_post_the_permalink\" data-shortcode-id=\"547\"><\/a><\/p>\n<h3 style=\"text-align: center;\"><span data-attr-css=\"tve-u-173518d039a\" data-attr-link=\"1\" data-attr-rel=\"0\" data-attr-target=\"0\" data-extra_key=\"\" data-option-inline=\"1\" data-shortcode=\"tcb_post_title\" data-shortcode-name=\"Post title\" data-attr-static-link=\"{&quot;className&quot;:&quot;&quot;,&quot;href&quot;:&quot;https:\/\/viennatouristinformation.com\/es\/comida\/restaurantes-seleccionados\/&quot;,&quot;title&quot;:&quot;22 Restaurantes seleccionados en Viena&quot;,&quot;data-css&quot;:&quot;tve-u-173518d039a&quot;,&quot;class&quot;:&quot;&quot;}\"><a href=\"https:\/\/viennatouristinformation.com\/es\/comida\/restaurantes-seleccionados\/\" title=\"22 Restaurantes seleccionados en Viena\">22 Restaurantes seleccionados en Viena<\/a><\/span><\/h3>\n<p>No siempre tiene que ser cl\u00e1sico. Aqu\u00ed, por lo tanto, hemos seleccionado lugares \u00fanicos para <a href=\"https:\/\/viennatouristinformation.com\/es\/comida\/restaurantes-seleccionados\/#more-547\">&#8230;<\/a><\/p>\n<p><a href=\"https:\/\/viennatouristinformation.com\/es\/comida\/restaurantes-seleccionados\/\" style=\"\"><span style=\"\"><span style=\"\"><strong>sigue leyendo<\/strong><\/span><\/span><\/a><a href=\"https:\/\/viennatouristinformation.com\/es\/comida\/cafes\/\" dynamic-postlink=\"tcb_post_the_permalink\" data-shortcode-id=\"547\"><\/a><\/p>\n<h3 style=\"text-align: center;\"><span data-attr-css=\"tve-u-173518d039a\" data-attr-link=\"1\" data-attr-rel=\"0\" data-attr-target=\"0\" data-extra_key=\"\" data-option-inline=\"1\" data-shortcode=\"tcb_post_title\" data-shortcode-name=\"Post title\" data-attr-static-link=\"{&quot;className&quot;:&quot;&quot;,&quot;href&quot;:&quot;https:\/\/viennatouristinformation.com\/es\/comida\/restaurantes-seleccionados\/&quot;,&quot;title&quot;:&quot;22 Restaurantes seleccionados en Viena&quot;,&quot;data-css&quot;:&quot;tve-u-173518d039a&quot;,&quot;class&quot;:&quot;&quot;}\"><a href=\"https:\/\/viennatouristinformation.com\/es\/comida\/cafes\/\" title=\"15 Buenos caf\u00e9s en Viena, desde modernos hasta antiguos\">15 Buenos caf\u00e9s en Viena, desde modernos hasta antiguos<\/a><\/span><\/h3>\n<p>En 1685 se abri\u00f3 el primer caf\u00e9 en Viena. Hoy en d\u00eda, la cultura de <a href=\"https:\/\/viennatouristinformation.com\/es\/comida\/cafes\/#more-1266\">&#8230;<\/a><\/p>\n<p><a href=\"https:\/\/viennatouristinformation.com\/es\/comida\/cafes\/\" style=\"\"><span style=\"\"><span style=\"\"><strong>sigue leyendo<\/strong><\/span><\/span><\/a><a href=\"https:\/\/viennatouristinformation.com\/es\/comida\/tabernas\/\" dynamic-postlink=\"tcb_post_the_permalink\" data-shortcode-id=\"547\"><\/a><\/p>\n<h3 style=\"text-align: center;\"><span data-attr-css=\"tve-u-173518d039a\" data-attr-link=\"1\" data-attr-rel=\"0\" data-attr-target=\"0\" data-extra_key=\"\" data-option-inline=\"1\" data-shortcode=\"tcb_post_title\" data-shortcode-name=\"Post title\" data-attr-static-link=\"{&quot;className&quot;:&quot;&quot;,&quot;href&quot;:&quot;https:\/\/viennatouristinformation.com\/es\/comida\/restaurantes-seleccionados\/&quot;,&quot;title&quot;:&quot;22 Restaurantes seleccionados en Viena&quot;,&quot;data-css&quot;:&quot;tve-u-173518d039a&quot;,&quot;class&quot;:&quot;&quot;}\"><a href=\"https:\/\/viennatouristinformation.com\/es\/comida\/tabernas\/\" title=\"12 Tabernas de vino m\u00e1s bonitas de Viena\">12 Tabernas de vino m\u00e1s bonitas de Viena<\/a><\/span><\/h3>\n<p>\u00abDesconectado es\u00bb Estas palabras y un F\u00f6hrenbuschen, un arbusto de ramitas verdes, en un letrero <a href=\"https:\/\/viennatouristinformation.com\/es\/comida\/tabernas\/#more-1572\">&#8230;<\/a><\/p>\n<p><a href=\"https:\/\/viennatouristinformation.com\/es\/comida\/tabernas\/\" style=\"\"><span style=\"\"><span style=\"\"><strong>sigue leyendo<\/strong><\/span><\/span><\/a><a href=\"https:\/\/viennatouristinformation.com\/es\/comida\/cafeteria\/\" dynamic-postlink=\"tcb_post_the_permalink\" data-shortcode-id=\"547\"><\/a><\/p>\n<h3 style=\"text-align: center;\"><span data-attr-css=\"tve-u-173518d039a\" data-attr-link=\"1\" data-attr-rel=\"0\" data-attr-target=\"0\" data-extra_key=\"\" data-option-inline=\"1\" data-shortcode=\"tcb_post_title\" data-shortcode-name=\"Post title\" data-attr-static-link=\"{&quot;className&quot;:&quot;&quot;,&quot;href&quot;:&quot;https:\/\/viennatouristinformation.com\/es\/comida\/restaurantes-seleccionados\/&quot;,&quot;title&quot;:&quot;22 Restaurantes seleccionados en Viena&quot;,&quot;data-css&quot;:&quot;tve-u-173518d039a&quot;,&quot;class&quot;:&quot;&quot;}\"><a href=\"https:\/\/viennatouristinformation.com\/es\/comida\/cafeteria\/\" title=\"10 aut\u00e9nticos cafeter\u00eda vieneses [con buenas valoraciones]\">10 aut\u00e9nticos cafeter\u00eda vieneses [con buenas valoraciones]<\/a><\/span><\/h3>\n<p>La cultura del caf\u00e9 vien\u00e9s es parte del Patrimonio Mundial de la UNESCO. Aqu\u00ed hay <a href=\"https:\/\/viennatouristinformation.com\/es\/comida\/cafeteria\/#more-1262\">&#8230;<\/a><\/p>\n<p><a href=\"https:\/\/viennatouristinformation.com\/es\/comida\/cafeteria\/\" style=\"\"><span style=\"\"><span style=\"\"><strong>sigue leyendo<\/strong><\/span><\/span><\/a><a href=\"javascript:void(0)\" style=\"\"><span style=\"\"><span style=\"\">Load More<\/span><\/span><\/a><\/p>\n<p style=\"text-align: center;\">\u00bfQu\u00e9 puedo comer en Viena?<\/p>\n<p style=\"text-align: center;\">Strudel de manzana, Kaiserschmarrn, panqueques y Wiener Schnitzel son los primeros pensamientos. \u00bfPero qu\u00e9 m\u00e1s hay?<\/p>\n<h2><span data-attr-css=\"tve-u-173dcc0ebe5\" data-attr-link=\"1\" data-attr-rel=\"0\" data-attr-target=\"0\" data-extra_key=\"\" data-option-inline=\"1\" data-shortcode=\"tcb_post_title\" data-shortcode-name=\"Post title\" data-attr-static-link=\"{&quot;className&quot;:&quot;&quot;,&quot;href&quot;:&quot;https:\/\/viennatouristinformation.com\/es\/comida\/cocina-vienesa\/&quot;,&quot;title&quot;:&quot;Cocina vienesa: 21 Platos tradicionales&quot;,&quot;data-css&quot;:&quot;tve-u-173dcc0ebe5&quot;,&quot;class&quot;:&quot;&quot;}\"><a href=\"https:\/\/viennatouristinformation.com\/es\/comida\/cocina-vienesa\/\" title=\"Cocina vienesa: 21 Platos tradicionales\">Cocina vienesa: 21 Platos tradicionales<\/a><\/span><\/h2>\n<p><a href=\"javascript:void(0)\" style=\"\"><span style=\"\"><span style=\"\">Load More<\/span><\/span><\/a><\/p>\n<h2 style=\"\">Viena: ciudad de moda para Kaiserschmarrn<\/h2>\n<p>Tradicional a Vegano, Kosher y Halal. La cocina vienesa puede con todo.&nbsp;<\/p>\n<p>Restaurantes de moda, caf\u00e9s y peque\u00f1os bares abren semanalmente en la capital.&nbsp;<\/p>\n<p>Un viaje a Viena se puede combinar f\u00e1cilmente con un recorrido gourmet por los mejores restaurantes, un recorrido gastron\u00f3mico por los distritos de moda de Viena o los cl\u00e1sicos restaurantes tradicionales.&nbsp;<\/p>\n<\/p>\n<p>Una tarta Sacher y un Wiener Schnitzel original son tan parte de Viena como visitar uno de los muchos restaurantes alrededor del Spittelberg o el puesto de salchichas Bitzinger en el Prater.<\/p>\n<\/p>\n<p>Platos de Italia, la cocina \u00e1rabe y Asia ahora tambi\u00e9n forman parte de los platos diarios.<\/p>\n<h3>El distrito correcto<\/h3>\n<ul>\n<li style=\"\"><span style=\"\">\u00bfCocina casera con platos cl\u00e1sicos de Viena? Puedes comer Wiener Schnitzel en Figlm\u00fcller en el centro de la ciudad, y los t\u00edpicos pubs vieneses se pueden encontrar en cada parte de la ciudad.<\/span><\/li>\n<li><span>\u00bfCocina internacional barata? Un desv\u00edo al Barrio de las Servilletas bien vale la pena.<\/span><\/li>\n<li><span>\u00bfComida arabica? El 1er distrito puede hacer eso.<\/span><\/li>\n<li><span>\u00bfAsi\u00e1tico? Conduzca hasta los distritos 6 y 7.<\/span><\/li>\n<li><span>\u00bfla vida nocturna? El Tri\u00e1ngulo de las Bermudas en Wien Mitte en Schwedenplatz es la direcci\u00f3n correcta.<\/span><\/li>\n<\/ul>\n<h2 style=\"\">Abastecimiento<\/h2>\n<p style=\"\">Para eventos de empresa, ferias comerciales y grandes eventos privados, estaremos encantados de encargarnos del catering en Viena.<\/p>\n<p style=\"\">\n<p style=\"\">Obtenga m\u00e1s informaci\u00f3n sobre nuestras <a href=\"https:\/\/viennatouristinformation.com\/es\/gruppenreisen-nach-wien-full-service-m-i-c-e\/\" style=\"outline: none;\">ofertas de viajes en grupo<\/a> aqu\u00ed .&nbsp;<\/p>\n<ul>\n<li style=\"\"><span style=\"\"><span data-attr-id=\"18\" data-extra_key=\"1\" data-option-inline=\"1\" data-shortcode=\"thrive_global_fields\" data-shortcode-name=\"[Company] MICE Telefon\" style=\"\">support@ViennaTouristInformation.com<\/span><\/span><\/li>\n<li style=\"\"><span style=\"\"><span data-attr-id=\"17\" data-extra_key=\"1\" data-option-inline=\"1\" data-shortcode=\"thrive_global_fields\" data-shortcode-name=\"[Company] MICE E-Mail\" style=\"\">00431232323<\/span><\/span><\/li>\n<\/ul>\n<p><span><img decoding=\"async\" alt=\"\" data-id=\"1330\" width=\"536\" data-init-width=\"1200\" height=\"630\" data-init-height=\"630\" title=\"Catering-f\u00fcr-Messen-Events-und-gro\u00dfe-private-Feiern-Berlin\" loading=\"lazy\" src=\"\/\/viennatouristinformation.com\/es\/wp-content\/uploads\/2020\/08\/Catering-f\u00fcr-Messen-Events-und-gro\u00dfe-private-Feiern-Berlin.jpg\" data-width=\"536\" data-pin-media=\"https:\/\/viennatouristinformation.com\/es\/wp-content\/uploads\/2021\/01\/wien_pinterest_Restaurant_guide-2.jpg\" data-pin-description=\"Comer en Viena: Restaurantes, cafeter\u00edas y platos t\u00edpicos\" data-pin-url=\"https:\/\/viennatouristinformation.com\/es\/comida\/?tve=true&amp;tcbf=712562d2ea\" style=\"aspect-ratio: auto 1200 \/ 630;\"><\/span><\/p>\n","protected":false},"excerpt":{"rendered":"<p>Wien Restaurant Guide:&nbsp; Aqu\u00ed hay restaurantes, cafeter\u00edas y platos t\u00edpicos vieneses para cada ocasi\u00f3n. \u00bfD\u00f3nde puedo comer en Viena? 22 Restaurantes seleccionados en Viena No siempre tiene que ser cl\u00e1sico. Aqu\u00ed, por lo tanto, hemos seleccionado lugares \u00fanicos para &#8230; sigue leyendo 15 Buenos caf\u00e9s en Viena, desde modernos hasta antiguos En 1685 se abri\u00f3 [&hellip;]<\/p>\n","protected":false},"author":17,"featured_media":2685,"parent":0,"menu_order":0,"comment_status":"closed","ping_status":"closed","template":"","meta":{"footnotes":""},"tags":[],"class_list":["post-1467","page","type-page","status-publish","has-post-thumbnail","hentry","post-wrapper","thrv_wrapper"],"_links":{"self":[{"href":"https:\/\/viennatouristinformation.com\/es\/wp-json\/wp\/v2\/pages\/1467","targetHints":{"allow":["GET"]}}],"collection":[{"href":"https:\/\/viennatouristinformation.com\/es\/wp-json\/wp\/v2\/pages"}],"about":[{"href":"https:\/\/viennatouristinformation.com\/es\/wp-json\/wp\/v2\/types\/page"}],"author":[{"embeddable":true,"href":"https:\/\/viennatouristinformation.com\/es\/wp-json\/wp\/v2\/users\/17"}],"replies":[{"embeddable":true,"href":"https:\/\/viennatouristinformation.com\/es\/wp-json\/wp\/v2\/comments?post=1467"}],"version-history":[{"count":0,"href":"https:\/\/viennatouristinformation.com\/es\/wp-json\/wp\/v2\/pages\/1467\/revisions"}],"wp:featuredmedia":[{"embeddable":true,"href":"https:\/\/viennatouristinformation.com\/es\/wp-json\/wp\/v2\/media\/2685"}],"wp:attachment":[{"href":"https:\/\/viennatouristinformation.com\/es\/wp-json\/wp\/v2\/media?parent=1467"}],"wp:term":[{"taxonomy":"post_tag","embeddable":true,"href":"https:\/\/viennatouristinformation.com\/es\/wp-json\/wp\/v2\/tags?post=1467"}],"curies":[{"name":"wp","href":"https:\/\/api.w.org\/{rel}","templated":true}]}}