{"id":1512,"date":"2020-09-16T12:22:04","date_gmt":"2020-09-16T10:22:04","guid":{"rendered":"http:\/\/viennatouristinformation.com\/es\/?page_id=1512"},"modified":"2023-06-13T11:14:02","modified_gmt":"2023-06-13T09:14:02","slug":"la-vida-nocturna","status":"publish","type":"page","link":"https:\/\/viennatouristinformation.com\/es\/la-vida-nocturna\/","title":{"rendered":"Gu\u00eda de la vida nocturna de Viena"},"content":{"rendered":"<h1 style=\"\">Gu\u00eda de vida nocturna de Viena<\/h1>\n<p style=\"\">Los distritos de vida nocturna m\u00e1s modernos de Viena. Bares, clubes, restaurantes y consejos generales para una noche vibrante en la escena de Viena.<\/p>\n<h2 style=\"\">\u00bfQu\u00e9 tengo que saber?<\/h2>\n<p dir=\"ltr\">\u00a1Viena es una ciudad cosmopolita! Incluso si la vida nocturna no puede seguir el ritmo de las metr\u00f3polis como Londres o Berl\u00edn, sigue siendo desafiante y emocionante. Detr\u00e1s de su patrimonio art\u00edstico y cultural, Viena tambi\u00e9n esconde un alma joven que se manifiesta en una vibrante vida nocturna.&nbsp;<\/p>\n<p dir=\"ltr\">Hay lugares para salir para todos los presupuestos: desde pubs acogedores y econ\u00f3micos hasta bares de moda con clase y clubes nocturnos escandalosamente caros. La mayor\u00eda de los lugares est\u00e1n abiertos todos los d\u00edas del a\u00f1o, pero algunos clubes al aire libre solo abren en verano.<\/p>\n<p dir=\"ltr\">Viena es un destino para los fan\u00e1ticos de la m\u00fasica electr\u00f3nica y, aunque los clubes pueden describirse como peque\u00f1os, la calidad es de primera. Si no te gustan las discotecas, puedes ir a un bar con m\u00fasica en vivo, a un pub, a un pub oa un concierto de m\u00fasica cl\u00e1sica.<\/p>\n<h3>Consejos de vida nocturna<\/h3>\n<ul>\n<li><span style=\"\"><strong>Horario de apertura:<\/strong> \u00a1Viena no duerme! Desde la puesta del sol hasta las primeras horas de la ma\u00f1ana.&nbsp;<\/span><\/li>\n<li><span style=\"\"><strong>Distrito de vida nocturna:<\/strong> Tri\u00e1ngulo de las Bermudas, arcos Stadtbahn, Mariahilf y Neubau<\/span><\/li>\n<li><span style=\"\"><strong>Precios:<\/strong> Se aplican precios europeos.&nbsp;<\/span><\/li>\n<\/ul>\n<p style=\"\"><strong><span><span style=\"text-decoration: underline;\">Heurigen y Beisl:<\/span> <\/span><\/strong><span style=\"color: var(--tcb-skin-color-3);\"> Heurigen son los t\u00edpicos pubs de Viena regentados por viticultores, la mayor\u00eda de la periferia, con vino de producci\u00f3n propia y productos agr\u00edcolas.<\/span><\/p>\n<p><span><a href=\"https:\/\/viennatouristinformation.com\/es\/wp-content\/uploads\/2020\/09\/Beyoglu-at-Night-Itanbul-Turkey.jpg\"><img decoding=\"async\" alt=\"bermudas\" data-id=\"2694\" data-init-width=\"1200\" data-init-height=\"630\" title=\"bermudas\" src=\"\/\/viennatouristinformation.com\/es\/wp-content\/uploads\/2020\/10\/Bermudadreieck.jpg\" data-width=\"1080\" data-height=\"567\" data-link-wrap=\"true\" style=\"aspect-ratio: auto 1200 \/ 630;\" width=\"1080\" height=\"567\" loading=\"lazy\" data-pin-media=\"https:\/\/viennatouristinformation.com\/es\/wp-content\/uploads\/2021\/01\/wien_pinterest_nightlife_guide-2.jpg\" data-pin-description=\"Gu\u00eda de la vida nocturna de Viena: barrios, bares y discotecas con consejos | Vienna Tourist Information\" data-pin-url=\"https:\/\/viennatouristinformation.com\/es\/la-vida-nocturna\/?tve=true&amp;tcbf=1ce1674b2e\"><\/a><\/span><\/p>\n<h2 style=\"text-align: left;\">Bermudas<\/h2>\n<p>El Tri\u00e1ngulo de las Bermudas se encuentra en el coraz\u00f3n del centro hist\u00f3rico, cerca del Canal del Danubio.<\/p>\n<\/p>\n<p>Esta zona sol\u00eda estar dedicada al comercio textil, pero desde principios de los 80 con la apertura del pub Krah-Krah al estilo de las antiguas tabernas austriacas, se ha vuelto cada vez m\u00e1s popular.<\/p>\n<p>Hoy en d\u00eda esta zona es muy animada y frecuentada por lugare\u00f1os y turistas hasta altas horas de la noche gracias a las numerosas discotecas y pubs con buena cerveza, gastronom\u00eda local y m\u00fasica en directo.<\/p>\n<p>Alrededor de la Catedral de San Esteban, Graben y K\u00e4rnterstra\u00dfe hay algunos restaurantes m\u00e1s exclusivos. Los ejemplos incluyen Schwarzer Kameel, fundado en 1618, Sky Bar y Loos Bar.&nbsp;<\/p>\n<p><span><a href=\"https:\/\/viennatouristinformation.com\/es\/wp-content\/uploads\/2020\/09\/Istanbul-Kadikoy-at-Night.jpg\"><img decoding=\"async\" alt=\"arcos de tren ligero\" data-id=\"2696\" data-init-width=\"1200\" data-init-height=\"630\" title=\"arcos de tren ligero\" src=\"\/\/viennatouristinformation.com\/es\/wp-content\/uploads\/2020\/10\/Stadtbahnb\u00f6gen.jpg\" data-width=\"1080\" data-height=\"567\" data-link-wrap=\"true\" style=\"aspect-ratio: auto 1200 \/ 630;\" width=\"1080\" height=\"567\" loading=\"lazy\" data-pin-media=\"https:\/\/viennatouristinformation.com\/es\/wp-content\/uploads\/2021\/01\/wien_pinterest_nightlife_guide-2.jpg\" data-pin-description=\"Gu\u00eda de la vida nocturna de Viena: barrios, bares y discotecas con consejos | Vienna Tourist Information\" data-pin-url=\"https:\/\/viennatouristinformation.com\/es\/la-vida-nocturna\/?tve=true&amp;tcbf=1ce1674b2e\"><\/a><\/span><\/p>\n<h2 style=\"\">Arcos de tren ligero<\/h2>\n<p>A primera vista, no es exactamente el lugar m\u00e1s pintoresco de Viena. Una calle muy transitada con rieles para un tren en los arcos del medio.<\/p>\n<p>Durante m\u00e1s de 100 a\u00f1os, la l\u00ednea de metro U6 ha estado circulando por los arcos, y justo debajo hay locales de m\u00fasica entre las estaciones Thaliastrasse y Nussdorfer Strasse.<\/p>\n<p>La m\u00fasica alta ahoga el ruido del tr\u00e1fico pesado, las bandas y los DJ realmente pueden pisar el acelerador, durante toda la noche en verano.<\/p>\n<p><span><a href=\"https:\/\/viennatouristinformation.com\/es\/wp-content\/uploads\/2020\/09\/Istanbul-Bosphorus-Night-Cruise-Turkey.jpg\"><img decoding=\"async\" alt=\"Distrito 6 Mariahilf y distrito 7 Neubau\" data-id=\"2698\" data-init-width=\"1200\" data-init-height=\"630\" title=\"Distrito 6 Mariahilf y distrito 7 Neubau\" src=\"\/\/viennatouristinformation.com\/es\/wp-content\/uploads\/2020\/10\/6.-Bezirk-Mariahilf-und-7.-Bezirk-Neubau.jpg\" data-width=\"1080\" data-height=\"567\" data-link-wrap=\"true\" width=\"1080\" height=\"567\" loading=\"lazy\" data-pin-media=\"https:\/\/viennatouristinformation.com\/es\/wp-content\/uploads\/2021\/01\/wien_pinterest_nightlife_guide-2.jpg\" data-pin-description=\"Gu\u00eda de la vida nocturna de Viena: barrios, bares y discotecas con consejos | Vienna Tourist Information\" data-pin-url=\"https:\/\/viennatouristinformation.com\/es\/la-vida-nocturna\/?tve=true&amp;tcbf=1ce1674b2e\" style=\"aspect-ratio: auto 1200 \/ 630;\"><\/a><\/span><\/p>\n<h2 style=\"\">Distrito 6 Mariahilf y distrito 7 Neubau<\/h2>\n<p>El mercado m\u00e1s famoso de Viena, el Naschmarkt, es una zona con una vida nocturna muy animada. Aqu\u00ed encontrar\u00e1 numerosos caf\u00e9s, restaurantes y bares de moda, que son frecuentados por muchos lugare\u00f1os. Una sociedad multicultural busca variedad lejos de los grandes clubes y discotecas.<\/p>\n<\/p>\n<p>Tambi\u00e9n se ha desarrollado una escena de bares j\u00f3venes en el distrito de Neubau alrededor del distrito de los museos, y siempre hay algo que hacer aqu\u00ed desde el desayuno hasta tarde en la noche.<\/p>\n<\/p>\n<p><span><a href=\"https:\/\/viennatouristinformation.com\/es\/wp-content\/uploads\/2020\/09\/Istanbul-Bosphorus-Night-Cruise-Turkey.jpg\"><img decoding=\"async\" alt=\"Prater Beisl bis Praterdome\" data-id=\"2700\" data-init-width=\"1200\" data-init-height=\"630\" title=\"Prater Beisl bis Praterdome\" src=\"\/\/viennatouristinformation.com\/es\/wp-content\/uploads\/2020\/10\/Prater-Beisl-bis-Praterdome.jpg\" data-width=\"1080\" data-height=\"567\" data-link-wrap=\"true\" width=\"1080\" height=\"567\" loading=\"lazy\" data-pin-media=\"https:\/\/viennatouristinformation.com\/es\/wp-content\/uploads\/2021\/01\/wien_pinterest_nightlife_guide-2.jpg\" data-pin-description=\"Gu\u00eda de la vida nocturna de Viena: barrios, bares y discotecas con consejos | Vienna Tourist Information\" data-pin-url=\"https:\/\/viennatouristinformation.com\/es\/la-vida-nocturna\/?tve=true&amp;tcbf=1ce1674b2e\" style=\"aspect-ratio: auto 1200 \/ 630;\"><\/a><\/span><\/p>\n<h2 style=\"\">Prater: Beisl bis Praterdome<\/h2>\n<p>El Prater y sus alrededores tambi\u00e9n ofrecen una animada vida nocturna. El Praterdome am Riesenrad es la discoteca m\u00e1s grande de Austria y ofrece un espectacular espect\u00e1culo de l\u00e1ser en 2 niveles y 4 pistas de baile.<\/p>\n<\/p>\n<p>El Pratersauna es uno de los clubes de techno y electro m\u00e1s modernos de Viena con el encanto de los a\u00f1os 60 y una piscina con un paisaje de arena en el jard\u00edn. La barra iluminada en verde hecha de piedra natural es impresionante.<\/p>\n<\/p>\n<p>Si no te apetece ir a una discoteca o club, simplemente puedes ponerte c\u00f3modo en uno de los numerosos pubs de la zona.<\/p>\n<\/p>\n<p><span><a href=\"https:\/\/viennatouristinformation.com\/es\/wp-content\/uploads\/2020\/09\/Istanbul-Bosphorus-Night-Cruise-Turkey.jpg\"><img decoding=\"async\" alt=\"Conciertos de m\u00fasica cl\u00e1sica, teatro y \u00f3pera\" data-id=\"2701\" data-init-width=\"1200\" data-init-height=\"630\" title=\"Conciertos de m\u00fasica cl\u00e1sica, teatro y \u00f3pera\" src=\"\/\/viennatouristinformation.com\/es\/wp-content\/uploads\/2020\/10\/Klassische-Konzerte-Theater-und-Oper.jpg\" data-width=\"1080\" data-height=\"567\" data-link-wrap=\"true\" width=\"1080\" height=\"567\" loading=\"lazy\" data-pin-media=\"https:\/\/viennatouristinformation.com\/es\/wp-content\/uploads\/2021\/01\/wien_pinterest_nightlife_guide-2.jpg\" data-pin-description=\"Gu\u00eda de la vida nocturna de Viena: barrios, bares y discotecas con consejos | Vienna Tourist Information\" data-pin-url=\"https:\/\/viennatouristinformation.com\/es\/la-vida-nocturna\/?tve=true&amp;tcbf=1ce1674b2e\" style=\"aspect-ratio: auto 1200 \/ 630;\"><\/a><\/span><\/p>\n<h2 style=\"\">Conciertos de m\u00fasica cl\u00e1sica, teatro y \u00f3pera<\/h2>\n<p>La reputaci\u00f3n de Viena como ciudad teatral la precede, y la ciudad tambi\u00e9n es conocida por sus conciertos de m\u00fasica cl\u00e1sica.<\/p>\n<p>La \u00d3pera Estatal de Viena es mundialmente famosa y ofrece un amplio programa de representaciones de \u00f3pera, ballet cl\u00e1sico y teatro. El concierto de A\u00f1o Nuevo de la Filarm\u00f3nica de Viena tiene lugar aqu\u00ed, al igual que el Baile de la \u00d3pera de Viena.<\/p>\n<p>Los conciertos en el Palacio de Sch\u00f6nbrunn son muy populares.<\/p>\n<p>Tambi\u00e9n existen otros numerosos escenarios que ofrecen un programa tan exigente como variado.<\/p>\n<h2 style=\"text-align: center;\">\u00a1Cuidado con las trampas para turistas!<\/h2>\n<p>Viena puede presumir de ser una de las pocas grandes ciudades donde no hay frecuentes<\/p>\n<p>existen trampas para turistas.<\/p>\n<\/p>\n<p>Los Fiaker, los carruajes tirados por caballos, son quiz\u00e1s un poco caros y frente a la \u00f3pera gente disfrazada de Mozart trata de vender entradas para conciertos. Hay que tener cuidado aqu\u00ed, ya que en su mayor\u00eda son entradas para alg\u00fan teatro en el patio trasero.<\/p>\n<\/p>\n<p>Como turista en Viena, puede sentirse como en casa y no tiene que temer las trampas para turistas.&nbsp;<\/p>\n<p style=\"text-align: center;\">Entradas Vida Nocturna<\/p>\n<p style=\"text-align: center;\">Experiencias en la noche<\/p>\n<p style=\"text-align: center;\">Conciertos a Pub Crawl. Descubra la vida nocturna de Viena junto con grupos, reserve entradas individuales y reserve la entrada a los teatros.<\/p>\n<h3 style=\"\"><span data-attr-css=\"tve-u-1751c4ffa5d\" data-attr-link=\"1\" data-attr-rel=\"0\" data-attr-target=\"0\" data-extra_key=\"\" data-option-inline=\"1\" data-shortcode=\"tcb_post_title\" data-shortcode-name=\"Post title\" data-attr-static-link=\"{&quot;className&quot;:&quot;&quot;,&quot;href&quot;:&quot;https:\/\/viennatouristinformation.com\/es\/entradas\/&quot;,&quot;title&quot;:&quot;Entradas, visitas guiadas y audiogu\u00edas&quot;,&quot;data-css&quot;:&quot;tve-u-1751c4ffa5d&quot;,&quot;class&quot;:&quot;&quot;}\"><a href=\"https:\/\/viennatouristinformation.com\/es\/entradas\/\" title=\"Entradas, visitas guiadas y audiogu\u00edas\">Entradas, visitas guiadas y audiogu\u00edas<\/a><\/span><\/h3>\n<p><a href=\"javascript:void(0)\" style=\"\"><span style=\"\"><span style=\"\">Load More<\/span><\/span><\/a><\/p>\n","protected":false},"excerpt":{"rendered":"<p>Gu\u00eda de vida nocturna de Viena Los distritos de vida nocturna m\u00e1s modernos de Viena. Bares, clubes, restaurantes y consejos generales para una noche vibrante en la escena de Viena. \u00bfQu\u00e9 tengo que saber? \u00a1Viena es una ciudad cosmopolita! Incluso si la vida nocturna no puede seguir el ritmo de las metr\u00f3polis como Londres o [&hellip;]<\/p>\n","protected":false},"author":17,"featured_media":2692,"parent":0,"menu_order":0,"comment_status":"closed","ping_status":"closed","template":"","meta":{"footnotes":""},"tags":[],"class_list":["post-1512","page","type-page","status-publish","has-post-thumbnail","hentry","post-wrapper","thrv_wrapper"],"_links":{"self":[{"href":"https:\/\/viennatouristinformation.com\/es\/wp-json\/wp\/v2\/pages\/1512","targetHints":{"allow":["GET"]}}],"collection":[{"href":"https:\/\/viennatouristinformation.com\/es\/wp-json\/wp\/v2\/pages"}],"about":[{"href":"https:\/\/viennatouristinformation.com\/es\/wp-json\/wp\/v2\/types\/page"}],"author":[{"embeddable":true,"href":"https:\/\/viennatouristinformation.com\/es\/wp-json\/wp\/v2\/users\/17"}],"replies":[{"embeddable":true,"href":"https:\/\/viennatouristinformation.com\/es\/wp-json\/wp\/v2\/comments?post=1512"}],"version-history":[{"count":0,"href":"https:\/\/viennatouristinformation.com\/es\/wp-json\/wp\/v2\/pages\/1512\/revisions"}],"wp:featuredmedia":[{"embeddable":true,"href":"https:\/\/viennatouristinformation.com\/es\/wp-json\/wp\/v2\/media\/2692"}],"wp:attachment":[{"href":"https:\/\/viennatouristinformation.com\/es\/wp-json\/wp\/v2\/media?parent=1512"}],"wp:term":[{"taxonomy":"post_tag","embeddable":true,"href":"https:\/\/viennatouristinformation.com\/es\/wp-json\/wp\/v2\/tags?post=1512"}],"curies":[{"name":"wp","href":"https:\/\/api.w.org\/{rel}","templated":true}]}}