{"id":1559,"date":"2020-09-09T08:05:40","date_gmt":"2020-09-09T06:05:40","guid":{"rendered":"http:\/\/viennatouristinformation.com\/es\/?page_id=1559"},"modified":"2023-06-01T16:17:43","modified_gmt":"2023-06-01T14:17:43","slug":"recuerdos","status":"publish","type":"page","link":"https:\/\/viennatouristinformation.com\/es\/compras\/recuerdos\/","title":{"rendered":"16 Recuerdos de Viena"},"content":{"rendered":"<h2 id=\"t-1670070226582\" data-hide=\"true\">Was w\u00e4re ein Urlaub ohne Souvenir?<\/h2>\n<p>In Wien ist die Auswahl riesig, die F\u00fclle unersch\u00f6pflich. Zwischen klassischen und traditionellen Mitbringsel findet sich alles.<\/p>\n<p>Nat\u00fcrlich sind auch in Wien alle Wahrzeichen in jeder Form als Souvenir erh\u00e4ltlich. Dazu z\u00e4hlen Tassen, Teller, Glas, Postkarten, Postern, T-Shirts, Taschen, Magnete, Schl\u00fcsselanh\u00e4nger und vieles mehr.<\/p>\n<p>Doch es gibt auch die Souvenirs, die etwas \u00fcber Wien erz\u00e4hlen und typisch f\u00fcr Stadt sind.<\/p>\n<p>Wir haben hier ein paar Ideen f\u00fcr typische und au\u00dfergew\u00f6hnliche Souvenirs zusammengestellt, einige haben eine interessante Geschichte.<\/p>\n<h2 id=\"t-1670070226583\">1. Mozartkugeln<\/h2>\n<p><span><img decoding=\"async\" alt=\"Mozartkugeln in Vienna in Austria\" data-id=\"2266\" width=\"885\" data-init-width=\"1000\" height=\"590\" data-init-height=\"667\" title=\"Mozartkugeln in Vienna in Austria\" loading=\"lazy\" src=\"\/\/viennatouristinformation.com\/es\/wp-content\/uploads\/2020\/10\/Mozartkugeln.jpg\" data-width=\"885\" data-height=\"590\"><\/span><\/p>\n<p>Die Kugel aus Schokolade, Pistazien, Marzipan und Nougat wurde erstmals 1890 von dem Salzburger Konditor Paul F\u00fcrst hergestellt. Benannt hat er sie 100 Jahre nach dessen Tod nach dem ber\u00fchmten Komponisten Wolfgang Amadeus Mozart. Urspr\u00fcnglich hie\u00dfen die Mozartkugeln Mozart-Bonbon.<\/p>\n<p>Echte Mozartkugeln sind ganz rund, haben keine abgeflachte Seite und sind goldrot verpackt.<\/p>\n<p>Hergestellt werden sie unter der Marke Mirabell. Eigenen Angaben zufolge werden pro Jahr \u00fcber 90 Millionen Mozartkugeln industriell produziert und in \u00fcber 30 L\u00e4nder exportiert.<\/p>\n<p>Im Supermarkt sind Mozartkugeln g\u00fcnstiger als in den Souvenirgesch\u00e4ften.<\/p>\n<h2 id=\"t-1670070226584\">2. Sachertorte<\/h2>\n<p><span><img decoding=\"async\" alt=\"Sachertorte in Vienna in Austria\" data-id=\"2267\" width=\"885\" data-init-width=\"1000\" height=\"590\" data-init-height=\"667\" title=\"Sachertorte in Vienna in Austria\" loading=\"lazy\" src=\"\/\/viennatouristinformation.com\/es\/wp-content\/uploads\/2020\/10\/Sachertorte.jpg\" data-width=\"885\" data-height=\"590\"><\/span><\/p>\n<p>Die Sachertorte wurde 1832 von dem B\u00e4ckerlehrling Franz Sacher erfunden, als der Chefkoch von F\u00fcrst Metternich erkrankte und der Lehrling das vom F\u00fcrsten gew\u00fcnschte besondere Dessert alleine herstellen musste. Sp\u00e4ter wurde die Sachertorte von seinem Sohn Eduard Sacher perfektioniert.<\/p>\n<p>Die Zutaten sind wenig spektakul\u00e4r, ein Teig aus Butter, Zucker, Eier, Schokolade, Mehl und Vanille wird nach dem Backen in der Mitte geteilt, mit Aprikosenmarmelade bestrichen und mit Schokoladenglasur \u00fcberzogen.<\/p>\n<p>Das traditionelle Caf\u00e9 Sacher in dem gleichnamigen Hotel stellt jedes Jahr etwa 300.000 Sachertorten her, daf\u00fcr werden 70 Tonnen Aprikosenmarmelade pro Jahr ben\u00f6tigt.<\/p>\n<p>Ein sch\u00f6nes Mitbringsel f\u00fcr alle Naschkatzen.<\/p>\n<h2 id=\"t-1670070226585\">3. Kandierte Veilchen<\/h2>\n<p>Es ist erstaunlich, dass Kaiserin Elisabeth bei einem \u00fcberlieferten Taillenumfang von 51 Zentimetern \u00fcberhaupt S\u00fc\u00dfigkeiten a\u00df, doch Sissi lie\u00df sich die kandidierten Veilchen aus der K.u.K. Hofzuckerb\u00e4ckerei Demel regelm\u00e4\u00dfig von Herrn Demel pers\u00f6nlich in die Hofburg liefern.<\/p>\n<p>Auch heute noch f\u00fchrt der Demel Shop am Kohlmarkt kandidierte Veilchen, f\u00fcr die nat\u00fcrliche handverlesene Veilchenbl\u00fctenbl\u00e4tter mit Zucker kandidiert werden.<\/p>\n<p>Eine s\u00fc\u00dfe Versuchung &#8230;<\/p>\n<h2 id=\"t-1670070226586\">4. Wiener Wein<\/h2>\n<p><span><img decoding=\"async\" alt=\"Wiener Wein\" data-id=\"2269\" width=\"885\" data-init-width=\"1000\" height=\"590\" data-init-height=\"667\" title=\"Wiener Wein\" loading=\"lazy\" src=\"\/\/viennatouristinformation.com\/es\/wp-content\/uploads\/2020\/10\/Wiener-Wein.jpg\" data-width=\"885\" data-height=\"590\"><\/span><\/p>\n<p>Wien ist die einzige Metropole weltweit, die innerhalb der Stadtgrenzen nennenswerten Weinbau betreibt. Angebaut werden Wiener Weine unter anderem auf dem 332 Meter hohen Nussberg sowie auf dem 484 Meter hohen Kahlenberg im 19. Bezirk Wiens. Insgesamt gibt es 700 Hektar Weing\u00e4rten in Wien.<\/p>\n<p>Die Wiener Heurigenkultur wurde wegen ihrer besonderen kulturellen Bedeutung 2019 in das Nationale UNESCO-Verzeichnis des immateriellen Kulturerbes \u00d6sterreichs aufgenommen.<\/p>\n<p>Als Heuriger wird Wein vom aktuellen Jahrgang bezeichnet. Heurigenweine sind leicht und s\u00fcffig.<\/p>\n<p>Ein sch\u00f6nes Souvenir f\u00fcr alle Weinliebhaber und solche, die es noch werden wollen\u2026.<\/p>\n<h2 id=\"t-1670070226587\">5. Manner Schnitten<\/h2>\n<p>Manner ist der Familienname des Unternehmensgr\u00fcnders der Josef Manner &amp; Comp. AG \u2013 einer Wiener S\u00fc\u00dfwarenfabrik. Den Werbespruch \u201eManner mag man eben\u201c kennt fast jeder und die s\u00fc\u00dfen Waffel-Schnitten mit Haselnusscreme erst recht.<\/p>\n<p>Eine echte Manner-Schnitte ist 49 \u00d7 17 \u00d7 17 Millimeter gro\u00df und damit mundgerecht. Vier Lagen Streichmasse zwischen f\u00fcnf Lagen Waffel, das Gesamtgewicht betr\u00e4gt 7,5 Gramm pro Schnitte.<\/p>\n<p>Anfangs wurden die Schnitten lose verkauft, damit sich alle B\u00fcrger wenigstens hin und wieder eine Schnitte leisten konnten. Seit 1924 werden die Manner-Schnitten in den bekannten zwei F\u00fcnferreihen angeboten, selbstverst\u00e4ndlich in rosa Folie.<\/p>\n<p>Der gro\u00dfe Manner-Shop liegt in Wien bei der zentralen Fabrik im 17.Bezirk, doch Manner-Schnitten finden Sie in Wien auch in jedem Supermarkt.<\/p>\n<h2 id=\"t-1670070226588\">6. Kaffee<\/h2>\n<p><span><img decoding=\"async\" alt=\"Kaffee in Vienna in Austria\" data-id=\"2270\" width=\"885\" data-init-width=\"1000\" height=\"590\" data-init-height=\"667\" title=\"Kaffee in Vienna in Austria\" loading=\"lazy\" src=\"\/\/viennatouristinformation.com\/es\/wp-content\/uploads\/2020\/10\/Kaffee.jpg\" data-width=\"885\" data-height=\"590\"><\/span><\/p>\n<p>Neben seinen S\u00fc\u00dfigkeiten ist Wien nat\u00fcrlich auch f\u00fcr seine Kaffeekultur bekannt. Eine der bekanntesten Kaffeemarken in Wien ist Julius Meinl. Das Haus datiert zur\u00fcck bis in das Jahr 1862, als das Gesch\u00e4ft im 1. Bezirk gegr\u00fcndet wurde. Urspr\u00fcnglich wurden hier nur gr\u00fcne Kaffeebohnen verkauft, erst sp\u00e4ter kam frisch ger\u00f6steter Kaffee dazu.<\/p>\n<p>Die 1950 er\u00f6ffnete Wiener Hauptfiliale \u201eMeinl am Graben\u201c wird heute als Flagshipstore gef\u00fchrt.<\/p>\n<h2 id=\"t-1670070226589\">7. K\u00e4se und Wurst vom Naschmarkt<\/h2>\n<p><span><img decoding=\"async\" alt=\"K\u00e4se und Wurst vom Naschmarkt\" data-id=\"2271\" width=\"885\" data-init-width=\"1000\" height=\"590\" data-init-height=\"667\" title=\"K\u00e4se und Wurst vom Naschmarkt\" loading=\"lazy\" src=\"\/\/viennatouristinformation.com\/es\/wp-content\/uploads\/2020\/10\/K\u00e4se-und-Wurst-vom-Naschmarkt.jpg\" data-width=\"885\" data-height=\"590\"><\/span><\/p>\n<p>Montags bis freitags von 06:00 bis 21:00 Uhr und samstags von 06:00 bis 18:00 Uhr bieten die St\u00e4nde am Naschmarkt ihre Waren an. Neben Obst, Gem\u00fcse und Fleisch werden auch &nbsp;Gew\u00fcrze, K\u00e4se und Wurst aus verschiedenen L\u00e4ndern und Regionen verkauft. Der Naschmarkt ist der wichtigste Markt von Wien.<\/p>\n<p>Bestimmt freuen sich die Zuhausegebliebenen \u00fcber ein sch\u00f6nes St\u00fcck K\u00e4se oder eine feine Wurst, die original Wienerisch eingekauft wurde.<\/p>\n<h2 id=\"t-1670070226590\">8. Gustav Klimt<\/h2>\n<p><span><img decoding=\"async\" alt=\"Gustav Klimt\" data-id=\"2272\" width=\"885\" data-init-width=\"1000\" height=\"590\" data-init-height=\"667\" title=\"Gustav Klimt\" loading=\"lazy\" src=\"\/\/viennatouristinformation.com\/es\/wp-content\/uploads\/2020\/10\/Gustav-Klimt.jpg\" data-width=\"885\" data-height=\"590\"><\/span><\/p>\n<p>Gustav Klimt war ein bedeutender \u00f6sterreichischer Maler (1862 \u2013 1918) und einer der bekanntesten Vertreter des Jugendstils. Sein ber\u00fchmtestes Gem\u00e4lde \u201eDer Kuss\u201c entstand in den Jahren 1908 \u2013 1909, die auch als Klimts goldene Phase bezeichnet werden.<\/p>\n<p>Zahlreiche Reproduktionen des Gem\u00e4ldes sowie andere Motive von Gustav Klimt werden in Wien verkauft. Die gr\u00f6\u00dfte Auswahl findet man in den Klimt-Souvenir-L\u00e4den.<\/p>\n<h2 id=\"t-1670070226591\">9. Klassische Musik<\/h2>\n<p><span><img decoding=\"async\" alt=\"Klassische Musik\" data-id=\"2273\" width=\"885\" data-init-width=\"1000\" height=\"590\" data-init-height=\"667\" title=\"Klassische Musik\" loading=\"lazy\" src=\"\/\/viennatouristinformation.com\/es\/wp-content\/uploads\/2020\/10\/Klassische-Musik.jpg\" data-width=\"885\" data-height=\"590\"><\/span><\/p>\n<p>\u00d6sterreich hat viele ber\u00fchmte Komponisten hervorgebracht. Wolfgang Amadeus Mozart ist vermutlich der bekannteste unter ihnen, doch auch Joseph Haydn, Johann Strauss und Franz Schubert stammten aus \u00d6sterreich. Ludwig van Beethoven wurde zwar in Bonn geboren, lebte jedoch ab seinem 22. Lebensjahr in Wien, wo er auch seine ber\u00fchmtesten Werke komponierte.<\/p>\n<p>CD\u2019s mit den entsprechenden Kompositionen sind ein gutes Souvenir f\u00fcr alle musikbegeisterten G\u00e4ste.<\/p>\n<h2 id=\"t-1670070226592\">10. M\u00fchlbauer H\u00fcte<\/h2>\n<p>1903 gr\u00fcndete Julianna M\u00fchlbauer eine kleine Hutwerkstatt in der Seilergasse in der Wiener Innenstadt. Heute ist der Enkelsohn der Gr\u00fcnderin, Klaus M\u00fchlbacher, Hutmacher in vierter Generation. Das Gesch\u00e4ft wird immer noch familiengef\u00fchrt und alle H\u00fcte werden per Hand hergestellt. Jeden Hut aus der Hutmanufaktur M\u00fchlbauer ziert ein geschwungenes silbernes M, das Marken und Qualit\u00e4tszeichen der H\u00fcte.<\/p>\n<p>Ein wirklich typisch \u00f6sterreichisches Souvenir ist der Tirolerhut, der aus weichem Filz hergestellt und mit einem Pinsel oder einer Feder dekoriert ist.<\/p>\n<h2 id=\"t-1670070226593\">11. Handgemachte Schuhe<\/h2>\n<p>Wer exklusive Schuhe sucht, ist bei der Ludwig Reiter Schuhmanufaktur genau richtig. Gegr\u00fcndet wurde das Unternehmen 1885, heute wird es in der vierten Generation familiengef\u00fchrt. In der Wiener Manufaktur werden handgemachte Schuhe nach dem traditionellen Goodyear-Verfahren hergestellt. J\u00e4hrlich werden circa 30.000 Schuhe hergestellt.<\/p>\n<p>Die Manufaktur befindet sich in Wien S\u00fc\u00dfenbrunn im 22. Bezirk, Gesch\u00e4fte gibt es in der Innenstadt in der F\u00fchrichgasse und am M\u00f6lkersteig.<\/p>\n<h2 id=\"t-1670070226594\">12. J &amp; L Lobmeyr<\/h2>\n<p>Der Glasermeister Josef Lobmeyr er\u00f6ffnete 1823 sein erstes Gesch\u00e4ft, 1860 wurde die Firma J&amp;L Lobmeyr Hofglaswarenh\u00e4ndler und lieferte unter anderen Kristall-L\u00fcster f\u00fcr die Hofburg, f\u00fcr das Schloss Sch\u00f6nbrunn sowie auch f\u00fcr die bayerischen K\u00f6nigsschl\u00f6sser.<\/p>\n<p>Das Stammhaus in der K\u00e4rntner Strasse ist noch heute in Familienbesitz und bietet mundgeblasene und handgeschliffene Gl\u00e4ser, Kr\u00fcge, Vasen, L\u00fcster und Lampen zum Verkauf an.<\/p>\n<h2 id=\"t-1670070226595\">13. Porzellan<\/h2>\n<p>Die Wiener Porzellanmanufaktur Augarten ist nach dem Garten benannt, in dem sich ihre Manufakturgeb\u00e4ude befinden. Gegr\u00fcndet wurde sie in ihrer heutigen Form im Jahre 1923. Alle St\u00fccke werden auch heute noch von Hand hergestellt. Augarten Porzellan ist das teuerste \u00f6sterreichische Porzellan und wird auch f\u00fcr Staatszwecke wie beispielsweise in der Hofburg, dem Bundeskanzleramt und den \u00f6sterreichischen Botschaften verwendet.<\/p>\n<p>Verkauft werden unter anderem Vasen, Speise- und Teeservices, Figuren, Lampen und vieles mehr. Die Entw\u00fcrfe entstammen verschiedenen Epochen und umfassen unterschiedliche Motive. Neben Blumen-Buketts, Jagd- und Naturmotiven stehen Klassizismus, Biedermeier, Art D\u00e9co und Moderne zur Auswahl.<\/p>\n<p>Der Flagshipstore der Porzellanmanufaktur Augarten befindet sich in der Innenstadt in der Spiegelgasse 3.<\/p>\n<p>Kein billiges Souvenir, aber garantiert handgemacht.<\/p>\n<h2 id=\"t-1670070226596\">14. Die Schw\u00e4bische Jungfrau<\/h2>\n<p>Wer erlesene Tisch-, Bett- und Frotteew\u00e4sche sucht, geht in Wien zur schw\u00e4bischen Jungfrau. Es ist das \u00e4lteste W\u00e4schegesch\u00e4ft in Europa, gegr\u00fcndet 1720 von einem Leinwandh\u00e4ndler aus Schwaben. Da der Mann drei T\u00f6chter hatte, bekam das Gesch\u00e4ft den Namen \u201eZur Schw\u00e4bischen Jungfrau\u201c.<\/p>\n<p>Es werden auf Wunsch auch Ma\u00dfanfertigungen mit eigenen Monogrammen hergestellt. Das Gesch\u00e4ft wurde bereits mit dem \u00d6sterreichischen Staatswappen ausgezeichnet.<\/p>\n<h2 id=\"t-1670070226597\">15. T-Shirt: No Kangaroo in Austria<\/h2>\n<p>Es kommt immer wieder vor, dass Austria, \u00d6sterreich und Australia, Australien von englischsprechenden G\u00e4sten verwechselt werden.<\/p>\n<p>Daher wurden diese T-Shirts erfunden, die den Sachverhalt eindeutig kl\u00e4ren und belegen.<\/p>\n<p>Pauli und Johann, die neulich aus einer K\u00e4nguru-Farm in \u00d6sterreich ausger\u00fcckt sind, konnten wieder zu ihren Pl\u00e4tzen zur\u00fcckgebracht werden \u2026<\/p>\n<h2 id=\"t-1670070226598\">16. Wilhelm Jungmann &amp; Neffe<\/h2>\n<p>Wilhelm Jungmann &amp; Neffe ist ein Kleidermacher im 1. Wiener Bezirk am Albertina Platz. Das Unternehmen wurde 1866 gegr\u00fcndet und war seit 1881 K.u.K. Hof- und Kammerlieferant. Heute ist Jungmann &amp; Neffe einer der wenigen original erhaltenen L\u00e4den der Gr\u00fcnderzeit, das Gesch\u00e4ft direkt gegen\u00fcber der Wiener Albertina ist denkmalgesch\u00fctzt und besitzt keine Zentralheizung, um die wertvolle Holzt\u00e4felung nicht zu besch\u00e4digen.<\/p>\n<p>Angeboten werden edle Stoffe und exklusive Accessoires.<\/p>\n<p>Kein billiges Souvenir, aber sehr original.<\/p>\n<p><span><span>Insert Image<\/span><\/span><\/p>\n","protected":false},"excerpt":{"rendered":"<p>Was w\u00e4re ein Urlaub ohne Souvenir? In Wien ist die Auswahl riesig, die F\u00fclle unersch\u00f6pflich. Zwischen klassischen und traditionellen Mitbringsel findet sich alles. Nat\u00fcrlich sind auch in Wien alle Wahrzeichen in jeder Form als Souvenir erh\u00e4ltlich. Dazu z\u00e4hlen Tassen, Teller, Glas, Postkarten, Postern, T-Shirts, Taschen, Magnete, Schl\u00fcsselanh\u00e4nger und vieles mehr. Doch es gibt auch die [&hellip;]<\/p>\n","protected":false},"author":17,"featured_media":2265,"parent":1464,"menu_order":0,"comment_status":"closed","ping_status":"closed","template":"","meta":{"footnotes":""},"tags":[],"class_list":["post-1559","page","type-page","status-publish","has-post-thumbnail","hentry","post-wrapper","thrv_wrapper"],"_links":{"self":[{"href":"https:\/\/viennatouristinformation.com\/es\/wp-json\/wp\/v2\/pages\/1559","targetHints":{"allow":["GET"]}}],"collection":[{"href":"https:\/\/viennatouristinformation.com\/es\/wp-json\/wp\/v2\/pages"}],"about":[{"href":"https:\/\/viennatouristinformation.com\/es\/wp-json\/wp\/v2\/types\/page"}],"author":[{"embeddable":true,"href":"https:\/\/viennatouristinformation.com\/es\/wp-json\/wp\/v2\/users\/17"}],"replies":[{"embeddable":true,"href":"https:\/\/viennatouristinformation.com\/es\/wp-json\/wp\/v2\/comments?post=1559"}],"version-history":[{"count":0,"href":"https:\/\/viennatouristinformation.com\/es\/wp-json\/wp\/v2\/pages\/1559\/revisions"}],"up":[{"embeddable":true,"href":"https:\/\/viennatouristinformation.com\/es\/wp-json\/wp\/v2\/pages\/1464"}],"wp:featuredmedia":[{"embeddable":true,"href":"https:\/\/viennatouristinformation.com\/es\/wp-json\/wp\/v2\/media\/2265"}],"wp:attachment":[{"href":"https:\/\/viennatouristinformation.com\/es\/wp-json\/wp\/v2\/media?parent=1559"}],"wp:term":[{"taxonomy":"post_tag","embeddable":true,"href":"https:\/\/viennatouristinformation.com\/es\/wp-json\/wp\/v2\/tags?post=1559"}],"curies":[{"name":"wp","href":"https:\/\/api.w.org\/{rel}","templated":true}]}}