{"id":163,"date":"2020-06-23T12:52:45","date_gmt":"2020-06-23T10:52:45","guid":{"rendered":"http:\/\/viennatouristinformation.com\/es\/?page_id=163"},"modified":"2023-06-01T16:31:53","modified_gmt":"2023-06-01T14:31:53","slug":"aeropuerto-schwechat","status":"publish","type":"page","link":"https:\/\/viennatouristinformation.com\/es\/plan\/llegar\/aeropuerto-schwechat\/","title":{"rendered":"Aeropuerto Viena-Schwechat"},"content":{"rendered":"<h2 id=\"t-1670061792077\" data-hide=\"true\">El aeropuerto de Schwechat est\u00e1 ubicado al sureste de Viena en la ciudad de Schwechat.<\/h2>\n<p>Es el \u00fanico aeropuerto internacional de Viena y un centro de vuelos principalmente a Europa del Este y Oriente Medio.<\/p>\n<h2 id=\"t-1670061792078\">Llegada y salida en el aeropuerto de Schwechat<\/h2>\n<h3 id=\"t-1670061792079\">Horas de llegada &#8211; Llegadas:<\/h3>\n<p>Los horarios de llegada actuales y las terminales se pueden encontrar aqu\u00ed:<\/p>\n<h3 id=\"t-1670061792080\">Salidas &#8211; Salidas<\/h3>\n<p>Los horarios de salida actuales y las terminales se pueden encontrar aqu\u00ed:&nbsp;<\/p>\n<h2 id=\"t-1670061792081\">Vuelos a Schwechat Viena<\/h2>\n<p>Es el aeropuerto de origen y centro de operaciones de Austrian Airlines y easy Jet Europe. El aeropuerto es un centro de vuelos principalmente a Europa del Este y Oriente Medio. Un total de 77 aerol\u00edneas vuelan a 217 destinos en 68 pa\u00edses de todo el mundo. Con un tiempo de conexi\u00f3n de solo 25 minutos, Schwechat es el aeropuerto de transferencia m\u00e1s r\u00e1pido de Europa.<\/p>\n<p><span><img decoding=\"async\" alt=\"Airlines at the airport in Vienna in Austria\" data-id=\"334\" width=\"885\" data-init-width=\"1000\" height=\"590\" data-init-height=\"667\" title=\"Airlines at the airport in Vienna in Austria\" loading=\"lazy\" src=\"\/\/viennatouristinformation.com\/es\/wp-content\/uploads\/2020\/06\/Airlines-at-the-airport-in-Vienna-in-Austria.jpg\" data-width=\"885\" data-height=\"590\"><\/span><\/p>\n<h2 id=\"t-1670061792082\">Aerol\u00edneas en el aeropuerto<\/h2>\n<p>Las l\u00edneas a\u00e9reas est\u00e1n repartidas en las cuatro terminales y hay cinco zonas de puertas de embarque. El Aeropuerto de Viena es un centro importante del Grupo Lufthansa y la base de operaciones de Austrian Airlines. Adem\u00e1s de Star Alliance Airlines Lufthansa, Swiss, Eurowings y Brussels Airlines, muchas otras aerol\u00edneas internacionales como Turkish Airlines, British Airways, Emirates, LOT, Qatar, Air France, KLM, as\u00ed como easyjet y Aeroflot tambi\u00e9n parten de Viena Schwechat.<\/p>\n<h2 id=\"t-1670061792083\">conexiones de vuelo<\/h2>\n<p>Adem\u00e1s de las conexiones nacionales a varias ciudades de Austria, desde Schwechat Viena se realizan vuelos internacionales dentro de Europa y rutas intercontinentales alrededor del mundo.<\/p>\n<h2 id=\"t-1670061792084\">transferencia de aeropuerto<\/h2>\n<h3 id=\"t-1670061792085\">Auto<\/h3>\n<p>El Aeropuerto Internacional de Viena se encuentra en el sureste de Viena. Se puede llegar desde el norte y el este por la A4, desde el sur por la A2 y desde el oeste por la S1, la A1 y la A4.<\/p>\n<h3 id=\"t-1670061792086\">Transporte p\u00fablico<\/h3>\n<p>El aeropuerto de Viena Schwechat est\u00e1 conectado a la red de S-Bahn con la l\u00ednea S-7 de S-Bahn, tambi\u00e9n operan trenes regionales, Railjet y autobuses. Puede encontrar m\u00e1s detalles en Transporte p\u00fablico.<\/p>\n<h3 id=\"t-1670061792087\">autob\u00fas del aeropuerto<\/h3>\n<p>Las l\u00edneas de Vienna Airport Lines est\u00e1n conectadas con todas las l\u00edneas de metro de Viena. Se ofrecen conexiones cada media hora con el aeropuerto de Viena desde Wien Westbahnhof y Wien Hauptbahnhof. El trayecto dura unos 20 minutos. Las l\u00edneas operan las 24 horas del d\u00eda.<\/p>\n<h3 id=\"t-1670061792088\">Transferencia Privada<\/h3>\n<p>Varias empresas ofrecen traslados al aeropuerto en limusinas, donde el chofer recoge al hu\u00e9sped en la puerta. Para obtener m\u00e1s detalles, consulte los sitios web pertinentes, como:<\/p>\n<ul>\n<li><a href=\"https:\/\/www.starflughafentransfer.com\/\" target=\"_blank\" rel=\"noopener\">https:\/\/www.starflughafentransfer.com\/<\/a><\/li>\n<li><a href=\"https:\/\/www.mozartlimousines.com\/en\/\" target=\"_blank\" rel=\"noopener\">https:\/\/www.mozartlimousines.com\/es\/<\/a><\/li>\n<li><a href=\"https:\/\/www.mytransfers.com\/de\/\" target=\"_blank\" rel=\"noopener\">https:\/\/www.mytransfers.com\/de\/<\/a><\/li>\n<\/ul>\n<p><span><img decoding=\"async\" alt=\"Taxis in Vienna in Austria\" data-id=\"3141\" width=\"885\" data-init-width=\"1000\" height=\"590\" data-init-height=\"667\" title=\"Taxis in Vienna in Austria\" loading=\"lazy\" src=\"\/\/viennatouristinformation.com\/es\/wp-content\/uploads\/2020\/10\/Taxis.jpg\" data-width=\"885\" data-height=\"590\"><\/span><\/p>\n<h3 id=\"t-1670061792089\">Taxis<\/h3>\n<p>La tarifa b\u00e1sica de los taxis en Viena es de 3,80 euros, el precio por kil\u00f3metro es de 1,42 euros los primeros 4 kil\u00f3metros, 1,08 euros los siguientes 5 kil\u00f3metros y 1,05 euros por cada kil\u00f3metro adicional.&nbsp;<\/p>\n<p>La tarifa nocturna se aplica entre las 23:00 y las 6:00 horas: La tarifa b\u00e1sica es de 4,30 euros, el precio del kil\u00f3metro de los primeros 4 kil\u00f3metros es de 1,62 euros, de los siguientes 5 kil\u00f3metros 1,28 euros y por cada kil\u00f3metro adicional 1,18 euros .&nbsp;<\/p>\n<p>El tiempo de espera y espera se cobrar\u00e1 a 27,80 euros la hora. <strong><\/strong>Un viaje en taxi desde el aeropuerto de Viena Schwechat hasta el centro de la ciudad cuesta alrededor de 40 euros.<\/p>\n<h2 id=\"t-1670061792090\">Alquile un autob\u00fas en el aeropuerto<\/h2>\n<p>Nos complace ayudarlo a alquilar autobuses para todas las ocasiones, ya sea para viajes en grupo, salidas de empresa, viajes escolares, eventos u otros.<\/p>\n<h2 id=\"t-1670061792091\">Transporte p\u00fablico<\/h2>\n<h3 id=\"t-1670061792092\">Tren<\/h3>\n<p>La l\u00ednea S-Bahn S 7 va directamente al aeropuerto de Viena Schwechat. Sale cada 30 minutos y para en las estaciones centrales de Wien Mitte y Wien Praterstern, entre otros lugares, donde puedes hacer transbordo a la red de S-Bahn y U-Bahn de Viena. El viaje dura casi media hora.<\/p>\n<p><span><img decoding=\"async\" alt=\"Airport transfer in Vienna in Austria\" data-id=\"326\" width=\"885\" data-init-width=\"1000\" height=\"590\" data-init-height=\"667\" title=\"Airport transfer in Vienna in Austria\" loading=\"lazy\" src=\"\/\/viennatouristinformation.com\/es\/wp-content\/uploads\/2020\/06\/Flughafentransfer-in-Vienna-in-Austria.jpg\" data-width=\"885\" data-height=\"590\"><\/span><\/p>\n<h3 id=\"t-1670061792093\">CAT &#8211; Tren Ciudad Aeropuerto<\/h3>\n<p>El City Airport Train sale cada media hora. Va directamente al centro de la ciudad hasta la estaci\u00f3n de tren de Wien Mitte sin paradas intermedias. Aunque el viaje cuesta casi el doble que el viaje en el S-Bahn, tambi\u00e9n es el doble de r\u00e1pido. El CAT tarda unos 16 minutos, el S-Bahn unos treinta. Los pasajeros de Star Alliance y varias otras aerol\u00edneas pueden facturar sus vuelos y facturar su equipaje en la estaci\u00f3n de tren de Wien Mitte.<\/p>\n<h3 id=\"t-1670061792094\">trenes regionales<\/h3>\n<p>Durante las horas pico, los trenes regionales circulan entre Viena Floridsdorf y el aeropuerto de Viena Schwechat y entre Wolfsthal y el aeropuerto de Viena Schwechat.<\/p>\n<h3 id=\"t-1670061792095\">Railjet RJ de larga distancia<\/h3>\n<p>El tren de pasajeros Railjet RJ conecta lugares en el oeste y el sur de Austria con el aeropuerto de Viena Schwechat:<\/p>\n<ul>\n<li><strong><\/strong><strong>Desde <\/strong><strong>Innsbruck<\/strong> : Innsbruck &#8211; W\u00f6rgl &#8211; Kufstein &#8211; Salzburgo &#8211; Linz &#8211; St. P\u00f6lten &#8211; Viena Meidling &#8211; Estaci\u00f3n central de Viena &#8211; Aeropuerto de Viena<\/li>\n<li><strong>Desde Bregenz<\/strong> : Bregenz &#8211; Dornbirn &#8211; Feldkirch &#8211; Bludenz &#8211; Langen am Arlberg &#8211; Landeck Zams &#8211; Imst-Pitztal &#8211; Innsbruck &#8211; Jenbach &#8211; W\u00f6rgl &#8211; Salzburgo &#8211; Attnang-Puchheim &#8211; Wels &#8211; Linz &#8211; St.Valentin &#8211; Amstetten &#8211; St.P\u00f6lten &#8211; Tullnerfeld &#8211; Viena Meidling &#8211; Estaci\u00f3n central de Viena &#8211; Aeropuerto de Viena<\/li>\n<li><strong>Desde Graz:<\/strong> Graz &#8211; Bruck adMur &#8211; Kapfenberg &#8211; M\u00fcrzzuschlag &#8211; Semmering &#8211; Wiener Neustadt &#8211; Viena Meidling &#8211; Estaci\u00f3n central de Viena &#8211; Aeropuerto de Viena<\/li>\n<\/ul>\n<p><span><img decoding=\"async\" alt=\"Rent a bus at the airport in Vienna in Austria\" data-id=\"328\" width=\"885\" data-init-width=\"1000\" height=\"590\" data-init-height=\"667\" title=\"Rent a bus at the airport in Vienna in Austria\" loading=\"lazy\" src=\"\/\/viennatouristinformation.com\/es\/wp-content\/uploads\/2020\/06\/Bus-mieten-am-Airport-in-Vienna-in-Austria.jpg\" data-width=\"885\" data-height=\"590\"><\/span><\/p>\n<h3 id=\"t-1670061792096\">autob\u00fas del aeropuerto<\/h3>\n<p>Las l\u00edneas de Vienna Airport Lines est\u00e1n conectadas con todas las l\u00edneas de metro de Viena. Se ofrecen conexiones cada media hora con el aeropuerto de Viena desde Wien Westbahnhof y Wien Hauptbahnhof. El trayecto dura unos 20 minutos. Las l\u00edneas operan las 24 horas del d\u00eda.<\/p>\n<h2 id=\"t-1670061792097\">taxi y uber<\/h2>\n<h3 id=\"t-1670061792098\">Taxi<\/h3>\n<p>Los taxis est\u00e1n disponibles justo afuera del \u00e1rea de llegadas.<\/p>\n<p>La tarifa b\u00e1sica de los taxis en Viena es de 3,80 euros, los primeros 4 kil\u00f3metros cuestan 1,42 euros, los siguientes 5 kil\u00f3metros 1,08 euros y cada kil\u00f3metro adicional 1,05 euros.&nbsp;<\/p>\n<p>La tarifa nocturna se aplica entre las 23:00 y las 6:00 horas: La tarifa b\u00e1sica es de 4,30 euros, los primeros 4 kil\u00f3metros cuestan 1,62 euros, los siguientes 5 kil\u00f3metros cuestan 1,28 euros y cada kil\u00f3metro adicional cuesta 1,18 euros.&nbsp;<\/p>\n<p>El tiempo de espera y espera se cobrar\u00e1 a 27,80 euros la hora. <strong><\/strong>Un viaje en taxi desde el aeropuerto de Viena Schwechat hasta el centro de la ciudad cuesta alrededor de 40 euros.<\/p>\n<h3 id=\"t-1670061792099\">Uber<\/h3>\n<p>La empresa UBER tiene su sede en San Francisco, Estados Unidos. Es una empresa de servicios estadounidense que brinda servicios de transporte en l\u00ednea en muchas ciudades del mundo. Una vez que descargue la aplicaci\u00f3n en su tel\u00e9fono, puede comenzar a usar los servicios de UBER. Cuando pidas un UBER, se te indicar\u00e1 el precio de la ruta que deseas. El pago es con tarjeta de cr\u00e9dito, tarjeta euro, PayPal o Google Play.<\/p>\n<h2 id=\"t-1670061792100\">sala de espera del aeropuerto<\/h2>\n<p>Hay un total de 11 salas VIP diferentes en el Aeropuerto Schwechat de Viena, 7 de las cuales son de Austrian Airlines y 4 son salas VIP de contratos. Los pasajeros de Economy pueden comprar acceso a todos los salones por 35 EUR al momento del check-in.<\/p>\n<h3 id=\"t-1670061792101\">The Austrian Business, Senator y HON-Circle Lounge Schengen<\/h3>\n<p>est\u00e1 en la Terminal 3 despu\u00e9s del control de seguridad en la puerta F. Est\u00e1 abierto todos los d\u00edas de 5:30 am a 10:30 pm.<\/p>\n<h3 id=\"t-1670061792102\">The Austrian Business, Senator y HON-Circle Lounge Non-Schengen<\/h3>\n<p>est\u00e1 en la Terminal 3 despu\u00e9s del control de seguridad en G-Gate. Est\u00e1 abierto todos los d\u00edas de 05:30 a 23:00.<\/p>\n<h3 id=\"t-1670061792103\">Die Austrian Business Lounge No Schengen<\/h3>\n<p>&nbsp;en la Terminal 3 despu\u00e9s de que el control de seguridad en D-Gate est\u00e9 abierto de 08:00 a 20:00. Austrian Airlines no suele volar desde la puerta D, pero algunas aerol\u00edneas de Star Alliance como Ethiopian, EVA Air y Turkish Airlines s\u00ed lo hacen.<\/p>\n<p>Adem\u00e1s, se ponen a disposici\u00f3n de los viajeros cuatro salas de contrato diferentes:<\/p>\n<h3 id=\"t-1670061792104\">Die Sky Lounge Schengen<\/h3>\n<p>est\u00e1 ubicado en la puerta F y est\u00e1 abierto todos los d\u00edas de 05:00 a 21:00<\/p>\n<h3 id=\"t-1670061792105\">Die Sky Lounge No Schengen<\/h3>\n<p>est\u00e1 ubicado en la puerta G y est\u00e1 abierto todos los d\u00edas de 05:00 a 22:00<\/p>\n<h3 id=\"t-1670061792106\">El Jet Lounge Schengen<\/h3>\n<p>est\u00e1 ubicado en la puerta C y est\u00e1 abierto todos los d\u00edas de 05:00 a 21:00.<\/p>\n<h3 id=\"t-1670061792107\">Die AIR Lounge No Schengen<\/h3>\n<p>est\u00e1 ubicado en la Puerta D y est\u00e1 abierto todos los d\u00edas de 05:00 a 24:00<\/p>\n<h2 id=\"t-1670061792108\">Compras, tiendas y duty free<\/h2>\n<p>Las tiendas del aeropuerto de Viena generalmente abren de lunes a domingo, muchas de ellas de 6 a. m. a 10 p. m.<\/p>\n<p>Marcas austriacas como Meinl am Graben, Caf\u00e9 Sacher o Spar Gourmet ofrecen sus productos adem\u00e1s de marcas premium internacionales como Dolce &amp; Gabbana, Hugo Boss, Ralph Lauren, Puma o Gant.<\/p>\n<p>Entre otras cosas, los supermercados Spar, Billa y Bipa y la farmacia del aeropuerto tambi\u00e9n son de libre acceso para los no pasajeros.<\/p>\n<p>Hay una gran selecci\u00f3n de tiendas libres de impuestos, desde perfumes y ropa de marca hasta bebidas alcoh\u00f3licas. Encontrar\u00e1 tiendas libres de impuestos de Heinemann en las Puertas G, F, D, abiertas de 5:00 a. m. a 11:30 p. m. y en la Puerta C, abiertas de 5:00 a. m. a 10:00 p. m.<\/p>\n<p>Ya se trate de desayunos, meriendas, ensaladas, especialidades austriacas o cocina internacional, m\u00e1s de 60 restaurantes y caf\u00e9s en el aeropuerto de Viena ofrecen una amplia selecci\u00f3n.<\/p>\n<h2 id=\"t-1670061792109\">coche de alquiler<\/h2>\n<p>Todas las principales empresas de alquiler de coches tienen una sucursal en el aeropuerto de Schwechat. Est\u00e1s en el aparcamiento de varias plantas 4. Por supuesto, tambi\u00e9n puedes alquilar un coche online con antelaci\u00f3n, y el veh\u00edculo estar\u00e1 disponible cuando llegues.<\/p>\n<h2 id=\"t-1670061792110\">estacionamiento del aeropuerto<\/h2>\n<h3 id=\"t-1670061792111\">Estacionamiento:<\/h3>\n<p>Un total de 21.252 plazas de aparcamiento de pago en aparcamientos de varios pisos y al aire libre est\u00e1n disponibles para los pasajeros que llegan y salen en las inmediaciones de las terminales. El aparcamiento para estancias cortas K3 se encuentra en el nivel de llegadas, junto a \u00e9l se encuentra el acceso a la terminal de salidas con una zona de salida y dos zonas de aparcamiento.<\/p>\n<h3 id=\"t-1670061792112\">Reserva de aparcamiento en l\u00ednea<\/h3>\n<p>Por supuesto, puede reservar su plaza de <strong>aparcamiento<\/strong> online con antelaci\u00f3n. Visite el sitio web <a href=\"https:\/\/parking.viennaairport.com\" target=\"_blank\" rel=\"noopener\">https:\/\/parking.viennaairport.com<\/a><\/p>\n<h2 id=\"t-1670061792113\">hoteles de aeropuerto<\/h2>\n<p>Estos dos hoteles est\u00e1n a poca distancia a pie del aeropuerto de Viena Schwechat:<\/p>\n<ul>\n<li><strong>NH Vienna Airport Conference Center<\/strong> El hotel de negocios NH Vienna Airport Conference Center est\u00e1 ubicado justo enfrente de la sala de llegadas del Aeropuerto Internacional de Viena, lo que lo convierte en una opci\u00f3n ideal si llega tarde o sale temprano.<\/li>\n<li><strong>MOXY Vienna Airport<\/strong> El MOXY Vienna Airport Hotel se encuentra a 200 m de las terminales del aeropuerto de Viena Schwechat. El Now 24\/7 Bar est\u00e1 abierto las 24 horas y la conexi\u00f3n WiFi es gratuita en el hotel.<\/li>\n<\/ul>\n<p>De lo contrario, hay numerosos proveedores econ\u00f3micos, como bed &amp; breakfast o varios hoteles peque\u00f1os, a veces familiares, en los alrededores.<\/p>\n<h2 id=\"t-1670061792114\">Salas de seminarios y hoteles de conferencias<\/h2>\n<p>Estaremos encantados de ayudarle a alquilar salas de seminarios para sus eventos o elegir un hotel de conferencias que satisfaga exactamente sus expectativas y requisitos.<\/p>\n<h2 id=\"t-1670061792115\">WiFi en Viena Aeropuerto Schwechat<\/h2>\n<p>Hay alrededor de 80 espacios para computadoras port\u00e1tiles con sus propios enchufes, pantallas de privacidad y WiFi gratuito en todo el edificio del aeropuerto.<\/p>\n<h2 id=\"t-1670061792116\">Direcci\u00f3n e informaci\u00f3n general<\/h2>\n<ul>\n<li><strong>Direcci\u00f3n:<\/strong> Aeropuerto de Viena, Einfahrtsstrasse, 1300 Aeropuerto de Viena<\/li>\n<li><strong>Tel\u00e9fono:<\/strong> +43 1 70070<\/li>\n<li><strong>C\u00f3digo IATA:<\/strong> VIE<\/li>\n<li><strong>OACI:<\/strong> BAJO<\/li>\n<li><strong>Sitio web: <\/strong><a href=\"https:\/\/www.viennaairport.com%0d\" style=\"outline: none;\">https:\/\/www.viennaairport.com<\/a><\/li>\n<\/ul>\n<p>&nbsp;<\/p>\n","protected":false},"excerpt":{"rendered":"<p>El aeropuerto de Schwechat est\u00e1 ubicado al sureste de Viena en la ciudad de Schwechat. Es el \u00fanico aeropuerto internacional de Viena y un centro de vuelos principalmente a Europa del Este y Oriente Medio. Llegada y salida en el aeropuerto de Schwechat Horas de llegada &#8211; Llegadas: Los horarios de llegada actuales y las [&hellip;]<\/p>\n","protected":false},"author":17,"featured_media":324,"parent":1465,"menu_order":0,"comment_status":"closed","ping_status":"closed","template":"","meta":{"footnotes":""},"tags":[],"class_list":["post-163","page","type-page","status-publish","has-post-thumbnail","hentry","post-wrapper","thrv_wrapper"],"_links":{"self":[{"href":"https:\/\/viennatouristinformation.com\/es\/wp-json\/wp\/v2\/pages\/163","targetHints":{"allow":["GET"]}}],"collection":[{"href":"https:\/\/viennatouristinformation.com\/es\/wp-json\/wp\/v2\/pages"}],"about":[{"href":"https:\/\/viennatouristinformation.com\/es\/wp-json\/wp\/v2\/types\/page"}],"author":[{"embeddable":true,"href":"https:\/\/viennatouristinformation.com\/es\/wp-json\/wp\/v2\/users\/17"}],"replies":[{"embeddable":true,"href":"https:\/\/viennatouristinformation.com\/es\/wp-json\/wp\/v2\/comments?post=163"}],"version-history":[{"count":0,"href":"https:\/\/viennatouristinformation.com\/es\/wp-json\/wp\/v2\/pages\/163\/revisions"}],"up":[{"embeddable":true,"href":"https:\/\/viennatouristinformation.com\/es\/wp-json\/wp\/v2\/pages\/1465"}],"wp:featuredmedia":[{"embeddable":true,"href":"https:\/\/viennatouristinformation.com\/es\/wp-json\/wp\/v2\/media\/324"}],"wp:attachment":[{"href":"https:\/\/viennatouristinformation.com\/es\/wp-json\/wp\/v2\/media?parent=163"}],"wp:term":[{"taxonomy":"post_tag","embeddable":true,"href":"https:\/\/viennatouristinformation.com\/es\/wp-json\/wp\/v2\/tags?post=163"}],"curies":[{"name":"wp","href":"https:\/\/api.w.org\/{rel}","templated":true}]}}