{"id":1668,"date":"2020-09-25T09:49:46","date_gmt":"2020-09-25T07:49:46","guid":{"rendered":"http:\/\/viennatouristinformation.com\/es\/?page_id=1668"},"modified":"2023-06-13T09:30:12","modified_gmt":"2023-06-13T07:30:12","slug":"hoteles","status":"publish","type":"page","link":"https:\/\/viennatouristinformation.com\/es\/hoteles\/","title":{"rendered":"Hoteles recomendados"},"content":{"rendered":"<h1>\u00bfD\u00f3nde puedo dormir en Viena?<\/h1>\n<p>B\u00fasqueda de hoteles en todas las categor\u00edas y servicio de reservas.&nbsp;<\/p>\n<ul>\n<li style=\"\"><span><span data-attr-id=\"18\" data-extra_key=\"1\" data-option-inline=\"1\" data-shortcode=\"thrive_global_fields\" data-shortcode-name=\"[Company] Support E-Mail\">support@ViennaTouristInformation.com<\/span><\/span><\/li>\n<\/ul>\n<h3>Reservas de grupos<\/h3>\n<p>Podemos organizarle el mejor precio para una reserva de grupo en un c\u00f3modo hotel en Viena.<\/p>\n<h3>Ofertas Parejas<\/h3>\n<p>\u00bfLuna de miel o escapada rom\u00e1ntica en Viena? P\u00eddenos un presupuesto gratuito de los mejores hoteles para parejas.<\/p>\n<h3>Estancia Individual<\/h3>\n<p>Le encontraremos la ubicaci\u00f3n perfecta y el precio de hotel perfecto de acuerdo con sus necesidades y deseos.<\/p>\n<h2>Reserva los Mejores Hoteles en Viena al Mejor Precio<\/h2>\n<p>Viena es una ciudad que tiene algo para todos, desde sus grandes palacios y museos hasta sus vibrantes caf\u00e9s y vida nocturna. Al elegir un hotel en Viena, hay algunas cosas a tener en cuenta. Si quiere estar cerca de toda la acci\u00f3n, elija un hotel en el centro de la ciudad. Si est\u00e1 buscando una experiencia m\u00e1s relajada, considere un hotel en uno de los muchos barrios encantadores de Viena. Hemos preparado varios art\u00edculos con nuestras recomendaciones de hoteles en Viena para ayudarte en tu elecci\u00f3n. Echa un vistazo a los enlaces a continuaci\u00f3n para obtener m\u00e1s informaci\u00f3n.<\/p>\n<ul>\n<li><span><a href=\"https:\/\/viennatouristinformation.com\/es\/hoteles\/5-estrellas\/\">Hoteles 5 estrellas<\/a><\/span><\/li>\n<li><span><a href=\"https:\/\/viennatouristinformation.com\/es\/hoteles\/4-estrellas\/\">Hoteles 4 estrellas<\/a><\/span><\/li>\n<li><span><a href=\"https:\/\/viennatouristinformation.com\/es\/hoteles\/3-estrellas\/\">Hoteles 3 estrellas<\/a><\/span><\/li>\n<\/ul>\n<p style=\"text-align: center;\">Hoteles recomendados en Viena<\/p>\n<p style=\"text-align: center;\">Hoteles c\u00e9ntricos de 3 a 5 estrellas<\/p>\n<p><a href=\"https:\/\/viennatouristinformation.com\/es\/hoteles\/4-estrellas\/\" dynamic-postlink=\"tcb_post_the_permalink\" data-shortcode-id=\"817\"><\/a><\/p>\n<h3 style=\"text-align: center; padding-top: 0px !important; margin-top: 0px !important;\"><span data-attr-link=\"1\" data-attr-rel=\"0\" data-attr-target=\"0\" data-extra_key=\"\" data-option-inline=\"1\" data-shortcode=\"tcb_post_title\" data-shortcode-name=\"Post title\" data-attr-css=\"\" data-attr-static-link=\"{&quot;className&quot;:&quot;&quot;,&quot;href&quot;:&quot;https:\/\/viennatouristinformation.com\/es\/hoteles\/4-estrellas\/&quot;,&quot;title&quot;:&quot;28 Buenos hoteles de 4 estrellas en el centro de Viena&quot;,&quot;class&quot;:&quot;&quot;}\"><a href=\"https:\/\/viennatouristinformation.com\/es\/hoteles\/4-estrellas\/\" title=\"28 Buenos hoteles de 4 estrellas en el centro de Viena\" data-css=\"\">28 Buenos hoteles de 4 estrellas en el centro de Viena<\/a><\/span><\/h3>\n<p>\u00bfQu\u00e9 buenos hoteles de 4 estrellas hay en <a href=\"https:\/\/viennatouristinformation.com\/es\/hoteles\/4-estrellas\/#more-817\">&#8230;<\/a><\/p>\n<p><a href=\"https:\/\/viennatouristinformation.com\/es\/hoteles\/4-estrellas\/\"><span style=\"\"><span style=\"\">sigue leyendo<\/span><\/span><\/a><a href=\"https:\/\/viennatouristinformation.com\/es\/hoteles\/3-estrellas\/\" dynamic-postlink=\"tcb_post_the_permalink\" data-shortcode-id=\"817\"><\/a><\/p>\n<h3 style=\"text-align: center; padding-top: 0px !important; margin-top: 0px !important;\"><span data-attr-link=\"1\" data-attr-rel=\"0\" data-attr-target=\"0\" data-extra_key=\"\" data-option-inline=\"1\" data-shortcode=\"tcb_post_title\" data-shortcode-name=\"Post title\" data-attr-css=\"\" data-attr-static-link=\"{&quot;className&quot;:&quot;&quot;,&quot;href&quot;:&quot;https:\/\/viennatouristinformation.com\/es\/hoteles\/4-estrellas\/&quot;,&quot;title&quot;:&quot;28 Buenos hoteles de 4 estrellas en el centro de Viena&quot;,&quot;class&quot;:&quot;&quot;}\"><a href=\"https:\/\/viennatouristinformation.com\/es\/hoteles\/3-estrellas\/\" title=\"22 Buenos hoteles de 3 estrellas en Viena\" data-css=\"\">22 Buenos hoteles de 3 estrellas en Viena<\/a><\/span><\/h3>\n<p>En esta p\u00e1gina encontrar\u00e1 los mejores hoteles de <a href=\"https:\/\/viennatouristinformation.com\/es\/hoteles\/3-estrellas\/#more-896\">&#8230;<\/a><\/p>\n<p><a href=\"https:\/\/viennatouristinformation.com\/es\/hoteles\/3-estrellas\/\"><span style=\"\"><span style=\"\">sigue leyendo<\/span><\/span><\/a><a href=\"https:\/\/viennatouristinformation.com\/es\/hoteles\/5-estrellas\/\" dynamic-postlink=\"tcb_post_the_permalink\" data-shortcode-id=\"817\"><\/a><\/p>\n<h3 style=\"text-align: center; padding-top: 0px !important; margin-top: 0px !important;\"><span data-attr-link=\"1\" data-attr-rel=\"0\" data-attr-target=\"0\" data-extra_key=\"\" data-option-inline=\"1\" data-shortcode=\"tcb_post_title\" data-shortcode-name=\"Post title\" data-attr-css=\"\" data-attr-static-link=\"{&quot;className&quot;:&quot;&quot;,&quot;href&quot;:&quot;https:\/\/viennatouristinformation.com\/es\/hoteles\/4-estrellas\/&quot;,&quot;title&quot;:&quot;28 Buenos hoteles de 4 estrellas en el centro de Viena&quot;,&quot;class&quot;:&quot;&quot;}\"><a href=\"https:\/\/viennatouristinformation.com\/es\/hoteles\/5-estrellas\/\" title=\"21 Mejores hoteles de 5 estrellas de Viena\" data-css=\"\">21 Mejores hoteles de 5 estrellas de Viena<\/a><\/span><\/h3>\n<p>\u00bfD\u00f3nde puedo dormir bien en Viena?Aqu\u00ed est\u00e1 nuestra <a href=\"https:\/\/viennatouristinformation.com\/es\/hoteles\/5-estrellas\/#more-890\">&#8230;<\/a><\/p>\n<p><a href=\"https:\/\/viennatouristinformation.com\/es\/hoteles\/5-estrellas\/\"><span style=\"\"><span style=\"\">sigue leyendo<\/span><\/span><\/a><a href=\"javascript:void(0)\"><span style=\"\"><span style=\"\">Load More<\/span><\/span><\/a><\/p>\n<p style=\"text-align: center;\">Hoteles en el centro<\/p>\n<p style=\"text-align: center;\">distritos para una escapada a la ciudad?<\/p>\n<h3 style=\"\"><span data-attr-css=\"tve-u-1750c9f633d\" data-attr-link=\"1\" data-attr-rel=\"0\" data-attr-target=\"0\" data-extra_key=\"\" data-option-inline=\"1\" data-shortcode=\"tcb_post_title\" data-shortcode-name=\"Post title\" style=\"\" data-attr-static-link=\"{&quot;className&quot;:&quot;&quot;,&quot;href&quot;:&quot;https:\/\/viennatouristinformation.com\/es\/plan\/distritos\/&quot;,&quot;title&quot;:&quot;23 Distritos de Viena: Gu\u00eda para vivir mientras viajas&quot;,&quot;data-css&quot;:&quot;tve-u-1750c9f633d&quot;,&quot;class&quot;:&quot;&quot;}\"><a href=\"https:\/\/viennatouristinformation.com\/es\/plan\/distritos\/\" title=\"23 Distritos de Viena: Gu\u00eda para vivir mientras viajas\">23 Distritos de Viena: Gu\u00eda para vivir mientras viajas<\/a><\/span><\/h3>\n<p><a href=\"https:\/\/viennatouristinformation.com\/es\/plan\/distritos\/\"><span style=\"\"><span style=\"\">sigue leyendo<\/span><\/span><\/a><a href=\"javascript:void(0)\"><span style=\"\"><span style=\"\">Load More<\/span><\/span><\/a><\/p>\n<h2 style=\"\">servicio de reserva<\/h2>\n<p>Reserva de hoteles con la Oficina de Informaci\u00f3n Tur\u00edstica de Viena en l\u00ednea o a trav\u00e9s del formulario de contacto.&nbsp;<\/p>\n<ul>\n<li style=\"\"><span><span data-attr-id=\"18\" data-extra_key=\"1\" data-option-inline=\"1\" data-shortcode=\"thrive_global_fields\" data-shortcode-name=\"[Company] Support E-Mail\">support@ViennaTouristInformation.com<\/span><\/span><\/li>\n<\/ul>\n<p style=\"text-align: center;\">Viaje en grupo a Viena<\/p>\n<p style=\"text-align: center;\">Reserva de hoteles para congresos<\/p>\n<h3 style=\"\"><span data-attr-css=\"tve-u-1750ca32418\" data-attr-link=\"1\" data-attr-rel=\"0\" data-attr-target=\"0\" data-extra_key=\"\" data-option-inline=\"1\" data-shortcode=\"tcb_post_title\" data-shortcode-name=\"Post title\" style=\"\" data-attr-static-link=\"{&quot;className&quot;:&quot;&quot;,&quot;href&quot;:&quot;https:\/\/viennatouristinformation.com\/es\/viaje-en-grupo\/&quot;,&quot;title&quot;:&quot;Viaje en grupo a Viena: Full Service M.I.C.E.&quot;,&quot;data-css&quot;:&quot;tve-u-1750ca32418&quot;,&quot;class&quot;:&quot;&quot;}\"><a href=\"https:\/\/viennatouristinformation.com\/es\/viaje-en-grupo\/\" title=\"Viaje en grupo a Viena: Full Service M.I.C.E.\">Viaje en grupo a Viena: Full Service M.I.C.E.<\/a><\/span><\/h3>\n<p><a href=\"https:\/\/viennatouristinformation.com\/es\/viaje-en-grupo\/\"><span style=\"\"><span style=\"\">sigue leyendo<\/span><\/span><\/a><a href=\"javascript:void(0)\"><span style=\"\"><span style=\"\">Load More<\/span><\/span><\/a><\/p>\n<p>No olvide consultar nuestros otros art\u00edculos sobre c\u00f3mo moverse por <a href=\"https:\/\/viennatouristinformation.com\/es\/plan\/transporte-publico\/\" style=\"outline: none;\">Viena con transporte p\u00fablico<\/a> y <a href=\"https:\/\/viennatouristinformation.com\/es\/compras\/\">compras en Viena.<\/a><\/p>\n","protected":false},"excerpt":{"rendered":"<p>\u00bfD\u00f3nde puedo dormir en Viena? B\u00fasqueda de hoteles en todas las categor\u00edas y servicio de reservas.&nbsp; support@ViennaTouristInformation.com Reservas de grupos Podemos organizarle el mejor precio para una reserva de grupo en un c\u00f3modo hotel en Viena. Ofertas Parejas \u00bfLuna de miel o escapada rom\u00e1ntica en Viena? P\u00eddenos un presupuesto gratuito de los mejores hoteles para [&hellip;]<\/p>\n","protected":false},"author":17,"featured_media":2998,"parent":0,"menu_order":0,"comment_status":"closed","ping_status":"closed","template":"","meta":{"footnotes":""},"tags":[],"class_list":["post-1668","page","type-page","status-publish","has-post-thumbnail","hentry","post-wrapper","thrv_wrapper"],"_links":{"self":[{"href":"https:\/\/viennatouristinformation.com\/es\/wp-json\/wp\/v2\/pages\/1668","targetHints":{"allow":["GET"]}}],"collection":[{"href":"https:\/\/viennatouristinformation.com\/es\/wp-json\/wp\/v2\/pages"}],"about":[{"href":"https:\/\/viennatouristinformation.com\/es\/wp-json\/wp\/v2\/types\/page"}],"author":[{"embeddable":true,"href":"https:\/\/viennatouristinformation.com\/es\/wp-json\/wp\/v2\/users\/17"}],"replies":[{"embeddable":true,"href":"https:\/\/viennatouristinformation.com\/es\/wp-json\/wp\/v2\/comments?post=1668"}],"version-history":[{"count":0,"href":"https:\/\/viennatouristinformation.com\/es\/wp-json\/wp\/v2\/pages\/1668\/revisions"}],"wp:featuredmedia":[{"embeddable":true,"href":"https:\/\/viennatouristinformation.com\/es\/wp-json\/wp\/v2\/media\/2998"}],"wp:attachment":[{"href":"https:\/\/viennatouristinformation.com\/es\/wp-json\/wp\/v2\/media?parent=1668"}],"wp:term":[{"taxonomy":"post_tag","embeddable":true,"href":"https:\/\/viennatouristinformation.com\/es\/wp-json\/wp\/v2\/tags?post=1668"}],"curies":[{"name":"wp","href":"https:\/\/api.w.org\/{rel}","templated":true}]}}