{"id":167,"date":"2020-06-23T12:52:28","date_gmt":"2020-06-23T10:52:28","guid":{"rendered":"http:\/\/viennatouristinformation.com\/es\/?page_id=167"},"modified":"2023-06-01T16:33:39","modified_gmt":"2023-06-01T14:33:39","slug":"estacion-de-autobuses-vib","status":"publish","type":"page","link":"https:\/\/viennatouristinformation.com\/es\/plan\/llegar\/estacion-de-autobuses-vib\/","title":{"rendered":"Estaci\u00f3n de autobuses de Viena: VIB Vienna International Bus Terminal"},"content":{"rendered":"<p>La estaci\u00f3n de autobuses de Viena Erdberg es la estaci\u00f3n de autobuses m\u00e1s grande de Austria.<\/p>\n<p>Es el centro de muchas conexiones de autobuses de larga distancia nacionales e internacionales.<\/p>\n<h2>Horario con llegada y salida<\/h2>\n<p>La estaci\u00f3n de autobuses es operada por Blaguss. Por lo tanto, los horarios de llegada y salida de los autobuses se encuentran en el <a href=\"https:\/\/www.vib-wien.at\/de\" target=\"_blank\" style=\"outline: none;\" rel=\"noopener\">sitio web de VIB<\/a> .<\/p>\n<p>Los horarios de llegada y salida de Flixbus se encuentran en la propia web de la empresa de autobuses de larga distancia.<\/p>\n<h2>conexiones de autob\u00fas<\/h2>\n<p>Casi todas las l\u00edneas de autocares internacionales y autobuses de larga distancia a destinos en Austria y Europa parten de la estaci\u00f3n de autobuses de Viena. 45 empresas de autobuses manejan 2,1 millones de pasajeros al a\u00f1o, se realizan 80.000 viajes al a\u00f1o.<\/p>\n<p>Hay conexiones de autob\u00fas a muchas ciudades austriacas, as\u00ed como a Baja Austria, Burgenland, Tirol y Carintia.<\/p>\n<p>Adem\u00e1s, los destinos en Europa incluyen Alemania, Italia, Francia, Dinamarca, Holanda, Rumania, Bulgaria, Hungr\u00eda y Polonia.<\/p>\n<p>Adem\u00e1s de Eurolines, la estaci\u00f3n de autobuses tambi\u00e9n cuenta con el servicio de las empresas Flixbus y \u00d6BB-Intercitybus.<\/p>\n<h2>parada de autob\u00fas de larga distancia<\/h2>\n<p>La estaci\u00f3n de autobuses se utiliza exclusivamente para viajes en autob\u00fas de larga distancia. La estaci\u00f3n central de autobuses de Viena es un punto importante para el transporte en autob\u00fas de larga distancia nacional e internacional, que conecta Viena con muchas partes de Europa. Por su ubicaci\u00f3n geogr\u00e1fica, la estaci\u00f3n de autobuses juega un papel especial como puerta de entrada a Europa del Este.<\/p>\n<p>La Terminal Internacional de Autobuses de Viena est\u00e1 abierta los 365 d\u00edas del a\u00f1o, de lunes a s\u00e1bado de 7:30 a 21:00 horas y los domingos y festivos de 10:30 a 21:00 horas.<\/p>\n<h2>Flixbus en la terminal internacional de autobuses de Viena<\/h2>\n<p><span><img decoding=\"async\" alt=\"Flixbus am Vienna International Busterminal\" data-id=\"273\" width=\"885\" data-init-width=\"1000\" height=\"590\" data-init-height=\"667\" title=\"Flixbus am Vienna International Busterminal\" loading=\"lazy\" src=\"\/\/viennatouristinformation.com\/es\/wp-content\/uploads\/2020\/06\/Flixbus-am-Vienna-International-Busterminal.jpg\" data-width=\"885\" data-height=\"590\" style=\"\"><\/span><\/p>\n<p>Flixbus es la compa\u00f1\u00eda de autobuses de larga distancia m\u00e1s grande que da servicio a la Terminal de Autobuses Internacional de Viena. La empresa se fund\u00f3 en 2012 con sede en M\u00fanich y en 2019 sirvi\u00f3 aproximadamente a 2500 destinos en 30 pa\u00edses con 62 millones de clientes. Flixbus tiene as\u00ed una cuota de mercado de m\u00e1s del 90% en el mercado de autobuses de larga distancia.<\/p>\n<p>El Flixbus tambi\u00e9n va a la estaci\u00f3n principal de trenes y al aeropuerto. Los autobuses verdes de dos pisos son veh\u00edculos modernos y c\u00f3modos con ba\u00f1os a bordo y WiFi gratis. Se venden snacks y bebidas durante el paseo.<\/p>\n<p>Los boletos de Flixbus se venden principalmente a trav\u00e9s de una plataforma en l\u00ednea dedicada y a trav\u00e9s de agencias de viajes, y algunas ciudades tambi\u00e9n tienen sus propias tiendas Flixbus.<\/p>\n<h2>Transporte p\u00fablico<\/h2>\n<p>Se puede llegar a la estaci\u00f3n de autobuses con el <strong>U3 &#8211; parada Erdberg<\/strong> . Est\u00e1 en diagonal frente a la parada de autob\u00fas.<\/p>\n<p>El servicio de enlace con <strong>el aeropuerto \u00abAir-Liner\u00bb<\/strong> tambi\u00e9n ofrece una c\u00f3moda conexi\u00f3n entre la estaci\u00f3n de autobuses VIB, la red de metro de Viena y el aeropuerto de Viena Schwechat.<\/p>\n<p>Aqu\u00ed hay m\u00e1s informaci\u00f3n sobre <a href=\"https:\/\/viennatouristinformation.com\/es\/reiseplanung\/oeffentlicher-verkehr\/\">el transporte p\u00fablico en Viena<\/a> .<\/p>\n<h2>Taxi<\/h2>\n<p>Los taxis est\u00e1n disponibles en el VIB. La tarifa b\u00e1sica de los taxis en Viena es de 3,80 euros, los primeros 4 kil\u00f3metros cuestan 1,42 euros, los siguientes 5 kil\u00f3metros 1,08 euros y cada kil\u00f3metro adicional 1,05 euros.&nbsp;<\/p>\n<p>La tarifa nocturna se aplica entre las 23:00 y las 6:00 horas: La tarifa b\u00e1sica es de 4,30 euros, los primeros 4 kil\u00f3metros cuestan 1,62 euros, los siguientes 5 kil\u00f3metros cuestan 1,28 euros y cada kil\u00f3metro adicional cuesta 1,18 euros.&nbsp;<\/p>\n<p>El tiempo de espera y espera se cobrar\u00e1 a 27,80 euros la hora.<\/p>\n<p>Aqu\u00ed hay m\u00e1s informaci\u00f3n sobre <a href=\"https:\/\/viennatouristinformation.com\/es\/anreise\/taxi\/\">los taxis en Viena<\/a> .<\/p>\n<h2>Casilleros<\/h2>\n<p>Los casilleros est\u00e1n disponibles en la sala de espera con aire acondicionado.<\/p>\n<h2>Aparcamiento en la estaci\u00f3n de autobuses.<\/h2>\n<p>Hay plazas de aparcamiento de pago disponibles justo al lado de la estaci\u00f3n de autobuses. Tambi\u00e9n hay una instalaci\u00f3n de Park &amp; Ride.<\/p>\n<h2>Alquile un autob\u00fas en la estaci\u00f3n de autobuses<\/h2>\n<p>Nos complace ayudarlo a alquilar autobuses para todas las ocasiones, ya sea para viajes en grupo, salidas de empresa, viajes escolares, eventos u otros.<\/p>\n<h2>compras y compras<\/h2>\n<p>Una peque\u00f1a tienda y un bistr\u00f3 se encuentran a 60 metros en el edificio de ventas en Erdbergstrasse. 202. All\u00ed se venden snacks, peque\u00f1os refrescos y souvenirs. Tambi\u00e9n puedes comprar entradas aqu\u00ed. Est\u00e1 abierto de 7:30 am a 9:00 pm.<\/p>\n<h2>Comer en el VIB<\/h2>\n<p>Un bistr\u00f3 est\u00e1 ubicado en el edificio de ventas de la Terminal Internacional de Autobuses de Viena.<\/p>\n<p>Cerca del VIB encontrar\u00e1s el Gusto, donde se ofrece cocina austriaca.<\/p>\n<h2>Hoteles<\/h2>\n<p>El Vienna Sporthotel y The Barts Apartment est\u00e1n muy cerca de la estaci\u00f3n de autobuses. Otros hoteles y casas de hu\u00e9spedes se encuentran a poca distancia.<\/p>\n<h2>Salas de seminarios y hoteles de conferencias:<\/h2>\n<p>Estaremos encantados de ayudarle a alquilar salas de seminarios para sus eventos o elegir un hotel de conferencias que satisfaga exactamente sus expectativas y requisitos.<\/p>\n<h2>WiFi<\/h2>\n<p>WiFi gratuito est\u00e1 disponible para los viajeros en la sala de espera. Adem\u00e1s, los viajeros pueden leer 300 revistas y peri\u00f3dicos en l\u00ednea durante 2 horas al d\u00eda de forma gratuita. El registro es en <a href=\"http:\/\/www.myreadit.com\/vib\" style=\"outline: none;\" target=\"_blank\" rel=\"noopener\">www.myreadit.com\/vib<\/a><\/p>\n<h2>Direcci\u00f3n<\/h2>\n<p>Terminal Internacional de Autobuses de Viena (VIB), Erdbergstr. 200 A, 1030 Viena Tel.: 0900 128 712 de 8 a. m. a 8 p. m. Correo electr\u00f3nico: <a href=\"mailto:info@vib-wien.at\">info@vib-wien.at<\/a><\/p>\n<p>Operador: Grupo Blaguss<\/p>\n","protected":false},"excerpt":{"rendered":"<p>La estaci\u00f3n de autobuses de Viena Erdberg es la estaci\u00f3n de autobuses m\u00e1s grande de Austria. Es el centro de muchas conexiones de autobuses de larga distancia nacionales e internacionales. Horario con llegada y salida La estaci\u00f3n de autobuses es operada por Blaguss. Por lo tanto, los horarios de llegada y salida de los autobuses [&hellip;]<\/p>\n","protected":false},"author":17,"featured_media":2208,"parent":1465,"menu_order":0,"comment_status":"closed","ping_status":"closed","template":"","meta":{"footnotes":"","tve_updated_post":"<div class=\"thrv_wrapper thrv_text_element\">\t<p><font style=\"vertical-align: inherit;\"><font style=\"vertical-align: inherit;\">La estaci\u00f3n de autobuses de Viena Erdberg es la estaci\u00f3n de autobuses m\u00e1s grande de Austria.<\/font><\/font><\/p><p><font style=\"vertical-align: inherit;\"><font style=\"vertical-align: inherit;\">Es el centro de muchas conexiones de autobuses de larga distancia nacionales e internacionales.<\/font><\/font><\/p><h2 class=\"\"><font style=\"vertical-align: inherit;\"><font style=\"vertical-align: inherit;\">Horario con llegada y salida<\/font><\/font><\/h2><p><font style=\"vertical-align: inherit;\"><font style=\"vertical-align: inherit;\">La estaci\u00f3n de autobuses es operada por Blaguss. <\/font><font style=\"vertical-align: inherit;\">Por lo tanto, los horarios de llegada y salida de los autobuses se encuentran en el <\/font><\/font><a href=\"https:\/\/www.vib-wien.at\/de\" target=\"_blank\" class=\"\" style=\"outline: none;\"><font style=\"vertical-align: inherit;\"><font style=\"vertical-align: inherit;\">sitio web de VIB<\/font><\/font><\/a><font style=\"vertical-align: inherit;\"><font style=\"vertical-align: inherit;\"> .<\/font><\/font><\/p><p><font style=\"vertical-align: inherit;\"><font style=\"vertical-align: inherit;\">Los horarios de llegada y salida de Flixbus se encuentran en la propia web de la empresa de autobuses de larga distancia.<\/font><\/font><\/p><h2 class=\"\"><font style=\"vertical-align: inherit;\"><font style=\"vertical-align: inherit;\">conexiones de autob\u00fas<\/font><\/font><\/h2><p><font style=\"vertical-align: inherit;\"><font style=\"vertical-align: inherit;\">Casi todas las l\u00edneas de autocares internacionales y autobuses de larga distancia a destinos en Austria y Europa parten de la estaci\u00f3n de autobuses de Viena. <\/font><font style=\"vertical-align: inherit;\">45 empresas de autobuses manejan 2,1 millones de pasajeros al a\u00f1o, se realizan 80.000 viajes al a\u00f1o.<\/font><\/font><\/p><p><font style=\"vertical-align: inherit;\"><font style=\"vertical-align: inherit;\">Hay conexiones de autob\u00fas a muchas ciudades austriacas, as\u00ed como a Baja Austria, Burgenland, Tirol y Carintia.<\/font><\/font><\/p><p><font style=\"vertical-align: inherit;\"><font style=\"vertical-align: inherit;\">Adem\u00e1s, los destinos en Europa incluyen Alemania, Italia, Francia, Dinamarca, Holanda, Rumania, Bulgaria, Hungr\u00eda y Polonia.<\/font><\/font><\/p><p><font style=\"vertical-align: inherit;\"><font style=\"vertical-align: inherit;\">Adem\u00e1s de Eurolines, la estaci\u00f3n de autobuses tambi\u00e9n cuenta con el servicio de las empresas Flixbus y \u00d6BB-Intercitybus.<\/font><\/font><\/p><h2 class=\"\"><font style=\"vertical-align: inherit;\"><font style=\"vertical-align: inherit;\">parada de autob\u00fas de larga distancia<\/font><\/font><\/h2><\/div><div class=\"thrv_wrapper thrv_text_element\"><p><font style=\"vertical-align: inherit;\"><font style=\"vertical-align: inherit;\">La estaci\u00f3n de autobuses se utiliza exclusivamente para viajes en autob\u00fas de larga distancia. <\/font><font style=\"vertical-align: inherit;\">La estaci\u00f3n central de autobuses de Viena es un punto importante para el transporte en autob\u00fas de larga distancia nacional e internacional, que conecta Viena con muchas partes de Europa. <\/font><font style=\"vertical-align: inherit;\">Por su ubicaci\u00f3n geogr\u00e1fica, la estaci\u00f3n de autobuses juega un papel especial como puerta de entrada a Europa del Este.<\/font><\/font><\/p><p><font style=\"vertical-align: inherit;\"><font style=\"vertical-align: inherit;\">La Terminal Internacional de Autobuses de Viena est\u00e1 abierta los 365 d\u00edas del a\u00f1o, de lunes a s\u00e1bado de 7:30 a 21:00 horas y los domingos y festivos de 10:30 a 21:00 horas.<\/font><\/font><\/p><h2 class=\"\"><font style=\"vertical-align: inherit;\"><font style=\"vertical-align: inherit;\">Flixbus en la terminal internacional de autobuses de Viena<\/font><\/font><\/h2><\/div><div class=\"thrv_wrapper tve_image_caption\" data-css=\"tve-u-184d70cbbd9\"><span class=\"tve_image_frame\"><img class=\"tve_image wp-image-273 tcb-moved-image\" alt=\"Flixbus am Vienna International Busterminal\" data-id=\"273\" width=\"885\" data-init-width=\"1000\" height=\"590\" data-init-height=\"667\" title=\"Flixbus am Vienna International Busterminal\" loading=\"lazy\" src=\"\/\/viennatouristinformation.com\/es\/wp-content\/uploads\/2020\/06\/Flixbus-am-Vienna-International-Busterminal.jpg\" data-width=\"885\" data-height=\"590\" style=\"\" data-css=\"tve-u-184d70cf4bb\"><\/span><\/div><div class=\"thrv_wrapper thrv_text_element\"><p><font style=\"vertical-align: inherit;\"><font style=\"vertical-align: inherit;\">Flixbus es la compa\u00f1\u00eda de autobuses de larga distancia m\u00e1s grande que da servicio a la Terminal de Autobuses Internacional de Viena. <\/font><font style=\"vertical-align: inherit;\">La empresa se fund\u00f3 en 2012 con sede en M\u00fanich y en 2019 sirvi\u00f3 aproximadamente a 2500 destinos en 30 pa\u00edses con 62 millones de clientes. <\/font><font style=\"vertical-align: inherit;\">Flixbus tiene as\u00ed una cuota de mercado de m\u00e1s del 90% en el mercado de autobuses de larga distancia.<\/font><\/font><\/p><p><font style=\"vertical-align: inherit;\"><font style=\"vertical-align: inherit;\">El Flixbus tambi\u00e9n va a la estaci\u00f3n principal de trenes y al aeropuerto. <\/font><\/font><br><font style=\"vertical-align: inherit;\"><font style=\"vertical-align: inherit;\">Los autobuses verdes de dos pisos son veh\u00edculos modernos y c\u00f3modos con ba\u00f1os a bordo y WiFi gratis. <\/font><font style=\"vertical-align: inherit;\">Se venden snacks y bebidas durante el paseo.<\/font><\/font><\/p><p><font style=\"vertical-align: inherit;\"><font style=\"vertical-align: inherit;\">Los boletos de Flixbus se venden principalmente a trav\u00e9s de una plataforma en l\u00ednea dedicada y a trav\u00e9s de agencias de viajes, y algunas ciudades tambi\u00e9n tienen sus propias tiendas Flixbus.<\/font><\/font><\/p><h2 class=\"\"><font style=\"vertical-align: inherit;\"><font style=\"vertical-align: inherit;\">Transporte p\u00fablico<\/font><\/font><\/h2><p><font style=\"vertical-align: inherit;\"><font style=\"vertical-align: inherit;\">Se puede llegar a la estaci\u00f3n de autobuses con el <\/font><\/font><strong><font style=\"vertical-align: inherit;\"><font style=\"vertical-align: inherit;\">U3 - parada Erdberg<\/font><\/font><\/strong><font style=\"vertical-align: inherit;\"><font style=\"vertical-align: inherit;\"> . <\/font><font style=\"vertical-align: inherit;\">Est\u00e1 en diagonal frente a la parada de autob\u00fas.<\/font><\/font><\/p><p><font style=\"vertical-align: inherit;\"><font style=\"vertical-align: inherit;\">El servicio de enlace con <\/font><\/font><strong><font style=\"vertical-align: inherit;\"><font style=\"vertical-align: inherit;\">el aeropuerto \"Air-Liner\"<\/font><\/font><\/strong><font style=\"vertical-align: inherit;\"><font style=\"vertical-align: inherit;\"> tambi\u00e9n ofrece una c\u00f3moda conexi\u00f3n entre la estaci\u00f3n de autobuses VIB, la red de metro de Viena y el aeropuerto de Viena Schwechat.<\/font><\/font><\/p><p><font style=\"vertical-align: inherit;\"><font style=\"vertical-align: inherit;\">Aqu\u00ed hay m\u00e1s informaci\u00f3n sobre <\/font><\/font><a href=\"http:\/\/viennatouristinformation.com\/es\/reiseplanung\/oeffentlicher-verkehr\/\"><font style=\"vertical-align: inherit;\"><font style=\"vertical-align: inherit;\">el transporte p\u00fablico en Viena<\/font><\/font><\/a><font style=\"vertical-align: inherit;\"><font style=\"vertical-align: inherit;\"> .<\/font><\/font><\/p><h2 class=\"\"><font style=\"vertical-align: inherit;\"><font style=\"vertical-align: inherit;\">Taxi<\/font><\/font><\/h2><p><font style=\"vertical-align: inherit;\"><font style=\"vertical-align: inherit;\">Los taxis est\u00e1n disponibles en el VIB. <\/font><\/font><br><font style=\"vertical-align: inherit;\"><font style=\"vertical-align: inherit;\">La tarifa b\u00e1sica de los taxis en Viena es de 3,80 euros, los primeros 4 kil\u00f3metros cuestan 1,42 euros, los siguientes 5 kil\u00f3metros 1,08 euros y cada kil\u00f3metro adicional 1,05 euros.&nbsp;<\/font><\/font><\/p><p><font style=\"vertical-align: inherit;\"><font style=\"vertical-align: inherit;\">La tarifa nocturna se aplica entre las 23:00 y las 6:00 horas: <\/font><\/font><br><font style=\"vertical-align: inherit;\"><font style=\"vertical-align: inherit;\">La tarifa b\u00e1sica es de 4,30 euros, los primeros 4 kil\u00f3metros cuestan 1,62 euros, <\/font><\/font><br><font style=\"vertical-align: inherit;\"><font style=\"vertical-align: inherit;\">los siguientes 5 kil\u00f3metros cuestan 1,28 euros y cada kil\u00f3metro adicional cuesta 1,18 euros.&nbsp;<\/font><\/font><\/p><p><font style=\"vertical-align: inherit;\"><font style=\"vertical-align: inherit;\">El tiempo de espera y espera se cobrar\u00e1 a 27,80 euros la hora.<\/font><\/font><\/p><p><font style=\"vertical-align: inherit;\"><font style=\"vertical-align: inherit;\">Aqu\u00ed hay m\u00e1s informaci\u00f3n sobre <\/font><\/font><a href=\"http:\/\/viennatouristinformation.com\/es\/anreise\/taxi\/\"><font style=\"vertical-align: inherit;\"><font style=\"vertical-align: inherit;\">los taxis en Viena<\/font><\/font><\/a><font style=\"vertical-align: inherit;\"><font style=\"vertical-align: inherit;\"> .<\/font><\/font><\/p><h2 class=\"\"><font style=\"vertical-align: inherit;\"><font style=\"vertical-align: inherit;\">Casilleros<\/font><\/font><\/h2><p><font style=\"vertical-align: inherit;\"><font style=\"vertical-align: inherit;\">Los casilleros est\u00e1n disponibles en la sala de espera con aire acondicionado.<\/font><\/font><\/p><h2 class=\"\"><font style=\"vertical-align: inherit;\"><font style=\"vertical-align: inherit;\">Aparcamiento en la estaci\u00f3n de autobuses.<\/font><\/font><\/h2><p><font style=\"vertical-align: inherit;\"><font style=\"vertical-align: inherit;\">Hay plazas de aparcamiento de pago disponibles justo al lado de la estaci\u00f3n de autobuses. <\/font><font style=\"vertical-align: inherit;\">Tambi\u00e9n hay una instalaci\u00f3n de Park &amp; Ride.<\/font><\/font><\/p><h2 class=\"\"><font style=\"vertical-align: inherit;\"><font style=\"vertical-align: inherit;\">Alquile un autob\u00fas en la estaci\u00f3n de autobuses<\/font><\/font><\/h2><p><font style=\"vertical-align: inherit;\"><font style=\"vertical-align: inherit;\">Nos complace ayudarlo a alquilar autobuses para todas las ocasiones, ya sea para viajes en grupo, salidas de empresa, viajes escolares, eventos u otros.<\/font><\/font><\/p><h2 class=\"\"><font style=\"vertical-align: inherit;\"><font style=\"vertical-align: inherit;\">compras y compras<\/font><\/font><\/h2><p><font style=\"vertical-align: inherit;\"><font style=\"vertical-align: inherit;\">Una peque\u00f1a tienda y un bistr\u00f3 se encuentran a 60 metros en el edificio de ventas en Erdbergstrasse. <\/font><font style=\"vertical-align: inherit;\">202. All\u00ed se venden snacks, peque\u00f1os refrescos y souvenirs. <\/font><font style=\"vertical-align: inherit;\">Tambi\u00e9n puedes comprar entradas aqu\u00ed. <\/font><font style=\"vertical-align: inherit;\">Est\u00e1 abierto de 7:30 am a 9:00 pm.<\/font><\/font><\/p><h2 class=\"\"><font style=\"vertical-align: inherit;\"><font style=\"vertical-align: inherit;\">Comer en el VIB<\/font><\/font><\/h2><p><font style=\"vertical-align: inherit;\"><font style=\"vertical-align: inherit;\">Un bistr\u00f3 est\u00e1 ubicado en el edificio de ventas de la Terminal Internacional de Autobuses de Viena.<\/font><\/font><\/p><p><font style=\"vertical-align: inherit;\"><font style=\"vertical-align: inherit;\">Cerca del VIB encontrar\u00e1s el Gusto, donde se ofrece cocina austriaca.<\/font><\/font><\/p><h2 class=\"\"><font style=\"vertical-align: inherit;\"><font style=\"vertical-align: inherit;\">Hoteles<\/font><\/font><\/h2><p><font style=\"vertical-align: inherit;\"><font style=\"vertical-align: inherit;\">El Vienna Sporthotel y The Barts Apartment est\u00e1n muy cerca de la estaci\u00f3n de autobuses. <\/font><font style=\"vertical-align: inherit;\">Otros hoteles y casas de hu\u00e9spedes se encuentran a poca distancia.<\/font><\/font><\/p><h2 class=\"\"><font style=\"vertical-align: inherit;\"><font style=\"vertical-align: inherit;\">Salas de seminarios y hoteles de conferencias:<\/font><\/font><\/h2><p><font style=\"vertical-align: inherit;\"><font style=\"vertical-align: inherit;\">Estaremos encantados de ayudarle a alquilar salas de seminarios para sus eventos o elegir un hotel de conferencias que satisfaga exactamente sus expectativas y requisitos.<\/font><\/font><\/p><h2 class=\"\"><font style=\"vertical-align: inherit;\"><font style=\"vertical-align: inherit;\">WiFi<\/font><\/font><\/h2><p><font style=\"vertical-align: inherit;\"><font style=\"vertical-align: inherit;\">WiFi gratuito est\u00e1 disponible para los viajeros en la sala de espera. <\/font><font style=\"vertical-align: inherit;\">Adem\u00e1s, los viajeros pueden leer 300 revistas y peri\u00f3dicos en l\u00ednea durante 2 horas al d\u00eda de forma gratuita. <\/font><font style=\"vertical-align: inherit;\">El registro es en <\/font><\/font><a href=\"http:\/\/www.myreadit.com\/vib\" class=\"\" style=\"outline: none;\"><font style=\"vertical-align: inherit;\"><font style=\"vertical-align: inherit;\">www.myreadit.com\/vib<\/font><\/font><\/a><\/p><h2 class=\"\"><font style=\"vertical-align: inherit;\"><font style=\"vertical-align: inherit;\">Direcci\u00f3n<\/font><\/font><\/h2><p><font style=\"vertical-align: inherit;\"><font style=\"vertical-align: inherit;\">Terminal Internacional de Autobuses de Viena (VIB), Erdbergstr. <\/font><font style=\"vertical-align: inherit;\">200 A, 1030 Viena <\/font><\/font><br><font style=\"vertical-align: inherit;\"><font style=\"vertical-align: inherit;\">Tel.: 0900 128 712 de 8 a. m. a 8 p. m. <\/font><\/font><br><font style=\"vertical-align: inherit;\"><font style=\"vertical-align: inherit;\">Correo electr\u00f3nico: <\/font><\/font><a href=\"mailto:info@vib-wien.at\"><font style=\"vertical-align: inherit;\"><font style=\"vertical-align: inherit;\">info@vib-wien.at<\/font><\/font><\/a><\/p><p><font style=\"vertical-align: inherit;\"><font style=\"vertical-align: inherit;\">Operador: Grupo Blaguss<\/font><\/font><\/p><\/div>","tve_custom_css":"@media (min-width: 300px){[data-css=\"tve-u-184d70cbbd9\"] { width: 100%; }}","tve_user_custom_css":"","tve_globals":{"e":"1","font_cls":[]},"tcb2_ready":1,"tcb_editor_enabled":1,"tve_landing_page":"","_tve_header":"","_tve_footer":""},"tags":[],"class_list":["post-167","page","type-page","status-publish","has-post-thumbnail","hentry","post-wrapper","thrv_wrapper"],"_links":{"self":[{"href":"https:\/\/viennatouristinformation.com\/es\/wp-json\/wp\/v2\/pages\/167","targetHints":{"allow":["GET"]}}],"collection":[{"href":"https:\/\/viennatouristinformation.com\/es\/wp-json\/wp\/v2\/pages"}],"about":[{"href":"https:\/\/viennatouristinformation.com\/es\/wp-json\/wp\/v2\/types\/page"}],"author":[{"embeddable":true,"href":"https:\/\/viennatouristinformation.com\/es\/wp-json\/wp\/v2\/users\/17"}],"replies":[{"embeddable":true,"href":"https:\/\/viennatouristinformation.com\/es\/wp-json\/wp\/v2\/comments?post=167"}],"version-history":[{"count":0,"href":"https:\/\/viennatouristinformation.com\/es\/wp-json\/wp\/v2\/pages\/167\/revisions"}],"up":[{"embeddable":true,"href":"https:\/\/viennatouristinformation.com\/es\/wp-json\/wp\/v2\/pages\/1465"}],"wp:featuredmedia":[{"embeddable":true,"href":"https:\/\/viennatouristinformation.com\/es\/wp-json\/wp\/v2\/media\/2208"}],"wp:attachment":[{"href":"https:\/\/viennatouristinformation.com\/es\/wp-json\/wp\/v2\/media?parent=167"}],"wp:term":[{"taxonomy":"post_tag","embeddable":true,"href":"https:\/\/viennatouristinformation.com\/es\/wp-json\/wp\/v2\/tags?post=167"}],"curies":[{"name":"wp","href":"https:\/\/api.w.org\/{rel}","templated":true}]}}