{"id":216,"date":"2020-06-23T12:53:22","date_gmt":"2020-06-23T10:53:22","guid":{"rendered":"http:\/\/viennatouristinformation.com\/es\/?page_id=216"},"modified":"2023-06-13T14:06:38","modified_gmt":"2023-06-13T12:06:38","slug":"aparcamiento","status":"publish","type":"page","link":"https:\/\/viennatouristinformation.com\/es\/plan\/llegar\/aparcamiento\/","title":{"rendered":"Estacionamiento en Viena: Zonas, estacionamiento a corto plazo, garajes y multas de estacionamiento"},"content":{"rendered":"<h2 data-hide=\"true\" id=\"t-1670064599502\">Incluso si a veces aumenta un poco el tr\u00e1fico, conducir en Viena no suele ser un problema, pero aparcar s\u00ed lo es.<\/h2>\n<p data-hide=\"true\" style=\"\">Por muchos lugares de inter\u00e9s que haya en Viena, hay muy pocas plazas de aparcamiento.<\/p>\n<p data-hide=\"true\" style=\"\">\u200b<\/p>\n<p><strong>Otros art\u00edculos recomendados:<\/strong><\/p>\n<ul>\n<li><a href=\"https:\/\/viennatouristinformation.com\/es\/cosas-que-hacer\/10-mejores\/\">Las 10 mejores cosas que hacer en Viena<\/a><\/li>\n<li><a href=\"https:\/\/viennatouristinformation.com\/es\/hoteles\/\">Los hoteles mejor recomendados en Viena<\/a><\/li>\n<li><a href=\"https:\/\/viennatouristinformation.com\/es\/cosas-que-hacer\/atracciones\/\">Atracciones excepcionales en Viena<\/a><\/li>\n<li><a href=\"https:\/\/viennatouristinformation.com\/es\/comida\/\" style=\"outline: none;\">Los mejores restaurantes de Viena<\/a><\/li>\n<li><a href=\"https:\/\/viennatouristinformation.com\/es\/compras\/\" style=\"outline: none;\">Compras en Viena<\/a><\/li>\n<li><a href=\"https:\/\/viennatouristinformation.com\/es\/plan\/transporte-publico\/\" style=\"outline: none;\">Transporte p\u00fablico en Viena<\/a><\/li>\n<\/ul>\n<h2 id=\"t-1670064599503\" style=\"\"><strong>zonas de estacionamiento a corto plazo<\/strong><\/h2>\n<p><span><img decoding=\"async\" alt=\"\" data-id=\"4148\" width=\"702\" data-init-width=\"1000\" height=\"465\" data-init-height=\"662\" title=\"The,Parking,Places,Close-up,View,In,The,Old,District,Of\" loading=\"lazy\" src=\"\/\/viennatouristinformation.com\/es\/wp-content\/uploads\/2022\/12\/parking-in-Vienna-Austria-2.jpg\" data-width=\"702\" data-height=\"465\" data-pin-media=\"https:\/\/viennatouristinformation.com\/es\/wp-content\/uploads\/2021\/02\/prag_20_museen_pinterest.jpg\" data-pin-description=\"Unsere Tipps: Parken in Wien\" data-pin-url=\"https:\/\/viennatouristinformation.com\/es\/plan\/llegar\/aparcamiento\/?tve=true&amp;tcbf=712562d2ea\" data-pinpro-key=\"irglyst4q\" style=\"aspect-ratio: auto 1000 \/ 662;\"><\/span><\/p>\n<p>Hay una amplia zona de estacionamiento a corto plazo en 19 distritos de Viena. Aqu\u00ed hay que pagar por aparcar y se necesita un ticket de aparcamiento (1,10 euros la media hora) o una pegatina de aparcamiento, pero esto solo se aplica a los residentes del distrito respectivo. El tiempo de estacionamiento es limitado.<\/p>\n<h2 id=\"t-1670064599504\"><strong>Venta de boletos de estacionamiento<\/strong><\/h2>\n<p>Se puede comprar un ticket de aparcamiento en estancos, gasolineras, m\u00e1quinas expendedoras de cigarrillos, oficinas de correos, m\u00e1quinas expendedoras de billetes en todas las estaciones de metro de Viena, as\u00ed como en la caja principal de la ciudad y en todas las cajas de la ciudad. Algunas tiendas y hoteles tambi\u00e9n venden multas de estacionamiento <strong>.<\/strong><\/p>\n<h2 id=\"t-1670064599505\"><strong>Validaci\u00f3n de boletos de estacionamiento<\/strong><\/h2>\n<p><span><img decoding=\"async\" alt=\"\" data-id=\"4150\" width=\"898\" data-init-width=\"1000\" height=\"600\" data-init-height=\"668\" title=\"Parking,At,The,Airport,On,Open,Space,In,Vienna\" loading=\"lazy\" src=\"\/\/viennatouristinformation.com\/es\/wp-content\/uploads\/2022\/12\/parking-in-Vienna-Austria.jpg\" data-width=\"898\" data-height=\"600\" data-pin-media=\"https:\/\/viennatouristinformation.com\/es\/wp-content\/uploads\/2021\/02\/prag_20_museen_pinterest.jpg\" data-pin-description=\"Unsere Tipps: Parken in Wien\" data-pin-url=\"https:\/\/viennatouristinformation.com\/es\/plan\/llegar\/aparcamiento\/?tve=true&amp;tcbf=712562d2ea\" data-pinpro-key=\"805mkf91u\" style=\"aspect-ratio: auto 1000 \/ 668;\"><\/span><\/p>\n<p>El ticket de aparcamiento adquirido debe validarse rellenando los apartados de mes, d\u00eda, hora, minuto y a\u00f1o y debe pegarse en el interior detr\u00e1s del parabrisas en un lugar bien visible.<\/p>\n<p>Si por error rellena el ticket de aparcamiento de forma incorrecta, debe tirarlo. No se permite la correcci\u00f3n.<\/p>\n<h2 id=\"t-1670064599506\"><strong>Pr\u00e1ctico <\/strong><strong>&#8211; <\/strong><strong>Aplicaciones<\/strong><\/h2>\n<p>Las aplicaciones para tel\u00e9fonos m\u00f3viles como Park Now o Parkingplacesearch.at encuentran la pr\u00f3xima plaza de aparcamiento gratuita, le muestran c\u00f3mo llegar utilizando navegaci\u00f3n real y le informan con antelaci\u00f3n sobre los costes. En muchos casos, tambi\u00e9n es posible el pago por tel\u00e9fono m\u00f3vil, por ejemplo, con la aplicaci\u00f3n easypark.<\/p>\n<h2 id=\"t-1670064599507\"><strong>garajes de estacionamiento<\/strong><\/h2>\n<p>Hay aparcamientos de pago de varios pisos por toda la ciudad, muchos de los cuales est\u00e1n cerca de estaciones de tren, atracciones tur\u00edsticas o centros comerciales. Los precios comienzan en 2,00 euros la hora y pueden subir hasta los 4,80 euros la hora.<\/p>\n<h2 id=\"t-1670064599508\">Estacionar y <strong>andar<\/strong><\/h2>\n<p><span><img decoding=\"async\" alt=\"\" data-id=\"4153\" width=\"898\" data-init-width=\"1000\" height=\"605\" data-init-height=\"674\" title=\"Panorama,?f,Vienna.,Austria\" loading=\"lazy\" src=\"\/\/viennatouristinformation.com\/es\/wp-content\/uploads\/2022\/12\/park-and-ride-vienna-Austria2.jpg\" data-width=\"898\" data-height=\"605\" data-pin-media=\"https:\/\/viennatouristinformation.com\/es\/wp-content\/uploads\/2021\/02\/prag_20_museen_pinterest.jpg\" data-pin-description=\"Unsere Tipps: Parken in Wien\" data-pin-url=\"https:\/\/viennatouristinformation.com\/es\/plan\/llegar\/aparcamiento\/?tve=true&amp;tcbf=712562d2ea\" data-pinpro-key=\"7np83x3q7\" style=\"aspect-ratio: auto 1000 \/ 674;\"><\/span><\/p>\n<p>Los espacios de estacionamiento Park and Ride est\u00e1n ubicados directamente en muchas estaciones regionales, S-Bahn y U-Bahn, y no todas son gratuitas.<\/p>\n<h2 id=\"t-1670064599509\"><strong><\/strong><strong>Aparcamiento <\/strong><strong>gratuito<\/strong><strong><\/strong><\/h2>\n<p>El estacionamiento es gratuito fuera de las zonas de estacionamiento de corto plazo. Dado que las zonas de estacionamiento a corto plazo se aplican durante el d\u00eda, es posible aparcar gratis durante la noche de 22:00 a 09:00 y los fines de semana durante todo el d\u00eda. Sin embargo, aseg\u00farese de observar las normas de estacionamiento los s\u00e1bados en las calles principales y comerciales. Adem\u00e1s, se puede aparcar de forma gratuita en los distritos 13 y 21 a 23.<\/p>\n<h2 id=\"t-1670064599510\"><strong>remolcar<\/strong><\/h2>\n<p>Si el autom\u00f3vil ha sido remolcado, el centro de informaci\u00f3n de la polic\u00eda puede llamar al +43 1 760 43 para obtener informaci\u00f3n. Las tarifas de remolque comienzan en 270 euros.<\/p>\n<h3 style=\"\" id=\"t-1686571213368\"><strong>ART\u00cdCULOS RELACIONADOS<\/strong><\/h3>\n<p><a href=\"https:\/\/viennatouristinformation.com\/es\/plan\/llegar\/estacion-de-autobuses-vib\/\" dynamic-postlink=\"tcb_post_the_permalink\" data-shortcode-id=\"167\"><\/a><\/p>\n<h2 style=\"padding-top: 0px !important; margin-top: 0px !important; text-align: center;\" id=\"t-1686643936365\" data-hide=\"true\"><span data-shortcode=\"tcb_post_title\" data-shortcode-name=\"Post title\" data-extra_key=\"\" data-attr-link=\"1\" data-attr-target=\"0\" data-attr-rel=\"0\" data-option-inline=\"1\" data-attr-static-link=\"{&quot;className&quot;:&quot;&quot;,&quot;href&quot;:&quot;https:\/\/viennatouristinformation.com\/es\/plan\/llegar\/estacion-de-autobuses-vib\/&quot;,&quot;title&quot;:&quot;Estaci\u00f3n de autobuses de Viena: VIB Vienna International Bus Terminal&quot;,&quot;class&quot;:&quot;&quot;}\" data-attr-css=\"\"><a href=\"https:\/\/viennatouristinformation.com\/es\/plan\/llegar\/estacion-de-autobuses-vib\/\" title=\"Estaci\u00f3n de autobuses de Viena: VIB Vienna International Bus Terminal\" data-css=\"\">Estaci\u00f3n de autobuses de Viena: VIB Vienna International Bus Terminal<\/a><\/span><\/h2>\n<p><a href=\"https:\/\/viennatouristinformation.com\/es\/plan\/llegar\/taxi\/\" dynamic-postlink=\"tcb_post_the_permalink\" data-shortcode-id=\"167\"><\/a><\/p>\n<h2 style=\"padding-top: 0px !important; margin-top: 0px !important; text-align: center;\" id=\"t-1686643936365\" data-hide=\"true\"><span data-shortcode=\"tcb_post_title\" data-shortcode-name=\"Post title\" data-extra_key=\"\" data-attr-link=\"1\" data-attr-target=\"0\" data-attr-rel=\"0\" data-option-inline=\"1\" data-attr-static-link=\"{&quot;className&quot;:&quot;&quot;,&quot;href&quot;:&quot;https:\/\/viennatouristinformation.com\/es\/plan\/llegar\/estacion-de-autobuses-vib\/&quot;,&quot;title&quot;:&quot;Estaci\u00f3n de autobuses de Viena: VIB Vienna International Bus Terminal&quot;,&quot;class&quot;:&quot;&quot;}\" data-attr-css=\"\"><a href=\"https:\/\/viennatouristinformation.com\/es\/plan\/llegar\/taxi\/\" title=\"Taxi en Viena: Tarifa, n\u00fameros y preguntas frecuentes\" data-css=\"\">Taxi en Viena: Tarifa, n\u00fameros y preguntas frecuentes<\/a><\/span><\/h2>\n<p><a href=\"https:\/\/viennatouristinformation.com\/es\/plan\/llegar\/aparcamiento-disuasorio\/\" dynamic-postlink=\"tcb_post_the_permalink\" data-shortcode-id=\"167\"><\/a><\/p>\n<h2 style=\"padding-top: 0px !important; margin-top: 0px !important; text-align: center;\" id=\"t-1686643936365\" data-hide=\"true\"><span data-shortcode=\"tcb_post_title\" data-shortcode-name=\"Post title\" data-extra_key=\"\" data-attr-link=\"1\" data-attr-target=\"0\" data-attr-rel=\"0\" data-option-inline=\"1\" data-attr-static-link=\"{&quot;className&quot;:&quot;&quot;,&quot;href&quot;:&quot;https:\/\/viennatouristinformation.com\/es\/plan\/llegar\/estacion-de-autobuses-vib\/&quot;,&quot;title&quot;:&quot;Estaci\u00f3n de autobuses de Viena: VIB Vienna International Bus Terminal&quot;,&quot;class&quot;:&quot;&quot;}\" data-attr-css=\"\"><a href=\"https:\/\/viennatouristinformation.com\/es\/plan\/llegar\/aparcamiento-disuasorio\/\" title=\"Park and Ride\u00a0en Viena: Gu\u00eda completa de los parques\" data-css=\"\">Park and Ride\u00a0en Viena: Gu\u00eda completa de los parques<\/a><\/span><\/h2>\n<p><a href=\"https:\/\/viennatouristinformation.com\/es\/plan\/transporte-publico\/\" dynamic-postlink=\"tcb_post_the_permalink\" data-shortcode-id=\"167\"><\/a><\/p>\n<h2 style=\"padding-top: 0px !important; margin-top: 0px !important; text-align: center;\" id=\"t-1686643936365\" data-hide=\"true\"><span data-shortcode=\"tcb_post_title\" data-shortcode-name=\"Post title\" data-extra_key=\"\" data-attr-link=\"1\" data-attr-target=\"0\" data-attr-rel=\"0\" data-option-inline=\"1\" data-attr-static-link=\"{&quot;className&quot;:&quot;&quot;,&quot;href&quot;:&quot;https:\/\/viennatouristinformation.com\/es\/plan\/llegar\/estacion-de-autobuses-vib\/&quot;,&quot;title&quot;:&quot;Estaci\u00f3n de autobuses de Viena: VIB Vienna International Bus Terminal&quot;,&quot;class&quot;:&quot;&quot;}\" data-attr-css=\"\"><a href=\"https:\/\/viennatouristinformation.com\/es\/plan\/transporte-publico\/\" title=\"Transporte p\u00fablico Viena: Billete, precio y medio de transporte\" data-css=\"\">Transporte p\u00fablico Viena: Billete, precio y medio de transporte<\/a><\/span><\/h2>\n","protected":false},"excerpt":{"rendered":"<p>Incluso si a veces aumenta un poco el tr\u00e1fico, conducir en Viena no suele ser un problema, pero aparcar s\u00ed lo es. Por muchos lugares de inter\u00e9s que haya en Viena, hay muy pocas plazas de aparcamiento. \u200b Otros art\u00edculos recomendados: Las 10 mejores cosas que hacer en Viena Los hoteles mejor recomendados en Viena [&hellip;]<\/p>\n","protected":false},"author":17,"featured_media":370,"parent":1465,"menu_order":0,"comment_status":"closed","ping_status":"closed","template":"","meta":{"footnotes":""},"tags":[],"class_list":["post-216","page","type-page","status-publish","has-post-thumbnail","hentry","post-wrapper","thrv_wrapper"],"_links":{"self":[{"href":"https:\/\/viennatouristinformation.com\/es\/wp-json\/wp\/v2\/pages\/216","targetHints":{"allow":["GET"]}}],"collection":[{"href":"https:\/\/viennatouristinformation.com\/es\/wp-json\/wp\/v2\/pages"}],"about":[{"href":"https:\/\/viennatouristinformation.com\/es\/wp-json\/wp\/v2\/types\/page"}],"author":[{"embeddable":true,"href":"https:\/\/viennatouristinformation.com\/es\/wp-json\/wp\/v2\/users\/17"}],"replies":[{"embeddable":true,"href":"https:\/\/viennatouristinformation.com\/es\/wp-json\/wp\/v2\/comments?post=216"}],"version-history":[{"count":0,"href":"https:\/\/viennatouristinformation.com\/es\/wp-json\/wp\/v2\/pages\/216\/revisions"}],"up":[{"embeddable":true,"href":"https:\/\/viennatouristinformation.com\/es\/wp-json\/wp\/v2\/pages\/1465"}],"wp:featuredmedia":[{"embeddable":true,"href":"https:\/\/viennatouristinformation.com\/es\/wp-json\/wp\/v2\/media\/370"}],"wp:attachment":[{"href":"https:\/\/viennatouristinformation.com\/es\/wp-json\/wp\/v2\/media?parent=216"}],"wp:term":[{"taxonomy":"post_tag","embeddable":true,"href":"https:\/\/viennatouristinformation.com\/es\/wp-json\/wp\/v2\/tags?post=216"}],"curies":[{"name":"wp","href":"https:\/\/api.w.org\/{rel}","templated":true}]}}