{"id":225,"date":"2020-06-23T12:53:17","date_gmt":"2020-06-23T10:53:17","guid":{"rendered":"http:\/\/viennatouristinformation.com\/es\/?page_id=225"},"modified":"2023-06-01T16:50:12","modified_gmt":"2023-06-01T14:50:12","slug":"mercado","status":"publish","type":"page","link":"https:\/\/viennatouristinformation.com\/es\/compras\/mercado\/","title":{"rendered":"10 Mejores mercados de Viena [desde la comida hasta el mercadillo]"},"content":{"rendered":"<h2 id=\"t-1670068849141\" data-hide=\"true\">En Viena, se celebran mercados de todo tipo en numerosos distritos.<\/h2>\n<p>Hay mercados semanales, mercados de pulgas, mercados org\u00e1nicos, mercados org\u00e1nicos, mercados de dise\u00f1o y mucho m\u00e1s.<\/p>\n<p>Aqu\u00ed tienes una peque\u00f1a selecci\u00f3n.<\/p>\n<h2 id=\"t-1670068849142\">1. <strong>Naschmarkt<\/strong><\/h2>\n<p><span><img decoding=\"async\" alt=\"Naschmarkt en Viena en Austria\" data-id=\"348\" width=\"885\" data-init-width=\"1000\" height=\"590\" data-init-height=\"667\" title=\"Naschmarkt en Viena en Austria\" loading=\"lazy\" src=\"\/\/viennatouristinformation.com\/es\/wp-content\/uploads\/2020\/06\/Naschmarkt-in-Vienna-in-Austria.jpg\" data-width=\"885\" data-height=\"590\"><\/span><\/p>\n<p>Los puestos del Naschmarkt ofrecen sus productos de lunes a viernes de 6 a 21 horas y los s\u00e1bados de 6 a 18 horas. Frutas, verduras, especias, pescados, carnes, quesos y delicias de diferentes pa\u00edses y regiones esperan a los visitantes. El Naschmarkt es el mercado m\u00e1s importante de Viena y se considera una atracci\u00f3n tur\u00edstica.<\/p>\n<p>Alrededor del Naschmarkt hay numerosos caf\u00e9s, restaurantes y bares que abren hasta las 23:00 horas. Como resultado, tambi\u00e9n hay mucha actividad en el Naschmarkt y sus alrededores durante las horas de la tarde. Puede llegar f\u00e1cilmente al Naschmarkt a trav\u00e9s de las estaciones de metro en Kettenbr\u00fcckengasse o Karslplatz.<\/p>\n<h2 id=\"t-1670068849143\">2. Mercado de Rochus<\/h2>\n<p><span><img decoding=\"async\" alt=\"Mercado de Rochus en Viena en Austria\" data-id=\"351\" width=\"885\" data-init-width=\"1000\" height=\"558\" data-init-height=\"631\" title=\"Mercado de Rochus en Viena en Austria\" loading=\"lazy\" src=\"\/\/viennatouristinformation.com\/es\/wp-content\/uploads\/2020\/06\/Rochusmarkt-in-Vienna-in-Austria.jpg\" data-width=\"885\" data-height=\"558\"><\/span><\/p>\n<p>Antiguo mercado de flores puras, hoy 40 puestos de mercado en el Rochusmarkt ofrecen sus especialidades culinarias de lunes a viernes de 6 a 19:30 y los s\u00e1bados de 6 a 17, desde pan de campo hasta entrantes y, por supuesto, flores&#8230; Justo entre En la grada encontrar\u00e1s un peque\u00f1o bar de vinos. El mercado tambi\u00e9n se conoce como Augustinermarkt.<\/p>\n<p>Si te apetece, despu\u00e9s de un paseo por el mercado, puedes pasear por la calle comercial al lado del mercado. Hay numerosos pubs, cafeter\u00edas y bares en las inmediaciones del mercado, que invitan a relajarse despu\u00e9s de las compras.<\/p>\n<p>Puede llegar f\u00e1cilmente al Rochusmarkt a trav\u00e9s de la estaci\u00f3n de metro Rochusgasse.<\/p>\n<h2 id=\"t-1670068849144\">3. Mercado de las Fuentes<\/h2>\n<p><span><img decoding=\"async\" alt=\"Brunnenmarkt en Viena en Austria\" data-id=\"353\" width=\"885\" data-init-width=\"1000\" height=\"590\" data-init-height=\"667\" title=\"Brunnenmarkt en Viena en Austria\" loading=\"lazy\" src=\"\/\/viennatouristinformation.com\/es\/wp-content\/uploads\/2020\/06\/Brunnenmarkt-in-Vienna-in-Austria.jpg\" data-width=\"885\" data-height=\"590\"><\/span><\/p>\n<p>Las operaciones se realizan en el mercado m\u00e1s grande de Viena de lunes a viernes de 6 a. m. a 9 p. m. y los s\u00e1bados de 6 a. m. a 6 p. m. El mercadillo recuerda a un bazar y por eso tambi\u00e9n se le llama \u00abOriente y Rinc\u00f3n\u00bb. Especialmente por la noche, justo antes del cierre del mercado, la gente regatea aqu\u00ed.<\/p>\n<p>Se considera el mercado m\u00e1s barato de Viena y, con 170 puestos, uno de los mercados callejeros permanentes m\u00e1s grandes de Europa. Se ofrece una amplia variedad de productos, adem\u00e1s de oriente, verduras, carnes, pescados y quesos, hay especialidades turcas y griegas, marroquiner\u00eda, souvenirs, productos de dise\u00f1o y mucho m\u00e1s. En las inmediaciones de Brunnenmarkt hay muchos restaurantes de cocina mixta internacional, as\u00ed como cafeter\u00edas y bares.<\/p>\n<p>Puede llegar f\u00e1cilmente al Brunnenmarkt a trav\u00e9s de la estaci\u00f3n de metro Brunnengasse.<\/p>\n<h2 id=\"t-1670068849145\">4. Mercadillo<\/h2>\n<p><span><img decoding=\"async\" alt=\"Mercado de pulgas en Viena en Austria\" data-id=\"355\" width=\"885\" data-init-width=\"1000\" height=\"590\" data-init-height=\"667\" title=\"Mercado de pulgas en Viena en Austria\" loading=\"lazy\" src=\"\/\/viennatouristinformation.com\/es\/wp-content\/uploads\/2020\/06\/Flohmarkt-in-Vienna-in-Austria.jpg\" data-width=\"885\" data-height=\"590\"><\/span><\/p>\n<p>Un mercado de pulgas se lleva a cabo todos los s\u00e1bados entre las 7:00 am y la 1:00 pm justo al lado del Naschmarkt. Adem\u00e1s de art\u00edculos para el hogar y libros y discos usados, tambi\u00e9n se ofrecen antig\u00fcedades y obras de arte. Algunos de los distribuidores son profesionales, pero muchos de los proveedores tambi\u00e9n son particulares.<\/p>\n<p>Se puede comer en uno de los numerosos restaurantes y cafeter\u00edas de la zona. Puede llegar f\u00e1cilmente al mercado de pulgas a trav\u00e9s de la estaci\u00f3n de metro Kettenbr\u00fcckengasse.<\/p>\n<h2 id=\"t-1670068849146\">5. Mercado Carmelita<\/h2>\n<p><span><img decoding=\"async\" alt=\"Mercado carmelita en Viena en Austria\" data-id=\"357\" width=\"885\" data-init-width=\"1000\" height=\"590\" data-init-height=\"667\" title=\"Mercado carmelita en Viena en Austria\" loading=\"lazy\" src=\"\/\/viennatouristinformation.com\/es\/wp-content\/uploads\/2020\/06\/Karmelitermarkt-in-Vienna-in-Austria.jpg\" data-width=\"885\" data-height=\"590\"><\/span><\/p>\n<p>De lunes a viernes de 6:00 a 21:00 horas y los s\u00e1bados de 6:00 a 18:00 horas, la extensa oferta se despliega ante los visitantes. Adem\u00e1s de frutas y verduras, tambi\u00e9n hay quesos internacionales, carne de caballo y productos org\u00e1nicos. Hay mucha oferta de productos ecol\u00f3gicos, sobre todo los s\u00e1bados, porque entonces los agricultores ecol\u00f3gicos de la zona montan sus puestos junto a los puestos permanentes y llaman a la venta.<\/p>\n<p>Numerosos caf\u00e9s, bares y restaurantes de la zona tienen una amplia gama, desde austriaco a tailand\u00e9s, pasando por pizza y sushi.<\/p>\n<p>Puede llegar f\u00e1cilmente al Karmelitermarkt a trav\u00e9s de la estaci\u00f3n de metro Taborstrasse.<\/p>\n<h2 id=\"t-1670068849147\">6. Freung<\/h2>\n<p><span><img decoding=\"async\" alt=\"Freyung en Viena en Austria\" data-id=\"359\" width=\"885\" data-init-width=\"1000\" height=\"590\" data-init-height=\"667\" title=\"Freyung en Viena en Austria\" loading=\"lazy\" src=\"\/\/viennatouristinformation.com\/es\/wp-content\/uploads\/2020\/06\/Freyung-in-Vienna-in-Austria.jpg\" data-width=\"885\" data-height=\"590\"><\/span><\/p>\n<p>Un mercado de agricultores org\u00e1nicos se lleva a cabo en Freyung todos los viernes y s\u00e1bados de 9:00 a. m. a 6:00 p. m. El mercado de Freyung fue fundado hace casi 30 a\u00f1os y es el mercado puramente org\u00e1nico m\u00e1s antiguo de Europa. Se ofrece todo lo que tiene que ver con lo ecol\u00f3gico, jam\u00f3n pierna ecol\u00f3gico, mangalitza ecol\u00f3gica, verduras ecol\u00f3gicas, fruta ecol\u00f3gica, especias ecol\u00f3gicas y especialidades de caza. Tambi\u00e9n se pueden encontrar art\u00edculos de mimbre, juguetes de madera y cer\u00e1mica. Numerosos puestos del mercado ofrecen sus productos elaborados en forma de snacks para consumo inmediato.<\/p>\n<p>El mercado org\u00e1nico en Freyung est\u00e1 a 5 minutos a pie desde la estaci\u00f3n de metro Herrengasse, y puedes caminar desde Schottentor en menos de 10 minutos.<\/p>\n<h2 id=\"t-1670068849148\">7. Mercado de antig\u00fcedades<\/h2>\n<p><span><img decoding=\"async\" alt=\"Mercado de antig\u00fcedades en Viena en Austira\" data-id=\"361\" width=\"885\" data-init-width=\"1000\" height=\"590\" data-init-height=\"667\" title=\"Mercado de antig\u00fcedades en Viena en Austira\" loading=\"lazy\" src=\"\/\/viennatouristinformation.com\/es\/wp-content\/uploads\/2020\/06\/Antiquit\u00e4tenmarkt-in-Vienna-in-Austira.jpg\" data-width=\"885\" data-height=\"590\"><\/span><\/p>\n<p>De marzo a noviembre, el mercado de arte y antig\u00fcedades de la finca abre sus puestos todos los viernes y s\u00e1bados de 10:00 a 20:00 horas. En medio del centro de la ciudad de Viena, se ofrecen obras de arte y antig\u00fcedades de alta calidad de siglos pasados.<\/p>\n<p>Libros y escritos antiguos, monedas, vasijas antiguas de piedra y barro, pinturas al \u00f3leo, marcos de cuadros antiguos y muchas otras rarezas deleitan el coraz\u00f3n de los visitantes. Tambi\u00e9n hay juguetes de hojalata, dientes de tibur\u00f3n y varias cachivaches.<\/p>\n<p>El olor a salchichas frescas y cerveza proviene del snack bar Lehner&#8217;s Speck Standl, que invita a detenerse con sus especialidades.<\/p>\n<p>Las estaciones de metro de Schwertgasse y Herrengasse est\u00e1n a 3 minutos a pie.<\/p>\n<h2 id=\"t-1670068849149\">8. Mercado de Viktor Adler<\/h2>\n<p><span><img decoding=\"async\" alt=\"Mercado de Viktor Adler en Viena en Austria\" data-id=\"363\" width=\"885\" data-init-width=\"1000\" height=\"590\" data-init-height=\"667\" title=\"Mercado de Viktor Adler en Viena en Austria\" loading=\"lazy\" src=\"\/\/viennatouristinformation.com\/es\/wp-content\/uploads\/2020\/06\/Viktor-Adler-Markt-in-Vienna-in-Austria.jpg\" data-width=\"885\" data-height=\"590\"><\/span><\/p>\n<p>En el distrito 10 de Viena, en Favoriten, se celebra un mercado todos los d\u00edas de 06:00 a 19:30 y los s\u00e1bados hasta las 18:00 en Viktor-Adler-Platz. El mercado es conocido por sus ruidosos ladradores, de los que se dice que son los m\u00e1s ruidosos de Viena.<\/p>\n<p>Se presenta a los visitantes una colorida gama de productos, desde carne, aves y pescado hasta especias, productos horneados, queso, ropa, objetos cotidianos, flores y productos orientales, encontrar\u00e1 de todo. Si te da hambre el ajetreo, puedes fortalecerte en alguno de los peque\u00f1os restaurantes que rodean el mercado.<\/p>\n<p>Puede llegar a Viktor Adler Markt a trav\u00e9s de la estaci\u00f3n de metro Reumannplatz o Keplerplatz con el U1. El mercado est\u00e1 a unos 10 minutos a pie entre las dos paradas.<\/p>\n<h2 id=\"t-1670068849150\">9. Meiselmarkt<\/h2>\n<p><span><img decoding=\"async\" alt=\"Meiselmarkt en Viena en Austria\" data-id=\"365\" width=\"885\" data-init-width=\"1000\" height=\"590\" data-init-height=\"667\" title=\"Meiselmarkt en Viena en Austria\" loading=\"lazy\" src=\"\/\/viennatouristinformation.com\/es\/wp-content\/uploads\/2020\/06\/Meiselmarkt-in-Vienna-in-Austria.jpg\" data-width=\"885\" data-height=\"590\"><\/span><\/p>\n<p>El \u00fanico mercado de Viena que est\u00e1 completamente cubierto est\u00e1 abierto de lunes a viernes de 06:00 a 19:30 y los s\u00e1bados hasta las 17:00. El mercado se construy\u00f3 en un antiguo dep\u00f3sito de agua, lo que le da un toque especial. Adem\u00e1s de frutas y verduras, tambi\u00e9n se ofrecen productos de panader\u00eda, carnes y pescados. Tambi\u00e9n puede encontrar especialidades del sureste de Europa en este peque\u00f1o mercado.<\/p>\n<p>Si tiene hambre despu\u00e9s de las compras, puede ir a McDonald&#8217;s, comer pizza o disfrutar de la cocina regional e internacional en uno de los restaurantes m\u00e1s peque\u00f1os cercanos.<\/p>\n<p>Una visita al mercado se puede combinar f\u00e1cilmente con una visita al centro comercial al que est\u00e1 conectado. Puede llegar a Viktor Adler Markt con el U3 a trav\u00e9s de la estaci\u00f3n de metro Johnstrasse, que est\u00e1 justo enfrente.<\/p>\n<h2 id=\"t-1670068849151\">10\u00ba Mercado de autocares<\/h2>\n<p><span><img decoding=\"async\" alt=\"Mercado de autocares en Viena en Austria\" data-id=\"367\" width=\"885\" data-init-width=\"1000\" height=\"590\" data-init-height=\"667\" title=\"Mercado de autocares en Viena en Austria\" loading=\"lazy\" src=\"\/\/viennatouristinformation.com\/es\/wp-content\/uploads\/2020\/06\/Kutschkermarkt-in-Vienna-in-Austria.jpg\" data-width=\"885\" data-height=\"590\"><\/span><\/p>\n<p>Un poco fuera del centro de la ciudad, en el distrito 18 de Viena, el Kutschkermarkt se celebra todos los d\u00edas de 6:00 a 21:00 horas y los s\u00e1bados hasta las 18:00 horas. Los s\u00e1bados tambi\u00e9n hay mercado del agricultor con productos frescos del campo.<\/p>\n<p>El Kutschkermarkt es uno de los mercados callejeros m\u00e1s antiguos de Viena y es conocido por sus numerosos puestos de comida, cafeter\u00edas y puestos de delicatessen. Se ofrecen principalmente productos de temporada. En la ruta del placer, que tiene lugar dos veces al a\u00f1o, los puestos del mercado ofrecen cositas deliciosas para comer, que podr\u00e1s ir probando poco a poco.<\/p>\n<p>Si desea descansar o tener hambre, simplemente ac\u00e9rquese a uno de los caf\u00e9s o restaurantes de los alrededores que ofrecen una amplia variedad de platos.<\/p>\n<p>Puede llegar al Kutschkermarkt a trav\u00e9s de la estaci\u00f3n de metro W\u00e4hringer Strasse, desde la cual se encuentra a unos 10 minutos a pie.<\/p>\n","protected":false},"excerpt":{"rendered":"<p>En Viena, se celebran mercados de todo tipo en numerosos distritos. Hay mercados semanales, mercados de pulgas, mercados org\u00e1nicos, mercados org\u00e1nicos, mercados de dise\u00f1o y mucho m\u00e1s. Aqu\u00ed tienes una peque\u00f1a selecci\u00f3n. 1. Naschmarkt Los puestos del Naschmarkt ofrecen sus productos de lunes a viernes de 6 a 21 horas y los s\u00e1bados de 6 [&hellip;]<\/p>\n","protected":false},"author":17,"featured_media":2249,"parent":1464,"menu_order":0,"comment_status":"open","ping_status":"closed","template":"","meta":{"footnotes":""},"tags":[],"class_list":["post-225","page","type-page","status-publish","has-post-thumbnail","hentry","post-wrapper","thrv_wrapper"],"_links":{"self":[{"href":"https:\/\/viennatouristinformation.com\/es\/wp-json\/wp\/v2\/pages\/225","targetHints":{"allow":["GET"]}}],"collection":[{"href":"https:\/\/viennatouristinformation.com\/es\/wp-json\/wp\/v2\/pages"}],"about":[{"href":"https:\/\/viennatouristinformation.com\/es\/wp-json\/wp\/v2\/types\/page"}],"author":[{"embeddable":true,"href":"https:\/\/viennatouristinformation.com\/es\/wp-json\/wp\/v2\/users\/17"}],"replies":[{"embeddable":true,"href":"https:\/\/viennatouristinformation.com\/es\/wp-json\/wp\/v2\/comments?post=225"}],"version-history":[{"count":0,"href":"https:\/\/viennatouristinformation.com\/es\/wp-json\/wp\/v2\/pages\/225\/revisions"}],"up":[{"embeddable":true,"href":"https:\/\/viennatouristinformation.com\/es\/wp-json\/wp\/v2\/pages\/1464"}],"wp:featuredmedia":[{"embeddable":true,"href":"https:\/\/viennatouristinformation.com\/es\/wp-json\/wp\/v2\/media\/2249"}],"wp:attachment":[{"href":"https:\/\/viennatouristinformation.com\/es\/wp-json\/wp\/v2\/media?parent=225"}],"wp:term":[{"taxonomy":"post_tag","embeddable":true,"href":"https:\/\/viennatouristinformation.com\/es\/wp-json\/wp\/v2\/tags?post=225"}],"curies":[{"name":"wp","href":"https:\/\/api.w.org\/{rel}","templated":true}]}}