{"id":2303,"date":"2020-10-06T13:39:44","date_gmt":"2020-10-06T11:39:44","guid":{"rendered":"http:\/\/viennatouristinformation.com\/es\/?page_id=2303"},"modified":"2023-06-14T14:32:41","modified_gmt":"2023-06-14T12:32:41","slug":"escuela-espanola-de-equitacion","status":"publish","type":"page","link":"https:\/\/viennatouristinformation.com\/es\/cosas-que-hacer\/castillos\/palacio-imperial\/escuela-espanola-de-equitacion\/","title":{"rendered":"Escuela Espa\u00f1ola de Equitaci\u00f3n: Entrada, Presentaci\u00f3n e Historia"},"content":{"rendered":"<h2 id=\"t-1669972951435\" data-hide=\"true\">La tradicional Escuela Espa\u00f1ola de Equitaci\u00f3n le espera con las cl\u00e1sicas t\u00e9cnicas de equitaci\u00f3n de la \u00abescuela secundaria\u00bb, presentadas por los mundialmente famosos caballos bailarines Lipizzaner.<\/h2>\n<p>En esta gu\u00eda de la Escuela Espa\u00f1ola de Equitaci\u00f3n encontrar\u00e1s todo lo que hay que hacer en la Escuela de Equitaci\u00f3n, as\u00ed como informaci\u00f3n sobre c\u00f3mo llegar, entradas y visitas guiadas.<\/p>\n<p style=\"\"><strong>Otros art\u00edculos recomendados:<\/strong><\/p>\n<ul>\n<li><a href=\"https:\/\/viennatouristinformation.com\/es\/cosas-que-hacer\/10-mejores\/\">Las 10 mejores cosas que hacer en Viena<\/a><\/li>\n<li><a href=\"https:\/\/viennatouristinformation.com\/es\/hoteles\/\" style=\"outline: none;\">Los hoteles mejor recomendados en Viena<\/a><\/li>\n<li><a href=\"https:\/\/viennatouristinformation.com\/es\/cosas-que-hacer\/atracciones\/\" style=\"outline: none;\">Atracciones excepcionales en Viena<\/a><\/li>\n<li><a href=\"https:\/\/viennatouristinformation.com\/es\/comida\/\" style=\"outline: none;\">Los mejores restaurantes de Viena<\/a><\/li>\n<li><a href=\"https:\/\/viennatouristinformation.com\/es\/compras\/\">Compras en Viena<\/a><\/li>\n<li><a href=\"https:\/\/viennatouristinformation.com\/es\/plan\/transporte-publico\/\">Transporte p\u00fablico en Viena<\/a><\/li>\n<\/ul>\n<h2 id=\"t-1669972951436\" style=\"\">\u00bfQu\u00e9 puedo hacer en la Escuela Espa\u00f1ola de Equitaci\u00f3n?<\/h2>\n<p><span><img decoding=\"async\" alt=\"Wie komme ich zur Spanischen Hofreitschule\" data-id=\"2713\" width=\"885\" data-init-width=\"1000\" height=\"590\" data-init-height=\"667\" title=\"Wie komme ich zur Spanischen Hofreitschule\" loading=\"lazy\" src=\"\/\/viennatouristinformation.com\/es\/wp-content\/uploads\/2020\/10\/Wie-komme-ich-zur-Spanischen-Hofreitschule.jpg\" data-width=\"885\" data-height=\"590\" data-pin-media=\"https:\/\/viennatouristinformation.com\/es\/wp-content\/uploads\/2021\/01\/wien_pinterest_spanische_hofreitschule-2.jpg\" data-pin-description=\"Escuela Espa\u00f1ola de Equitaci\u00f3n: Entrada, Presentaci\u00f3n e Historia\" data-pin-url=\"https:\/\/viennatouristinformation.com\/es\/cosas-que-hacer\/castillos\/palacio-imperial\/escuela-espanola-de-equitacion\/?tve=true&amp;tcbf=d5716ea3f9\" data-pinpro-key=\"f9902tl60\" style=\"aspect-ratio: auto 1000 \/ 667;\"><\/span><\/p>\n<p>En la Escuela Espa\u00f1ola de Equitaci\u00f3n podr\u00e1s vivir &nbsp; la magia y la elegancia de tiempos pasados en el ambiente barroco del <a href=\"https:\/\/viennatouristinformation.com\/es\/cosas-que-hacer\/castillos\/palacio-imperial\/\" style=\"outline: none;\">Hofburg .<\/a><\/p>\n<p>Como \u00fanica instituci\u00f3n en el mundo, la Escuela Espa\u00f1ola de Equitaci\u00f3n conserva la antigua tradici\u00f3n ecuestre dedic\u00e1ndose al adiestramiento y doma cl\u00e1sica de los elegantes caballos Lipizzaner, la raza equina m\u00e1s antigua de Europa, desde hace m\u00e1s de 450 a\u00f1os. Por ello, la equitaci\u00f3n de la Escuela Espa\u00f1ola de Equitaci\u00f3n forma parte del Patrimonio Cultural Inmaterial de la UNESCO desde 2015.<\/p>\n<p>D\u00e9jate encantar por las actuaciones \u00fanicas de la Escuela Espa\u00f1ola de Equitaci\u00f3n. Durante una visita al \u00abtrabajo de la ma\u00f1ana\u00bb, el entrenamiento matutino diario de los Lipizzaners, puede ver a los caballos bailarines entrenarse con m\u00fasica cl\u00e1sica.<\/p>\n<p>Un espect\u00e1culo ecuestre impresionante se presenta en las actuaciones nocturnas, que son muy populares. Esto se presenta en la sensacional y barroca escuela de equitaci\u00f3n de invierno, el picadero m\u00e1s hermoso del mundo, acompa\u00f1ado de m\u00fasica cl\u00e1sica vienesa.<\/p>\n<p>En el marco de una visita guiada, como la visita arquitect\u00f3nica, los interesados pueden conocer en exclusiva la historia, tradici\u00f3n y arquitectura de la Escuela Espa\u00f1ola de Equitaci\u00f3n.<\/p>\n<h2 id=\"t-1669972951437\">Entradas, entradas y visitas guiadas<\/h2>\n<ul>\n<li><strong>Demostraci\u00f3n:<\/strong> Cualquiera que quiera maravillarse con el \u201cBallet de los Hengstes Blancos\u201d puede elegir entre una actuaci\u00f3n (aprox. 70 minutos) y una actuaci\u00f3n de gala (aprox. 90 minutos, moderada en vivo). <a href=\"https:\/\/www.srs.at\/tickets-veranstaltungen\/vorfuehrung-wien\/\" rel=\"noopener\" target=\"_blank\">Aqu\u00ed<\/a> encontrar\u00e1s las entradas con las fechas y precios actuales.<\/li>\n<li><strong>Entrada para el entrenamiento:<\/strong> Las entradas y fechas para el entrenamiento de los ciclistas con sus Lipizzaners, el llamado trabajo de la ma\u00f1ana, se pueden encontrar <a href=\"https:\/\/www.srs.at\/tickets-veranstaltungen\/training-wien\/\" rel=\"noopener\" target=\"_blank\">aqu\u00ed<\/a> .<\/li>\n<li><strong>Visita guiada:<\/strong> Durante una visita guiada de 1 hora podr\u00e1s echar un vistazo entre bastidores a la Escuela Espa\u00f1ola de Equitaci\u00f3n. Tambi\u00e9n se ofrecen tours privados bajo petici\u00f3n. <a href=\"https:\/\/www.srs.at\/tickets-veranstaltungen\/gefuehrter-rundgang-wien\/\" rel=\"noopener\" target=\"_blank\">Puede<\/a> encontrar un resumen de precios y fechas aqu\u00ed.<\/li>\n<li><strong>Visita arquitect\u00f3nica:<\/strong> Si quieres conocer m\u00e1s de cerca la magn\u00edfica Escuela Espa\u00f1ola de Equitaci\u00f3n y aprender m\u00e1s sobre la arquitectura barroca, puedes hacerlo en una visita arquitect\u00f3nica. El recorrido de 80 minutos conduce desde los establos hasta los pisos superiores de la escuela barroca de equitaci\u00f3n de invierno. <a href=\"https:\/\/www.srs.at\/tickets-veranstaltungen\/architekturfuehrung-wien\/\" rel=\"noopener\" target=\"_blank\" style=\"outline: none;\">Aqu\u00ed<\/a> puede elegir entre las fechas actuales y reservar.<\/li>\n<\/ul>\n<h2 id=\"t-1669972951438\">\u00bfC\u00f3mo llego a la Escuela Espa\u00f1ola de Equitaci\u00f3n?<\/h2>\n<p>La Escuela Espa\u00f1ola de Equitaci\u00f3n est\u00e1 ubicada en el Hofburg de Viena en el coraz\u00f3n de la ciudad. La forma m\u00e1s f\u00e1cil de llegar a pie es a trav\u00e9s de Michaelerplatz o Heldenplatz.<\/p>\n<p>Si llega en transporte p\u00fablico, le recomendamos el U3 hasta Herrengasse. Alternativamente, puede tomar las l\u00edneas de tranv\u00eda 1, 2, D o 62, que lo llevar\u00e1n a K\u00e4rtner Ring Oper o Burgring. Los autobuses 1A (a Herrengasse), 2A (a Michaelerplatz) y 3A (a Habsburgergasse) tambi\u00e9n paran cerca.<\/p>\n<h2 id=\"t-1669972951439\" style=\"\">Historia de la Escuela de Equitaci\u00f3n<\/h2>\n<p><span><img decoding=\"async\" alt=\"Geschichte der Hofreitschule\" data-id=\"2714\" width=\"885\" data-init-width=\"1000\" height=\"590\" data-init-height=\"667\" title=\"Geschichte der Hofreitschule\" loading=\"lazy\" src=\"\/\/viennatouristinformation.com\/es\/wp-content\/uploads\/2020\/10\/Geschichte-der-Hofreitschule.jpg\" data-width=\"885\" data-height=\"590\" data-pin-media=\"https:\/\/viennatouristinformation.com\/es\/wp-content\/uploads\/2021\/01\/wien_pinterest_spanische_hofreitschule-2.jpg\" data-pin-description=\"Escuela Espa\u00f1ola de Equitaci\u00f3n: Entrada, Presentaci\u00f3n e Historia\" data-pin-url=\"https:\/\/viennatouristinformation.com\/es\/cosas-que-hacer\/castillos\/palacio-imperial\/escuela-espanola-de-equitacion\/?tve=true&amp;tcbf=d5716ea3f9\" data-pinpro-key=\"ltgxkk22w\" style=\"aspect-ratio: auto 1000 \/ 667;\"><\/span><\/p>\n<p>La tradici\u00f3n de la Escuela Espa\u00f1ola de Equitaci\u00f3n se remonta al siglo XVI, cuando se construy\u00f3 un picadero al aire libre y torneos en la actual Josefplatz, cerca del Hofburg de Viena. Esta \u00abCaballeriza Espa\u00f1ola\u00bb fue mencionada oficialmente en 1565, convirtiendo a la Escuela Espa\u00f1ola de Equitaci\u00f3n en la escuela de equitaci\u00f3n cl\u00e1sica m\u00e1s antigua del mundo.<\/p>\n<p>De 1565 a 1569, durante el reinado de Fernando I, el Stallburg se construy\u00f3 transformando una residencia destinada a Fernando I en establos. A partir de entonces, estos albergaron los caballos personales de los Habsburgo.<\/p>\n<p>Hoy en d\u00eda, la Escuela de Equitaci\u00f3n es uno de los <a href=\"https:\/\/viennatouristinformation.com\/es\/cosas-que-hacer\/\" style=\"outline: none;\">lugares m\u00e1s visitados de Viena<\/a> .<\/p>\n<h3 id=\"t-1669972951440\">caballos lipizzanos<\/h3>\n<p>La cr\u00eda de caballos andaluces se inici\u00f3 bajo el archiduque Carlos II. Para ello les hizo construir una yeguada en Lipica, la actual Eslovenia, en 1580. En los siglos siguientes, los reyes de los Habsburgo se dedicaron a criar una raza que cumpliera con los requisitos del ideal cl\u00e1sico de la equitaci\u00f3n. Los mejores de ellos fueron enviados al <a href=\"https:\/\/viennatouristinformation.com\/es\/cosas-que-hacer\/castillos\/palacio-imperial\/\" style=\"outline: none;\">Hofburg<\/a> de Viena . El nombre de los caballos Lipizzaner se deriv\u00f3 m\u00e1s tarde de esta yeguada de Lipica.<\/p>\n<h3 id=\"t-1669972951441\">Nuevo picadero<\/h3>\n<p>Despu\u00e9s de que el picadero sufriera graves da\u00f1os durante el segundo sitio turco de Viena, el emperador Carlos IV hizo construir una escuela de equitaci\u00f3n de invierno en Michaelertrakt del Hofburg de 1729 a 1735. La magn\u00edfica escuela de equitaci\u00f3n de invierno, que ahora se considera una joya barroca, fue dise\u00f1ada por Johann Bernhard Fischer von Erlach y construida por su hijo Emanuel Fischer von Erlach.<\/p>\n<p>Desde entonces, en la escuela de equitaci\u00f3n de la corte se utilizan casi exclusivamente los caballos reproductores de la yeguada de la corte de Lipica.<\/p>\n<p>En 2015, la equitaci\u00f3n cl\u00e1sica de la Escuela Espa\u00f1ola de Equitaci\u00f3n fue incluida en la lista de la UNESCO como patrimonio cultural inmaterial de la humanidad.<\/p>\n<h2 id=\"t-1669972951442\" style=\"\">Contacto<\/h2>\n<ul>\n<li><strong>Direcci\u00f3n:<\/strong> Michaelerplatz 1 (centro de visitantes), 1010 Viena<\/li>\n<li><strong>Metro:<\/strong> &nbsp;U1 Stephansplatz, U3 Herrengasse o U2 y U4 hasta Karlsplatz<\/li>\n<li><strong>Sitio web: <\/strong><a href=\"https:\/\/www.srs.at\/\" rel=\"noopener\" target=\"_blank\">srs.at<\/a><\/li>\n<li><strong>Horario:<\/strong> Los horarios actuales de apertura de la Escuela Espa\u00f1ola de Equitaci\u00f3n se pueden consultar en la <a href=\"https:\/\/www.srs.at\/besucherinformationen\/oeffnungszeiten\/\" rel=\"noopener\" target=\"_blank\" style=\"outline: none;\">p\u00e1gina web<\/a> .<\/li>\n<\/ul>\n<h3 style=\"\" id=\"t-1686571213368\"><strong>ART\u00cdCULOS RELACIONADOS<\/strong><\/h3>\n<p><a href=\"https:\/\/viennatouristinformation.com\/es\/cosas-que-hacer\/castillos\/palacio-imperial\/tesoro-imperial-de-viena\/\" dynamic-postlink=\"tcb_post_the_permalink\" data-shortcode-id=\"920\"><\/a><\/p>\n<h2 style=\"padding-top: 0px !important; margin-top: 0px !important; text-align: center;\" id=\"t-1686745816572\" data-hide=\"true\"><span data-shortcode=\"tcb_post_title\" data-shortcode-name=\"Post title\" data-extra_key=\"\" data-attr-link=\"1\" data-attr-target=\"0\" data-attr-rel=\"0\" data-option-inline=\"1\" data-attr-static-link=\"{&quot;className&quot;:&quot;&quot;,&quot;href&quot;:&quot;https:\/\/viennatouristinformation.com\/es\/cosas-que-hacer\/museo\/&quot;,&quot;title&quot;:&quot;30 Museos m\u00e1s importantes de Viena&quot;,&quot;class&quot;:&quot;&quot;}\" data-attr-css=\"\"><a href=\"https:\/\/viennatouristinformation.com\/es\/cosas-que-hacer\/castillos\/palacio-imperial\/tesoro-imperial-de-viena\/\" title=\"Tesoro Imperial de Viena\" data-css=\"\">Tesoro Imperial de Viena<\/a><\/span><\/h2>\n<p><a href=\"https:\/\/viennatouristinformation.com\/es\/cosas-que-hacer\/castillos\/palacio-imperial\/museo-del-mundo\/\" dynamic-postlink=\"tcb_post_the_permalink\" data-shortcode-id=\"920\"><\/a><\/p>\n<h2 style=\"padding-top: 0px !important; margin-top: 0px !important; text-align: center;\" id=\"t-1686745816572\" data-hide=\"true\"><span data-shortcode=\"tcb_post_title\" data-shortcode-name=\"Post title\" data-extra_key=\"\" data-attr-link=\"1\" data-attr-target=\"0\" data-attr-rel=\"0\" data-option-inline=\"1\" data-attr-static-link=\"{&quot;className&quot;:&quot;&quot;,&quot;href&quot;:&quot;https:\/\/viennatouristinformation.com\/es\/cosas-que-hacer\/museo\/&quot;,&quot;title&quot;:&quot;30 Museos m\u00e1s importantes de Viena&quot;,&quot;class&quot;:&quot;&quot;}\" data-attr-css=\"\"><a href=\"https:\/\/viennatouristinformation.com\/es\/cosas-que-hacer\/castillos\/palacio-imperial\/museo-del-mundo\/\" title=\"Museo mundial de Viena: Exposici\u00f3n, entrada e historia\" data-css=\"\">Museo mundial de Viena: Exposici\u00f3n, entrada e historia<\/a><\/span><\/h2>\n<p><a href=\"https:\/\/viennatouristinformation.com\/es\/cosas-que-hacer\/castillos\/palacio-imperial\/sala-de-estado-de-la-biblioteca-nacional\/\" dynamic-postlink=\"tcb_post_the_permalink\" data-shortcode-id=\"920\"><\/a><\/p>\n<h2 style=\"padding-top: 0px !important; margin-top: 0px !important; text-align: center;\" id=\"t-1686745816572\" data-hide=\"true\"><span data-shortcode=\"tcb_post_title\" data-shortcode-name=\"Post title\" data-extra_key=\"\" data-attr-link=\"1\" data-attr-target=\"0\" data-attr-rel=\"0\" data-option-inline=\"1\" data-attr-static-link=\"{&quot;className&quot;:&quot;&quot;,&quot;href&quot;:&quot;https:\/\/viennatouristinformation.com\/es\/cosas-que-hacer\/museo\/&quot;,&quot;title&quot;:&quot;30 Museos m\u00e1s importantes de Viena&quot;,&quot;class&quot;:&quot;&quot;}\" data-attr-css=\"\"><a href=\"https:\/\/viennatouristinformation.com\/es\/cosas-que-hacer\/castillos\/palacio-imperial\/sala-de-estado-de-la-biblioteca-nacional\/\" title=\"Sala de Estado de la Biblioteca Nacional\" data-css=\"\">Sala de Estado de la Biblioteca Nacional<\/a><\/span><\/h2>\n<p><a href=\"https:\/\/viennatouristinformation.com\/es\/cosas-que-hacer\/castillos\/schoenbrunn\/\" dynamic-postlink=\"tcb_post_the_permalink\" data-shortcode-id=\"920\"><\/a><\/p>\n<h2 style=\"padding-top: 0px !important; margin-top: 0px !important; text-align: center;\" id=\"t-1686745816572\" data-hide=\"true\"><span data-shortcode=\"tcb_post_title\" data-shortcode-name=\"Post title\" data-extra_key=\"\" data-attr-link=\"1\" data-attr-target=\"0\" data-attr-rel=\"0\" data-option-inline=\"1\" data-attr-static-link=\"{&quot;className&quot;:&quot;&quot;,&quot;href&quot;:&quot;https:\/\/viennatouristinformation.com\/es\/cosas-que-hacer\/museo\/&quot;,&quot;title&quot;:&quot;30 Museos m\u00e1s importantes de Viena&quot;,&quot;class&quot;:&quot;&quot;}\" data-attr-css=\"\"><a href=\"https:\/\/viennatouristinformation.com\/es\/cosas-que-hacer\/castillos\/schoenbrunn\/\" title=\"Palacio de Sch\u00f6nbrunn: Entrada, parque y lugares de inter\u00e9s\" data-css=\"\">Palacio de Sch\u00f6nbrunn: Entrada, parque y lugares de inter\u00e9s<\/a><\/span><\/h2>\n","protected":false},"excerpt":{"rendered":"<p>La tradicional Escuela Espa\u00f1ola de Equitaci\u00f3n le espera con las cl\u00e1sicas t\u00e9cnicas de equitaci\u00f3n de la \u00abescuela secundaria\u00bb, presentadas por los mundialmente famosos caballos bailarines Lipizzaner. En esta gu\u00eda de la Escuela Espa\u00f1ola de Equitaci\u00f3n encontrar\u00e1s todo lo que hay que hacer en la Escuela de Equitaci\u00f3n, as\u00ed como informaci\u00f3n sobre c\u00f3mo llegar, entradas y [&hellip;]<\/p>\n","protected":false},"author":3,"featured_media":2712,"parent":1666,"menu_order":0,"comment_status":"closed","ping_status":"closed","template":"","meta":{"footnotes":""},"tags":[],"class_list":["post-2303","page","type-page","status-publish","has-post-thumbnail","hentry","post-wrapper","thrv_wrapper"],"_links":{"self":[{"href":"https:\/\/viennatouristinformation.com\/es\/wp-json\/wp\/v2\/pages\/2303","targetHints":{"allow":["GET"]}}],"collection":[{"href":"https:\/\/viennatouristinformation.com\/es\/wp-json\/wp\/v2\/pages"}],"about":[{"href":"https:\/\/viennatouristinformation.com\/es\/wp-json\/wp\/v2\/types\/page"}],"author":[{"embeddable":true,"href":"https:\/\/viennatouristinformation.com\/es\/wp-json\/wp\/v2\/users\/3"}],"replies":[{"embeddable":true,"href":"https:\/\/viennatouristinformation.com\/es\/wp-json\/wp\/v2\/comments?post=2303"}],"version-history":[{"count":0,"href":"https:\/\/viennatouristinformation.com\/es\/wp-json\/wp\/v2\/pages\/2303\/revisions"}],"up":[{"embeddable":true,"href":"https:\/\/viennatouristinformation.com\/es\/wp-json\/wp\/v2\/pages\/1666"}],"wp:featuredmedia":[{"embeddable":true,"href":"https:\/\/viennatouristinformation.com\/es\/wp-json\/wp\/v2\/media\/2712"}],"wp:attachment":[{"href":"https:\/\/viennatouristinformation.com\/es\/wp-json\/wp\/v2\/media?parent=2303"}],"wp:term":[{"taxonomy":"post_tag","embeddable":true,"href":"https:\/\/viennatouristinformation.com\/es\/wp-json\/wp\/v2\/tags?post=2303"}],"curies":[{"name":"wp","href":"https:\/\/api.w.org\/{rel}","templated":true}]}}