{"id":2305,"date":"2020-10-07T14:25:56","date_gmt":"2020-10-07T12:25:56","guid":{"rendered":"http:\/\/viennatouristinformation.com\/es\/?page_id=2305"},"modified":"2023-06-01T14:21:16","modified_gmt":"2023-06-01T12:21:16","slug":"teatro-del-castillo","status":"publish","type":"page","link":"https:\/\/viennatouristinformation.com\/es\/cosas-que-hacer\/theatros\/teatro-del-castillo\/","title":{"rendered":"Teatro del castillo"},"content":{"rendered":"<h2 id=\"t-1669892324508\" data-hide=\"true\">El imponente Burgtheater, o \u00abBurg\u00bb para abreviar, es el teatro nacional de Austria y, al mismo tiempo, el teatro hablado m\u00e1s grande de Europa.<\/h2>\n<p>En esta gu\u00eda del Burgtheater encontrar\u00e1s qu\u00e9 puedes hacer all\u00ed, la historia del teatro, el horario con la programaci\u00f3n actual e informaci\u00f3n sobre c\u00f3mo llegar, entradas y visitas guiadas.<\/p>\n<h2 id=\"t-1669892324509\">\u00bfQu\u00e9 puedo hacer en el Burgtheater?<\/h2>\n<p><span><img decoding=\"async\" alt=\"Was kann ich im Burgtheater machen\" data-id=\"2784\" width=\"885\" data-init-width=\"1000\" height=\"590\" data-init-height=\"667\" title=\"Was kann ich im Burgtheater machen\" loading=\"lazy\" src=\"\/\/viennatouristinformation.com\/es\/wp-content\/uploads\/2020\/10\/Was-kann-ich-im-Burgtheater-machen.jpg\" data-width=\"885\" data-height=\"590\"><\/span><\/p>\n<p>Como el teatro m\u00e1s importante del estado y el lugar m\u00e1s importante para el teatro en lengua alemana, el Burgtheater ofrece una experiencia teatral muy especial.<\/p>\n<p>Los visitantes pueden <strong>&nbsp;<\/strong>admirar piezas cl\u00e1sicas o modernas en una de las representaciones teatrales dramat\u00fargicas. En el ambiente del edificio hist\u00f3rico se puede disfrutar de una velada inolvidable en el teatro.<\/p>\n<p>Pero el edificio en s\u00ed es raz\u00f3n suficiente para visitarlo. El magn\u00edfico edificio, dise\u00f1ado por los arquitectos Gottfried Semper y Karl Freiherr von Hasenauer, tiene una fachada de estilo alto renacentista italiano y un interior opulento.<\/p>\n<p>Todo esto y m\u00e1s tambi\u00e9n se puede admirar en una visita guiada que permite conocer el arte, la arquitectura, la historia y la organizaci\u00f3n de la casa.<\/p>\n<h2 id=\"t-1669892324510\">Entradas, entradas y visitas guiadas<\/h2>\n<p><span><img decoding=\"async\" alt=\"Eintritt, Tickets und F\u00fchrungen\" data-id=\"2785\" width=\"885\" data-init-width=\"1000\" height=\"590\" data-init-height=\"667\" title=\"Eintritt, Tickets und F\u00fchrungen\" loading=\"lazy\" src=\"\/\/viennatouristinformation.com\/es\/wp-content\/uploads\/2020\/10\/Eintritt-Tickets-und-F\u00fchrungen-1.jpg\" data-width=\"885\" data-height=\"590\"><\/span><\/p>\n<ul>\n<li><strong>Actuaciones:<\/strong> Las actuaciones actuales con venta de entradas se pueden encontrar <a href=\"https:\/\/www.burgtheater.at\/spielplan\" target=\"_blank\" rel=\"noopener\">aqu\u00ed<\/a> .<\/li>\n<li><strong>Visitas guiadas:<\/strong> si quieres echar un vistazo entre bastidores al teatro tradicional, puedes hacerlo en un tour de 1 hora en alem\u00e1n o ingl\u00e9s. M\u00e1s sobre esto <a href=\"https:\/\/www.burgtheater.at\/fuehrungen-im-burgtheater\" target=\"_blank\" rel=\"noopener\">aqu\u00ed<\/a> .<\/li>\n<\/ul>\n<h2 id=\"t-1669892324511\">Horario con el programa actual<\/h2>\n<p><span><img decoding=\"async\" alt=\"Spielplan mit dem aktuellen Programm\" data-id=\"2786\" width=\"885\" data-init-width=\"1000\" height=\"590\" data-init-height=\"667\" title=\"Spielplan mit dem aktuellen Programm\" loading=\"lazy\" src=\"\/\/viennatouristinformation.com\/es\/wp-content\/uploads\/2020\/10\/Spielplan-mit-dem-aktuellen-Programm-1.jpg\" data-width=\"885\" data-height=\"590\"><\/span><\/p>\n<p>El Burgtheater es un teatro de repertorio cl\u00e1sico con actuaciones que cambian diariamente. Tiene un horario moderno, pero tambi\u00e9n presenta muchos cl\u00e1sicos austriacos.<\/p>\n<p>El horario con la programaci\u00f3n actual del Burgtheater se puede encontrar en la <a href=\"https:\/\/www.burgtheater.at\/spielplan\" target=\"_blank\" rel=\"noopener\">p\u00e1gina web<\/a> del teatro .<\/p>\n<h2 id=\"t-1669892324512\">\u00bfC\u00f3mo llego al Burgtheater?<\/h2>\n<p><span><img decoding=\"async\" alt=\"Wie komme ich zum Burgtheater\" data-id=\"2787\" width=\"885\" data-init-width=\"1000\" height=\"590\" data-init-height=\"667\" title=\"Wie komme ich zum Burgtheater\" loading=\"lazy\" src=\"\/\/viennatouristinformation.com\/es\/wp-content\/uploads\/2020\/10\/Wie-komme-ich-zum-Burgtheater.jpg\" data-width=\"885\" data-height=\"590\"><\/span><\/p>\n<p>El Burgtheater est\u00e1 en Ringstrasse, justo enfrente del Ayuntamiento de Viena. &nbsp;<\/p>\n<p>Se puede llegar f\u00e1cilmente en <a href=\"https:\/\/viennatouristinformation.com\/es\/plan\/transporte-publico\/\" style=\"outline: none;\">transporte p\u00fablico<\/a> . La mejor manera de llegar al teatro es tomar las l\u00edneas de tranv\u00eda 1, 71 y D hasta Rathausplatz\/Burgtheater.<\/p>\n<p>Alternativamente, tambi\u00e9n puede tomar el U3 a Herrengasse o el U2 a Schottentor.<\/p>\n<h2 id=\"t-1669892324513\">historia del teatro<\/h2>\n<p><span><img decoding=\"async\" alt=\"Geschichte des Theaters\" data-id=\"2788\" width=\"885\" data-init-width=\"1000\" height=\"590\" data-init-height=\"667\" title=\"Geschichte des Theaters\" loading=\"lazy\" src=\"\/\/viennatouristinformation.com\/es\/wp-content\/uploads\/2020\/10\/Geschichte-des-Theaters.jpg\" data-width=\"885\" data-height=\"590\"><\/span><\/p>\n<p>Los or\u00edgenes del Burgtheater se remontan a 1741. En ese momento, un sal\u00f3n de baile contiguo al <a href=\"https:\/\/viennatouristinformation.com\/es\/cosas-que-hacer\/castillos\/palacio-imperial\/\" style=\"outline: none;\">Hofburg fue convertido en <\/a><a href=\"https:\/\/viennatouristinformation.com\/es\/cosas-que-hacer\/castillos\/palacio-imperial\/\" style=\"outline: none;\">teatro<\/a> por orden de la emperatriz Mar\u00eda Teresa .<\/p>\n<p>En los a\u00f1os siguientes, se convirti\u00f3 en una de las direcciones m\u00e1s importantes para la actuaci\u00f3n en lengua alemana en Viena. En 1776, Jos\u00e9 II, hijo de la emperatriz Mar\u00eda Teresa, nombr\u00f3 al teatro \u00abTeatro Nacional Alem\u00e1n\u00bb. De 1794 a 1918 fue conocido como el \u00abTeatro de la Corte Imperial-Real junto al Castillo\u00bb.<\/p>\n<p>No fue hasta 1888 que el lugar se traslad\u00f3 a su edificio actual en la Ringstrasse de Viena. El magn\u00edfico edificio, construido seg\u00fan los planos de Gottfried Semper y Karl von Hasenauer, fue recibido con gran entusiasmo debido a su impresionante dise\u00f1o y moderna tecnolog\u00eda. Se llama Burgtheater desde 1919.<\/p>\n<p>Sin embargo, poco antes del final de la Segunda Guerra Mundial, el edificio sufri\u00f3 graves da\u00f1os. Despu\u00e9s del bombardeo, se quem\u00f3 casi por completo. Afortunadamente, las valiosas pinturas del techo y una gran parte del vest\u00edbulo permanecieron pr\u00e1cticamente intactas.<\/p>\n<p>Despu\u00e9s de la reconstrucci\u00f3n, la \u201cHaus am Ring\u201d fue reabierta en 1955 y desde entonces goza de gran popularidad.<\/p>\n<p>Hoy, el magn\u00edfico vest\u00edbulo con escaleras pintadas a mano es un punto culminante particular. Valiosas pinturas en el techo de Franz Matsch y los hermanos Gustav y Ernst Klimt, as\u00ed como el \u00abAdorador de Baco\u00bb de 18 metros de alto en relieve de Rudolf Wyer adornan el interior. Tambi\u00e9n hay una colecci\u00f3n de esculturas y una galer\u00eda de honor con retratos de miembros famosos del conjunto.<\/p>\n<h2 id=\"t-1669892324514\">Contacto<\/h2>\n<ul>\n<li><strong>Direcci\u00f3n:<\/strong> Universit\u00e4tsring 2, 1010 Viena<\/li>\n<li><strong>Metro:<\/strong> &nbsp; U3 Herrengasse<\/li>\n<li><strong>Sitio web: <\/strong><a href=\"https:\/\/www.burgtheater.at\/\" style=\"outline: none;\" target=\"_blank\" rel=\"noopener\">https:\/\/www.burgtheater.at\/<\/a><\/li>\n<\/ul>\n","protected":false},"excerpt":{"rendered":"<p>El imponente Burgtheater, o \u00abBurg\u00bb para abreviar, es el teatro nacional de Austria y, al mismo tiempo, el teatro hablado m\u00e1s grande de Europa. En esta gu\u00eda del Burgtheater encontrar\u00e1s qu\u00e9 puedes hacer all\u00ed, la historia del teatro, el horario con la programaci\u00f3n actual e informaci\u00f3n sobre c\u00f3mo llegar, entradas y visitas guiadas. \u00bfQu\u00e9 puedo [&hellip;]<\/p>\n","protected":false},"author":3,"featured_media":2783,"parent":1271,"menu_order":0,"comment_status":"closed","ping_status":"closed","template":"","meta":{"footnotes":""},"tags":[],"class_list":["post-2305","page","type-page","status-publish","has-post-thumbnail","hentry","post-wrapper","thrv_wrapper"],"_links":{"self":[{"href":"https:\/\/viennatouristinformation.com\/es\/wp-json\/wp\/v2\/pages\/2305","targetHints":{"allow":["GET"]}}],"collection":[{"href":"https:\/\/viennatouristinformation.com\/es\/wp-json\/wp\/v2\/pages"}],"about":[{"href":"https:\/\/viennatouristinformation.com\/es\/wp-json\/wp\/v2\/types\/page"}],"author":[{"embeddable":true,"href":"https:\/\/viennatouristinformation.com\/es\/wp-json\/wp\/v2\/users\/3"}],"replies":[{"embeddable":true,"href":"https:\/\/viennatouristinformation.com\/es\/wp-json\/wp\/v2\/comments?post=2305"}],"version-history":[{"count":0,"href":"https:\/\/viennatouristinformation.com\/es\/wp-json\/wp\/v2\/pages\/2305\/revisions"}],"up":[{"embeddable":true,"href":"https:\/\/viennatouristinformation.com\/es\/wp-json\/wp\/v2\/pages\/1271"}],"wp:featuredmedia":[{"embeddable":true,"href":"https:\/\/viennatouristinformation.com\/es\/wp-json\/wp\/v2\/media\/2783"}],"wp:attachment":[{"href":"https:\/\/viennatouristinformation.com\/es\/wp-json\/wp\/v2\/media?parent=2305"}],"wp:term":[{"taxonomy":"post_tag","embeddable":true,"href":"https:\/\/viennatouristinformation.com\/es\/wp-json\/wp\/v2\/tags?post=2305"}],"curies":[{"name":"wp","href":"https:\/\/api.w.org\/{rel}","templated":true}]}}