{"id":2307,"date":"2020-10-05T14:53:18","date_gmt":"2020-10-05T12:53:18","guid":{"rendered":"http:\/\/viennatouristinformation.com\/es\/?page_id=2307"},"modified":"2023-06-01T14:20:44","modified_gmt":"2023-06-01T12:20:44","slug":"opera-estatal","status":"publish","type":"page","link":"https:\/\/viennatouristinformation.com\/es\/cosas-que-hacer\/theatros\/opera-estatal\/","title":{"rendered":"\u00d3pera Estatal de Viena"},"content":{"rendered":"<h2 id=\"t-1669892695680\" data-hide=\"true\">La \u00d3pera Estatal de Viena es uno de los teatros de \u00f3pera m\u00e1s importantes del mundo y un hito de Viena.<\/h2>\n<p>En esta gu\u00eda encontrar\u00e1s qu\u00e9 puedes hacer en la \u00d3pera Estatal, la programaci\u00f3n actual, la historia e informaci\u00f3n sobre c\u00f3mo llegar, entradas y visitas guiadas.<\/p>\n<h2 id=\"t-1669892695681\">\u00bfQu\u00e9 puedo hacer en la \u00d3pera Estatal?<\/h2>\n<p><span><img decoding=\"async\" alt=\"Was kann ich in der Staatsoper machen\" data-id=\"2719\" width=\"885\" data-init-width=\"1000\" height=\"590\" data-init-height=\"667\" title=\"Was kann ich in der Staatsoper machen\" loading=\"lazy\" src=\"\/\/viennatouristinformation.com\/es\/wp-content\/uploads\/2020\/10\/Was-kann-ich-in-der-Staatsoper-machen.jpg\" data-width=\"885\" data-height=\"590\"><\/span><\/p>\n<p>El mundialmente famoso teatro de la \u00f3pera promete el mejor disfrute musical con un programa diverso que consta de alrededor de 60 \u00f3peras y ballets diferentes por temporada.<\/p>\n<p>Desde su apertura hace alrededor de 150 a\u00f1os, la \u00d3pera Estatal de Viena ha ofrecido impresionantes actuaciones musicales con grandes de la m\u00fasica, desde Mozart hasta Pavarotti. La Filarm\u00f3nica de Viena, una orquesta de clase mundial, hace una contribuci\u00f3n significativa al hecho de que el entretenimiento musical se presenta al m\u00e1s alto nivel en el impresionante ambiente de la \u00d3pera Estatal.<\/p>\n<p>La \u00d3pera Estatal de Viena tambi\u00e9n es conocida por el legendario Baile de la \u00d3pera de Viena, que tiene lugar aqu\u00ed todos los a\u00f1os y cuyas entradas suelen agotarse con mucha antelaci\u00f3n. Las entradas para las funciones tambi\u00e9n se agotan r\u00e1pidamente, por lo que es recomendable reservarlas lo antes posible.<\/p>\n<p>Incluso aquellos que no son grandes fan\u00e1ticos de la m\u00fasica cl\u00e1sica deber\u00edan visitar la \u00d3pera Estatal de Viena. El teatro de \u00f3pera neorrenacentista no solo impresiona por sus espectaculares actuaciones, sino tambi\u00e9n por su magn\u00edfica arquitectura y su sensacional interior. Estos tambi\u00e9n se pueden admirar en una visita guiada que brinda m\u00e1s informaci\u00f3n sobre la arquitectura, la historia y las operaciones de la \u00f3pera.<\/p>\n<h2 id=\"t-1669892695682\">Entradas, entradas y visitas guiadas<\/h2>\n<p><span><img decoding=\"async\" alt=\"Eintritt, Tickets und F\u00fchrungen\" data-id=\"2721\" width=\"885\" data-init-width=\"1000\" height=\"590\" data-init-height=\"667\" title=\"Eintritt, Tickets und F\u00fchrungen\" loading=\"lazy\" src=\"\/\/viennatouristinformation.com\/es\/wp-content\/uploads\/2020\/10\/Eintritt-Tickets-und-F\u00fchrungen.jpg\" data-width=\"885\" data-height=\"590\"><\/span><\/p>\n<ul>\n<li><strong>Entradas:<\/strong> Puede encontrar los precios de las entradas para todas las funciones actuales en el <a href=\"https:\/\/www.wiener-staatsoper.at\/spielplan-karten\/liste\/\" target=\"_blank\" rel=\"noopener\">sitio web<\/a> de la \u00d3pera Estatal de Viena.<\/li>\n<li><strong>Visitas guiadas:<\/strong> Los interesados pueden echar un vistazo entre bastidores al teatro de la \u00f3pera en una visita guiada. Las fechas actuales se pueden encontrar en el <a href=\"https:\/\/www.wiener-staatsoper.at\/service\/fuehrungen\/\" target=\"_blank\" rel=\"noopener\">sitio web<\/a> de la \u00d3pera Estatal .<\/li>\n<\/ul>\n<h2 id=\"t-1669892695683\">Horario con el programa actual<\/h2>\n<p><span><img decoding=\"async\" alt=\"Spielplan mit dem aktuellen Programm\" data-id=\"2722\" width=\"885\" data-init-width=\"1000\" height=\"590\" data-init-height=\"667\" title=\"Spielplan mit dem aktuellen Programm\" loading=\"lazy\" src=\"\/\/viennatouristinformation.com\/es\/wp-content\/uploads\/2020\/10\/Spielplan-mit-dem-aktuellen-Programm.jpg\" data-width=\"885\" data-height=\"590\"><\/span><\/p>\n<p>La \u00d3pera Estatal de Viena es considerada el teatro de \u00f3pera con el mayor repertorio. A menudo se representan \u00f3peras austriacas t\u00edpicas como las de Mozart. Pero tambi\u00e9n se llevan regularmente al escenario obras de renombre internacional.<\/p>\n<p>Las obras de ballet tambi\u00e9n forman parte del repertorio del magn\u00edfico teatro de \u00f3pera.<\/p>\n<p>El programa de la \u00d3pera Estatal de Viena cambia todos los d\u00edas. <a href=\"https:\/\/www.wiener-staatsoper.at\/spielplan-karten\/liste\/\" target=\"_blank\" rel=\"noopener\">Aqu\u00ed<\/a> encontrar\u00e1 el programa con el programa actual de la \u00d3pera Estatal de Viena.<\/p>\n<h2 id=\"t-1669892695684\">\u00bfC\u00f3mo llego a la \u00d3pera Estatal?<\/h2>\n<p><span><img decoding=\"async\" alt=\"Wie komme ich zur Staatsoper\" data-id=\"2723\" width=\"885\" data-init-width=\"1000\" height=\"590\" data-init-height=\"667\" title=\"Wie komme ich zur Staatsoper\" loading=\"lazy\" src=\"\/\/viennatouristinformation.com\/es\/wp-content\/uploads\/2020\/10\/Wie-komme-ich-zur-Staatsoper.jpg\" data-width=\"885\" data-height=\"590\"><\/span><\/p>\n<p>La \u00d3pera Estatal se encuentra en la famosa Ringstrasse en el distrito 1 de Viena.<\/p>\n<p>La mejor manera de llegar a la \u00d3pera Estatal es desde la estaci\u00f3n de metro de Karlsplatz, a la que puedes tomar las l\u00edneas U1, U2 y U4.<\/p>\n<p>Alternativamente, tambi\u00e9n puede tomar el autob\u00fas 59A o el tranv\u00eda 1, 2, D, 62 o 71 hasta la estaci\u00f3n de Opernring.<\/p>\n<h2 id=\"t-1669892695685\">Caf\u00e9 \u00d3pera Estatal<\/h2>\n<p><span><img decoding=\"async\" alt=\"Cafe Staatsoper\" data-id=\"2724\" width=\"885\" data-init-width=\"1000\" height=\"590\" data-init-height=\"667\" title=\"Cafe Staatsoper\" loading=\"lazy\" src=\"\/\/viennatouristinformation.com\/es\/wp-content\/uploads\/2020\/10\/Cafe-Staatsoper.jpg\" data-width=\"885\" data-height=\"590\"><\/span><\/p>\n<p>Dentro de la \u00d3pera Estatal se encuentra el Caf\u00e9 Oper Wien, que afirma ser \u00abel caf\u00e9 m\u00e1s musical de Viena\u00bb.<\/p>\n<p>La cafeter\u00eda tradicional con encanto vien\u00e9s es un lugar de encuentro popular para amantes de la m\u00fasica, artistas de \u00f3pera y visitantes de la \u00f3pera. Con su ambiente tradicional de caf\u00e9 vien\u00e9s y delicias servidas r\u00e1pidamente, el caf\u00e9 atrae con diversi\u00f3n y comodidad, especialmente durante los descansos de las actuaciones.<\/p>\n<h2 id=\"t-1669892695686\">Historia de la \u00d3pera Estatal de Viena<\/h2>\n<p><span><img decoding=\"async\" alt=\"Geschichte der Wiener Staatsoper\" data-id=\"2725\" width=\"885\" data-init-width=\"1000\" height=\"590\" data-init-height=\"667\" title=\"Geschichte der Wiener Staatsoper\" loading=\"lazy\" src=\"\/\/viennatouristinformation.com\/es\/wp-content\/uploads\/2020\/10\/Geschichte-der-Wiener-Staatsoper.jpg\" data-width=\"885\" data-height=\"590\"><\/span><\/p>\n<p>La \u00d3pera Estatal de Viena se construy\u00f3 entre 1863 y 1896 como sucesora de la \u00d3pera de la Corte de Viena. Era la primera casa de lo que entonces era la nueva circunvalaci\u00f3n.<\/p>\n<p>El edificio fue dise\u00f1ado por los arquitectos vieneses August von Sicardsburg y Eduard van der N\u00fcll. En ese momento, sin embargo, el edificio fue fuertemente criticado por el p\u00fablico y fue considerado un desastre arquitect\u00f3nico, lo que llev\u00f3 al sensible van der N\u00fcll a suicidarse. Solo dos meses despu\u00e9s, Sicardsburg muri\u00f3 de un infarto, lo que significa que ambos arquitectos no vivieron para ver la finalizaci\u00f3n del edificio.<\/p>\n<h3 id=\"t-1669892695687\">Inauguraci\u00f3n con Don Giovanni de Mozart<\/h3>\n<p>La \u00d3pera Estatal se inaugur\u00f3 el 25 de mayo de 1869 con el estreno de \u00abDon Giovanni\u00bb de Mozart, en el que tambi\u00e9n participaron la pareja imperial Francisco Jos\u00e9 y Sisi. La \u00f3pera sirvi\u00f3 como \u00abteatro de la corte imperial\u00bb hasta el final de la monarqu\u00eda en 1918.&nbsp;<\/p>\n<p>Durante la era nacionalsocialista, hubo numerosas prohibiciones de actuaci\u00f3n y miembros de la casa fueron perseguidos, expulsados y asesinados. El 12 de marzo de 1945, poco antes del final de la Segunda Guerra Mundial, el edificio result\u00f3 gravemente da\u00f1ado por los bombardeos. El teatro de la \u00f3pera fue reconstruido entre 1948 y 1955.<\/p>\n<p>La \u00d3pera Estatal de Viena lleva su nombre actual desde su glamurosa reapertura el 5 de noviembre de 1955 con \u00abFidelio\u00bb de Beethoven. A lo largo de los a\u00f1os, la Staatsoper ha sido escenario de innumerables estrenos y representaciones famosas, en las que aparecen regularmente estrellas de la escena oper\u00edstica.<\/p>\n<p>Hoy en d\u00eda, la \u00d3pera Estatal es uno de los principales y m\u00e1s importantes teatros de \u00f3pera del mundo y un hito cultural de Viena.<\/p>\n<h2 id=\"t-1669892695688\">Contacto<\/h2>\n<ul>\n<li><strong>Direcci\u00f3n:<\/strong> Opernring 2, 1010 Viena<\/li>\n<li><strong>Metro<\/strong> : U1, U2, U4 Karlsplatz<\/li>\n<li><strong>Sitio web<\/strong> : <a href=\"https:\/\/www.wiener-staatsoper.at\/\" style=\"outline: none;\" target=\"_blank\" rel=\"noopener\">https:\/\/www.wiener-staatsoper.at\/<\/a><\/li>\n<\/ul>\n","protected":false},"excerpt":{"rendered":"<p>La \u00d3pera Estatal de Viena es uno de los teatros de \u00f3pera m\u00e1s importantes del mundo y un hito de Viena. En esta gu\u00eda encontrar\u00e1s qu\u00e9 puedes hacer en la \u00d3pera Estatal, la programaci\u00f3n actual, la historia e informaci\u00f3n sobre c\u00f3mo llegar, entradas y visitas guiadas. \u00bfQu\u00e9 puedo hacer en la \u00d3pera Estatal? El mundialmente [&hellip;]<\/p>\n","protected":false},"author":3,"featured_media":2718,"parent":1271,"menu_order":0,"comment_status":"closed","ping_status":"closed","template":"","meta":{"footnotes":""},"tags":[],"class_list":["post-2307","page","type-page","status-publish","has-post-thumbnail","hentry","post-wrapper","thrv_wrapper"],"_links":{"self":[{"href":"https:\/\/viennatouristinformation.com\/es\/wp-json\/wp\/v2\/pages\/2307","targetHints":{"allow":["GET"]}}],"collection":[{"href":"https:\/\/viennatouristinformation.com\/es\/wp-json\/wp\/v2\/pages"}],"about":[{"href":"https:\/\/viennatouristinformation.com\/es\/wp-json\/wp\/v2\/types\/page"}],"author":[{"embeddable":true,"href":"https:\/\/viennatouristinformation.com\/es\/wp-json\/wp\/v2\/users\/3"}],"replies":[{"embeddable":true,"href":"https:\/\/viennatouristinformation.com\/es\/wp-json\/wp\/v2\/comments?post=2307"}],"version-history":[{"count":0,"href":"https:\/\/viennatouristinformation.com\/es\/wp-json\/wp\/v2\/pages\/2307\/revisions"}],"up":[{"embeddable":true,"href":"https:\/\/viennatouristinformation.com\/es\/wp-json\/wp\/v2\/pages\/1271"}],"wp:featuredmedia":[{"embeddable":true,"href":"https:\/\/viennatouristinformation.com\/es\/wp-json\/wp\/v2\/media\/2718"}],"wp:attachment":[{"href":"https:\/\/viennatouristinformation.com\/es\/wp-json\/wp\/v2\/media?parent=2307"}],"wp:term":[{"taxonomy":"post_tag","embeddable":true,"href":"https:\/\/viennatouristinformation.com\/es\/wp-json\/wp\/v2\/tags?post=2307"}],"curies":[{"name":"wp","href":"https:\/\/api.w.org\/{rel}","templated":true}]}}