{"id":2311,"date":"2020-10-07T10:00:40","date_gmt":"2020-10-07T08:00:40","guid":{"rendered":"http:\/\/viennatouristinformation.com\/es\/?page_id=2311"},"modified":"2023-06-01T14:42:14","modified_gmt":"2023-06-01T12:42:14","slug":"cementerio-central","status":"publish","type":"page","link":"https:\/\/viennatouristinformation.com\/es\/cosas-que-hacer\/parques\/cementerio-central\/","title":{"rendered":"Cementerio Central de Viena"},"content":{"rendered":"<h2 id=\"t-1669904563220\" data-hide=\"true\"><a href=\"https:\/\/viennatouristinformation.com\/es\/sehenswuerdigkeiten\/\">Una vista<\/a> extraordinaria es el Cementerio Central, que es un lugar especial en Viena con sus tumbas de honor, tumbas especiales y espect\u00e1culo natural.<\/h2>\n<p>En nuestra gu\u00eda del cementerio central encontrar\u00e1s toda la informaci\u00f3n importante, incluido lo que puedes hacer aqu\u00ed, un mapa del cementerio, su historia e informaci\u00f3n sobre c\u00f3mo llegar, entradas y visitas guiadas.<\/p>\n<h2 id=\"t-1669904563221\">\u00bfQu\u00e9 puedo hacer en el Cementerio Central?<\/h2>\n<p><span><img decoding=\"async\" alt=\"Was kann ich im Zentralfriedhof machen\" data-id=\"2771\" width=\"885\" data-init-width=\"1000\" height=\"590\" data-init-height=\"667\" title=\"Was kann ich im Zentralfriedhof machen\" loading=\"lazy\" src=\"\/\/viennatouristinformation.com\/es\/wp-content\/uploads\/2020\/10\/Was-kann-ich-im-Zentralfriedhof-machen.jpg\" data-width=\"885\" data-height=\"590\"><\/span><\/p>\n<p>El Cementerio Central de Viena es el cementerio m\u00e1s importante de Viena y el segundo cementerio m\u00e1s grande de Europa. Personas de todas las denominaciones est\u00e1n enterradas aqu\u00ed. Innumerables personajes ilustres encuentran su \u00faltima morada entre los aproximadamente tres millones de fallecidos. Estos incluyen compositores de fama mundial, artistas importantes, as\u00ed como pol\u00edticos y figuras p\u00fablicas.<\/p>\n<p>Pero tambi\u00e9n se pueden explorar numerosos monumentos hist\u00f3ricos, vistas arquitect\u00f3nicas y una naturaleza id\u00edlica durante un paseo por el cementerio central.&nbsp;<\/p>\n<p>A continuaci\u00f3n describimos con m\u00e1s detalle lo que puedes hacer en el Cementerio Central.<\/p>\n<h3 id=\"t-1669904563222\">1. Sal a caminar y busca ciervos<\/h3>\n<p><span><img decoding=\"async\" alt=\"Spazieren gehen und Rehe suchen\" data-id=\"2772\" width=\"885\" data-init-width=\"1000\" height=\"590\" data-init-height=\"667\" title=\"Spazieren gehen und Rehe suchen\" loading=\"lazy\" src=\"\/\/viennatouristinformation.com\/es\/wp-content\/uploads\/2020\/10\/Spazieren-gehen-und-Rehe-suchen.jpg\" data-width=\"885\" data-height=\"590\"><\/span><\/p>\n<p>Debido a su amplitud y naturaleza, el cementerio central es uno de los parques m\u00e1s hermosos de Viena, por lo que es un lugar popular para caminar.<\/p>\n<p>En un paseo por la extensa \u00e1rea, no solo puede descubrir tumbas y criptas dise\u00f1adas art\u00edsticamente, sino tambi\u00e9n observar la flora y fauna \u00fanicas. Estos atraen tanto a lugare\u00f1os como a turistas al cementerio y brindan un oasis de calma y relajaci\u00f3n.<\/p>\n<p>Deliciosos paseos de una milla de largo bordeados de \u00e1rboles conducen a trav\u00e9s del cementerio y ofrecen maravillosas experiencias en la naturaleza. Numerosas especies de plantas y animales se pueden encontrar en particular en el jard\u00edn natural de aproximadamente 40.000 m\u00b2 (entre los grupos 91 y 97).<\/p>\n<p>Mientras paseas por el cementerio, busca ciervos vagabundos o dir\u00edgete al Parque de la Tranquilidad y la Fuerza (3.\u00aa Puerta), un lugar para meditar y recargar las pilas.<\/p>\n<p>Las numerosas esculturas y edificios Art Nouveau, como la iglesia Karl Borrom\u00e4us, tambi\u00e9n hechizan a los visitantes.<\/p>\n<h3 id=\"t-1669904563223\">2. Tumbas de honor<\/h3>\n<p><span><img decoding=\"async\" alt=\"Ehrengr\u00e4ber\" data-id=\"2773\" width=\"885\" data-init-width=\"1000\" height=\"590\" data-init-height=\"667\" title=\"Ehrengr\u00e4ber\" loading=\"lazy\" src=\"\/\/viennatouristinformation.com\/es\/wp-content\/uploads\/2020\/10\/Ehrengr\u00e4ber.jpg\" data-width=\"885\" data-height=\"590\"><\/span><\/p>\n<p>Numerosas tumbas de honor se mantienen en el cementerio central. La nominaci\u00f3n como tumba de honor representa una distinci\u00f3n especial de la ciudad de Viena, que se otorga a personalidades famosas.<\/p>\n<p>Estas son algunas de las personalidades famosas:<\/p>\n<ul>\n<li><strong>M\u00fasicos:<\/strong> Ludwig van Beethoven, Franz Schubert, Johann Strauss<\/li>\n<li><strong>Presidentes federales en la cripta presidencial:<\/strong> Karl Renner, Theodor K\u00f6rner, Adolf Sch\u00e4rf, Franz Jonas, Rudolf Kirchschl\u00e4ger, Thomas Klestil y Kurt Waldheim<\/li>\n<li>Falco (cantante pop)<\/li>\n<li>Curd Jurgens (actor)<\/li>\n<li>Arthur Schnitzler (escritor)<\/li>\n<\/ul>\n<h3 id=\"t-1669904563224\">3. Iglesia Borromeo<\/h3>\n<p><span><img decoding=\"async\" alt=\"Borrom\u00e4us Kirche\" data-id=\"2775\" width=\"885\" data-init-width=\"1000\" height=\"590\" data-init-height=\"667\" title=\"Borrom\u00e4us Kirche\" loading=\"lazy\" src=\"\/\/viennatouristinformation.com\/es\/wp-content\/uploads\/2020\/10\/Borrom\u00e4us-Kirche.jpg\" data-width=\"885\" data-height=\"590\"><\/span><\/p>\n<p>Una atracci\u00f3n popular para los visitantes, la Iglesia del Cementerio de San Carlos Borromeo es una obra maestra del Art Nouveau vien\u00e9s.<\/p>\n<p>La joya arquitect\u00f3nica tambi\u00e9n se conoce como la Iglesia Memorial Karl Lueger porque el ex alcalde de Viena est\u00e1 enterrado aqu\u00ed.<\/p>\n<h3 id=\"t-1669904563225\">4. Museo Funerario<\/h3>\n<p><span><img decoding=\"async\" alt=\"Bestattungsmuseum\" data-id=\"2776\" width=\"885\" data-init-width=\"1000\" height=\"590\" data-init-height=\"667\" title=\"Bestattungsmuseum\" loading=\"lazy\" src=\"\/\/viennatouristinformation.com\/es\/wp-content\/uploads\/2020\/10\/Bestattungsmuseum.jpg\" data-width=\"885\" data-height=\"590\"><\/span><\/p>\n<p>Hay un museo funerario interactivo en los terrenos del cementerio. Est\u00e1 en el s\u00f3tano de la morgue 2.<\/p>\n<p>M\u00e1s de 250 exhibiciones ofrecen una visi\u00f3n de la cultura vienesa de entierros y cementerios de los siglos pasados.<\/p>\n<h3 id=\"t-1669904563226\">5. Cementerio de los Sin Nombre<\/h3>\n<p><span><img decoding=\"async\" alt=\"Friedhof der Namenlosen\" data-id=\"2777\" width=\"885\" data-init-width=\"1000\" height=\"590\" data-init-height=\"667\" title=\"Friedhof der Namenlosen\" loading=\"lazy\" src=\"\/\/viennatouristinformation.com\/es\/wp-content\/uploads\/2020\/10\/Friedhof-der-Namenlosen.jpg\" data-width=\"885\" data-height=\"590\"><\/span><\/p>\n<p>\u00a1El Cementerio de los Sin Nombre no forma parte del Cementerio Central!<\/p>\n<p>Dista 5,2 km de la Puerta 4 del Cementerio Central. Se encuentra a orillas del Danubio en Alberner Hafen. Desde el cementerio central puedes llegar con la l\u00ednea 11 hasta Kaiserebersdorf-Zinnergasse y luego cambiar a la l\u00ednea 76B hasta Alberner Hafen.<\/p>\n<p>Los muertos desconocidos que fueron arrastrados por el Danubio en la zona portuaria entre 1840 y 1940 descansan en el Cementerio de los Sin Nombre. El cementerio a menudo se menciona como informaci\u00f3n privilegiada, lo que podr\u00eda deberse al ambiente m\u00edstico de este lugar.<\/p>\n<h2 id=\"t-1669904563227\">Admisi\u00f3n y visitas guiadas<\/h2>\n<p><span><img decoding=\"async\" alt=\"Eintritt und F\u00fchrungen\" data-id=\"2778\" width=\"885\" data-init-width=\"1000\" height=\"590\" data-init-height=\"667\" title=\"Eintritt und F\u00fchrungen\" loading=\"lazy\" src=\"\/\/viennatouristinformation.com\/es\/wp-content\/uploads\/2020\/10\/Eintritt-und-F\u00fchrungen-1.jpg\" data-width=\"885\" data-height=\"590\"><\/span><\/p>\n<ul>\n<li><strong>Entrada:<\/strong> La entrada al Cementerio Central es gratuita.<\/li>\n<li><strong>Horario de apertura:<\/strong> Puede encontrar el horario de apertura actual del Cementerio Central <a href=\"https:\/\/www.friedhoefewien.at\/eportal3\/ep\/channelView.do\/pageTypeId\/75472\/channelId\/-54304\" target=\"_blank\" rel=\"noopener\">aqu\u00ed<\/a> .<\/li>\n<li><strong>Visitas guiadas:<\/strong> El cementerio central tambi\u00e9n se puede explorar como parte de una visita guiada, que te lleva a las tumbas de honor, las tumbas especiales y la iglesia del cementerio. Puede obtener m\u00e1s informaci\u00f3n sobre esto <a href=\"https:\/\/www.friedhoefewien.at\/eportal3\/ep\/contentView.do\/pageTypeId\/75472\/programId\/80951\/contentTypeId\/1001\/channelId\/-54304\/contentId\/77684\" target=\"_blank\" rel=\"noopener\">aqu\u00ed<\/a> . Tambi\u00e9n se ofrecen recorridos y eventos de Fiaker, como noches de suspenso y crimen.<\/li>\n<li><strong>Audiogu\u00eda:<\/strong> una audiogu\u00eda tambi\u00e9n est\u00e1 disponible en el sitio por una tarifa.<\/li>\n<\/ul>\n<h2 id=\"t-1669904563228\">\u00bfC\u00f3mo llego al Cementerio Central?<\/h2>\n<p><span><img decoding=\"async\" alt=\"Wie komme ich zum Zentralfriedhof\" data-id=\"2779\" width=\"885\" data-init-width=\"1000\" height=\"590\" data-init-height=\"667\" title=\"Wie komme ich zum Zentralfriedhof\" loading=\"lazy\" src=\"\/\/viennatouristinformation.com\/es\/wp-content\/uploads\/2020\/10\/Wie-komme-ich-zum-Zentralfriedhof.jpg\" data-width=\"885\" data-height=\"590\"><\/span><\/p>\n<p>El Cementerio Central est\u00e1 ubicado en el distrito 11 de Viena, Simmering, en los l\u00edmites de la ciudad este de Viena.<\/p>\n<p>Puedes llegar con las l\u00edneas de tranv\u00eda 71 y 11 (puertas 1, 2, 3 y 4) o con el S-Bahn S7 (puerta 11).<\/p>\n<p>Tome el metro U3 hasta la estaci\u00f3n final de Simmering y luego cambie a la l\u00ednea de tranv\u00eda 71 o 11.<\/p>\n<h2 id=\"t-1669904563229\">plano del cementerio<\/h2>\n<p>https:\/\/www.friedhoefewien.at\/media\/files\/2013\/wiener%20zentral%20orientierungsplan_90109.pdf<\/p>\n<h2 id=\"t-1669904563230\">b\u00fasqueda de tumbas<\/h2>\n<p>Si desea buscar tumbas espec\u00edficas en el Cementerio Central o en otro cementerio de Viena, puede hacerlo con la ayuda <a href=\"https:\/\/www.friedhoefewien.at\/eportal3\/\" target=\"_blank\" style=\"outline: none;\" rel=\"noopener\">de este sitio web<\/a> .<\/p>\n<h2 id=\"t-1669904563231\">historia del cementerio<\/h2>\n<p><span><img decoding=\"async\" alt=\"Geschichte des Friedhofs\" data-id=\"2780\" width=\"885\" data-init-width=\"1000\" height=\"590\" data-init-height=\"667\" title=\"Geschichte des Friedhofs\" loading=\"lazy\" src=\"\/\/viennatouristinformation.com\/es\/wp-content\/uploads\/2020\/10\/Geschichte-des-Friedhofs.jpg\" data-width=\"885\" data-height=\"590\"><\/span><\/p>\n<p>Despu\u00e9s de que el n\u00famero de habitantes y, por lo tanto, el n\u00famero de muertos creciera constantemente en el siglo XIX, se decidi\u00f3 en 1863 construir un nuevo cementerio.<\/p>\n<p>Finalmente, en 1874, se inaugur\u00f3 el Cementerio Central de Viena como el primer cementerio interconfesional. En su momento fue considerado el cementerio m\u00e1s grande de Europa. Desde su apertura, se ha ampliado un total de siete veces, la m\u00e1s reciente en 1921.<\/p>\n<p>El Cementerio Central tampoco se salv\u00f3 de la Segunda Guerra Mundial. Los bombardeos lo golpearon duro. Alrededor de 12.000 tumbas y cientos de tumbas fueron completamente destruidas. Todos los edificios tambi\u00e9n sufrieron da\u00f1os, incluida la iglesia Karl Borrom\u00e4us, cuya c\u00fapula fue destruida por una bomba incendiaria.<\/p>\n<p>Hoy, el Cementerio Central no es solo uno de los cementerios m\u00e1s grandes del mundo y el m\u00e1s importante de la ciudad, sino tambi\u00e9n un destino popular y un lugar de reflexi\u00f3n.<\/p>\n<h2 id=\"t-1669904563232\">Contacto<\/h2>\n<ul>\n<li><strong>Direcci\u00f3n:<\/strong> &nbsp;Entrada principal puerta 2, Simmeringer Hauptstra\u00dfe 234, 1110 Viena<\/li>\n<li><strong>Metro:<\/strong> &nbsp; U3 hasta Simmering terminal + l\u00ednea 71 o 11<\/li>\n<li><strong>Horario de apertura:<\/strong> Puede encontrar el horario de apertura actual del Cementerio Central <a href=\"https:\/\/www.friedhoefewien.at\/eportal3\/ep\/channelView.do\/pageTypeId\/75472\/channelId\/-54304\" target=\"_blank\" rel=\"noopener\">aqu\u00ed<\/a> .<\/li>\n<\/ul>\n","protected":false},"excerpt":{"rendered":"<p>Una vista extraordinaria es el Cementerio Central, que es un lugar especial en Viena con sus tumbas de honor, tumbas especiales y espect\u00e1culo natural. En nuestra gu\u00eda del cementerio central encontrar\u00e1s toda la informaci\u00f3n importante, incluido lo que puedes hacer aqu\u00ed, un mapa del cementerio, su historia e informaci\u00f3n sobre c\u00f3mo llegar, entradas y visitas [&hellip;]<\/p>\n","protected":false},"author":3,"featured_media":2769,"parent":1257,"menu_order":0,"comment_status":"closed","ping_status":"closed","template":"","meta":{"footnotes":""},"tags":[],"class_list":["post-2311","page","type-page","status-publish","has-post-thumbnail","hentry","post-wrapper","thrv_wrapper"],"_links":{"self":[{"href":"https:\/\/viennatouristinformation.com\/es\/wp-json\/wp\/v2\/pages\/2311","targetHints":{"allow":["GET"]}}],"collection":[{"href":"https:\/\/viennatouristinformation.com\/es\/wp-json\/wp\/v2\/pages"}],"about":[{"href":"https:\/\/viennatouristinformation.com\/es\/wp-json\/wp\/v2\/types\/page"}],"author":[{"embeddable":true,"href":"https:\/\/viennatouristinformation.com\/es\/wp-json\/wp\/v2\/users\/3"}],"replies":[{"embeddable":true,"href":"https:\/\/viennatouristinformation.com\/es\/wp-json\/wp\/v2\/comments?post=2311"}],"version-history":[{"count":0,"href":"https:\/\/viennatouristinformation.com\/es\/wp-json\/wp\/v2\/pages\/2311\/revisions"}],"up":[{"embeddable":true,"href":"https:\/\/viennatouristinformation.com\/es\/wp-json\/wp\/v2\/pages\/1257"}],"wp:featuredmedia":[{"embeddable":true,"href":"https:\/\/viennatouristinformation.com\/es\/wp-json\/wp\/v2\/media\/2769"}],"wp:attachment":[{"href":"https:\/\/viennatouristinformation.com\/es\/wp-json\/wp\/v2\/media?parent=2311"}],"wp:term":[{"taxonomy":"post_tag","embeddable":true,"href":"https:\/\/viennatouristinformation.com\/es\/wp-json\/wp\/v2\/tags?post=2311"}],"curies":[{"name":"wp","href":"https:\/\/api.w.org\/{rel}","templated":true}]}}