{"id":2316,"date":"2020-10-05T10:32:15","date_gmt":"2020-10-05T08:32:15","guid":{"rendered":"http:\/\/viennatouristinformation.com\/es\/?page_id=2316"},"modified":"2023-06-01T14:24:39","modified_gmt":"2023-06-01T12:24:39","slug":"naschmarkt","status":"publish","type":"page","link":"https:\/\/viennatouristinformation.com\/es\/cosas-que-hacer\/atracciones\/naschmarkt\/","title":{"rendered":"Naschmarkt en Viena: Comida, restaurantes y puestos de mercado"},"content":{"rendered":"<h2 id=\"t-1669895788687\" data-hide=\"true\">Con su ambiente incomparable, que recuerda a un bazar oriental, el Naschmarkt de Viena es uno de los lugares de inter\u00e9s m\u00e1s populares de Viena.<\/h2>\n<p>En esta completa gu\u00eda del Naschmarkt aprender\u00e1s qu\u00e9 hacer en el Naschmarkt, su historia as\u00ed como informaci\u00f3n sobre c\u00f3mo llegar, entradas y visitas guiadas.<\/p>\n<h2 id=\"t-1669895788688\">\u00bfQu\u00e9 puedo hacer en el Naschmarkt?<\/h2>\n<p>Con m\u00e1s de 170 puestos de mercado, tiendas y restaurantes, el Naschmarkt de Viena ofrece una espectacular variedad de delicias culinarias. No solo es el mercado m\u00e1s grande y famoso de la ciudad, sino tambi\u00e9n una atracci\u00f3n vienesa y un lugar de encuentro para lugare\u00f1os y turistas.<\/p>\n<p>Esencialmente, el mercado centenario se puede dividir en las siguientes tres \u00e1reas:<\/p>\n<h3 id=\"t-1669895788689\">1. comida<\/h3>\n<p><span><img decoding=\"async\" alt=\"Lebensmittel\" data-id=\"2730\" width=\"885\" data-init-width=\"1000\" height=\"590\" data-init-height=\"667\" title=\"Lebensmittel\" loading=\"lazy\" src=\"\/\/viennatouristinformation.com\/es\/wp-content\/uploads\/2020\/10\/Lebensmittel.jpg\" data-width=\"885\" data-height=\"590\"><\/span><\/p>\n<p>En el Naschmarkt encontrar\u00e1 todo lo que un coraz\u00f3n de delicatessen desea. El colorido mercado atrae con comida de todo el mundo, as\u00ed como con los mejores productos regionales.<\/p>\n<p>Las delicias incluyen frutas y verduras ex\u00f3ticas, mariscos, antipasti, carne y vino. Los productos locales como el queso y la carne tambi\u00e9n se ofrecen en los numerosos puestos. Las especias ex\u00f3ticas tambi\u00e9n aseguran un fest\u00edn para los sentidos.<\/p>\n<p>Los s\u00e1bados tambi\u00e9n hay un rinc\u00f3n org\u00e1nico con una gama org\u00e1nica y m\u00e1s productos regionales.<\/p>\n<h3 id=\"t-1669895788690\">2. Restaurantes, caf\u00e9s y pubs<\/h3>\n<p><span><img decoding=\"async\" alt=\"Restaurants, Cafes und Lokale\" data-id=\"2731\" width=\"885\" data-init-width=\"1000\" height=\"590\" data-init-height=\"667\" title=\"Restaurants, Cafes und Lokale\" loading=\"lazy\" src=\"\/\/viennatouristinformation.com\/es\/wp-content\/uploads\/2020\/10\/Restaurants-Cafes-und-Lokale.jpg\" data-width=\"885\" data-height=\"590\"><\/span><\/p>\n<p>En el para\u00edso gastron\u00f3mico, los visitantes encontrar\u00e1n una escena gastron\u00f3mica animada y diversa. En medio de la vibrante actividad del mercado hay numerosos restaurantes, caf\u00e9s y pubs que ofrecen delicias de todo el mundo para degustar con una colorida cocina internacional.<\/p>\n<p>Todo est\u00e1 representado, desde oriental hasta vien\u00e9s, por lo que el Naschmarkt es perfecto para un recorrido gourmet. Se recomienda especialmente el restaurante \u201cNeni\u201d, que se ha hecho un nombre internacional con su cocina israel\u00ed-oriental, y que ahora tambi\u00e9n ha inspirado a personas con sus habilidades culinarias en varios lugares de Europa.<\/p>\n<p>El restaurante \u00abGr\u00e4fin vom Naschmarkt\u00bb ha alcanzado cierto estatus de culto, ocupando los \u00faltimos lugares seg\u00fan las valoraciones de los clientes en TripAdvisor. Actualmente se encuentra en el puesto 3737 de 3737. A los peri\u00f3dicos austriacos les gusta enviar a sus cr\u00edticos de restaurantes a la Condesa para averiguar cu\u00e1l podr\u00eda ser el motivo&#8230;<\/p>\n<h3 id=\"t-1669895788691\">3. Mercado de pulgas el s\u00e1bado<\/h3>\n<p><span><img decoding=\"async\" alt=\"Flohmarkt am Samstag\" data-id=\"2733\" width=\"885\" data-init-width=\"1000\" height=\"590\" data-init-height=\"667\" title=\"Flohmarkt am Samstag\" loading=\"lazy\" src=\"\/\/viennatouristinformation.com\/es\/wp-content\/uploads\/2020\/10\/Flohmarkt-am-Samstag.jpg\" data-width=\"885\" data-height=\"590\"><\/span><\/p>\n<p>Adem\u00e1s de las ofertas culinarias, el Naschmarkt inspira con un mercado de pulgas todos los s\u00e1bados, que es uno de los m\u00e1s famosos de Viena. Por lo tanto, no es de extra\u00f1ar que el mercado est\u00e9 especialmente animado los s\u00e1bados.<\/p>\n<p>Aqu\u00ed los visitantes encontrar\u00e1n de todo, desde antig\u00fcedades hasta ropa vintage, discos y libros, kitsch y curiosidades.<\/p>\n<p>El tradicional mercadillo suele tener lugar los s\u00e1bados de 6:30 a 18:00 horas.<\/p>\n<h2 id=\"t-1669895788692\">Admisi\u00f3n y visitas guiadas<\/h2>\n<p><span><img decoding=\"async\" alt=\"Eintritt und F\u00fchrungen\" data-id=\"2734\" width=\"885\" data-init-width=\"1000\" height=\"590\" data-init-height=\"667\" title=\"Eintritt und F\u00fchrungen\" loading=\"lazy\" src=\"\/\/viennatouristinformation.com\/es\/wp-content\/uploads\/2020\/10\/Eintritt-und-F\u00fchrungen.jpg\" data-width=\"885\" data-height=\"590\"><\/span><\/p>\n<ul>\n<li><strong>Entrada:<\/strong> La entrada al Naschmarkt es gratuita.<\/li>\n<li><strong>Horario de apertura:<\/strong> Puede consultar el horario de apertura actual del Naschmarkt <a href=\"https:\/\/www.wien.gv.at\/freizeit\/einkaufen\/maerkte\/lebensmittel\/naschmarkt\/\" target=\"_blank\" rel=\"noopener\">aqu\u00ed<\/a> .<\/li>\n<li><strong>Visitas guiadas:<\/strong> si desea explorar el Naschmarkt en una visita guiada, puede hacerlo en el llamado Naschmarkttour que incluye deliciosas muestras.<\/li>\n<\/ul>\n<h2 id=\"t-1669895788693\">\u00bfC\u00f3mo llego al Naschmarkt?<\/h2>\n<p><span><img decoding=\"async\" alt=\"Wie komme ich zum Naschmarkt\" data-id=\"2735\" width=\"885\" data-init-width=\"1000\" height=\"590\" data-init-height=\"667\" title=\"Wie komme ich zum Naschmarkt\" loading=\"lazy\" src=\"\/\/viennatouristinformation.com\/es\/wp-content\/uploads\/2020\/10\/Wie-komme-ich-zum-Naschmarkt.jpg\" data-width=\"885\" data-height=\"590\"><\/span><\/p>\n<p>El Naschmarkt de Viena se encuentra en el distrito 6 de Mariahilf, en las afueras del casco antiguo de Viena. Se encuentra entre Getreidemarkt en Karlsplatz y Kettenbr\u00fcckengasse.<\/p>\n<p>La forma m\u00e1s f\u00e1cil de llegar al Naschmarkt es tomar el U4 hasta la estaci\u00f3n Kettenbr\u00fcckengasse o el U1, U2 o U4 hasta la estaci\u00f3n Karlsplatz.<\/p>\n<p>Alternativamente, puede dar un paseo de 8 minutos desde el barrio de los museos.<\/p>\n<h2 id=\"t-1669895788694\">Historia del Naschmarkt<\/h2>\n<p><span><img decoding=\"async\" alt=\"Geschichte des Naschmarkt\" data-id=\"2736\" width=\"885\" data-init-width=\"1000\" height=\"590\" data-init-height=\"667\" title=\"Geschichte des Naschmarkt\" loading=\"lazy\" src=\"\/\/viennatouristinformation.com\/es\/wp-content\/uploads\/2020\/10\/Geschichte-des-Naschmarkt.jpg\" data-width=\"885\" data-height=\"590\"><\/span><\/p>\n<p>La historia del Naschmarkt se remonta al siglo XVIII. En ese momento ya exist\u00eda un mercado de agricultores, el llamado \u00abAschenmarkt\u00bb. El nombre probablemente se deriv\u00f3 de los recipientes de leche hechos de madera de fresno, que se vend\u00edan principalmente all\u00ed. Otra posible explicaci\u00f3n para el nombre podr\u00eda ser el vertedero de cenizas y basura que sol\u00eda estar aqu\u00ed.<\/p>\n<p>El nombre actual est\u00e1 documentado desde 1820 y probablemente se remonta a los dulces que all\u00ed se vend\u00edan. El mercado se llama oficialmente \u00abNaschmarkt\u00bb desde 1905.<\/p>\n<p>Hoy, el Naschmarkt es el mercado m\u00e1s grande del centro de la ciudad con una longitud de alrededor de 5 kil\u00f3metros y es visitado por miles de visitantes todos los d\u00edas.<\/p>\n<h2 id=\"t-1669895788695\">Contacto<\/h2>\n<ul>\n<li><strong>Direcci\u00f3n:<\/strong> Wienzeile, 1060 Viena<\/li>\n<li><strong>Metro:<\/strong> &nbsp; U4 Kettenbr\u00fcckengasse o U1, U2, U4 Karlsplatz<\/li>\n<li><strong>Horario de apertura:<\/strong> El horario de apertura actual se puede encontrar <a href=\"https:\/\/www.wien.gv.at\/freizeit\/einkaufen\/maerkte\/lebensmittel\/naschmarkt\/\" target=\"_blank\" rel=\"noopener\">aqu\u00ed<\/a> .<\/li>\n<\/ul>\n","protected":false},"excerpt":{"rendered":"<p>Con su ambiente incomparable, que recuerda a un bazar oriental, el Naschmarkt de Viena es uno de los lugares de inter\u00e9s m\u00e1s populares de Viena. En esta completa gu\u00eda del Naschmarkt aprender\u00e1s qu\u00e9 hacer en el Naschmarkt, su historia as\u00ed como informaci\u00f3n sobre c\u00f3mo llegar, entradas y visitas guiadas. \u00bfQu\u00e9 puedo hacer en el Naschmarkt? [&hellip;]<\/p>\n","protected":false},"author":3,"featured_media":2729,"parent":138,"menu_order":0,"comment_status":"closed","ping_status":"closed","template":"","meta":{"footnotes":""},"tags":[],"class_list":["post-2316","page","type-page","status-publish","has-post-thumbnail","hentry","post-wrapper","thrv_wrapper"],"_links":{"self":[{"href":"https:\/\/viennatouristinformation.com\/es\/wp-json\/wp\/v2\/pages\/2316","targetHints":{"allow":["GET"]}}],"collection":[{"href":"https:\/\/viennatouristinformation.com\/es\/wp-json\/wp\/v2\/pages"}],"about":[{"href":"https:\/\/viennatouristinformation.com\/es\/wp-json\/wp\/v2\/types\/page"}],"author":[{"embeddable":true,"href":"https:\/\/viennatouristinformation.com\/es\/wp-json\/wp\/v2\/users\/3"}],"replies":[{"embeddable":true,"href":"https:\/\/viennatouristinformation.com\/es\/wp-json\/wp\/v2\/comments?post=2316"}],"version-history":[{"count":0,"href":"https:\/\/viennatouristinformation.com\/es\/wp-json\/wp\/v2\/pages\/2316\/revisions"}],"up":[{"embeddable":true,"href":"https:\/\/viennatouristinformation.com\/es\/wp-json\/wp\/v2\/pages\/138"}],"wp:featuredmedia":[{"embeddable":true,"href":"https:\/\/viennatouristinformation.com\/es\/wp-json\/wp\/v2\/media\/2729"}],"wp:attachment":[{"href":"https:\/\/viennatouristinformation.com\/es\/wp-json\/wp\/v2\/media?parent=2316"}],"wp:term":[{"taxonomy":"post_tag","embeddable":true,"href":"https:\/\/viennatouristinformation.com\/es\/wp-json\/wp\/v2\/tags?post=2316"}],"curies":[{"name":"wp","href":"https:\/\/api.w.org\/{rel}","templated":true}]}}