{"id":2339,"date":"2020-10-05T09:38:19","date_gmt":"2020-10-05T07:38:19","guid":{"rendered":"http:\/\/viennatouristinformation.com\/es\/?page_id=2339"},"modified":"2023-06-13T11:46:35","modified_gmt":"2023-06-13T09:46:35","slug":"lifestyle","status":"publish","type":"page","link":"https:\/\/viennatouristinformation.com\/es\/lifestyle\/","title":{"rendered":"Estilo de vida de Viena"},"content":{"rendered":"<h1>Gu\u00eda de estilo de vida<\/h1>\n<p>\u00bfQu\u00e9 puedo hacer en Viena adem\u00e1s de visitas tur\u00edsticas, palacios y museos? <strong>Aqu\u00ed est\u00e1n nuestros consejos para comer, comprar y cultura.<\/strong>&nbsp;<\/p>\n<p>Durante su estancia en la capital austriaca, descubrir\u00e1 r\u00e1pidamente que <strong>Viena tiene un encanto \u00fanico y un estilo de vida muy especial, <\/strong>moldeado por su rico patrimonio cultural y su pasado imperial. El estilo de vida de la ciudad es decididamente relajado, ya que <strong>los vieneses aprecian lo acogedor.<\/strong>Viena <strong>figura siempre entre las ciudades m\u00e1s habitables del mundo<\/strong>, \u00a1y con raz\u00f3n! Con su<strong> t\u00edpico encanto vien\u00e9s, su abundante oferta cultural,<\/strong> su eficaz sistema de transporte p\u00fablico y su <strong>famosa cultura de los caf\u00e9s<\/strong>, declarada patrimonio inmaterial por la UNESCO, la metr\u00f3poli ofrece una calidad de vida y un estilo de vida inigualables. \u00bfY qu\u00e9 decir de <strong>la vida nocturna<\/strong>? Es vibrante y diversa, y abarca desde conciertos de m\u00fasica cl\u00e1sica hasta clubes de moda.Para ayudarle a sumergirse en el estilo de vida vien\u00e9s y aprovechar al m\u00e1ximo su estancia en esta ciudad imperial, <strong>hemos recopilado algunos de nuestros mejores art\u00edculos<\/strong>. En ellos encontrar\u00e1 muchas ideas para vivir Viena como un aut\u00e9ntico vien\u00e9s.<\/p>\n<p style=\"text-align: center;\">Comer en Viena<\/p>\n<p style=\"text-align: center;\">Caf\u00e9s bis Restaurantes<\/p>\n<h3 style=\"\"><span data-attr-css=\"tve-u-17502a74a36\" data-attr-link=\"1\" data-attr-rel=\"0\" data-attr-target=\"0\" data-extra_key=\"\" data-option-inline=\"1\" data-shortcode=\"tcb_post_title\" data-shortcode-name=\"Post title\" style=\"\" data-attr-static-link=\"{&quot;className&quot;:&quot;&quot;,&quot;href&quot;:&quot;https:\/\/viennatouristinformation.com\/es\/comida\/&quot;,&quot;title&quot;:&quot;Comer en Viena: Restaurantes, cafeter\u00edas y platos t\u00edpicos&quot;,&quot;data-css&quot;:&quot;tve-u-17502a74a36&quot;,&quot;class&quot;:&quot;&quot;}\"><a href=\"https:\/\/viennatouristinformation.com\/es\/comida\/\" title=\"Comer en Viena: Restaurantes, cafeter\u00edas y platos t\u00edpicos\">Comer en Viena: Restaurantes, cafeter\u00edas y platos t\u00edpicos<\/a><\/span><\/h3>\n<p><a href=\"https:\/\/viennatouristinformation.com\/es\/comida\/cocina-vienesa\/\" dynamic-postlink=\"tcb_post_the_permalink\" data-shortcode-id=\"376\"><\/a><\/p>\n<h3 style=\"text-align: center; padding-top: 0px !important; margin-top: 0px !important;\"><span data-attr-link=\"1\" data-attr-rel=\"0\" data-attr-target=\"0\" data-extra_key=\"\" data-option-inline=\"1\" data-shortcode=\"tcb_post_title\" data-shortcode-name=\"Post title\" data-attr-css=\"\" data-attr-static-link=\"{&quot;className&quot;:&quot;&quot;,&quot;href&quot;:&quot;https:\/\/viennatouristinformation.com\/es\/comida\/cocina-vienesa\/&quot;,&quot;title&quot;:&quot;Cocina vienesa: 21 Platos tradicionales&quot;,&quot;class&quot;:&quot;&quot;}\"><a href=\"https:\/\/viennatouristinformation.com\/es\/comida\/cocina-vienesa\/\" title=\"Cocina vienesa: 21 Platos tradicionales\" data-css=\"\">Cocina vienesa: 21 Platos tradicionales<\/a><\/span><\/h3>\n<p>La cocina vienesa es la \u00fanica cocina del <a href=\"https:\/\/viennatouristinformation.com\/es\/comida\/cocina-vienesa\/#more-376\">&#8230;<\/a><\/p>\n<p><a href=\"https:\/\/viennatouristinformation.com\/es\/comida\/cocina-vienesa\/\" style=\"\"><span style=\"\"><span style=\"\">sigue leyendo<\/span><\/span><\/a><a href=\"https:\/\/viennatouristinformation.com\/es\/comida\/restaurantes-seleccionados\/\" dynamic-postlink=\"tcb_post_the_permalink\" data-shortcode-id=\"376\"><\/a><\/p>\n<h3 style=\"text-align: center; padding-top: 0px !important; margin-top: 0px !important;\"><span data-attr-link=\"1\" data-attr-rel=\"0\" data-attr-target=\"0\" data-extra_key=\"\" data-option-inline=\"1\" data-shortcode=\"tcb_post_title\" data-shortcode-name=\"Post title\" data-attr-css=\"\" data-attr-static-link=\"{&quot;className&quot;:&quot;&quot;,&quot;href&quot;:&quot;https:\/\/viennatouristinformation.com\/es\/comida\/cocina-vienesa\/&quot;,&quot;title&quot;:&quot;Cocina vienesa: 21 Platos tradicionales&quot;,&quot;class&quot;:&quot;&quot;}\"><a href=\"https:\/\/viennatouristinformation.com\/es\/comida\/restaurantes-seleccionados\/\" title=\"22 Restaurantes seleccionados en Viena\" data-css=\"\">22 Restaurantes seleccionados en Viena<\/a><\/span><\/h3>\n<p>No siempre tiene que ser cl\u00e1sico. Aqu\u00ed, por <a href=\"https:\/\/viennatouristinformation.com\/es\/comida\/restaurantes-seleccionados\/#more-547\">&#8230;<\/a><\/p>\n<p><a href=\"https:\/\/viennatouristinformation.com\/es\/comida\/restaurantes-seleccionados\/\" style=\"\"><span style=\"\"><span style=\"\">sigue leyendo<\/span><\/span><\/a><a href=\"https:\/\/viennatouristinformation.com\/es\/comida\/cafeteria\/\" dynamic-postlink=\"tcb_post_the_permalink\" data-shortcode-id=\"376\"><\/a><\/p>\n<h3 style=\"text-align: center; padding-top: 0px !important; margin-top: 0px !important;\"><span data-attr-link=\"1\" data-attr-rel=\"0\" data-attr-target=\"0\" data-extra_key=\"\" data-option-inline=\"1\" data-shortcode=\"tcb_post_title\" data-shortcode-name=\"Post title\" data-attr-css=\"\" data-attr-static-link=\"{&quot;className&quot;:&quot;&quot;,&quot;href&quot;:&quot;https:\/\/viennatouristinformation.com\/es\/comida\/cocina-vienesa\/&quot;,&quot;title&quot;:&quot;Cocina vienesa: 21 Platos tradicionales&quot;,&quot;class&quot;:&quot;&quot;}\"><a href=\"https:\/\/viennatouristinformation.com\/es\/comida\/cafeteria\/\" title=\"10 aut\u00e9nticos cafeter\u00eda vieneses [con buenas valoraciones]\" data-css=\"\">10 aut\u00e9nticos cafeter\u00eda vieneses [con buenas valoraciones]<\/a><\/span><\/h3>\n<p>La cultura del caf\u00e9 vien\u00e9s es parte del <a href=\"https:\/\/viennatouristinformation.com\/es\/comida\/cafeteria\/#more-1262\">&#8230;<\/a><\/p>\n<p><a href=\"https:\/\/viennatouristinformation.com\/es\/comida\/cafeteria\/\" style=\"\"><span style=\"\"><span style=\"\">sigue leyendo<\/span><\/span><\/a><a href=\"javascript:void(0)\" style=\"\"><span style=\"\"><span style=\"\">Load More<\/span><\/span><\/a><\/p>\n<p style=\"text-align: center;\">Compras en Viena<\/p>\n<p style=\"text-align: center;\">centros comerciales a mercados<\/p>\n<h3 style=\"\"><span data-attr-css=\"tve-u-17502ac29cd\" data-attr-link=\"1\" data-attr-rel=\"0\" data-attr-target=\"0\" data-extra_key=\"\" data-option-inline=\"1\" data-shortcode=\"tcb_post_title\" data-shortcode-name=\"Post title\" style=\"\" data-attr-static-link=\"{&quot;className&quot;:&quot;&quot;,&quot;href&quot;:&quot;https:\/\/viennatouristinformation.com\/es\/compras\/&quot;,&quot;title&quot;:&quot;Gu\u00eda de compras de Viena&quot;,&quot;data-css&quot;:&quot;tve-u-17502ac29cd&quot;,&quot;class&quot;:&quot;&quot;}\"><a href=\"https:\/\/viennatouristinformation.com\/es\/compras\/\" title=\"Gu\u00eda de compras de Viena\">Gu\u00eda de compras de Viena<\/a><\/span><\/h3>\n<p><a href=\"https:\/\/viennatouristinformation.com\/es\/compras\/mercado\/\" dynamic-postlink=\"tcb_post_the_permalink\" data-shortcode-id=\"241\"><\/a><\/p>\n<h3 style=\"text-align: center; padding-top: 0px !important; margin-top: 0px !important;\"><span data-attr-link=\"1\" data-attr-rel=\"0\" data-attr-target=\"0\" data-extra_key=\"\" data-option-inline=\"1\" data-shortcode=\"tcb_post_title\" data-shortcode-name=\"Post title\" data-attr-css=\"\" data-attr-static-link=\"{&quot;className&quot;:&quot;&quot;,&quot;href&quot;:&quot;https:\/\/viennatouristinformation.com\/es\/compras\/mercado\/&quot;,&quot;title&quot;:&quot;10 Mejores mercados de Viena ((desde la comida hasta el mercadillo))&quot;,&quot;class&quot;:&quot;&quot;}\"><a href=\"https:\/\/viennatouristinformation.com\/es\/compras\/mercado\/\" title=\"10 Mejores mercados de Viena [desde la comida hasta el mercadillo]\" data-css=\"\">10 Mejores mercados de Viena [desde la comida hasta el mercadillo]<\/a><\/span><\/h3>\n<p>En Viena, se celebran mercados de todo tipo <a href=\"https:\/\/viennatouristinformation.com\/es\/compras\/mercado\/#more-225\">&#8230;<\/a><\/p>\n<p><a href=\"https:\/\/viennatouristinformation.com\/es\/compras\/mercado\/\" style=\"\"><span style=\"\"><span style=\"\">sigue leyendo<\/span><\/span><\/a><a href=\"https:\/\/viennatouristinformation.com\/es\/compras\/centro-comercial\/\" dynamic-postlink=\"tcb_post_the_permalink\" data-shortcode-id=\"241\"><\/a><\/p>\n<h3 style=\"text-align: center; padding-top: 0px !important; margin-top: 0px !important;\"><span data-attr-link=\"1\" data-attr-rel=\"0\" data-attr-target=\"0\" data-extra_key=\"\" data-option-inline=\"1\" data-shortcode=\"tcb_post_title\" data-shortcode-name=\"Post title\" data-attr-css=\"\" data-attr-static-link=\"{&quot;className&quot;:&quot;&quot;,&quot;href&quot;:&quot;https:\/\/viennatouristinformation.com\/es\/compras\/mercado\/&quot;,&quot;title&quot;:&quot;10 Mejores mercados de Viena ((desde la comida hasta el mercadillo))&quot;,&quot;class&quot;:&quot;&quot;}\"><a href=\"https:\/\/viennatouristinformation.com\/es\/compras\/centro-comercial\/\" title=\"10 Mejores centros comerciales de Viena\" data-css=\"\">10 Mejores centros comerciales de Viena<\/a><\/span><\/h3>\n<p>Hay m\u00e1s de 35 centros comerciales en Viena. <a href=\"https:\/\/viennatouristinformation.com\/es\/compras\/centro-comercial\/#more-241\">&#8230;<\/a><\/p>\n<p><a href=\"https:\/\/viennatouristinformation.com\/es\/compras\/centro-comercial\/\" style=\"\"><span style=\"\"><span style=\"\">sigue leyendo<\/span><\/span><\/a><a href=\"https:\/\/viennatouristinformation.com\/es\/compras\/calles-comerciales\/\" dynamic-postlink=\"tcb_post_the_permalink\" data-shortcode-id=\"241\"><\/a><\/p>\n<h3 style=\"text-align: center; padding-top: 0px !important; margin-top: 0px !important;\"><span data-attr-link=\"1\" data-attr-rel=\"0\" data-attr-target=\"0\" data-extra_key=\"\" data-option-inline=\"1\" data-shortcode=\"tcb_post_title\" data-shortcode-name=\"Post title\" data-attr-css=\"\" data-attr-static-link=\"{&quot;className&quot;:&quot;&quot;,&quot;href&quot;:&quot;https:\/\/viennatouristinformation.com\/es\/compras\/mercado\/&quot;,&quot;title&quot;:&quot;10 Mejores mercados de Viena ((desde la comida hasta el mercadillo))&quot;,&quot;class&quot;:&quot;&quot;}\"><a href=\"https:\/\/viennatouristinformation.com\/es\/compras\/calles-comerciales\/\" title=\"10 Mejores calles comerciales de Viena\" data-css=\"\">10 Mejores calles comerciales de Viena<\/a><\/span><\/h3>\n<p>Las calles comerciales recorren todos los distritos de <a href=\"https:\/\/viennatouristinformation.com\/es\/compras\/calles-comerciales\/#more-238\">&#8230;<\/a><\/p>\n<p><a href=\"https:\/\/viennatouristinformation.com\/es\/compras\/calles-comerciales\/\" style=\"\"><span style=\"\"><span style=\"\">sigue leyendo<\/span><\/span><\/a><a href=\"javascript:void(0)\" style=\"\"><span style=\"\"><span style=\"\">Load More<\/span><\/span><\/a><\/p>\n<p style=\"text-align: center;\">Noche en Viena<\/p>\n<p style=\"text-align: center;\">\u00bfQu\u00e9 puedo hacer por la noche?<\/p>\n<h3 style=\"\"><span data-attr-css=\"tve-u-17502ad8784\" data-attr-link=\"1\" data-attr-rel=\"0\" data-attr-target=\"0\" data-extra_key=\"\" data-option-inline=\"1\" data-shortcode=\"tcb_post_title\" data-shortcode-name=\"Post title\" style=\"\" data-attr-static-link=\"{&quot;className&quot;:&quot;&quot;,&quot;href&quot;:&quot;https:\/\/viennatouristinformation.com\/es\/la-vida-nocturna\/&quot;,&quot;title&quot;:&quot;Gu\u00eda de la vida nocturna de Viena&quot;,&quot;data-css&quot;:&quot;tve-u-17502ad8784&quot;,&quot;class&quot;:&quot;&quot;}\"><a href=\"https:\/\/viennatouristinformation.com\/es\/la-vida-nocturna\/\" title=\"Gu\u00eda de la vida nocturna de Viena\">Gu\u00eda de la vida nocturna de Viena<\/a><\/span><\/h3>\n<p><a href=\"javascript:void(0)\" style=\"\"><span style=\"\"><span style=\"\">Load More<\/span><\/span><\/a><\/p>\n<p style=\"text-align: center;\">M\u00e1s ideas<\/p>\n<p style=\"text-align: center;\">\u00bfQue m\u00e1s puedo hacer?<\/p>\n<h3 style=\"\"><span data-attr-css=\"tve-u-17502ae396e\" data-attr-link=\"1\" data-attr-rel=\"0\" data-attr-target=\"0\" data-extra_key=\"\" data-option-inline=\"1\" data-shortcode=\"tcb_post_title\" data-shortcode-name=\"Post title\" style=\"\" data-attr-static-link=\"{&quot;className&quot;:&quot;&quot;,&quot;href&quot;:&quot;https:\/\/viennatouristinformation.com\/es\/cosas-que-hacer\/theatros\/&quot;,&quot;title&quot;:&quot;15 Teatros en Viena&quot;,&quot;data-css&quot;:&quot;tve-u-17502ae396e&quot;,&quot;class&quot;:&quot;&quot;}\"><a href=\"https:\/\/viennatouristinformation.com\/es\/cosas-que-hacer\/theatros\/\" title=\"15 Teatros en Viena\">15 Teatros en Viena<\/a><\/span><\/h3>\n<p><a href=\"https:\/\/viennatouristinformation.com\/es\/cosas-que-hacer\/parques\/\" dynamic-postlink=\"tcb_post_the_permalink\" data-shortcode-id=\"1257\"><\/a><\/p>\n<h3 style=\"text-align: center; padding-top: 0px !important; margin-top: 0px !important;\"><span data-attr-link=\"1\" data-attr-rel=\"0\" data-attr-target=\"0\" data-extra_key=\"\" data-option-inline=\"1\" data-shortcode=\"tcb_post_title\" data-shortcode-name=\"Post title\" data-attr-css=\"\" data-attr-static-link=\"{&quot;className&quot;:&quot;&quot;,&quot;href&quot;:&quot;https:\/\/viennatouristinformation.com\/es\/cosas-que-hacer\/parques\/&quot;,&quot;title&quot;:&quot;20 Parques m\u00e1s bonitos de Viena&quot;,&quot;class&quot;:&quot;&quot;}\"><a href=\"https:\/\/viennatouristinformation.com\/es\/cosas-que-hacer\/parques\/\" title=\"20 Parques m\u00e1s bonitos de Viena\" data-css=\"\">20 Parques m\u00e1s bonitos de Viena<\/a><\/span><\/h3>\n<p>\u00bfQu\u00e9 parques hay en Viena? Los lugare\u00f1os definitivamente <a href=\"https:\/\/viennatouristinformation.com\/es\/cosas-que-hacer\/parques\/#more-1257\">&#8230;<\/a><\/p>\n<p><a href=\"https:\/\/viennatouristinformation.com\/es\/cosas-que-hacer\/parques\/\" style=\"\"><span style=\"\"><span style=\"\">sigue leyendo<\/span><\/span><\/a><a href=\"https:\/\/viennatouristinformation.com\/es\/comida\/tabernas\/\" dynamic-postlink=\"tcb_post_the_permalink\" data-shortcode-id=\"1257\"><\/a><\/p>\n<h3 style=\"text-align: center; padding-top: 0px !important; margin-top: 0px !important;\"><span data-attr-link=\"1\" data-attr-rel=\"0\" data-attr-target=\"0\" data-extra_key=\"\" data-option-inline=\"1\" data-shortcode=\"tcb_post_title\" data-shortcode-name=\"Post title\" data-attr-css=\"\" data-attr-static-link=\"{&quot;className&quot;:&quot;&quot;,&quot;href&quot;:&quot;https:\/\/viennatouristinformation.com\/es\/cosas-que-hacer\/parques\/&quot;,&quot;title&quot;:&quot;20 Parques m\u00e1s bonitos de Viena&quot;,&quot;class&quot;:&quot;&quot;}\"><a href=\"https:\/\/viennatouristinformation.com\/es\/comida\/tabernas\/\" title=\"12 Tabernas de vino m\u00e1s bonitas de Viena\" data-css=\"\">12 Tabernas de vino m\u00e1s bonitas de Viena<\/a><\/span><\/h3>\n<p>\u00abDesconectado es\u00bb Estas palabras y un F\u00f6hrenbuschen, un <a href=\"https:\/\/viennatouristinformation.com\/es\/comida\/tabernas\/#more-1572\">&#8230;<\/a><\/p>\n<p><a href=\"https:\/\/viennatouristinformation.com\/es\/comida\/tabernas\/\" style=\"\"><span style=\"\"><span style=\"\">sigue leyendo<\/span><\/span><\/a><a href=\"https:\/\/viennatouristinformation.com\/es\/cosas-que-hacer\/castillos\/\" dynamic-postlink=\"tcb_post_the_permalink\" data-shortcode-id=\"1257\"><\/a><\/p>\n<h3 style=\"text-align: center; padding-top: 0px !important; margin-top: 0px !important;\"><span data-attr-link=\"1\" data-attr-rel=\"0\" data-attr-target=\"0\" data-extra_key=\"\" data-option-inline=\"1\" data-shortcode=\"tcb_post_title\" data-shortcode-name=\"Post title\" data-attr-css=\"\" data-attr-static-link=\"{&quot;className&quot;:&quot;&quot;,&quot;href&quot;:&quot;https:\/\/viennatouristinformation.com\/es\/cosas-que-hacer\/parques\/&quot;,&quot;title&quot;:&quot;20 Parques m\u00e1s bonitos de Viena&quot;,&quot;class&quot;:&quot;&quot;}\"><a href=\"https:\/\/viennatouristinformation.com\/es\/cosas-que-hacer\/castillos\/\" title=\"10 Castillos m\u00e1s bonitos de Viena\" data-css=\"\">10 Castillos m\u00e1s bonitos de Viena<\/a><\/span><\/h3>\n<p>Aqu\u00ed hay una lista de los castillos m\u00e1s <a href=\"https:\/\/viennatouristinformation.com\/es\/cosas-que-hacer\/castillos\/#more-1247\">&#8230;<\/a><\/p>\n<p><a href=\"https:\/\/viennatouristinformation.com\/es\/cosas-que-hacer\/castillos\/\" style=\"\"><span style=\"\"><span style=\"\">sigue leyendo<\/span><\/span><\/a><a href=\"javascript:void(0)\" style=\"\"><span style=\"\"><span style=\"\">Load More<\/span><\/span><\/a><\/p>\n","protected":false},"excerpt":{"rendered":"<p>Gu\u00eda de estilo de vida \u00bfQu\u00e9 puedo hacer en Viena adem\u00e1s de visitas tur\u00edsticas, palacios y museos? Aqu\u00ed est\u00e1n nuestros consejos para comer, comprar y cultura.&nbsp; Durante su estancia en la capital austriaca, descubrir\u00e1 r\u00e1pidamente que Viena tiene un encanto \u00fanico y un estilo de vida muy especial, moldeado por su rico patrimonio cultural y [&hellip;]<\/p>\n","protected":false},"author":17,"featured_media":3025,"parent":0,"menu_order":0,"comment_status":"closed","ping_status":"closed","template":"","meta":{"footnotes":""},"tags":[],"class_list":["post-2339","page","type-page","status-publish","has-post-thumbnail","hentry","post-wrapper","thrv_wrapper"],"_links":{"self":[{"href":"https:\/\/viennatouristinformation.com\/es\/wp-json\/wp\/v2\/pages\/2339","targetHints":{"allow":["GET"]}}],"collection":[{"href":"https:\/\/viennatouristinformation.com\/es\/wp-json\/wp\/v2\/pages"}],"about":[{"href":"https:\/\/viennatouristinformation.com\/es\/wp-json\/wp\/v2\/types\/page"}],"author":[{"embeddable":true,"href":"https:\/\/viennatouristinformation.com\/es\/wp-json\/wp\/v2\/users\/17"}],"replies":[{"embeddable":true,"href":"https:\/\/viennatouristinformation.com\/es\/wp-json\/wp\/v2\/comments?post=2339"}],"version-history":[{"count":0,"href":"https:\/\/viennatouristinformation.com\/es\/wp-json\/wp\/v2\/pages\/2339\/revisions"}],"wp:featuredmedia":[{"embeddable":true,"href":"https:\/\/viennatouristinformation.com\/es\/wp-json\/wp\/v2\/media\/3025"}],"wp:attachment":[{"href":"https:\/\/viennatouristinformation.com\/es\/wp-json\/wp\/v2\/media?parent=2339"}],"wp:term":[{"taxonomy":"post_tag","embeddable":true,"href":"https:\/\/viennatouristinformation.com\/es\/wp-json\/wp\/v2\/tags?post=2339"}],"curies":[{"name":"wp","href":"https:\/\/api.w.org\/{rel}","templated":true}]}}