{"id":2361,"date":"2020-10-08T18:35:47","date_gmt":"2020-10-08T16:35:47","guid":{"rendered":"http:\/\/viennatouristinformation.com\/es\/?page_id=2361"},"modified":"2023-06-06T15:35:48","modified_gmt":"2023-06-06T13:35:48","slug":"schoenbrunn","status":"publish","type":"page","link":"https:\/\/viennatouristinformation.com\/es\/cosas-que-hacer\/castillos\/schoenbrunn\/","title":{"rendered":"Palacio de Sch\u00f6nbrunn: Entrada, parque y lugares de inter\u00e9s"},"content":{"rendered":"<h1>Palacio de Sch\u00f6nbrunn en Viena<\/h1>\n<p>El complejo del Palacio de Sch\u00f6nbrunn es tan grande que puedes pasar todo el d\u00eda all\u00ed.<\/p>\n<h2>\u00bfQu\u00e9 puedo hacer en Schoenbrunn?<\/h2>\n<p>El impresionante Palacio de Sch\u00f6nbrunn tambi\u00e9n se conoce como el Versalles de Austria y es uno de los <a href=\"https:\/\/viennatouristinformation.com\/es\/cosas-que-hacer\/\" style=\"outline: none;\">lugares m\u00e1s visitados de Viena<\/a> .<\/p>\n<p>La antigua residencia de verano de la familia imperial de los Habsburgo es uno de los complejos palaciegos barrocos m\u00e1s bellos de Europa. Junto con todo el jard\u00edn, el Palacio de Sch\u00f6nbrunn es parte del Patrimonio Cultural Mundial de la UNESCO como una obra de arte barroca. &nbsp; <\/p>\n<p>El complejo del palacio incluye el <a href=\"https:\/\/viennatouristinformation.com\/es\/cosas-que-hacer\/atracciones\/zoologico-de-schoenbrunn\/\" style=\"outline: none;\">zool\u00f3gico de Sch\u00f6nbrunn<\/a> , el zool\u00f3gico m\u00e1s antiguo del mundo, la casa de las palmeras, el laberinto y la casa del desierto. &nbsp;<\/p>\n<p>Hemos recopilado para usted las cosas m\u00e1s hermosas e interesantes que hacer en Sch\u00f6nbrunn.<\/p>\n<h3>Aspectos destacados en el parque del palacio.<\/h3>\n<p>Los lugares de inter\u00e9s m\u00e1s importantes en el parque del palacio incluyen el Palacio de Sch\u00f6nbrunn, el zool\u00f3gico, la Gloriette, la casa del desierto y la Fuente de Neptuno. El Museo de los Ni\u00f1os de Sch\u00f6nbrunn tambi\u00e9n merece una menci\u00f3n especial.<\/p>\n<p><strong><span style=\"color: var(--tcb-skin-color-3);\">Admisi\u00f3n:<\/span><span style=\"color: var(ca1c1);\"> <\/span><\/strong> Hay varios museos en el complejo del palacio, con entrada separada y diferentes horarios de apertura. M\u00e1s detalles se pueden encontrar a continuaci\u00f3n.&nbsp;<\/p>\n<p style=\"text-align: center;\">Castillo, zoo y conciertos<\/p>\n<p style=\"text-align: center;\">Marcador de posici\u00f3n para el Palacio de Sch\u00f6nbrunn, el Museo de los Ni\u00f1os, el Carruaje Imperial y el Zool\u00f3gico de Sch\u00f6nbrunn<\/p>\n<p><a href=\"https:\/\/viennatouristinformation.com\/es\/compras\/mercadillos-navidenos\/\" dynamic-postlink=\"tcb_post_the_permalink\" data-shortcode-id=\"1245\"><\/a><\/p>\n<h3 style=\"text-align: center; padding-top: 0px !important; margin-top: 0px !important;\"><span data-attr-link=\"1\" data-attr-rel=\"0\" data-attr-target=\"0\" data-extra_key=\"\" data-option-inline=\"1\" data-shortcode=\"tcb_post_title\" data-shortcode-name=\"Post title\" data-attr-css=\"\" data-attr-static-link=\"{&quot;className&quot;:&quot;&quot;,&quot;href&quot;:&quot;https:\/\/viennatouristinformation.com\/es\/compras\/mercadillos-navidenos\/&quot;,&quot;title&quot;:&quot;10 Mercados navide\u00f1os m\u00e1s bonitos de Viena&quot;,&quot;class&quot;:&quot;&quot;}\"><a href=\"https:\/\/viennatouristinformation.com\/es\/compras\/mercadillos-navidenos\/\" title=\"10 Mercados navide\u00f1os m\u00e1s bonitos de Viena\" data-css=\"\">10 Mercados navide\u00f1os m\u00e1s bonitos de Viena<\/a><\/span><\/h3>\n<p>Viena es una ciudad de mercados navide\u00f1os. Puntualmente <a href=\"https:\/\/viennatouristinformation.com\/es\/compras\/mercadillos-navidenos\/#more-1245\"><\/a><\/p>\n<p><a href=\"https:\/\/viennatouristinformation.com\/es\/compras\/mercadillos-navidenos\/\"><span style=\"\"><span style=\"\">sigue leyendo<\/span><\/span><\/a><a href=\"https:\/\/viennatouristinformation.com\/es\/cosas-que-hacer\/atracciones\/zoologico-de-schoenbrunn\/\" dynamic-postlink=\"tcb_post_the_permalink\" data-shortcode-id=\"1245\"><\/a><\/p>\n<h3 style=\"text-align: center; padding-top: 0px !important; margin-top: 0px !important;\"><span data-attr-link=\"1\" data-attr-rel=\"0\" data-attr-target=\"0\" data-extra_key=\"\" data-option-inline=\"1\" data-shortcode=\"tcb_post_title\" data-shortcode-name=\"Post title\" data-attr-css=\"\" data-attr-static-link=\"{&quot;className&quot;:&quot;&quot;,&quot;href&quot;:&quot;https:\/\/viennatouristinformation.com\/es\/compras\/mercadillos-navidenos\/&quot;,&quot;title&quot;:&quot;10 Mercados navide\u00f1os m\u00e1s bonitos de Viena&quot;,&quot;class&quot;:&quot;&quot;}\"><a href=\"https:\/\/viennatouristinformation.com\/es\/cosas-que-hacer\/atracciones\/zoologico-de-schoenbrunn\/\" title=\"Zool\u00f3gico de Sch\u00f6nbrunn Viena: Animales, visitas y consejos de viaje\" data-css=\"\">Zool\u00f3gico de Sch\u00f6nbrunn Viena: Animales, visitas y consejos de viaje<\/a><\/span><\/h3>\n<p>El zool\u00f3gico de Sch\u00f6nbrunn en el parque del <a href=\"https:\/\/viennatouristinformation.com\/es\/cosas-que-hacer\/atracciones\/zoologico-de-schoenbrunn\/#more-917\"><\/a><\/p>\n<p><a href=\"https:\/\/viennatouristinformation.com\/es\/cosas-que-hacer\/atracciones\/zoologico-de-schoenbrunn\/\"><span style=\"\"><span style=\"\">sigue leyendo<\/span><\/span><\/a><a href=\"https:\/\/viennatouristinformation.com\/es\/compras\/mercado\/\" dynamic-postlink=\"tcb_post_the_permalink\" data-shortcode-id=\"1245\"><\/a><\/p>\n<h3 style=\"text-align: center; padding-top: 0px !important; margin-top: 0px !important;\"><span data-attr-link=\"1\" data-attr-rel=\"0\" data-attr-target=\"0\" data-extra_key=\"\" data-option-inline=\"1\" data-shortcode=\"tcb_post_title\" data-shortcode-name=\"Post title\" data-attr-css=\"\" data-attr-static-link=\"{&quot;className&quot;:&quot;&quot;,&quot;href&quot;:&quot;https:\/\/viennatouristinformation.com\/es\/compras\/mercadillos-navidenos\/&quot;,&quot;title&quot;:&quot;10 Mercados navide\u00f1os m\u00e1s bonitos de Viena&quot;,&quot;class&quot;:&quot;&quot;}\"><a href=\"https:\/\/viennatouristinformation.com\/es\/compras\/mercado\/\" title=\"10 Mejores mercados de Viena [desde la comida hasta el mercadillo]\" data-css=\"\">10 Mejores mercados de Viena [desde la comida hasta el mercadillo]<\/a><\/span><\/h3>\n<p>En Viena, se celebran mercados de todo tipo <a href=\"https:\/\/viennatouristinformation.com\/es\/compras\/mercado\/#more-225\"><\/a><\/p>\n<p><a href=\"https:\/\/viennatouristinformation.com\/es\/compras\/mercado\/\"><span style=\"\"><span style=\"\">sigue leyendo<\/span><\/span><\/a><a href=\"https:\/\/viennatouristinformation.com\/es\/cosas-que-hacer\/atracciones\/\" dynamic-postlink=\"tcb_post_the_permalink\" data-shortcode-id=\"1245\"><\/a><\/p>\n<h3 style=\"text-align: center; padding-top: 0px !important; margin-top: 0px !important;\"><span data-attr-link=\"1\" data-attr-rel=\"0\" data-attr-target=\"0\" data-extra_key=\"\" data-option-inline=\"1\" data-shortcode=\"tcb_post_title\" data-shortcode-name=\"Post title\" data-attr-css=\"\" data-attr-static-link=\"{&quot;className&quot;:&quot;&quot;,&quot;href&quot;:&quot;https:\/\/viennatouristinformation.com\/es\/compras\/mercadillos-navidenos\/&quot;,&quot;title&quot;:&quot;10 Mercados navide\u00f1os m\u00e1s bonitos de Viena&quot;,&quot;class&quot;:&quot;&quot;}\"><a href=\"https:\/\/viennatouristinformation.com\/es\/cosas-que-hacer\/atracciones\/\" title=\"20 Atracciones en Viena\" data-css=\"\">20 Atracciones en Viena<\/a><\/span><\/h3>\n<p>\u00bfEst\u00e1 buscando emocionantes atracciones en Viena? Aqu\u00ed hemos <a href=\"https:\/\/viennatouristinformation.com\/es\/cosas-que-hacer\/atracciones\/#more-138\"><\/a><\/p>\n<p><a href=\"https:\/\/viennatouristinformation.com\/es\/cosas-que-hacer\/atracciones\/\"><span style=\"\"><span style=\"\">sigue leyendo<\/span><\/span><\/a><a href=\"javascript:void(0)\"><span style=\"\"><span style=\"\">Load More<\/span><\/span><\/a><span><img decoding=\"async\" alt=\"Palacio de Sch\u00f6nbrunn en Viena en Austria\" data-id=\"1793\" data-init-width=\"1000\" data-init-height=\"667\" title=\"Palacio de Sch\u00f6nbrunn en Viena en Austria\" src=\"\/\/viennatouristinformation.com\/es\/wp-content\/uploads\/2020\/09\/Schloss-Sch\u00f6nbrunn.jpg\" data-width=\"1000\" data-height=\"667\" loading=\"lazy\" width=\"1000\" height=\"667\" data-pin-media=\"https:\/\/viennatouristinformation.com\/es\/wp-content\/uploads\/2021\/02\/prag_50_sehenswuerdigkeiten_pinterest-3.jpg\" data-pin-description=\"Schloss Sch\u00f6nbrunn: Eintritt, Park &amp;amp; Sehensw\u00fcrdigkeiten\" data-pin-url=\"https:\/\/viennatouristinformation.com\/es\/cosas-que-hacer\/castillos\/schoenbrunn\/?tve=true&amp;tcbf=a817c71e86\"><\/span><\/p>\n<h2>Castillo de Sch\u00f6nbrunn<\/h2>\n<p>La historia del Palacio de Sch\u00f6nbrunn y sus predecesores se remonta a la Edad Media. En 1569, el Habsburgo Maximiliano II adquiri\u00f3 la propiedad del llamado \u00abKatterburg\u00bb. &nbsp;<\/p>\n<p>Se realizaron varios cambios a lo largo de los a\u00f1os, el castillo sufri\u00f3 graves da\u00f1os durante los asedios turcos y tuvo que ser reconstruido.<\/p>\n<p>No fue hasta 1743 que el complejo, que originalmente se construy\u00f3 como un peque\u00f1o pabell\u00f3n de caza, y el parque del palacio fueron reconstruidos bajo la emperatriz Mar\u00eda Teresa a lo que es hoy: uno de los complejos palaciegos barrocos m\u00e1s bellos de Europa.<\/p>\n<p style=\"color:var(--tcb-skin-color-3)                     !important; --tcb-applied-color:var$(--tcb-skin-color-3)                     !important;\"><strong><span style=\"color: var(--tcb-skin-color-3);\">Tour Imperial: <\/span><span style=\"color: var(--tcb-skin-color-0)  ;\">&nbsp;<\/span><\/strong><span style=\"font-weight: normal;\"><span style=\"color:var(--tcb-skin-color-16);\">Con el Tour Imperial, 22 de las 1441 salas del palacio se pueden visitar con la ayuda de una audiogu\u00eda y una descripci\u00f3n del recorrido.<\/span><\/span><\/p>\n<p><strong><span style=\"color: var(--tcb-skin-color-3);\">Gran Tour:<\/span><span style=\"color: var(ca1c1);\"> <\/span><\/strong> Durante el Gran Tour, se visitan un total de 40 de las 1441 habitaciones del complejo del palacio. El recorrido dura alrededor de 50 minutos.<\/p>\n<p><strong><span style=\"color: var(--tcb-skin-color-3);\">Museo de los Ni\u00f1os:<\/span><span style=\"color: var(ca1c1);\"> <\/span><\/strong> Disfrazados de princesa o pr\u00edncipe, los ni\u00f1os pueden vivir de cerca y fielmente la vida cortesana de entonces en las 12 salas de la planta baja.<\/p>\n<p><strong><span style=\"color: var(--tcb-skin-color-3);\">Visitas guiadas:<\/span><span style=\"color: var(ca1c1);\">&nbsp;<\/span><\/strong> Hay varias visitas guiadas por el castillo y los jardines. Detalles pueden ser encontrados aqui. Los boletos se pueden comprar r\u00e1pida y f\u00e1cilmente en l\u00ednea.<\/p>\n<p><span><img decoding=\"async\" alt=\"Zool\u00f3gico de Sch\u00f6nbrunn en Viena en Austria\" data-id=\"1954\" data-init-width=\"1200\" data-init-height=\"630\" title=\"Zool\u00f3gico de Sch\u00f6nbrunn en Viena en Austria\" src=\"\/\/viennatouristinformation.com\/es\/wp-content\/uploads\/2020\/09\/Tiergarten-Sch\u00f6nbrunn.jpg\" data-width=\"1080\" data-height=\"567\" style=\"\" loading=\"lazy\" width=\"1080\" height=\"567\" data-pin-media=\"https:\/\/viennatouristinformation.com\/es\/wp-content\/uploads\/2021\/02\/prag_50_sehenswuerdigkeiten_pinterest-3.jpg\" data-pin-description=\"Schloss Sch\u00f6nbrunn: Eintritt, Park &amp;amp; Sehensw\u00fcrdigkeiten\" data-pin-url=\"https:\/\/viennatouristinformation.com\/es\/cosas-que-hacer\/castillos\/schoenbrunn\/?tve=true&amp;tcbf=a817c71e86\"><\/span><\/p>\n<h2>Zool\u00f3gico de Sch\u00f6nbrunn<\/h2>\n<p>El zool\u00f3gico m\u00e1s antiguo del mundo fue inaugurado en 1752 por el emperador Franz I Stephan von Lorraine, esposo de Maria Theresa, como una casa de fieras imperial. Hoy, 700 especies animales, algunas de ellas en peligro de extinci\u00f3n, viven en un \u00e1rea de 17 hect\u00e1reas. Estos incluyen pandas, tigres, orangutanes, osos polares, koalas y elefantes. &nbsp;Un tren viaja en el Tiergarten entre el pabell\u00f3n del desayuno del Emperador, la casa de los elefantes y el Tirolerhof. El Tirolerhof es una granja de 1772 que fue demolida y reconstruida originalmente en el zool\u00f3gico. Incluso hay leche fresca de la vaca para beber.&nbsp;<\/p>\n<p><a href=\"https:\/\/viennatouristinformation.com\/es\/cosas-que-hacer\/atracciones\/zoologico-de-schoenbrunn\/\" style=\"outline: none;\">El zool\u00f3gico de Sch\u00f6nbrunn<\/a> no solo es parte del sitio del Patrimonio Mundial de la UNESCO de Sch\u00f6nbrunn, sino que tambi\u00e9n ha sido nombrado \u00abMejor zool\u00f3gico de Europa\u00bb cinco veces seguidas.<\/p>\n<h3>Lo m\u00e1s destacado en el zool\u00f3gico<\/h3>\n<p>Los aspectos m\u00e1s destacados son los osos panda, que son especialmente dif\u00edciles de mantener, la casa de la selva tropical, que es una enorme casa de cristal que se extiende sobre la ladera de una monta\u00f1a, y la ORANG.erie, el hogar de los orangutanes vieneses.<span><\/span><\/p>\n<p><strong><span style=\"color: var(--tcb-skin-color-3);\">Entrada:<\/span><span style=\"color: var(ca1c1);\"> <\/span><\/strong> Con m\u00e1s de 2 millones de visitantes al a\u00f1o, es recomendable comprar las entradas online y evitar largas colas en las taquillas.<\/p>\n<p style=\"text-align: center;\">M\u00e1s lugares de inter\u00e9s en el parque del palacio.<\/p>\n<p style=\"text-align: center;\">\u00bfQue m\u00e1s puedo hacer?<\/p>\n<p><a href=\"javascript:void(0)\"><span style=\"\"><span style=\"\">Load More<\/span><\/span><\/a><\/p>\n<h3 style=\"\">1. Mirador<\/h3>\n<p>La Gloriette, construida en 1775, se encuentra en la cima del parque del palacio de Sch\u00f6nbrunn. Desde la terraza mirador se tiene una vista espectacular sobre el complejo del palacio. Tambi\u00e9n es famoso por su Kaiserschmarrn, que es uno de los mejores.<\/p>\n<h3 style=\"\">2. Parque del Castillo<\/h3>\n<p>Con una superficie de 160 hect\u00e1reas, el parque del castillo es un gran espacio con numerosas zonas verdes, fuentes, estatuas y monumentos. Es de libre acceso y un \u00e1rea de recreaci\u00f3n popular. Los museos del parque tienen diferentes horarios de apertura y tarifas de entrada.<\/p>\n<h3 style=\"\">3. Sch\u00f6nbrunner malo<\/h3>\n<p>La piscina al aire libre en el parque del castillo est\u00e1 cerca de la Glorieta. Lo m\u00e1s destacado es la piscina deportiva de 50 metros con dimensiones ol\u00edmpicas y 8 calles. Tambi\u00e9n hay un restaurante y su propia zona de fitness y bienestar. En los meses de verano se puede nadar por las noches bajo los focos.<\/p>\n<h3 style=\"\">4. laberinto<\/h3>\n<p>El laberinto se construy\u00f3 entre 1698 y 1740. Quien lo recorre con cuidado puede incluso descubrir los 12 signos del zod\u00edaco. Justo al lado est\u00e1 el laberinto y el parque infantil Labyrinthikon con 14 estaciones de juego.<\/p>\n<\/p>\n<h3 style=\"\">5. Jard\u00edn del Pr\u00edncipe Heredero<\/h3>\n<p>El Jard\u00edn del Pr\u00edncipe Heredero se encuentra en la fachada este del Palacio de Sch\u00f6nbrunn. Obtuvo su nombre debido a su ubicaci\u00f3n justo al lado del apartamento del pr\u00edncipe heredero Rodolfo. Hasta 1918 fue el jard\u00edn privado de la familia imperial. Los campos de broderie son un ejemplo impresionante del arte de jard\u00edn barroco.<\/p>\n<h3 style=\"\">6. Casa del desierto<\/h3>\n<p>M\u00e1s del 35 por ciento de la tierra est\u00e1 cubierta por desiertos. Las condiciones reales prevalecen en la casa del desierto, que tambi\u00e9n se conoce como la casa del sol debido al reloj de sol al sur del edificio.El sendero de aventuras conduce a trav\u00e9s de paisajes des\u00e9rticos dise\u00f1ados aut\u00e9nticamente de diferentes pa\u00edses del mundo.<\/p>\n<h3 style=\"\">7. Palmenhaus<\/h3>\n<p>La casa de las palmeras est\u00e1 justo enfrente de la casa del desierto. En cada uno de los tres pabellones se muestra una zona clim\u00e1tica. Con una superficie acristalada de 4.900 metros cuadrados, es el mayor de su tipo en Europa. Entre otras cosas, aqu\u00ed se puede ver el nen\u00fafar m\u00e1s grande del mundo. Tiene un per\u00edmetro de hoja de 1,20 metros.<\/p>\n<h3 style=\"\">8. Teatro de marionetas<\/h3>\n<p>El teatro de marionetas fundado por el pr\u00edncipe Esterh\u00e1zy ya se representaba aqu\u00ed en vida de Mozart por invitaci\u00f3n de la emperatriz Mar\u00eda Teresa. Las figuras hechas a mano miden 80 cm y est\u00e1n realizadas en nuestros propios talleres. Hoy en d\u00eda, aqu\u00ed se llevan a cabo representaciones teatrales y \u00f3peras para adultos y ni\u00f1os.<\/p>\n<h3 style=\"\">9. Fuente de Neptuno<\/h3>\n<p>La fuente de Neptuno se encuentra entre el palacio y la Glorieta. En su centro se eleva un paisaje rocoso con el dios del mar Neptuno, que est\u00e1 en una concha con un tridente en la mano.<\/p>\n<p>atreverse posado. En el arte de los siglos XVI al XVIII, la representaci\u00f3n de Neptuno se consideraba una par\u00e1bola del pr\u00edncipe que gobernaba su pa\u00eds con soberan\u00eda.<\/p>\n<h3 style=\"\">10. Taubenhaus<\/h3>\n<p>El palomar fue construido alrededor de 1750. La pajarera alta y redonda hecha de malla de alambre se completa con un techo de cobre en forma de c\u00fapula, que est\u00e1 coronado por una perilla. Se agregaron cuatro nichos de ladrillo a la rotonda aireada para ofrecer a las aves lugares para dormir.<\/p>\n<p><span><img decoding=\"async\" alt=\"Mercado navide\u00f1o del Palacio de Sch\u00f6nbrunn\" data-id=\"2255\" data-init-width=\"1000\" data-init-height=\"667\" title=\"Mercado navide\u00f1o del Palacio de Sch\u00f6nbrunn\" src=\"\/\/viennatouristinformation.com\/es\/wp-content\/uploads\/2020\/10\/Weihnachtsmarkt-Schloss-Sch\u00f6nbrunn.jpg\" data-width=\"1000\" data-height=\"667\" style=\"\" loading=\"lazy\" width=\"1000\" height=\"667\" data-pin-media=\"https:\/\/viennatouristinformation.com\/es\/wp-content\/uploads\/2021\/02\/prag_50_sehenswuerdigkeiten_pinterest-3.jpg\" data-pin-description=\"Schloss Sch\u00f6nbrunn: Eintritt, Park &amp;amp; Sehensw\u00fcrdigkeiten\" data-pin-url=\"https:\/\/viennatouristinformation.com\/es\/cosas-que-hacer\/castillos\/schoenbrunn\/?tve=true&amp;tcbf=a817c71e86\"><\/span><\/p>\n<p style=\"text-align: center;\">Eventos especiales<\/p>\n<p style=\"text-align: center;\">Eventos anuales<\/p>\n<p><a href=\"javascript:void(0)\"><span style=\"\"><span style=\"\">Load More<\/span><\/span><\/a><\/p>\n<h3 style=\"text-align: center;\">Mercado de Navidad<\/h3>\n<p>Cada a\u00f1o, en Navidad, el Palacio de Sch\u00f6nbrunn, rom\u00e1nticamente iluminado, ofrece un fondo impresionante para el mercado navide\u00f1o, que invita a pasear por los 80 puestos de madera en la plaza del palacio. Villancicos y evangelios se cantan diariamente en el escenario frente al \u00e1rbol de Navidad. Para los ni\u00f1os est\u00e1 el museo infantil y los talleres navide\u00f1os.&nbsp;<\/p>\n<h3 style=\"text-align: center;\">Concierto Noche de Verano<\/h3>\n<p>En verano, el castillo es un tel\u00f3n de fondo impresionante para el concierto nocturno anual de verano de la Filarm\u00f3nica de Viena. El escenario del concierto al aire libre est\u00e1 instalado frente al castillo, el concierto comienza al anochecer y es de libre acceso. Se interpretan obras cl\u00e1sicas de los sectores de conciertos, cine, ballet, \u00f3pera y opereta. El concierto se transmitir\u00e1 en m\u00e1s de 80 pa\u00edses en todo el mundo.<\/p>\n<p><span><img decoding=\"async\" alt=\"Gloriette en el parque del palacio de Sch\u00f6nbrunn en Viena en Austria\" data-id=\"1843\" data-init-width=\"1000\" data-init-height=\"667\" title=\"Gloriette en el parque del palacio de Sch\u00f6nbrunn en Viena en Austria\" src=\"\/\/viennatouristinformation.com\/es\/wp-content\/uploads\/2020\/09\/Gloriette-im-Schlosspark-Sch\u00f6nbrunn.jpg\" data-width=\"1000\" data-height=\"667\" style=\"\" loading=\"lazy\" width=\"1000\" height=\"667\" data-pin-media=\"https:\/\/viennatouristinformation.com\/es\/wp-content\/uploads\/2021\/02\/prag_50_sehenswuerdigkeiten_pinterest-3.jpg\" data-pin-description=\"Schloss Sch\u00f6nbrunn: Eintritt, Park &amp;amp; Sehensw\u00fcrdigkeiten\" data-pin-url=\"https:\/\/viennatouristinformation.com\/es\/cosas-que-hacer\/castillos\/schoenbrunn\/?tve=true&amp;tcbf=a817c71e86\"><\/span><\/p>\n<h2>Historia del Palacio de Sch\u00f6nbrunn<\/h2>\n<p>La historia del Palacio de Sch\u00f6brunn se remonta a la Edad Media, desde 1569 fue propiedad de los Habsburgo. El castillo debe su nombre al emperador Matthias, quien vio un manantial aqu\u00ed en 1619 y se dice que exclam\u00f3 \u00abQu\u00e9 hermosa fuente\u00bb cuando la vio. En los a\u00f1os 1638 a 1643 se construy\u00f3 un castillo como residencia de la segunda esposa del emperador Fernando II, que result\u00f3 gravemente da\u00f1ado durante el asedio turco a Viena. A esto le siguieron numerosos edificios nuevos y conversiones. En 1743, bajo la emperatriz Maira Theresia, comenz\u00f3 la conversi\u00f3n del palacio y el parque del palacio a su forma actual. El castillo y el enorme parque forman parte del Patrimonio Mundial de la UNESCO desde 1996. Una de las mayores atracciones del parque del castillo es el zool\u00f3gico existente m\u00e1s antiguo del mundo, el<a href=\"https:\/\/viennatouristinformation.com\/es\/cosas-que-hacer\/atracciones\/zoologico-de-schoenbrunn\/\" style=\"outline: none;\">Zool\u00f3gico de Sch\u00f6nbrunn<\/a> . El palacio y el parque se encuentran entre las principales <a href=\"https:\/\/viennatouristinformation.com\/es\/cosas-que-hacer\/atracciones\/\" style=\"outline: none;\">atracciones tur\u00edsticas de Viena<\/a> .<\/p>\n<h3>Los tres periodos principales<\/h3>\n<ul>\n<li style=\"\"><span style=\"\"><strong>Jagdschloss:<\/strong> En 1569, el emperador Maximiliano II adquiri\u00f3 la extensa propiedad y la llen\u00f3 de ciervos emplumados, ciervos y jabal\u00edes para la caza. En 1570 hizo construir aqu\u00ed un pabell\u00f3n de caza.<\/span><\/li>\n<li><span><strong>Emperatriz Mar\u00eda Teresa:<\/strong> En 1743, bajo la emperatriz Mar\u00eda Teresa, comenz\u00f3 la conversi\u00f3n del palacio y el parque del palacio a su forma actual.&nbsp;<\/span><\/li>\n<li><span><strong>Emperador Francisco Jos\u00e9:<\/strong> El emperador Francisco Jos\u00e9 naci\u00f3 en Sch\u00f6nbrunn, tambi\u00e9n muri\u00f3 en Sch\u00f6nbrunn. Estaba conectado con el castillo de una manera especial, que rara vez dejaba en la vejez.<\/span><\/li>\n<\/ul>\n<h2 style=\"\">P\u00f3ngase en contacto con la administraci\u00f3n del castillo<\/h2>\n<p style=\"\"><strong>Direcci\u00f3n: <\/strong><span style=\"font-weight: normal;\">Sch\u00f6nbrunner Schlo\u00dfstrasse 47, 1130 Viena<\/span><\/p>\n<p style=\"\"><strong>Correo electr\u00f3nico:&nbsp; <\/strong><span style=\"font-weight: normal;\">info@schoenbrunn.at<\/span><\/p>\n<p style=\"\"><strong>Tel\u00e9fono: <\/strong><span style=\"font-weight: normal;\">(+43) 1 8111 32 39<\/span><\/p>\n<p style=\"\"><strong>Sitio web:&nbsp; <\/strong><a href=\"http:\/\/www.schoenbrunn.at\" target=\"_blank\" rel=\"noopener\">www.schoenbrunn.at<\/a><\/p>\n","protected":false},"excerpt":{"rendered":"<p>Palacio de Sch\u00f6nbrunn en Viena El complejo del Palacio de Sch\u00f6nbrunn es tan grande que puedes pasar todo el d\u00eda all\u00ed. \u00bfQu\u00e9 puedo hacer en Schoenbrunn? El impresionante Palacio de Sch\u00f6nbrunn tambi\u00e9n se conoce como el Versalles de Austria y es uno de los lugares m\u00e1s visitados de Viena . La antigua residencia de verano [&hellip;]<\/p>\n","protected":false},"author":17,"featured_media":3032,"parent":1247,"menu_order":0,"comment_status":"closed","ping_status":"closed","template":"","meta":{"footnotes":""},"tags":[],"class_list":["post-2361","page","type-page","status-publish","has-post-thumbnail","hentry","post-wrapper","thrv_wrapper"],"_links":{"self":[{"href":"https:\/\/viennatouristinformation.com\/es\/wp-json\/wp\/v2\/pages\/2361","targetHints":{"allow":["GET"]}}],"collection":[{"href":"https:\/\/viennatouristinformation.com\/es\/wp-json\/wp\/v2\/pages"}],"about":[{"href":"https:\/\/viennatouristinformation.com\/es\/wp-json\/wp\/v2\/types\/page"}],"author":[{"embeddable":true,"href":"https:\/\/viennatouristinformation.com\/es\/wp-json\/wp\/v2\/users\/17"}],"replies":[{"embeddable":true,"href":"https:\/\/viennatouristinformation.com\/es\/wp-json\/wp\/v2\/comments?post=2361"}],"version-history":[{"count":0,"href":"https:\/\/viennatouristinformation.com\/es\/wp-json\/wp\/v2\/pages\/2361\/revisions"}],"up":[{"embeddable":true,"href":"https:\/\/viennatouristinformation.com\/es\/wp-json\/wp\/v2\/pages\/1247"}],"wp:featuredmedia":[{"embeddable":true,"href":"https:\/\/viennatouristinformation.com\/es\/wp-json\/wp\/v2\/media\/3032"}],"wp:attachment":[{"href":"https:\/\/viennatouristinformation.com\/es\/wp-json\/wp\/v2\/media?parent=2361"}],"wp:term":[{"taxonomy":"post_tag","embeddable":true,"href":"https:\/\/viennatouristinformation.com\/es\/wp-json\/wp\/v2\/tags?post=2361"}],"curies":[{"name":"wp","href":"https:\/\/api.w.org\/{rel}","templated":true}]}}