{"id":2817,"date":"2020-10-12T13:27:19","date_gmt":"2020-10-12T11:27:19","guid":{"rendered":"http:\/\/viennatouristinformation.com\/es\/?page_id=2817"},"modified":"2023-06-01T16:42:35","modified_gmt":"2023-06-01T14:42:35","slug":"incentives","status":"publish","type":"page","link":"https:\/\/viennatouristinformation.com\/es\/viaje-en-grupo\/incentives\/","title":{"rendered":"Incentivos en Viena: asesoramiento, apoyo e inspiraci\u00f3n"},"content":{"rendered":"<h1>Incentivos en Viena: asesoramiento, apoyo e inspiraci\u00f3n<\/h1>\n<p>Asesoramos sobre los incentivos adecuados y todo el programa de apoyo en Viena.&nbsp;<\/p>\n<ul>\n<li style=\"\"><span style=\"\">004361423306670<\/span><\/li>\n<li style=\"\"><span style=\"\"><span data-attr-id=\"17\" data-extra_key=\"1\" data-option-inline=\"1\" data-shortcode=\"thrive_global_fields\" data-shortcode-name=\"[Company] MICE E-Mail\" style=\"\">00431232323<\/span><\/span><\/li>\n<\/ul>\n<h2>\u00bfQu\u00e9 incentivos son posibles?<\/h2>\n<p>Todo es posible entre una cena en las g\u00f3ndolas de la rueda de la fortuna, un tour privado por el Danubio y un paseo en la r\u00e9plica original del tren Imperial en el vag\u00f3n Franz Joseph.<\/p>\n<p>Tambi\u00e9n nos complace cumplir deseos individuales.&nbsp;<\/p>\n<p>ViennaTouristInformation.com lo acompa\u00f1a en la selecci\u00f3n, planificaci\u00f3n e implementaci\u00f3n de incentivos de una sola fuente. Esto incluye todo el programa de apoyo si lo desea.&nbsp;<\/p>\n<h3>Solicitudes individuales:<\/h3>\n<p>Reuniones, conferencias y eventos corporativos de una sola fuente en Viena. Todo es posible entre peque\u00f1os y grandes eventos con varios cientos de participantes.&nbsp;<\/p>\n<p>Nos complace realizar ideas individuales en Viena.&nbsp;<\/p>\n<ul>\n<li><span><strong>soporte las 24 horas<\/strong><\/span><\/li>\n<li><span><strong>Consulta inicial gratuita<\/strong><\/span><\/li>\n<li><span><strong>De una sola fuente<\/strong><\/span><\/li>\n<\/ul>\n<h2 style=\"\">\u00bfQu\u00e9 necesito saber antes de reservar?<\/h2>\n<h2 style=\"text-align: center;\">10 posibles incentivos como ejemplo<\/h2>\n<p style=\"text-align: center;\">\u00bfQu\u00e9 puede ser? \u00bfUn viaje en el Imperator Majestic Train de Viena a Budapest, una cena en la rueda de la fortuna, una cata de vinos en los vi\u00f1edos de Viena o un baile en un palacio de la ciudad?&nbsp;<\/p>\n<h3 style=\"\">1. Prost!<\/h3>\n<p>Vinos exclusivos en una bodega en el centro, vi\u00f1edos en las afueras o en el campo.&nbsp;<\/p>\n<h3 style=\"\">2. Cena de Gala<\/h3>\n<p>\u00bfEn un palacio con m\u00fasica de c\u00e1mara o, si lo deseas, en un exclusivo club con DJ en el centro?<\/p>\n<h3 style=\"\">3. Festeja como un emperador<\/h3>\n<p>Lugares magn\u00edficos para eventos extraordinarios por la noche, hasta el baile o el baile de disfraces.&nbsp;<\/p>\n<h3 style=\"\">4. Tren Majestuoso Imperial<\/h3>\n<p>Celebre en la r\u00e9plica original del tren de los emperadores austroh\u00fangaros (adecuado para viajes por la ciudad).<\/p>\n<h3 style=\"\">5. Barco privado Danubio<\/h3>\n<p>Tu propio barco con catering, fiesta y DJ en el Viejo Danubio de Viena.&nbsp;<\/p>\n<h3 style=\"\">6. Noche de club<\/h3>\n<p>Exclusivamente en un palacio en el centro de Viena o en una ubicaci\u00f3n en el centro de la ciudad.&nbsp;<\/p>\n<h3 style=\"\">7. Etiqueta en Bratislava<\/h3>\n<p>Viaja a la capital eslovaca en el Twin City Liner sobre el Danubio.&nbsp;<\/p>\n<h3 style=\"\">8. Cena en la noria<\/h3>\n<p>Ambiente nocturno, comida y vista desde una g\u00f3ndola privada en la rueda de la fortuna.&nbsp;<\/p>\n<h3 style=\"\">9. Heuriger vien\u00e9s<\/h3>\n<p>Fogata en un vi\u00f1edo en las afueras con vista a la ciudad y especialidades regionales.&nbsp;<\/p>\n<h3 style=\"\">10. Los cl\u00e1sicos<\/h3>\n<p>\u00bfCorrer sobre carbones encendidos, un jard\u00edn de escalada, construir una balsa? \u00bfO ver Viena en un Fiacre? Por supuesto que podemos planificar eso tambi\u00e9n.&nbsp;<\/p>\n<h2>\u00bfNada a\u00fan?<\/h2>\n<p>Nos complace ayudar con la implementaci\u00f3n de ideas extraordinarias. Estaremos encantados de asesorarle sobre las posibilidades en Viena durante una primera llamada gratuita.&nbsp;<\/p>\n<ul>\n<li style=\"\"><span style=\"\"><span data-attr-id=\"19\" data-extra_key=\"1\" data-option-inline=\"1\" data-shortcode=\"thrive_global_fields\" data-shortcode-name=\"[Company] MICE Telefonnummer\">0043124567890<\/span><\/span><\/li>\n<li style=\"\"><span style=\"\">support@viennatouristinformation.com\/es<\/span><\/li>\n<\/ul>\n<h2 style=\"text-align: center;\"><strong>El camino desde la consulta hasta la implementaci\u00f3n<\/strong><\/h2>\n<p>1. Consulta<\/p>\n<p>Cu\u00e9ntanos tus deseos por tel\u00e9fono o con nuestro formulario de contacto. Estaremos encantados de devolverle la llamada. Despu\u00e9s del primer contacto, recibir\u00e1 una oferta sin compromiso dentro de las 24 a 48 horas. &nbsp;<\/p>\n<p>2. Planificaci\u00f3n<\/p>\n<p>Planificamos el viaje de incentivo en Viena o, si lo desea, todo el programa de apoyo. Con una persona de contacto de una sola fuente, nos hacemos cargo del esfuerzo de coordinaci\u00f3n.&nbsp;<\/p>\n<p>ejecuci\u00f3n<\/p>\n<p>Estaremos encantados de apoyarle durante el evento. Tiene la misma persona de contacto durante toda la planificaci\u00f3n, implementaci\u00f3n e implementaci\u00f3n de incentivos. Nuestro soporte est\u00e1 disponible las 24 horas del d\u00eda.&nbsp;<\/p>\n<h2>Consulta inicial gratuita<\/h2>\n<p>Nuestros especialistas en incentivos planean con usted experiencias inolvidables en Viena. Todo es posible entre un baile de m\u00e1scaras en un palacio venerable, cruceros por el Danubio y una cena de gala en un lugar exclusivo.<\/p>\n<p>Tambi\u00e9n nos complace cumplir deseos individuales.&nbsp;<\/p>\n<p>La reserva de todo el programa de apoyo, desde el hotel para grupos hasta el catering, es posible con una persona de contacto central.&nbsp;<\/p>\n<h3>Servicio completo<\/h3>\n<ul>\n<li style=\"\"><span style=\"\"><strong>De una sola fuente:<\/strong> Con nosotros no hay contactos diferentes. &nbsp;<\/span><\/li>\n<li><span><strong><strong>Soporte 24 horas:<\/strong><\/strong> disponible durante la planificaci\u00f3n y ejecuci\u00f3n de eventos, incluso durante la noche y los fines de semana.&nbsp;<\/span><\/li>\n<li><span><strong>Consulta inicial gratuita:<\/strong> Estaremos encantados de comprobar sus expectativas en una primera reuni\u00f3n.&nbsp;<\/span><\/li>\n<\/ul>\n<h2 style=\"text-align: center;\">Consulta inicial gratuita<\/h2>\n<p style=\"text-align: center;\">Nos encantar\u00eda hablar sobre tus planes. El contacto es posible por tel\u00e9fono al <span data-shortcode=\"thrive_global_fields\" data-shortcode-name=\"[Company] MICE Telefonnummer\" data-extra_key=\"1\" data-attr-id=\"19\" data-option-inline=\"1\">0043124567890<\/span> , correo electr\u00f3nico a <em>support@viennatouristinformation.com\/es<\/em> o formulario de contacto.&nbsp;<\/p>\n","protected":false},"excerpt":{"rendered":"<p>Incentivos en Viena: asesoramiento, apoyo e inspiraci\u00f3n Asesoramos sobre los incentivos adecuados y todo el programa de apoyo en Viena.&nbsp; 004361423306670 00431232323 \u00bfQu\u00e9 incentivos son posibles? Todo es posible entre una cena en las g\u00f3ndolas de la rueda de la fortuna, un tour privado por el Danubio y un paseo en la r\u00e9plica original del [&hellip;]<\/p>\n","protected":false},"author":17,"featured_media":2968,"parent":1352,"menu_order":0,"comment_status":"closed","ping_status":"closed","template":"","meta":{"footnotes":""},"tags":[],"class_list":["post-2817","page","type-page","status-publish","has-post-thumbnail","hentry","post-wrapper","thrv_wrapper"],"_links":{"self":[{"href":"https:\/\/viennatouristinformation.com\/es\/wp-json\/wp\/v2\/pages\/2817","targetHints":{"allow":["GET"]}}],"collection":[{"href":"https:\/\/viennatouristinformation.com\/es\/wp-json\/wp\/v2\/pages"}],"about":[{"href":"https:\/\/viennatouristinformation.com\/es\/wp-json\/wp\/v2\/types\/page"}],"author":[{"embeddable":true,"href":"https:\/\/viennatouristinformation.com\/es\/wp-json\/wp\/v2\/users\/17"}],"replies":[{"embeddable":true,"href":"https:\/\/viennatouristinformation.com\/es\/wp-json\/wp\/v2\/comments?post=2817"}],"version-history":[{"count":0,"href":"https:\/\/viennatouristinformation.com\/es\/wp-json\/wp\/v2\/pages\/2817\/revisions"}],"up":[{"embeddable":true,"href":"https:\/\/viennatouristinformation.com\/es\/wp-json\/wp\/v2\/pages\/1352"}],"wp:featuredmedia":[{"embeddable":true,"href":"https:\/\/viennatouristinformation.com\/es\/wp-json\/wp\/v2\/media\/2968"}],"wp:attachment":[{"href":"https:\/\/viennatouristinformation.com\/es\/wp-json\/wp\/v2\/media?parent=2817"}],"wp:term":[{"taxonomy":"post_tag","embeddable":true,"href":"https:\/\/viennatouristinformation.com\/es\/wp-json\/wp\/v2\/tags?post=2817"}],"curies":[{"name":"wp","href":"https:\/\/api.w.org\/{rel}","templated":true}]}}