{"id":3394,"date":"2021-01-12T16:40:46","date_gmt":"2021-01-12T15:40:46","guid":{"rendered":"http:\/\/viennatouristinformation.com\/es\/?page_id=3394"},"modified":"2024-05-15T11:55:29","modified_gmt":"2024-05-15T09:55:29","slug":"socio","status":"publish","type":"page","link":"https:\/\/viennatouristinformation.com\/es\/socio\/","title":{"rendered":"Vienna Tourist Information socio"},"content":{"rendered":"<p><span><img decoding=\"async\" alt=\"\" data-id=\"4797\" width=\"196\" data-init-width=\"1440\" height=\"33\" data-init-height=\"240\" title=\"Travel-Group-Logo1\" src=\"https:\/\/viennatouristinformation.com\/es\/wp-content\/uploads\/2024\/05\/Travel-Group-Logo1.png\" data-width=\"196\" data-height=\"33\" style=\"aspect-ratio: auto 1440 \/ 240;\" loading=\"lazy\"><\/span><\/p>\n<h4>Travelgroup<\/h4>\n<p>Gesti\u00f3n de destinos y operador mayorista para grupos de ocio y exposiciones.<\/p>\n<p><a href=\"https:\/\/www.dynamicwebsolutions.at\/\" target=\"_blank\" rel=\"noopener\"><span><img decoding=\"async\" alt=\"\" data-id=\"5834\" width=\"460\" data-init-width=\"1440\" height=\"77\" data-init-height=\"240\" title=\"Logotipo de Dynamic Web Solutions GmbH\" src=\"https:\/\/viennatouristinformation.com\/es\/wp-content\/uploads\/2021\/01\/Dynamic-Web-Solutions-GmbH-Logo.png\" data-width=\"460\" data-height=\"77\" style=\"aspect-ratio: auto 1440 \/ 240;\" loading=\"lazy\"><\/span><\/p>\n<h4>Dynamic Web Solutions GmbH<\/h4>\n<p>Socio de tecnolog\u00eda, SEO y dise\u00f1o web de ViennaTouristInformation.com.<\/p>\n<p><\/a><a href=\"https:\/\/most-amazing-places.com\" target=\"_blank\" rel=\"noopener\"><span><img decoding=\"async\" alt=\"\" data-id=\"4803\" width=\"111\" data-init-width=\"512\" height=\"111\" data-init-height=\"512\" title=\"MAP-LOGO-002 (3)\" src=\"https:\/\/viennatouristinformation.com\/es\/wp-content\/uploads\/2024\/05\/MAP-LOGO-002-3.png\" data-width=\"111\" data-height=\"111\" style=\"aspect-ratio: auto 512 \/ 512;\" loading=\"lazy\"><\/span><\/p>\n<h4>most-amazing-places.com<\/h4>\n<p>Most Amazing Places es una marca creada por apasionados profesionales de los viajes. Encuentra billetes de la mejor calidad al mejor precio, en todos los operadores online.<\/p>\n<p><\/a><\/p>\n<h2 style=\"text-align: center;\">Contacto de socios para empresas, agencias y organizaciones de viajes<\/h2>\n<h2 style=\"\">\u00bfC\u00f3mo podemos ayudar?<\/h2>\n<h3 style=\"\">1. Servicio de informaci\u00f3n<\/h3>\n<p style=\"\">Preguntas sobre la planificaci\u00f3n de viajes a Viena.&nbsp;<\/p>\n<h3 style=\"\">2. Servicio de reserva<\/h3>\n<p style=\"\">Reserva de hoteles, salas de reuniones, entradas, tours y gu\u00edas.<\/p>\n<h3 style=\"\">3. B2B y M.ICE<\/h3>\n<p style=\"\">Cooperaci\u00f3n con ViennaTouristInformation.com y consultas sobre conferencias, eventos y ferias comerciales en Viena.&nbsp;<\/p>\n<h2 style=\"\">Parte de la Organizaci\u00f3n Mundial de Turismo<\/h2>\n<p><a href=\"https:\/\/paristouristinformation.fr\/\" target=\"_blank\" rel=\"noopener\"><span><img decoding=\"async\" alt=\"\" data-id=\"3414\" width=\"308\" data-init-width=\"1834\" height=\"109\" data-init-height=\"651\" title=\"Logotipo de informaci\u00f3n tur\u00edstica de Par\u00eds\" src=\"https:\/\/viennatouristinformation.com\/es\/wp-content\/uploads\/2021\/01\/Paris-Tourist-Information-Logo.png\" data-width=\"308\" data-height=\"109\" style=\"aspect-ratio: auto 1834 \/ 651;\" loading=\"lazy\"><\/span><\/p>\n<h4>ParisTouristInformation.fr<\/h4>\n<p>Sitio web de informaci\u00f3n tur\u00edstica de la capital francesa, Par\u00eds.&nbsp;<\/p>\n<p><\/a><a href=\"https:\/\/praguetouristinformation.com\/\" target=\"_blank\" rel=\"noopener\"><span><img decoding=\"async\" alt=\"\" data-id=\"5803\" width=\"376\" data-init-width=\"2292\" height=\"107\" data-init-height=\"651\" title=\"Logotipo de PragueTouristInformation.com\" src=\"https:\/\/viennatouristinformation.com\/es\/wp-content\/uploads\/2021\/01\/PragueTouristInformation.com-Logo.png\" data-width=\"376\" data-height=\"107\" style=\"aspect-ratio: auto 2292 \/ 651;\" loading=\"lazy\"><\/span><\/p>\n<h4>PragueTouristInformation.com<\/h4>\n<p>Sitio web de informaci\u00f3n tur\u00edstica de la capital checa, Praga.&nbsp;<\/p>\n<p><\/a><a href=\"https:\/\/antalyatouristinformation.com\" target=\"_blank\" rel=\"noopener\"><span><img decoding=\"async\" alt=\"\" data-id=\"4800\" width=\"248\" data-init-width=\"600\" height=\"74\" data-init-height=\"180\" title=\"AntalyaTouristInformation.com-Logo-2048x616\" src=\"https:\/\/viennatouristinformation.com\/es\/wp-content\/uploads\/2024\/05\/AntalyaTouristInformation.com-Logo-2048x616-1.png\" data-width=\"248\" data-height=\"74\" style=\"aspect-ratio: auto 600 \/ 180;\" loading=\"lazy\"><\/span><\/p>\n<h4>antalyatouristinformation.com<\/h4>\n<p>Web de informaci\u00f3n tur\u00edstica de la ciudad turca de Antalya<\/p>\n<p><\/a><a href=\"https:\/\/cappadociatouristinformation.gen.tr\" target=\"_blank\" rel=\"noopener\"><span><img decoding=\"async\" alt=\"\" data-id=\"4801\" width=\"296\" data-init-width=\"600\" height=\"65\" data-init-height=\"132\" title=\"CAPPADOCIA-TOURIST-INFO-LOGO copy\" src=\"https:\/\/viennatouristinformation.com\/es\/wp-content\/uploads\/2024\/05\/CAPPADOCIA-TOURIST-INFO-LOGO-copy.png\" data-width=\"296\" data-height=\"65\" style=\"aspect-ratio: auto 600 \/ 132;\" loading=\"lazy\"><\/span><\/p>\n<h4>cappadociatouristinformation.gen.tr<\/h4>\n<p>Sitio web de informaci\u00f3n tur\u00edstica de la regi\u00f3n turca de Capadocia.<\/p>\n<p><\/a><a href=\"https:\/\/lisbontouristinformation.com\" target=\"_blank\" rel=\"noopener\"><span><img decoding=\"async\" alt=\"\" data-id=\"4802\" width=\"248\" data-init-width=\"600\" height=\"79\" data-init-height=\"192\" title=\"lisbon tourist information logo\" src=\"https:\/\/viennatouristinformation.com\/es\/wp-content\/uploads\/2024\/05\/lisbon-tourist-information-logo.png\" data-width=\"248\" data-height=\"79\" style=\"aspect-ratio: auto 600 \/ 192;\" loading=\"lazy\"><\/span><\/p>\n<h4>lisbontouristinformation.com<\/h4>\n<p>Web de informaci\u00f3n tur\u00edstica de la ciudad portuguesa de Lisboa<\/p>\n<p><\/a><a href=\"https:\/\/www.leblogdistanbul.com\" target=\"_blank\" rel=\"noopener\"><span><img decoding=\"async\" alt=\"\" data-id=\"4799\" width=\"296\" data-init-width=\"1517\" height=\"74\" data-init-height=\"381\" title=\"le blog dIstanbul\" src=\"https:\/\/viennatouristinformation.com\/es\/wp-content\/uploads\/2024\/05\/le-blog-dIstanbul.png\" data-width=\"296\" data-height=\"74\" style=\"aspect-ratio: auto 1517 \/ 381;\" loading=\"lazy\"><\/span><\/p>\n<h4>leblogdistanbul.com<\/h4>\n<p>\u00a1Ofrece toda la informaci\u00f3n para que tu estancia en Estambul sea inolvidable!<\/p>\n<p><\/a><a href=\"https:\/\/izmirtoantalya.com\" target=\"_blank\" rel=\"noopener\"><span><img decoding=\"async\" alt=\"\" data-id=\"4798\" width=\"248\" data-init-width=\"2560\" height=\"68\" data-init-height=\"705\" title=\"Izmir to Antalya logo\" src=\"https:\/\/viennatouristinformation.com\/es\/wp-content\/uploads\/2024\/05\/Izmir-to-Antalya-logo.jpeg\" data-width=\"248\" data-height=\"68\" style=\"aspect-ratio: auto 2560 \/ 705;\" loading=\"lazy\"><\/span><\/p>\n<h4>izmirtoantalya.com<\/h4>\n<p>El \u00fanico sitio web que te ayudar\u00e1 a viajar por la Riviera turca.<\/p>\n<p><\/a><span><img decoding=\"async\" alt=\"\" data-id=\"3417\" width=\"298\" data-init-width=\"895\" height=\"80\" data-init-height=\"240\" title=\"Logotipo de la Organizaci\u00f3n Mundial de Turismo\" src=\"https:\/\/viennatouristinformation.com\/es\/wp-content\/uploads\/2021\/01\/Global-Tourist-Organization-Logo.jpg\" data-width=\"298\" data-height=\"80\" style=\"aspect-ratio: auto 895 \/ 240;\" loading=\"lazy\"><\/span><\/p>\n","protected":false},"excerpt":{"rendered":"<p>Travelgroup Gesti\u00f3n de destinos y operador mayorista para grupos de ocio y exposiciones. Dynamic Web Solutions GmbH Socio de tecnolog\u00eda, SEO y dise\u00f1o web de ViennaTouristInformation.com. most-amazing-places.com Most Amazing Places es una marca creada por apasionados profesionales de los viajes. Encuentra billetes de la mejor calidad al mejor precio, en todos los operadores online. Contacto [&hellip;]<\/p>\n","protected":false},"author":17,"featured_media":2970,"parent":0,"menu_order":0,"comment_status":"closed","ping_status":"closed","template":"","meta":{"footnotes":"","tve_updated_post":"","tve_custom_css":"","tve_user_custom_css":"","tve_globals":{},"tcb2_ready":1,"tcb_editor_enabled":1,"tve_landing_page":"tcb2-blank-page","_tve_header":"68","_tve_footer":"69"},"tags":[],"class_list":["post-3394","page","type-page","status-publish","has-post-thumbnail","hentry","post-wrapper","thrv_wrapper"],"_links":{"self":[{"href":"https:\/\/viennatouristinformation.com\/es\/wp-json\/wp\/v2\/pages\/3394","targetHints":{"allow":["GET"]}}],"collection":[{"href":"https:\/\/viennatouristinformation.com\/es\/wp-json\/wp\/v2\/pages"}],"about":[{"href":"https:\/\/viennatouristinformation.com\/es\/wp-json\/wp\/v2\/types\/page"}],"author":[{"embeddable":true,"href":"https:\/\/viennatouristinformation.com\/es\/wp-json\/wp\/v2\/users\/17"}],"replies":[{"embeddable":true,"href":"https:\/\/viennatouristinformation.com\/es\/wp-json\/wp\/v2\/comments?post=3394"}],"version-history":[{"count":0,"href":"https:\/\/viennatouristinformation.com\/es\/wp-json\/wp\/v2\/pages\/3394\/revisions"}],"wp:featuredmedia":[{"embeddable":true,"href":"https:\/\/viennatouristinformation.com\/es\/wp-json\/wp\/v2\/media\/2970"}],"wp:attachment":[{"href":"https:\/\/viennatouristinformation.com\/es\/wp-json\/wp\/v2\/media?parent=3394"}],"wp:term":[{"taxonomy":"post_tag","embeddable":true,"href":"https:\/\/viennatouristinformation.com\/es\/wp-json\/wp\/v2\/tags?post=3394"}],"curies":[{"name":"wp","href":"https:\/\/api.w.org\/{rel}","templated":true}]}}