{"id":819,"date":"2020-07-16T12:54:59","date_gmt":"2020-07-16T10:54:59","guid":{"rendered":"http:\/\/viennatouristinformation.com\/es\/?page_id=819"},"modified":"2023-06-14T14:24:13","modified_gmt":"2023-06-14T12:24:13","slug":"belvedere","status":"publish","type":"page","link":"https:\/\/viennatouristinformation.com\/es\/cosas-que-hacer\/castillos\/belvedere\/","title":{"rendered":"Palacio Belvedere en Viena: Exposici\u00f3n, entrada e historia"},"content":{"rendered":"<h2 id=\"t-1669888547955\" data-hide=\"true\">El majestuoso Palacio Belvedere del siglo XVIII es la antigua residencia de verano del general austr\u00edaco, el pr\u00edncipe Eugenio de Saboya. Es uno de los lugares m\u00e1s populares de Viena.<\/h2>\n<p>El palacio barroco consta de dos palacios separados, el Bajo Belvedere y el Alto Belvedere.<\/p>\n<p>El conjunto del castillo de cuento de hadas se completa con el magn\u00edfico jard\u00edn del castillo, que conecta los dos castillos.<\/p>\n<p>Adem\u00e1s de las salas hist\u00f3ricas, los visitantes pueden maravillarse con la colecci\u00f3n de arte m\u00e1s importante de Austria y la colecci\u00f3n de Klimt m\u00e1s grande del mundo. &nbsp;<\/p>\n<p>Aqu\u00ed hay informaci\u00f3n importante para una visita al Palacio de Belvedere.<\/p>\n<p style=\"\"><strong>Otros art\u00edculos recomendados:<\/strong><\/p>\n<ul>\n<li><a href=\"https:\/\/viennatouristinformation.com\/es\/cosas-que-hacer\/10-mejores\/\" style=\"outline: none;\">Las 10 mejores cosas que hacer en Viena<\/a><\/li>\n<li><a href=\"https:\/\/viennatouristinformation.com\/es\/hoteles\/\" style=\"outline: none;\">Los hoteles mejor recomendados en Viena<\/a><\/li>\n<li><a href=\"https:\/\/viennatouristinformation.com\/es\/cosas-que-hacer\/atracciones\/\" style=\"outline: none;\">Atracciones excepcionales en Viena<\/a><\/li>\n<li><a href=\"https:\/\/viennatouristinformation.com\/es\/comida\/\" style=\"outline: none;\">Los mejores restaurantes de Viena<\/a><\/li>\n<li><a href=\"https:\/\/viennatouristinformation.com\/es\/compras\/\">Compras en Viena<\/a><\/li>\n<li><a href=\"https:\/\/viennatouristinformation.com\/es\/plan\/transporte-publico\/\">Transporte p\u00fablico en Viena<\/a><\/li>\n<\/ul>\n<h2 id=\"t-1669888547956\" style=\"\">Alto Belvedere y Museo<\/h2>\n<p><span><img decoding=\"async\" alt=\"Schloss Belvedere in Vienna in Austria\" data-id=\"1796\" width=\"885\" data-init-width=\"1000\" height=\"590\" data-init-height=\"667\" title=\"Schloss Belvedere in Vienna in Austria\" loading=\"lazy\" src=\"\/\/viennatouristinformation.com\/es\/wp-content\/uploads\/2020\/09\/Schloss-Belvedere.jpg\" data-width=\"885\" data-height=\"590\" data-pin-media=\"https:\/\/viennatouristinformation.com\/es\/wp-content\/uploads\/2021\/01\/wien_pinterest_schloss_belvedere-2.jpg\" data-pin-description=\"Palacio Belvedere en Viena: exposici\u00f3n, entrada e historia\" data-pin-url=\"https:\/\/viennatouristinformation.com\/es\/cosas-que-hacer\/castillos\/belvedere\/?tve=true&amp;tcbf=d5716ea3f9\" data-pinpro-key=\"tgir9r1ey\" style=\"aspect-ratio: auto 1000 \/ 667;\"><\/span><\/p>\n<p>El Upper Belvedere se complet\u00f3 en 1723 y se utiliz\u00f3 principalmente con fines representativos. Bajo Mar\u00eda Teresa, se convirti\u00f3 en uno de los primeros museos p\u00fablicos del mundo en albergar las colecciones imperiales.<\/p>\n<p>Hoy en d\u00eda, el Upper Belvedere, que alberga una exposici\u00f3n permanente de arte de los siglos XIX y XX, es el museo de arte m\u00e1s visitado de Austria. Alrededor de 420 obras se distribuyen en tres plantas, expuestas en siete salas tem\u00e1ticas. Entre las obras de arte se encuentran las obras de artistas famosos como Vincent van Gogh, Claude Monet y Egon Schiele.<\/p>\n<p>La obra maestra es, sin duda, la colecci\u00f3n de Klimt m\u00e1s grande del mundo, que consta de m\u00e1s de veinte obras, incluida la obra maestra mundialmente famosa de Gustav Klimt, \u00abEl beso\u00bb.<\/p>\n<p>Tambi\u00e9n vale la pena ver los magn\u00edficos y ricamente amueblados salones del Upper Belvedere. Lo m\u00e1s destacado es el Sal\u00f3n de M\u00e1rmol, cuyo balc\u00f3n con vistas a Canaletto ofrece la que es probablemente la vista m\u00e1s famosa de Viena. El Tratado de Estado de Austria tambi\u00e9n se firm\u00f3 aqu\u00ed en 1955, con el que se restaur\u00f3 la soberan\u00eda de Austria.<\/p>\n<h2 id=\"t-1669888547957\" style=\"\">Bajo Belvedere<\/h2>\n<p><span><img decoding=\"async\" alt=\"Unteres Belvedere in Vienna in Austria\" data-id=\"1854\" width=\"885\" data-init-width=\"1000\" height=\"590\" data-init-height=\"667\" title=\"Unteres Belvedere in Vienna in Austria\" loading=\"lazy\" src=\"\/\/viennatouristinformation.com\/es\/wp-content\/uploads\/2020\/09\/Unteres-Belvedere.jpg\" data-width=\"885\" data-height=\"590\" data-pin-media=\"https:\/\/viennatouristinformation.com\/es\/wp-content\/uploads\/2021\/01\/wien_pinterest_schloss_belvedere-2.jpg\" data-pin-description=\"Palacio Belvedere en Viena: exposici\u00f3n, entrada e historia\" data-pin-url=\"https:\/\/viennatouristinformation.com\/es\/cosas-que-hacer\/castillos\/belvedere\/?tve=true&amp;tcbf=d5716ea3f9\" data-pinpro-key=\"z7nb1qhgb\" style=\"aspect-ratio: auto 1000 \/ 667;\"><\/span><\/p>\n<p>El Bajo Belvedere es la antigua residencia del constructor Pr\u00edncipe Eugenio. Construido entre 1714 y 1716, fue ocupado por el pr\u00edncipe Eugenio, especialmente en verano.<\/p>\n<p>Hoy en d\u00eda, en el Bajo Belvedere se presentan exhibiciones de pinturas y gr\u00e1ficos de los siglos XVII y XVIII. Tambi\u00e9n hay exposiciones temporales de artistas de diferentes \u00e9pocas.<\/p>\n<p>En los magn\u00edficos establos, donde una vez se alojaron los caballos personales del pr\u00edncipe Eugenio, los visitantes ahora pueden echar un vistazo a los valiosos tesoros de la Edad Media.<\/p>\n<p>Tambi\u00e9n vale la pena mencionar el Gabinete de Oro, decorado con espejos y porcelana, el Sal\u00f3n de M\u00e1rmol de dos pisos, decorado con impresionantes relieves en las paredes, pinturas y esculturas en el techo, y el Sal\u00f3n Grotesco, decorado con pinturas grotescas.<\/p>\n<p>Las exhibiciones y los eventos especiales se llevan a cabo en el Orangery, que originalmente sirvi\u00f3 como un invernadero climatizado para naranjos. Funciona como una moderna sala de exposiciones desde 2007 y est\u00e1 dise\u00f1ado en forma de cubo blanco.<\/p>\n<p><strong>Tenga en cuenta:<\/strong> Se espera que el Belvedere Inferior est\u00e9 cerrado hasta el verano de 2021 por trabajos de renovaci\u00f3n.<\/p>\n<h2 id=\"t-1669888547958\" style=\"\">Mirador 21<\/h2>\n<p><span><img decoding=\"async\" alt=\"Belvedere 21 in Vienna in Austria\" data-id=\"997\" width=\"885\" data-init-width=\"1000\" height=\"590\" data-init-height=\"667\" title=\"Belvedere 21 in Vienna in Austria\" loading=\"lazy\" src=\"\/\/viennatouristinformation.com\/es\/wp-content\/uploads\/2020\/07\/Belvedere-21-in-Vienna-in-Austria.jpg\" data-width=\"885\" data-height=\"590\" data-pin-media=\"https:\/\/viennatouristinformation.com\/es\/wp-content\/uploads\/2021\/01\/wien_pinterest_schloss_belvedere-2.jpg\" data-pin-description=\"Palacio Belvedere en Viena: exposici\u00f3n, entrada e historia\" data-pin-url=\"https:\/\/viennatouristinformation.com\/es\/cosas-que-hacer\/castillos\/belvedere\/?tve=true&amp;tcbf=d5716ea3f9\" data-pinpro-key=\"rzo24durn\" style=\"aspect-ratio: auto 1000 \/ 667;\"><\/span><\/p>\n<p>El conjunto del palacio se complementa con el Belvedere 21, un pabell\u00f3n creado originalmente como el Pabell\u00f3n de Austria para la Exposici\u00f3n Universal de Bruselas de 1958. Con su dise\u00f1o inusual, el edificio es considerado un \u00edcono arquitect\u00f3nico del modernismo de posguerra.<\/p>\n<p>Hoy en d\u00eda, los visitantes del Belvedere 21 pueden admirar el arte, el cine y la m\u00fasica contempor\u00e1neos austriacos e internacionales. En el jard\u00edn de esculturas se presentan obras de artistas de renombre internacional.<\/p>\n<h2 id=\"t-1669888547959\" style=\"\">Exposiciones en el Palacio de Belvedere<\/h2>\n<p><span><img decoding=\"async\" alt=\"Austellungen im Schloss Belvedere in Vienna in Austria\" data-id=\"1855\" width=\"885\" data-init-width=\"1000\" height=\"590\" data-init-height=\"667\" title=\"Austellungen im Schloss Belvedere in Vienna in Austria\" loading=\"lazy\" src=\"\/\/viennatouristinformation.com\/es\/wp-content\/uploads\/2020\/09\/Austellungen-im-Schloss-Belvedere.jpg\" data-width=\"885\" data-height=\"590\" data-pin-media=\"https:\/\/viennatouristinformation.com\/es\/wp-content\/uploads\/2021\/01\/wien_pinterest_schloss_belvedere-2.jpg\" data-pin-description=\"Palacio Belvedere en Viena: exposici\u00f3n, entrada e historia\" data-pin-url=\"https:\/\/viennatouristinformation.com\/es\/cosas-que-hacer\/castillos\/belvedere\/?tve=true&amp;tcbf=d5716ea3f9\" data-pinpro-key=\"7rvlpohzt\" style=\"aspect-ratio: auto 1000 \/ 667;\"><\/span><\/p>\n<p>Las exhibiciones actuales y una vista previa de los pr\u00f3ximos eventos se pueden encontrar en el <a href=\"https:\/\/www.belvedere.at\/ausstellungen-aktuell\" rel=\"noopener\" target=\"_blank\">sitio web<\/a> del Palacio de Belvedere .<\/p>\n<p><strong>Tenga en cuenta:<\/strong> dependiendo de sus intereses, puede comprar boletos individuales para Upper Belvedere, Lower Belvedere y Belvedere 21, o puede usar el boleto combinado \u00abBelvedere Ticket\u00bb para obtener acceso a Upper Belvedere y Lower Belvedere\/ Orangery\/ Palace Stables y el Chamber Garden para respaldar.<\/p>\n<h2 id=\"t-1669888547960\" style=\"\">Jard\u00edn en Palacio de Belvedere<\/h2>\n<p><span><img decoding=\"async\" alt=\"Schlossgarten Belvedere mit dem Botanischen Garten\" data-id=\"2024\" width=\"885\" data-init-width=\"1000\" height=\"590\" data-init-height=\"667\" title=\"Schlossgarten Belvedere mit dem Botanischen Garten\" loading=\"lazy\" src=\"\/\/viennatouristinformation.com\/es\/wp-content\/uploads\/2020\/09\/Schlossgarten-Belvedere-mit-dem-Botanischen-Garten.jpg\" data-width=\"885\" data-height=\"590\" data-pin-media=\"https:\/\/viennatouristinformation.com\/es\/wp-content\/uploads\/2021\/01\/wien_pinterest_schloss_belvedere-2.jpg\" data-pin-description=\"Palacio Belvedere en Viena: exposici\u00f3n, entrada e historia\" data-pin-url=\"https:\/\/viennatouristinformation.com\/es\/cosas-que-hacer\/castillos\/belvedere\/?tve=true&amp;tcbf=d5716ea3f9\" data-pinpro-key=\"kxvp8wigg\" style=\"aspect-ratio: auto 1000 \/ 667;\"><\/span><\/p>\n<p>El jard\u00edn barroco del castillo de 1725 forma una unidad armoniosa con los dos castillos y fue declarado Patrimonio de la Humanidad por la UNESCO.<\/p>\n<p>En el jard\u00edn principal, los visitantes encontrar\u00e1n las caracter\u00edsticas t\u00edpicas de un jard\u00edn barroco, como arreglos florales sim\u00e9tricos, estanques de agua, descansos y escaleras, y setos ornamentados. En el lado sur del Alto Belvedere, un estanque crea una duplicaci\u00f3n visual de la fachada del palacio.<\/p>\n<p>Los Jardines de Belvedere incluyen otros peque\u00f1os parques y jardines. El Kammergarten, al oeste del Bajo Belvedere, es el antiguo jard\u00edn privado del Pr\u00edncipe Eugenio. El jard\u00edn alpino m\u00e1s antiguo de Europa tambi\u00e9n se encuentra en el complejo del palacio y alberga una valiosa colecci\u00f3n hist\u00f3rica de plantas alpinas de los Jardines Federales. En el jard\u00edn de esculturas de Belvedere 21 se exhiben obras de artistas de renombre internacional. El jard\u00edn bot\u00e1nico, fundado en 1754 por Maria Theresia, deleita a los visitantes con 12.000 especies de plantas de los seis continentes.<\/p>\n<h2 id=\"t-1669888547961\" style=\"\">El pr\u00edncipe Eugenio y la historia<\/h2>\n<p><span><img decoding=\"async\" alt=\"Prince Eugene in Vienna in Austria\" data-id=\"998\" width=\"885\" data-init-width=\"1000\" height=\"590\" data-init-height=\"667\" title=\"Prince Eugene in Vienna in Austria\" loading=\"lazy\" src=\"\/\/viennatouristinformation.com\/es\/wp-content\/uploads\/2020\/07\/Prince-Eugene-in-Vienna-in-Austria.jpg\" data-width=\"885\" data-height=\"590\" data-pin-media=\"https:\/\/viennatouristinformation.com\/es\/wp-content\/uploads\/2021\/01\/wien_pinterest_schloss_belvedere-2.jpg\" data-pin-description=\"Palacio Belvedere en Viena: exposici\u00f3n, entrada e historia\" data-pin-url=\"https:\/\/viennatouristinformation.com\/es\/cosas-que-hacer\/castillos\/belvedere\/?tve=true&amp;tcbf=d5716ea3f9\" data-pinpro-key=\"titl1nr9s\" style=\"aspect-ratio: auto 1000 \/ 667;\"><\/span><\/p>\n<p>El Palacio Belvedere fue construido por el pr\u00edncipe Eugenio de Saboya a principios del siglo XVIII.<\/p>\n<p>Debido a sus \u00e9xitos militares, el pr\u00edncipe Eugenio de Saboya (1663-1736) fue uno de los generales m\u00e1s importantes del Imperio de los Habsburgo. Despu\u00e9s de entrar al servicio de los Habsburgo en 1683, ascendi\u00f3 r\u00e1pidamente hasta convertirse en el comandante supremo del ej\u00e9rcito imperial y gan\u00f3 fama y gloria durante la Guerra de Turqu\u00eda y la Guerra de Sucesi\u00f3n espa\u00f1ola. Su mayor logro fue la captura de Belgrado.<\/p>\n<p>Como general y diplom\u00e1tico exitoso, desempe\u00f1\u00f3 un papel clave en la configuraci\u00f3n de la pol\u00edtica austriaca, pero como coleccionista de arte y mecenas, tambi\u00e9n dio forma al arte y la cultura del pa\u00eds.<\/p>\n<p>El respetado arquitecto barroco Johann Lucas von Hildebrandt recibi\u00f3 el encargo de construir el palacio de verano. Bajo \u00e9l se cre\u00f3 un hermoso complejo palaciego barroco, en el que los dos palacios, el Alto Belvedere y el Bajo Belvedere, est\u00e1n conectados por un jard\u00edn.<\/p>\n<p>El Palacio Belvedere se ha utilizado para presentar arte desde que se construy\u00f3. El pr\u00edncipe Eugen vivi\u00f3 en el Bajo Belvedere, mientras que el edificio superior ten\u00eda una funci\u00f3n representativa. Despu\u00e9s de la muerte del pr\u00edncipe Eugenio de Saboya, la emperatriz Mar\u00eda Teresa adquiri\u00f3 Belvedere e hizo accesible al p\u00fablico gran parte de la colecci\u00f3n imperial en el Alto Belvedere.<\/p>\n<p>Muchos tesoros esperan ser descubiertos por los visitantes en ambos edificios. Adem\u00e1s de las muchas colecciones, el edificio impresiona con sus salas hist\u00f3ricas, especialmente la Sala de M\u00e1rmol con su maravillosa vista, la puerta principal al Alto Belvedere, la Sala de los Espejos, la escalera, la Sala Terrena (sala del jard\u00edn) y por supuesto el jard\u00edn barroco.<\/p>\n<h2 id=\"t-1669888547962\" style=\"\"><strong>Contacto<\/strong><\/h2>\n<ul>\n<li><strong>Direcci\u00f3n:<\/strong> Prinz Eugen-Strasse 27, 1030 Viena<\/li>\n<li><strong>Metro:<\/strong> Upper Belvedere: S\u00fcdtiroler Platz \/ Hauptbahnhof + 15 minutos a pie; Bajo Belvedere: Gu\u00dfhaustrasse<\/li>\n<li><strong>Horario de apertura:<\/strong> los horarios de apertura actuales de los edificios individuales se pueden encontrar en el <a href=\"https:\/\/www.belvedere.at\/besuch\" rel=\"noopener\" target=\"_blank\">sitio web<\/a> del Palacio de Belvedere .<\/li>\n<\/ul>\n<h3 style=\"\" id=\"t-1686571213368\"><strong>ART\u00cdCULOS RELACIONADOS<\/strong><\/h3>\n<p><a href=\"https:\/\/viennatouristinformation.com\/es\/cosas-que-hacer\/puntos-de-vista\/\" dynamic-postlink=\"tcb_post_the_permalink\" data-shortcode-id=\"1253\"><\/a><\/p>\n<h2 style=\"padding-top: 0px !important; margin-top: 0px !important; text-align: center;\" id=\"t-1686745336198\" data-hide=\"true\"><span data-shortcode=\"tcb_post_title\" data-shortcode-name=\"Post title\" data-extra_key=\"\" data-attr-link=\"1\" data-attr-target=\"0\" data-attr-rel=\"0\" data-option-inline=\"1\" data-attr-static-link=\"{&quot;className&quot;:&quot;&quot;,&quot;href&quot;:&quot;https:\/\/viennatouristinformation.com\/es\/cosas-que-hacer\/museo\/&quot;,&quot;title&quot;:&quot;30 Museos m\u00e1s importantes de Viena&quot;,&quot;class&quot;:&quot;&quot;}\" data-attr-css=\"\"><a href=\"https:\/\/viennatouristinformation.com\/es\/cosas-que-hacer\/puntos-de-vista\/\" title=\"10 Mejores puntos de vista de Viena\" data-css=\"\">10 Mejores puntos de vista de Viena<\/a><\/span><\/h2>\n<p><a href=\"https:\/\/viennatouristinformation.com\/es\/cosas-que-hacer\/castillos\/\" dynamic-postlink=\"tcb_post_the_permalink\" data-shortcode-id=\"1253\"><\/a><\/p>\n<h2 style=\"padding-top: 0px !important; margin-top: 0px !important; text-align: center;\" id=\"t-1686745336198\" data-hide=\"true\"><span data-shortcode=\"tcb_post_title\" data-shortcode-name=\"Post title\" data-extra_key=\"\" data-attr-link=\"1\" data-attr-target=\"0\" data-attr-rel=\"0\" data-option-inline=\"1\" data-attr-static-link=\"{&quot;className&quot;:&quot;&quot;,&quot;href&quot;:&quot;https:\/\/viennatouristinformation.com\/es\/cosas-que-hacer\/museo\/&quot;,&quot;title&quot;:&quot;30 Museos m\u00e1s importantes de Viena&quot;,&quot;class&quot;:&quot;&quot;}\" data-attr-css=\"\"><a href=\"https:\/\/viennatouristinformation.com\/es\/cosas-que-hacer\/castillos\/\" title=\"10 Castillos m\u00e1s bonitos de Viena\" data-css=\"\">10 Castillos m\u00e1s bonitos de Viena<\/a><\/span><\/h2>\n<p><a href=\"https:\/\/viennatouristinformation.com\/es\/cosas-que-hacer\/theatros\/\" dynamic-postlink=\"tcb_post_the_permalink\" data-shortcode-id=\"1253\"><\/a><\/p>\n<h2 style=\"padding-top: 0px !important; margin-top: 0px !important; text-align: center;\" id=\"t-1686745336198\" data-hide=\"true\"><span data-shortcode=\"tcb_post_title\" data-shortcode-name=\"Post title\" data-extra_key=\"\" data-attr-link=\"1\" data-attr-target=\"0\" data-attr-rel=\"0\" data-option-inline=\"1\" data-attr-static-link=\"{&quot;className&quot;:&quot;&quot;,&quot;href&quot;:&quot;https:\/\/viennatouristinformation.com\/es\/cosas-que-hacer\/museo\/&quot;,&quot;title&quot;:&quot;30 Museos m\u00e1s importantes de Viena&quot;,&quot;class&quot;:&quot;&quot;}\" data-attr-css=\"\"><a href=\"https:\/\/viennatouristinformation.com\/es\/cosas-que-hacer\/theatros\/\" title=\"15 Teatros en Viena\" data-css=\"\">15 Teatros en Viena<\/a><\/span><\/h2>\n<p><a href=\"https:\/\/viennatouristinformation.com\/es\/cosas-que-hacer\/iglesias\/\" dynamic-postlink=\"tcb_post_the_permalink\" data-shortcode-id=\"1253\"><\/a><\/p>\n<h2 style=\"padding-top: 0px !important; margin-top: 0px !important; text-align: center;\" id=\"t-1686745336198\" data-hide=\"true\"><span data-shortcode=\"tcb_post_title\" data-shortcode-name=\"Post title\" data-extra_key=\"\" data-attr-link=\"1\" data-attr-target=\"0\" data-attr-rel=\"0\" data-option-inline=\"1\" data-attr-static-link=\"{&quot;className&quot;:&quot;&quot;,&quot;href&quot;:&quot;https:\/\/viennatouristinformation.com\/es\/cosas-que-hacer\/museo\/&quot;,&quot;title&quot;:&quot;30 Museos m\u00e1s importantes de Viena&quot;,&quot;class&quot;:&quot;&quot;}\" data-attr-css=\"\"><a href=\"https:\/\/viennatouristinformation.com\/es\/cosas-que-hacer\/iglesias\/\" title=\"12 Iglesias m\u00e1s bellas de Viena\" data-css=\"\">12 Iglesias m\u00e1s bellas de Viena<\/a><\/span><\/h2>\n","protected":false},"excerpt":{"rendered":"<p>El majestuoso Palacio Belvedere del siglo XVIII es la antigua residencia de verano del general austr\u00edaco, el pr\u00edncipe Eugenio de Saboya. Es uno de los lugares m\u00e1s populares de Viena. El palacio barroco consta de dos palacios separados, el Bajo Belvedere y el Alto Belvedere. El conjunto del castillo de cuento de hadas se completa [&hellip;]<\/p>\n","protected":false},"author":3,"featured_media":1852,"parent":1247,"menu_order":0,"comment_status":"closed","ping_status":"closed","template":"","meta":{"footnotes":""},"tags":[],"class_list":["post-819","page","type-page","status-publish","has-post-thumbnail","hentry","post-wrapper","thrv_wrapper"],"_links":{"self":[{"href":"https:\/\/viennatouristinformation.com\/es\/wp-json\/wp\/v2\/pages\/819","targetHints":{"allow":["GET"]}}],"collection":[{"href":"https:\/\/viennatouristinformation.com\/es\/wp-json\/wp\/v2\/pages"}],"about":[{"href":"https:\/\/viennatouristinformation.com\/es\/wp-json\/wp\/v2\/types\/page"}],"author":[{"embeddable":true,"href":"https:\/\/viennatouristinformation.com\/es\/wp-json\/wp\/v2\/users\/3"}],"replies":[{"embeddable":true,"href":"https:\/\/viennatouristinformation.com\/es\/wp-json\/wp\/v2\/comments?post=819"}],"version-history":[{"count":0,"href":"https:\/\/viennatouristinformation.com\/es\/wp-json\/wp\/v2\/pages\/819\/revisions"}],"up":[{"embeddable":true,"href":"https:\/\/viennatouristinformation.com\/es\/wp-json\/wp\/v2\/pages\/1247"}],"wp:featuredmedia":[{"embeddable":true,"href":"https:\/\/viennatouristinformation.com\/es\/wp-json\/wp\/v2\/media\/1852"}],"wp:attachment":[{"href":"https:\/\/viennatouristinformation.com\/es\/wp-json\/wp\/v2\/media?parent=819"}],"wp:term":[{"taxonomy":"post_tag","embeddable":true,"href":"https:\/\/viennatouristinformation.com\/es\/wp-json\/wp\/v2\/tags?post=819"}],"curies":[{"name":"wp","href":"https:\/\/api.w.org\/{rel}","templated":true}]}}