{"id":822,"date":"2020-07-10T08:33:53","date_gmt":"2020-07-10T06:33:53","guid":{"rendered":"http:\/\/viennatouristinformation.com\/es\/?page_id=822"},"modified":"2023-06-14T14:16:34","modified_gmt":"2023-06-14T12:16:34","slug":"prater","status":"publish","type":"page","link":"https:\/\/viennatouristinformation.com\/es\/cosas-que-hacer\/atracciones\/prater\/","title":{"rendered":"Prater en Viena: Principales atracciones, entrada e historia"},"content":{"rendered":"<h2 id=\"t-1669896163872\" data-hide=\"true\">El Prater de Viena en el coraz\u00f3n de la ciudad es una <a href=\"https:\/\/viennatouristinformation.com\/es\/cosas-que-hacer\/\" style=\"outline: none;\">de las atracciones m\u00e1s populares de Viena<\/a> .<\/h2>\n<p>Como el parque de atracciones m\u00e1s antiguo del mundo, ofrece la m\u00e1xima diversi\u00f3n, especialmente con el Wurstelprater, que existe desde principios del siglo XIX.<\/p>\n<p>Sin embargo, el s\u00edmbolo de Viena es mucho m\u00e1s que un parque de aventuras. En los m\u00e1s de seis kil\u00f3metros cuadrados del Prater tambi\u00e9n se encuentran el \u00abPrater Verde\u00bb, una popular zona de recreo, as\u00ed como un planetario y una instalaci\u00f3n deportiva.<\/p>\n<p style=\"\"><strong>Otros art\u00edculos recomendados:<\/strong><\/p>\n<ul>\n<li><a href=\"https:\/\/viennatouristinformation.com\/es\/cosas-que-hacer\/10-mejores\/\" style=\"outline: none;\">Las 10 mejores cosas que hacer en Viena<\/a><\/li>\n<li><a href=\"https:\/\/viennatouristinformation.com\/es\/hoteles\/\" style=\"outline: none;\">Los hoteles mejor recomendados en Viena<\/a><\/li>\n<li><a href=\"https:\/\/viennatouristinformation.com\/es\/cosas-que-hacer\/atracciones\/\">Atracciones excepcionales en Viena<\/a><\/li>\n<li><a href=\"https:\/\/viennatouristinformation.com\/es\/comida\/\">Los mejores restaurantes de Viena<\/a><\/li>\n<li><a href=\"https:\/\/viennatouristinformation.com\/es\/compras\/\" style=\"outline: none;\">Compras en Viena<\/a><\/li>\n<li><a href=\"https:\/\/viennatouristinformation.com\/es\/plan\/transporte-publico\/\">Transporte p\u00fablico en Viena<\/a><\/li>\n<\/ul>\n<h2 id=\"t-1669896163873\" style=\"\">Atracciones en el Prater<\/h2>\n<p><span><img decoding=\"async\" alt=\"Attraktionen im Prater\" data-id=\"1939\" width=\"885\" data-init-width=\"1000\" height=\"590\" data-init-height=\"667\" title=\"Attraktionen im Prater\" loading=\"lazy\" src=\"\/\/viennatouristinformation.com\/es\/wp-content\/uploads\/2020\/09\/Attraktionen-im-Prater.jpg\" data-width=\"885\" data-height=\"590\" data-pin-media=\"https:\/\/viennatouristinformation.com\/es\/wp-content\/uploads\/2021\/01\/wien_pinterest_prater-2.jpg\" data-pin-description=\"Prater en Viena 2023 - Vienna Tourist Information\" data-pin-url=\"https:\/\/viennatouristinformation.com\/es\/cosas-que-hacer\/atracciones\/prater\/?tve=true&amp;tcbf=d5716ea3f9\" data-pinpro-key=\"0jnoh4v4z\" style=\"aspect-ratio: auto 1000 \/ 667;\"><\/span><\/p>\n<p>El Prater de Viena tiene m\u00e1s de 250 atracciones. Aunque la temporada va de marzo a octubre, el Prater y muchas <a href=\"https:\/\/viennatouristinformation.com\/es\/cosas-que-hacer\/atracciones\/\" style=\"outline: none;\">atracciones<\/a> , incluida la <a href=\"https:\/\/viennatouristinformation.com\/es\/cosas-que-hacer\/atracciones\/rueda-de-la-fortuna\/\" style=\"outline: none;\">Wiener Riesenrad<\/a> , est\u00e1n abiertas todo el a\u00f1o.<\/p>\n<p>Las numerosas y espectaculares atracciones del recinto ferial, como carruseles, galer\u00edas de tiro y lanzamiento de pelotas, trenes fantasma y monta\u00f1as rusas, as\u00ed como pistas de aut\u00f3dromos, han ofrecido diversi\u00f3n, aventura y entretenimiento a j\u00f3venes y mayores durante d\u00e9cadas.<\/p>\n<h2 id=\"t-1669896163874\" style=\"\">Die Top 10 Highlights im Prater:<\/h2>\n<p><span><img decoding=\"async\" alt=\"Die Top 10 Highlights im Prater\" data-id=\"1940\" width=\"885\" data-init-width=\"1000\" height=\"590\" data-init-height=\"667\" title=\"Die Top 10 Highlights im Prater\" loading=\"lazy\" src=\"\/\/viennatouristinformation.com\/es\/wp-content\/uploads\/2020\/09\/Die-Top-10-Highlights-im-Prater.jpg\" data-width=\"885\" data-height=\"590\" data-pin-media=\"https:\/\/viennatouristinformation.com\/es\/wp-content\/uploads\/2021\/01\/wien_pinterest_prater-2.jpg\" data-pin-description=\"Prater en Viena 2023 - Vienna Tourist Information\" data-pin-url=\"https:\/\/viennatouristinformation.com\/es\/cosas-que-hacer\/atracciones\/prater\/?tve=true&amp;tcbf=d5716ea3f9\" data-pinpro-key=\"2x2ydjai2\" style=\"aspect-ratio: auto 1000 \/ 667;\"><\/span><\/p>\n<ol type=\"1\">\n<li><strong>Riesenrad:<\/strong> El principal atractivo del Prater es sin duda el Wiener Riesenrad. Es uno de los s\u00edmbolos de Viena. Durante el viaje de 15 minutos, los visitantes pueden disfrutar de una vista incomparable de Viena desde una altura de casi 65 metros.<\/li>\n<li><strong>Carrusel de cadenas Prater Turm<\/strong> : Con 117 metros, el carrusel de cadenas Prater Turm es el carrusel de cadenas m\u00e1s alto del mundo. Los visitantes \u201cvuelan\u201d por el aire a 60 km\/h.<\/li>\n<li><strong>Madame Tussauds:<\/strong> La sucursal vienesa del famoso museo de cera Madam Tussauds se encuentra en el Prater desde 2011. Marav\u00edllate con estrellas internacionales y austriacos famosos, como la emperatriz Sisi, Falko, Sigmund Freud y Mozart.<\/li>\n<li><strong>Skull Rock &#8211; Bane of the Pirates:<\/strong> Esta nueva atracci\u00f3n promete poner la piel de gallina. El viaje de 6 minutos en el tren fantasma se convierte en una emocionante aventura pirata con emocionantes sorpresas y efectos.<\/li>\n<li><strong>Black Mamba:<\/strong> Black Mamba catapulta a los visitantes por los aires a 80 km\/h para una descarga de adrenalina.<\/li>\n<li><strong>Hotel Psycho:<\/strong> otra atracci\u00f3n popular es el tren fantasma Hotel Psychof, que ofrece emociones y diversi\u00f3n espeluznante.<\/li>\n<li><strong>Liliputbahn:<\/strong> Para los amantes de los trenes, Liliputbahn con sus vagones abiertos es definitivamente una experiencia especial, porque diferentes locomotoras, incluidas las locomotoras de vapor, recorren la ruta de 4 km de largo.<\/li>\n<li><strong>Volare:<\/strong> Esta monta\u00f1a rusa es algo para los valientes, porque en el extraordinario viaje, los visitantes se deslizan a trav\u00e9s de la pista de 420 m de largo, acostados de cabeza sobre su est\u00f3mago.<\/li>\n<li><strong>Wildalpenbahn:<\/strong> un refrescante paseo por un amplio barranco ofrece diversi\u00f3n y, a veces, tambi\u00e9n frescura para toda la familia.<\/li>\n<li><strong>Boomerang:<\/strong> \u00a1Esta monta\u00f1a rusa lo tiene todo! En la pista circular, los visitantes no solo viajan hacia adelante, sino tambi\u00e9n hacia atr\u00e1s.<\/li>\n<\/ol>\n<h2 id=\"t-1669896163875\" style=\"\">Comer en el Prater<\/h2>\n<p><span><img decoding=\"async\" alt=\"Essen im Prater\" data-id=\"1941\" width=\"885\" data-init-width=\"1000\" height=\"590\" data-init-height=\"667\" title=\"Essen im Prater\" loading=\"lazy\" src=\"\/\/viennatouristinformation.com\/es\/wp-content\/uploads\/2020\/09\/Essen-im-Prater.jpg\" data-width=\"885\" data-height=\"590\" data-pin-media=\"https:\/\/viennatouristinformation.com\/es\/wp-content\/uploads\/2021\/01\/wien_pinterest_prater-2.jpg\" data-pin-description=\"Prater en Viena 2023 - Vienna Tourist Information\" data-pin-url=\"https:\/\/viennatouristinformation.com\/es\/cosas-que-hacer\/atracciones\/prater\/?tve=true&amp;tcbf=d5716ea3f9\" data-pinpro-key=\"6atasc3bc\" style=\"aspect-ratio: auto 1000 \/ 667;\"><\/span><\/p>\n<p>Numerosos caf\u00e9s, puestos de comida y restaurantes en el Prater se ocupan de su bienestar f\u00edsico. Desde puestos de salchichas vienesas hasta cenas elegantes, hay algo para todos los gustos. &nbsp;<\/p>\n<p>Se recomienda especialmente el Schweizerhaus, que sirve cocina t\u00edpica austriaca. La posada tradicional con la enorme taberna al aire libre es mejor conocida por sus abundantes platos, como el Schweizerhaus Stelze.<\/p>\n<h2 id=\"t-1669896163876\" style=\"\">Vida nocturna en el Prater<\/h2>\n<p><span><img decoding=\"async\" alt=\"Nightlife in Prater in Vienna in Ausria\" data-id=\"865\" width=\"885\" data-init-width=\"1000\" height=\"590\" data-init-height=\"667\" title=\"Nightlife in Prater in Vienna in Ausria\" loading=\"lazy\" src=\"\/\/viennatouristinformation.com\/es\/wp-content\/uploads\/2020\/07\/Nightlife-in-Prater.jpg\" data-width=\"885\" data-height=\"590\" data-pin-media=\"https:\/\/viennatouristinformation.com\/es\/wp-content\/uploads\/2021\/01\/wien_pinterest_prater-2.jpg\" data-pin-description=\"Prater en Viena 2023 - Vienna Tourist Information\" data-pin-url=\"https:\/\/viennatouristinformation.com\/es\/cosas-que-hacer\/atracciones\/prater\/?tve=true&amp;tcbf=d5716ea3f9\" data-pinpro-key=\"4dx92liwn\" style=\"aspect-ratio: auto 1000 \/ 667;\"><\/span><\/p>\n<p>El Prater alberga el Praterdome, el club nocturno m\u00e1s grande de Austria y uno de los <a href=\"https:\/\/viennatouristinformation.com\/es\/la-vida-nocturna\/\" style=\"outline: none;\">lugares m\u00e1s de moda en Viena<\/a> .<\/p>\n<p>Todos los jueves, viernes y s\u00e1bados puede esperar no solo un animado ambiente de fiesta, sino tambi\u00e9n un ambiente exclusivo. El imponente edificio en Riesenradplatz ofrece 12 bares tem\u00e1ticos y cuatro pistas de baile en dos plantas, donde puedes divertirte toda la noche con la m\u00fasica m\u00e1s actual.<\/p>\n<p>Un espect\u00e1culo especial espera a los visitantes a la medianoche, cuando las paredes entre las dos pistas de baile principales se elevan con el acompa\u00f1amiento de sonidos futuristas y un espect\u00e1culo de l\u00e1ser.<\/p>\n<h2 id=\"t-1669896163877\">Prater Card y Prater Highlights<\/h2>\n<ul>\n<li><strong>Pratercard:<\/strong> Con la \u00abPratercard\u00bb los visitantes pueden pagar sin efectivo en las atracciones participantes y restaurantes seleccionados en el Prater. En algunas atracciones, al titular de la tarjeta tambi\u00e9n se le ofrece un descuento en la tarifa. La Pratercard se puede pedir en l\u00ednea con el cr\u00e9dito deseado y recargar despu\u00e9s de que se haya agotado el cr\u00e9dito.<\/li>\n<\/ul>\n<ul>\n<li><strong>Prater Highlights:<\/strong> los titulares de la tarjeta \u00abPrater Highlights\u00bb disfrutan de entrada gratuita a 20 atracciones en el Prater, incluidos Wiener Riesenrad, Madame Tussauds, Liliputbahn y Vienna Flight. Tambi\u00e9n recibir\u00e1n un folleto de bonificaci\u00f3n con descuentos. Precio: 45\u20ac<\/li>\n<\/ul>\n<h2 id=\"t-1669896163878\" style=\"\">Historia<\/h2>\n<p><span><img decoding=\"async\" alt=\"Geschichte in Vienna in Austria\" data-id=\"1942\" width=\"885\" data-init-width=\"1000\" height=\"590\" data-init-height=\"667\" title=\"Geschichte in Vienna in Austria\" loading=\"lazy\" src=\"\/\/viennatouristinformation.com\/es\/wp-content\/uploads\/2020\/09\/Geschichte-4.jpg\" data-width=\"885\" data-height=\"590\" data-pin-media=\"https:\/\/viennatouristinformation.com\/es\/wp-content\/uploads\/2021\/01\/wien_pinterest_prater-2.jpg\" data-pin-description=\"Prater en Viena 2023 - Vienna Tourist Information\" data-pin-url=\"https:\/\/viennatouristinformation.com\/es\/cosas-que-hacer\/atracciones\/prater\/?tve=true&amp;tcbf=d5716ea3f9\" data-pinpro-key=\"dlcvdfauf\" style=\"aspect-ratio: auto 1000 \/ 667;\"><\/span><\/p>\n<p>El Prater se hizo accesible a todos los vieneses el 7 de abril de 1766 por el emperador Jos\u00e9 II. Anteriormente estaba reservado a la nobleza como coto de caza imperial y de paseo. Al mismo tiempo, el Emperador tambi\u00e9n aprob\u00f3 la construcci\u00f3n de puestos de restauraci\u00f3n. Con la construcci\u00f3n de los primeros puestos se instalaron cada vez m\u00e1s posaderos, cafeteros y Lebzelter, seguidos de la construcci\u00f3n de columpios, tiovivos y boleras. As\u00ed fue como se desarroll\u00f3 gradualmente el precursor del Wurstelprater actual.<\/p>\n<p>El apogeo del Prater comenz\u00f3 con la Exposici\u00f3n Universal de 1873 celebrada en Viena. Para ello se habilit\u00f3 en el Prater un gran espacio con salas de exposiciones, cuyo centro era una rotonda de 84 metros de altura. Sin embargo, se quem\u00f3 por completo en 1937. Hoy puede encontrar el edificio principal de la Feria Comercial de Viena en el lugar.<\/p>\n<p>Con la construcci\u00f3n del \u00e1rea de entretenimiento \u00abVenedig in Wien\u00bb en 1895, en medio de la cual se construy\u00f3 el Wiener Riesenrad dos a\u00f1os despu\u00e9s, el Prater se convirti\u00f3 cada vez m\u00e1s en un lugar de entretenimiento. Los teatros de marionetas, los gabinetes de curiosidades as\u00ed como los showmen y las atracciones de feria eran muy populares entre el p\u00fablico. Le sigui\u00f3 el Liliputbahn en 1928 y el primer tren fantasma del mundo en 1933.<\/p>\n<p>Durante la Segunda Guerra Mundial, sin embargo, el Prater no se salv\u00f3 de los bombardeos. Sin embargo, gracias a iniciativas privadas, se pudo reconstruir despu\u00e9s de 1945.<\/p>\n<p>Numerosas atracciones y bares nuevos y modernos se agregaron en los a\u00f1os siguientes y convirtieron al Prater en uno de los lugares m\u00e1s populares y visitados de Viena con alrededor de 5,2 millones de visitantes al a\u00f1o.<\/p>\n<h2 id=\"t-1669896163879\" style=\"\">Contacto<\/h2>\n<ul>\n<li><strong>Direcci\u00f3n:<\/strong> Prater, 1020 Viena<\/li>\n<li><strong>Metro:<\/strong> Praterstern o Messe-Prater<\/li>\n<li><strong>Horario:<\/strong> El Prater est\u00e1 abierto las 24 horas del d\u00eda, durante todo el a\u00f1o. Los horarios de apertura de las respectivas atracciones pueden variar.<\/li>\n<\/ul>\n<h3 style=\"\" id=\"t-1686571213368\"><strong>ART\u00cdCULOS RELACIONADOS<\/strong><\/h3>\n<p><a href=\"https:\/\/viennatouristinformation.com\/es\/cosas-que-hacer\/atracciones\/rueda-de-la-fortuna\/\" dynamic-postlink=\"tcb_post_the_permalink\" data-shortcode-id=\"827\"><\/a><\/p>\n<h2 style=\"padding-top: 0px !important; margin-top: 0px !important; text-align: center;\" id=\"t-1686744853153\" data-hide=\"true\"><span data-shortcode=\"tcb_post_title\" data-shortcode-name=\"Post title\" data-extra_key=\"\" data-attr-link=\"1\" data-attr-target=\"0\" data-attr-rel=\"0\" data-option-inline=\"1\" data-attr-static-link=\"{&quot;className&quot;:&quot;&quot;,&quot;href&quot;:&quot;https:\/\/viennatouristinformation.com\/es\/cosas-que-hacer\/museo\/&quot;,&quot;title&quot;:&quot;30 Museos m\u00e1s importantes de Viena&quot;,&quot;class&quot;:&quot;&quot;}\" data-attr-css=\"\"><a href=\"https:\/\/viennatouristinformation.com\/es\/cosas-que-hacer\/atracciones\/rueda-de-la-fortuna\/\" title=\"Rueda de la fortuna: Visita a un lugar emblem\u00e1tico de Viena\" data-css=\"\">Rueda de la fortuna: Visita a un lugar emblem\u00e1tico de Viena<\/a><\/span><\/h2>\n<p><a href=\"https:\/\/viennatouristinformation.com\/es\/cosas-que-hacer\/atracciones\/ayuntamiento\/\" dynamic-postlink=\"tcb_post_the_permalink\" data-shortcode-id=\"827\"><\/a><\/p>\n<h2 style=\"padding-top: 0px !important; margin-top: 0px !important; text-align: center;\" id=\"t-1686744853153\" data-hide=\"true\"><span data-shortcode=\"tcb_post_title\" data-shortcode-name=\"Post title\" data-extra_key=\"\" data-attr-link=\"1\" data-attr-target=\"0\" data-attr-rel=\"0\" data-option-inline=\"1\" data-attr-static-link=\"{&quot;className&quot;:&quot;&quot;,&quot;href&quot;:&quot;https:\/\/viennatouristinformation.com\/es\/cosas-que-hacer\/museo\/&quot;,&quot;title&quot;:&quot;30 Museos m\u00e1s importantes de Viena&quot;,&quot;class&quot;:&quot;&quot;}\" data-attr-css=\"\"><a href=\"https:\/\/viennatouristinformation.com\/es\/cosas-que-hacer\/atracciones\/ayuntamiento\/\" title=\"Ayuntamiento de Viena: Rathausplatz, eventos y visitas\" data-css=\"\">Ayuntamiento de Viena: Rathausplatz, eventos y visitas<\/a><\/span><\/h2>\n<p><a href=\"https:\/\/viennatouristinformation.com\/es\/cosas-que-hacer\/atracciones\/zoologico-de-schoenbrunn\/\" dynamic-postlink=\"tcb_post_the_permalink\" data-shortcode-id=\"827\"><\/a><\/p>\n<h2 style=\"padding-top: 0px !important; margin-top: 0px !important; text-align: center;\" id=\"t-1686744853153\" data-hide=\"true\"><span data-shortcode=\"tcb_post_title\" data-shortcode-name=\"Post title\" data-extra_key=\"\" data-attr-link=\"1\" data-attr-target=\"0\" data-attr-rel=\"0\" data-option-inline=\"1\" data-attr-static-link=\"{&quot;className&quot;:&quot;&quot;,&quot;href&quot;:&quot;https:\/\/viennatouristinformation.com\/es\/cosas-que-hacer\/museo\/&quot;,&quot;title&quot;:&quot;30 Museos m\u00e1s importantes de Viena&quot;,&quot;class&quot;:&quot;&quot;}\" data-attr-css=\"\"><a href=\"https:\/\/viennatouristinformation.com\/es\/cosas-que-hacer\/atracciones\/zoologico-de-schoenbrunn\/\" title=\"Zool\u00f3gico de Sch\u00f6nbrunn Viena: Animales, visitas y consejos de viaje\" data-css=\"\">Zool\u00f3gico de Sch\u00f6nbrunn Viena: Animales, visitas y consejos de viaje<\/a><\/span><\/h2>\n<p><a href=\"https:\/\/viennatouristinformation.com\/es\/cosas-que-hacer\/parques\/\" dynamic-postlink=\"tcb_post_the_permalink\" data-shortcode-id=\"827\"><\/a><\/p>\n<h2 style=\"padding-top: 0px !important; margin-top: 0px !important; text-align: center;\" id=\"t-1686744853153\" data-hide=\"true\"><span data-shortcode=\"tcb_post_title\" data-shortcode-name=\"Post title\" data-extra_key=\"\" data-attr-link=\"1\" data-attr-target=\"0\" data-attr-rel=\"0\" data-option-inline=\"1\" data-attr-static-link=\"{&quot;className&quot;:&quot;&quot;,&quot;href&quot;:&quot;https:\/\/viennatouristinformation.com\/es\/cosas-que-hacer\/museo\/&quot;,&quot;title&quot;:&quot;30 Museos m\u00e1s importantes de Viena&quot;,&quot;class&quot;:&quot;&quot;}\" data-attr-css=\"\"><a href=\"https:\/\/viennatouristinformation.com\/es\/cosas-que-hacer\/parques\/\" title=\"20 Parques m\u00e1s bonitos de Viena\" data-css=\"\">20 Parques m\u00e1s bonitos de Viena<\/a><\/span><\/h2>\n","protected":false},"excerpt":{"rendered":"<p>El Prater de Viena en el coraz\u00f3n de la ciudad es una de las atracciones m\u00e1s populares de Viena . Como el parque de atracciones m\u00e1s antiguo del mundo, ofrece la m\u00e1xima diversi\u00f3n, especialmente con el Wurstelprater, que existe desde principios del siglo XIX. Sin embargo, el s\u00edmbolo de Viena es mucho m\u00e1s que un [&hellip;]<\/p>\n","protected":false},"author":3,"featured_media":1938,"parent":138,"menu_order":0,"comment_status":"closed","ping_status":"closed","template":"","meta":{"footnotes":""},"tags":[],"class_list":["post-822","page","type-page","status-publish","has-post-thumbnail","hentry","post-wrapper","thrv_wrapper"],"_links":{"self":[{"href":"https:\/\/viennatouristinformation.com\/es\/wp-json\/wp\/v2\/pages\/822","targetHints":{"allow":["GET"]}}],"collection":[{"href":"https:\/\/viennatouristinformation.com\/es\/wp-json\/wp\/v2\/pages"}],"about":[{"href":"https:\/\/viennatouristinformation.com\/es\/wp-json\/wp\/v2\/types\/page"}],"author":[{"embeddable":true,"href":"https:\/\/viennatouristinformation.com\/es\/wp-json\/wp\/v2\/users\/3"}],"replies":[{"embeddable":true,"href":"https:\/\/viennatouristinformation.com\/es\/wp-json\/wp\/v2\/comments?post=822"}],"version-history":[{"count":0,"href":"https:\/\/viennatouristinformation.com\/es\/wp-json\/wp\/v2\/pages\/822\/revisions"}],"up":[{"embeddable":true,"href":"https:\/\/viennatouristinformation.com\/es\/wp-json\/wp\/v2\/pages\/138"}],"wp:featuredmedia":[{"embeddable":true,"href":"https:\/\/viennatouristinformation.com\/es\/wp-json\/wp\/v2\/media\/1938"}],"wp:attachment":[{"href":"https:\/\/viennatouristinformation.com\/es\/wp-json\/wp\/v2\/media?parent=822"}],"wp:term":[{"taxonomy":"post_tag","embeddable":true,"href":"https:\/\/viennatouristinformation.com\/es\/wp-json\/wp\/v2\/tags?post=822"}],"curies":[{"name":"wp","href":"https:\/\/api.w.org\/{rel}","templated":true}]}}