{"id":827,"date":"2020-07-16T12:37:34","date_gmt":"2020-07-16T10:37:34","guid":{"rendered":"http:\/\/viennatouristinformation.com\/es\/?page_id=827"},"modified":"2023-06-14T14:21:48","modified_gmt":"2023-06-14T12:21:48","slug":"rueda-de-la-fortuna","status":"publish","type":"page","link":"https:\/\/viennatouristinformation.com\/es\/cosas-que-hacer\/atracciones\/rueda-de-la-fortuna\/","title":{"rendered":"Rueda de la fortuna: Visita a un lugar emblem\u00e1tico de Viena"},"content":{"rendered":"<h2 id=\"t-1669896557089\" data-hide=\"true\">La rueda de la fortuna de 64,75 m de altura en el Prater es uno de los s\u00edmbolos de Viena.<\/h2>\n<p>Su silueta ic\u00f3nica se puede ver desde lejos y da forma al horizonte de Viena.<\/p>\n<p>Cuando se inaugur\u00f3 en 1897 para el jubileo del emperador Francisco Jos\u00e9 I, era la rueda de la fortuna m\u00e1s alta del mundo.<\/p>\n<p>Aqu\u00ed hay informaci\u00f3n importante para una visita a la rueda de la fortuna en el <a href=\"https:\/\/viennatouristinformation.com\/es\/cosas-que-hacer\/atracciones\/prater\/\" style=\"outline: none;\">Prater de Viena<\/a> .<\/p>\n<p style=\"\"><strong>Otros art\u00edculos recomendados:<\/strong><\/p>\n<ul>\n<li><a href=\"https:\/\/viennatouristinformation.com\/es\/cosas-que-hacer\/10-mejores\/\">Las 10 mejores cosas que hacer en Viena<\/a><\/li>\n<li><a href=\"https:\/\/viennatouristinformation.com\/es\/hoteles\/\">Los hoteles mejor recomendados en Viena<\/a><\/li>\n<li><a href=\"https:\/\/viennatouristinformation.com\/es\/cosas-que-hacer\/atracciones\/\">Atracciones excepcionales en Viena<\/a><\/li>\n<li><a href=\"https:\/\/viennatouristinformation.com\/es\/comida\/\">Los mejores restaurantes de Viena<\/a><\/li>\n<li><a href=\"https:\/\/viennatouristinformation.com\/es\/compras\/\">Compras en Viena<\/a><\/li>\n<li><a href=\"https:\/\/viennatouristinformation.com\/es\/plan\/transporte-publico\/\">Transporte p\u00fablico en Viena<\/a><\/li>\n<\/ul>\n<h2 id=\"t-1669896557090\" style=\"\">Paseo en la rueda de la fortuna<\/h2>\n<p><span><img decoding=\"async\" alt=\"Fahrt mit dem Riesenrad in Wien in Austria\" data-id=\"1947\" width=\"885\" data-init-width=\"1000\" height=\"590\" data-init-height=\"667\" title=\"Fahrt mit dem Riesenrad in Wien in Austria\" loading=\"lazy\" src=\"\/\/viennatouristinformation.com\/es\/wp-content\/uploads\/2020\/09\/Fahrt-mit-dem-Riesenrad.jpg\" data-width=\"885\" data-height=\"590\" data-pin-media=\"https:\/\/viennatouristinformation.com\/es\/wp-content\/uploads\/2021\/01\/wien_pinterest_riesenrad-2.jpg\" data-pin-description=\"Rueda de la fortuna - Vienna Tourist Information\" data-pin-url=\"https:\/\/viennatouristinformation.com\/es\/cosas-que-hacer\/atracciones\/rueda-de-la-fortuna\/?tve=true&amp;tcbf=d5716ea3f9\" data-pinpro-key=\"3tb1ivefj\" style=\"aspect-ratio: auto 1000 \/ 667;\"><\/span><\/p>\n<p>La rueda de la fortuna en el Prater es una de las <a href=\"https:\/\/viennatouristinformation.com\/es\/cosas-que-hacer\/\" style=\"outline: none;\">vistas m\u00e1s famosas de Viena<\/a> y, al mismo tiempo, el s\u00edmbolo del Prater.<\/p>\n<p>Si est\u00e1s en Viena, no debes perderte el nost\u00e1lgico paseo en la rueda de la fortuna. Dicen que no has estado realmente en Viena si ni siquiera has subido a la rueda de la fortuna.<\/p>\n<p>El Wiener Riesenrad gira en direcci\u00f3n norte-sur y tarda 4,25 minutos en completar una revoluci\u00f3n. Sin embargo, dado que los pasajeros embarcan y desembarcan, la circunnavegaci\u00f3n real lleva m\u00e1s tiempo dependiendo del n\u00famero de pasajeros.<\/p>\n<p>Un viaje promedio en el famoso Wiener Riesenrad toma entre 12 y 15 minutos. Sentado en uno de los legendarios carruajes rojos, se puede admirar la metr\u00f3poli del Danubio a vista de p\u00e1jaro. Se crean fotos de recuerdo \u00fanicas.<\/p>\n<p>En el punto m\u00e1s alto de la rueda, a una altura de 64,75 metros, los visitantes pueden disfrutar de una vista incomparable sobre la capital austriaca y sus alrededores.<\/p>\n<h2 id=\"t-1669896557091\" style=\"\">Museo Panor\u00e1mico<\/h2>\n<p><span><img decoding=\"async\" alt=\"Panorama Museum in Vienna in Austria\" data-id=\"1948\" width=\"885\" data-init-width=\"1000\" height=\"590\" data-init-height=\"667\" title=\"Panorama Museum in Vienna in Austria\" loading=\"lazy\" src=\"\/\/viennatouristinformation.com\/es\/wp-content\/uploads\/2020\/09\/Panorama-Museum.jpg\" data-width=\"885\" data-height=\"590\" data-pin-media=\"https:\/\/viennatouristinformation.com\/es\/wp-content\/uploads\/2021\/01\/wien_pinterest_riesenrad-2.jpg\" data-pin-description=\"Rueda de la fortuna - Vienna Tourist Information\" data-pin-url=\"https:\/\/viennatouristinformation.com\/es\/cosas-que-hacer\/atracciones\/rueda-de-la-fortuna\/?tve=true&amp;tcbf=d5716ea3f9\" data-pinpro-key=\"eybwc8isu\" style=\"aspect-ratio: auto 1000 \/ 667;\"><\/span><\/p>\n<p>En la zona de entrada de la rueda de la fortuna se encuentra el Museo Panorama, que te transporta al pasado de Viena. Los visitantes pueden sumergirse en 2000 a\u00f1os de historia vienesa y en las historias del Prater.<\/p>\n<p>Ocho vagones con instalaciones art\u00edstico-t\u00e9cnicas y un gran diagrama ofrecen una visi\u00f3n emocionante.<\/p>\n<h2 id=\"t-1669896557092\" style=\"\">Cena en la noria<\/h2>\n<p><span><img decoding=\"async\" alt=\"Dinner im Riesenrad\" data-id=\"1949\" width=\"885\" data-init-width=\"1000\" height=\"590\" data-init-height=\"667\" title=\"Dinner im Riesenrad\" loading=\"lazy\" src=\"\/\/viennatouristinformation.com\/es\/wp-content\/uploads\/2020\/09\/Dinner-im-Riesenrad.jpg\" data-width=\"885\" data-height=\"590\" data-pin-media=\"https:\/\/viennatouristinformation.com\/es\/wp-content\/uploads\/2021\/01\/wien_pinterest_riesenrad-2.jpg\" data-pin-description=\"Rueda de la fortuna - Vienna Tourist Information\" data-pin-url=\"https:\/\/viennatouristinformation.com\/es\/cosas-que-hacer\/atracciones\/rueda-de-la-fortuna\/?tve=true&amp;tcbf=d5716ea3f9\" data-pinpro-key=\"aitjza0cy\" style=\"aspect-ratio: auto 1000 \/ 667;\"><\/span><\/p>\n<p>Para una experiencia inolvidable, los visitantes pueden realizar cenas exclusivas, fiestas privadas e incluso bodas en uno de los cuatro vagones gourmet. Las g\u00f3ndolas tambi\u00e9n se pueden reservar para <a href=\"https:\/\/viennatouristinformation.com\/es\/viaje-en-grupo\/incentives\/\" style=\"outline: none;\">incentivos en Viena<\/a> .<\/p>\n<p>La pintoresca cena en la rueda de la fortuna promete puro romance. A alturas de v\u00e9rtigo, t\u00fa y tu media naranja podr\u00e9is disfrutar de una cena rom\u00e1ntica a la luz de las velas en un ambiente incomparable.<\/p>\n<p>Una deliciosa comida de 3 platos con vista a Viena es parte del viaje de 90 minutos en el vag\u00f3n exclusivo.<\/p>\n<h2 id=\"t-1669896557093\">Especificaciones t\u00e9cnicas<\/h2>\n<ul>\n<li>Altura (punto m\u00e1s alto de la rueda de la fortuna): 64,5 m<\/li>\n<li>Di\u00e1metro de rueda: 60,96 m<\/li>\n<li>Peso de toda la estructura de hierro: 430 t<\/li>\n<li>Duraci\u00f3n de un viaje: aproximadamente 12-15 minutos<\/li>\n<li>N\u00famero de vagones: 15<\/li>\n<li>Velocidad: 0,75 m\/s = 2,7 km\/h<\/li>\n<\/ul>\n<h2 id=\"t-1669896557094\" style=\"\">Historia<\/h2>\n<p><span><img decoding=\"async\" alt=\"Geschichte in Vienna in Austria\" data-id=\"1950\" width=\"885\" data-init-width=\"1000\" height=\"590\" data-init-height=\"667\" title=\"Geschichte in Vienna in Austria\" loading=\"lazy\" src=\"\/\/viennatouristinformation.com\/es\/wp-content\/uploads\/2020\/09\/Geschichte-5.jpg\" data-width=\"885\" data-height=\"590\" data-pin-media=\"https:\/\/viennatouristinformation.com\/es\/wp-content\/uploads\/2021\/01\/wien_pinterest_riesenrad-2.jpg\" data-pin-description=\"Rueda de la fortuna - Vienna Tourist Information\" data-pin-url=\"https:\/\/viennatouristinformation.com\/es\/cosas-que-hacer\/atracciones\/rueda-de-la-fortuna\/?tve=true&amp;tcbf=d5716ea3f9\" data-pinpro-key=\"ve6l7xoq2\" style=\"aspect-ratio: auto 1000 \/ 667;\"><\/span><\/p>\n<p>La rueda de la fortuna se construy\u00f3 en 1897 con motivo del 50 aniversario del trono del emperador Francisco Jos\u00e9 I. En aquel entonces ya era una de las <a href=\"https:\/\/viennatouristinformation.com\/es\/cosas-que-hacer\/\" style=\"outline: none;\">atracciones m\u00e1s importantes de Viena<\/a> . Fue dise\u00f1ado por los ingleses Basset y Hitchins. Cuando se inaugur\u00f3, la rueda de la fortuna era la m\u00e1s grande del mundo con 64,5 metros. En ese momento ten\u00eda 30 vagones.<\/p>\n<p>El Wiener Riesenrad puede mirar hacia atr\u00e1s en una historia llena de acontecimientos y ha sido repetidamente el sitio de eventos sensacionales y tr\u00e1gicos. En 1898, una mujer vienesa, Marie Kindl, se colg\u00f3 de una cuerda de una de las g\u00f3ndolas para llamar la atenci\u00f3n sobre la pobreza de su familia y de muchos otros vieneses.<\/p>\n<p>Tambi\u00e9n espectacular fue la actuaci\u00f3n de la directora de circo Madame Solange d&#8217;Atalide, que se mont\u00f3 a caballo en el techo de una g\u00f3ndola para una pel\u00edcula mientras ella montaba en la rueda de la fortuna.<\/p>\n<p>La rueda de la fortuna ha servido como tel\u00f3n de fondo de pel\u00edculas varias veces, por ejemplo, para el cl\u00e1sico \u00abEl tercer hombre\u00bb, que se film\u00f3 en Viena en 1948, o \u00abThe Living Daylights\u00bb de James Bond.<\/p>\n<p>Incluso la rueda de la fortuna no se salv\u00f3 de los bombardeos durante la Segunda Guerra Mundial. Fue destruido casi por completo. Solo la estructura de acero sobrevivi\u00f3 al severo incendio. Despu\u00e9s de la guerra, la rueda de la fortuna fue reconstruida y se convirti\u00f3 en un s\u00edmbolo de reconstrucci\u00f3n. Cuando reabri\u00f3 en 1947, recibi\u00f3 15 en lugar de los 30 vagones originales y 4 en lugar de las 6 ventanas originales.&nbsp;<\/p>\n<p>Desde 2002, el Museo Panorama ofrece informaci\u00f3n sobre la apasionante historia de Viena y el Prater con ocho de los vagones restantes.<\/p>\n<p>Hoy, la rueda de la fortuna de 430 toneladas gira tranquilamente a una velocidad de 2,7 km\/h y todav\u00eda ofrece a los visitantes un panorama impresionante.<\/p>\n<h2 id=\"t-1669896557095\" style=\"\">Contacto<\/h2>\n<ul>\n<li><strong>Direcci\u00f3n:<\/strong> Prater, 1020 Viena<\/li>\n<li><strong>Metro:<\/strong> Praterstern<\/li>\n<li><strong>Horarios<\/strong> de apertura : Puede encontrar los horarios de apertura actuales en el <a href=\"https:\/\/wienerriesenrad.com\/ihr-besuch\/\" rel=\"noopener\" target=\"_blank\" style=\"outline: none;\">sitio web de Giant Ferris Wheel<\/a> .<\/li>\n<\/ul>\n<h3 style=\"\" id=\"t-1686571213368\"><strong>ART\u00cdCULOS RELACIONADOS<\/strong><\/h3>\n<p><a href=\"https:\/\/viennatouristinformation.com\/es\/cosas-que-hacer\/atracciones\/prater\/\" dynamic-postlink=\"tcb_post_the_permalink\" data-shortcode-id=\"822\"><\/a><\/p>\n<h2 style=\"padding-top: 0px !important; margin-top: 0px !important; text-align: center;\" id=\"t-1686745188047\" data-hide=\"true\"><span data-shortcode=\"tcb_post_title\" data-shortcode-name=\"Post title\" data-extra_key=\"\" data-attr-link=\"1\" data-attr-target=\"0\" data-attr-rel=\"0\" data-option-inline=\"1\" data-attr-static-link=\"{&quot;className&quot;:&quot;&quot;,&quot;href&quot;:&quot;https:\/\/viennatouristinformation.com\/es\/cosas-que-hacer\/museo\/&quot;,&quot;title&quot;:&quot;30 Museos m\u00e1s importantes de Viena&quot;,&quot;class&quot;:&quot;&quot;}\" data-attr-css=\"\"><a href=\"https:\/\/viennatouristinformation.com\/es\/cosas-que-hacer\/atracciones\/prater\/\" title=\"Prater en Viena: Principales atracciones, entrada e historia\" data-css=\"\">Prater en Viena: Principales atracciones, entrada e historia<\/a><\/span><\/h2>\n<p><a href=\"https:\/\/viennatouristinformation.com\/es\/cosas-que-hacer\/atracciones\/ayuntamiento\/\" dynamic-postlink=\"tcb_post_the_permalink\" data-shortcode-id=\"822\"><\/a><\/p>\n<h2 style=\"padding-top: 0px !important; margin-top: 0px !important; text-align: center;\" id=\"t-1686745188047\" data-hide=\"true\"><span data-shortcode=\"tcb_post_title\" data-shortcode-name=\"Post title\" data-extra_key=\"\" data-attr-link=\"1\" data-attr-target=\"0\" data-attr-rel=\"0\" data-option-inline=\"1\" data-attr-static-link=\"{&quot;className&quot;:&quot;&quot;,&quot;href&quot;:&quot;https:\/\/viennatouristinformation.com\/es\/cosas-que-hacer\/museo\/&quot;,&quot;title&quot;:&quot;30 Museos m\u00e1s importantes de Viena&quot;,&quot;class&quot;:&quot;&quot;}\" data-attr-css=\"\"><a href=\"https:\/\/viennatouristinformation.com\/es\/cosas-que-hacer\/atracciones\/ayuntamiento\/\" title=\"Ayuntamiento de Viena: Rathausplatz, eventos y visitas\" data-css=\"\">Ayuntamiento de Viena: Rathausplatz, eventos y visitas<\/a><\/span><\/h2>\n<p><a href=\"https:\/\/viennatouristinformation.com\/es\/cosas-que-hacer\/atracciones\/zoologico-de-schoenbrunn\/\" dynamic-postlink=\"tcb_post_the_permalink\" data-shortcode-id=\"822\"><\/a><\/p>\n<h2 style=\"padding-top: 0px !important; margin-top: 0px !important; text-align: center;\" id=\"t-1686745188047\" data-hide=\"true\"><span data-shortcode=\"tcb_post_title\" data-shortcode-name=\"Post title\" data-extra_key=\"\" data-attr-link=\"1\" data-attr-target=\"0\" data-attr-rel=\"0\" data-option-inline=\"1\" data-attr-static-link=\"{&quot;className&quot;:&quot;&quot;,&quot;href&quot;:&quot;https:\/\/viennatouristinformation.com\/es\/cosas-que-hacer\/museo\/&quot;,&quot;title&quot;:&quot;30 Museos m\u00e1s importantes de Viena&quot;,&quot;class&quot;:&quot;&quot;}\" data-attr-css=\"\"><a href=\"https:\/\/viennatouristinformation.com\/es\/cosas-que-hacer\/atracciones\/zoologico-de-schoenbrunn\/\" title=\"Zool\u00f3gico de Sch\u00f6nbrunn Viena: Animales, visitas y consejos de viaje\" data-css=\"\">Zool\u00f3gico de Sch\u00f6nbrunn Viena: Animales, visitas y consejos de viaje<\/a><\/span><\/h2>\n<p><a href=\"https:\/\/viennatouristinformation.com\/es\/cosas-que-hacer\/parques\/\" dynamic-postlink=\"tcb_post_the_permalink\" data-shortcode-id=\"822\"><\/a><\/p>\n<h2 style=\"padding-top: 0px !important; margin-top: 0px !important; text-align: center;\" id=\"t-1686745188047\" data-hide=\"true\"><span data-shortcode=\"tcb_post_title\" data-shortcode-name=\"Post title\" data-extra_key=\"\" data-attr-link=\"1\" data-attr-target=\"0\" data-attr-rel=\"0\" data-option-inline=\"1\" data-attr-static-link=\"{&quot;className&quot;:&quot;&quot;,&quot;href&quot;:&quot;https:\/\/viennatouristinformation.com\/es\/cosas-que-hacer\/museo\/&quot;,&quot;title&quot;:&quot;30 Museos m\u00e1s importantes de Viena&quot;,&quot;class&quot;:&quot;&quot;}\" data-attr-css=\"\"><a href=\"https:\/\/viennatouristinformation.com\/es\/cosas-que-hacer\/parques\/\" title=\"20 Parques m\u00e1s bonitos de Viena\" data-css=\"\">20 Parques m\u00e1s bonitos de Viena<\/a><\/span><\/h2>\n","protected":false},"excerpt":{"rendered":"<p>La rueda de la fortuna de 64,75 m de altura en el Prater es uno de los s\u00edmbolos de Viena. Su silueta ic\u00f3nica se puede ver desde lejos y da forma al horizonte de Viena. Cuando se inaugur\u00f3 en 1897 para el jubileo del emperador Francisco Jos\u00e9 I, era la rueda de la fortuna m\u00e1s [&hellip;]<\/p>\n","protected":false},"author":3,"featured_media":1946,"parent":138,"menu_order":0,"comment_status":"closed","ping_status":"closed","template":"","meta":{"footnotes":""},"tags":[],"class_list":["post-827","page","type-page","status-publish","has-post-thumbnail","hentry","post-wrapper","thrv_wrapper"],"_links":{"self":[{"href":"https:\/\/viennatouristinformation.com\/es\/wp-json\/wp\/v2\/pages\/827","targetHints":{"allow":["GET"]}}],"collection":[{"href":"https:\/\/viennatouristinformation.com\/es\/wp-json\/wp\/v2\/pages"}],"about":[{"href":"https:\/\/viennatouristinformation.com\/es\/wp-json\/wp\/v2\/types\/page"}],"author":[{"embeddable":true,"href":"https:\/\/viennatouristinformation.com\/es\/wp-json\/wp\/v2\/users\/3"}],"replies":[{"embeddable":true,"href":"https:\/\/viennatouristinformation.com\/es\/wp-json\/wp\/v2\/comments?post=827"}],"version-history":[{"count":0,"href":"https:\/\/viennatouristinformation.com\/es\/wp-json\/wp\/v2\/pages\/827\/revisions"}],"up":[{"embeddable":true,"href":"https:\/\/viennatouristinformation.com\/es\/wp-json\/wp\/v2\/pages\/138"}],"wp:featuredmedia":[{"embeddable":true,"href":"https:\/\/viennatouristinformation.com\/es\/wp-json\/wp\/v2\/media\/1946"}],"wp:attachment":[{"href":"https:\/\/viennatouristinformation.com\/es\/wp-json\/wp\/v2\/media?parent=827"}],"wp:term":[{"taxonomy":"post_tag","embeddable":true,"href":"https:\/\/viennatouristinformation.com\/es\/wp-json\/wp\/v2\/tags?post=827"}],"curies":[{"name":"wp","href":"https:\/\/api.w.org\/{rel}","templated":true}]}}