{"id":835,"date":"2020-07-16T12:00:20","date_gmt":"2020-07-16T10:00:20","guid":{"rendered":"http:\/\/viennatouristinformation.com\/es\/?page_id=835"},"modified":"2023-06-13T14:59:21","modified_gmt":"2023-06-13T12:59:21","slug":"san-esteban","status":"publish","type":"page","link":"https:\/\/viennatouristinformation.com\/es\/cosas-que-hacer\/iglesias\/san-esteban\/","title":{"rendered":"Catedral de San Esteban en Viena: Turismo, torres e historia"},"content":{"rendered":"<h2 id=\"t-1669878734228\" data-hide=\"true\">La Catedral de San Esteban es el centro de Viena.<\/h2>\n<p>Est\u00e1 ubicado en el centro del <a href=\"https:\/\/viennatouristinformation.com\/es\/plan\/distritos\/\" style=\"outline: none;\">distrito 1<\/a>, que una vez estuvo rodeado por las murallas de la ciudad y, por lo tanto, forma el coraz\u00f3n de la antigua Viena.<\/p>\n<p><em>Cari\u00f1osamente llamada \u00abSteffl\u00bb<\/em> por los lugare\u00f1os , la Catedral de St. es uno de <a href=\"https:\/\/viennatouristinformation.com\/es\/cosas-que-hacer\/atracciones\/\" style=\"outline: none;\">los hitos de la ciudad.<\/a><\/p>\n<p>Adem\u00e1s de la impresionante arquitectura, donde destacan el techo de tejas estampadas y la torre sur de 136 m de altura, la iglesia madre de la Archidi\u00f3cesis Cat\u00f3lica Romana de Viena tambi\u00e9n impresiona con su tesoro catedralicio, la mejor vista del casco antiguo y las catacumbas en donde descansan los huesos de los dignatarios de los Habsburgo.<\/p>\n<p>La entrada a la parte trasera de la Catedral de San Esteban es gratuita, pero las catacumbas, la torre sur y la torre norte solo se pueden visitar pagando la entrada.<\/p>\n<p style=\"\">A continuaci\u00f3n vamos a entrar en todos los puntos importantes con m\u00e1s detalle.<\/p>\n<p style=\"\">\u200b<\/p>\n<p><strong>Otros art\u00edculos recomendados:<\/strong><\/p>\n<ul>\n<li><a href=\"https:\/\/viennatouristinformation.com\/es\/cosas-que-hacer\/10-mejores\/\">Las 10 mejores cosas que hacer en Viena<\/a><\/li>\n<li><a href=\"https:\/\/viennatouristinformation.com\/es\/hoteles\/\">Los hoteles mejor recomendados en Viena<\/a><\/li>\n<li><a href=\"https:\/\/viennatouristinformation.com\/es\/cosas-que-hacer\/atracciones\/\">Atracciones excepcionales en Viena<\/a><\/li>\n<li><a href=\"https:\/\/viennatouristinformation.com\/es\/comida\/\">Los mejores restaurantes de Viena<\/a><\/li>\n<li><a href=\"https:\/\/viennatouristinformation.com\/es\/compras\/\">Compras en Viena<\/a><\/li>\n<li><a href=\"https:\/\/viennatouristinformation.com\/es\/plan\/transporte-publico\/\">Transporte p\u00fablico en Viena<\/a><\/li>\n<\/ul>\n<h2 id=\"t-1669878734229\" style=\"\">Catedral de San Esteban<\/h2>\n<p><span><img decoding=\"async\" alt=\"Kathedrale St. Stephan en Viena en Austria\" data-id=\"1876\" width=\"702\" data-init-width=\"1000\" height=\"468\" data-init-height=\"667\" title=\"Kathedrale St. Stephan en Viena en Austria\" loading=\"lazy\" src=\"\/\/viennatouristinformation.com\/es\/wp-content\/uploads\/2020\/09\/Kathedrale-St.-Stephan.jpg\" data-width=\"702\" data-height=\"468\" data-pin-media=\"https:\/\/viennatouristinformation.com\/es\/wp-content\/uploads\/2021\/01\/wien_pinterest_stephansdom-2.jpg\" data-pin-description=\"Catedral de San Esteban en Viena - 2023\" data-pin-url=\"https:\/\/viennatouristinformation.com\/es\/cosas-que-hacer\/iglesias\/san-esteban\/?tve=true&amp;tcbf=712562d2ea\" data-pinpro-key=\"xsgldo3l2\" style=\"aspect-ratio: auto 1000 \/ 667;\"><\/span><\/p>\n<p>La entrada a la parte trasera de la catedral es gratuita.<\/p>\n<p>However, before entering the interior of the cathedral, take a look at the ornate Romanesque-style main door called Puerta del <em>Gigante<\/em> . It owes its name to the bone in the leg of a mammoth that hung there for decades in the 15th century. <em>Together with the two pagan<\/em> towers that flank the door, it forms the oldest part of the cathedral church.<\/p>\n<p>The impressive interior that has changed over the centuries. you can explore on your own or on a public tour of the cathedral. 30-minute tours of the cathedral are offered daily for a fee.<\/p>\n<p>Countless architectural details are hidden inside the cathedral. The early baroque high altar, which shows the stoning of Saint Stephen, is particularly worth seeing. This dates from the 17th century and was built in a 7-year construction phase. Another 17 altars are located on the side aisles and pillars, some of them date from the High Middle Ages.<\/p>\n<p>You can also admire the masterly pulpit, the medieval stained glass windows behind the main altar and the numerous small chapels, of which the <em>St. Valentine<\/em> &#8216;s Chapel and the <em>Baptistery<\/em> are particularly noteworthy.<\/p>\n<p>Highlight ist aber der spektakul\u00e4re <em>Domschatz<\/em> von St. Stephan, der aus \u00fcber hundert wertvollen Reliquien, zahlreichen Meisterwerken der sakralen Malerei, Kunstwerke aus Gold, Silber und Edelsteinen, Skulpturen, Gem\u00e4lden und vielem mehr besteht. Besucher genie\u00dfen auch einen grandiosen Blick in die Domkirche. Gegen eine Geb\u00fchr k\u00f6nnen Interessierte den Domschatz im Dommuseum besichtigen. Dieser befindet sich auf der Westempore, in den beiden oberen Etagen \u00fcber dem Eingang der Kirche.<\/p>\n<h2 id=\"t-1669878734230\">Grab von Kaiser Friedrich III<\/h2>\n<p>Tambi\u00e9n escondida dentro de la catedral se encuentra la magn\u00edfica tumba del emperador Federico III, quien, con un reinado de 53 a\u00f1os, fue la cabeza reinante m\u00e1s larga del Sacro Imperio Romano Germ\u00e1nico. La impresionante tumba hecha de piedra roja similar al m\u00e1rmol est\u00e1 decorada con 240 estatuas y se considera una obra importante del per\u00edodo g\u00f3tico tard\u00edo.<\/p>\n<p>Recientemente, los cient\u00edficos han podido examinar el interior de la tumba, la \u00faltima tumba imperial intacta en Europa, que se rumoreaba que estaba vac\u00eda. La investigaci\u00f3n result\u00f3 ser un hallazgo sensacional: adem\u00e1s del cad\u00e1ver del emperador, los investigadores tambi\u00e9n encontraron una corona, un cetro, un orbe, una espada, un gran crucifijo y m\u00e1s.<\/p>\n<h2 id=\"t-1669878734231\">catacumbas<\/h2>\n<p>Los visitantes tampoco deben perderse las catacumbas debajo de la Catedral de San Esteban. Estos solo se pueden visitar por una tarifa y como parte de un recorrido p\u00fablico.<\/p>\n<p>En la llamada <em>cripta ducal<\/em> se encuentran las urnas de los Habsburgo, en las que fueron enterradas las entra\u00f1as de los miembros de la familia gobernante. Entre otros, descansa aqu\u00ed el duque Rodolfo IV de Habsburgo, el fundador que coloc\u00f3 la primera piedra de la nueva iglesia en 1359.<\/p>\n<p>En el laberinto subterr\u00e1neo, sin embargo, no solo est\u00e1n enterrados numerosos huesos bien conservados y entra\u00f1as de conocidos Habsburgo, sino que tambi\u00e9n descansan en la cripta los huesos apilados de innumerables v\u00edctimas de la peste.<\/p>\n<p>El \u00faltimo lugar de descanso de numerosos cardenales y arzobispos vieneses se encuentra en la cripta del <em>obispo .<\/em><\/p>\n<h2 id=\"t-1669878734232\" style=\"\">S\u00fcdturm \u00abSteffl\u00bb<\/h2>\n<p><span><img decoding=\"async\" alt=\"S\u00fcdturm \u201eSteffl\u201c en Viena en Austria\" data-id=\"1877\" width=\"702\" data-init-width=\"1000\" height=\"468\" data-init-height=\"667\" title=\"S\u00fcdturm \u201eSteffl\u201c en Viena en Austria\" loading=\"lazy\" src=\"\/\/viennatouristinformation.com\/es\/wp-content\/uploads\/2020\/09\/S\u00fcdturm-\u201eSteffl\u201c.jpg\" data-width=\"702\" data-height=\"468\" data-pin-media=\"https:\/\/viennatouristinformation.com\/es\/wp-content\/uploads\/2021\/01\/wien_pinterest_stephansdom-2.jpg\" data-pin-description=\"Catedral de San Esteban en Viena - 2023\" data-pin-url=\"https:\/\/viennatouristinformation.com\/es\/cosas-que-hacer\/iglesias\/san-esteban\/?tve=true&amp;tcbf=712562d2ea\" data-pinpro-key=\"0oyeoujxe\" style=\"aspect-ratio: auto 1000 \/ 667;\"><\/span><\/p>\n<p>De las cuatro torres de la Catedral de San Esteban, la torre sur es la m\u00e1s alta con 136,44 metros. Domina la silueta de la ciudad como casi ning\u00fan otro edificio.<\/p>\n<p>Definitivamente se recomienda subir los 343 escalones a pesar del esfuerzo, porque el \u00abSteffl\u00bb es la mejor torre de vigilancia del casco antiguo. El ascenso a la torre conduce a una altura de 72 metros en el <em>T\u00fcrmerstube<\/em> , donde se puede disfrutar de una vista espectacular de Viena.<\/p>\n<p>Hay una tarifa de entrada para subir a la Torre Sur.<\/p>\n<h2 id=\"t-1669878734233\" style=\"\">Torre norte con la campana Pumerin<\/h2>\n<p><span><img decoding=\"async\" alt=\"Torre norte con la campana Pumerin en Viena en Austria\" data-id=\"1878\" width=\"702\" data-init-width=\"1000\" height=\"468\" data-init-height=\"667\" title=\"Torre norte con la campana Pumerin en Viena en Austria\" loading=\"lazy\" src=\"\/\/viennatouristinformation.com\/es\/wp-content\/uploads\/2020\/09\/Nordturm-mit-der-Glocke-Pumerin.jpg\" data-width=\"702\" data-height=\"468\" data-pin-media=\"https:\/\/viennatouristinformation.com\/es\/wp-content\/uploads\/2021\/01\/wien_pinterest_stephansdom-2.jpg\" data-pin-description=\"Catedral de San Esteban en Viena - 2023\" data-pin-url=\"https:\/\/viennatouristinformation.com\/es\/cosas-que-hacer\/iglesias\/san-esteban\/?tve=true&amp;tcbf=712562d2ea\" data-pinpro-key=\"rn4p1qbca\" style=\"aspect-ratio: auto 1000 \/ 667;\"><\/span><\/p>\n<p><em>Se puede<\/em> llegar en ascensor a la torre norte de la Catedral de San Esteban, tambi\u00e9n conocida como la Torre del \u00c1guila . Sin embargo, la torre de 68,3 metros de altura nunca se complet\u00f3. Numerosas leyendas se entrelazan en torno a la torre inacabada. La leyenda m\u00e1s famosa dice que el maestro de obras Hans Puchsbaum era solo un asistente en el momento de la construcci\u00f3n e hizo un pacto con el diablo para completar la construcci\u00f3n de la torre norte en un a\u00f1o.<\/p>\n<p>Por otro lado, una raz\u00f3n probable de la construcci\u00f3n sin terminar es la amenaza turca que se aproxima en ese momento y los problemas econ\u00f3micos.<\/p>\n<p>Adem\u00e1s del maravilloso panorama, los visitantes de la torre norte tambi\u00e9n pueden esperar la campana de iglesia m\u00e1s grande de Austria: la <strong>Pummerin<\/strong> .<\/p>\n<p>La campana, que pesa alrededor de 20 toneladas, no solo es la m\u00e1s grande sino tambi\u00e9n la m\u00e1s famosa de las 23 campanas de la Catedral de San Esteban. Al mismo tiempo, es la segunda campana de balanceo libre m\u00e1s grande de Europa. Debe su apodo al sonido profundo que, sin embargo, solo se puede escuchar en d\u00edas festivos y ocasiones especiales.<\/p>\n<p>Tambi\u00e9n es interesante el hecho de que el Pummerin fue lanzado en parte a partir de balas de ca\u00f1\u00f3n abandonadas del segundo sitio turco de Viena.<\/p>\n<p>Tambi\u00e9n se cobra una tarifa por el viaje en ascensor a Pummerin en la torre norte.<\/p>\n<h2 id=\"t-1669878734234\">Conciertos en la Catedral de San Esteban<\/h2>\n<p>Con su impresionante ac\u00fastica, la Catedral de San Esteban es tambi\u00e9n escenario de grandiosos conciertos. Asistir a un concierto de m\u00fasica cl\u00e1sica en una de las mejores salas de sonido de Viena es una experiencia \u00fanica para muchos.<\/p>\n<p>El programa de conciertos actual se puede encontrar en la <a href=\"https:\/\/www.stephanskirche.at\/concerts.php\" target=\"_blank\" style=\"outline: none;\" rel=\"noopener\">p\u00e1gina de inicio de la Catedral de San Esteban<\/a> .<\/p>\n<h2 id=\"t-1669878734235\">Misa en la Catedral de San Esteban<\/h2>\n<p>Hay ferias comerciales peri\u00f3dicas en la Catedral de San Esteban, a las que los visitantes pueden asistir. Las fechas de las ferias actuales se pueden encontrar en la <a href=\"https:\/\/www.stephanskirche.at\/index.php\" target=\"_blank\" style=\"outline: none;\" rel=\"noopener\">p\u00e1gina de inicio de la Catedral de San Esteban<\/a> y <a href=\"https:\/\/www.dompfarre.info\/Gottesdienste\/Regelmaessige_Gottesdienste\/.\" target=\"_blank\" rel=\"noopener\">aqu\u00ed<\/a> .<\/p>\n<h2 id=\"t-1669878734236\" style=\"\">Historia<\/h2>\n<p><span><img decoding=\"async\" alt=\"Historia en Viena en Austria\" data-id=\"1879\" width=\"702\" data-init-width=\"1000\" height=\"468\" data-init-height=\"667\" title=\"Historia en Viena en Austria\" loading=\"lazy\" src=\"\/\/viennatouristinformation.com\/es\/wp-content\/uploads\/2020\/09\/Geschichte-2.jpg\" data-width=\"702\" data-height=\"468\" data-pin-media=\"https:\/\/viennatouristinformation.com\/es\/wp-content\/uploads\/2021\/01\/wien_pinterest_stephansdom-2.jpg\" data-pin-description=\"Catedral de San Esteban en Viena - 2023\" data-pin-url=\"https:\/\/viennatouristinformation.com\/es\/cosas-que-hacer\/iglesias\/san-esteban\/?tve=true&amp;tcbf=712562d2ea\" data-pinpro-key=\"nixhgnd4s\" style=\"aspect-ratio: auto 1000 \/ 667;\"><\/span><\/p>\n<p>La Catedral de San Esteban tiene casi 700 a\u00f1os de historia. La forma rom\u00e1nica y g\u00f3tica actual de la catedral fue iniciada en gran medida por el duque Rodolfo IV (1339-1365) y se encuentra sobre los cimientos y las ruinas de iglesias anteriores. La primera menci\u00f3n documentada de los edificios anteriores se remonta al a\u00f1o 1137.<\/p>\n<p>Steffl ha sido la iglesia catedral oficial desde 1365. En 1433, el maestro de obras Hans Prachatitz complet\u00f3 la torre sur, que era la torre de iglesia m\u00e1s grande de Europa en ese momento. Casi 20 a\u00f1os despu\u00e9s, se coloc\u00f3 la primera piedra de la torre norte. Desde 1469 la iglesia ha sido una catedral y por lo tanto la sede de un obispo, y desde 1723 ha sido la iglesia metropolitana del arzobispo de Viena.<\/p>\n<p>A lo largo del tiempo, la Catedral de San Esteban ha resistido numerosas adversidades, como incendios, guerras francesas y asedios turcos. El edificio sagrado sobrevivi\u00f3 casi 800 a\u00f1os casi intacto. Pero en las \u00faltimas semanas de la Segunda Guerra Mundial, la catedral experiment\u00f3 la destrucci\u00f3n m\u00e1s masiva de su larga historia. Despu\u00e9s del devastador incendio que asol\u00f3 la iglesia del 11 al 13 de abril de 1945, la catedral parec\u00eda perdida. Numerosos tesoros art\u00edsticos, campanas, el \u00f3rgano, el oratorio imperial y la siller\u00eda g\u00f3tica del coro cayeron v\u00edctimas del incendio.&nbsp;<\/p>\n<p>Sin embargo, el amor de los vieneses por su hito condujo r\u00e1pidamente a la reconstrucci\u00f3n de la Catedral de San Esteban. Numerosas donaciones garantizaron la financiaci\u00f3n de la reconstrucci\u00f3n. El 26 de abril de 1952, solo siete a\u00f1os despu\u00e9s del incendio, se reabri\u00f3 la Catedral de San Esteban.<\/p>\n<h2 id=\"t-1669878734237\">Contacto<\/h2>\n<ul>\n<li><strong>Direcci\u00f3n:<\/strong> Stephansplatz 3, 1010 Viena<\/li>\n<li><strong>Metro:<\/strong> Stephanplatz<\/li>\n<li><strong>Entrada:<\/strong> Los enlaces a las <a href=\"https:\/\/www.stephanskirche.at\/visitCatacombs.php\" target=\"_blank\" rel=\"noopener\">Catacumbas<\/a> , <a href=\"https:\/\/www.stephanskirche.at\/visitSouthtower.php\" target=\"_blank\" rel=\"noopener\">la Torre Sur<\/a> y <a href=\"https:\/\/www.stephanskirche.at\/visitNorthtower.php\" target=\"_blank\" rel=\"noopener\">la Torre Norte<\/a> se pueden encontrar aqu\u00ed<\/li>\n<li><strong>Horario de apertura<\/strong> : Puede encontrar los horarios de apertura actuales en la <a href=\"https:\/\/www.stephanskirche.at\/calendar.php\" target=\"_blank\" style=\"outline: none;\" rel=\"noopener\">p\u00e1gina de inicio de la Catedral de San Esteban<\/a> .<\/li>\n<\/ul>\n<h3 style=\"\" id=\"t-1686571213368\"><strong>ART\u00cdCULOS RELACIONADOS<\/strong><\/h3>\n<p><a href=\"https:\/\/viennatouristinformation.com\/es\/cosas-que-hacer\/castillos\/belvedere\/\" dynamic-postlink=\"tcb_post_the_permalink\" data-shortcode-id=\"819\"><\/a><\/p>\n<h2 style=\"padding-top: 0px !important; margin-top: 0px !important; text-align: center;\" id=\"t-1686656273266\" data-hide=\"true\"><span data-shortcode=\"tcb_post_title\" data-shortcode-name=\"Post title\" data-extra_key=\"\" data-attr-link=\"1\" data-attr-target=\"0\" data-attr-rel=\"0\" data-option-inline=\"1\" data-attr-static-link=\"{&quot;className&quot;:&quot;&quot;,&quot;href&quot;:&quot;https:\/\/viennatouristinformation.com\/es\/cosas-que-hacer\/castillos\/belvedere\/&quot;,&quot;title&quot;:&quot;Palacio Belvedere en Viena: Exposici\u00f3n, entrada e historia&quot;,&quot;class&quot;:&quot;&quot;}\" data-attr-css=\"\"><a href=\"https:\/\/viennatouristinformation.com\/es\/cosas-que-hacer\/castillos\/belvedere\/\" title=\"Palacio Belvedere en Viena: Exposici\u00f3n, entrada e historia\" data-css=\"\">Palacio Belvedere en Viena: Exposici\u00f3n, entrada e historia<\/a><\/span><\/h2>\n<p><a href=\"https:\/\/viennatouristinformation.com\/es\/cosas-que-hacer\/castillos\/\" dynamic-postlink=\"tcb_post_the_permalink\" data-shortcode-id=\"819\"><\/a><\/p>\n<h2 style=\"padding-top: 0px !important; margin-top: 0px !important; text-align: center;\" id=\"t-1686656273266\" data-hide=\"true\"><span data-shortcode=\"tcb_post_title\" data-shortcode-name=\"Post title\" data-extra_key=\"\" data-attr-link=\"1\" data-attr-target=\"0\" data-attr-rel=\"0\" data-option-inline=\"1\" data-attr-static-link=\"{&quot;className&quot;:&quot;&quot;,&quot;href&quot;:&quot;https:\/\/viennatouristinformation.com\/es\/cosas-que-hacer\/castillos\/belvedere\/&quot;,&quot;title&quot;:&quot;Palacio Belvedere en Viena: Exposici\u00f3n, entrada e historia&quot;,&quot;class&quot;:&quot;&quot;}\" data-attr-css=\"\"><a href=\"https:\/\/viennatouristinformation.com\/es\/cosas-que-hacer\/castillos\/\" title=\"10 Castillos m\u00e1s bonitos de Viena\" data-css=\"\">10 Castillos m\u00e1s bonitos de Viena<\/a><\/span><\/h2>\n<p><a href=\"https:\/\/viennatouristinformation.com\/es\/cosas-que-hacer\/iglesias\/san-carlos\/\" dynamic-postlink=\"tcb_post_the_permalink\" data-shortcode-id=\"819\"><\/a><\/p>\n<h2 style=\"padding-top: 0px !important; margin-top: 0px !important; text-align: center;\" id=\"t-1686656273266\" data-hide=\"true\"><span data-shortcode=\"tcb_post_title\" data-shortcode-name=\"Post title\" data-extra_key=\"\" data-attr-link=\"1\" data-attr-target=\"0\" data-attr-rel=\"0\" data-option-inline=\"1\" data-attr-static-link=\"{&quot;className&quot;:&quot;&quot;,&quot;href&quot;:&quot;https:\/\/viennatouristinformation.com\/es\/cosas-que-hacer\/castillos\/belvedere\/&quot;,&quot;title&quot;:&quot;Palacio Belvedere en Viena: Exposici\u00f3n, entrada e historia&quot;,&quot;class&quot;:&quot;&quot;}\" data-attr-css=\"\"><a href=\"https:\/\/viennatouristinformation.com\/es\/cosas-que-hacer\/iglesias\/san-carlos\/\" title=\"Iglesia de San Carlos Viena: Visita, Entrada e Historia\" data-css=\"\">Iglesia de San Carlos Viena: Visita, Entrada e Historia<\/a><\/span><\/h2>\n<p><a href=\"https:\/\/viennatouristinformation.com\/es\/cosas-que-hacer\/iglesias\/\" dynamic-postlink=\"tcb_post_the_permalink\" data-shortcode-id=\"819\"><\/a><\/p>\n<h2 style=\"padding-top: 0px !important; margin-top: 0px !important; text-align: center;\" id=\"t-1686656273266\" data-hide=\"true\"><span data-shortcode=\"tcb_post_title\" data-shortcode-name=\"Post title\" data-extra_key=\"\" data-attr-link=\"1\" data-attr-target=\"0\" data-attr-rel=\"0\" data-option-inline=\"1\" data-attr-static-link=\"{&quot;className&quot;:&quot;&quot;,&quot;href&quot;:&quot;https:\/\/viennatouristinformation.com\/es\/cosas-que-hacer\/castillos\/belvedere\/&quot;,&quot;title&quot;:&quot;Palacio Belvedere en Viena: Exposici\u00f3n, entrada e historia&quot;,&quot;class&quot;:&quot;&quot;}\" data-attr-css=\"\"><a href=\"https:\/\/viennatouristinformation.com\/es\/cosas-que-hacer\/iglesias\/\" title=\"12 Iglesias m\u00e1s bellas de Viena\" data-css=\"\">12 Iglesias m\u00e1s bellas de Viena<\/a><\/span><\/h2>\n","protected":false},"excerpt":{"rendered":"<p>La Catedral de San Esteban es el centro de Viena. Est\u00e1 ubicado en el centro del distrito 1, que una vez estuvo rodeado por las murallas de la ciudad y, por lo tanto, forma el coraz\u00f3n de la antigua Viena. Cari\u00f1osamente llamada \u00abSteffl\u00bb por los lugare\u00f1os , la Catedral de St. es uno de los [&hellip;]<\/p>\n","protected":false},"author":3,"featured_media":1875,"parent":1623,"menu_order":0,"comment_status":"closed","ping_status":"closed","template":"","meta":{"footnotes":""},"tags":[],"class_list":["post-835","page","type-page","status-publish","has-post-thumbnail","hentry","post-wrapper","thrv_wrapper"],"_links":{"self":[{"href":"https:\/\/viennatouristinformation.com\/es\/wp-json\/wp\/v2\/pages\/835","targetHints":{"allow":["GET"]}}],"collection":[{"href":"https:\/\/viennatouristinformation.com\/es\/wp-json\/wp\/v2\/pages"}],"about":[{"href":"https:\/\/viennatouristinformation.com\/es\/wp-json\/wp\/v2\/types\/page"}],"author":[{"embeddable":true,"href":"https:\/\/viennatouristinformation.com\/es\/wp-json\/wp\/v2\/users\/3"}],"replies":[{"embeddable":true,"href":"https:\/\/viennatouristinformation.com\/es\/wp-json\/wp\/v2\/comments?post=835"}],"version-history":[{"count":0,"href":"https:\/\/viennatouristinformation.com\/es\/wp-json\/wp\/v2\/pages\/835\/revisions"}],"up":[{"embeddable":true,"href":"https:\/\/viennatouristinformation.com\/es\/wp-json\/wp\/v2\/pages\/1623"}],"wp:featuredmedia":[{"embeddable":true,"href":"https:\/\/viennatouristinformation.com\/es\/wp-json\/wp\/v2\/media\/1875"}],"wp:attachment":[{"href":"https:\/\/viennatouristinformation.com\/es\/wp-json\/wp\/v2\/media?parent=835"}],"wp:term":[{"taxonomy":"post_tag","embeddable":true,"href":"https:\/\/viennatouristinformation.com\/es\/wp-json\/wp\/v2\/tags?post=835"}],"curies":[{"name":"wp","href":"https:\/\/api.w.org\/{rel}","templated":true}]}}