{"id":913,"date":"2020-07-22T09:07:04","date_gmt":"2020-07-22T07:07:04","guid":{"rendered":"http:\/\/viennatouristinformation.com\/es\/?page_id=913"},"modified":"2023-06-01T14:22:56","modified_gmt":"2023-06-01T12:22:56","slug":"ayuntamiento","status":"publish","type":"page","link":"https:\/\/viennatouristinformation.com\/es\/cosas-que-hacer\/atracciones\/ayuntamiento\/","title":{"rendered":"Ayuntamiento de Viena: Rathausplatz, eventos y visitas"},"content":{"rendered":"<h2 id=\"t-1669900063726\" data-hide=\"true\">El Ayuntamiento de Viena en el primer distrito, junto con el Rathausmann de 5,40 metros de altura, que corona la torre principal, es uno de los s\u00edmbolos de Viena.<\/h2>\n<p>El ayuntamiento fue construido en estilo neog\u00f3tico por Friedrich von Schmidt entre 1872 y 1883 y es la sede del gobierno y la administraci\u00f3n de Viena. Los interesados pueden visitar el ayuntamiento en una visita p\u00fablica.<\/p>\n<p>Pero la plaza del ayuntamiento frente al ayuntamiento tambi\u00e9n atrae a visitantes casi todo el a\u00f1o con eventos.<\/p>\n<p>A continuaci\u00f3n, le diremos qu\u00e9 eventos regulares tienen lugar en Rathausplatz, c\u00f3mo puede visitar Rathaus y toda otra informaci\u00f3n importante.<\/p>\n<h2 id=\"t-1669900063727\">Eventos anuales en Rathausplatz<\/h2>\n<p>La hist\u00f3rica plaza del ayuntamiento es un lugar popular para numerosos eventos. En cualquier \u00e9poca del a\u00f1o puede esperar conciertos, eventos al aire libre, bailes, eventos deportivos y mucho m\u00e1s. Los principales eventos anuales son<\/p>\n<h3 id=\"t-1669900063728\">1. Mercado navide\u00f1o<\/h3>\n<p><span><img decoding=\"async\" alt=\"Weihnachtsmarkt am Rathausplatz in Vienna in Austria\" data-id=\"2254\" width=\"885\" data-init-width=\"1000\" height=\"590\" data-init-height=\"667\" title=\"Weihnachtsmarkt am Rathausplatz in Vienna in Austria\" loading=\"lazy\" src=\"\/\/viennatouristinformation.com\/es\/wp-content\/uploads\/2020\/10\/Weihnachtsmarkt-am-Rathausplatz.jpg\" data-width=\"885\" data-height=\"590\"><\/span><\/p>\n<p>Cualquiera que est\u00e9 en Viena durante el Adviento no debe perderse el mercado navide\u00f1o de Viena en Rathausplatz.<\/p>\n<p>El \u00abChristkindlmarkt\u00bb con el nombre <em>Vienna Christmas Dream<\/em> no solo se considera el mercado navide\u00f1o m\u00e1s hermoso de Viena, sino tambi\u00e9n uno de los m\u00e1s hermosos de Europa.<\/p>\n<p>Se lleva a cabo todos los a\u00f1os desde mediados de noviembre hasta A\u00f1o Nuevo y ofrece un escenario celestial con luces festivas, un ambiente evocador y el ayuntamiento iluminado como tel\u00f3n de fondo impresionante. Alrededor de 150 puestos navide\u00f1os ofrecen delicias, artesan\u00edas tradicionales e ideas para regalos. Una atracci\u00f3n popular es la pista de hielo de 3000 m\u00b2, que invita a patinar sobre hielo.<\/p>\n<h3 id=\"t-1669900063729\">2. Sue\u00f1o de hielo<\/h3>\n<p><span><img decoding=\"async\" alt=\"Eistraum in Vienna in Austria\" data-id=\"1967\" width=\"885\" data-init-width=\"1000\" height=\"590\" data-init-height=\"667\" title=\"Eistraum in Vienna in Austria\" loading=\"lazy\" src=\"\/\/viennatouristinformation.com\/es\/wp-content\/uploads\/2020\/09\/Eistraum.jpg\" data-width=\"885\" data-height=\"590\"><\/span><\/p>\n<p>Desde mediados de enero hasta principios de marzo, Rathausplatz se transforma en el Sue\u00f1o de Hielo Vien\u00e9s.<\/p>\n<p>Con m\u00e1s de 9.000 m\u00b2 de hielo, es la pista de patinaje sobre hielo m\u00e1s grande de la capital austriaca y un lugar de encuentro popular para j\u00f3venes y mayores. Gracias a la encantadora atm\u00f3sfera, los visitantes no solo disfrutan de la diversi\u00f3n especial del deporte sobre hielo, sino tambi\u00e9n de la pintoresca magia invernal.<\/p>\n<p>El alquiler de cascos y patines y una variedad de puestos de comida tambi\u00e9n est\u00e1n en el lugar. Lo m\u00e1s destacado es el <em>Sky Rink<\/em> , una rampa de 120 metros de largo que conduce a una extraordinaria terraza de patinaje sobre hielo. Un \u00e1rea m\u00e1s peque\u00f1a est\u00e1 disponible para ni\u00f1os sin cargo hasta las 4 p. m. de lunes a viernes y todo el d\u00eda los fines de semana.<\/p>\n<h3 id=\"t-1669900063730\">3. Festival de Cine y Cine de Verano<\/h3>\n<p><span><img decoding=\"async\" alt=\"Filmfestival und Sommerkino\" data-id=\"1968\" width=\"885\" data-init-width=\"1000\" height=\"590\" data-init-height=\"667\" title=\"Filmfestival und Sommerkino\" loading=\"lazy\" src=\"\/\/viennatouristinformation.com\/es\/wp-content\/uploads\/2020\/09\/Filmfestival-und-Sommerkino.jpg\" data-width=\"885\" data-height=\"590\"><\/span><\/p>\n<p>Otro evento anual popular es el Festival de Cine y Cine de Verano de Viena, uno de los puntos destacados del verano en Viena.<\/p>\n<p>Cada a\u00f1o, en los meses de verano, el festival de cine y cine de verano te invita al cine al aire libre frente al ayuntamiento con un programa variado. El programa incluye piezas del mundo de la \u00f3pera, el ballet, las m\u00fasicas del mundo y el jazz. La entrada es gratuita.<\/p>\n<p>No solo los fan\u00e1ticos del cine y la m\u00fasica obtienen aqu\u00ed valor de su dinero, sino que tambi\u00e9n se ofrecen platos destacados culinarios de platos internacionales y regionales en numerosos puestos.<\/p>\n<h3 id=\"t-1669900063731\">4. Silvesterpfad<\/h3>\n<p><span><img decoding=\"async\" alt=\"Silvesterpfad in Vienna in Austria\" data-id=\"1969\" width=\"885\" data-init-width=\"1000\" height=\"590\" data-init-height=\"667\" title=\"Silvesterpfad in Vienna in Austria\" loading=\"lazy\" src=\"\/\/viennatouristinformation.com\/es\/wp-content\/uploads\/2020\/09\/Silvesterpfad.jpg\" data-width=\"885\" data-height=\"590\"><\/span><\/p>\n<p>Una de las direcciones m\u00e1s populares para el cambio de a\u00f1o es Rathausplatz. Como parte del <em>Camino de Nochevieja en <\/em><em>Viena<\/em> , es una de las fiestas de A\u00f1o Nuevo al aire libre m\u00e1s grandes de Europa.<\/p>\n<p>Lo m\u00e1s destacado es definitivamente el gran espect\u00e1culo de fuegos artificiales de Nochevieja en Rathausplatz, que cada a\u00f1o a la medianoche hace que el cielo estrellado brille con un maravilloso mar de luces.<\/p>\n<h2 id=\"t-1669900063732\">Visita con gu\u00eda<\/h2>\n<p><span><img decoding=\"async\" alt=\"Besichtigung mit F\u00fchrung\" data-id=\"1970\" width=\"885\" data-init-width=\"1000\" height=\"590\" data-init-height=\"667\" title=\"Besichtigung mit F\u00fchrung\" loading=\"lazy\" src=\"\/\/viennatouristinformation.com\/es\/wp-content\/uploads\/2020\/09\/Besichtigung-mit-F\u00fchrung.jpg\" data-width=\"885\" data-height=\"590\"><\/span><\/p>\n<p>Las personas pueden visitar el Ayuntamiento de Viena de forma gratuita y sin registrarse. Las visitas p\u00fablicas al ayuntamiento se realizan todos los lunes, mi\u00e9rcoles y viernes a la 1 p. m.<\/p>\n<p>Si lo desea, puede tomar prestada una audiogu\u00eda en ingl\u00e9s, franc\u00e9s, espa\u00f1ol e italiano de forma gratuita al depositar su identificaci\u00f3n.<\/p>\n<p>Los viajes en grupo de 10 a un m\u00e1ximo de 20 personas son posibles despu\u00e9s del registro previo. Los tours se ofrecen de lunes a viernes de 8 a 14 hs.<\/p>\n<p>El punto de encuentro para los recorridos es el centro de informaci\u00f3n de la ciudad en el ayuntamiento, entrada: 1st, Friedrich-Schmidt-Platz 1.<\/p>\n<p><strong>Tenga en cuenta:<\/strong> No se ofrecen visitas guiadas los d\u00edas de reuni\u00f3n, d\u00edas festivos, Viernes Santo, 24 y 31 de diciembre, o durante eventos importantes.<\/p>\n<h2 id=\"t-1669900063733\">Rathauspark<\/h2>\n<p>El Rathauspark, que est\u00e1 dividido por Rathausplatz, es uno de los parques m\u00e1s visitados de Viena.<\/p>\n<p>Fue dise\u00f1ado como parque p\u00fablico en 1863 y desde entonces ha gozado de gran popularidad. Seg\u00fan la temporada, te invita a hacer un picnic, tomar el sol o patinar sobre hielo.<\/p>\n<h2 id=\"t-1669900063734\">Bodega del Ayuntamiento<\/h2>\n<p>El Wiener Rathauskeller se encuentra directamente en el Rathaus. Sus salones y salones tradicionales, en los que la historia de Viena es casi tangible, se caracterizan por un ambiente \u00fanico.<\/p>\n<p>Las venerables c\u00e1maras, junto con las delicias culinarias de la cocina vienesa, hacen de este negocio centenario uno de los lugares para eventos m\u00e1s populares de Viena.<\/p>\n<h2 id=\"t-1669900063735\">historia<\/h2>\n<p><span><img decoding=\"async\" alt=\"Geschichte\" data-id=\"1971\" width=\"885\" data-init-width=\"1000\" height=\"590\" data-init-height=\"667\" title=\"Geschichte\" loading=\"lazy\" src=\"\/\/viennatouristinformation.com\/es\/wp-content\/uploads\/2020\/09\/Geschichte-6.jpg\" data-width=\"885\" data-height=\"590\"><\/span><\/p>\n<p>El Ayuntamiento de Viena en Ringstrasse fue construido entre 1872 y 1883 por el arquitecto Friedrich von Schmidt. Reemplaza el <em>antiguo ayuntamiento<\/em> en Wipplingerstrasse, que se qued\u00f3 peque\u00f1o.<\/p>\n<p>El imponente edificio de ladrillo fue dise\u00f1ado en estilo neog\u00f3tico y revestido de piedra caliza. En una superficie de 19.592 m\u00b2 se distribuyen 1.575 habitaciones, 7 patios interiores y 6 plantas.<\/p>\n<p><em>La estatua de bronce del ayuntamiento de hierro<\/em> est\u00e1 entronizada en la torre principal de 98 metros de altura del ayuntamiento . Pesa 650 kilogramos, mide 5,40 metros incluida la bandera y calza zapatos talla 63.<\/p>\n<p>Hoy, el ayuntamiento alberga varias instituciones pol\u00edticas locales y estatales. Las magn\u00edficas instalaciones se utilizan para eventos representativos de la ciudad, como recepciones, bailes, banquetes y exposiciones. Destaca especialmente el magn\u00edfico sal\u00f3n de baile, que ofrece una magn\u00edfica vista de la famosa Ringstrasse.<\/p>\n<h2 id=\"t-1669900063736\">Contacto<\/h2>\n<ul>\n<li><strong>Direcci\u00f3n<\/strong> : Friedrich-Schmidt-Platz 1, 1010 Viena<\/li>\n<li><strong>Metro:<\/strong> U2 Rathaus<\/li>\n<\/ul>\n","protected":false},"excerpt":{"rendered":"<p>El Ayuntamiento de Viena en el primer distrito, junto con el Rathausmann de 5,40 metros de altura, que corona la torre principal, es uno de los s\u00edmbolos de Viena. El ayuntamiento fue construido en estilo neog\u00f3tico por Friedrich von Schmidt entre 1872 y 1883 y es la sede del gobierno y la administraci\u00f3n de Viena. [&hellip;]<\/p>\n","protected":false},"author":3,"featured_media":1965,"parent":138,"menu_order":0,"comment_status":"open","ping_status":"closed","template":"","meta":{"footnotes":""},"tags":[],"class_list":["post-913","page","type-page","status-publish","has-post-thumbnail","hentry","post-wrapper","thrv_wrapper"],"_links":{"self":[{"href":"https:\/\/viennatouristinformation.com\/es\/wp-json\/wp\/v2\/pages\/913","targetHints":{"allow":["GET"]}}],"collection":[{"href":"https:\/\/viennatouristinformation.com\/es\/wp-json\/wp\/v2\/pages"}],"about":[{"href":"https:\/\/viennatouristinformation.com\/es\/wp-json\/wp\/v2\/types\/page"}],"author":[{"embeddable":true,"href":"https:\/\/viennatouristinformation.com\/es\/wp-json\/wp\/v2\/users\/3"}],"replies":[{"embeddable":true,"href":"https:\/\/viennatouristinformation.com\/es\/wp-json\/wp\/v2\/comments?post=913"}],"version-history":[{"count":0,"href":"https:\/\/viennatouristinformation.com\/es\/wp-json\/wp\/v2\/pages\/913\/revisions"}],"up":[{"embeddable":true,"href":"https:\/\/viennatouristinformation.com\/es\/wp-json\/wp\/v2\/pages\/138"}],"wp:featuredmedia":[{"embeddable":true,"href":"https:\/\/viennatouristinformation.com\/es\/wp-json\/wp\/v2\/media\/1965"}],"wp:attachment":[{"href":"https:\/\/viennatouristinformation.com\/es\/wp-json\/wp\/v2\/media?parent=913"}],"wp:term":[{"taxonomy":"post_tag","embeddable":true,"href":"https:\/\/viennatouristinformation.com\/es\/wp-json\/wp\/v2\/tags?post=913"}],"curies":[{"name":"wp","href":"https:\/\/api.w.org\/{rel}","templated":true}]}}