{"id":920,"date":"2020-07-20T10:03:31","date_gmt":"2020-07-20T08:03:31","guid":{"rendered":"http:\/\/viennatouristinformation.com\/es\/?page_id=920"},"modified":"2023-06-14T14:26:34","modified_gmt":"2023-06-14T12:26:34","slug":"tesoro-imperial-de-viena","status":"publish","type":"page","link":"https:\/\/viennatouristinformation.com\/es\/cosas-que-hacer\/castillos\/palacio-imperial\/tesoro-imperial-de-viena\/","title":{"rendered":"Tesoro Imperial de Viena"},"content":{"rendered":"<h2 id=\"t-1669965778898\" data-hide=\"true\">El Tesoro Imperial es parte del complejo Hofburg. Se encuentra en el ala suiza, la parte m\u00e1s antigua del Hofburg.<\/h2>\n<p>Con sus muchos tesoros de valor incalculable, el Tesoro Imperial es el tesoro m\u00e1s importante del mundo.<\/p>\n<p style=\"\"><strong>Otros art\u00edculos recomendados:<\/strong><\/p>\n<ul>\n<li><a href=\"https:\/\/viennatouristinformation.com\/es\/cosas-que-hacer\/10-mejores\/\" style=\"outline: none;\">Las 10 mejores cosas que hacer en Viena<\/a><\/li>\n<li><a href=\"https:\/\/viennatouristinformation.com\/es\/hoteles\/\">Los hoteles mejor recomendados en Viena<\/a><\/li>\n<li><a href=\"https:\/\/viennatouristinformation.com\/es\/cosas-que-hacer\/atracciones\/\">Atracciones excepcionales en Viena<\/a><\/li>\n<li><a href=\"https:\/\/viennatouristinformation.com\/es\/comida\/\">Los mejores restaurantes de Viena<\/a><\/li>\n<li><a href=\"https:\/\/viennatouristinformation.com\/es\/compras\/\">Compras en Viena<\/a><\/li>\n<li><a href=\"https:\/\/viennatouristinformation.com\/es\/plan\/transporte-publico\/\">Transporte p\u00fablico en Viena<\/a><\/li>\n<\/ul>\n<h2 id=\"t-1669965778899\">Lugares de inter\u00e9s en el tesoro<\/h2>\n<p>El tesoro, que se distribuye en 20 salas y exhibe m\u00e1s de 500 objetos, se divide en un tesoro secular y otro espiritual.<\/p>\n<p>Las exhibiciones en el <strong>tesoro clerical<\/strong> brindan informaci\u00f3n sobre el culto de las reliquias de la Edad Media, sobre el catolicismo de los Habsburgo y tambi\u00e9n sobre las creencias populares austriacas.<\/p>\n<p>El <strong>tesoro secular<\/strong> contiene tesoros de m\u00e1s de mil a\u00f1os de historia europea. Los objetos m\u00e1s espectaculares incluyen los siguientes:<\/p>\n<h3 id=\"t-1669965778900\">1. Corona Imperial del Sacro Imperio Romano Germ\u00e1nico<\/h3>\n<p>La joya del tesoro es la corona imperial del Sacro Imperio Romano Germ\u00e1nico. Data de la segunda mitad del siglo X y est\u00e1 decorado con todo tipo de alusiones b\u00edblicas adem\u00e1s de 144 piedras preciosas y numerosas perlas. La mayor\u00eda de los reyes y emperadores romano-germanos desde Conrado II fueron coronados con la corona octogonal hecha de oro puro.<\/p>\n<p>Las otras joyas imperiales, incluido el cetro, el orbe imperial, la espada imperial, la cruz imperial, la lanza sagrada, el manto de coronaci\u00f3n y mucho m\u00e1s, se guardan aqu\u00ed.<\/p>\n<h3 id=\"t-1669965778901\">2. Corona Imperial Austriaca<\/h3>\n<p>La corona privada del emperador Rodolfo II de 1602, una de las coronas m\u00e1s hermosas del mundo, es tambi\u00e9n una de las exhibiciones m\u00e1s importantes del tesoro. Es la corona imperial austr\u00edaca posterior. Sin embargo, nunca fue utilizada para una coronaci\u00f3n. La corona, que consta de tres partes, el anillo de la corona, el arco de la corona y la mitra, se considera una obra importante del arte orfebre europeo.<\/p>\n<p>Junto a ella est\u00e1n el cetro y el orbe en el tesoro secular.<\/p>\n<h3 id=\"t-1669965778902\">3. Tesoro de la Orden del Tois\u00f3n de Oro<\/h3>\n<p>Tambi\u00e9n se exhibe el tesoro de la Orden del Tois\u00f3n de Oro, fundada en 1430 y la orden de m\u00e1s alto rango en la monarqu\u00eda de los Habsburgo. Adem\u00e1s de casullas y vestiduras, tambi\u00e9n hay numerosos objetos de arte de Carlos el Temerario entre las exhibiciones.<\/p>\n<h3 id=\"t-1669965778903\">4. Burgunderschatz<\/h3>\n<p>Otro bien cultural destacado en el tesoro es el tesoro de Borgo\u00f1a del siglo XV. Esto se agreg\u00f3 a las posesiones de los Habsburgo despu\u00e9s de que Mar\u00eda de Borgo\u00f1a se casara con el posterior emperador Maximiliano I. Numerosas exhibiciones valiosas dan testimonio de la fama y la riqueza del Ducado de Borgo\u00f1a.<\/p>\n<h3 id=\"t-1669965778904\">M\u00e1s destacados<\/h3>\n<p>Otras gemas de las colecciones incluyen magn\u00edficas joyas de emperatrices y princesas, como partes de las joyas originales de Sisi, valiosas joyas de los Habsburgo, incluida una de las esmeraldas m\u00e1s grandes del mundo, y el trono de cuna del hijo de Napole\u00f3n.<\/p>\n<p>La colecci\u00f3n tambi\u00e9n incluye tesoros legendarios, como un diente de narval de m\u00e1s de 2 metros de largo, que se cre\u00eda que era el cuerno de un unicornio, y un enorme cuenco de \u00e1gata de la antig\u00fcedad tard\u00eda, que se consideraba el legendario Santo Grial.<\/p>\n<h2 id=\"t-1669965778905\">Entrada al tesoro<\/h2>\n<p>La entrada al tesoro est\u00e1 en el Schweizerhof. Est\u00e1 en la esquina sureste, justo debajo de la Capilla Hofburg.<\/p>\n<h2 id=\"t-1669965778906\">Entradas, entradas y visitas guiadas<\/h2>\n<p><strong>Entrada:<\/strong> La entrada al Tesoro Imperial es de 12 \u20ac para adultos. Los ni\u00f1os y j\u00f3venes menores de 19 a\u00f1os disfrutan de entrada gratuita.<\/p>\n<p><strong>Entradas:<\/strong> Tambi\u00e9n est\u00e1n disponibles varias entradas combinadas y entradas anuales, como la \u00bb Entrada Anual <em>7 Museos <\/em><em>&#8211; 365 D\u00edas \u00ab<\/em> , <em>\u00bb Entrada Anual Joven U25&#8243;<\/em> o las entradas combinadas <em>\u00abTesoros de los Habsburgo\u00bb<\/em> y <em>\u00abLos <\/em><em>Tesoros del Emperador\u00bb. <\/em>Puede encontrar una descripci\u00f3n general de las ofertas y los precios de las entradas <a href=\"https:\/\/www.kaiserliche-schatzkammer.at\/besuchen\/besucherinformation\/oeffnungszeiten-eintrittspreise\/\" rel=\"noopener\" target=\"_blank\">aqu\u00ed<\/a> .<\/p>\n<p><strong>Visitas guiadas:<\/strong> las partes interesadas pueden obtener una visi\u00f3n profunda de la rica colecci\u00f3n en la visita guiada <em>, que se ofrece en alem\u00e1n e ingl\u00e9s. <\/em>Tambi\u00e9n se pueden realizar visitas privadas con una semana de antelaci\u00f3n. M\u00e1s sobre esto <a href=\"https:\/\/www.kaiserliche-schatzkammer.at\/erfahren\/kunstvermittlung\/fuehrungen\/\" rel=\"noopener\" target=\"_blank\">aqu\u00ed<\/a> .<\/p>\n<p><strong>Audiogu\u00eda:<\/strong> una audiogu\u00eda, que ayuda a comprender mejor el contexto hist\u00f3rico de los numerosos tesoros, est\u00e1 disponible por una tarifa en el punto de emisi\u00f3n a la izquierda de la escalera. Est\u00e1 disponible en los siguientes idiomas: alem\u00e1n, ingl\u00e9s, italiano, franc\u00e9s, espa\u00f1ol, ruso y mandar\u00edn.<\/p>\n<h2 id=\"t-1669965778907\" style=\"\">Contacto<\/h2>\n<ul>\n<li><strong>Direcci\u00f3n:<\/strong> Hofburg, Schweizerhof, 1010 Viena<\/li>\n<li><strong>Metro: &nbsp;<\/strong> U3 Herrengasse<\/li>\n<li><strong>Horario de apertura:<\/strong> Puede encontrar el horario de apertura actual de la Tesorer\u00eda Imperial en la <a href=\"https:\/\/www.kaiserliche-schatzkammer.at\/besuchen\/besucherinformation\/oeffnungszeiten-eintrittspreise\/\" rel=\"noopener\" target=\"_blank\">p\u00e1gina<\/a> de inicio de la Tesorer\u00eda .<\/li>\n<\/ul>\n<h3 style=\"\" id=\"t-1686571213368\"><strong>ART\u00cdCULOS RELACIONADOS<\/strong><\/h3>\n<p><a href=\"https:\/\/viennatouristinformation.com\/es\/cosas-que-hacer\/castillos\/palacio-imperial\/apartamentos-imperiales\/\" dynamic-postlink=\"tcb_post_the_permalink\" data-shortcode-id=\"928\"><\/a><\/p>\n<h2 style=\"padding-top: 0px !important; margin-top: 0px !important; text-align: center;\" id=\"t-1686745484495\" data-hide=\"true\"><span data-shortcode=\"tcb_post_title\" data-shortcode-name=\"Post title\" data-extra_key=\"\" data-attr-link=\"1\" data-attr-target=\"0\" data-attr-rel=\"0\" data-option-inline=\"1\" data-attr-static-link=\"{&quot;className&quot;:&quot;&quot;,&quot;href&quot;:&quot;https:\/\/viennatouristinformation.com\/es\/cosas-que-hacer\/museo\/&quot;,&quot;title&quot;:&quot;30 Museos m\u00e1s importantes de Viena&quot;,&quot;class&quot;:&quot;&quot;}\" data-attr-css=\"\"><a href=\"https:\/\/viennatouristinformation.com\/es\/cosas-que-hacer\/castillos\/palacio-imperial\/apartamentos-imperiales\/\" title=\"Apartamentos Imperiales, Museo Sisi y Colecci\u00f3n de Plata\" data-css=\"\">Apartamentos Imperiales, Museo Sisi y Colecci\u00f3n de Plata<\/a><\/span><\/h2>\n<p><a href=\"https:\/\/viennatouristinformation.com\/es\/cosas-que-hacer\/museo\/historia-natural\/\" dynamic-postlink=\"tcb_post_the_permalink\" data-shortcode-id=\"928\"><\/a><\/p>\n<h2 style=\"padding-top: 0px !important; margin-top: 0px !important; text-align: center;\" id=\"t-1686745484495\" data-hide=\"true\"><span data-shortcode=\"tcb_post_title\" data-shortcode-name=\"Post title\" data-extra_key=\"\" data-attr-link=\"1\" data-attr-target=\"0\" data-attr-rel=\"0\" data-option-inline=\"1\" data-attr-static-link=\"{&quot;className&quot;:&quot;&quot;,&quot;href&quot;:&quot;https:\/\/viennatouristinformation.com\/es\/cosas-que-hacer\/museo\/&quot;,&quot;title&quot;:&quot;30 Museos m\u00e1s importantes de Viena&quot;,&quot;class&quot;:&quot;&quot;}\" data-attr-css=\"\"><a href=\"https:\/\/viennatouristinformation.com\/es\/cosas-que-hacer\/museo\/historia-natural\/\" title=\"Museo de Historia Natural de Viena: Exposici\u00f3n y entrada\" data-css=\"\">Museo de Historia Natural de Viena: Exposici\u00f3n y entrada<\/a><\/span><\/h2>\n<p><a href=\"https:\/\/viennatouristinformation.com\/es\/cosas-que-hacer\/castillos\/palacio-imperial\/sala-de-estado-de-la-biblioteca-nacional\/\" dynamic-postlink=\"tcb_post_the_permalink\" data-shortcode-id=\"928\"><\/a><\/p>\n<h2 style=\"padding-top: 0px !important; margin-top: 0px !important; text-align: center;\" id=\"t-1686745484495\" data-hide=\"true\"><span data-shortcode=\"tcb_post_title\" data-shortcode-name=\"Post title\" data-extra_key=\"\" data-attr-link=\"1\" data-attr-target=\"0\" data-attr-rel=\"0\" data-option-inline=\"1\" data-attr-static-link=\"{&quot;className&quot;:&quot;&quot;,&quot;href&quot;:&quot;https:\/\/viennatouristinformation.com\/es\/cosas-que-hacer\/museo\/&quot;,&quot;title&quot;:&quot;30 Museos m\u00e1s importantes de Viena&quot;,&quot;class&quot;:&quot;&quot;}\" data-attr-css=\"\"><a href=\"https:\/\/viennatouristinformation.com\/es\/cosas-que-hacer\/castillos\/palacio-imperial\/sala-de-estado-de-la-biblioteca-nacional\/\" title=\"Sala de Estado de la Biblioteca Nacional\" data-css=\"\">Sala de Estado de la Biblioteca Nacional<\/a><\/span><\/h2>\n<p><a href=\"https:\/\/viennatouristinformation.com\/es\/cosas-que-hacer\/castillos\/palacio-imperial\/\" dynamic-postlink=\"tcb_post_the_permalink\" data-shortcode-id=\"928\"><\/a><\/p>\n<h2 style=\"padding-top: 0px !important; margin-top: 0px !important; text-align: center;\" id=\"t-1686745484495\" data-hide=\"true\"><span data-shortcode=\"tcb_post_title\" data-shortcode-name=\"Post title\" data-extra_key=\"\" data-attr-link=\"1\" data-attr-target=\"0\" data-attr-rel=\"0\" data-option-inline=\"1\" data-attr-static-link=\"{&quot;className&quot;:&quot;&quot;,&quot;href&quot;:&quot;https:\/\/viennatouristinformation.com\/es\/cosas-que-hacer\/museo\/&quot;,&quot;title&quot;:&quot;30 Museos m\u00e1s importantes de Viena&quot;,&quot;class&quot;:&quot;&quot;}\" data-attr-css=\"\"><a href=\"https:\/\/viennatouristinformation.com\/es\/cosas-que-hacer\/castillos\/palacio-imperial\/\" title=\"Palacio Imperial de Hofburg en Viena\" data-css=\"\">Palacio Imperial de Hofburg en Viena<\/a><\/span><\/h2>\n","protected":false},"excerpt":{"rendered":"<p>El Tesoro Imperial es parte del complejo Hofburg. Se encuentra en el ala suiza, la parte m\u00e1s antigua del Hofburg. Con sus muchos tesoros de valor incalculable, el Tesoro Imperial es el tesoro m\u00e1s importante del mundo. Otros art\u00edculos recomendados: Las 10 mejores cosas que hacer en Viena Los hoteles mejor recomendados en Viena Atracciones [&hellip;]<\/p>\n","protected":false},"author":3,"featured_media":3011,"parent":1666,"menu_order":0,"comment_status":"open","ping_status":"closed","template":"","meta":{"footnotes":""},"tags":[],"class_list":["post-920","page","type-page","status-publish","has-post-thumbnail","hentry","post-wrapper","thrv_wrapper"],"_links":{"self":[{"href":"https:\/\/viennatouristinformation.com\/es\/wp-json\/wp\/v2\/pages\/920","targetHints":{"allow":["GET"]}}],"collection":[{"href":"https:\/\/viennatouristinformation.com\/es\/wp-json\/wp\/v2\/pages"}],"about":[{"href":"https:\/\/viennatouristinformation.com\/es\/wp-json\/wp\/v2\/types\/page"}],"author":[{"embeddable":true,"href":"https:\/\/viennatouristinformation.com\/es\/wp-json\/wp\/v2\/users\/3"}],"replies":[{"embeddable":true,"href":"https:\/\/viennatouristinformation.com\/es\/wp-json\/wp\/v2\/comments?post=920"}],"version-history":[{"count":0,"href":"https:\/\/viennatouristinformation.com\/es\/wp-json\/wp\/v2\/pages\/920\/revisions"}],"up":[{"embeddable":true,"href":"https:\/\/viennatouristinformation.com\/es\/wp-json\/wp\/v2\/pages\/1666"}],"wp:featuredmedia":[{"embeddable":true,"href":"https:\/\/viennatouristinformation.com\/es\/wp-json\/wp\/v2\/media\/3011"}],"wp:attachment":[{"href":"https:\/\/viennatouristinformation.com\/es\/wp-json\/wp\/v2\/media?parent=920"}],"wp:term":[{"taxonomy":"post_tag","embeddable":true,"href":"https:\/\/viennatouristinformation.com\/es\/wp-json\/wp\/v2\/tags?post=920"}],"curies":[{"name":"wp","href":"https:\/\/api.w.org\/{rel}","templated":true}]}}