{"id":923,"date":"2020-09-21T11:27:31","date_gmt":"2020-09-21T09:27:31","guid":{"rendered":"http:\/\/viennatouristinformation.com\/es\/?page_id=923"},"modified":"2023-06-01T15:49:05","modified_gmt":"2023-06-01T13:49:05","slug":"sala-de-estado-de-la-biblioteca-nacional","status":"publish","type":"page","link":"https:\/\/viennatouristinformation.com\/es\/cosas-que-hacer\/castillos\/palacio-imperial\/sala-de-estado-de-la-biblioteca-nacional\/","title":{"rendered":"Sala de Estado de la Biblioteca Nacional"},"content":{"rendered":"<h2 id=\"t-1669966691004\" data-hide=\"true\">La sala estatal barroca de la Biblioteca Nacional de Austria en el Hofburg no solo es la biblioteca barroca m\u00e1s grande de Europa, sino tambi\u00e9n una de las bibliotecas hist\u00f3ricas m\u00e1s bellas del mundo.<\/h2>\n<p>La antigua biblioteca de la corte imperial del siglo XVIII fue encargada por el emperador Carlos VI. construido como un ala separada en el <a href=\"https:\/\/viennatouristinformation.com\/es\/cosas-que-hacer\/castillos\/palacio-imperial\/\" style=\"outline: none;\">Hofburg<\/a> .<\/p>\n<p>La entrada a Prunksaal no debe confundirse con la entrada a la Biblioteca Nacional en Heldenplatz y se encuentra en Josefplatz 1.<\/p>\n<h2 id=\"t-1669966691005\">\u00bfQu\u00e9 puedo ver en el State Hall?<\/h2>\n<p><span><img decoding=\"async\" alt=\"Was kann ich im Prunksaal sehen\" data-id=\"1810\" width=\"885\" data-init-width=\"1000\" height=\"590\" data-init-height=\"667\" title=\"Was kann ich im Prunksaal sehen\" loading=\"lazy\" src=\"\/\/viennatouristinformation.com\/es\/wp-content\/uploads\/2020\/09\/Was-kann-ich-im-Prunksaal-sehen.jpg\" data-width=\"885\" data-height=\"590\"><\/span><\/p>\n<p>Los visitantes del State Hall pueden admirar una impresionante colecci\u00f3n de m\u00e1s de 200&nbsp;000 libros de los a\u00f1os 1501 a 1850. Merece la pena ver la colecci\u00f3n del importante general austr\u00edaco Pr\u00edncipe Eugenio de Saboya, que consta de 15.000 vol\u00famenes. Puedes verlos en el \u00f3valo central.<\/p>\n<p>En medio de la imponente sala se encuentra la impresionante estatua del emperador Carlos VI.&nbsp;<\/p>\n<p>Adem\u00e1s, esta joya barroca est\u00e1 decorada con magn\u00edficos frescos. Al ingresar al sal\u00f3n estatal, puede descubrir los magistrales frescos de Daniel Gran en el ala de entrada, que tratan temas seculares y marciales. Admire tambi\u00e9n los frescos en el ala trasera adyacente al Hofburg, con la entrada original del Emperador, que representan motivos aleg\u00f3ricos del Cielo y la Paz. La obra maestra es el famoso fresco en la c\u00fapula de 30 metros de altura, que representa al emperador Carlos VI convirti\u00e9ndose en dios. y representa la historia aleg\u00f3rica del edificio de la biblioteca.<\/p>\n<p>Tambi\u00e9n son dignos de menci\u00f3n los cuatro magn\u00edficos globos venecianos de m\u00e1s de un metro de di\u00e1metro y las estatuas de m\u00e1rmol de los hermanos Peter y Paul Strudel.<\/p>\n<p>Tambi\u00e9n hay exposiciones especiales dos o tres veces al a\u00f1o, en las que se exhiben exposiciones extraordinarias de los fondos de la Biblioteca Nacional de Austria.<\/p>\n<h2 id=\"t-1669966691006\">Admisi\u00f3n, boleto y visitas guiadas<\/h2>\n<p><span><img decoding=\"async\" alt=\"Eintritt, Ticket und F\u00fchrungen\" data-id=\"1811\" width=\"885\" data-init-width=\"1000\" height=\"590\" data-init-height=\"667\" title=\"Eintritt, Ticket und F\u00fchrungen\" loading=\"lazy\" src=\"\/\/viennatouristinformation.com\/es\/wp-content\/uploads\/2020\/09\/Eintritt-Ticket-und-F\u00fchrungen.jpg\" data-width=\"885\" data-height=\"590\"><\/span><\/p>\n<p>Los precios de entrada actuales para el sal\u00f3n estatal se pueden encontrar en la <a href=\"https:\/\/www.onb.ac.at\/besucherinfo\/eintrittspreise\/museen\" rel=\"noopener\" target=\"_blank\">p\u00e1gina<\/a> de inicio de la Biblioteca Nacional de Austria.<\/p>\n<p>Descubre el sal\u00f3n estatal barroco en una visita guiada. Los recorridos p\u00fablicos por el sal\u00f3n de actos duran unos 45 minutos. El punto de encuentro es Prunksaal Servicedesk, Josefsplatz 1, 1010 Viena.&nbsp;<\/p>\n<p>Los precios actuales y los horarios de los recorridos se pueden encontrar en la <a href=\"https:\/\/www.onb.ac.at\/besucherinfo\/fuehrungen\" rel=\"noopener\" target=\"_blank\">p\u00e1gina<\/a> de inicio de la Biblioteca Nacional de Austria.<\/p>\n<h2 id=\"t-1669966691007\">El \u00e1rea de Hofburg tambi\u00e9n incluye:<\/h2>\n<ul>\n<li><a href=\"https:\/\/viennatouristinformation.com\/es\/cosas-que-hacer\/castillos\/palacio-imperial\/apartamentos-imperiales\/\" style=\"outline: none;\">Kaiserappartements, Museo Sisi, Silberkammer<\/a><\/li>\n<li><a href=\"https:\/\/viennatouristinformation.com\/es\/cosas-que-hacer\/castillos\/palacio-imperial\/escuela-espanola-de-equitacion\/\" style=\"outline: none;\">Escuela Espa\u00f1ola de Equitaci\u00f3n<\/a><\/li>\n<li><a href=\"https:\/\/viennatouristinformation.com\/es\/cosas-que-hacer\/castillos\/palacio-imperial\/tesoro-imperial-de-viena\/\" style=\"outline: none;\">Tesoro Imperial<\/a><\/li>\n<li><a href=\"https:\/\/viennatouristinformation.com\/es\/cosas-que-hacer\/castillos\/palacio-imperial\/museo-del-mundo\/\" style=\"outline: none;\">Museo del Mundo de Viena<\/a><\/li>\n<li>Museo de Papiros de la Biblioteca Nacional de Austria<\/li>\n<li>Museo de \u00c9feso<\/li>\n<li>Caza y armer\u00eda de la corte de Viena<\/li>\n<li>Colecci\u00f3n de instrumentos musicales antiguos.<\/li>\n<li>casa de mariposas<\/li>\n<li>Burggarten<\/li>\n<li>Jard\u00edn publico<\/li>\n<li>Canciller\u00eda del presidente de Austria (sede del presidente federal)<\/li>\n<li>Canciller\u00eda Federal<\/li>\n<\/ul>\n<h2 id=\"t-1669966691008\">historia<\/h2>\n<p><span><img decoding=\"async\" alt=\"Geschichte\" data-id=\"1812\" width=\"885\" data-init-width=\"1000\" height=\"590\" data-init-height=\"667\" title=\"Geschichte\" loading=\"lazy\" src=\"\/\/viennatouristinformation.com\/es\/wp-content\/uploads\/2020\/09\/Geschichte.jpg\" data-width=\"885\" data-height=\"590\"><\/span><\/p>\n<p>El Sal\u00f3n de Estado de la Biblioteca Nacional de Austria en el <a href=\"https:\/\/viennatouristinformation.com\/es\/cosas-que-hacer\/castillos\/palacio-imperial\/\" style=\"outline: none;\">Hofburg<\/a> , la antigua residencia imperial, fue una vez el hogar de la Biblioteca de la Corte Imperial. Fue construido entre 1723 y 1726 a instancias del emperador Carlos VI de los Habsburgo. Encarg\u00f3 al famoso arquitecto de la corte Johann Bernhard Fischer von Erlach que construyera la biblioteca.<\/p>\n<p>La imponente sala con una longitud de alrededor de 78 metros y una altura de casi 20 metros tambi\u00e9n est\u00e1 decorada con frescos en el techo del pintor de la corte Daniel Gran, que se completaron en 1730. Sin embargo, a diferencia de hoy, el ala era independiente.<\/p>\n<p>Una caracter\u00edstica especial en ese momento fue que el edificio de la biblioteca estaba expresamente destinado al uso p\u00fablico. Sin embargo, la biblioteca inicialmente solo era accesible para los acad\u00e9micos. Reci\u00e9n en 1860 estuvo tambi\u00e9n disponible para el p\u00fablico en general.<\/p>\n<p>Con el fin de la monarqu\u00eda, la biblioteca pas\u00f3 a ser propiedad se\u00f1orial en 1919. La biblioteca nacional se convirti\u00f3 en la biblioteca de la corte.<\/p>\n<h2 id=\"t-1669966691009\">Contacto<\/h2>\n<ul>\n<li><strong>Direcci\u00f3n:<\/strong> Josefsplatz 1, 1010 Viena<\/li>\n<li><strong>Metro:<\/strong> U1 Stephansplatz, U2 Museumsquartier, U3 Herrengasse<\/li>\n<li><strong>Horario de apertura:<\/strong> Puede encontrar los horarios de apertura actuales del State Hall <a href=\"https:\/\/www.onb.ac.at\/besucherinfo\/oeffnungszeiten\/museen\" rel=\"noopener\" target=\"_blank\">aqu\u00ed<\/a> .<\/li>\n<\/ul>\n","protected":false},"excerpt":{"rendered":"<p>La sala estatal barroca de la Biblioteca Nacional de Austria en el Hofburg no solo es la biblioteca barroca m\u00e1s grande de Europa, sino tambi\u00e9n una de las bibliotecas hist\u00f3ricas m\u00e1s bellas del mundo. La antigua biblioteca de la corte imperial del siglo XVIII fue encargada por el emperador Carlos VI. construido como un ala [&hellip;]<\/p>\n","protected":false},"author":3,"featured_media":1809,"parent":1666,"menu_order":0,"comment_status":"closed","ping_status":"closed","template":"","meta":{"footnotes":""},"tags":[],"class_list":["post-923","page","type-page","status-publish","has-post-thumbnail","hentry","post-wrapper","thrv_wrapper"],"_links":{"self":[{"href":"https:\/\/viennatouristinformation.com\/es\/wp-json\/wp\/v2\/pages\/923","targetHints":{"allow":["GET"]}}],"collection":[{"href":"https:\/\/viennatouristinformation.com\/es\/wp-json\/wp\/v2\/pages"}],"about":[{"href":"https:\/\/viennatouristinformation.com\/es\/wp-json\/wp\/v2\/types\/page"}],"author":[{"embeddable":true,"href":"https:\/\/viennatouristinformation.com\/es\/wp-json\/wp\/v2\/users\/3"}],"replies":[{"embeddable":true,"href":"https:\/\/viennatouristinformation.com\/es\/wp-json\/wp\/v2\/comments?post=923"}],"version-history":[{"count":0,"href":"https:\/\/viennatouristinformation.com\/es\/wp-json\/wp\/v2\/pages\/923\/revisions"}],"up":[{"embeddable":true,"href":"https:\/\/viennatouristinformation.com\/es\/wp-json\/wp\/v2\/pages\/1666"}],"wp:featuredmedia":[{"embeddable":true,"href":"https:\/\/viennatouristinformation.com\/es\/wp-json\/wp\/v2\/media\/1809"}],"wp:attachment":[{"href":"https:\/\/viennatouristinformation.com\/es\/wp-json\/wp\/v2\/media?parent=923"}],"wp:term":[{"taxonomy":"post_tag","embeddable":true,"href":"https:\/\/viennatouristinformation.com\/es\/wp-json\/wp\/v2\/tags?post=923"}],"curies":[{"name":"wp","href":"https:\/\/api.w.org\/{rel}","templated":true}]}}