{"id":928,"date":"2020-07-21T09:48:44","date_gmt":"2020-07-21T07:48:44","guid":{"rendered":"http:\/\/viennatouristinformation.com\/es\/?page_id=928"},"modified":"2023-06-06T15:24:13","modified_gmt":"2023-06-06T13:24:13","slug":"apartamentos-imperiales","status":"publish","type":"page","link":"https:\/\/viennatouristinformation.com\/es\/cosas-que-hacer\/castillos\/palacio-imperial\/apartamentos-imperiales\/","title":{"rendered":"Apartamentos Imperiales, Museo Sisi y Colecci\u00f3n de Plata"},"content":{"rendered":"<p>Los Apartamentos Imperiales, el Museo Sisi y la Colecci\u00f3n de Plata se encuentran en el Hofburg de Viena, que sirvi\u00f3 como residencia y centro de poder del Imperio de los Habsburgo durante 600 a\u00f1os.<\/p>\n<p>Las tres atracciones se encuentran entre los sitios m\u00e1s visitados de la historia de Austria, ya que ofrecen una visi\u00f3n especial del estilo de vida imperial y la vida cotidiana de la corte de los Habsburgo.<\/p>\n<p>Aqu\u00ed puede encontrar todo lo que necesita saber sobre los tres aspectos m\u00e1s destacados de la herencia imperial de Austria.<\/p>\n<h2 id=\"t-1686057216246\">Apartamentos Kaise<\/h2>\n<p><span><img decoding=\"async\" alt=\"Kaiserappartments in Vienna in Austria\" data-id=\"1817\" width=\"885\" data-init-width=\"1000\" height=\"667\" data-init-height=\"667\" title=\"Kaiserappartments in Vienna in Austria\" loading=\"lazy\" src=\"\/\/viennatouristinformation.com\/es\/wp-content\/uploads\/2020\/09\/Kaiserappartments.jpg\" data-width=\"885\" data-pin-media=\"https:\/\/viennatouristinformation.com\/es\/wp-content\/uploads\/2021\/01\/wien_pinterest_kaiserappartments_sisi_museum-2.jpg\" data-pin-description=\"Apartamentos imperiales y Museo Sisi - Vienna Tourist Information\" data-pin-url=\"https:\/\/viennatouristinformation.com\/es\/cosas-que-hacer\/castillos\/palacio-imperial\/apartamentos-imperiales\/?tve=true&amp;tcbf=a817c71e86\"><\/span><\/p>\n<p>De acuerdo con la tradici\u00f3n cortesana, a cada miembro de la familia imperial se le asign\u00f3 su propia habitaci\u00f3n, que se encontraba en una de las muchas alas de la residencia imperial de invierno.<\/p>\n<p>Hoy en d\u00eda, los antiguos apartamentos imperiales de la pen\u00faltima pareja imperial austr\u00edaca, Francisco Jos\u00e9 e Isabel, se pueden visitar en el ala de la Canciller\u00eda del Reich y en el Amalienburg del Hofburg.<\/p>\n<p>Los apartamentos imperiales, que han sido restaurados seg\u00fan modelos hist\u00f3ricos y amueblados fielmente al original, brindan a los visitantes una visi\u00f3n hist\u00f3ricamente aut\u00e9ntica de la atm\u00f3sfera privada del emperador Francisco Jos\u00e9 I y su esposa Elisabeth, tambi\u00e9n conocida como Sisi.<\/p>\n<p>Durante un recorrido por las 19 habitaciones imperiales, los visitantes pueden explorar las diferentes c\u00e1maras desde el Kaiserstiege hasta las salas de audiencia y estudio, las salas de estar y los dormitorios. Lo m\u00e1s destacado es el gimnasio y el ba\u00f1o de Sisi.<\/p>\n<h2 id=\"t-1686057216247\">Museo Sisi<\/h2>\n<p><span><img decoding=\"async\" alt=\"Sisi Museum in Vienna in Austria\" data-id=\"1818\" width=\"885\" data-init-width=\"1000\" height=\"667\" data-init-height=\"667\" title=\"Sisi Museum in Vienna in Austria\" loading=\"lazy\" src=\"\/\/viennatouristinformation.com\/es\/wp-content\/uploads\/2020\/09\/Sisi-Museum.jpg\" data-width=\"885\" data-pin-media=\"https:\/\/viennatouristinformation.com\/es\/wp-content\/uploads\/2021\/01\/wien_pinterest_kaiserappartments_sisi_museum-2.jpg\" data-pin-description=\"Apartamentos imperiales y Museo Sisi - Vienna Tourist Information\" data-pin-url=\"https:\/\/viennatouristinformation.com\/es\/cosas-que-hacer\/castillos\/palacio-imperial\/apartamentos-imperiales\/?tve=true&amp;tcbf=a817c71e86\"><\/span><\/p>\n<p>El Museo Sisi en los Apartamentos Imperiales est\u00e1 dedicado a la vida de la amada emperatriz. En medio del entorno de vida original, los visitantes pueden seguir los pasos de Sisi y echar un vistazo a numerosos objetos personales.<\/p>\n<p>En 400 m\u00b2, objetos originales e imitaciones hablan de su personalidad y de la vida real de la emperatriz Sisi, a menudo incomprendida.<\/p>\n<p>Comenzando con su tr\u00e1gica muerte, cada una de las seis salas ilumina c\u00f3mo surgi\u00f3 y pas\u00f3 a la historia el mito de Sisi. Alrededor de 300 objetos, que incluyen ropa, pinzas para el cabello, paraguas, abanicos, recetas de belleza y su botiqu\u00edn de primeros auxilios, brindan a los visitantes una visi\u00f3n emocional del mundo privado y oficial de Sisi.<\/p>\n<h2 id=\"t-1686057216248\">Colecci\u00f3n de plata<\/h2>\n<p><span><img decoding=\"async\" alt=\"Silberkammer in Vienna in Austria\" data-id=\"1819\" width=\"885\" data-init-width=\"1000\" height=\"667\" data-init-height=\"667\" title=\"Silberkammer in Vienna in Austria\" loading=\"lazy\" src=\"\/\/viennatouristinformation.com\/es\/wp-content\/uploads\/2020\/09\/Silberkammer.jpg\" data-width=\"885\" data-pin-media=\"https:\/\/viennatouristinformation.com\/es\/wp-content\/uploads\/2021\/01\/wien_pinterest_kaiserappartments_sisi_museum-2.jpg\" data-pin-description=\"Apartamentos imperiales y Museo Sisi - Vienna Tourist Information\" data-pin-url=\"https:\/\/viennatouristinformation.com\/es\/cosas-que-hacer\/castillos\/palacio-imperial\/apartamentos-imperiales\/?tve=true&amp;tcbf=a817c71e86\"><\/span><\/p>\n<p>En la colecci\u00f3n de plata del ala de la Canciller\u00eda del Reich, los visitantes pueden admirar magn\u00edficas piezas de vajilla imperial. Aproximadamente 7.000 de los 150.000 objetos se presentan en el \u00e1rea de 1.300 m\u00b2.<\/p>\n<p>La colecci\u00f3n consta de exquisita mesa de la corte plateada, porcelana preciosa, copas de cristal, magn\u00edficos centros de mesa, utensilios de cocina sencillos, utensilios para hornear y la manteler\u00eda de la cocina de la corte. Muchas de las exhibiciones estaban en uso durante la monarqu\u00eda de los Habsburgo. La colecci\u00f3n procede de las existencias de la antigua c\u00e1mara de plater\u00eda y mesa de la corte.<\/p>\n<p>Durante su recorrido, no solo obtendr\u00e1 una idea de la cultura gastron\u00f3mica, sino tambi\u00e9n de las ceremonias de la corte de la Casa de Habsburgo y la decoraci\u00f3n de la mesa.<\/p>\n<p><span><img decoding=\"async\" alt=\"Preis Eintritt, Tickets and F\u00fchrungen\" data-id=\"1820\" width=\"885\" data-init-width=\"1000\" height=\"667\" data-init-height=\"667\" title=\"Preis Eintritt, Tickets and F\u00fchrungen\" loading=\"lazy\" src=\"\/\/viennatouristinformation.com\/es\/wp-content\/uploads\/2020\/09\/Preis-Eintritt-Tickets-and-F\u00fchrungen.jpg\" data-width=\"885\" data-pin-media=\"https:\/\/viennatouristinformation.com\/es\/wp-content\/uploads\/2021\/01\/wien_pinterest_kaiserappartments_sisi_museum-2.jpg\" data-pin-description=\"Apartamentos imperiales y Museo Sisi - Vienna Tourist Information\" data-pin-url=\"https:\/\/viennatouristinformation.com\/es\/cosas-que-hacer\/castillos\/palacio-imperial\/apartamentos-imperiales\/?tve=true&amp;tcbf=a817c71e86\"><\/span><\/p>\n<h2 id=\"t-1686057216249\">Precio: Entrada, entradas y visitas guiadas<\/h2>\n<ul>\n<li>Entrada: Los adultos pagan 15 \u20ac para entrar en el Museo Sisi, los Apartamentos Imperiales y la Colecci\u00f3n de Plata. Los ni\u00f1os y j\u00f3venes de 6 a 18 a\u00f1os pagan 9 \u20ac. El billete es v\u00e1lido para las tres zonas. Tambi\u00e9n se incluye en el precio una audiogu\u00eda gratuita en 13 idiomas.<\/li>\n<li>Sisi Ticket: entrada a tres atracciones en Viena: <a href=\"https:\/\/viennatouristinformation.com\/es\/cosas-que-hacer\/castillos\/schoenbrunn\/\" style=\"outline: none;\">el Palacio de Sch\u00f6nbrunn<\/a> , el Museo Sisi, los Apartamentos Imperiales y la Colecci\u00f3n de Plata en el Hofburg y la Colecci\u00f3n Imperial de Muebles y Museo de Muebles de Viena.<\/li>\n<li>Pase de grupo de Sch\u00f6nbrunn: con este boleto, <strong>&nbsp;<\/strong>se pueden visitar todos los aspectos imperiales m\u00e1s destacados del Grupo de Sch\u00f6nbrunn. Incluye el <strong>&nbsp;<\/strong>Palacio de Sch\u00f6nbrunn, el Museo Sisi, el Museo del Mueble de Viena y el Palacio Hof. Puedes encontrar m\u00e1s informaci\u00f3n sobre las entradas en la <a href=\"https:\/\/www.hofburg-wien.at\/unsere-preise-fuehrungen\/preise\/\" rel=\"noopener\" target=\"_blank\" style=\"outline: none;\">web<\/a> del Hofburg .<\/li>\n<li>Visitas guiadas: los visitantes interesados pueden profundizar en la historia de los Habsburgo en un recorrido por el Museo Sisi y los Apartamentos Imperiales. Se ofrecen visitas guiadas todos los d\u00edas en alem\u00e1n e ingl\u00e9s. El precio de la entrada con visita guiada incluida es de 18\u20ac para adultos. Puede encontrar una descripci\u00f3n general de los recorridos <a href=\"https:\/\/www.hofburg-wien.at\/unsere-preise-fuehrungen\/fuehrungen\/\" rel=\"noopener\" target=\"_blank\" style=\"outline: none;\">aqu\u00ed<\/a> .<\/li>\n<\/ul>\n<p><span><img decoding=\"async\" alt=\"Mehr Sehensw\u00fcrdigkeiten in der Hofburg\" data-id=\"1821\" width=\"885\" data-init-width=\"1000\" height=\"667\" data-init-height=\"667\" title=\"Mehr Sehensw\u00fcrdigkeiten in der Hofburg\" loading=\"lazy\" src=\"\/\/viennatouristinformation.com\/es\/wp-content\/uploads\/2020\/09\/Mehr-Sehensw\u00fcrdigkeiten-in-der-Hofburg.jpg\" data-width=\"885\" data-pin-media=\"https:\/\/viennatouristinformation.com\/es\/wp-content\/uploads\/2021\/01\/wien_pinterest_kaiserappartments_sisi_museum-2.jpg\" data-pin-description=\"Apartamentos imperiales y Museo Sisi - Vienna Tourist Information\" data-pin-url=\"https:\/\/viennatouristinformation.com\/es\/cosas-que-hacer\/castillos\/palacio-imperial\/apartamentos-imperiales\/?tve=true&amp;tcbf=a817c71e86\"><\/span><\/p>\n<h2 id=\"t-1686057216250\">M\u00e1s lugares de inter\u00e9s en el Hofburg<\/h2>\n<ul>\n<li><a href=\"https:\/\/viennatouristinformation.com\/es\/cosas-que-hacer\/castillos\/palacio-imperial\/sala-de-estado-de-la-biblioteca-nacional\/\" style=\"outline: none;\">Sal\u00f3n de Estado de la Biblioteca Nacional de Austria<\/a><\/li>\n<li><a href=\"https:\/\/viennatouristinformation.com\/es\/cosas-que-hacer\/castillos\/palacio-imperial\/escuela-espanola-de-equitacion\/\" style=\"outline: none;\">Escuela Espa\u00f1ola de Equitaci\u00f3n<\/a><\/li>\n<li><a href=\"https:\/\/viennatouristinformation.com\/es\/cosas-que-hacer\/castillos\/palacio-imperial\/tesoro-imperial-de-viena\/\" style=\"outline: none;\">Tesoro Imperial<\/a><\/li>\n<li><a href=\"https:\/\/viennatouristinformation.com\/es\/cosas-que-hacer\/castillos\/palacio-imperial\/museo-del-mundo\/\" style=\"outline: none;\">Museo del Mundo de Viena<\/a><\/li>\n<li>Museo de Papiros de la Biblioteca Nacional de Austria<\/li>\n<li>Museo de \u00c9feso<\/li>\n<li>Caza y armer\u00eda de la corte de Viena<\/li>\n<li>Colecci\u00f3n de instrumentos musicales antiguos.<\/li>\n<li>casa de mariposas<\/li>\n<li>Burggarten<\/li>\n<li>Jard\u00edn publico<\/li>\n<li>Canciller\u00eda del presidente de Austria (sede del presidente federal)<\/li>\n<li>Canciller\u00eda Federal<\/li>\n<\/ul>\n<h2 id=\"t-1686057216251\">Historia<\/h2>\n<p><span><img decoding=\"async\" alt=\"Geschichte in Vienna in Austria\" data-id=\"1822\" width=\"885\" data-init-width=\"1000\" height=\"667\" data-init-height=\"667\" title=\"Geschichte in Vienna in Austria\" loading=\"lazy\" src=\"\/\/viennatouristinformation.com\/es\/wp-content\/uploads\/2020\/09\/Geschichte-1.jpg\" data-width=\"885\" data-pin-media=\"https:\/\/viennatouristinformation.com\/es\/wp-content\/uploads\/2021\/01\/wien_pinterest_kaiserappartments_sisi_museum-2.jpg\" data-pin-description=\"Apartamentos imperiales y Museo Sisi - Vienna Tourist Information\" data-pin-url=\"https:\/\/viennatouristinformation.com\/es\/cosas-que-hacer\/castillos\/palacio-imperial\/apartamentos-imperiales\/?tve=true&amp;tcbf=a817c71e86\"><\/span><\/p>\n<p>El Hofburg de Viena en el coraz\u00f3n de la ciudad fue la principal residencia imperial y de invierno de la dinast\u00eda de los Habsburgo desde el siglo XIII hasta el final de la monarqu\u00eda en 1918. Durante siglos fue el centro de poder de los Habsburgo y sigue siendo el centro pol\u00edtico de Austria.<\/p>\n<p>A lo largo de los siglos, el complejo inicial del castillo del siglo XIII se ha ido ampliando constantemente. A cada emperador se le a\u00f1adi\u00f3 un ala o ala, que debe su aspecto actual al imponente complejo de edificios, que ahora cuenta con 18 alas, 19 patios y 2.600 habitaciones.<\/p>\n<p>Desde el final de la monarqu\u00eda en 1918, el Hofburg ha sido propiedad de la Rep\u00fablica de Austria. La casa de la corte tambi\u00e9n se disolvi\u00f3 y pas\u00f3 a ser propiedad de la Rep\u00fablica de Austria. Una parte de la antigua colecci\u00f3n de la corte y la plater\u00eda se muestra en una colecci\u00f3n de museo que est\u00e1 abierta al p\u00fablico desde 1923 en las antiguas oficinas de la colecci\u00f3n de plata. Desde el 1 de abril de 1995, el Museo Silberkammer presenta la cultura gastron\u00f3mica cortesana con sus glamurosos objetos cotidianos.<\/p>\n<p>Los Kaiserappartements reciben visitantes desde noviembre de 1994.<\/p>\n<p>Desde 2004, el Museo Sisi tambi\u00e9n ha abierto sus puertas al p\u00fablico.<\/p>\n<h2 id=\"t-1686057216252\">Contacto<\/h2>\n<ul>\n<li><strong>Direcci\u00f3n:<\/strong> Hofburg, Michaeler dome, 1010 Viena<\/li>\n<li><strong>Metro: &nbsp;<\/strong> U3 Herrengasse<\/li>\n<li><strong>Horario de apertura:<\/strong> El Museo Sisi, los Apartamentos Imperiales y la Colecci\u00f3n de Plata est\u00e1n abiertos todos los d\u00edas. Los horarios de apertura actuales se pueden encontrar <a href=\"https:\/\/www.hofburg-wien.at\/besucher-informationen\/oeffnungszeiten\/\" rel=\"noopener\" target=\"_blank\">aqu\u00ed<\/a> .<\/li>\n<\/ul>\n","protected":false},"excerpt":{"rendered":"<p>Los Apartamentos Imperiales, el Museo Sisi y la Colecci\u00f3n de Plata se encuentran en el Hofburg de Viena, que sirvi\u00f3 como residencia y centro de poder del Imperio de los Habsburgo durante 600 a\u00f1os. Las tres atracciones se encuentran entre los sitios m\u00e1s visitados de la historia de Austria, ya que ofrecen una visi\u00f3n especial [&hellip;]<\/p>\n","protected":false},"author":3,"featured_media":1816,"parent":1666,"menu_order":0,"comment_status":"open","ping_status":"closed","template":"","meta":{"footnotes":""},"tags":[],"class_list":["post-928","page","type-page","status-publish","has-post-thumbnail","hentry","post-wrapper","thrv_wrapper"],"_links":{"self":[{"href":"https:\/\/viennatouristinformation.com\/es\/wp-json\/wp\/v2\/pages\/928","targetHints":{"allow":["GET"]}}],"collection":[{"href":"https:\/\/viennatouristinformation.com\/es\/wp-json\/wp\/v2\/pages"}],"about":[{"href":"https:\/\/viennatouristinformation.com\/es\/wp-json\/wp\/v2\/types\/page"}],"author":[{"embeddable":true,"href":"https:\/\/viennatouristinformation.com\/es\/wp-json\/wp\/v2\/users\/3"}],"replies":[{"embeddable":true,"href":"https:\/\/viennatouristinformation.com\/es\/wp-json\/wp\/v2\/comments?post=928"}],"version-history":[{"count":0,"href":"https:\/\/viennatouristinformation.com\/es\/wp-json\/wp\/v2\/pages\/928\/revisions"}],"up":[{"embeddable":true,"href":"https:\/\/viennatouristinformation.com\/es\/wp-json\/wp\/v2\/pages\/1666"}],"wp:featuredmedia":[{"embeddable":true,"href":"https:\/\/viennatouristinformation.com\/es\/wp-json\/wp\/v2\/media\/1816"}],"wp:attachment":[{"href":"https:\/\/viennatouristinformation.com\/es\/wp-json\/wp\/v2\/media?parent=928"}],"wp:term":[{"taxonomy":"post_tag","embeddable":true,"href":"https:\/\/viennatouristinformation.com\/es\/wp-json\/wp\/v2\/tags?post=928"}],"curies":[{"name":"wp","href":"https:\/\/api.w.org\/{rel}","templated":true}]}}