{"id":111,"date":"2020-06-10T20:37:38","date_gmt":"2020-06-10T18:37:38","guid":{"rendered":"http:\/\/viennatouristinformation.com\/fr\/?page_id=111"},"modified":"2023-06-12T14:15:25","modified_gmt":"2023-06-12T12:15:25","slug":"organisez-votre-voyage-a-vienne","status":"publish","type":"page","link":"https:\/\/viennatouristinformation.com\/fr\/organisez-votre-voyage-a-vienne\/","title":{"rendered":"Organisez votre Voyage \u00e0 Vienne"},"content":{"rendered":"<h1 style=\"\">Organisez votre voyage \u00e0 Vienne<\/h1>\n<p>Lisez cette page pour bien <strong>organisez votre voyage \u00e0 Vienne<\/strong>. D\u00e9couvrez des quartiers centraux, des sites touristiques, des conseils de voyage g\u00e9n\u00e9raux et des questions les plus importantes avant d&rsquo;arriver. &nbsp;<\/p>\n<h2 style=\"text-align: center;\" id=\"t-1601911056482\">Comment se rendre \u00e0 Vienne ?<\/h2>\n<p style=\"text-align: center;\">Train, Bus, Voiture et Avion<\/p>\n<h3 style=\"\" id=\"t-1601911056457\"><span data-attr-css=\"tve-u-172a53df671\" data-attr-link=\"1\" data-attr-rel=\"0\" data-attr-target=\"0\" data-extra_key=\"\" data-option-inline=\"1\" data-shortcode=\"tcb_post_title\" data-shortcode-name=\"Post title\" data-attr-static-link=\"{&quot;className&quot;:&quot;&quot;,&quot;href&quot;:&quot;https:\/\/viennatouristinformation.com\/fr\/organisez-votre-voyage-a-vienne\/arrivee\/&quot;,&quot;title&quot;:&quot;Arriv\u00e9e \u00e0 Vienne&quot;,&quot;data-css&quot;:&quot;tve-u-172a53df671&quot;,&quot;class&quot;:&quot;&quot;}\" style=\"\"><a href=\"https:\/\/viennatouristinformation.com\/fr\/organisez-votre-voyage-a-vienne\/arrivee\/\" title=\"Arriv\u00e9e \u00e0 Vienne\">Arriv\u00e9e \u00e0 Vienne<\/a><\/span><\/h3>\n<p><a href=\"https:\/\/viennatouristinformation.com\/fr\/organisez-votre-voyage-a-vienne\/arrivee\/station-de-bus-vib\/\" dynamic-postlink=\"tcb_post_the_permalink\" data-shortcode-id=\"167\"><\/a><\/p>\n<h3 style=\"text-align: center; padding-top: 0px !important; margin-top: 0px !important;\" id=\"t-1601911056458\"><span data-attr-link=\"1\" data-attr-rel=\"0\" data-attr-target=\"0\" data-extra_key=\"\" data-option-inline=\"1\" data-shortcode=\"tcb_post_title\" data-shortcode-name=\"Post title\" data-attr-css=\"\" data-attr-static-link=\"{&quot;className&quot;:&quot;&quot;,&quot;href&quot;:&quot;https:\/\/viennatouristinformation.com\/fr\/organisez-votre-voyage-a-vienne\/arrivee\/station-de-bus-vib\/&quot;,&quot;title&quot;:&quot;Gare routi\u00e8re de Vienne&nbsp;: VIB Gare routi\u00e8re internationale de Vienne&quot;,&quot;class&quot;:&quot;&quot;}\"><a href=\"https:\/\/viennatouristinformation.com\/fr\/organisez-votre-voyage-a-vienne\/arrivee\/station-de-bus-vib\/\" title=\"Gare routi\u00e8re de Vienne&nbsp;: VIB Gare routi\u00e8re internationale de Vienne\" data-css=\"\">Gare routi\u00e8re de Vienne&nbsp;: VIB Gare routi\u00e8re internationale de Vienne<\/a><\/span><\/h3>\n<p><a href=\"https:\/\/viennatouristinformation.com\/fr\/organisez-votre-voyage-a-vienne\/arrivee\/station-de-bus-vib\/\" style=\"\"><span style=\"\"><span style=\"\"><strong>Lire plus&#8230;<\/strong><\/span><\/span><\/a><a href=\"https:\/\/viennatouristinformation.com\/fr\/organisez-votre-voyage-a-vienne\/arrivee\/aeroport-schwechat\/\" dynamic-postlink=\"tcb_post_the_permalink\" data-shortcode-id=\"167\"><\/a><\/p>\n<h3 style=\"text-align: center; padding-top: 0px !important; margin-top: 0px !important;\" id=\"t-1601911056458\"><span data-attr-link=\"1\" data-attr-rel=\"0\" data-attr-target=\"0\" data-extra_key=\"\" data-option-inline=\"1\" data-shortcode=\"tcb_post_title\" data-shortcode-name=\"Post title\" data-attr-css=\"\" data-attr-static-link=\"{&quot;className&quot;:&quot;&quot;,&quot;href&quot;:&quot;https:\/\/viennatouristinformation.com\/fr\/organisez-votre-voyage-a-vienne\/arrivee\/station-de-bus-vib\/&quot;,&quot;title&quot;:&quot;Gare routi\u00e8re de Vienne&nbsp;: VIB Gare routi\u00e8re internationale de Vienne&quot;,&quot;class&quot;:&quot;&quot;}\"><a href=\"https:\/\/viennatouristinformation.com\/fr\/organisez-votre-voyage-a-vienne\/arrivee\/aeroport-schwechat\/\" title=\"Guide de l\u2019A\u00e9roport de Vienne Schwechat\" data-css=\"\">Guide de l\u2019A\u00e9roport de Vienne Schwechat<\/a><\/span><\/h3>\n<p><a href=\"https:\/\/viennatouristinformation.com\/fr\/organisez-votre-voyage-a-vienne\/arrivee\/aeroport-schwechat\/\" style=\"\"><span style=\"\"><span style=\"\"><strong>Lire plus&#8230;<\/strong><\/span><\/span><\/a><a href=\"https:\/\/viennatouristinformation.com\/fr\/organisez-votre-voyage-a-vienne\/arrivee\/gare-centrale\/\" dynamic-postlink=\"tcb_post_the_permalink\" data-shortcode-id=\"167\"><\/a><\/p>\n<h3 style=\"text-align: center; padding-top: 0px !important; margin-top: 0px !important;\" id=\"t-1601911056458\"><span data-attr-link=\"1\" data-attr-rel=\"0\" data-attr-target=\"0\" data-extra_key=\"\" data-option-inline=\"1\" data-shortcode=\"tcb_post_title\" data-shortcode-name=\"Post title\" data-attr-css=\"\" data-attr-static-link=\"{&quot;className&quot;:&quot;&quot;,&quot;href&quot;:&quot;https:\/\/viennatouristinformation.com\/fr\/organisez-votre-voyage-a-vienne\/arrivee\/station-de-bus-vib\/&quot;,&quot;title&quot;:&quot;Gare routi\u00e8re de Vienne&nbsp;: VIB Gare routi\u00e8re internationale de Vienne&quot;,&quot;class&quot;:&quot;&quot;}\"><a href=\"https:\/\/viennatouristinformation.com\/fr\/organisez-votre-voyage-a-vienne\/arrivee\/gare-centrale\/\" title=\"Guide de la Gare Centrale de Vienne\" data-css=\"\">Guide de la Gare Centrale de Vienne<\/a><\/span><\/h3>\n<p><a href=\"https:\/\/viennatouristinformation.com\/fr\/organisez-votre-voyage-a-vienne\/arrivee\/gare-centrale\/\" style=\"\"><span style=\"\"><span style=\"\"><strong>Lire plus&#8230;<\/strong><\/span><\/span><\/a><a href=\"https:\/\/viennatouristinformation.com\/fr\/organisez-votre-voyage-a-vienne\/arrivee\/parc-relais\/\" dynamic-postlink=\"tcb_post_the_permalink\" data-shortcode-id=\"167\"><\/a><\/p>\n<h3 style=\"text-align: center; padding-top: 0px !important; margin-top: 0px !important;\" id=\"t-1601911056458\"><span data-attr-link=\"1\" data-attr-rel=\"0\" data-attr-target=\"0\" data-extra_key=\"\" data-option-inline=\"1\" data-shortcode=\"tcb_post_title\" data-shortcode-name=\"Post title\" data-attr-css=\"\" data-attr-static-link=\"{&quot;className&quot;:&quot;&quot;,&quot;href&quot;:&quot;https:\/\/viennatouristinformation.com\/fr\/organisez-votre-voyage-a-vienne\/arrivee\/station-de-bus-vib\/&quot;,&quot;title&quot;:&quot;Gare routi\u00e8re de Vienne&nbsp;: VIB Gare routi\u00e8re internationale de Vienne&quot;,&quot;class&quot;:&quot;&quot;}\"><a href=\"https:\/\/viennatouristinformation.com\/fr\/organisez-votre-voyage-a-vienne\/arrivee\/parc-relais\/\" title=\"Parc Relais \u00e0 Vienne (Stationnement)\" data-css=\"\">Parc Relais \u00e0 Vienne (Stationnement)<\/a><\/span><\/h3>\n<p><a href=\"https:\/\/viennatouristinformation.com\/fr\/organisez-votre-voyage-a-vienne\/arrivee\/parc-relais\/\" style=\"\"><span style=\"\"><span style=\"\"><strong>Lire plus&#8230;<\/strong><\/span><\/span><\/a><a href=\"https:\/\/viennatouristinformation.com\/fr\/organisez-votre-voyage-a-vienne\/arrivee\/parking\/\" dynamic-postlink=\"tcb_post_the_permalink\" data-shortcode-id=\"167\"><\/a><\/p>\n<h3 style=\"text-align: center; padding-top: 0px !important; margin-top: 0px !important;\" id=\"t-1601911056458\"><span data-attr-link=\"1\" data-attr-rel=\"0\" data-attr-target=\"0\" data-extra_key=\"\" data-option-inline=\"1\" data-shortcode=\"tcb_post_title\" data-shortcode-name=\"Post title\" data-attr-css=\"\" data-attr-static-link=\"{&quot;className&quot;:&quot;&quot;,&quot;href&quot;:&quot;https:\/\/viennatouristinformation.com\/fr\/organisez-votre-voyage-a-vienne\/arrivee\/station-de-bus-vib\/&quot;,&quot;title&quot;:&quot;Gare routi\u00e8re de Vienne&nbsp;: VIB Gare routi\u00e8re internationale de Vienne&quot;,&quot;class&quot;:&quot;&quot;}\"><a href=\"https:\/\/viennatouristinformation.com\/fr\/organisez-votre-voyage-a-vienne\/arrivee\/parking\/\" title=\"Stationnement \u00e0 Vienne\" data-css=\"\">Stationnement \u00e0 Vienne<\/a><\/span><\/h3>\n<p><a href=\"https:\/\/viennatouristinformation.com\/fr\/organisez-votre-voyage-a-vienne\/arrivee\/parking\/\" style=\"\"><span style=\"\"><span style=\"\"><strong>Lire plus&#8230;<\/strong><\/span><\/span><\/a><a href=\"https:\/\/viennatouristinformation.com\/fr\/organisez-votre-voyage-a-vienne\/arrivee\/taxi\/\" dynamic-postlink=\"tcb_post_the_permalink\" data-shortcode-id=\"167\"><\/a><\/p>\n<h3 style=\"text-align: center; padding-top: 0px !important; margin-top: 0px !important;\" id=\"t-1601911056458\"><span data-attr-link=\"1\" data-attr-rel=\"0\" data-attr-target=\"0\" data-extra_key=\"\" data-option-inline=\"1\" data-shortcode=\"tcb_post_title\" data-shortcode-name=\"Post title\" data-attr-css=\"\" data-attr-static-link=\"{&quot;className&quot;:&quot;&quot;,&quot;href&quot;:&quot;https:\/\/viennatouristinformation.com\/fr\/organisez-votre-voyage-a-vienne\/arrivee\/station-de-bus-vib\/&quot;,&quot;title&quot;:&quot;Gare routi\u00e8re de Vienne&nbsp;: VIB Gare routi\u00e8re internationale de Vienne&quot;,&quot;class&quot;:&quot;&quot;}\"><a href=\"https:\/\/viennatouristinformation.com\/fr\/organisez-votre-voyage-a-vienne\/arrivee\/taxi\/\" title=\"Tout sur le taxi \u00e0 Vienne : tarifs, num\u00e9ros et FAQ\" data-css=\"\">Tout sur le taxi \u00e0 Vienne : tarifs, num\u00e9ros et FAQ<\/a><\/span><\/h3>\n<p><a href=\"https:\/\/viennatouristinformation.com\/fr\/organisez-votre-voyage-a-vienne\/arrivee\/taxi\/\" style=\"\"><span style=\"\"><span style=\"\"><strong>Lire plus&#8230;<\/strong><\/span><\/span><\/a><a href=\"javascript:void(0)\" style=\"\"><span style=\"\"><span style=\"\">Load More<\/span><\/span><\/a><\/p>\n<h2 id=\"t-1601911056464\" style=\"\">Visitez Vienne avec un Guide Mobile<\/h2>\n<p>L&rsquo;application de guide audio Your Mobile Guide vous propose plus de 100 sites touristiques, des visites guid\u00e9es et des billets coupe-file \u00e0 prix attractifs.<\/p>\n<h2 style=\"text-align: center;\" id=\"t-1601911056483\">O\u00f9 se loger \u00e0 Vienne?<\/h2>\n<p style=\"text-align: center;\">Quartiers, H\u00f4tels, Appartements et plus&#8230;<\/p>\n<p style=\"padding: 0px !important; margin: 0px !important; text-align: center;\">1,9&nbsp;<\/p>\n<p style=\"padding: 0px !important; margin: 0px !important; text-align: center;\">des millions de visiteurs<\/p>\n<p style=\"padding: 0px !important; margin: 0px !important; line-height: 1.4em !important; text-align: center;\">23<\/p>\n<p style=\"padding: 0px !important; margin: 0px !important; text-align: center;\">les quartiers<\/p>\n<p style=\"padding: 0px !important; margin: 0px !important; line-height: 1.4em !important; text-align: center;\">3.700+<\/p>\n<p style=\"padding: 0px !important; margin: 0px !important; text-align: center;\">h\u00e9bergements<\/p>\n<h3 style=\"\" id=\"t-1601911056465\"><span data-attr-css=\"tve-u-172a53ab909\" data-attr-link=\"1\" data-attr-rel=\"0\" data-attr-target=\"0\" data-extra_key=\"\" data-option-inline=\"1\" data-shortcode=\"tcb_post_title\" data-shortcode-name=\"Post title\" data-attr-static-link=\"{&quot;className&quot;:&quot;&quot;,&quot;href&quot;:&quot;https:\/\/viennatouristinformation.com\/fr\/hotels\/&quot;,&quot;title&quot;:&quot;H\u00f4tels Recommand\u00e9s \u00e0 Vienne&quot;,&quot;data-css&quot;:&quot;tve-u-172a53ab909&quot;,&quot;class&quot;:&quot;&quot;}\" style=\"\"><a href=\"https:\/\/viennatouristinformation.com\/fr\/hotels\/\" title=\"H\u00f4tels Recommand\u00e9s \u00e0 Vienne\">H\u00f4tels Recommand\u00e9s \u00e0 Vienne<\/a><\/span><\/h3>\n<p><a href=\"https:\/\/viennatouristinformation.com\/fr\/hotels\/5-etoiles\/\" dynamic-postlink=\"tcb_post_the_permalink\" data-shortcode-id=\"890\"><\/a><\/p>\n<h3 style=\"text-align: center; padding-top: 0px !important; margin-top: 0px !important;\" id=\"t-1601911056466\"><span data-attr-link=\"1\" data-attr-rel=\"0\" data-attr-target=\"0\" data-extra_key=\"\" data-option-inline=\"1\" data-shortcode=\"tcb_post_title\" data-shortcode-name=\"Post title\" data-attr-css=\"\" data-attr-static-link=\"{&quot;className&quot;:&quot;&quot;,&quot;href&quot;:&quot;https:\/\/viennatouristinformation.com\/fr\/hotels\/5-etoiles\/&quot;,&quot;title&quot;:&quot;21 Meilleurs H\u00f4tels 5 \u00c9toiles \u00e0 Vienne&quot;,&quot;class&quot;:&quot;&quot;}\"><a href=\"https:\/\/viennatouristinformation.com\/fr\/hotels\/5-etoiles\/\" title=\"21 Meilleurs H\u00f4tels 5 \u00c9toiles \u00e0 Vienne\" data-css=\"\">21 Meilleurs H\u00f4tels 5 \u00c9toiles \u00e0 Vienne<\/a><\/span><\/h3>\n<p><a href=\"https:\/\/viennatouristinformation.com\/fr\/hotels\/5-etoiles\/\" style=\"\"><span style=\"\"><span style=\"\"><strong>Lire plus&#8230;<\/strong><\/span><\/span><\/a><a href=\"https:\/\/viennatouristinformation.com\/fr\/hotels\/3-etoiles\/\" dynamic-postlink=\"tcb_post_the_permalink\" data-shortcode-id=\"890\"><\/a><\/p>\n<h3 style=\"text-align: center; padding-top: 0px !important; margin-top: 0px !important;\" id=\"t-1601911056466\"><span data-attr-link=\"1\" data-attr-rel=\"0\" data-attr-target=\"0\" data-extra_key=\"\" data-option-inline=\"1\" data-shortcode=\"tcb_post_title\" data-shortcode-name=\"Post title\" data-attr-css=\"\" data-attr-static-link=\"{&quot;className&quot;:&quot;&quot;,&quot;href&quot;:&quot;https:\/\/viennatouristinformation.com\/fr\/hotels\/5-etoiles\/&quot;,&quot;title&quot;:&quot;21 Meilleurs H\u00f4tels 5 \u00c9toiles \u00e0 Vienne&quot;,&quot;class&quot;:&quot;&quot;}\"><a href=\"https:\/\/viennatouristinformation.com\/fr\/hotels\/3-etoiles\/\" title=\"22 Meilleurs H\u00f4tels 3 \u00c9toiles \u00e0 Vienne\" data-css=\"\">22 Meilleurs H\u00f4tels 3 \u00c9toiles \u00e0 Vienne<\/a><\/span><\/h3>\n<p><a href=\"https:\/\/viennatouristinformation.com\/fr\/hotels\/3-etoiles\/\" style=\"\"><span style=\"\"><span style=\"\"><strong>Lire plus&#8230;<\/strong><\/span><\/span><\/a><a href=\"https:\/\/viennatouristinformation.com\/fr\/hotels\/4-etoiles\/\" dynamic-postlink=\"tcb_post_the_permalink\" data-shortcode-id=\"890\"><\/a><\/p>\n<h3 style=\"text-align: center; padding-top: 0px !important; margin-top: 0px !important;\" id=\"t-1601911056466\"><span data-attr-link=\"1\" data-attr-rel=\"0\" data-attr-target=\"0\" data-extra_key=\"\" data-option-inline=\"1\" data-shortcode=\"tcb_post_title\" data-shortcode-name=\"Post title\" data-attr-css=\"\" data-attr-static-link=\"{&quot;className&quot;:&quot;&quot;,&quot;href&quot;:&quot;https:\/\/viennatouristinformation.com\/fr\/hotels\/5-etoiles\/&quot;,&quot;title&quot;:&quot;21 Meilleurs H\u00f4tels 5 \u00c9toiles \u00e0 Vienne&quot;,&quot;class&quot;:&quot;&quot;}\"><a href=\"https:\/\/viennatouristinformation.com\/fr\/hotels\/4-etoiles\/\" title=\"28 Meilleurs H\u00f4tels 4 \u00c9toiles \u00e0 Vienne\" data-css=\"\">28 Meilleurs H\u00f4tels 4 \u00c9toiles \u00e0 Vienne<\/a><\/span><\/h3>\n<p><a href=\"https:\/\/viennatouristinformation.com\/fr\/hotels\/4-etoiles\/\" style=\"\"><span style=\"\"><span style=\"\"><strong>Lire plus&#8230;<\/strong><\/span><\/span><\/a><a href=\"javascript:void(0)\" style=\"\"><span style=\"\"><span style=\"\">Load More<\/span><\/span><\/a><\/p>\n<h3 style=\"\" id=\"t-1601911056469\"><span style=\"\">Organiser vos Voyages de Groupe : Service M.I.C.E<\/span><\/h3>\n<p>Notre programme de soutien aux voyages de groupe \u00e0 Vienne est \u00e0 votre service avec une assistance 24h\/24.&nbsp;<\/p>\n<h2 style=\"text-align: center;\" id=\"t-1601911056484\">Que faire \u00e0 Vienne ?<\/h2>\n<p style=\"text-align: center;\">Les mus\u00e9es, sites et attractions&#8230;<\/p>\n<h3 style=\"\" id=\"t-1601911056470\"><span data-attr-css=\"tve-u-172a5436fb6\" data-attr-link=\"1\" data-attr-rel=\"0\" data-attr-target=\"0\" data-extra_key=\"\" data-option-inline=\"1\" data-shortcode=\"tcb_post_title\" data-shortcode-name=\"Post title\" data-attr-static-link=\"{&quot;className&quot;:&quot;&quot;,&quot;href&quot;:&quot;https:\/\/viennatouristinformation.com\/fr\/choses-a-faire\/&quot;,&quot;title&quot;:&quot;100 Choses \u00e0 Faire \u00e0 Vienne : Palaces, Mus\u00e9es, Concerts\u2026&quot;,&quot;data-css&quot;:&quot;tve-u-172a5436fb6&quot;,&quot;class&quot;:&quot;&quot;}\"><a href=\"https:\/\/viennatouristinformation.com\/fr\/choses-a-faire\/\" title=\"100 Choses \u00e0 Faire \u00e0 Vienne : Palaces, Mus\u00e9es, Concerts\u2026\">100 Choses \u00e0 Faire \u00e0 Vienne : Palaces, Mus\u00e9es, Concerts\u2026<\/a><\/span><\/h3>\n<p><a href=\"https:\/\/viennatouristinformation.com\/fr\/choses-a-faire\/vues-panoramiques\/\" dynamic-postlink=\"tcb_post_the_permalink\" data-shortcode-id=\"1253\"><\/a><\/p>\n<h3 style=\"text-align: center; padding-top: 0px !important; margin-top: 0px !important;\" id=\"t-1601911056471\"><span data-attr-link=\"1\" data-attr-rel=\"0\" data-attr-target=\"0\" data-extra_key=\"\" data-option-inline=\"1\" data-shortcode=\"tcb_post_title\" data-shortcode-name=\"Post title\" data-attr-css=\"\" data-attr-static-link=\"{&quot;className&quot;:&quot;&quot;,&quot;href&quot;:&quot;https:\/\/viennatouristinformation.com\/fr\/choses-a-faire\/vues-panoramiques\/&quot;,&quot;title&quot;:&quot;10 Meilleures Vues Panoramiques \u00e0 Vienne&quot;,&quot;class&quot;:&quot;&quot;}\"><a href=\"https:\/\/viennatouristinformation.com\/fr\/choses-a-faire\/vues-panoramiques\/\" title=\"10 Meilleures Vues Panoramiques \u00e0 Vienne\" data-css=\"\">10 Meilleures Vues Panoramiques \u00e0 Vienne<\/a><\/span><\/h3>\n<p><a href=\"https:\/\/viennatouristinformation.com\/fr\/choses-a-faire\/vues-panoramiques\/\" style=\"\"><span style=\"\"><span style=\"\"><strong>Lire plus&#8230;<\/strong><\/span><\/span><\/a><a href=\"https:\/\/viennatouristinformation.com\/fr\/choses-a-faire\/chateaux\/\" dynamic-postlink=\"tcb_post_the_permalink\" data-shortcode-id=\"1253\"><\/a><\/p>\n<h3 style=\"text-align: center; padding-top: 0px !important; margin-top: 0px !important;\" id=\"t-1601911056471\"><span data-attr-link=\"1\" data-attr-rel=\"0\" data-attr-target=\"0\" data-extra_key=\"\" data-option-inline=\"1\" data-shortcode=\"tcb_post_title\" data-shortcode-name=\"Post title\" data-attr-css=\"\" data-attr-static-link=\"{&quot;className&quot;:&quot;&quot;,&quot;href&quot;:&quot;https:\/\/viennatouristinformation.com\/fr\/choses-a-faire\/vues-panoramiques\/&quot;,&quot;title&quot;:&quot;10 Meilleures Vues Panoramiques \u00e0 Vienne&quot;,&quot;class&quot;:&quot;&quot;}\"><a href=\"https:\/\/viennatouristinformation.com\/fr\/choses-a-faire\/chateaux\/\" title=\"10 Plus Beaux Ch\u00e2teaux de Vienne\" data-css=\"\">10 Plus Beaux Ch\u00e2teaux de Vienne<\/a><\/span><\/h3>\n<p><a href=\"https:\/\/viennatouristinformation.com\/fr\/choses-a-faire\/chateaux\/\" style=\"\"><span style=\"\"><span style=\"\"><strong>Lire plus&#8230;<\/strong><\/span><\/span><\/a><a href=\"https:\/\/viennatouristinformation.com\/fr\/choses-a-faire\/attractions\/\" dynamic-postlink=\"tcb_post_the_permalink\" data-shortcode-id=\"1253\"><\/a><\/p>\n<h3 style=\"text-align: center; padding-top: 0px !important; margin-top: 0px !important;\" id=\"t-1601911056471\"><span data-attr-link=\"1\" data-attr-rel=\"0\" data-attr-target=\"0\" data-extra_key=\"\" data-option-inline=\"1\" data-shortcode=\"tcb_post_title\" data-shortcode-name=\"Post title\" data-attr-css=\"\" data-attr-static-link=\"{&quot;className&quot;:&quot;&quot;,&quot;href&quot;:&quot;https:\/\/viennatouristinformation.com\/fr\/choses-a-faire\/vues-panoramiques\/&quot;,&quot;title&quot;:&quot;10 Meilleures Vues Panoramiques \u00e0 Vienne&quot;,&quot;class&quot;:&quot;&quot;}\"><a href=\"https:\/\/viennatouristinformation.com\/fr\/choses-a-faire\/attractions\/\" title=\"20 Meilleures Attractions \u00e0 Vienne (+ Billets &amp; Map)\" data-css=\"\">20 Meilleures Attractions \u00e0 Vienne (+ Billets &amp; Map)<\/a><\/span><\/h3>\n<p><a href=\"https:\/\/viennatouristinformation.com\/fr\/choses-a-faire\/attractions\/\" style=\"\"><span style=\"\"><span style=\"\"><strong>Lire plus&#8230;<\/strong><\/span><\/span><\/a><a href=\"https:\/\/viennatouristinformation.com\/fr\/choses-a-faire\/avec-les-enfants\/\" dynamic-postlink=\"tcb_post_the_permalink\" data-shortcode-id=\"1253\"><\/a><\/p>\n<h3 style=\"text-align: center; padding-top: 0px !important; margin-top: 0px !important;\" id=\"t-1601911056471\"><span data-attr-link=\"1\" data-attr-rel=\"0\" data-attr-target=\"0\" data-extra_key=\"\" data-option-inline=\"1\" data-shortcode=\"tcb_post_title\" data-shortcode-name=\"Post title\" data-attr-css=\"\" data-attr-static-link=\"{&quot;className&quot;:&quot;&quot;,&quot;href&quot;:&quot;https:\/\/viennatouristinformation.com\/fr\/choses-a-faire\/vues-panoramiques\/&quot;,&quot;title&quot;:&quot;10 Meilleures Vues Panoramiques \u00e0 Vienne&quot;,&quot;class&quot;:&quot;&quot;}\"><a href=\"https:\/\/viennatouristinformation.com\/fr\/choses-a-faire\/avec-les-enfants\/\" title=\"25 Meilleures Choses \u00e0 Faire avec les Enfants \u00e0 Vienne\" data-css=\"\">25 Meilleures Choses \u00e0 Faire avec les Enfants \u00e0 Vienne<\/a><\/span><\/h3>\n<p><a href=\"https:\/\/viennatouristinformation.com\/fr\/choses-a-faire\/avec-les-enfants\/\" style=\"\"><span style=\"\"><span style=\"\"><strong>Lire plus&#8230;<\/strong><\/span><\/span><\/a><a href=\"https:\/\/viennatouristinformation.com\/fr\/choses-a-faire\/musee\/\" dynamic-postlink=\"tcb_post_the_permalink\" data-shortcode-id=\"1253\"><\/a><\/p>\n<h3 style=\"text-align: center; padding-top: 0px !important; margin-top: 0px !important;\" id=\"t-1601911056471\"><span data-attr-link=\"1\" data-attr-rel=\"0\" data-attr-target=\"0\" data-extra_key=\"\" data-option-inline=\"1\" data-shortcode=\"tcb_post_title\" data-shortcode-name=\"Post title\" data-attr-css=\"\" data-attr-static-link=\"{&quot;className&quot;:&quot;&quot;,&quot;href&quot;:&quot;https:\/\/viennatouristinformation.com\/fr\/choses-a-faire\/vues-panoramiques\/&quot;,&quot;title&quot;:&quot;10 Meilleures Vues Panoramiques \u00e0 Vienne&quot;,&quot;class&quot;:&quot;&quot;}\"><a href=\"https:\/\/viennatouristinformation.com\/fr\/choses-a-faire\/musee\/\" title=\"30 Meilleurs Mus\u00e9es \u00e0 Vienne (+ Infos &amp; Billets)\" data-css=\"\">30 Meilleurs Mus\u00e9es \u00e0 Vienne (+ Infos &amp; Billets)<\/a><\/span><\/h3>\n<p><a href=\"https:\/\/viennatouristinformation.com\/fr\/choses-a-faire\/musee\/\" style=\"\"><span style=\"\"><span style=\"\"><strong>Lire plus&#8230;<\/strong><\/span><\/span><\/a><a href=\"https:\/\/viennatouristinformation.com\/fr\/choses-a-faire\/sous-la-pluie\/\" dynamic-postlink=\"tcb_post_the_permalink\" data-shortcode-id=\"1253\"><\/a><\/p>\n<h3 style=\"text-align: center; padding-top: 0px !important; margin-top: 0px !important;\" id=\"t-1601911056471\"><span data-attr-link=\"1\" data-attr-rel=\"0\" data-attr-target=\"0\" data-extra_key=\"\" data-option-inline=\"1\" data-shortcode=\"tcb_post_title\" data-shortcode-name=\"Post title\" data-attr-css=\"\" data-attr-static-link=\"{&quot;className&quot;:&quot;&quot;,&quot;href&quot;:&quot;https:\/\/viennatouristinformation.com\/fr\/choses-a-faire\/vues-panoramiques\/&quot;,&quot;title&quot;:&quot;10 Meilleures Vues Panoramiques \u00e0 Vienne&quot;,&quot;class&quot;:&quot;&quot;}\"><a href=\"https:\/\/viennatouristinformation.com\/fr\/choses-a-faire\/sous-la-pluie\/\" title=\"Vienne sous la pluie : 25 activit\u00e9s par mauvais temps\" data-css=\"\">Vienne sous la pluie : 25 activit\u00e9s par mauvais temps<\/a><\/span><\/h3>\n<p><a href=\"https:\/\/viennatouristinformation.com\/fr\/choses-a-faire\/sous-la-pluie\/\" style=\"\"><span style=\"\"><span style=\"\"><strong>Lire plus&#8230;<\/strong><\/span><\/span><\/a><a href=\"javascript:void(0)\" style=\"\"><span style=\"\"><span style=\"\">Load More<\/span><\/span><\/a><\/p>\n<h3 style=\"\" id=\"t-1601911056477\"><span style=\"\">Billets en ligne<\/span><\/h3>\n","protected":false},"excerpt":{"rendered":"<p>Organisez votre voyage \u00e0 Vienne Lisez cette page pour bien organisez votre voyage \u00e0 Vienne. D\u00e9couvrez des quartiers centraux, des sites touristiques, des conseils de voyage g\u00e9n\u00e9raux et des questions les plus importantes avant d&rsquo;arriver. &nbsp; Comment se rendre \u00e0 Vienne ? Train, Bus, Voiture et Avion Arriv\u00e9e \u00e0 Vienne Gare routi\u00e8re de Vienne&nbsp;: VIB [&hellip;]<\/p>\n","protected":false},"author":17,"featured_media":3003,"parent":0,"menu_order":0,"comment_status":"closed","ping_status":"closed","template":"","meta":{"footnotes":""},"tags":[],"class_list":["post-111","page","type-page","status-publish","has-post-thumbnail","hentry","post-wrapper","thrv_wrapper"],"_links":{"self":[{"href":"https:\/\/viennatouristinformation.com\/fr\/wp-json\/wp\/v2\/pages\/111","targetHints":{"allow":["GET"]}}],"collection":[{"href":"https:\/\/viennatouristinformation.com\/fr\/wp-json\/wp\/v2\/pages"}],"about":[{"href":"https:\/\/viennatouristinformation.com\/fr\/wp-json\/wp\/v2\/types\/page"}],"author":[{"embeddable":true,"href":"https:\/\/viennatouristinformation.com\/fr\/wp-json\/wp\/v2\/users\/17"}],"replies":[{"embeddable":true,"href":"https:\/\/viennatouristinformation.com\/fr\/wp-json\/wp\/v2\/comments?post=111"}],"version-history":[{"count":0,"href":"https:\/\/viennatouristinformation.com\/fr\/wp-json\/wp\/v2\/pages\/111\/revisions"}],"wp:featuredmedia":[{"embeddable":true,"href":"https:\/\/viennatouristinformation.com\/fr\/wp-json\/wp\/v2\/media\/3003"}],"wp:attachment":[{"href":"https:\/\/viennatouristinformation.com\/fr\/wp-json\/wp\/v2\/media?parent=111"}],"wp:term":[{"taxonomy":"post_tag","embeddable":true,"href":"https:\/\/viennatouristinformation.com\/fr\/wp-json\/wp\/v2\/tags?post=111"}],"curies":[{"name":"wp","href":"https:\/\/api.w.org\/{rel}","templated":true}]}}